{"id":7034,"date":"2015-04-21T16:13:24","date_gmt":"2015-04-21T16:13:24","guid":{"rendered":"https:\/\/dlslawfirm.com\/abogados-de-colorado-especializados-en-lesiones-personales\/abogados-de-denver-especializados-en-responsabilidad-por-productos-defectuosos\/"},"modified":"2015-04-21T16:13:24","modified_gmt":"2015-04-21T16:13:24","slug":"abogados-de-denver-especializados-en-responsabilidad-por-productos-defectuosos","status":"publish","type":"page","link":"https:\/\/dlslawfirm.com\/es\/abogados-de-colorado-especializados-en-lesiones-personales\/abogados-de-denver-especializados-en-responsabilidad-por-productos-defectuosos\/","title":{"rendered":"Abogados de Denver especializados en responsabilidad por productos defectuosos"},"content":{"rendered":"<h2>Abogados de Denver especializados en productos defectuosos<\/h2>\n<p>Confiamos mucho en nuestros productos cotidianos. Confiamos en que los coches que conducimos, los aparatos de cocina que utilizamos y los juguetes con los que dejamos jugar a nuestros hijos son seguros. Pero, \u00bfqu\u00e9 ocurre cuando no son seguros? \u00bfQu\u00e9 ocurre cuando los productos en los que conf\u00edas realmente te lesionan a ti o a un miembro de tu familia?<\/p>\n<p>Las leyes de Colorado sobre responsabilidad por productos defectuosos te protegen a ti y a tu familia. Cuando un producto defectuoso te ha lesionado, mereces ser indemnizado por tus lesiones, gastos m\u00e9dicos, dolor y sufrimiento. Mereces que el fabricante del producto defectuoso se responsabilice de los da\u00f1os y perjuicios que te ha causado. Si te has lesionado a causa de un producto defectuoso, <a href=\"\/\/dlslawfirm.com\/abogados\/\">llama hoy mismo a nuestros abogados especializados en responsabilidad por productos<\/a> defectuosos <a href=\"\/\/dlslawfirm.com\/abogados\/\">de Denver, Colorado.<\/a><\/p>\n<h2>\u00bfC\u00f3mo s\u00e9 que fue un defecto del producto lo que caus\u00f3 mi lesi\u00f3n?<\/h2>\n<p>Esta es una pregunta que con demasiada frecuencia hace que la gente no coja el tel\u00e9fono y se ponga en contacto con un abogado de lesiones personales despu\u00e9s de haberse lesionado a causa de un producto defectuoso.<\/p>\n<p>No est\u00e1s seguro: \u00bfel producto era defectuoso o lo estaba utilizando incorrectamente? \u00bfHab\u00eda una etiqueta de advertencia? \u00bfQu\u00e9 caus\u00f3 realmente mi lesi\u00f3n? \u00bfEs culpa m\u00eda la lesi\u00f3n? No sabr\u00e1s la respuesta a estas preguntas a menos que solicites la atenci\u00f3n de un abogado experto en responsabilidad por productos defectuosos. Hagas lo que hagas, no asumas la culpa de tu lesi\u00f3n.<\/p>\n[cta_interior title=&#8221;CTA Interior&#8221;]\n<p>Puede que ni siquiera sospeches que fue un producto defectuoso el que caus\u00f3 tu lesi\u00f3n. Has tenido un accidente de coche -crees que t\u00fa lo has causado- pero en realidad tu coche tiene un error de fabricaci\u00f3n. Estabas incre\u00edblemente enfermo despu\u00e9s de cenar. Supones que se trata de una alergia desconocida, pero en realidad uno de los ingredientes ser\u00e1 retirado del mercado la semana siguiente. Te sorprender\u00edas; situaciones como \u00e9sta ocurren con bastante frecuencia. Es crucial que recurras a un abogado con experiencia en productos defectuosos.<\/p>\n<p>Esto puede resultar confuso. Es muy dif\u00edcil ordenar las emociones, especialmente en estas situaciones. No te sientas inseguro a la hora de llamarnos para que te ayudemos. No hay absolutamente nada malo en intentar encontrar la causa de tu dolor y sufrimiento. En todo caso, te proporcionar\u00e1 un cierre. Al fin y al cabo, lo que realmente queremos es que puedas seguir adelante con tu vida. Llama hoy mismo a nuestros abogados especializados en productos defectuosos y pregunta por Dianne Sawaya.<\/p>\n<h2>S\u00e9 consciente: Los errores ocurren<\/h2>\n<p>Los errores ocurren. Y los fabrica todo el mundo, desde la empresa m\u00e1s peque\u00f1a hasta la mayor corporaci\u00f3n manufacturera. Pero incluso los errores de fabricaci\u00f3n m\u00e1s peque\u00f1os pueden causar grandes disgustos a quienes se encuentran con los art\u00edculos defectuosos. Los errores de fabricaci\u00f3n tampoco son las \u00fanicas causas de productos defectuosos. Las etiquetas de advertencia pueden no ser tan informativas como deber\u00edan.<\/p>\n<p>En el Bufete Jur\u00eddico de Dianne Sawaya estamos m\u00e1s que capacitados para ayudarte tras sufrir lesiones. Sin embargo, nos gustar\u00eda educarte para que te protejas de cualquier da\u00f1o. No queremos que vivas tu vida con miedo constante a sufrir da\u00f1os, pero s\u00ed queremos que vivas con seguridad.<\/p>\n<p>Una forma de proteger a tu familia es mantenerte informado sobre las retiradas de productos. Las empresas deben anunciar estas retiradas cuando determinen que lo que han producido es, de hecho, defectuoso. A veces oir\u00e1s hablar de estas retiradas en las noticias, pero no siempre. No puedes confiar necesariamente en que las cadenas de noticias las anuncien a tiempo.<\/p>\n<p>A continuaci\u00f3n se indican los tipos de productos que suelen retirarse del mercado:<\/p>\n<ul>\n<li>El autom\u00f3vil: Un coche es una suma de muchas partes. Y si una pieza est\u00e1 defectuosa, tu seguridad puede estar en peligro. Cuando te enteres de retiradas de veh\u00edculos, f\u00edjate en la marca, el modelo y el a\u00f1o. Si el tuyo se ha visto afectado, oc\u00fapate de \u00e9l lo antes posible. Tu vida y la de los dem\u00e1s podr\u00edan estar en peligro.<\/li>\n<li>Los f\u00e1rmacos: Cuando ingieres un f\u00e1rmaco, esperas que tenga efectos secundarios, s\u00f3lo si te lo han advertido. Sin embargo, las empresas farmac\u00e9uticas no siempre exponen el alcance de estos efectos secundarios. Eso, o que la FDA no descubre estos efectos secundarios hasta despu\u00e9s de que alguien haya fallecido o resultado gravemente herido. Busca las etiquetas de advertencia de los medicamentos de venta libre y con receta que tomas.<\/li>\n<li>La comida: Cuando hablamos de comida, no nos referimos s\u00f3lo a la comida de las personas. La comida de tu mascota tambi\u00e9n puede ser perjudicial si contiene ingredientes peligrosos. Este tipo de retirada puede ser mayor o menor, seg\u00fan el grado de contaminaci\u00f3n. Esta contaminaci\u00f3n puede producirse en el proceso de creaci\u00f3n, en el proceso de envasado o en tu tienda de comestibles.<\/li>\n<li>Juguetes: Los fabricantes de juguetes est\u00e1n obligados a hacer que sus productos sean lo m\u00e1s seguros posible, as\u00ed como a advertir a los padres de cualquier peligro. Ver\u00e1s restricciones de edad incluso en los juguetes m\u00e1s seguros; como padre, aseg\u00farate de seguir esas restricciones de edad. Los ni\u00f1os peque\u00f1os son imprevisibles y, por desgracia, a veces tambi\u00e9n lo son los juguetes.<\/li>\n<\/ul>\n<h2>Como abogados especializados en responsabilidad por productos defectuosos, \u00bfc\u00f3mo te ayudamos?<\/h2>\n<p>Los abogados de responsabilidad civil por productos defectuosos del bufete <a href=\"\/\/dlslawfirm.com\/\">de Dianne Sawaya,<\/a> en Colorado, se dedican a exigir responsabilidades tanto a grandes como a peque\u00f1as empresas cuando fabrican productos defectuosos. Contamos con un equipo de expertos en productos defectuosos que incluye ingenieros, especialistas en reconstrucci\u00f3n y otras personas que analizan medicamentos, autom\u00f3viles, juguetes, electrodom\u00e9sticos y otros productos que han fallado y\/o causado da\u00f1os a nuestros clientes. Tambi\u00e9n tenemos una red de m\u00e9dicos y especialistas reconocidos a nivel nacional que se ocupan de que recibas atenci\u00f3n m\u00e9dica r\u00e1pidamente.<\/p>\n<p>Las grandes empresas que fabrican, venden y distribuyen productos defectuosos que perjudican a las personas tienen grandes compa\u00f1\u00edas de seguros que luchan para no tener que pagar ning\u00fan dinero a las v\u00edctimas perjudicadas por sus productos defectuosos.  <a href=\"https:\/\/dlslawfirm.com\/attorneys\/dianne-sawaya-principal-personal-injury-attorney\/\">Dianne Sawaya<\/a>  tiene una reputaci\u00f3n formidable con las compa\u00f1\u00edas de seguros, y saben que si te representa uno de nuestros abogados especializados en responsabilidad por productos defectuosos, no podr\u00e1n salirse con la suya pag\u00e1ndote lo menos posible para mantener sus beneficios, sobre todo cuando saben que Dianne les llevar\u00e1 a los tribunales para obligarles a cumplir sus obligaciones.<\/p>\n<p>Si t\u00fa o un ser querido hab\u00e9is resultado heridos por un producto defectuoso o un veh\u00edculo defectuoso, llama a nuestra oficina de abogados especializados en responsabilidad por productos defectuosos de Denver, Colorado, y pregunta por Dianne. <a href=\"\/\/dlslawfirm.com\/contacto-nosotros\">Ponte en contacto con nosotros para una evaluaci\u00f3n gratuita de tu caso<\/a> de responsabilidad por productos defectuosos.<\/p>\n","protected":false},"excerpt":{"rendered":"<p>Abogados de Denver especializados en productos defectuosos Confiamos mucho en nuestros productos cotidianos. Confiamos en que los coches que conducimos, los aparatos de cocina que utilizamos y los juguetes con los que dejamos jugar a nuestros hijos son seguros. Pero, \u00bfqu\u00e9 ocurre cuando no son seguros? \u00bfQu\u00e9 ocurre cuando los productos en los que conf\u00edas&#8230;<\/p>\n","protected":false},"author":2,"featured_media":0,"parent":6948,"menu_order":186,"comment_status":"open","ping_status":"open","template":"","meta":{"_acf_changed":false,"footnotes":""},"tags":[],"class_list":["post-7034","page","type-page","status-publish","hentry"],"acf":[],"yoast_head":"<!-- This site is optimized with the Yoast SEO plugin v27.4 - https:\/\/yoast.com\/product\/yoast-seo-wordpress\/ -->\n<title>Abogado de responsabilidad por productos defectuosos en Denver | Consigue una revisi\u00f3n gratuita de tu caso 24\/7<\/title>\n<meta name=\"description\" content=\"Haz clic aqu\u00ed para informarte sobre la responsabilidad civil por productos defectuosos y sobre c\u00f3mo el bufete de Dianne Sawaya, LLC en Denver, CO, puede ayudarte hoy mismo. Llama ahora.\" \/>\n<meta name=\"robots\" content=\"index, follow, max-snippet:-1, max-image-preview:large, max-video-preview:-1\" \/>\n<link rel=\"canonical\" href=\"https:\/\/dlslawfirm.com\/es\/abogados-de-colorado-especializados-en-lesiones-personales\/abogados-de-denver-especializados-en-responsabilidad-por-productos-defectuosos\/\" \/>\n<meta property=\"og:locale\" content=\"es_MX\" \/>\n<meta property=\"og:type\" content=\"article\" \/>\n<meta property=\"og:title\" content=\"Abogado de responsabilidad por productos defectuosos en Denver | Consigue una revisi\u00f3n gratuita de tu caso 24\/7\" \/>\n<meta property=\"og:description\" content=\"Haz clic aqu\u00ed para informarte sobre la responsabilidad civil por productos defectuosos y sobre c\u00f3mo el bufete de Dianne Sawaya, LLC en Denver, CO, puede ayudarte hoy mismo. Llama ahora.\" \/>\n<meta property=\"og:url\" content=\"https:\/\/dlslawfirm.com\/es\/abogados-de-colorado-especializados-en-lesiones-personales\/abogados-de-denver-especializados-en-responsabilidad-por-productos-defectuosos\/\" \/>\n<meta property=\"og:site_name\" content=\"Law Offices of Dianne Sawaya LLC- En Espanol\" \/>\n<meta name=\"twitter:card\" content=\"summary_large_image\" \/>\n<meta name=\"twitter:label1\" content=\"Est. reading time\" \/>\n\t<meta name=\"twitter:data1\" content=\"6 minutos\" \/>\n<script type=\"application\/ld+json\" class=\"yoast-schema-graph\">{\"@context\":\"https:\\\/\\\/schema.org\",\"@graph\":[{\"@type\":\"WebPage\",\"@id\":\"https:\\\/\\\/dlslawfirm.com\\\/es\\\/abogados-de-colorado-especializados-en-lesiones-personales\\\/abogados-de-denver-especializados-en-responsabilidad-por-productos-defectuosos\\\/\",\"url\":\"https:\\\/\\\/dlslawfirm.com\\\/es\\\/abogados-de-colorado-especializados-en-lesiones-personales\\\/abogados-de-denver-especializados-en-responsabilidad-por-productos-defectuosos\\\/\",\"name\":\"Abogado de responsabilidad por productos defectuosos en Denver | Consigue una revisi\u00f3n gratuita de tu caso 24\\\/7\",\"isPartOf\":{\"@id\":\"https:\\\/\\\/dlslawfirm.com\\\/es\\\/#website\"},\"datePublished\":\"2015-04-21T16:13:24+00:00\",\"description\":\"Haz clic aqu\u00ed para informarte sobre la responsabilidad civil por productos defectuosos y sobre c\u00f3mo el bufete de Dianne Sawaya, LLC en Denver, CO, puede ayudarte hoy mismo. Llama ahora.\",\"breadcrumb\":{\"@id\":\"https:\\\/\\\/dlslawfirm.com\\\/es\\\/abogados-de-colorado-especializados-en-lesiones-personales\\\/abogados-de-denver-especializados-en-responsabilidad-por-productos-defectuosos\\\/#breadcrumb\"},\"inLanguage\":\"es\",\"potentialAction\":[{\"@type\":\"ReadAction\",\"target\":[\"https:\\\/\\\/dlslawfirm.com\\\/es\\\/abogados-de-colorado-especializados-en-lesiones-personales\\\/abogados-de-denver-especializados-en-responsabilidad-por-productos-defectuosos\\\/\"]}]},{\"@type\":\"BreadcrumbList\",\"@id\":\"https:\\\/\\\/dlslawfirm.com\\\/es\\\/abogados-de-colorado-especializados-en-lesiones-personales\\\/abogados-de-denver-especializados-en-responsabilidad-por-productos-defectuosos\\\/#breadcrumb\",\"itemListElement\":[{\"@type\":\"ListItem\",\"position\":1,\"name\":\"Home\",\"item\":\"https:\\\/\\\/dlslawfirm.com\\\/es\\\/\"},{\"@type\":\"ListItem\",\"position\":2,\"name\":\"Abogados de Colorado especializados en lesiones personales\",\"item\":\"https:\\\/\\\/dlslawfirm.com\\\/es\\\/abogados-de-colorado-especializados-en-lesiones-personales\\\/\"},{\"@type\":\"ListItem\",\"position\":3,\"name\":\"Abogados de Denver especializados en responsabilidad por productos defectuosos\"}]},{\"@type\":\"WebSite\",\"@id\":\"https:\\\/\\\/dlslawfirm.com\\\/es\\\/#website\",\"url\":\"https:\\\/\\\/dlslawfirm.com\\\/es\\\/\",\"name\":\"Law Offices of Dianne Sawaya LLC- En Espanol\",\"description\":\"\",\"potentialAction\":[{\"@type\":\"SearchAction\",\"target\":{\"@type\":\"EntryPoint\",\"urlTemplate\":\"https:\\\/\\\/dlslawfirm.com\\\/es\\\/?s={search_term_string}\"},\"query-input\":{\"@type\":\"PropertyValueSpecification\",\"valueRequired\":true,\"valueName\":\"search_term_string\"}}],\"inLanguage\":\"es\"}]}<\/script>\n<!-- \/ Yoast SEO plugin. -->","yoast_head_json":{"title":"Abogado de responsabilidad por productos defectuosos en Denver | Consigue una revisi\u00f3n gratuita de tu caso 24\/7","description":"Haz clic aqu\u00ed para informarte sobre la responsabilidad civil por productos defectuosos y sobre c\u00f3mo el bufete de Dianne Sawaya, LLC en Denver, CO, puede ayudarte hoy mismo. Llama ahora.","robots":{"index":"index","follow":"follow","max-snippet":"max-snippet:-1","max-image-preview":"max-image-preview:large","max-video-preview":"max-video-preview:-1"},"canonical":"https:\/\/dlslawfirm.com\/es\/abogados-de-colorado-especializados-en-lesiones-personales\/abogados-de-denver-especializados-en-responsabilidad-por-productos-defectuosos\/","og_locale":"es_MX","og_type":"article","og_title":"Abogado de responsabilidad por productos defectuosos en Denver | Consigue una revisi\u00f3n gratuita de tu caso 24\/7","og_description":"Haz clic aqu\u00ed para informarte sobre la responsabilidad civil por productos defectuosos y sobre c\u00f3mo el bufete de Dianne Sawaya, LLC en Denver, CO, puede ayudarte hoy mismo. Llama ahora.","og_url":"https:\/\/dlslawfirm.com\/es\/abogados-de-colorado-especializados-en-lesiones-personales\/abogados-de-denver-especializados-en-responsabilidad-por-productos-defectuosos\/","og_site_name":"Law Offices of Dianne Sawaya LLC- En Espanol","twitter_card":"summary_large_image","twitter_misc":{"Est. reading time":"6 minutos"},"schema":{"@context":"https:\/\/schema.org","@graph":[{"@type":"WebPage","@id":"https:\/\/dlslawfirm.com\/es\/abogados-de-colorado-especializados-en-lesiones-personales\/abogados-de-denver-especializados-en-responsabilidad-por-productos-defectuosos\/","url":"https:\/\/dlslawfirm.com\/es\/abogados-de-colorado-especializados-en-lesiones-personales\/abogados-de-denver-especializados-en-responsabilidad-por-productos-defectuosos\/","name":"Abogado de responsabilidad por productos defectuosos en Denver | Consigue una revisi\u00f3n gratuita de tu caso 24\/7","isPartOf":{"@id":"https:\/\/dlslawfirm.com\/es\/#website"},"datePublished":"2015-04-21T16:13:24+00:00","description":"Haz clic aqu\u00ed para informarte sobre la responsabilidad civil por productos defectuosos y sobre c\u00f3mo el bufete de Dianne Sawaya, LLC en Denver, CO, puede ayudarte hoy mismo. Llama ahora.","breadcrumb":{"@id":"https:\/\/dlslawfirm.com\/es\/abogados-de-colorado-especializados-en-lesiones-personales\/abogados-de-denver-especializados-en-responsabilidad-por-productos-defectuosos\/#breadcrumb"},"inLanguage":"es","potentialAction":[{"@type":"ReadAction","target":["https:\/\/dlslawfirm.com\/es\/abogados-de-colorado-especializados-en-lesiones-personales\/abogados-de-denver-especializados-en-responsabilidad-por-productos-defectuosos\/"]}]},{"@type":"BreadcrumbList","@id":"https:\/\/dlslawfirm.com\/es\/abogados-de-colorado-especializados-en-lesiones-personales\/abogados-de-denver-especializados-en-responsabilidad-por-productos-defectuosos\/#breadcrumb","itemListElement":[{"@type":"ListItem","position":1,"name":"Home","item":"https:\/\/dlslawfirm.com\/es\/"},{"@type":"ListItem","position":2,"name":"Abogados de Colorado especializados en lesiones personales","item":"https:\/\/dlslawfirm.com\/es\/abogados-de-colorado-especializados-en-lesiones-personales\/"},{"@type":"ListItem","position":3,"name":"Abogados de Denver especializados en responsabilidad por productos defectuosos"}]},{"@type":"WebSite","@id":"https:\/\/dlslawfirm.com\/es\/#website","url":"https:\/\/dlslawfirm.com\/es\/","name":"Law Offices of Dianne Sawaya LLC- En Espanol","description":"","potentialAction":[{"@type":"SearchAction","target":{"@type":"EntryPoint","urlTemplate":"https:\/\/dlslawfirm.com\/es\/?s={search_term_string}"},"query-input":{"@type":"PropertyValueSpecification","valueRequired":true,"valueName":"search_term_string"}}],"inLanguage":"es"}]}},"_links":{"self":[{"href":"https:\/\/dlslawfirm.com\/es\/wp-json\/wp\/v2\/pages\/7034","targetHints":{"allow":["GET"]}}],"collection":[{"href":"https:\/\/dlslawfirm.com\/es\/wp-json\/wp\/v2\/pages"}],"about":[{"href":"https:\/\/dlslawfirm.com\/es\/wp-json\/wp\/v2\/types\/page"}],"author":[{"embeddable":true,"href":"https:\/\/dlslawfirm.com\/es\/wp-json\/wp\/v2\/users\/2"}],"replies":[{"embeddable":true,"href":"https:\/\/dlslawfirm.com\/es\/wp-json\/wp\/v2\/comments?post=7034"}],"version-history":[{"count":0,"href":"https:\/\/dlslawfirm.com\/es\/wp-json\/wp\/v2\/pages\/7034\/revisions"}],"up":[{"embeddable":true,"href":"https:\/\/dlslawfirm.com\/es\/wp-json\/wp\/v2\/pages\/6948"}],"wp:attachment":[{"href":"https:\/\/dlslawfirm.com\/es\/wp-json\/wp\/v2\/media?parent=7034"}],"wp:term":[{"taxonomy":"post_tag","embeddable":true,"href":"https:\/\/dlslawfirm.com\/es\/wp-json\/wp\/v2\/tags?post=7034"}],"curies":[{"name":"wp","href":"https:\/\/api.w.org\/{rel}","templated":true}]}}