{"id":7033,"date":"2015-04-21T16:13:24","date_gmt":"2015-04-21T16:13:24","guid":{"rendered":"https:\/\/dlslawfirm.com\/abogados-de-colorado-especializados-en-lesiones-personales\/abogado-de-compensacion-laboral-en-denver\/"},"modified":"2015-04-21T16:13:24","modified_gmt":"2015-04-21T16:13:24","slug":"abogado-de-compensacion-laboral-en-denver","status":"publish","type":"page","link":"https:\/\/dlslawfirm.com\/es\/abogados-de-colorado-especializados-en-lesiones-personales\/abogado-de-compensacion-laboral-en-denver\/","title":{"rendered":"Abogado de Compensaci\u00f3n Laboral en Denver"},"content":{"rendered":"<h2>Lesionado en el trabajo en Colorado<\/h2>\n<p>Lesionarse en el trabajo puede ser un momento dif\u00edcil e incierto en tu vida. Aunque se supone que el sistema de indemnizaci\u00f3n de los trabajadores de Colorado debe ayudarte, probablemente hay muchas prestaciones que no est\u00e1s recibiendo.<\/p>\n<p>Adem\u00e1s de enfrentarte al dolor y al proceso de recuperaci\u00f3n, tendr\u00e1s que responder a muchas preguntas desconocidas. \u00bfRecibir\u00e9 salarios perdidos? \u00bfA qu\u00e9 centros m\u00e9dicos debo acudir? \u00bfMe despedir\u00e1n del trabajo? \u00bfQu\u00e9 facturas debo pagar? \u00bfPuedo fiarme de la compa\u00f1\u00eda de seguros?<\/p>\n<p>Aunque pueda parecer que la baraja est\u00e1 en tu contra, debes saber esto: tienes derechos y opciones. En el Bufete Jur\u00eddico de Dianne Sawaya queremos explicarte esos derechos y dotarte de los conocimientos necesarios para que utilices esas opciones.<\/p>\n<p><iframe loading=\"lazy\" title=\"Workers Compensation: Injured At Work | Dianne Sawaya\" width=\"500\" height=\"281\" src=\"https:\/\/www.youtube.com\/embed\/lT3JEmTUr_w?feature=oembed\" frameborder=\"0\" allow=\"accelerometer; autoplay; clipboard-write; encrypted-media; gyroscope; picture-in-picture; web-share\" referrerpolicy=\"strict-origin-when-cross-origin\" allowfullscreen><\/iframe><\/p>\n[cta_interior title=&#8221;CTA Interior&#8221;]\n<p>Si te has lesionado en el trabajo y te preguntas si puedes estar cubierto por la indemnizaci\u00f3n laboral, ponte en contacto con el Bufete de Dianne Sawaya lo antes posible. Los primeros d\u00edas tras tu lesi\u00f3n son los m\u00e1s cruciales; no pases por esto solo.<\/p>\n<h2>El tratamiento importa<\/h2>\n<p><img loading=\"lazy\" decoding=\"async\" class=\"size-full wp-image-2392 alignnone\" src=\"\/\/dlslawfirm.com\/wp-content\/uploads\/2015\/10\/WC-treatment.jpg\" alt=\"Tratamiento de WC\" width=\"450\" height=\"300\"><\/p>\n<p>En el Bufete de Dianne Sawaya nos dedicamos a las personas lesionadas de Colorado. Demostramos esa dedicaci\u00f3n de varias maneras. Cuando llames a nuestro despacho tras haberte lesionado en el trabajo, no s\u00f3lo te ayudaremos a determinar tu siguiente paso legal, sino que tambi\u00e9n te ayudaremos a comprender tus opciones m\u00e9dicas. Entendemos que, aunque la compensaci\u00f3n econ\u00f3mica es importante, tu salud es una prioridad absoluta. Por eso trabajamos con varios m\u00e9dicos de confianza en todo el estado, que pueden ofrecerte ex\u00e1menes m\u00e9dicos independientes y una perspectiva, asegur\u00e1ndose de que tu tratamiento sigue el camino correcto.<\/p>\n<h2>\u00bfQu\u00e9 es la indemnizaci\u00f3n por accidente laboral en Colorado?<\/h2>\n<p>La ley de compensaci\u00f3n laboral es complicada. No seguir todos los procedimientos y cumplir plazos estrictos puede significar una atenci\u00f3n m\u00e9dica inadecuada y problemas con el pago de salarios.<\/p>\n<p>Tal vez hayas investigado un poco por tu cuenta en Internet, pero no quieres ni necesitas entenderlo todo sobre el sistema de compensaci\u00f3n de los trabajadores de Colorado; s\u00f3lo quieres saber c\u00f3mo se aplica a ti y a tu familia. Pero mientras lees el sitio web del gobierno estatal, sigues sin encontrar la respuesta a la \u00fanica pregunta que no deja de bailar en c\u00edrculos alrededor de tu cerebro: \u00bfqu\u00e9 hago ahora?<\/p>\n<p>No contrates a un abogado que s\u00f3lo &#8220;se dedique&#8221; a la indemnizaci\u00f3n por accidente laboral; busca a alguien especializado en ella. Llevamos a\u00f1os ayudando a las personas a encontrar sus respuestas, gui\u00e1ndolas hacia la estabilidad financiera y un futuro m\u00e1s saludable. La compensaci\u00f3n de los trabajadores de Colorado es compleja y el sistema no es f\u00e1cil de navegar. Lo sabemos, por eso estamos preparados y dispuestos a ayudarte a entender el <em>qui\u00e9n, el qu\u00e9, el cu\u00e1ndo, el d\u00f3nde <\/em>y el<em> porqu\u00e9<\/em> de tu reclamaci\u00f3n. Vamos a acabar con la burocracia que te impide obtener las prestaciones a las que tienes derecho.<\/p>\n<p>Dependiendo de tu caso, tal vez podamos encontrar otras formas de indemnizarte por tus lesiones. Un <a title=\"Dianne Sawaya\" href=\"\/\/dlslawfirm.com\/abogados\/dianne-sawaya-abogada-principal-de-lesiones-personales\/\">abogado<\/a> laboralista de Colorado del bufete de Dianne Sawaya determinar\u00e1 tus opciones legales y te dir\u00e1 c\u00f3mo creemos que debes proceder.<\/p>\n<p><a class=\"button\" href=\"\/\/dlslawfirm.com\/contacto-nos\/\">Contacta con nuestra oficina<\/a><\/p>\n<h2>\u00bfQu\u00e9 es el proceso de reclamaci\u00f3n de indemnizaci\u00f3n por accidente laboral?<\/h2>\n<p>Independientemente del tipo y la gravedad de tu lesi\u00f3n, es importante que informes inmediatamente de tu accidente a tu empresario para proteger tus derechos en el futuro.<\/p>\n<p>La cantidad de tiempo que faltes al trabajo determinar\u00e1 el estado inicial de la reclamaci\u00f3n. Si son menos de 3 d\u00edas (o 3 turnos), es probable que se tramite como un siniestro de &#8220;s\u00f3lo medicamentos&#8221;, lo que significa que la aseguradora te proporcionar\u00e1 prestaciones m\u00e9dicas pero no salarios perdidos. Al cabo de 3 d\u00edas, puedes empezar a percibir prestaciones por Incapacidad Total Temporal (ITT) o por Incapacidad Parcial Temporal (IPT), en funci\u00f3n del tiempo que faltes al trabajo.<\/p>\n<p><img loading=\"lazy\" decoding=\"async\" class=\"size-full wp-image-2395 alignnone\" src=\"\/\/dlslawfirm.com\/wp-content\/uploads\/2015\/10\/WC-claim.jpg\" alt=\"Reclamaci\u00f3n WC\" width=\"450\" height=\"300\"><\/p>\n<p>A medida que te curas y te acercas al final de tu tratamiento, un m\u00e9dico te situar\u00e1 en el nivel de Mejora M\u00e9dica M\u00e1xima (MMI) y evaluar\u00e1 si tienes un grado de incapacidad. Se trata de una coyuntura cr\u00edtica en tu caso, ya que es el factor principal para determinar tanto tus futuros cuidados m\u00e9dicos como tu indemnizaci\u00f3n econ\u00f3mica por incapacidad parcial permanente (PPD).<\/p>\n<p>Demasiados individuos intentan trabajar mientras sufren lesiones en lugar de aprovechar los derechos de indemnizaci\u00f3n por accidente laboral que les otorga Colorado. Si te lesionaste en el &#8220;curso y \u00e1mbito&#8221; del empleo, la compa\u00f1\u00eda debe proporcionarte estas prestaciones, pagaderas al menos cada dos semanas. Esto es beneficioso por dos razones fundamentales: te permite percibir un salario y, al mismo tiempo, tomarte el tiempo de baja laboral necesario para recuperarte de tus lesiones.<\/p>\n<h2>Independientemente de lo leve o grave que sea tu lesi\u00f3n o enfermedad, est\u00e1s protegido por la ley de Colorado.<\/h2>\n<p>Esta informaci\u00f3n s\u00f3lo ara\u00f1a la superficie de la indemnizaci\u00f3n por accidente laboral, y sin duda tienes algunas preguntas concretas que te gustar\u00eda que te respondieran. En el Bufete de Dianne Sawaya, nuestro objetivo final es proporcionarte la mejor experiencia posible en reclamaciones. No importa en qu\u00e9 fase del caso te encuentres, podemos proporcionarte asistencia experta. Queremos asegurarnos de que recibes todas las prestaciones a las que tienes derecho y de que los m\u00e9dicos atienden adecuadamente tus necesidades. <a title=\"P\u00f3ngase en contacto con nosotros\" href=\"\/\/dlslawfirm.com\/contacto-nos\/\">Ponte en contacto con nosotros<\/a> para una consulta gratuita.<\/p>\n<p><a class=\"button\" href=\"\/\/dlslawfirm.com\/lesiones-personales\/indemnizacion-trabajadores-abogado\/comprender-mi-demanda-de-indemnizacion-trabajadores\/\">Comprender tu reclamaci\u00f3n de indemnizaci\u00f3n por accidente laboral<\/a><\/p>\n<p><a href=\"\/\/dlslawfirm.com\/lesiones-personales\/indemnizacion-trabajadores-abogado\/evitar-presentar-demanda-indemnizacion-trabajadores\/\">Qu\u00e9 evitar al presentar una demanda de indemnizaci\u00f3n por accidente laboral<\/a><\/p>\n","protected":false},"excerpt":{"rendered":"<p>Lesionado en el trabajo en Colorado Lesionarse en el trabajo puede ser un momento dif\u00edcil e incierto en tu vida. Aunque se supone que el sistema de indemnizaci\u00f3n de los trabajadores de Colorado debe ayudarte, probablemente hay muchas prestaciones que no est\u00e1s recibiendo. Adem\u00e1s de enfrentarte al dolor y al proceso de recuperaci\u00f3n, tendr\u00e1s que&#8230;<\/p>\n","protected":false},"author":2,"featured_media":7220,"parent":6948,"menu_order":167,"comment_status":"open","ping_status":"open","template":"","meta":{"_acf_changed":false,"footnotes":""},"tags":[],"class_list":["post-7033","page","type-page","status-publish","has-post-thumbnail","hentry"],"acf":[],"yoast_head":"<!-- This site is optimized with the Yoast SEO plugin v27.4 - https:\/\/yoast.com\/product\/yoast-seo-wordpress\/ -->\n<title>Abogado de Compensaci\u00f3n Laboral en Denver, Colorado | Lesionado en el Trabajo<\/title>\n<meta name=\"description\" content=\"Si te has lesionado en el trabajo, podr\u00edas tener derecho a prestaciones de indemnizaci\u00f3n por accidente laboral en Colorado. Llama a un abogado laboralista de Denver.\" \/>\n<meta name=\"robots\" content=\"index, follow, max-snippet:-1, max-image-preview:large, max-video-preview:-1\" \/>\n<link rel=\"canonical\" href=\"https:\/\/dlslawfirm.com\/es\/abogados-de-colorado-especializados-en-lesiones-personales\/abogado-de-compensacion-laboral-en-denver\/\" \/>\n<meta property=\"og:locale\" content=\"es_MX\" \/>\n<meta property=\"og:type\" content=\"article\" \/>\n<meta property=\"og:title\" content=\"Abogado de Compensaci\u00f3n Laboral en Denver, Colorado | Lesionado en el Trabajo\" \/>\n<meta property=\"og:description\" content=\"Si te has lesionado en el trabajo, podr\u00edas tener derecho a prestaciones de indemnizaci\u00f3n por accidente laboral en Colorado. Llama a un abogado laboralista de Denver.\" \/>\n<meta property=\"og:url\" content=\"https:\/\/dlslawfirm.com\/es\/abogados-de-colorado-especializados-en-lesiones-personales\/abogado-de-compensacion-laboral-en-denver\/\" \/>\n<meta property=\"og:site_name\" content=\"Law Offices of Dianne Sawaya LLC- En Espanol\" \/>\n<meta property=\"og:image\" content=\"https:\/\/dlslawfirm.com\/es\/wp-content\/uploads\/sites\/2\/2022\/06\/work-injury.jpg\" \/>\n\t<meta property=\"og:image:width\" content=\"1600\" \/>\n\t<meta property=\"og:image:height\" content=\"1065\" \/>\n\t<meta property=\"og:image:type\" content=\"image\/jpeg\" \/>\n<meta name=\"twitter:card\" content=\"summary_large_image\" \/>\n<meta name=\"twitter:label1\" content=\"Est. reading time\" \/>\n\t<meta name=\"twitter:data1\" content=\"5 minutos\" \/>\n<script type=\"application\/ld+json\" class=\"yoast-schema-graph\">{\"@context\":\"https:\\\/\\\/schema.org\",\"@graph\":[{\"@type\":\"WebPage\",\"@id\":\"https:\\\/\\\/dlslawfirm.com\\\/es\\\/abogados-de-colorado-especializados-en-lesiones-personales\\\/abogado-de-compensacion-laboral-en-denver\\\/\",\"url\":\"https:\\\/\\\/dlslawfirm.com\\\/es\\\/abogados-de-colorado-especializados-en-lesiones-personales\\\/abogado-de-compensacion-laboral-en-denver\\\/\",\"name\":\"Abogado de Compensaci\u00f3n Laboral en Denver, Colorado | Lesionado en el Trabajo\",\"isPartOf\":{\"@id\":\"https:\\\/\\\/dlslawfirm.com\\\/es\\\/#website\"},\"primaryImageOfPage\":{\"@id\":\"https:\\\/\\\/dlslawfirm.com\\\/es\\\/abogados-de-colorado-especializados-en-lesiones-personales\\\/abogado-de-compensacion-laboral-en-denver\\\/#primaryimage\"},\"image\":{\"@id\":\"https:\\\/\\\/dlslawfirm.com\\\/es\\\/abogados-de-colorado-especializados-en-lesiones-personales\\\/abogado-de-compensacion-laboral-en-denver\\\/#primaryimage\"},\"thumbnailUrl\":\"https:\\\/\\\/dlslawfirm.com\\\/es\\\/wp-content\\\/uploads\\\/sites\\\/2\\\/2022\\\/06\\\/work-injury.jpg\",\"datePublished\":\"2015-04-21T16:13:24+00:00\",\"description\":\"Si te has lesionado en el trabajo, podr\u00edas tener derecho a prestaciones de indemnizaci\u00f3n por accidente laboral en Colorado. Llama a un abogado laboralista de Denver.\",\"breadcrumb\":{\"@id\":\"https:\\\/\\\/dlslawfirm.com\\\/es\\\/abogados-de-colorado-especializados-en-lesiones-personales\\\/abogado-de-compensacion-laboral-en-denver\\\/#breadcrumb\"},\"inLanguage\":\"es\",\"potentialAction\":[{\"@type\":\"ReadAction\",\"target\":[\"https:\\\/\\\/dlslawfirm.com\\\/es\\\/abogados-de-colorado-especializados-en-lesiones-personales\\\/abogado-de-compensacion-laboral-en-denver\\\/\"]}]},{\"@type\":\"ImageObject\",\"inLanguage\":\"es\",\"@id\":\"https:\\\/\\\/dlslawfirm.com\\\/es\\\/abogados-de-colorado-especializados-en-lesiones-personales\\\/abogado-de-compensacion-laboral-en-denver\\\/#primaryimage\",\"url\":\"https:\\\/\\\/dlslawfirm.com\\\/es\\\/wp-content\\\/uploads\\\/sites\\\/2\\\/2022\\\/06\\\/work-injury.jpg\",\"contentUrl\":\"https:\\\/\\\/dlslawfirm.com\\\/es\\\/wp-content\\\/uploads\\\/sites\\\/2\\\/2022\\\/06\\\/work-injury.jpg\",\"width\":1600,\"height\":1065,\"caption\":\"Risk of foot injury at work\"},{\"@type\":\"BreadcrumbList\",\"@id\":\"https:\\\/\\\/dlslawfirm.com\\\/es\\\/abogados-de-colorado-especializados-en-lesiones-personales\\\/abogado-de-compensacion-laboral-en-denver\\\/#breadcrumb\",\"itemListElement\":[{\"@type\":\"ListItem\",\"position\":1,\"name\":\"Home\",\"item\":\"https:\\\/\\\/dlslawfirm.com\\\/es\\\/\"},{\"@type\":\"ListItem\",\"position\":2,\"name\":\"Abogados de Colorado especializados en lesiones personales\",\"item\":\"https:\\\/\\\/dlslawfirm.com\\\/es\\\/abogados-de-colorado-especializados-en-lesiones-personales\\\/\"},{\"@type\":\"ListItem\",\"position\":3,\"name\":\"Abogado de Compensaci\u00f3n Laboral en Denver\"}]},{\"@type\":\"WebSite\",\"@id\":\"https:\\\/\\\/dlslawfirm.com\\\/es\\\/#website\",\"url\":\"https:\\\/\\\/dlslawfirm.com\\\/es\\\/\",\"name\":\"Law Offices of Dianne Sawaya LLC- En Espanol\",\"description\":\"\",\"potentialAction\":[{\"@type\":\"SearchAction\",\"target\":{\"@type\":\"EntryPoint\",\"urlTemplate\":\"https:\\\/\\\/dlslawfirm.com\\\/es\\\/?s={search_term_string}\"},\"query-input\":{\"@type\":\"PropertyValueSpecification\",\"valueRequired\":true,\"valueName\":\"search_term_string\"}}],\"inLanguage\":\"es\"}]}<\/script>\n<!-- \/ Yoast SEO plugin. -->","yoast_head_json":{"title":"Abogado de Compensaci\u00f3n Laboral en Denver, Colorado | Lesionado en el Trabajo","description":"Si te has lesionado en el trabajo, podr\u00edas tener derecho a prestaciones de indemnizaci\u00f3n por accidente laboral en Colorado. Llama a un abogado laboralista de Denver.","robots":{"index":"index","follow":"follow","max-snippet":"max-snippet:-1","max-image-preview":"max-image-preview:large","max-video-preview":"max-video-preview:-1"},"canonical":"https:\/\/dlslawfirm.com\/es\/abogados-de-colorado-especializados-en-lesiones-personales\/abogado-de-compensacion-laboral-en-denver\/","og_locale":"es_MX","og_type":"article","og_title":"Abogado de Compensaci\u00f3n Laboral en Denver, Colorado | Lesionado en el Trabajo","og_description":"Si te has lesionado en el trabajo, podr\u00edas tener derecho a prestaciones de indemnizaci\u00f3n por accidente laboral en Colorado. Llama a un abogado laboralista de Denver.","og_url":"https:\/\/dlslawfirm.com\/es\/abogados-de-colorado-especializados-en-lesiones-personales\/abogado-de-compensacion-laboral-en-denver\/","og_site_name":"Law Offices of Dianne Sawaya LLC- En Espanol","og_image":[{"width":1600,"height":1065,"url":"https:\/\/dlslawfirm.com\/es\/wp-content\/uploads\/sites\/2\/2022\/06\/work-injury.jpg","type":"image\/jpeg"}],"twitter_card":"summary_large_image","twitter_misc":{"Est. reading time":"5 minutos"},"schema":{"@context":"https:\/\/schema.org","@graph":[{"@type":"WebPage","@id":"https:\/\/dlslawfirm.com\/es\/abogados-de-colorado-especializados-en-lesiones-personales\/abogado-de-compensacion-laboral-en-denver\/","url":"https:\/\/dlslawfirm.com\/es\/abogados-de-colorado-especializados-en-lesiones-personales\/abogado-de-compensacion-laboral-en-denver\/","name":"Abogado de Compensaci\u00f3n Laboral en Denver, Colorado | Lesionado en el Trabajo","isPartOf":{"@id":"https:\/\/dlslawfirm.com\/es\/#website"},"primaryImageOfPage":{"@id":"https:\/\/dlslawfirm.com\/es\/abogados-de-colorado-especializados-en-lesiones-personales\/abogado-de-compensacion-laboral-en-denver\/#primaryimage"},"image":{"@id":"https:\/\/dlslawfirm.com\/es\/abogados-de-colorado-especializados-en-lesiones-personales\/abogado-de-compensacion-laboral-en-denver\/#primaryimage"},"thumbnailUrl":"https:\/\/dlslawfirm.com\/es\/wp-content\/uploads\/sites\/2\/2022\/06\/work-injury.jpg","datePublished":"2015-04-21T16:13:24+00:00","description":"Si te has lesionado en el trabajo, podr\u00edas tener derecho a prestaciones de indemnizaci\u00f3n por accidente laboral en Colorado. Llama a un abogado laboralista de Denver.","breadcrumb":{"@id":"https:\/\/dlslawfirm.com\/es\/abogados-de-colorado-especializados-en-lesiones-personales\/abogado-de-compensacion-laboral-en-denver\/#breadcrumb"},"inLanguage":"es","potentialAction":[{"@type":"ReadAction","target":["https:\/\/dlslawfirm.com\/es\/abogados-de-colorado-especializados-en-lesiones-personales\/abogado-de-compensacion-laboral-en-denver\/"]}]},{"@type":"ImageObject","inLanguage":"es","@id":"https:\/\/dlslawfirm.com\/es\/abogados-de-colorado-especializados-en-lesiones-personales\/abogado-de-compensacion-laboral-en-denver\/#primaryimage","url":"https:\/\/dlslawfirm.com\/es\/wp-content\/uploads\/sites\/2\/2022\/06\/work-injury.jpg","contentUrl":"https:\/\/dlslawfirm.com\/es\/wp-content\/uploads\/sites\/2\/2022\/06\/work-injury.jpg","width":1600,"height":1065,"caption":"Risk of foot injury at work"},{"@type":"BreadcrumbList","@id":"https:\/\/dlslawfirm.com\/es\/abogados-de-colorado-especializados-en-lesiones-personales\/abogado-de-compensacion-laboral-en-denver\/#breadcrumb","itemListElement":[{"@type":"ListItem","position":1,"name":"Home","item":"https:\/\/dlslawfirm.com\/es\/"},{"@type":"ListItem","position":2,"name":"Abogados de Colorado especializados en lesiones personales","item":"https:\/\/dlslawfirm.com\/es\/abogados-de-colorado-especializados-en-lesiones-personales\/"},{"@type":"ListItem","position":3,"name":"Abogado de Compensaci\u00f3n Laboral en Denver"}]},{"@type":"WebSite","@id":"https:\/\/dlslawfirm.com\/es\/#website","url":"https:\/\/dlslawfirm.com\/es\/","name":"Law Offices of Dianne Sawaya LLC- En Espanol","description":"","potentialAction":[{"@type":"SearchAction","target":{"@type":"EntryPoint","urlTemplate":"https:\/\/dlslawfirm.com\/es\/?s={search_term_string}"},"query-input":{"@type":"PropertyValueSpecification","valueRequired":true,"valueName":"search_term_string"}}],"inLanguage":"es"}]}},"_links":{"self":[{"href":"https:\/\/dlslawfirm.com\/es\/wp-json\/wp\/v2\/pages\/7033","targetHints":{"allow":["GET"]}}],"collection":[{"href":"https:\/\/dlslawfirm.com\/es\/wp-json\/wp\/v2\/pages"}],"about":[{"href":"https:\/\/dlslawfirm.com\/es\/wp-json\/wp\/v2\/types\/page"}],"author":[{"embeddable":true,"href":"https:\/\/dlslawfirm.com\/es\/wp-json\/wp\/v2\/users\/2"}],"replies":[{"embeddable":true,"href":"https:\/\/dlslawfirm.com\/es\/wp-json\/wp\/v2\/comments?post=7033"}],"version-history":[{"count":0,"href":"https:\/\/dlslawfirm.com\/es\/wp-json\/wp\/v2\/pages\/7033\/revisions"}],"up":[{"embeddable":true,"href":"https:\/\/dlslawfirm.com\/es\/wp-json\/wp\/v2\/pages\/6948"}],"wp:featuredmedia":[{"embeddable":true,"href":"https:\/\/dlslawfirm.com\/es\/wp-json\/wp\/v2\/media\/7220"}],"wp:attachment":[{"href":"https:\/\/dlslawfirm.com\/es\/wp-json\/wp\/v2\/media?parent=7033"}],"wp:term":[{"taxonomy":"post_tag","embeddable":true,"href":"https:\/\/dlslawfirm.com\/es\/wp-json\/wp\/v2\/tags?post=7033"}],"curies":[{"name":"wp","href":"https:\/\/api.w.org\/{rel}","templated":true}]}}