{"id":7032,"date":"2015-04-09T14:40:10","date_gmt":"2015-04-09T14:40:10","guid":{"rendered":"https:\/\/dlslawfirm.com\/descargo-de-responsabilidad\/"},"modified":"2015-04-09T14:40:10","modified_gmt":"2015-04-09T14:40:10","slug":"descargo-de-responsabilidad","status":"publish","type":"page","link":"https:\/\/dlslawfirm.com\/es\/descargo-de-responsabilidad\/","title":{"rendered":"Descargo de responsabilidad"},"content":{"rendered":"<p>La informaci\u00f3n que obtienes en este sitio no es, ni pretende ser, asesoramiento jur\u00eddico. Debes consultar a un abogado para que te asesore sobre tu situaci\u00f3n individual. Te invitamos a ponerte en contacto con nosotros y agradecemos tus llamadas, cartas y correo electr\u00f3nico. Ponerte en contacto con nosotros no crea una relaci\u00f3n abogado-cliente. Por favor, no nos env\u00edes ninguna informaci\u00f3n confidencial hasta que se haya establecido una relaci\u00f3n abogado-cliente.<\/p>\n<h3>Anuncio legal:<\/h3>\n<p>El contenido de este sitio web es solo para uso general. Si tiene alguna pregunta sobre su caso espec\u00edfico, as\u00ed como sobre sus derechos legales y opciones, es importante que consulte con un abogado para que le ayude. Nada en esta o en otras p\u00e1ginas asociadas, o documentos, comentarios, respuestas, correos electr\u00f3nicos, o cualquier otra comunicaci\u00f3n debe ser tomado como consejo legal para casos o situaciones individuales. La informaci\u00f3n en este sitio web no constituye una relaci\u00f3n entre cliente y abogado.<\/p>\n","protected":false},"excerpt":{"rendered":"<p>La informaci\u00f3n que obtienes en este sitio no es, ni pretende ser, asesoramiento jur\u00eddico. Debes consultar a un abogado para que te asesore sobre tu situaci\u00f3n individual. Te invitamos a ponerte en contacto con nosotros y agradecemos tus llamadas, cartas y correo electr\u00f3nico. Ponerte en contacto con nosotros no crea una relaci\u00f3n abogado-cliente. Por favor,&#8230;<\/p>\n","protected":false},"author":2,"featured_media":0,"parent":0,"menu_order":204,"comment_status":"open","ping_status":"open","template":"","meta":{"_acf_changed":false,"footnotes":""},"tags":[],"class_list":["post-7032","page","type-page","status-publish","hentry"],"acf":[],"yoast_head":"<!-- This site is optimized with the Yoast SEO plugin v27.4 - https:\/\/yoast.com\/product\/yoast-seo-wordpress\/ -->\n<title>Descargo de responsabilidad | Abogado de lesiones personales | Denver, CO<\/title>\n<meta name=\"description\" content=\"Este sitio web s\u00f3lo tiene fines informativos. Para obtener asesoramiento jur\u00eddico, ponte en contacto con un abogado de lesiones personales del Bufete Jur\u00eddico de Dianne Sawaya en Denver, CO.\" \/>\n<meta name=\"robots\" content=\"index, follow, max-snippet:-1, max-image-preview:large, max-video-preview:-1\" \/>\n<link rel=\"canonical\" href=\"https:\/\/dlslawfirm.com\/es\/descargo-de-responsabilidad\/\" \/>\n<meta property=\"og:locale\" content=\"es_MX\" \/>\n<meta property=\"og:type\" content=\"article\" \/>\n<meta property=\"og:title\" content=\"Descargo de responsabilidad | Abogado de lesiones personales | Denver, CO\" \/>\n<meta property=\"og:description\" content=\"Este sitio web s\u00f3lo tiene fines informativos. Para obtener asesoramiento jur\u00eddico, ponte en contacto con un abogado de lesiones personales del Bufete Jur\u00eddico de Dianne Sawaya en Denver, CO.\" \/>\n<meta property=\"og:url\" content=\"https:\/\/dlslawfirm.com\/es\/descargo-de-responsabilidad\/\" \/>\n<meta property=\"og:site_name\" content=\"Law Offices of Dianne Sawaya LLC- En Espanol\" \/>\n<meta name=\"twitter:card\" content=\"summary_large_image\" \/>\n<meta name=\"twitter:label1\" content=\"Est. reading time\" \/>\n\t<meta name=\"twitter:data1\" content=\"1 minuto\" \/>\n<script type=\"application\/ld+json\" class=\"yoast-schema-graph\">{\"@context\":\"https:\\\/\\\/schema.org\",\"@graph\":[{\"@type\":\"WebPage\",\"@id\":\"https:\\\/\\\/dlslawfirm.com\\\/es\\\/descargo-de-responsabilidad\\\/\",\"url\":\"https:\\\/\\\/dlslawfirm.com\\\/es\\\/descargo-de-responsabilidad\\\/\",\"name\":\"Descargo de responsabilidad | Abogado de lesiones personales | Denver, CO\",\"isPartOf\":{\"@id\":\"https:\\\/\\\/dlslawfirm.com\\\/es\\\/#website\"},\"datePublished\":\"2015-04-09T14:40:10+00:00\",\"description\":\"Este sitio web s\u00f3lo tiene fines informativos. Para obtener asesoramiento jur\u00eddico, ponte en contacto con un abogado de lesiones personales del Bufete Jur\u00eddico de Dianne Sawaya en Denver, CO.\",\"breadcrumb\":{\"@id\":\"https:\\\/\\\/dlslawfirm.com\\\/es\\\/descargo-de-responsabilidad\\\/#breadcrumb\"},\"inLanguage\":\"es\",\"potentialAction\":[{\"@type\":\"ReadAction\",\"target\":[\"https:\\\/\\\/dlslawfirm.com\\\/es\\\/descargo-de-responsabilidad\\\/\"]}]},{\"@type\":\"BreadcrumbList\",\"@id\":\"https:\\\/\\\/dlslawfirm.com\\\/es\\\/descargo-de-responsabilidad\\\/#breadcrumb\",\"itemListElement\":[{\"@type\":\"ListItem\",\"position\":1,\"name\":\"Home\",\"item\":\"https:\\\/\\\/dlslawfirm.com\\\/es\\\/\"},{\"@type\":\"ListItem\",\"position\":2,\"name\":\"Descargo de responsabilidad\"}]},{\"@type\":\"WebSite\",\"@id\":\"https:\\\/\\\/dlslawfirm.com\\\/es\\\/#website\",\"url\":\"https:\\\/\\\/dlslawfirm.com\\\/es\\\/\",\"name\":\"Law Offices of Dianne Sawaya LLC- En Espanol\",\"description\":\"\",\"potentialAction\":[{\"@type\":\"SearchAction\",\"target\":{\"@type\":\"EntryPoint\",\"urlTemplate\":\"https:\\\/\\\/dlslawfirm.com\\\/es\\\/?s={search_term_string}\"},\"query-input\":{\"@type\":\"PropertyValueSpecification\",\"valueRequired\":true,\"valueName\":\"search_term_string\"}}],\"inLanguage\":\"es\"}]}<\/script>\n<!-- \/ Yoast SEO plugin. -->","yoast_head_json":{"title":"Descargo de responsabilidad | Abogado de lesiones personales | Denver, CO","description":"Este sitio web s\u00f3lo tiene fines informativos. Para obtener asesoramiento jur\u00eddico, ponte en contacto con un abogado de lesiones personales del Bufete Jur\u00eddico de Dianne Sawaya en Denver, CO.","robots":{"index":"index","follow":"follow","max-snippet":"max-snippet:-1","max-image-preview":"max-image-preview:large","max-video-preview":"max-video-preview:-1"},"canonical":"https:\/\/dlslawfirm.com\/es\/descargo-de-responsabilidad\/","og_locale":"es_MX","og_type":"article","og_title":"Descargo de responsabilidad | Abogado de lesiones personales | Denver, CO","og_description":"Este sitio web s\u00f3lo tiene fines informativos. Para obtener asesoramiento jur\u00eddico, ponte en contacto con un abogado de lesiones personales del Bufete Jur\u00eddico de Dianne Sawaya en Denver, CO.","og_url":"https:\/\/dlslawfirm.com\/es\/descargo-de-responsabilidad\/","og_site_name":"Law Offices of Dianne Sawaya LLC- En Espanol","twitter_card":"summary_large_image","twitter_misc":{"Est. reading time":"1 minuto"},"schema":{"@context":"https:\/\/schema.org","@graph":[{"@type":"WebPage","@id":"https:\/\/dlslawfirm.com\/es\/descargo-de-responsabilidad\/","url":"https:\/\/dlslawfirm.com\/es\/descargo-de-responsabilidad\/","name":"Descargo de responsabilidad | Abogado de lesiones personales | Denver, CO","isPartOf":{"@id":"https:\/\/dlslawfirm.com\/es\/#website"},"datePublished":"2015-04-09T14:40:10+00:00","description":"Este sitio web s\u00f3lo tiene fines informativos. Para obtener asesoramiento jur\u00eddico, ponte en contacto con un abogado de lesiones personales del Bufete Jur\u00eddico de Dianne Sawaya en Denver, CO.","breadcrumb":{"@id":"https:\/\/dlslawfirm.com\/es\/descargo-de-responsabilidad\/#breadcrumb"},"inLanguage":"es","potentialAction":[{"@type":"ReadAction","target":["https:\/\/dlslawfirm.com\/es\/descargo-de-responsabilidad\/"]}]},{"@type":"BreadcrumbList","@id":"https:\/\/dlslawfirm.com\/es\/descargo-de-responsabilidad\/#breadcrumb","itemListElement":[{"@type":"ListItem","position":1,"name":"Home","item":"https:\/\/dlslawfirm.com\/es\/"},{"@type":"ListItem","position":2,"name":"Descargo de responsabilidad"}]},{"@type":"WebSite","@id":"https:\/\/dlslawfirm.com\/es\/#website","url":"https:\/\/dlslawfirm.com\/es\/","name":"Law Offices of Dianne Sawaya LLC- En Espanol","description":"","potentialAction":[{"@type":"SearchAction","target":{"@type":"EntryPoint","urlTemplate":"https:\/\/dlslawfirm.com\/es\/?s={search_term_string}"},"query-input":{"@type":"PropertyValueSpecification","valueRequired":true,"valueName":"search_term_string"}}],"inLanguage":"es"}]}},"_links":{"self":[{"href":"https:\/\/dlslawfirm.com\/es\/wp-json\/wp\/v2\/pages\/7032","targetHints":{"allow":["GET"]}}],"collection":[{"href":"https:\/\/dlslawfirm.com\/es\/wp-json\/wp\/v2\/pages"}],"about":[{"href":"https:\/\/dlslawfirm.com\/es\/wp-json\/wp\/v2\/types\/page"}],"author":[{"embeddable":true,"href":"https:\/\/dlslawfirm.com\/es\/wp-json\/wp\/v2\/users\/2"}],"replies":[{"embeddable":true,"href":"https:\/\/dlslawfirm.com\/es\/wp-json\/wp\/v2\/comments?post=7032"}],"version-history":[{"count":0,"href":"https:\/\/dlslawfirm.com\/es\/wp-json\/wp\/v2\/pages\/7032\/revisions"}],"wp:attachment":[{"href":"https:\/\/dlslawfirm.com\/es\/wp-json\/wp\/v2\/media?parent=7032"}],"wp:term":[{"taxonomy":"post_tag","embeddable":true,"href":"https:\/\/dlslawfirm.com\/es\/wp-json\/wp\/v2\/tags?post=7032"}],"curies":[{"name":"wp","href":"https:\/\/api.w.org\/{rel}","templated":true}]}}