{"id":7029,"date":"2015-04-21T16:13:24","date_gmt":"2015-04-21T16:13:24","guid":{"rendered":"https:\/\/dlslawfirm.com\/abogados-de-colorado-especializados-en-lesiones-personales\/abogado-de-mordeduras-de-perro-en-denver-colorado\/"},"modified":"2015-04-21T16:13:24","modified_gmt":"2015-04-21T16:13:24","slug":"abogado-de-mordeduras-de-perro-en-denver-colorado","status":"publish","type":"page","link":"https:\/\/dlslawfirm.com\/es\/abogados-de-colorado-especializados-en-lesiones-personales\/abogado-de-mordeduras-de-perro-en-denver-colorado\/","title":{"rendered":"Abogado de mordeduras de perro en Denver, Colorado"},"content":{"rendered":"<h2>Abogados de lesiones por ataque de perro<\/h2>\n<p>Hay una raz\u00f3n por la que al perro se le llama el mejor amigo del hombre. Nuestras mascotas son nuestros compa\u00f1eros constantes y nos quieren incondicionalmente.<\/p>\n<p>Es esa amistad constante la que pilla desprevenida a la mayor\u00eda de la gente cuando se ve implicada en un ataque de perro. Imaginamos que todos los perros son tan amistosos como nuestras queridas mascotas familiares, pero, por desgracia, no es as\u00ed.<\/p>\n<p>Los ataques de perros ocurren m\u00e1s a menudo de lo que cabr\u00eda esperar. Seg\u00fan el <a href=\"http:\/\/www.cdc.gov\/\" target=\"_blank\" rel=\"noopener noreferrer\">Centro de Control y Prevenci\u00f3n de Enfermedades<\/a>, las mordeduras de perro se producen cada 75 segundos en Estados Unidos. Y cuando ocurren, dejan a las familias absolutamente destrozadas. Si t\u00fa mismo fuiste agredido o conoces a alguien que lo fue, comprendes realmente los efectos traum\u00e1ticos de este tipo de agresi\u00f3n. Cuando los perros agresivos atacan a las personas, les dejan heridas, algunas de por vida. Algunas cicatrices se curan con el tiempo, pero los recuerdos del trauma nunca desaparecer\u00e1n. Por desgracia, a veces los ataques de perros son incluso mortales. Los ni\u00f1os y los ancianos son v\u00edctimas frecuentes de estos ataques mortales de perros.<\/p>\n[cta_interior title=&#8221;CTA Interior&#8221;]\n<p>La recuperaci\u00f3n no ser\u00e1 instant\u00e1nea tras tu ataque o el de tu ser querido. Se necesitar\u00e1 tiempo, apoyo y dinero para superarlo de verdad. En el Bufete de Dianne Sawaya, nuestros abogados hablan con familias como t\u00fa sobre sus traum\u00e1ticas experiencias con mordeduras de perro. Est\u00e1n emocional y f\u00edsicamente marcados por la experiencia, pero quieren superarla. Quieren curarse. Sin embargo, parte de esa curaci\u00f3n tiene un precio. Si te han agredido, es probable que hayas pedido la baja laboral. Has utilizado tus d\u00edas de vacaciones y agotado tu cuenta de ahorros para emergencias. Las operaciones y las sesiones de terapia no son baratas ni mucho menos, pero har\u00e1s lo que sea para recuperarte totalmente.<\/p>\n<p>Por ese motivo, entre otros, en el Bufete de Dianne Sawaya te animamos a que trabajes con nuestros abogados tras el ataque por mordedura de perro. Tu recuperaci\u00f3n es lo primero y queremos ayudar a tu familia a curarse en todo lo que podamos.<\/p>\n<p>Los ataques de animales viciosos pueden provocar lesiones graves, dolor y sufrimiento, y cicatrices desfigurantes. Es especialmente duro para los ni\u00f1os, que pueden sufrir verg\u00fcenza y angustia emocional. Pueden desarrollar miedo a los animales en general y tener miedo de salir a pasear o montar en bicicleta, preocupados por si les vuelven a morder. Las personas que sufren mordeduras de animales pueden necesitar tratamiento no s\u00f3lo de m\u00e9dicos, sino tambi\u00e9n de consejeros y otros expertos. Te encontraremos el m\u00e9dico, terapeuta o cirujano pl\u00e1stico que necesitas. En el Bufete de Dianne Sawaya podemos ayudarte a ti o a tu hijo a recibir tratamiento por tus lesiones f\u00edsicas. Y podemos ayudarte a emprender el camino de la recuperaci\u00f3n de los traum\u00e1ticos problemas emocionales causados por el atentado.<\/p>\n<p>Te proporcionaremos una atenci\u00f3n personalizada a ti y a tu familia. Se trata de una experiencia emocional y traum\u00e1tica, y nuestros abogados especializados en mordeduras de perro de Denver quieren acompa\u00f1arte en cada paso del camino. Si t\u00fa o un miembro de tu familia hab\u00e9is sido v\u00edctimas de un ataque por mordedura de perro, ponte en contacto con nuestros compasivos y agresivos abogados de lesiones personales. Estamos entregados a tu recuperaci\u00f3n. Deja que te ayudemos a superar este trauma. \u00a1Llama a nuestra oficina de Denver y pregunta por Dianne!<\/p>\n<h2>Entender las leyes de Colorado sobre mordeduras de perro &#8211; \u00bfDe qui\u00e9n es la culpa del ataque?<\/h2>\n<p>Las leyes de Colorado sobre lesiones personales son dif\u00edciles de entender, sobre todo cuando se trata de mordeduras de perro. Como v\u00edctima, lo \u00fanico que sabes es que te han mordido con sa\u00f1a. S\u00f3lo conoces el dolor y la tristeza que has experimentado desde que ocurri\u00f3. Tus familiares y amigos te dicen que busques ayuda legal, pero ni siquiera entiendes lo que eso significa. Ah\u00ed es donde entramos nosotros.<\/p>\n<p>Sabemos que las leyes de Colorado sobre mordeduras de perro no son f\u00e1ciles de comprender. Cuando acudas a nosotros, nos sentaremos y te explicaremos todo el proceso. Si tienes preguntas, siempre haremos todo lo posible por darte la respuesta. Puede que tengas preguntas como: &#8220;\u00bfY si el perro no llevaba correa?&#8221; o &#8220;\u00bfY si hab\u00eda una se\u00f1al de advertencia?&#8221;. Probablemente te est\u00e9s preguntando: &#8220;\u00bfDe qui\u00e9n es la culpa del atentado?&#8221;.<\/p>\n<p>Es natural tener este tipo de preguntas despu\u00e9s de un ataque como el tuyo. Por favor, no tengas miedo de preguntarles. Hablar con un abogado experto en lesiones por mordedura de perro de Colorado puede ser de gran ayuda en el proceso, aclarar cualquier confusi\u00f3n y, lo que es m\u00e1s importante, ayudarte a relajarte. Ya est\u00e1s sufriendo suficiente estr\u00e9s debido a tus abrumadoras lesiones. Nos esforzamos por proporcionarte un proceso legal sin estr\u00e9s. Llamar a nuestra oficina de Denver deber\u00eda aliviarte de las preocupaciones con las que has estado lidiando. Somos tus defensores, tu familia y tus luchadores. Queremos lo mejor para ti y tu familia.<\/p>\n<h2>Contacta hoy con nuestra oficina de Denver<\/h2>\n<p>En el Bufete de Dianne Sawaya queremos que te sientas mejor. Queremos que recibas una indemnizaci\u00f3n por los da\u00f1os sufridos. Y lo que es m\u00e1s importante, queremos que vuelvas a tu vida normal. Te ayudamos a conseguirlo gracias a nuestras relaciones con los proveedores m\u00e9dicos de la zona. Tenemos contactos con algunos de los mejores m\u00e9dicos de distintos campos. Esto nos ayuda de muchas formas distintas.<\/p>\n<p>En primer lugar, estamos muy familiarizados con los distintos tratamientos m\u00e9dicos, por lo que podemos ayudarte a comprender todas tus opciones m\u00e9dicas tras una mordedura o ataque de perro. La decisi\u00f3n de someterse a una determinada intervenci\u00f3n quir\u00fargica u operaci\u00f3n no siempre es tan f\u00e1cil como decir un simple s\u00ed o un no. Aunque no somos m\u00e9dicos, conocemos los procedimientos m\u00e9dicos, por lo que podemos explicarlos en t\u00e9rminos sencillos, con la esperanza de ayudarte a tomar estas dif\u00edciles decisiones.<\/p>\n<p>En segundo lugar, nuestro bufete es muy respetado en la comunidad m\u00e9dica, lo que significa que podemos conseguir opciones de tratamiento favorables para clientes que de otro modo no podr\u00edan obtenerlo. Sufrir un ataque puede ser muy aterrador y confuso, haremos todo lo que est\u00e9 en nuestra mano para ayudarte a volver a tu vida normal.<\/p>\n<p>Si t\u00fa o alguien que conoces ha sido atacado por un perro, no dudes en ponerte en contacto con nosotros hoy mismo. \u00a1 <a title=\"Dianne Sawaya\" href=\"\/\/dlslawfirm.com\/abogados\/dianne-sawaya-abogada-principal-de-lesiones-personales\/\" target=\"_blank\" rel=\"noopener noreferrer\">Pregunta por Dianne<\/a>!<\/p>\n<p style=\"text-align: center\"><a class=\"button\" href=\"https:\/\/dlslawfirm.com\/dog-bite-safety\/\">M\u00e1s informaci\u00f3n sobre la seguridad ante las mordeduras de perro<\/a><\/p>\n","protected":false},"excerpt":{"rendered":"<p>Abogados de lesiones por ataque de perro Hay una raz\u00f3n por la que al perro se le llama el mejor amigo del hombre. Nuestras mascotas son nuestros compa\u00f1eros constantes y nos quieren incondicionalmente. Es esa amistad constante la que pilla desprevenida a la mayor\u00eda de la gente cuando se ve implicada en un ataque de&#8230;<\/p>\n","protected":false},"author":2,"featured_media":0,"parent":6948,"menu_order":166,"comment_status":"open","ping_status":"open","template":"","meta":{"_acf_changed":false,"footnotes":""},"tags":[],"class_list":["post-7029","page","type-page","status-publish","hentry"],"acf":[],"yoast_head":"<!-- This site is optimized with the Yoast SEO plugin v27.4 - https:\/\/yoast.com\/product\/yoast-seo-wordpress\/ -->\n<title>Abogados de Mordeduras de Perro | Despacho Jur\u00eddico de Dianne Sawaya | Denver, CO<\/title>\n<meta name=\"description\" content=\"En el Bufete de Dianne Sawaya queremos que te sientas mejor. Queremos que recibas una indemnizaci\u00f3n por los da\u00f1os sufridos. Y lo que es m\u00e1s importante, queremos que vuelvas a tu vida normal. Si t\u00fa o alguien que conoces ha sido atacado por un perro, no dudes en ponerte en contacto con nosotros hoy mismo. \u00a1Pregunta por Dianne!\" \/>\n<meta name=\"robots\" content=\"index, follow, max-snippet:-1, max-image-preview:large, max-video-preview:-1\" \/>\n<link rel=\"canonical\" href=\"https:\/\/dlslawfirm.com\/es\/abogados-de-colorado-especializados-en-lesiones-personales\/abogado-de-mordeduras-de-perro-en-denver-colorado\/\" \/>\n<meta property=\"og:locale\" content=\"es_MX\" \/>\n<meta property=\"og:type\" content=\"article\" \/>\n<meta property=\"og:title\" content=\"Abogados de Mordeduras de Perro | Despacho Jur\u00eddico de Dianne Sawaya | Denver, CO\" \/>\n<meta property=\"og:description\" content=\"En el Bufete de Dianne Sawaya queremos que te sientas mejor. Queremos que recibas una indemnizaci\u00f3n por los da\u00f1os sufridos. Y lo que es m\u00e1s importante, queremos que vuelvas a tu vida normal. Si t\u00fa o alguien que conoces ha sido atacado por un perro, no dudes en ponerte en contacto con nosotros hoy mismo. \u00a1Pregunta por Dianne!\" \/>\n<meta property=\"og:url\" content=\"https:\/\/dlslawfirm.com\/es\/abogados-de-colorado-especializados-en-lesiones-personales\/abogado-de-mordeduras-de-perro-en-denver-colorado\/\" \/>\n<meta property=\"og:site_name\" content=\"Law Offices of Dianne Sawaya LLC- En Espanol\" \/>\n<meta name=\"twitter:card\" content=\"summary_large_image\" \/>\n<meta name=\"twitter:label1\" content=\"Est. reading time\" \/>\n\t<meta name=\"twitter:data1\" content=\"6 minutos\" \/>\n<script type=\"application\/ld+json\" class=\"yoast-schema-graph\">{\"@context\":\"https:\\\/\\\/schema.org\",\"@graph\":[{\"@type\":\"WebPage\",\"@id\":\"https:\\\/\\\/dlslawfirm.com\\\/es\\\/abogados-de-colorado-especializados-en-lesiones-personales\\\/abogado-de-mordeduras-de-perro-en-denver-colorado\\\/\",\"url\":\"https:\\\/\\\/dlslawfirm.com\\\/es\\\/abogados-de-colorado-especializados-en-lesiones-personales\\\/abogado-de-mordeduras-de-perro-en-denver-colorado\\\/\",\"name\":\"Abogados de Mordeduras de Perro | Despacho Jur\u00eddico de Dianne Sawaya | Denver, CO\",\"isPartOf\":{\"@id\":\"https:\\\/\\\/dlslawfirm.com\\\/es\\\/#website\"},\"datePublished\":\"2015-04-21T16:13:24+00:00\",\"description\":\"En el Bufete de Dianne Sawaya queremos que te sientas mejor. Queremos que recibas una indemnizaci\u00f3n por los da\u00f1os sufridos. Y lo que es m\u00e1s importante, queremos que vuelvas a tu vida normal. Si t\u00fa o alguien que conoces ha sido atacado por un perro, no dudes en ponerte en contacto con nosotros hoy mismo. \u00a1Pregunta por Dianne!\",\"breadcrumb\":{\"@id\":\"https:\\\/\\\/dlslawfirm.com\\\/es\\\/abogados-de-colorado-especializados-en-lesiones-personales\\\/abogado-de-mordeduras-de-perro-en-denver-colorado\\\/#breadcrumb\"},\"inLanguage\":\"es\",\"potentialAction\":[{\"@type\":\"ReadAction\",\"target\":[\"https:\\\/\\\/dlslawfirm.com\\\/es\\\/abogados-de-colorado-especializados-en-lesiones-personales\\\/abogado-de-mordeduras-de-perro-en-denver-colorado\\\/\"]}]},{\"@type\":\"BreadcrumbList\",\"@id\":\"https:\\\/\\\/dlslawfirm.com\\\/es\\\/abogados-de-colorado-especializados-en-lesiones-personales\\\/abogado-de-mordeduras-de-perro-en-denver-colorado\\\/#breadcrumb\",\"itemListElement\":[{\"@type\":\"ListItem\",\"position\":1,\"name\":\"Home\",\"item\":\"https:\\\/\\\/dlslawfirm.com\\\/es\\\/\"},{\"@type\":\"ListItem\",\"position\":2,\"name\":\"Abogados de Colorado especializados en lesiones personales\",\"item\":\"https:\\\/\\\/dlslawfirm.com\\\/es\\\/abogados-de-colorado-especializados-en-lesiones-personales\\\/\"},{\"@type\":\"ListItem\",\"position\":3,\"name\":\"Abogado de mordeduras de perro en Denver, Colorado\"}]},{\"@type\":\"WebSite\",\"@id\":\"https:\\\/\\\/dlslawfirm.com\\\/es\\\/#website\",\"url\":\"https:\\\/\\\/dlslawfirm.com\\\/es\\\/\",\"name\":\"Law Offices of Dianne Sawaya LLC- En Espanol\",\"description\":\"\",\"potentialAction\":[{\"@type\":\"SearchAction\",\"target\":{\"@type\":\"EntryPoint\",\"urlTemplate\":\"https:\\\/\\\/dlslawfirm.com\\\/es\\\/?s={search_term_string}\"},\"query-input\":{\"@type\":\"PropertyValueSpecification\",\"valueRequired\":true,\"valueName\":\"search_term_string\"}}],\"inLanguage\":\"es\"}]}<\/script>\n<!-- \/ Yoast SEO plugin. -->","yoast_head_json":{"title":"Abogados de Mordeduras de Perro | Despacho Jur\u00eddico de Dianne Sawaya | Denver, CO","description":"En el Bufete de Dianne Sawaya queremos que te sientas mejor. Queremos que recibas una indemnizaci\u00f3n por los da\u00f1os sufridos. Y lo que es m\u00e1s importante, queremos que vuelvas a tu vida normal. Si t\u00fa o alguien que conoces ha sido atacado por un perro, no dudes en ponerte en contacto con nosotros hoy mismo. \u00a1Pregunta por Dianne!","robots":{"index":"index","follow":"follow","max-snippet":"max-snippet:-1","max-image-preview":"max-image-preview:large","max-video-preview":"max-video-preview:-1"},"canonical":"https:\/\/dlslawfirm.com\/es\/abogados-de-colorado-especializados-en-lesiones-personales\/abogado-de-mordeduras-de-perro-en-denver-colorado\/","og_locale":"es_MX","og_type":"article","og_title":"Abogados de Mordeduras de Perro | Despacho Jur\u00eddico de Dianne Sawaya | Denver, CO","og_description":"En el Bufete de Dianne Sawaya queremos que te sientas mejor. Queremos que recibas una indemnizaci\u00f3n por los da\u00f1os sufridos. Y lo que es m\u00e1s importante, queremos que vuelvas a tu vida normal. Si t\u00fa o alguien que conoces ha sido atacado por un perro, no dudes en ponerte en contacto con nosotros hoy mismo. \u00a1Pregunta por Dianne!","og_url":"https:\/\/dlslawfirm.com\/es\/abogados-de-colorado-especializados-en-lesiones-personales\/abogado-de-mordeduras-de-perro-en-denver-colorado\/","og_site_name":"Law Offices of Dianne Sawaya LLC- En Espanol","twitter_card":"summary_large_image","twitter_misc":{"Est. reading time":"6 minutos"},"schema":{"@context":"https:\/\/schema.org","@graph":[{"@type":"WebPage","@id":"https:\/\/dlslawfirm.com\/es\/abogados-de-colorado-especializados-en-lesiones-personales\/abogado-de-mordeduras-de-perro-en-denver-colorado\/","url":"https:\/\/dlslawfirm.com\/es\/abogados-de-colorado-especializados-en-lesiones-personales\/abogado-de-mordeduras-de-perro-en-denver-colorado\/","name":"Abogados de Mordeduras de Perro | Despacho Jur\u00eddico de Dianne Sawaya | Denver, CO","isPartOf":{"@id":"https:\/\/dlslawfirm.com\/es\/#website"},"datePublished":"2015-04-21T16:13:24+00:00","description":"En el Bufete de Dianne Sawaya queremos que te sientas mejor. Queremos que recibas una indemnizaci\u00f3n por los da\u00f1os sufridos. Y lo que es m\u00e1s importante, queremos que vuelvas a tu vida normal. Si t\u00fa o alguien que conoces ha sido atacado por un perro, no dudes en ponerte en contacto con nosotros hoy mismo. \u00a1Pregunta por Dianne!","breadcrumb":{"@id":"https:\/\/dlslawfirm.com\/es\/abogados-de-colorado-especializados-en-lesiones-personales\/abogado-de-mordeduras-de-perro-en-denver-colorado\/#breadcrumb"},"inLanguage":"es","potentialAction":[{"@type":"ReadAction","target":["https:\/\/dlslawfirm.com\/es\/abogados-de-colorado-especializados-en-lesiones-personales\/abogado-de-mordeduras-de-perro-en-denver-colorado\/"]}]},{"@type":"BreadcrumbList","@id":"https:\/\/dlslawfirm.com\/es\/abogados-de-colorado-especializados-en-lesiones-personales\/abogado-de-mordeduras-de-perro-en-denver-colorado\/#breadcrumb","itemListElement":[{"@type":"ListItem","position":1,"name":"Home","item":"https:\/\/dlslawfirm.com\/es\/"},{"@type":"ListItem","position":2,"name":"Abogados de Colorado especializados en lesiones personales","item":"https:\/\/dlslawfirm.com\/es\/abogados-de-colorado-especializados-en-lesiones-personales\/"},{"@type":"ListItem","position":3,"name":"Abogado de mordeduras de perro en Denver, Colorado"}]},{"@type":"WebSite","@id":"https:\/\/dlslawfirm.com\/es\/#website","url":"https:\/\/dlslawfirm.com\/es\/","name":"Law Offices of Dianne Sawaya LLC- En Espanol","description":"","potentialAction":[{"@type":"SearchAction","target":{"@type":"EntryPoint","urlTemplate":"https:\/\/dlslawfirm.com\/es\/?s={search_term_string}"},"query-input":{"@type":"PropertyValueSpecification","valueRequired":true,"valueName":"search_term_string"}}],"inLanguage":"es"}]}},"_links":{"self":[{"href":"https:\/\/dlslawfirm.com\/es\/wp-json\/wp\/v2\/pages\/7029","targetHints":{"allow":["GET"]}}],"collection":[{"href":"https:\/\/dlslawfirm.com\/es\/wp-json\/wp\/v2\/pages"}],"about":[{"href":"https:\/\/dlslawfirm.com\/es\/wp-json\/wp\/v2\/types\/page"}],"author":[{"embeddable":true,"href":"https:\/\/dlslawfirm.com\/es\/wp-json\/wp\/v2\/users\/2"}],"replies":[{"embeddable":true,"href":"https:\/\/dlslawfirm.com\/es\/wp-json\/wp\/v2\/comments?post=7029"}],"version-history":[{"count":0,"href":"https:\/\/dlslawfirm.com\/es\/wp-json\/wp\/v2\/pages\/7029\/revisions"}],"up":[{"embeddable":true,"href":"https:\/\/dlslawfirm.com\/es\/wp-json\/wp\/v2\/pages\/6948"}],"wp:attachment":[{"href":"https:\/\/dlslawfirm.com\/es\/wp-json\/wp\/v2\/media?parent=7029"}],"wp:term":[{"taxonomy":"post_tag","embeddable":true,"href":"https:\/\/dlslawfirm.com\/es\/wp-json\/wp\/v2\/tags?post=7029"}],"curies":[{"name":"wp","href":"https:\/\/api.w.org\/{rel}","templated":true}]}}