{"id":7021,"date":"2015-04-10T04:52:13","date_gmt":"2015-04-10T04:52:13","guid":{"rendered":"https:\/\/dlslawfirm.com\/abogados-de-colorado-especializados-en-lesiones-personales\/abogado-de-accidentes-de-construccion-en-denver\/"},"modified":"2015-04-10T04:52:13","modified_gmt":"2015-04-10T04:52:13","slug":"abogado-de-accidentes-de-construccion-en-denver","status":"publish","type":"page","link":"https:\/\/dlslawfirm.com\/es\/abogados-de-colorado-especializados-en-lesiones-personales\/abogado-de-accidentes-de-construccion-en-denver\/","title":{"rendered":"Abogado de accidentes de construcci\u00f3n en Denver"},"content":{"rendered":"<h2>Abogados de Indemnizaci\u00f3n Laboral dispuestos a ayudarte<\/h2>\n<p>Un accidente en la construcci\u00f3n puede ser devastador para todos los implicados. Con una maquinaria tan pesada, la necesidad de precisi\u00f3n en la ejecuci\u00f3n y, a menudo, proyectos con plazos muy ajustados, no es de extra\u00f1ar que se produzcan lesiones en la obra, tanto a trabajadores como a transe\u00fantes inocentes.<\/p>\n<p>Si te has lesionado en un accidente de construcci\u00f3n en la zona de Denver, Colorado, es probable que un sinf\u00edn de preguntas ronden tu vida cotidiana. Seguramente te estar\u00e1s preguntando:<\/p>\n<ul>\n<li><a href=\"\/\/dlslawfirm.com\/preguntas-legales-frecuentes\/#auto14\">\u00bfC\u00f3mo pagar\u00e9 mis facturas m\u00e9dicas?<\/a><\/li>\n<li><a href=\"\/\/dlslawfirm.com\/preguntas-legales-frecuentes\/#auto1\">\u00bfC\u00f3mo s\u00e9 si tengo derecho a reclamar?<\/a><\/li>\n<li><a href=\"\/\/dlslawfirm.com\/preguntas-legales-frecuentes\/#auto5\">\u00bfNo puedo hacerlo por mi cuenta?<\/a><\/li>\n<li><a href=\"\/\/dlslawfirm.com\/preguntas-legales-frecuentes\/#auto4\">\u00bfDeber\u00eda pedir una segunda opini\u00f3n?<\/a><\/li>\n<li><a href=\"\/\/dlslawfirm.com\/preguntas-legales-frecuentes\/#auto23\">\u00bfTengo derecho a una indemnizaci\u00f3n por accidente laboral?<\/a><\/li>\n<li><a href=\"\/\/dlslawfirm.com\/preguntas-legales-frecuentes\/#auto20\">\u00bfY si me llama la compa\u00f1\u00eda de seguros?<\/a><\/li>\n<\/ul>\n<p>En The Law Offices of Dianne L. Sawaya LLC, comprendemos las preocupaciones a las que t\u00fa y tu familia os enfrent\u00e1is. Nuestro equipo de <a href=\"\/\/dlslawfirm.com\/abogados\/\">abogados<\/a> expertos en <a href=\"\/\/dlslawfirm.com\/abogados\/\">accidentes de la construcci\u00f3n en Denver<\/a> puede ayudarte a tranquilizarte respondiendo a las preguntas dif\u00edciles, explic\u00e1ndote todas tus opciones legales y m\u00e9dicas, y gui\u00e1ndote por el camino m\u00e1s beneficioso para tu bienestar.<\/p>\n<h2>\u00bfQu\u00e9 hacer despu\u00e9s de sufrir lesiones en el trabajo?<\/h2>\n<p>Si te has lesionado en el trabajo en Denver, puedes tener derecho a prestaciones de <a href=\"\/\/dlslawfirm.com\/lesion-personal\/indemnizacion-trabajadores-abogado\/\">indemnizaci\u00f3n por accidente laboral<\/a>. En caso de que la negligencia de otra persona (como un contratista, subcontratista o fabricante de productos) haya provocado un accidente de construcci\u00f3n que te haya causado lesiones sin culpa por tu parte, es posible que puedas presentar una reclamaci\u00f3n de responsabilidad civil para obtener una indemnizaci\u00f3n adicional por tus lesiones.<\/p>\n[cta_interior title=&#8221;CTA Interior&#8221;]\n<p>Ponte <a href=\"\/\/dlslawfirm.com\/contacto-nos\/\">en<\/a> contacto hoy mismo con nuestros <a href=\"\/\/dlslawfirm.com\/abogados\/\">abogados<\/a> expertos en accidentes de construcci\u00f3n de Colorado si te has lesionado en el lugar de trabajo. Aunque no est\u00e9s seguro de qui\u00e9n tuvo la culpa, nuestro equipo puede ayudarte a determinar si puedes o no solicitar una indemnizaci\u00f3n por tus lesiones.<\/p>\n<p><img loading=\"lazy\" decoding=\"async\" class=\"alignnone size-full wp-image-2407\" src=\"\/\/dlslawfirm.com\/wp-content\/uploads\/2015\/04\/construction-accidents1.jpg\" alt=\"accidentes en la construcci\u00f3n\" width=\"410\" height=\"231\"><\/p>\n<h2>C\u00f3mo podemos ayudarte<\/h2>\n<p>Al desarrollar tu caso de accidente en la construcci\u00f3n, los abogados de lesiones por accidente en la construcci\u00f3n de Denver del bufete <a href=\"\/\/dlslawfirm.com\/abogados\/\">de abogados de Dianne L. Sawaya LLC<\/a> consultan a profesionales m\u00e9dicos, electricistas, expertos en seguridad en la construcci\u00f3n, expertos en incendios y otros profesionales que entienden de obras de construcci\u00f3n. Desde el primer momento en que te pones en contacto con nuestro bufete, nos mantenemos en estrecho contacto contigo, actuando como tu asesor de confianza mientras trabajamos juntos en cada paso del proceso.<\/p>\n<p><a class=\"button\" href=\"\/\/dlslawfirm.com\/contacto-nos\/\">Contacta con nuestra oficina<\/a><\/p>\n<h2>Centrarte en tu salud<\/h2>\n<p><img loading=\"lazy\" decoding=\"async\" class=\"alignnone size-full wp-image-2410\" src=\"\/\/dlslawfirm.com\/wp-content\/uploads\/2015\/04\/wheelchair.jpg\" alt=\"silla de ruedas\" width=\"450\" height=\"300\"><\/p>\n<p>En The Law Offices of Dianne L. Sawaya LLC, creemos que tu salud, tanto en el futuro a corto como a largo plazo, est\u00e1 por encima de todo. Por eso nos enorgullecemos de ser muy respetados por la comunidad m\u00e9dica de Denver. Nuestros abogados conocen a los profesionales m\u00e9dicos que pueden ayudarte a obtener el tratamiento y los cuidados que necesitas tras un accidente de la construcci\u00f3n.<\/p>\n<p>Cuando eliges a nuestro equipo para que te ayude en esta dura etapa de tu vida, nuestro primer objetivo es ponerte en contacto con profesionales m\u00e9dicos competentes y atentos de Colorado. Queremos darte el tratamiento <em>adecuado<\/em> lo antes posible.<\/p>\n<h2>\u00bfTrato con la compa\u00f1\u00eda de seguros tras un accidente en la construcci\u00f3n?<\/h2>\n<p>La compa\u00f1\u00eda de seguros de la parte responsable puede dirigirse a ti para resolver tu reclamaci\u00f3n r\u00e1pidamente y por una indemnizaci\u00f3n escasa. Eso podr\u00eda dejarte a ti y a tu familia sin dinero suficiente para cubrir tus gastos m\u00e9dicos actuales y futuros, as\u00ed como los salarios que has perdido. Nuestro equipo puede ayudarte a tomar decisiones informadas y seguras con respecto a las compa\u00f1\u00edas de seguros tras una lesi\u00f3n por accidente en la construcci\u00f3n. No toleraremos indemnizaciones injustas, y lucharemos por lo que t\u00fa y tu familia necesit\u00e1is y merec\u00e9is.<\/p>\n<h2>Abogados expertos en accidentes de construcci\u00f3n en Denver<\/h2>\n<p>Si t\u00fa o un ser querido hab\u00e9is sufrido lesiones en un accidente de la construcci\u00f3n, no dejes simplemente que otros determinen tu destino. Tu subsistencia a partir de este momento depende en gran medida de en qui\u00e9n conf\u00edes para que te ayude a ti y a tu familia en estos momentos dif\u00edciles. No intentes enfrentarte a este reto t\u00fa solo: ponte en contacto con un equipo de abogados especializados en lesiones personales que comprenda las circunstancias a las que te enfrentas, tenga experiencia en ayudar a otras personas lesionadas en accidentes de construcci\u00f3n en Denver y se preocupe de verdad por tu bienestar.<\/p>\n<p>Ponte en contacto con el bufete de Dianne L. Sawaya hoy mismo. Nuestro equipo puede proporcionarte a ti y a tu familia las respuestas y soluciones que necesit\u00e1is ahora mismo, dando claridad a una situaci\u00f3n que a menudo puede parecer turbia.<\/p>\n<h2>Nuestra promesa<\/h2>\n<p><a href=\"\/\/dlslawfirm.com\/abogados\/\">Nuestros abogados<\/a> se comprometen a darte un servicio personalizado para ayudarte a ti y a tus seres queridos a buscar seguridad y tranquilidad tras una lesi\u00f3n por accidente en la construcci\u00f3n. Creemos que ahora debes centrarte en curarte, no en vadear complicados asuntos legales y luchas financieras.<\/p>\n<p>Tenemos procedimientos sofisticados que descubren los posibles problemas que puedan surgir. Nuestro equipo tambi\u00e9n investigar\u00e1 casos similares y utilizar\u00e1 ese conocimiento para ayudar a garantizar el mejor resultado posible para tu caso. <a href=\"\/\/dlslawfirm.com\/abogados\/dianne-sawaya-abogada-principal-de-lesiones-personales\/\">La<\/a> fundadora del bufete <a href=\"\/\/dlslawfirm.com\/abogados\/dianne-sawaya-abogada-principal-de-lesiones-personales\/\">, Dianne Sawaya,<\/a> revisa personalmente todos y cada uno de los casos, aplicando a tu situaci\u00f3n sus 30 a\u00f1os de experiencia jur\u00eddica.<\/p>\n<p><a href=\"\/\/dlslawfirm.com\/contacto-nos\/\">Ponte en contacto hoy mismo con nuestros abogados especializados en lesiones por accidentes de la construcci\u00f3n en Denver<\/a>. Lucharemos por la indemnizaci\u00f3n que mereces y te conseguiremos la atenci\u00f3n m\u00e9dica y el tratamiento que necesitas.<\/p>\n<p><a class=\"button\" href=\"\/\/dlslawfirm.com\/contacto-nos\/\">Contacta con nuestra oficina<\/a><\/p>\n<h2>Sin compromiso<\/h2>\n<p>Cuando llames a <a href=\"\/\/dlslawfirm.com\/contacto-nos\/\">The Law Offices of Dianne L. Sawaya LLC<\/a>, debes saber que no hay ninguna obligaci\u00f3n. Un abogado experto en accidentes de la construcci\u00f3n determinar\u00e1 tus opciones legales y te explicar\u00e1 c\u00f3mo creemos que debes proceder. Y recuerda: si trabajamos juntos, no cobraremos si t\u00fa no cobras.<\/p>\n","protected":false},"excerpt":{"rendered":"<p>Abogados de Indemnizaci\u00f3n Laboral dispuestos a ayudarte Un accidente en la construcci\u00f3n puede ser devastador para todos los implicados. Con una maquinaria tan pesada, la necesidad de precisi\u00f3n en la ejecuci\u00f3n y, a menudo, proyectos con plazos muy ajustados, no es de extra\u00f1ar que se produzcan lesiones en la obra, tanto a trabajadores como a&#8230;<\/p>\n","protected":false},"author":2,"featured_media":0,"parent":6948,"menu_order":200,"comment_status":"open","ping_status":"open","template":"","meta":{"_acf_changed":false,"footnotes":""},"tags":[],"class_list":["post-7021","page","type-page","status-publish","hentry"],"acf":[],"yoast_head":"<!-- This site is optimized with the Yoast SEO plugin v27.3 - https:\/\/yoast.com\/product\/yoast-seo-wordpress\/ -->\n<title>Abogados de accidentes de construcci\u00f3n en Denver | Law Offices of Dianne Sawaya<\/title>\n<meta name=\"description\" content=\"Si t\u00fa o un ser querido hab\u00e9is sufrido lesiones en un accidente de la construcci\u00f3n, no dejes simplemente que otros determinen tu destino. Tu subsistencia a partir de este momento depende en gran medida de en qui\u00e9n conf\u00edes para que te ayude a ti y a tu familia en estos momentos dif\u00edciles. No intentes afrontar este reto solo. Llama hoy a nuestra oficina.\" \/>\n<meta name=\"robots\" content=\"index, follow, max-snippet:-1, max-image-preview:large, max-video-preview:-1\" \/>\n<link rel=\"canonical\" href=\"https:\/\/dlslawfirm.com\/es\/abogados-de-colorado-especializados-en-lesiones-personales\/abogado-de-accidentes-de-construccion-en-denver\/\" \/>\n<meta property=\"og:locale\" content=\"es_MX\" \/>\n<meta property=\"og:type\" content=\"article\" \/>\n<meta property=\"og:title\" content=\"Abogados de accidentes de construcci\u00f3n en Denver | Law Offices of Dianne Sawaya\" \/>\n<meta property=\"og:description\" content=\"Si t\u00fa o un ser querido hab\u00e9is sufrido lesiones en un accidente de la construcci\u00f3n, no dejes simplemente que otros determinen tu destino. Tu subsistencia a partir de este momento depende en gran medida de en qui\u00e9n conf\u00edes para que te ayude a ti y a tu familia en estos momentos dif\u00edciles. No intentes afrontar este reto solo. Llama hoy a nuestra oficina.\" \/>\n<meta property=\"og:url\" content=\"https:\/\/dlslawfirm.com\/es\/abogados-de-colorado-especializados-en-lesiones-personales\/abogado-de-accidentes-de-construccion-en-denver\/\" \/>\n<meta property=\"og:site_name\" content=\"Law Offices of Dianne Sawaya LLC- En Espanol\" \/>\n<meta name=\"twitter:card\" content=\"summary_large_image\" \/>\n<meta name=\"twitter:label1\" content=\"Est. reading time\" \/>\n\t<meta name=\"twitter:data1\" content=\"5 minutos\" \/>\n<script type=\"application\/ld+json\" class=\"yoast-schema-graph\">{\"@context\":\"https:\\\/\\\/schema.org\",\"@graph\":[{\"@type\":\"WebPage\",\"@id\":\"https:\\\/\\\/dlslawfirm.com\\\/es\\\/abogados-de-colorado-especializados-en-lesiones-personales\\\/abogado-de-accidentes-de-construccion-en-denver\\\/\",\"url\":\"https:\\\/\\\/dlslawfirm.com\\\/es\\\/abogados-de-colorado-especializados-en-lesiones-personales\\\/abogado-de-accidentes-de-construccion-en-denver\\\/\",\"name\":\"Abogados de accidentes de construcci\u00f3n en Denver | Law Offices of Dianne Sawaya\",\"isPartOf\":{\"@id\":\"https:\\\/\\\/dlslawfirm.com\\\/es\\\/#website\"},\"datePublished\":\"2015-04-10T04:52:13+00:00\",\"description\":\"Si t\u00fa o un ser querido hab\u00e9is sufrido lesiones en un accidente de la construcci\u00f3n, no dejes simplemente que otros determinen tu destino. Tu subsistencia a partir de este momento depende en gran medida de en qui\u00e9n conf\u00edes para que te ayude a ti y a tu familia en estos momentos dif\u00edciles. No intentes afrontar este reto solo. Llama hoy a nuestra oficina.\",\"breadcrumb\":{\"@id\":\"https:\\\/\\\/dlslawfirm.com\\\/es\\\/abogados-de-colorado-especializados-en-lesiones-personales\\\/abogado-de-accidentes-de-construccion-en-denver\\\/#breadcrumb\"},\"inLanguage\":\"es\",\"potentialAction\":[{\"@type\":\"ReadAction\",\"target\":[\"https:\\\/\\\/dlslawfirm.com\\\/es\\\/abogados-de-colorado-especializados-en-lesiones-personales\\\/abogado-de-accidentes-de-construccion-en-denver\\\/\"]}]},{\"@type\":\"BreadcrumbList\",\"@id\":\"https:\\\/\\\/dlslawfirm.com\\\/es\\\/abogados-de-colorado-especializados-en-lesiones-personales\\\/abogado-de-accidentes-de-construccion-en-denver\\\/#breadcrumb\",\"itemListElement\":[{\"@type\":\"ListItem\",\"position\":1,\"name\":\"Home\",\"item\":\"https:\\\/\\\/dlslawfirm.com\\\/es\\\/\"},{\"@type\":\"ListItem\",\"position\":2,\"name\":\"Abogados de Colorado especializados en lesiones personales\",\"item\":\"https:\\\/\\\/dlslawfirm.com\\\/es\\\/abogados-de-colorado-especializados-en-lesiones-personales\\\/\"},{\"@type\":\"ListItem\",\"position\":3,\"name\":\"Abogado de accidentes de construcci\u00f3n en Denver\"}]},{\"@type\":\"WebSite\",\"@id\":\"https:\\\/\\\/dlslawfirm.com\\\/es\\\/#website\",\"url\":\"https:\\\/\\\/dlslawfirm.com\\\/es\\\/\",\"name\":\"Law Offices of Dianne Sawaya LLC- En Espanol\",\"description\":\"\",\"potentialAction\":[{\"@type\":\"SearchAction\",\"target\":{\"@type\":\"EntryPoint\",\"urlTemplate\":\"https:\\\/\\\/dlslawfirm.com\\\/es\\\/?s={search_term_string}\"},\"query-input\":{\"@type\":\"PropertyValueSpecification\",\"valueRequired\":true,\"valueName\":\"search_term_string\"}}],\"inLanguage\":\"es\"}]}<\/script>\n<!-- \/ Yoast SEO plugin. -->","yoast_head_json":{"title":"Abogados de accidentes de construcci\u00f3n en Denver | Law Offices of Dianne Sawaya","description":"Si t\u00fa o un ser querido hab\u00e9is sufrido lesiones en un accidente de la construcci\u00f3n, no dejes simplemente que otros determinen tu destino. Tu subsistencia a partir de este momento depende en gran medida de en qui\u00e9n conf\u00edes para que te ayude a ti y a tu familia en estos momentos dif\u00edciles. No intentes afrontar este reto solo. Llama hoy a nuestra oficina.","robots":{"index":"index","follow":"follow","max-snippet":"max-snippet:-1","max-image-preview":"max-image-preview:large","max-video-preview":"max-video-preview:-1"},"canonical":"https:\/\/dlslawfirm.com\/es\/abogados-de-colorado-especializados-en-lesiones-personales\/abogado-de-accidentes-de-construccion-en-denver\/","og_locale":"es_MX","og_type":"article","og_title":"Abogados de accidentes de construcci\u00f3n en Denver | Law Offices of Dianne Sawaya","og_description":"Si t\u00fa o un ser querido hab\u00e9is sufrido lesiones en un accidente de la construcci\u00f3n, no dejes simplemente que otros determinen tu destino. Tu subsistencia a partir de este momento depende en gran medida de en qui\u00e9n conf\u00edes para que te ayude a ti y a tu familia en estos momentos dif\u00edciles. No intentes afrontar este reto solo. Llama hoy a nuestra oficina.","og_url":"https:\/\/dlslawfirm.com\/es\/abogados-de-colorado-especializados-en-lesiones-personales\/abogado-de-accidentes-de-construccion-en-denver\/","og_site_name":"Law Offices of Dianne Sawaya LLC- En Espanol","twitter_card":"summary_large_image","twitter_misc":{"Est. reading time":"5 minutos"},"schema":{"@context":"https:\/\/schema.org","@graph":[{"@type":"WebPage","@id":"https:\/\/dlslawfirm.com\/es\/abogados-de-colorado-especializados-en-lesiones-personales\/abogado-de-accidentes-de-construccion-en-denver\/","url":"https:\/\/dlslawfirm.com\/es\/abogados-de-colorado-especializados-en-lesiones-personales\/abogado-de-accidentes-de-construccion-en-denver\/","name":"Abogados de accidentes de construcci\u00f3n en Denver | Law Offices of Dianne Sawaya","isPartOf":{"@id":"https:\/\/dlslawfirm.com\/es\/#website"},"datePublished":"2015-04-10T04:52:13+00:00","description":"Si t\u00fa o un ser querido hab\u00e9is sufrido lesiones en un accidente de la construcci\u00f3n, no dejes simplemente que otros determinen tu destino. Tu subsistencia a partir de este momento depende en gran medida de en qui\u00e9n conf\u00edes para que te ayude a ti y a tu familia en estos momentos dif\u00edciles. No intentes afrontar este reto solo. Llama hoy a nuestra oficina.","breadcrumb":{"@id":"https:\/\/dlslawfirm.com\/es\/abogados-de-colorado-especializados-en-lesiones-personales\/abogado-de-accidentes-de-construccion-en-denver\/#breadcrumb"},"inLanguage":"es","potentialAction":[{"@type":"ReadAction","target":["https:\/\/dlslawfirm.com\/es\/abogados-de-colorado-especializados-en-lesiones-personales\/abogado-de-accidentes-de-construccion-en-denver\/"]}]},{"@type":"BreadcrumbList","@id":"https:\/\/dlslawfirm.com\/es\/abogados-de-colorado-especializados-en-lesiones-personales\/abogado-de-accidentes-de-construccion-en-denver\/#breadcrumb","itemListElement":[{"@type":"ListItem","position":1,"name":"Home","item":"https:\/\/dlslawfirm.com\/es\/"},{"@type":"ListItem","position":2,"name":"Abogados de Colorado especializados en lesiones personales","item":"https:\/\/dlslawfirm.com\/es\/abogados-de-colorado-especializados-en-lesiones-personales\/"},{"@type":"ListItem","position":3,"name":"Abogado de accidentes de construcci\u00f3n en Denver"}]},{"@type":"WebSite","@id":"https:\/\/dlslawfirm.com\/es\/#website","url":"https:\/\/dlslawfirm.com\/es\/","name":"Law Offices of Dianne Sawaya LLC- En Espanol","description":"","potentialAction":[{"@type":"SearchAction","target":{"@type":"EntryPoint","urlTemplate":"https:\/\/dlslawfirm.com\/es\/?s={search_term_string}"},"query-input":{"@type":"PropertyValueSpecification","valueRequired":true,"valueName":"search_term_string"}}],"inLanguage":"es"}]}},"_links":{"self":[{"href":"https:\/\/dlslawfirm.com\/es\/wp-json\/wp\/v2\/pages\/7021","targetHints":{"allow":["GET"]}}],"collection":[{"href":"https:\/\/dlslawfirm.com\/es\/wp-json\/wp\/v2\/pages"}],"about":[{"href":"https:\/\/dlslawfirm.com\/es\/wp-json\/wp\/v2\/types\/page"}],"author":[{"embeddable":true,"href":"https:\/\/dlslawfirm.com\/es\/wp-json\/wp\/v2\/users\/2"}],"replies":[{"embeddable":true,"href":"https:\/\/dlslawfirm.com\/es\/wp-json\/wp\/v2\/comments?post=7021"}],"version-history":[{"count":0,"href":"https:\/\/dlslawfirm.com\/es\/wp-json\/wp\/v2\/pages\/7021\/revisions"}],"up":[{"embeddable":true,"href":"https:\/\/dlslawfirm.com\/es\/wp-json\/wp\/v2\/pages\/6948"}],"wp:attachment":[{"href":"https:\/\/dlslawfirm.com\/es\/wp-json\/wp\/v2\/media?parent=7021"}],"wp:term":[{"taxonomy":"post_tag","embeddable":true,"href":"https:\/\/dlslawfirm.com\/es\/wp-json\/wp\/v2\/tags?post=7021"}],"curies":[{"name":"wp","href":"https:\/\/api.w.org\/{rel}","templated":true}]}}