{"id":7019,"date":"2015-04-09T14:15:36","date_gmt":"2015-04-09T14:15:36","guid":{"rendered":"https:\/\/dlslawfirm.com\/recursos\/"},"modified":"2015-04-09T14:15:36","modified_gmt":"2015-04-09T14:15:36","slug":"recursos","status":"publish","type":"page","link":"https:\/\/dlslawfirm.com\/es\/recursos\/","title":{"rendered":"Recursos"},"content":{"rendered":"<h2>Recursos y gu\u00edas<\/h2>\n<ul>\n<li style=\"list-style-type: none\">\n<ul>\n<li><a href=\"https:\/\/dlslawfirm.com\/es\/wp-content\/uploads\/sites\/2\/2020\/02\/CO_Moto_18.pdf\" target=\"_blank\" rel=\"noopener noreferrer\">Manual del Operador de Motocicletas de Colorado<\/a> del Departamento de Hacienda de Colorado.<\/li>\n<li><a href=\"https:\/\/dlslawfirm.com\/colorado-car-accident-guide\/\">Gu\u00eda de accidentes de tr\u00e1fico en Colorado<\/a><\/li>\n<li><a href=\"https:\/\/dlslawfirm.com\/colorado-car-accident-guide\/auto-accident-infographic\/\">Infograf\u00eda sobre accidentes de tr\u00e1fico en Colorado<\/a><\/li>\n<li><a href=\"https:\/\/dlslawfirm.com\/frequently-asked-legal-questions\/\">Preguntas frecuentes<\/a><\/li>\n<\/ul>\n<\/li>\n<\/ul>\n<h2>Infograf\u00eda<\/h2>\n<ul>\n<li><a href=\"https:\/\/dlslawfirm.com\/resources\/dls-timeline-infographic-3\/\" target=\"_blank\" rel=\"attachment noopener wp-att-4296 noreferrer\">Infograf\u00eda sobre la cronolog\u00eda de las lesiones personales<\/a><\/li>\n<\/ul>\n<h2>Libro gratuito<\/h2>\n<ul>\n<li><a href=\"https:\/\/dlslawfirm.com\/resources\/free-book-fighting-for-justice\/\">Libro gratuito: Luchar por la Justicia<\/a><\/li>\n<\/ul>\n<h2>Concursos<\/h2>\n<ul>\n<li><a href=\"https:\/\/dlslawfirm.com\/masterdrive\/\">Gana un curso gratuito de conducci\u00f3n invernal<\/a><\/li>\n<li><a href=\"https:\/\/dlslawfirm.com\/scholarship\/\">Beca Conductor Seguro 2020<\/a><\/li>\n<\/ul>\n","protected":false},"excerpt":{"rendered":"<p>Recursos y gu\u00edas Manual del Operador de Motocicletas de Colorado del Departamento de Hacienda de Colorado. Gu\u00eda de accidentes de tr\u00e1fico en Colorado Infograf\u00eda sobre accidentes de tr\u00e1fico en Colorado Preguntas frecuentes Infograf\u00eda Infograf\u00eda sobre la cronolog\u00eda de las lesiones personales Libro gratuito Libro gratuito: Luchar por la Justicia Concursos Gana un curso gratuito de&#8230;<\/p>\n","protected":false},"author":2,"featured_media":7126,"parent":0,"menu_order":207,"comment_status":"open","ping_status":"open","template":"","meta":{"_acf_changed":false,"footnotes":""},"tags":[],"class_list":["post-7019","page","type-page","status-publish","has-post-thumbnail","hentry"],"acf":[],"yoast_head":"<!-- This site is optimized with the Yoast SEO plugin v27.4 - https:\/\/yoast.com\/product\/yoast-seo-wordpress\/ -->\n<title>Recursos y gu\u00edas sobre lesiones personales | Abogado de lesiones de Colorado<\/title>\n<meta name=\"description\" content=\"En nuestra p\u00e1gina de recursos y gu\u00edas, echa un vistazo a parte de la informaci\u00f3n que proporcionamos sobre c\u00f3mo mantener la seguridad en la carretera y qu\u00e9 hacer tras un accidente.\" \/>\n<meta name=\"robots\" content=\"index, nofollow, max-snippet:-1, max-image-preview:large, max-video-preview:-1\" \/>\n<link rel=\"canonical\" href=\"https:\/\/dlslawfirm.com\/es\/recursos\/\" \/>\n<meta property=\"og:locale\" content=\"es_MX\" \/>\n<meta property=\"og:type\" content=\"article\" \/>\n<meta property=\"og:title\" content=\"Recursos y gu\u00edas sobre lesiones personales | Abogado de lesiones de Colorado\" \/>\n<meta property=\"og:description\" content=\"En nuestra p\u00e1gina de recursos y gu\u00edas, echa un vistazo a parte de la informaci\u00f3n que proporcionamos sobre c\u00f3mo mantener la seguridad en la carretera y qu\u00e9 hacer tras un accidente.\" \/>\n<meta property=\"og:url\" content=\"https:\/\/dlslawfirm.com\/es\/recursos\/\" \/>\n<meta property=\"og:site_name\" content=\"Law Offices of Dianne Sawaya LLC- En Espanol\" \/>\n<meta property=\"og:image\" content=\"https:\/\/dlslawfirm.com\/es\/wp-content\/uploads\/sites\/2\/2019\/02\/logistics-lorry-mountains-93398-e1551296775970.jpg\" \/>\n\t<meta property=\"og:image:width\" content=\"972\" \/>\n\t<meta property=\"og:image:height\" content=\"347\" \/>\n\t<meta property=\"og:image:type\" content=\"image\/jpeg\" \/>\n<meta name=\"twitter:card\" content=\"summary_large_image\" \/>\n<script type=\"application\/ld+json\" class=\"yoast-schema-graph\">{\"@context\":\"https:\\\/\\\/schema.org\",\"@graph\":[{\"@type\":\"WebPage\",\"@id\":\"https:\\\/\\\/dlslawfirm.com\\\/es\\\/recursos\\\/\",\"url\":\"https:\\\/\\\/dlslawfirm.com\\\/es\\\/recursos\\\/\",\"name\":\"Recursos y gu\u00edas sobre lesiones personales | Abogado de lesiones de Colorado\",\"isPartOf\":{\"@id\":\"https:\\\/\\\/dlslawfirm.com\\\/es\\\/#website\"},\"primaryImageOfPage\":{\"@id\":\"https:\\\/\\\/dlslawfirm.com\\\/es\\\/recursos\\\/#primaryimage\"},\"image\":{\"@id\":\"https:\\\/\\\/dlslawfirm.com\\\/es\\\/recursos\\\/#primaryimage\"},\"thumbnailUrl\":\"https:\\\/\\\/dlslawfirm.com\\\/es\\\/wp-content\\\/uploads\\\/sites\\\/2\\\/2019\\\/02\\\/logistics-lorry-mountains-93398-e1551296775970.jpg\",\"datePublished\":\"2015-04-09T14:15:36+00:00\",\"description\":\"En nuestra p\u00e1gina de recursos y gu\u00edas, echa un vistazo a parte de la informaci\u00f3n que proporcionamos sobre c\u00f3mo mantener la seguridad en la carretera y qu\u00e9 hacer tras un accidente.\",\"breadcrumb\":{\"@id\":\"https:\\\/\\\/dlslawfirm.com\\\/es\\\/recursos\\\/#breadcrumb\"},\"inLanguage\":\"es\",\"potentialAction\":[{\"@type\":\"ReadAction\",\"target\":[\"https:\\\/\\\/dlslawfirm.com\\\/es\\\/recursos\\\/\"]}]},{\"@type\":\"ImageObject\",\"inLanguage\":\"es\",\"@id\":\"https:\\\/\\\/dlslawfirm.com\\\/es\\\/recursos\\\/#primaryimage\",\"url\":\"https:\\\/\\\/dlslawfirm.com\\\/es\\\/wp-content\\\/uploads\\\/sites\\\/2\\\/2019\\\/02\\\/logistics-lorry-mountains-93398-e1551296775970.jpg\",\"contentUrl\":\"https:\\\/\\\/dlslawfirm.com\\\/es\\\/wp-content\\\/uploads\\\/sites\\\/2\\\/2019\\\/02\\\/logistics-lorry-mountains-93398-e1551296775970.jpg\",\"width\":972,\"height\":347,\"caption\":\"Semi Truck in Colorado\"},{\"@type\":\"BreadcrumbList\",\"@id\":\"https:\\\/\\\/dlslawfirm.com\\\/es\\\/recursos\\\/#breadcrumb\",\"itemListElement\":[{\"@type\":\"ListItem\",\"position\":1,\"name\":\"Home\",\"item\":\"https:\\\/\\\/dlslawfirm.com\\\/es\\\/\"},{\"@type\":\"ListItem\",\"position\":2,\"name\":\"Recursos\"}]},{\"@type\":\"WebSite\",\"@id\":\"https:\\\/\\\/dlslawfirm.com\\\/es\\\/#website\",\"url\":\"https:\\\/\\\/dlslawfirm.com\\\/es\\\/\",\"name\":\"Law Offices of Dianne Sawaya LLC- En Espanol\",\"description\":\"\",\"potentialAction\":[{\"@type\":\"SearchAction\",\"target\":{\"@type\":\"EntryPoint\",\"urlTemplate\":\"https:\\\/\\\/dlslawfirm.com\\\/es\\\/?s={search_term_string}\"},\"query-input\":{\"@type\":\"PropertyValueSpecification\",\"valueRequired\":true,\"valueName\":\"search_term_string\"}}],\"inLanguage\":\"es\"}]}<\/script>\n<!-- \/ Yoast SEO plugin. -->","yoast_head_json":{"title":"Recursos y gu\u00edas sobre lesiones personales | Abogado de lesiones de Colorado","description":"En nuestra p\u00e1gina de recursos y gu\u00edas, echa un vistazo a parte de la informaci\u00f3n que proporcionamos sobre c\u00f3mo mantener la seguridad en la carretera y qu\u00e9 hacer tras un accidente.","robots":{"index":"index","follow":"nofollow","max-snippet":"max-snippet:-1","max-image-preview":"max-image-preview:large","max-video-preview":"max-video-preview:-1"},"canonical":"https:\/\/dlslawfirm.com\/es\/recursos\/","og_locale":"es_MX","og_type":"article","og_title":"Recursos y gu\u00edas sobre lesiones personales | Abogado de lesiones de Colorado","og_description":"En nuestra p\u00e1gina de recursos y gu\u00edas, echa un vistazo a parte de la informaci\u00f3n que proporcionamos sobre c\u00f3mo mantener la seguridad en la carretera y qu\u00e9 hacer tras un accidente.","og_url":"https:\/\/dlslawfirm.com\/es\/recursos\/","og_site_name":"Law Offices of Dianne Sawaya LLC- En Espanol","og_image":[{"width":972,"height":347,"url":"https:\/\/dlslawfirm.com\/es\/wp-content\/uploads\/sites\/2\/2019\/02\/logistics-lorry-mountains-93398-e1551296775970.jpg","type":"image\/jpeg"}],"twitter_card":"summary_large_image","schema":{"@context":"https:\/\/schema.org","@graph":[{"@type":"WebPage","@id":"https:\/\/dlslawfirm.com\/es\/recursos\/","url":"https:\/\/dlslawfirm.com\/es\/recursos\/","name":"Recursos y gu\u00edas sobre lesiones personales | Abogado de lesiones de Colorado","isPartOf":{"@id":"https:\/\/dlslawfirm.com\/es\/#website"},"primaryImageOfPage":{"@id":"https:\/\/dlslawfirm.com\/es\/recursos\/#primaryimage"},"image":{"@id":"https:\/\/dlslawfirm.com\/es\/recursos\/#primaryimage"},"thumbnailUrl":"https:\/\/dlslawfirm.com\/es\/wp-content\/uploads\/sites\/2\/2019\/02\/logistics-lorry-mountains-93398-e1551296775970.jpg","datePublished":"2015-04-09T14:15:36+00:00","description":"En nuestra p\u00e1gina de recursos y gu\u00edas, echa un vistazo a parte de la informaci\u00f3n que proporcionamos sobre c\u00f3mo mantener la seguridad en la carretera y qu\u00e9 hacer tras un accidente.","breadcrumb":{"@id":"https:\/\/dlslawfirm.com\/es\/recursos\/#breadcrumb"},"inLanguage":"es","potentialAction":[{"@type":"ReadAction","target":["https:\/\/dlslawfirm.com\/es\/recursos\/"]}]},{"@type":"ImageObject","inLanguage":"es","@id":"https:\/\/dlslawfirm.com\/es\/recursos\/#primaryimage","url":"https:\/\/dlslawfirm.com\/es\/wp-content\/uploads\/sites\/2\/2019\/02\/logistics-lorry-mountains-93398-e1551296775970.jpg","contentUrl":"https:\/\/dlslawfirm.com\/es\/wp-content\/uploads\/sites\/2\/2019\/02\/logistics-lorry-mountains-93398-e1551296775970.jpg","width":972,"height":347,"caption":"Semi Truck in Colorado"},{"@type":"BreadcrumbList","@id":"https:\/\/dlslawfirm.com\/es\/recursos\/#breadcrumb","itemListElement":[{"@type":"ListItem","position":1,"name":"Home","item":"https:\/\/dlslawfirm.com\/es\/"},{"@type":"ListItem","position":2,"name":"Recursos"}]},{"@type":"WebSite","@id":"https:\/\/dlslawfirm.com\/es\/#website","url":"https:\/\/dlslawfirm.com\/es\/","name":"Law Offices of Dianne Sawaya LLC- En Espanol","description":"","potentialAction":[{"@type":"SearchAction","target":{"@type":"EntryPoint","urlTemplate":"https:\/\/dlslawfirm.com\/es\/?s={search_term_string}"},"query-input":{"@type":"PropertyValueSpecification","valueRequired":true,"valueName":"search_term_string"}}],"inLanguage":"es"}]}},"_links":{"self":[{"href":"https:\/\/dlslawfirm.com\/es\/wp-json\/wp\/v2\/pages\/7019","targetHints":{"allow":["GET"]}}],"collection":[{"href":"https:\/\/dlslawfirm.com\/es\/wp-json\/wp\/v2\/pages"}],"about":[{"href":"https:\/\/dlslawfirm.com\/es\/wp-json\/wp\/v2\/types\/page"}],"author":[{"embeddable":true,"href":"https:\/\/dlslawfirm.com\/es\/wp-json\/wp\/v2\/users\/2"}],"replies":[{"embeddable":true,"href":"https:\/\/dlslawfirm.com\/es\/wp-json\/wp\/v2\/comments?post=7019"}],"version-history":[{"count":0,"href":"https:\/\/dlslawfirm.com\/es\/wp-json\/wp\/v2\/pages\/7019\/revisions"}],"wp:featuredmedia":[{"embeddable":true,"href":"https:\/\/dlslawfirm.com\/es\/wp-json\/wp\/v2\/media\/7126"}],"wp:attachment":[{"href":"https:\/\/dlslawfirm.com\/es\/wp-json\/wp\/v2\/media?parent=7019"}],"wp:term":[{"taxonomy":"post_tag","embeddable":true,"href":"https:\/\/dlslawfirm.com\/es\/wp-json\/wp\/v2\/tags?post=7019"}],"curies":[{"name":"wp","href":"https:\/\/api.w.org\/{rel}","templated":true}]}}