{"id":7008,"date":"2015-04-21T16:13:24","date_gmt":"2015-04-21T16:13:24","guid":{"rendered":"https:\/\/dlslawfirm.com\/abogados-de-colorado-especializados-en-lesiones-personales\/abogados-de-accidentes-por-conducir-ebrio-en-denver\/"},"modified":"2015-04-21T16:13:24","modified_gmt":"2015-04-21T16:13:24","slug":"abogados-de-accidentes-por-conducir-ebrio-en-denver","status":"publish","type":"page","link":"https:\/\/dlslawfirm.com\/es\/abogados-de-colorado-especializados-en-lesiones-personales\/abogados-de-accidentes-por-conducir-ebrio-en-denver\/","title":{"rendered":"Abogados de accidentes por conducir ebrio en Denver"},"content":{"rendered":"<h2>Encontrar tu fuerza interior para hallar justicia tras la muerte de un ser querido<\/h2>\n<p class=\"BodyText1\">Los conductores ebrios se equivocan. Cometieron un grave error que mat\u00f3 a tu ser querido, y ahora te han hecho sufrir mucho, d\u00eda tras d\u00eda, noche tras noche.<\/p>\n<p>Beber y conducir es una negligencia grave en el mejor de los casos y una irresponsabilidad en el peor, y los conductores ebrios deben ser considerados responsables de sus actos. Estos accidentes devastadores matan a personas y arruinan demasiadas vidas. T\u00fa lo sabes, lo vives cada d\u00eda.<\/p>\n<p>\u00bfTe duele f\u00edsicamente, como si t\u00fa tambi\u00e9n estuvieras en el coche aquel fat\u00eddico d\u00eda\/noche? \u00bfSientes el peso de un dolor que te oprime el pecho y no desaparece? \u00bfDesear\u00edas poder volver atr\u00e1s en el tiempo, pero sabes que no puedes?<\/p>\n<p class=\"BodyText1\">Independientemente de lo que te haya dolido, es posible que, como muchas personas, dudes en recurrir a la justicia. Por mucho dolor, odio y rabia que sintamos en nuestro interior, puede dar tanto miedo pensar en demandar a otra persona y llevarla ante los tribunales que nos detenga en seco y nos impida avanzar.<\/p>\n[cta_interior title=&#8221;CTA Interior&#8221;]\n<p>\u00bfNo te has quedado atascado el tiempo suficiente? \u00bfCu\u00e1ndo es suficiente? \u00bfEst\u00e1s dispuesto a hacer justicia para ti y tu familia, pero tienes miedo de defender tus derechos frente al conductor ebrio? Est\u00e1 bien tener miedo -esto te dice que eres humano y que te importan las personas, por mucho dolor que te hayan causado-, pero no permitas que este miedo se interponga en el camino del bienestar de tu familia y de un futuro mejor. No tiene por qu\u00e9 ser as\u00ed siempre.<\/p>\n<h2>Hay justicia en el mundo, y podemos ayudarte a luchar por ella.<\/h2>\n<p>Si un conductor ebrio ha matado a un ser querido, un abogado de Denver especializado en homicidio culposo puede ayudarte a encontrar alg\u00fan tipo de justicia en forma de indemnizaci\u00f3n. Eso es lo que hacemos en el Bufete de Dianne Sawaya. Sabemos que no podemos quitarte el dolor -quiz\u00e1 nadie pueda hacerlo-, pero podemos ayudarte a aliviarlo. Lo hacemos ayud\u00e1ndote a ti y a tu familia a encontrar un final. Lo hacemos tomando un futuro financiero incierto e inestable y luchando para que vuelva a ser cierto y estable. Lo hacemos respondiendo a preguntas que hasta ahora han quedado sin respuesta y quiz\u00e1 incluso sin respuesta.<\/p>\n<p><strong>Lo hacemos luchando por ti y contigo todo el tiempo que necesites.<\/strong><\/p>\n<p>Rellena el formulario anterior o ll\u00e1manos -sin coste alguno- para hablar con un abogado especializado en homicidio culposo de Denver, Colorado, sobre c\u00f3mo podemos ayudarte.<\/p>\n<h2>\u00bfPresentar una demanda significa que ir\u00e1s a juicio?<\/h2>\n<p>\u00c9sta es una de las cosas que m\u00e1s recalcamos a nuestros clientes o a cualquiera que nos llame. Somos conscientes de que cuando decimos: &#8220;Lucharemos por ti&#8221;, puede que oigas: &#8220;Iremos a juicio por ti&#8221;. Esto no es necesariamente as\u00ed. De hecho, la inmensa mayor\u00eda de los casos de homicidio culposo y lesiones personales nunca llegan a los tribunales. En cambio, se resuelven de forma justa con la orientaci\u00f3n compasiva de un abogado especializado en lesiones personales. No dejes que tus temores a un juicio estresante e intimidatorio en una sala de tribunal te hagan desistir de buscar la justicia y la indemnizaci\u00f3n que t\u00fa y tu familia merec\u00e9is, porque lo m\u00e1s probable es que tus temores nunca se materialicen. Como tu abogado de homicidio culposo, haremos todo lo que est\u00e9 en nuestra mano para luchar por tus derechos y para que tu caso llegue a un acuerdo justo sin tener que ir nunca a juicio.<\/p>\n<p>Si lo hemos intentado una y otra vez y no podemos llegar a un acuerdo justo, s\u00f3lo entonces consideraremos la posibilidad de llevar tu caso ante los tribunales para conseguir el cierre y la indemnizaci\u00f3n que mereces, de modo que puedas curarte mejor de tus lesiones f\u00edsicas, emocionales o mentales. Si se llega al litigio, abogaremos por ti y por tu familia hasta el final, igual que hemos <a href=\"\/\/dlslawfirm.com\/results\/personal-injury-client-testimonials\/\">hecho por nuestros clientes en<\/a> el pasado.<\/p>\n<h2>\u00bfQu\u00e9 hacer si te lesiona un conductor ebrio?<\/h2>\n<p>Si has resultado herido en un accidente por un conductor ebrio, puedes ser indemnizado por gastos m\u00e9dicos, salarios perdidos, dolor y sufrimiento, y mucho m\u00e1s. Como la conducci\u00f3n bajo los efectos del alcohol es tan atroz, las v\u00edctimas de accidentes por conducci\u00f3n bajo los efectos del alcohol tambi\u00e9n pueden obtener una indemnizaci\u00f3n adicional.<\/p>\n<p class=\"BodyText1\">Los abogados especializados en accidentes por conducci\u00f3n bajo los efectos del alcohol del bufete de Dianne Sawaya elaborar\u00e1n una estrategia legal para conseguirte una indemnizaci\u00f3n por tu sufrimiento. Los casos contra conductores ebrios son m\u00e1s complejos y complejos que la mayor\u00eda de los casos de lesiones personales. Por eso es importante que cuentes con un abogado experto en accidentes por conducci\u00f3n bajo los efectos del alcohol que lleve a cabo una investigaci\u00f3n exhaustiva del accidente y re\u00fana todas las pruebas necesarias para demostrar que el conductor que te lesion\u00f3 iba bebido.<\/p>\n<p>Los abogados del bufete de Dianne Sawaya trabajan con expertos como especialistas m\u00e9dicos, reconstructores de accidentes y toxic\u00f3logos para desarrollar un caso s\u00f3lido contra el conductor negligente. Hacemos preguntas adicionales, \u00bfestaba trabajando el conductor ebrio en el momento del accidente?, \u00bfse puede responsabilizar tambi\u00e9n a ese empresario? Trabajaremos sin descanso para descubrir a todas las partes responsables que puedan haber provocado tu sufrimiento.<\/p>\n<p>Si t\u00fa o un ser querido hab\u00e9is resultado heridos o hab\u00e9is perdido a un familiar por culpa de un conductor ebrio, llama al Bufete de Dianne Sawaya al <strong>(303) 758-4777<\/strong> o <a href=\"\/\/dlslawfirm.com\/contacto-nos\/\">ponte en contacto con nosotros para una evaluaci\u00f3n gratuita de tu caso de accidente por conducci\u00f3n bajo los efectos del alcohol<\/a>. No hay ninguna obligaci\u00f3n. Y recuerda: No cobramos si t\u00fa no cobras.<\/p>\n","protected":false},"excerpt":{"rendered":"<p>Encontrar tu fuerza interior para hallar justicia tras la muerte de un ser querido Los conductores ebrios se equivocan. Cometieron un grave error que mat\u00f3 a tu ser querido, y ahora te han hecho sufrir mucho, d\u00eda tras d\u00eda, noche tras noche. Beber y conducir es una negligencia grave en el mejor de los casos&#8230;<\/p>\n","protected":false},"author":2,"featured_media":7216,"parent":6948,"menu_order":182,"comment_status":"open","ping_status":"open","template":"","meta":{"_acf_changed":false,"footnotes":""},"tags":[],"class_list":["post-7008","page","type-page","status-publish","has-post-thumbnail","hentry"],"acf":[],"yoast_head":"<!-- This site is optimized with the Yoast SEO plugin v27.3 - https:\/\/yoast.com\/product\/yoast-seo-wordpress\/ -->\n<title>Abogado de accidentes por conducir ebrio en Denver, CO | Consigue una revisi\u00f3n gratuita de tu caso<\/title>\n<meta name=\"description\" content=\"Si t\u00fa o un ser querido hab\u00e9is resultado heridos o hab\u00e9is perdido a un familiar por culpa de un conductor ebrio, llama ahora al Bufete de Dianne Sawaya.\" \/>\n<meta name=\"robots\" content=\"index, follow, max-snippet:-1, max-image-preview:large, max-video-preview:-1\" \/>\n<link rel=\"canonical\" href=\"https:\/\/dlslawfirm.com\/es\/abogados-de-colorado-especializados-en-lesiones-personales\/abogados-de-accidentes-por-conducir-ebrio-en-denver\/\" \/>\n<meta property=\"og:locale\" content=\"es_MX\" \/>\n<meta property=\"og:type\" content=\"article\" \/>\n<meta property=\"og:title\" content=\"Abogado de accidentes por conducir ebrio en Denver, CO | Consigue una revisi\u00f3n gratuita de tu caso\" \/>\n<meta property=\"og:description\" content=\"Si t\u00fa o un ser querido hab\u00e9is resultado heridos o hab\u00e9is perdido a un familiar por culpa de un conductor ebrio, llama ahora al Bufete de Dianne Sawaya.\" \/>\n<meta property=\"og:url\" content=\"https:\/\/dlslawfirm.com\/es\/abogados-de-colorado-especializados-en-lesiones-personales\/abogados-de-accidentes-por-conducir-ebrio-en-denver\/\" \/>\n<meta property=\"og:site_name\" content=\"Law Offices of Dianne Sawaya LLC- En Espanol\" \/>\n<meta property=\"og:image\" content=\"https:\/\/dlslawfirm.com\/es\/wp-content\/uploads\/sites\/2\/2019\/03\/car-dark-drive-754147.jpg\" \/>\n\t<meta property=\"og:image:width\" content=\"1000\" \/>\n\t<meta property=\"og:image:height\" content=\"522\" \/>\n\t<meta property=\"og:image:type\" content=\"image\/jpeg\" \/>\n<meta name=\"twitter:card\" content=\"summary_large_image\" \/>\n<meta name=\"twitter:label1\" content=\"Est. reading time\" \/>\n\t<meta name=\"twitter:data1\" content=\"5 minutos\" \/>\n<script type=\"application\/ld+json\" class=\"yoast-schema-graph\">{\"@context\":\"https:\\\/\\\/schema.org\",\"@graph\":[{\"@type\":\"WebPage\",\"@id\":\"https:\\\/\\\/dlslawfirm.com\\\/es\\\/abogados-de-colorado-especializados-en-lesiones-personales\\\/abogados-de-accidentes-por-conducir-ebrio-en-denver\\\/\",\"url\":\"https:\\\/\\\/dlslawfirm.com\\\/es\\\/abogados-de-colorado-especializados-en-lesiones-personales\\\/abogados-de-accidentes-por-conducir-ebrio-en-denver\\\/\",\"name\":\"Abogado de accidentes por conducir ebrio en Denver, CO | Consigue una revisi\u00f3n gratuita de tu caso\",\"isPartOf\":{\"@id\":\"https:\\\/\\\/dlslawfirm.com\\\/es\\\/#website\"},\"primaryImageOfPage\":{\"@id\":\"https:\\\/\\\/dlslawfirm.com\\\/es\\\/abogados-de-colorado-especializados-en-lesiones-personales\\\/abogados-de-accidentes-por-conducir-ebrio-en-denver\\\/#primaryimage\"},\"image\":{\"@id\":\"https:\\\/\\\/dlslawfirm.com\\\/es\\\/abogados-de-colorado-especializados-en-lesiones-personales\\\/abogados-de-accidentes-por-conducir-ebrio-en-denver\\\/#primaryimage\"},\"thumbnailUrl\":\"https:\\\/\\\/dlslawfirm.com\\\/es\\\/wp-content\\\/uploads\\\/sites\\\/2\\\/2019\\\/03\\\/car-dark-drive-754147.jpg\",\"datePublished\":\"2015-04-21T16:13:24+00:00\",\"description\":\"Si t\u00fa o un ser querido hab\u00e9is resultado heridos o hab\u00e9is perdido a un familiar por culpa de un conductor ebrio, llama ahora al Bufete de Dianne Sawaya.\",\"breadcrumb\":{\"@id\":\"https:\\\/\\\/dlslawfirm.com\\\/es\\\/abogados-de-colorado-especializados-en-lesiones-personales\\\/abogados-de-accidentes-por-conducir-ebrio-en-denver\\\/#breadcrumb\"},\"inLanguage\":\"es\",\"potentialAction\":[{\"@type\":\"ReadAction\",\"target\":[\"https:\\\/\\\/dlslawfirm.com\\\/es\\\/abogados-de-colorado-especializados-en-lesiones-personales\\\/abogados-de-accidentes-por-conducir-ebrio-en-denver\\\/\"]}]},{\"@type\":\"ImageObject\",\"inLanguage\":\"es\",\"@id\":\"https:\\\/\\\/dlslawfirm.com\\\/es\\\/abogados-de-colorado-especializados-en-lesiones-personales\\\/abogados-de-accidentes-por-conducir-ebrio-en-denver\\\/#primaryimage\",\"url\":\"https:\\\/\\\/dlslawfirm.com\\\/es\\\/wp-content\\\/uploads\\\/sites\\\/2\\\/2019\\\/03\\\/car-dark-drive-754147.jpg\",\"contentUrl\":\"https:\\\/\\\/dlslawfirm.com\\\/es\\\/wp-content\\\/uploads\\\/sites\\\/2\\\/2019\\\/03\\\/car-dark-drive-754147.jpg\",\"width\":1000,\"height\":522,\"caption\":\"driving at night and in poor conditions\"},{\"@type\":\"BreadcrumbList\",\"@id\":\"https:\\\/\\\/dlslawfirm.com\\\/es\\\/abogados-de-colorado-especializados-en-lesiones-personales\\\/abogados-de-accidentes-por-conducir-ebrio-en-denver\\\/#breadcrumb\",\"itemListElement\":[{\"@type\":\"ListItem\",\"position\":1,\"name\":\"Home\",\"item\":\"https:\\\/\\\/dlslawfirm.com\\\/es\\\/\"},{\"@type\":\"ListItem\",\"position\":2,\"name\":\"Abogados de Colorado especializados en lesiones personales\",\"item\":\"https:\\\/\\\/dlslawfirm.com\\\/es\\\/abogados-de-colorado-especializados-en-lesiones-personales\\\/\"},{\"@type\":\"ListItem\",\"position\":3,\"name\":\"Abogados de accidentes por conducir ebrio en Denver\"}]},{\"@type\":\"WebSite\",\"@id\":\"https:\\\/\\\/dlslawfirm.com\\\/es\\\/#website\",\"url\":\"https:\\\/\\\/dlslawfirm.com\\\/es\\\/\",\"name\":\"Law Offices of Dianne Sawaya LLC- En Espanol\",\"description\":\"\",\"potentialAction\":[{\"@type\":\"SearchAction\",\"target\":{\"@type\":\"EntryPoint\",\"urlTemplate\":\"https:\\\/\\\/dlslawfirm.com\\\/es\\\/?s={search_term_string}\"},\"query-input\":{\"@type\":\"PropertyValueSpecification\",\"valueRequired\":true,\"valueName\":\"search_term_string\"}}],\"inLanguage\":\"es\"}]}<\/script>\n<!-- \/ Yoast SEO plugin. -->","yoast_head_json":{"title":"Abogado de accidentes por conducir ebrio en Denver, CO | Consigue una revisi\u00f3n gratuita de tu caso","description":"Si t\u00fa o un ser querido hab\u00e9is resultado heridos o hab\u00e9is perdido a un familiar por culpa de un conductor ebrio, llama ahora al Bufete de Dianne Sawaya.","robots":{"index":"index","follow":"follow","max-snippet":"max-snippet:-1","max-image-preview":"max-image-preview:large","max-video-preview":"max-video-preview:-1"},"canonical":"https:\/\/dlslawfirm.com\/es\/abogados-de-colorado-especializados-en-lesiones-personales\/abogados-de-accidentes-por-conducir-ebrio-en-denver\/","og_locale":"es_MX","og_type":"article","og_title":"Abogado de accidentes por conducir ebrio en Denver, CO | Consigue una revisi\u00f3n gratuita de tu caso","og_description":"Si t\u00fa o un ser querido hab\u00e9is resultado heridos o hab\u00e9is perdido a un familiar por culpa de un conductor ebrio, llama ahora al Bufete de Dianne Sawaya.","og_url":"https:\/\/dlslawfirm.com\/es\/abogados-de-colorado-especializados-en-lesiones-personales\/abogados-de-accidentes-por-conducir-ebrio-en-denver\/","og_site_name":"Law Offices of Dianne Sawaya LLC- En Espanol","og_image":[{"width":1000,"height":522,"url":"https:\/\/dlslawfirm.com\/es\/wp-content\/uploads\/sites\/2\/2019\/03\/car-dark-drive-754147.jpg","type":"image\/jpeg"}],"twitter_card":"summary_large_image","twitter_misc":{"Est. reading time":"5 minutos"},"schema":{"@context":"https:\/\/schema.org","@graph":[{"@type":"WebPage","@id":"https:\/\/dlslawfirm.com\/es\/abogados-de-colorado-especializados-en-lesiones-personales\/abogados-de-accidentes-por-conducir-ebrio-en-denver\/","url":"https:\/\/dlslawfirm.com\/es\/abogados-de-colorado-especializados-en-lesiones-personales\/abogados-de-accidentes-por-conducir-ebrio-en-denver\/","name":"Abogado de accidentes por conducir ebrio en Denver, CO | Consigue una revisi\u00f3n gratuita de tu caso","isPartOf":{"@id":"https:\/\/dlslawfirm.com\/es\/#website"},"primaryImageOfPage":{"@id":"https:\/\/dlslawfirm.com\/es\/abogados-de-colorado-especializados-en-lesiones-personales\/abogados-de-accidentes-por-conducir-ebrio-en-denver\/#primaryimage"},"image":{"@id":"https:\/\/dlslawfirm.com\/es\/abogados-de-colorado-especializados-en-lesiones-personales\/abogados-de-accidentes-por-conducir-ebrio-en-denver\/#primaryimage"},"thumbnailUrl":"https:\/\/dlslawfirm.com\/es\/wp-content\/uploads\/sites\/2\/2019\/03\/car-dark-drive-754147.jpg","datePublished":"2015-04-21T16:13:24+00:00","description":"Si t\u00fa o un ser querido hab\u00e9is resultado heridos o hab\u00e9is perdido a un familiar por culpa de un conductor ebrio, llama ahora al Bufete de Dianne Sawaya.","breadcrumb":{"@id":"https:\/\/dlslawfirm.com\/es\/abogados-de-colorado-especializados-en-lesiones-personales\/abogados-de-accidentes-por-conducir-ebrio-en-denver\/#breadcrumb"},"inLanguage":"es","potentialAction":[{"@type":"ReadAction","target":["https:\/\/dlslawfirm.com\/es\/abogados-de-colorado-especializados-en-lesiones-personales\/abogados-de-accidentes-por-conducir-ebrio-en-denver\/"]}]},{"@type":"ImageObject","inLanguage":"es","@id":"https:\/\/dlslawfirm.com\/es\/abogados-de-colorado-especializados-en-lesiones-personales\/abogados-de-accidentes-por-conducir-ebrio-en-denver\/#primaryimage","url":"https:\/\/dlslawfirm.com\/es\/wp-content\/uploads\/sites\/2\/2019\/03\/car-dark-drive-754147.jpg","contentUrl":"https:\/\/dlslawfirm.com\/es\/wp-content\/uploads\/sites\/2\/2019\/03\/car-dark-drive-754147.jpg","width":1000,"height":522,"caption":"driving at night and in poor conditions"},{"@type":"BreadcrumbList","@id":"https:\/\/dlslawfirm.com\/es\/abogados-de-colorado-especializados-en-lesiones-personales\/abogados-de-accidentes-por-conducir-ebrio-en-denver\/#breadcrumb","itemListElement":[{"@type":"ListItem","position":1,"name":"Home","item":"https:\/\/dlslawfirm.com\/es\/"},{"@type":"ListItem","position":2,"name":"Abogados de Colorado especializados en lesiones personales","item":"https:\/\/dlslawfirm.com\/es\/abogados-de-colorado-especializados-en-lesiones-personales\/"},{"@type":"ListItem","position":3,"name":"Abogados de accidentes por conducir ebrio en Denver"}]},{"@type":"WebSite","@id":"https:\/\/dlslawfirm.com\/es\/#website","url":"https:\/\/dlslawfirm.com\/es\/","name":"Law Offices of Dianne Sawaya LLC- En Espanol","description":"","potentialAction":[{"@type":"SearchAction","target":{"@type":"EntryPoint","urlTemplate":"https:\/\/dlslawfirm.com\/es\/?s={search_term_string}"},"query-input":{"@type":"PropertyValueSpecification","valueRequired":true,"valueName":"search_term_string"}}],"inLanguage":"es"}]}},"_links":{"self":[{"href":"https:\/\/dlslawfirm.com\/es\/wp-json\/wp\/v2\/pages\/7008","targetHints":{"allow":["GET"]}}],"collection":[{"href":"https:\/\/dlslawfirm.com\/es\/wp-json\/wp\/v2\/pages"}],"about":[{"href":"https:\/\/dlslawfirm.com\/es\/wp-json\/wp\/v2\/types\/page"}],"author":[{"embeddable":true,"href":"https:\/\/dlslawfirm.com\/es\/wp-json\/wp\/v2\/users\/2"}],"replies":[{"embeddable":true,"href":"https:\/\/dlslawfirm.com\/es\/wp-json\/wp\/v2\/comments?post=7008"}],"version-history":[{"count":0,"href":"https:\/\/dlslawfirm.com\/es\/wp-json\/wp\/v2\/pages\/7008\/revisions"}],"up":[{"embeddable":true,"href":"https:\/\/dlslawfirm.com\/es\/wp-json\/wp\/v2\/pages\/6948"}],"wp:featuredmedia":[{"embeddable":true,"href":"https:\/\/dlslawfirm.com\/es\/wp-json\/wp\/v2\/media\/7216"}],"wp:attachment":[{"href":"https:\/\/dlslawfirm.com\/es\/wp-json\/wp\/v2\/media?parent=7008"}],"wp:term":[{"taxonomy":"post_tag","embeddable":true,"href":"https:\/\/dlslawfirm.com\/es\/wp-json\/wp\/v2\/tags?post=7008"}],"curies":[{"name":"wp","href":"https:\/\/api.w.org\/{rel}","templated":true}]}}