{"id":6995,"date":"2015-06-15T17:15:05","date_gmt":"2015-06-15T17:15:05","guid":{"rendered":"https:\/\/dlslawfirm.com\/conducir-ebrio-en-denver-un-peligro-para-los-residentes\/"},"modified":"2015-06-15T17:15:05","modified_gmt":"2015-06-15T17:15:05","slug":"conducir-ebrio-en-denver-un-peligro-para-los-residentes","status":"publish","type":"page","link":"https:\/\/dlslawfirm.com\/es\/abogados-de-colorado-especializados-en-lesiones-personales\/abogados-de-accidentes-por-conducir-ebrio-en-denver\/conducir-ebrio-en-denver-un-peligro-para-los-residentes\/","title":{"rendered":"Conducir ebrio en Denver: Un peligro para los residentes"},"content":{"rendered":"<p>En el fr\u00edo mes de enero de 2015, una familia que viajaba en una minifurgoneta por la carretera 85, probablemente de camino a casa tras una cena familiar o una excursi\u00f3n. Hab\u00eda dos ni\u00f1os peque\u00f1os en el asiento trasero, Ethan, que ten\u00eda 6 a\u00f1os, y Bryson, de s\u00f3lo 1 a\u00f1o. Su padre, Gilbert, conduc\u00eda y su madre, Mistelle, estaba sentada en el asiento del copiloto. En un instante, una camioneta Dodge vol\u00f3 por encima de la mediana y embisti\u00f3 el lado del conductor del coche de esta familia.<\/p>\n<p>El conductor del Dodge estaba borracho. Muri\u00f3 en este accidente, al igual que Gilbert y sus dos hijos. Mistelle qued\u00f3 con heridas graves y sin familia. El conductor del cami\u00f3n fue identificado posteriormente como Mac\u00edas-M\u00e1rquez, un hombre que ten\u00eda al menos ocho detenciones previas por conducir bajo los efectos del alcohol, que se remontaban a 1997. En las actas judiciales qued\u00f3 claro que este hombre era un peligro potencial para s\u00ed mismo y para los dem\u00e1s en la carretera porque era reincidente por conducir bajo los efectos del alcohol. Sin embargo, no fue retirado de la carretera hasta que se mat\u00f3 a s\u00ed mismo, a otro hombre y a dos ni\u00f1os peque\u00f1os.<\/p>\n<h2>\u00bfQu\u00e9 dice esta tr\u00e1gica historia sobre la <a href=\"\/\/dlslawfirm.com\/lesiones-personales\/accidente-de-conduccion-en-borrachera-abogado\/\">conducci\u00f3n bajo los efectos del alcohol<\/a> en Denver, Colorado?<\/h2>\n<p>Que es un peligro muy real para los residentes. Dice que un accidente por conducir ebrio puede ocurrir en cualquier lugar y en cualquier momento, y tener consecuencias devastadoras. Esta historia nos dice que es probable que los reincidentes en conducir bajo los efectos del alcohol sigan en la carretera, al volante y posiblemente bajo los efectos de la droga.<\/p>\n<p>En el <a href=\"\/\/dlslawfirm.com\/abogados\/\">Bufete de Dianne Sawaya<\/a> comprendemos lo perjudiciales que son <a href=\"\/\/dlslawfirm.com\/lesiones-personales\/accidente-de-conduccion-en-borrachera-abogado\/\">los accidentes por conducir ebrio<\/a>.<\/p>\n<p>Sabemos que los conductores ebrios deben ser considerados responsables de sus actos, que las v\u00edctimas de accidentes causados por conductores ebrios deben ser indemnizadas por su sufrimiento personal, f\u00edsico y econ\u00f3mico. Nos dedicamos a conseguir justicia para personas y familias como la descrita, que sufren consecuencias devastadoras a manos de un conductor ebrio.<\/p>\n<p>Por suerte, la conducci\u00f3n bajo los efectos del alcohol en Colorado parece estar disminuyendo, en parte gracias a los esfuerzos de las fuerzas del orden. Campa\u00f1as como &#8220;The Heat is On&#8221; est\u00e1n sacando a la calle a m\u00e1s agentes de la ley que hacen cumplir en\u00e9rgicamente las leyes sobre conducci\u00f3n bajo los efectos del alcohol. Durante el periodo de aplicaci\u00f3n de la ley de Nochevieja de este a\u00f1o, se produjeron 343 detenciones en Colorado por <a href=\"\/\/dlslawfirm.com\/lesiones-personales\/accidente-de-conduccion-en-borrachera-abogado\/\">conducir ebrio<\/a>. Esa cifra es inferior a las 442 detenciones realizadas en el mismo periodo de 2013.<\/p>\n<p>A lo largo de 2014, el Departamento de Transportes de Colorado (CDOT) tuvo 12 periodos de aplicaci\u00f3n de la normativa sobre conducci\u00f3n bajo los efectos del alcohol. Seg\u00fan el Denver Post, se practicaron un total de 8.001 detenciones, lo que supone un descenso respecto a las 9.060 detenciones realizadas durante los periodos de aplicaci\u00f3n de la ley en 2013. Aunque es una buena se\u00f1al que las detenciones por conducir ebrio hayan descendido el a\u00f1o pasado, la cantidad de accidentes y muertes por conducir ebrio en Colorado sigue siendo demasiado alta.<\/p>\n<p>En 2014, en Colorado se produjeron aproximadamente 153 accidentes mortales por conducir ebrio, incluido el que hemos descrito anteriormente. El fiscal del distrito en el que se produjo el accidente declar\u00f3 <a href=\"http:\/\/www.9news.com\/story\/news\/local\/2015\/01\/26\/4-killed-in-weld-county-crash\/22335265\/\">a 9 News<\/a> que los fiscales y los jueces no disponen de herramientas suficientemente potentes para detener a los reincidentes que suelen causar estos accidentes. Actualmente, los infractores por DUI s\u00f3lo se enfrentan a cargos de delito menor incluso despu\u00e9s de reincidir. Los legisladores est\u00e1n trabajando para cambiar esta situaci\u00f3n.<\/p>\n<p>En un proyecto de ley impulsado por los legisladores de Colorado este a\u00f1o, las personas condenadas por conducir ebrias en Denver y en todo Colorado se enfrentar\u00e1n a cargos de delito grave tras su cuarta infracci\u00f3n. La esperanza de este proyecto de ley es que el endurecimiento de las penas disuada a la gente de ponerse al volante despu\u00e9s de beber. En el pasado, las leyes que exigen penas m\u00e1s duras han sido denegadas debido a la preocupaci\u00f3n por el coste para el sistema judicial y penitenciario. Pero por fin lleg\u00f3 y la ley para endurecer las penas a los conductores ebrios fue aprobada y firmada por el gobernador de Colorado el 1 de junio de 2015, convirtiendo la cuarta infracci\u00f3n en un delito grave, con consecuencias de hasta 6 a\u00f1os de prisi\u00f3n.<\/p>\n<p>Pero ni siquiera un aumento de las penas eliminar\u00e1 por completo a los conductores ebrios y los devastadores accidentes que se producen como consecuencia de la conducci\u00f3n bajo los efectos del alcohol. El coste emocional y econ\u00f3mico para las v\u00edctimas de accidentes por conducci\u00f3n bajo los efectos del alcohol es a menudo inimaginable y debilitante. Si t\u00fa o un ser querido hab\u00e9is resultado heridos en un accidente con un conductor ebrio, es probable que te sientas abrumado por todas las cosas de las que tienes que ocuparte despu\u00e9s de un accidente grave, desde la recuperaci\u00f3n hasta el pago de las facturas que se acumulan. Puede que ni siquiera hayas tenido tiempo de pensar en reclamar una indemnizaci\u00f3n a la persona responsable de tu dolor y sufrimiento.<\/p>\n<p>Las lesiones de un <a href=\"\/\/dlslawfirm.com\/lesiones-personales\/accidente-de-conduccion-en-borrachera-abogado\/\">accidente por conducir ebrio<\/a> pueden incluir lesiones craneales, cervicales, medulares, huesos rotos, contusiones, abrasiones, desmembramiento, par\u00e1lisis y otras. Estas lesiones graves no s\u00f3lo dan lugar a grandes facturas m\u00e9dicas, sino tambi\u00e9n a la p\u00e9rdida de capacidad para trabajar y ganar un salario. Una lesi\u00f3n lo bastante grave puede apartarte de las actividades que te gustan durante el resto de tu vida. Tienes derecho a solicitar una indemnizaci\u00f3n econ\u00f3mica por estos da\u00f1os.<\/p>\n<p>Ah\u00ed es donde podemos ayudar. Los abogados expertos en <a href=\"\/\/dlslawfirm.com\/lesiones-personales\/accidente-de-conduccion-en-borrachera-abogado\/\">accidentes<\/a> por conducci\u00f3n bajo los efectos del alcohol del bufete <a href=\"\/\/dlslawfirm.com\/abogados\/\">de Dianne Sawaya<\/a> trabajan con v\u00edctimas de accidentes por conducci\u00f3n bajo los efectos del alcohol en Denver para conseguirte la indemnizaci\u00f3n que te mereces. Sabemos que cada caso es \u00fanico y a menudo complicado, por lo que trabajamos directamente con expertos para investigar tu accidente. La aportaci\u00f3n profesional de especialistas m\u00e9dicos, reconstructores de accidentes y toxic\u00f3logos nos ayuda a elaborar una estrategia jur\u00eddica que redunde en tu beneficio.<\/p>\n<p style=\"padding-left: 30px\"><strong><a href=\"\/\/dlslawfirm.com\/colorado-car-accident-guide\/what-do-you-do-at-the-scene-of-a-car-crash\/\">Lee nuestra Gu\u00eda de lesiones por accidente de tr\u00e1fico.<\/a><\/strong><\/p>\n<p>Queremos asegurarnos de que tu voz sea escuchada tras un accidente por conducir ebrio en Denver, Colorado. Dado que los aspectos jur\u00eddicos de los casos contra conductores ebrios son m\u00e1s complejos que la mayor\u00eda de los casos de lesiones personales, tener un abogado de tu parte har\u00e1 que el proceso sea m\u00e1s fluido y menos estresante. Nosotros hacemos el trabajo legal para que t\u00fa puedas centrarte en curarte y recuperarte tras el accidente.<\/p>\n<p>Si t\u00fa o un ser querido hab\u00e9is resultado heridos, o hab\u00e9is perdido a un familiar por culpa de un conductor ebrio, no dudes en <a href=\"\/\/dlslawfirm.com\/contacto-nos\/\">ponerte en contacto con nosotros en el (303) 758-4777<\/a> para una consulta gratuita sobre tu accidente. Para evitar muertes tr\u00e1gicas como las de Gilbert y sus hijos en Colorado, tenemos que responsabilizar a los conductores ebrios de sus actos negligentes.<\/p>\n","protected":false},"excerpt":{"rendered":"<p>En el fr\u00edo mes de enero de 2015, una familia que viajaba en una minifurgoneta por la carretera 85, probablemente de camino a casa tras una cena familiar o una excursi\u00f3n. Hab\u00eda dos ni\u00f1os peque\u00f1os en el asiento trasero, Ethan, que ten\u00eda 6 a\u00f1os, y Bryson, de s\u00f3lo 1 a\u00f1o. Su padre, Gilbert, conduc\u00eda y&#8230;<\/p>\n","protected":false},"author":2,"featured_media":0,"parent":7008,"menu_order":154,"comment_status":"open","ping_status":"open","template":"","meta":{"_acf_changed":false,"footnotes":""},"tags":[],"class_list":["post-6995","page","type-page","status-publish","hentry"],"acf":[],"yoast_head":"<!-- This site is optimized with the Yoast SEO plugin v27.3 - https:\/\/yoast.com\/product\/yoast-seo-wordpress\/ -->\n<title>Conducci\u00f3n bajo los efectos del alcohol en Denver, Colorado | Abogado de lesiones personales<\/title>\n<meta name=\"description\" content=\"Si t\u00fa o un ser querido hab\u00e9is resultado heridos en un accidente por conducir bajo los efectos del alcohol en Denver, CO, ponte en contacto con el bufete de Dianne Sawaya para una consulta gratuita hoy mismo.\" \/>\n<meta name=\"robots\" content=\"index, follow, max-snippet:-1, max-image-preview:large, max-video-preview:-1\" \/>\n<link rel=\"canonical\" href=\"https:\/\/dlslawfirm.com\/es\/abogados-de-colorado-especializados-en-lesiones-personales\/abogados-de-accidentes-por-conducir-ebrio-en-denver\/conducir-ebrio-en-denver-un-peligro-para-los-residentes\/\" \/>\n<meta property=\"og:locale\" content=\"es_MX\" \/>\n<meta property=\"og:type\" content=\"article\" \/>\n<meta property=\"og:title\" content=\"Conducci\u00f3n bajo los efectos del alcohol en Denver, Colorado | Abogado de lesiones personales\" \/>\n<meta property=\"og:description\" content=\"Si t\u00fa o un ser querido hab\u00e9is resultado heridos en un accidente por conducir bajo los efectos del alcohol en Denver, CO, ponte en contacto con el bufete de Dianne Sawaya para una consulta gratuita hoy mismo.\" \/>\n<meta property=\"og:url\" content=\"https:\/\/dlslawfirm.com\/es\/abogados-de-colorado-especializados-en-lesiones-personales\/abogados-de-accidentes-por-conducir-ebrio-en-denver\/conducir-ebrio-en-denver-un-peligro-para-los-residentes\/\" \/>\n<meta property=\"og:site_name\" content=\"Law Offices of Dianne Sawaya LLC- En Espanol\" \/>\n<meta name=\"twitter:card\" content=\"summary_large_image\" \/>\n<meta name=\"twitter:label1\" content=\"Est. reading time\" \/>\n\t<meta name=\"twitter:data1\" content=\"6 minutos\" \/>\n<script type=\"application\/ld+json\" class=\"yoast-schema-graph\">{\"@context\":\"https:\\\/\\\/schema.org\",\"@graph\":[{\"@type\":\"WebPage\",\"@id\":\"https:\\\/\\\/dlslawfirm.com\\\/es\\\/abogados-de-colorado-especializados-en-lesiones-personales\\\/abogados-de-accidentes-por-conducir-ebrio-en-denver\\\/conducir-ebrio-en-denver-un-peligro-para-los-residentes\\\/\",\"url\":\"https:\\\/\\\/dlslawfirm.com\\\/es\\\/abogados-de-colorado-especializados-en-lesiones-personales\\\/abogados-de-accidentes-por-conducir-ebrio-en-denver\\\/conducir-ebrio-en-denver-un-peligro-para-los-residentes\\\/\",\"name\":\"Conducci\u00f3n bajo los efectos del alcohol en Denver, Colorado | Abogado de lesiones personales\",\"isPartOf\":{\"@id\":\"https:\\\/\\\/dlslawfirm.com\\\/es\\\/#website\"},\"datePublished\":\"2015-06-15T17:15:05+00:00\",\"description\":\"Si t\u00fa o un ser querido hab\u00e9is resultado heridos en un accidente por conducir bajo los efectos del alcohol en Denver, CO, ponte en contacto con el bufete de Dianne Sawaya para una consulta gratuita hoy mismo.\",\"breadcrumb\":{\"@id\":\"https:\\\/\\\/dlslawfirm.com\\\/es\\\/abogados-de-colorado-especializados-en-lesiones-personales\\\/abogados-de-accidentes-por-conducir-ebrio-en-denver\\\/conducir-ebrio-en-denver-un-peligro-para-los-residentes\\\/#breadcrumb\"},\"inLanguage\":\"es\",\"potentialAction\":[{\"@type\":\"ReadAction\",\"target\":[\"https:\\\/\\\/dlslawfirm.com\\\/es\\\/abogados-de-colorado-especializados-en-lesiones-personales\\\/abogados-de-accidentes-por-conducir-ebrio-en-denver\\\/conducir-ebrio-en-denver-un-peligro-para-los-residentes\\\/\"]}]},{\"@type\":\"BreadcrumbList\",\"@id\":\"https:\\\/\\\/dlslawfirm.com\\\/es\\\/abogados-de-colorado-especializados-en-lesiones-personales\\\/abogados-de-accidentes-por-conducir-ebrio-en-denver\\\/conducir-ebrio-en-denver-un-peligro-para-los-residentes\\\/#breadcrumb\",\"itemListElement\":[{\"@type\":\"ListItem\",\"position\":1,\"name\":\"Home\",\"item\":\"https:\\\/\\\/dlslawfirm.com\\\/es\\\/\"},{\"@type\":\"ListItem\",\"position\":2,\"name\":\"Abogados de Colorado especializados en lesiones personales\",\"item\":\"https:\\\/\\\/dlslawfirm.com\\\/es\\\/abogados-de-colorado-especializados-en-lesiones-personales\\\/\"},{\"@type\":\"ListItem\",\"position\":3,\"name\":\"Abogados de accidentes por conducir ebrio en Denver\",\"item\":\"https:\\\/\\\/dlslawfirm.com\\\/es\\\/abogados-de-colorado-especializados-en-lesiones-personales\\\/abogados-de-accidentes-por-conducir-ebrio-en-denver\\\/\"},{\"@type\":\"ListItem\",\"position\":4,\"name\":\"Conducir ebrio en Denver: Un peligro para los residentes\"}]},{\"@type\":\"WebSite\",\"@id\":\"https:\\\/\\\/dlslawfirm.com\\\/es\\\/#website\",\"url\":\"https:\\\/\\\/dlslawfirm.com\\\/es\\\/\",\"name\":\"Law Offices of Dianne Sawaya LLC- En Espanol\",\"description\":\"\",\"potentialAction\":[{\"@type\":\"SearchAction\",\"target\":{\"@type\":\"EntryPoint\",\"urlTemplate\":\"https:\\\/\\\/dlslawfirm.com\\\/es\\\/?s={search_term_string}\"},\"query-input\":{\"@type\":\"PropertyValueSpecification\",\"valueRequired\":true,\"valueName\":\"search_term_string\"}}],\"inLanguage\":\"es\"}]}<\/script>\n<!-- \/ Yoast SEO plugin. -->","yoast_head_json":{"title":"Conducci\u00f3n bajo los efectos del alcohol en Denver, Colorado | Abogado de lesiones personales","description":"Si t\u00fa o un ser querido hab\u00e9is resultado heridos en un accidente por conducir bajo los efectos del alcohol en Denver, CO, ponte en contacto con el bufete de Dianne Sawaya para una consulta gratuita hoy mismo.","robots":{"index":"index","follow":"follow","max-snippet":"max-snippet:-1","max-image-preview":"max-image-preview:large","max-video-preview":"max-video-preview:-1"},"canonical":"https:\/\/dlslawfirm.com\/es\/abogados-de-colorado-especializados-en-lesiones-personales\/abogados-de-accidentes-por-conducir-ebrio-en-denver\/conducir-ebrio-en-denver-un-peligro-para-los-residentes\/","og_locale":"es_MX","og_type":"article","og_title":"Conducci\u00f3n bajo los efectos del alcohol en Denver, Colorado | Abogado de lesiones personales","og_description":"Si t\u00fa o un ser querido hab\u00e9is resultado heridos en un accidente por conducir bajo los efectos del alcohol en Denver, CO, ponte en contacto con el bufete de Dianne Sawaya para una consulta gratuita hoy mismo.","og_url":"https:\/\/dlslawfirm.com\/es\/abogados-de-colorado-especializados-en-lesiones-personales\/abogados-de-accidentes-por-conducir-ebrio-en-denver\/conducir-ebrio-en-denver-un-peligro-para-los-residentes\/","og_site_name":"Law Offices of Dianne Sawaya LLC- En Espanol","twitter_card":"summary_large_image","twitter_misc":{"Est. reading time":"6 minutos"},"schema":{"@context":"https:\/\/schema.org","@graph":[{"@type":"WebPage","@id":"https:\/\/dlslawfirm.com\/es\/abogados-de-colorado-especializados-en-lesiones-personales\/abogados-de-accidentes-por-conducir-ebrio-en-denver\/conducir-ebrio-en-denver-un-peligro-para-los-residentes\/","url":"https:\/\/dlslawfirm.com\/es\/abogados-de-colorado-especializados-en-lesiones-personales\/abogados-de-accidentes-por-conducir-ebrio-en-denver\/conducir-ebrio-en-denver-un-peligro-para-los-residentes\/","name":"Conducci\u00f3n bajo los efectos del alcohol en Denver, Colorado | Abogado de lesiones personales","isPartOf":{"@id":"https:\/\/dlslawfirm.com\/es\/#website"},"datePublished":"2015-06-15T17:15:05+00:00","description":"Si t\u00fa o un ser querido hab\u00e9is resultado heridos en un accidente por conducir bajo los efectos del alcohol en Denver, CO, ponte en contacto con el bufete de Dianne Sawaya para una consulta gratuita hoy mismo.","breadcrumb":{"@id":"https:\/\/dlslawfirm.com\/es\/abogados-de-colorado-especializados-en-lesiones-personales\/abogados-de-accidentes-por-conducir-ebrio-en-denver\/conducir-ebrio-en-denver-un-peligro-para-los-residentes\/#breadcrumb"},"inLanguage":"es","potentialAction":[{"@type":"ReadAction","target":["https:\/\/dlslawfirm.com\/es\/abogados-de-colorado-especializados-en-lesiones-personales\/abogados-de-accidentes-por-conducir-ebrio-en-denver\/conducir-ebrio-en-denver-un-peligro-para-los-residentes\/"]}]},{"@type":"BreadcrumbList","@id":"https:\/\/dlslawfirm.com\/es\/abogados-de-colorado-especializados-en-lesiones-personales\/abogados-de-accidentes-por-conducir-ebrio-en-denver\/conducir-ebrio-en-denver-un-peligro-para-los-residentes\/#breadcrumb","itemListElement":[{"@type":"ListItem","position":1,"name":"Home","item":"https:\/\/dlslawfirm.com\/es\/"},{"@type":"ListItem","position":2,"name":"Abogados de Colorado especializados en lesiones personales","item":"https:\/\/dlslawfirm.com\/es\/abogados-de-colorado-especializados-en-lesiones-personales\/"},{"@type":"ListItem","position":3,"name":"Abogados de accidentes por conducir ebrio en Denver","item":"https:\/\/dlslawfirm.com\/es\/abogados-de-colorado-especializados-en-lesiones-personales\/abogados-de-accidentes-por-conducir-ebrio-en-denver\/"},{"@type":"ListItem","position":4,"name":"Conducir ebrio en Denver: Un peligro para los residentes"}]},{"@type":"WebSite","@id":"https:\/\/dlslawfirm.com\/es\/#website","url":"https:\/\/dlslawfirm.com\/es\/","name":"Law Offices of Dianne Sawaya LLC- En Espanol","description":"","potentialAction":[{"@type":"SearchAction","target":{"@type":"EntryPoint","urlTemplate":"https:\/\/dlslawfirm.com\/es\/?s={search_term_string}"},"query-input":{"@type":"PropertyValueSpecification","valueRequired":true,"valueName":"search_term_string"}}],"inLanguage":"es"}]}},"_links":{"self":[{"href":"https:\/\/dlslawfirm.com\/es\/wp-json\/wp\/v2\/pages\/6995","targetHints":{"allow":["GET"]}}],"collection":[{"href":"https:\/\/dlslawfirm.com\/es\/wp-json\/wp\/v2\/pages"}],"about":[{"href":"https:\/\/dlslawfirm.com\/es\/wp-json\/wp\/v2\/types\/page"}],"author":[{"embeddable":true,"href":"https:\/\/dlslawfirm.com\/es\/wp-json\/wp\/v2\/users\/2"}],"replies":[{"embeddable":true,"href":"https:\/\/dlslawfirm.com\/es\/wp-json\/wp\/v2\/comments?post=6995"}],"version-history":[{"count":0,"href":"https:\/\/dlslawfirm.com\/es\/wp-json\/wp\/v2\/pages\/6995\/revisions"}],"up":[{"embeddable":true,"href":"https:\/\/dlslawfirm.com\/es\/wp-json\/wp\/v2\/pages\/7008"}],"wp:attachment":[{"href":"https:\/\/dlslawfirm.com\/es\/wp-json\/wp\/v2\/media?parent=6995"}],"wp:term":[{"taxonomy":"post_tag","embeddable":true,"href":"https:\/\/dlslawfirm.com\/es\/wp-json\/wp\/v2\/tags?post=6995"}],"curies":[{"name":"wp","href":"https:\/\/api.w.org\/{rel}","templated":true}]}}