{"id":6993,"date":"2015-07-22T00:12:49","date_gmt":"2015-07-22T00:12:49","guid":{"rendered":"https:\/\/dlslawfirm.com\/abogados-de-colorado-especializados-en-lesiones-personales\/abogados-especializados-en-homicidio-culposo-en-denver-colorado\/"},"modified":"2025-05-28T12:30:34","modified_gmt":"2025-05-28T12:30:34","slug":"abogados-especializados-en-homicidio-culposo-en-denver-colorado","status":"publish","type":"page","link":"https:\/\/dlslawfirm.com\/es\/abogados-de-colorado-especializados-en-lesiones-personales\/abogados-especializados-en-homicidio-culposo-en-denver-colorado\/","title":{"rendered":"Abogados especializados en homicidio culposo en Denver, Colorado"},"content":{"rendered":"<h2>Abogados expertos en lesiones personales a tu lado<\/h2>\n<p>Cuando una persona muere como consecuencia de la negligencia de otra, muchas personas dudan en presentar una demanda por homicidio culposo. Pueden pensar que una demanda por homicidio culposo no les devolver\u00e1 a su ser querido y, por tanto, deciden no presentar dicha demanda. En realidad, tal vez una demanda por homicidio culposo proporcione un cierre o tal vez no. Cada persona es diferente; sin embargo, aunque el dinero ciertamente no sustituir\u00e1 la vida que tuviste con tu ser querido, <em>puede<\/em> hacer que el futuro sea un poco m\u00e1s f\u00e1cil, sobre todo si el fallecido era el principal asalariado de tu familia.<\/p>\n<p>Las muertes por negligencia no son <em>s\u00f3lo <\/em>devastadoras y emocionalmente agotadoras -aunque sin duda lo son-, sino que tambi\u00e9n pueden ser costosas. Gastos funerarios, facturas m\u00e9dicas, pagos del seguro, reparaciones del coche&#8230; la lista de gastos puede ser interminable. Trabajar con un abogado experto en homicidio culposo del Bufete de Dianne Sawaya puede ayudarte a recibir la indemnizaci\u00f3n que necesitas y mereces tras el homicidio culposo de tu ser querido. Nuestros abogados especializados en homicidio culposo son inteligentes, agresivos y compasivos, y nos preocupamos de verdad por ti y por tu familia: deja que nuestra familia luche por la tuya.<\/p>\n[cta_interior title=&#8221;CTA Interior&#8221;]\n<h2>\u00bfQu\u00e9 es la muerte por negligencia?<\/h2>\n<p>Puede interponerse una demanda por homicidio culposo contra una persona o entidad que haya causado la muerte de otra, ya sea por negligencia o por da\u00f1o intencionado. Una demanda por homicidio culposo permite a la sucesi\u00f3n de la persona fallecida presentar una demanda contra la parte legalmente responsable de la muerte. Una demanda por homicidio culposo la presenta un representante de la herencia, en nombre de los familiares supervivientes y otras partes afectadas.<\/p>\n<p>Una demanda por homicidio culposo es, esencialmente, una demanda que de otro modo habr\u00eda sido una demanda por lesiones personales debidas a negligencia o a un acto lesivo intencionado, salvo que la v\u00edctima falleci\u00f3. Cuando una v\u00edctima fallece a consecuencia de una negligencia m\u00e9dica o cuando se produce un accidente mortal de autom\u00f3vil en el que interviene una negligencia, son s\u00f3lo algunos ejemplos de c\u00f3mo un caso de lesiones personales puede convertirse en una demanda por homicidio culposo. La \u00fanica excepci\u00f3n es cuando la muerte se produce en el lugar de trabajo; este tipo de muertes deben tratarse normalmente a trav\u00e9s del sistema estatal de indemnizaci\u00f3n por accidente laboral.<\/p>\n<h2>\u00bfCu\u00e1les son las causas t\u00edpicas de las demandas por homicidio culposo?<\/h2>\n<p>Hay varios tipos de demandas por homicidio culposo, entre ellas las siguientes:<\/p>\n<ul>\n<li><a href=\"https:\/\/dlslawfirm.com\/personal-injury\/car-accidents\/\">Accidentes<\/a> de tr\u00e1fico;<\/li>\n<li><a href=\"https:\/\/dlslawfirm.com\/personal-injury\/semi-truck-accidents\/\">Accidentes de grandes camiones<\/a> comerciales;<\/li>\n<li><a href=\"https:\/\/dlslawfirm.com\/personal-injury\/motorcycle-accident-attorney\/\">Accidentes de moto<\/a>;<\/li>\n<li>Accidentes de ciclistas o peatones;<\/li>\n<li>Accidentes de tr\u00e1fico en los que exista un defecto en el veh\u00edculo;<\/li>\n<li>Muertes causadas por productos sanitarios defectuosos;<\/li>\n<li>Muertes causadas por medicamentos recetados peligrosos;<\/li>\n<li>Negligencia m\u00e9dica;<\/li>\n<li>Muertes en residencias de ancianos causadas por errores m\u00e9dicos, malos tratos o negligencia;<\/li>\n<li>Muertes en obras de construcci\u00f3n, incluidas ca\u00eddas o equipos defectuosos;<\/li>\n<li>Muertes por productos defectuosos;<\/li>\n<li>Muertes de consumidores por etiquetas de advertencia defectuosas o ausentes, y<\/li>\n<\/ul>\n<h2>\u00bfQui\u00e9n puede presentar una demanda por homicidio culposo en Colorado?<\/h2>\n<p>Cada estado tiene sus propias normas y leyes sobre qui\u00e9n puede presentar una demanda por homicidio culposo. En el estado de Colorado, quienes hayan perdido a un familiar directo debido a un acto doloso o negligente pueden solicitar una indemnizaci\u00f3n econ\u00f3mica por la p\u00e9rdida. Las leyes de Colorado relativas a la muerte por negligencia tienen por objeto proteger a quienes depend\u00edan econ\u00f3micamente del fallecido.<\/p>\n<p>Durante el primer a\u00f1o tras la muerte por negligencia, el c\u00f3nyuge de Colorado tiene el derecho exclusivo de presentar una demanda por muerte por negligencia para recibir una compensaci\u00f3n econ\u00f3mica por las p\u00e9rdidas. Durante el segundo a\u00f1o siguiente al fallecimiento, el c\u00f3nyuge y los herederos del fallecido pueden presentar una demanda por homicidio culposo. Entre estos herederos est\u00e1n los hijos y los nietos; normalmente, los hermanos no pueden presentar una demanda por homicidio culposo. Cuando no hay c\u00f3nyuge ni hijos supervivientes, los padres del fallecido pueden presentar una demanda por homicidio culposo. La presentaci\u00f3n de una demanda por homicidio culposo puede dar lugar a una indemnizaci\u00f3n por:<\/p>\n<ul>\n<li>P\u00e9rdida de apoyo;<\/li>\n<li>P\u00e9rdida de prestaciones del seguro<\/li>\n<li>P\u00e9rdida de ingresos que habr\u00eda proporcionado el fallecido;<\/li>\n<li>P\u00e9rdida de protecci\u00f3n, compa\u00f1\u00eda, amor y orientaci\u00f3n;<\/li>\n<li>Gastos funerarios;<\/li>\n<li>Gastos m\u00e9dicos, y<\/li>\n<li>Da\u00f1os punitivos en algunos casos para castigar al infractor.<\/li>\n<\/ul>\n<p>Es importante recordar que el estado de Colorado tiene un plazo de prescripci\u00f3n de dos a\u00f1os para presentar una demanda por homicidio culposo. Una vez transcurrido ese tiempo, los familiares ya no podr\u00e1n recibir una indemnizaci\u00f3n econ\u00f3mica por tu p\u00e9rdida. Es importante que hables hoy mismo con un abogado del Bufete de Dianne Sawaya.<\/p>\n<h2>\u00bfQu\u00e9 debe probarse en una demanda por homicidio culposo?<\/h2>\n<p>Para considerar responsable a un demandado en una demanda por homicidio culposo, los demandantes en el caso deben cumplir la misma carga de la prueba que se habr\u00eda exigido a la v\u00edctima si hubiera vivido. En resumen, esto significa que debe demostrarse que el demandado deb\u00eda al fallecido un deber de diligencia, que el demandado incumpli\u00f3 el deber de diligencia, que el incumplimiento fue causa directa del fallecimiento y que el fallecimiento caus\u00f3 los da\u00f1os y perjuicios que el demandante intenta recuperar.<\/p>\n<h2>Homicidio Culposo vs. Negligencia M\u00e9dica<\/h2>\n<p>Mucha gente se pregunta cu\u00e1les son las diferencias entre una demanda por homicidio culposo y una demanda por negligencia m\u00e9dica. Aunque una negligencia m\u00e9dica puede provocar la muerte, y luego una demanda por homicidio culposo, no todas las demandas por homicidio culposo surgen de una negligencia m\u00e9dica. La negligencia m\u00e9dica se produce cuando un profesional m\u00e9dico es negligente y, como consecuencia de esa negligencia, un paciente resulta perjudicado. Hay homicidio culposo cuando se produce una muerte como consecuencia directa de un acto il\u00edcito, descuido, falta de acci\u00f3n o negligencia. Algunos ejemplos de negligencia m\u00e9dica son los errores quir\u00fargicos, el retraso en el tratamiento, los diagn\u00f3sticos err\u00f3neos, la falta de diagn\u00f3stico, las lesiones en el parto, los abusos en residencias de ancianos y los errores de medicaci\u00f3n.<\/p>\n<p>La negligencia m\u00e9dica puede producirse en cualquier momento, desde el diagn\u00f3stico hasta el tratamiento y el seguimiento. Una muerte por negligencia tiene un contexto jur\u00eddico m\u00e1s amplio que una reclamaci\u00f3n por negligencia m\u00e9dica o una demanda por lesiones personales. Aunque la negligencia m\u00e9dica se refiere directamente a <em>la <\/em> negligencia (y un caso de negligencia m\u00e9dica puede dar lugar a una demanda por homicidio culposo), una demanda por homicidio culposo puede ser consecuencia de un accidente de autom\u00f3vil, una agresi\u00f3n, abusos en residencias de ancianos, lesiones en el parto, negligencia m\u00e9dica, alimentos retirados del mercado o peligrosos vendidos en tiendas de comestibles o restaurantes, veh\u00edculos retirados del mercado o peligrosos, dispositivos m\u00e9dicos defectuosos o medicamentos peligrosos. Cuando una negligencia m\u00e9dica provoca una muerte, un abogado del bufete de Dianne Sawaya puede ayudar a los familiares en duelo a presentar una demanda por homicidio culposo.<\/p>\n<h2>\u00bfC\u00f3mo se determinan las indemnizaciones por homicidio culposo?<\/h2>\n<p>Como puedes imaginar, asignar un valor monetario a una vida es extremadamente dif\u00edcil. Sin embargo, hay factores que suelen tenerse en cuenta para llegar a una determinada cantidad de indemnizaci\u00f3n por homicidio culposo. Estos factores incluyen:<\/p>\n<ul>\n<li>El nivel de gastos m\u00e9dicos en que incurri\u00f3 el fallecido;<\/li>\n<li>El estado de salud del fallecido antes del accidente que provoc\u00f3 la muerte;<\/li>\n<li>La capacidad de ganancia del fallecido;<\/li>\n<li>La edad del fallecido;<\/li>\n<li>El salario del fallecido en el momento de su muerte;<\/li>\n<li>La edad de las personas a cargo del fallecido;<\/li>\n<li>La educaci\u00f3n del fallecido;<\/li>\n<li>La formaci\u00f3n del fallecido;<\/li>\n<li>Gastos funerarios del fallecido, y<\/li>\n<li>El valor de las prestaciones perdidas del fallecido, como el seguro m\u00e9dico o una pensi\u00f3n de jubilaci\u00f3n.<\/li>\n<\/ul>\n<p>Los da\u00f1os que dan lugar a un acuerdo no son una simple estimaci\u00f3n, sino que deben estar respaldados por pruebas objetivas. Los peritos, como los economistas, analizar\u00e1n la vida del fallecido y tendr\u00e1n en cuenta muchas circunstancias distintas a la hora de determinar el importe de una indemnizaci\u00f3n por homicidio culposo. El dolor y el sufrimiento pueden concederse por p\u00e9rdida de consorcio, p\u00e9rdida de orientaci\u00f3n parental, p\u00e9rdida de consuelo o p\u00e9rdida de amor y compa\u00f1\u00eda, y se diferencian de otros da\u00f1os econ\u00f3micos en que son un poco m\u00e1s subjetivos.<\/p>\n<p>La indemnizaci\u00f3n por homicidio culposo suele pagarla la aseguradora que cubr\u00eda a la persona o entidad responsable de la muerte. La mayor\u00eda de las p\u00f3lizas de seguro tienen un l\u00edmite; si la parte responsable no tiene cobertura suficiente, puede ser considerada personalmente responsable de cualquier cantidad que supere lo que pague la compa\u00f1\u00eda de seguros. Las indemnizaciones por homicidio culposo no est\u00e1n sujetas a impuestos, aunque si se conceden da\u00f1os punitivos, Hacienda puede gravar esa parte de la indemnizaci\u00f3n.<\/p>\n<h2>\u00bfQu\u00e9 es una demanda de acci\u00f3n de supervivencia?<\/h2>\n<p>Tambi\u00e9n puede presentarse una demanda de supervivencia tras el fallecimiento de una persona; sin embargo, en una demanda de supervivencia s\u00f3lo puede presentarla la persona que sea representante de la sucesi\u00f3n de la v\u00edctima. Si el fallecido no hizo ning\u00fan nombramiento de representante antes de su muerte, el tribunal puede nombrar uno. El objetivo de una demanda de supervivencia es recuperar una indemnizaci\u00f3n por los gastos en que haya incurrido la v\u00edctima desde el momento en que sufri\u00f3 las lesiones hasta el momento de su fallecimiento. Como ejemplo, supongamos que una persona ha resultado gravemente herida en un accidente de tr\u00e1fico causado por la negligencia de otra persona o entidad. La persona herida puede vivir d\u00edas, semanas o meses antes de morir. La sucesi\u00f3n del fallecido puede cobrar una indemnizaci\u00f3n por los gastos m\u00e9dicos incurridos durante ese tiempo, y toda la indemnizaci\u00f3n ir\u00e1 a parar a la sucesi\u00f3n de la v\u00edctima.<\/p>\n<h2>\u00bfCu\u00e1nto suele durar una demanda por homicidio culposo?<\/h2>\n<p>Es imposible decir con exactitud cu\u00e1nto durar\u00e1 una demanda por homicidio culposo; algunas demandas por homicidio culposo se resuelven en unos meses, mientras que otras pueden tardar a\u00f1os en resolverse por completo. Si la parte culpable tiene un seguro m\u00ednimo, esto puede hacer que la demanda por homicidio culposo se prolongue durante mucho tiempo. Cuando se discute la responsabilidad de la muerte por negligencia, puede llevar m\u00e1s tiempo resolver el caso, o cuando una compa\u00f1\u00eda de seguros ofrece un acuerdo que ni siquiera se acerca al valor justo del caso, una demanda por muerte por negligencia puede alargarse durante m\u00e1s tiempo.<\/p>\n<h2>\u00bfC\u00f3mo puede ayudar un abogado de Colorado especializado en homicidio culposo?<\/h2>\n<p>Cuando tomes la decisi\u00f3n de hablar con un abogado experto en homicidio culposo del bufete de Dianne Sawaya, hablar\u00e1s con un abogado experto y compasivo que lleva muchos a\u00f1os defendiendo a quienes han perdido a un ser querido por la negligencia de otro. Afrontar la muerte de un ser querido es una de las experiencias m\u00e1s dif\u00edciles y traum\u00e1ticas de la vida, pero el proceso de duelo puede intensificarse considerablemente cuando esa muerte es consecuencia directa de una negligencia.<\/p>\n<p>Un abogado altamente cualificado en homicidio culposo del Bufete de Dianne Sawaya puede ayudarte en cada paso del camino, asegur\u00e1ndose de que seas debidamente indemnizado por tu p\u00e9rdida. Entendemos que tu situaci\u00f3n actual puede parecer abrumadora. Responderemos a tus preguntas sobre tu demanda por homicidio culposo y te instamos a que <a href=\"https:\/\/dlslawfirm.com\/contact-us\/\">te pongas en contacto con<\/a> nuestras oficinas lo antes posible para que podamos empezar a luchar por tu familia.<\/p>\n<h2>\u00bfQu\u00e9 puedo hacer si mi ser querido muere en un accidente de tr\u00e1fico?<\/h2>\n<p>No est\u00e1s sola. De hecho, 1,3 millones de personas mueren cada a\u00f1o en accidentes de tr\u00e1fico, y unas 3.280 mueren cada d\u00eda. Y cuando tu ser querido se ha convertido en la siguiente estad\u00edstica, tu pesadilla se hace realidad. No hay una gu\u00eda de &#8220;c\u00f3mo hacerlo&#8221;. No hay un procedimiento establecido. Pero insistimos en que contratar a un abogado especializado en muerte por negligencia en accidentes de tr\u00e1fico para que luche por ti debe ser tu siguiente paso.<\/p>\n<p>Llamar a un abogado de accidentes de coche es lo mejor para ti, y sabemos que hay muchos por ah\u00ed. Busca uno con experiencia, pero m\u00e1s que eso, busca un abogado de accidentes de coche que vaya a luchar por tu familia con compasi\u00f3n, gusto y una fuerza que no conozca l\u00edmites. M\u00e1s informaci\u00f3n sobre nuestros abogados especialistas en lesiones por accidente de tr\u00e1fico.<\/p>\n<h2>\u00bfQu\u00e9 es el dolor y el sufrimiento?<\/h2>\n<p>Piensa en el estr\u00e9s por el que est\u00e1s pasando ahora mismo. Parece incuantificable, lo sabemos. Pero &#8220;dolor y sufrimiento&#8221; es el t\u00e9rmino que se utiliza en el proceso judicial para describir el estr\u00e9s y la angustia que uno sufre por la negligencia de otra persona.<\/p>\n<p>No hay cirug\u00eda que repare el dolor y el sufrimiento. Y no hay cantidad en d\u00f3lares que pueda compensar verdaderamente a tu familia por la incre\u00edble p\u00e9rdida que hab\u00e9is sufrido. Sabemos que buscar una indemnizaci\u00f3n por homicidio culposo es s\u00f3lo el principio de tu larga recuperaci\u00f3n de este profundo dolor y sufrimiento. Pero es un comienzo.<\/p>\n<p>Para saber m\u00e1s sobre c\u00f3mo puedes solicitar una indemnizaci\u00f3n por homicidio culposo en Colorado por el dolor y el sufrimiento que est\u00e1s padeciendo tras la muerte de tu ser querido, llama hoy mismo.<\/p>\n<h2>Llama hoy al bufete de Dianne Sawaya<\/h2>\n<p>Esto es incre\u00edblemente abrumador. Esperamos haber dado respuesta a las preguntas que ten\u00edas, pero sabemos que probablemente tengas m\u00e1s. Te instamos a que nos llames cuanto antes para que podamos responder a esas preguntas y empezar a luchar por tu familia.<\/p>\n<p><a href=\"https:\/\/dlslawfirm.com\/contact-us\/\">Ll\u00e1manos hoy mismo<\/a> y habla con un abogado especializado en lesiones por homicidio culposo.<\/p>\n","protected":false},"excerpt":{"rendered":"<p>Abogados expertos en lesiones personales a tu lado Cuando una persona muere como consecuencia de la negligencia de otra, muchas personas dudan en presentar una demanda por homicidio culposo. Pueden pensar que una demanda por homicidio culposo no les devolver\u00e1 a su ser querido y, por tanto, deciden no presentar dicha demanda. En realidad, tal&#8230;<\/p>\n","protected":false},"author":2,"featured_media":0,"parent":6948,"menu_order":150,"comment_status":"open","ping_status":"open","template":"","meta":{"_acf_changed":false,"footnotes":""},"tags":[],"class_list":["post-6993","page","type-page","status-publish","hentry"],"acf":[],"yoast_head":"<!-- This site is optimized with the Yoast SEO plugin v27.4 - https:\/\/yoast.com\/product\/yoast-seo-wordpress\/ -->\n<title>Abogado de Homicidio Culposo en Denver, Colorado | Dianne Sawaya<\/title>\n<meta name=\"description\" content=\"\u00bfHan matado a alg\u00fan ser querido? Te instamos a que llames a un abogado lo antes posible para que podamos empezar a luchar por tu familia.\" \/>\n<meta name=\"robots\" content=\"index, follow, max-snippet:-1, max-image-preview:large, max-video-preview:-1\" \/>\n<link rel=\"canonical\" href=\"https:\/\/dlslawfirm.com\/es\/abogados-de-colorado-especializados-en-lesiones-personales\/abogados-especializados-en-homicidio-culposo-en-denver-colorado\/\" \/>\n<meta property=\"og:locale\" content=\"es_MX\" \/>\n<meta property=\"og:type\" content=\"article\" \/>\n<meta property=\"og:title\" content=\"Abogado de Homicidio Culposo en Denver, Colorado | Dianne Sawaya\" \/>\n<meta property=\"og:description\" content=\"\u00bfHan matado a alg\u00fan ser querido? Te instamos a que llames a un abogado lo antes posible para que podamos empezar a luchar por tu familia.\" \/>\n<meta property=\"og:url\" content=\"https:\/\/dlslawfirm.com\/es\/abogados-de-colorado-especializados-en-lesiones-personales\/abogados-especializados-en-homicidio-culposo-en-denver-colorado\/\" \/>\n<meta property=\"og:site_name\" content=\"Law Offices of Dianne Sawaya LLC- En Espanol\" \/>\n<meta property=\"article:modified_time\" content=\"2025-05-28T12:30:34+00:00\" \/>\n<meta name=\"twitter:card\" content=\"summary_large_image\" \/>\n<meta name=\"twitter:label1\" content=\"Est. reading time\" \/>\n\t<meta name=\"twitter:data1\" content=\"11 minutos\" \/>\n<script type=\"application\/ld+json\" class=\"yoast-schema-graph\">{\"@context\":\"https:\\\/\\\/schema.org\",\"@graph\":[{\"@type\":\"WebPage\",\"@id\":\"https:\\\/\\\/dlslawfirm.com\\\/es\\\/abogados-de-colorado-especializados-en-lesiones-personales\\\/abogados-especializados-en-homicidio-culposo-en-denver-colorado\\\/\",\"url\":\"https:\\\/\\\/dlslawfirm.com\\\/es\\\/abogados-de-colorado-especializados-en-lesiones-personales\\\/abogados-especializados-en-homicidio-culposo-en-denver-colorado\\\/\",\"name\":\"Abogado de Homicidio Culposo en Denver, Colorado | Dianne Sawaya\",\"isPartOf\":{\"@id\":\"https:\\\/\\\/dlslawfirm.com\\\/es\\\/#website\"},\"datePublished\":\"2015-07-22T00:12:49+00:00\",\"dateModified\":\"2025-05-28T12:30:34+00:00\",\"description\":\"\u00bfHan matado a alg\u00fan ser querido? Te instamos a que llames a un abogado lo antes posible para que podamos empezar a luchar por tu familia.\",\"breadcrumb\":{\"@id\":\"https:\\\/\\\/dlslawfirm.com\\\/es\\\/abogados-de-colorado-especializados-en-lesiones-personales\\\/abogados-especializados-en-homicidio-culposo-en-denver-colorado\\\/#breadcrumb\"},\"inLanguage\":\"es\",\"potentialAction\":[{\"@type\":\"ReadAction\",\"target\":[\"https:\\\/\\\/dlslawfirm.com\\\/es\\\/abogados-de-colorado-especializados-en-lesiones-personales\\\/abogados-especializados-en-homicidio-culposo-en-denver-colorado\\\/\"]}]},{\"@type\":\"BreadcrumbList\",\"@id\":\"https:\\\/\\\/dlslawfirm.com\\\/es\\\/abogados-de-colorado-especializados-en-lesiones-personales\\\/abogados-especializados-en-homicidio-culposo-en-denver-colorado\\\/#breadcrumb\",\"itemListElement\":[{\"@type\":\"ListItem\",\"position\":1,\"name\":\"Home\",\"item\":\"https:\\\/\\\/dlslawfirm.com\\\/es\\\/\"},{\"@type\":\"ListItem\",\"position\":2,\"name\":\"Abogados de Colorado especializados en lesiones personales\",\"item\":\"https:\\\/\\\/dlslawfirm.com\\\/es\\\/abogados-de-colorado-especializados-en-lesiones-personales\\\/\"},{\"@type\":\"ListItem\",\"position\":3,\"name\":\"Abogados especializados en homicidio culposo en Denver, Colorado\"}]},{\"@type\":\"WebSite\",\"@id\":\"https:\\\/\\\/dlslawfirm.com\\\/es\\\/#website\",\"url\":\"https:\\\/\\\/dlslawfirm.com\\\/es\\\/\",\"name\":\"Law Offices of Dianne Sawaya LLC- En Espanol\",\"description\":\"\",\"potentialAction\":[{\"@type\":\"SearchAction\",\"target\":{\"@type\":\"EntryPoint\",\"urlTemplate\":\"https:\\\/\\\/dlslawfirm.com\\\/es\\\/?s={search_term_string}\"},\"query-input\":{\"@type\":\"PropertyValueSpecification\",\"valueRequired\":true,\"valueName\":\"search_term_string\"}}],\"inLanguage\":\"es\"}]}<\/script>\n<!-- \/ Yoast SEO plugin. -->","yoast_head_json":{"title":"Abogado de Homicidio Culposo en Denver, Colorado | Dianne Sawaya","description":"\u00bfHan matado a alg\u00fan ser querido? Te instamos a que llames a un abogado lo antes posible para que podamos empezar a luchar por tu familia.","robots":{"index":"index","follow":"follow","max-snippet":"max-snippet:-1","max-image-preview":"max-image-preview:large","max-video-preview":"max-video-preview:-1"},"canonical":"https:\/\/dlslawfirm.com\/es\/abogados-de-colorado-especializados-en-lesiones-personales\/abogados-especializados-en-homicidio-culposo-en-denver-colorado\/","og_locale":"es_MX","og_type":"article","og_title":"Abogado de Homicidio Culposo en Denver, Colorado | Dianne Sawaya","og_description":"\u00bfHan matado a alg\u00fan ser querido? Te instamos a que llames a un abogado lo antes posible para que podamos empezar a luchar por tu familia.","og_url":"https:\/\/dlslawfirm.com\/es\/abogados-de-colorado-especializados-en-lesiones-personales\/abogados-especializados-en-homicidio-culposo-en-denver-colorado\/","og_site_name":"Law Offices of Dianne Sawaya LLC- En Espanol","article_modified_time":"2025-05-28T12:30:34+00:00","twitter_card":"summary_large_image","twitter_misc":{"Est. reading time":"11 minutos"},"schema":{"@context":"https:\/\/schema.org","@graph":[{"@type":"WebPage","@id":"https:\/\/dlslawfirm.com\/es\/abogados-de-colorado-especializados-en-lesiones-personales\/abogados-especializados-en-homicidio-culposo-en-denver-colorado\/","url":"https:\/\/dlslawfirm.com\/es\/abogados-de-colorado-especializados-en-lesiones-personales\/abogados-especializados-en-homicidio-culposo-en-denver-colorado\/","name":"Abogado de Homicidio Culposo en Denver, Colorado | Dianne Sawaya","isPartOf":{"@id":"https:\/\/dlslawfirm.com\/es\/#website"},"datePublished":"2015-07-22T00:12:49+00:00","dateModified":"2025-05-28T12:30:34+00:00","description":"\u00bfHan matado a alg\u00fan ser querido? Te instamos a que llames a un abogado lo antes posible para que podamos empezar a luchar por tu familia.","breadcrumb":{"@id":"https:\/\/dlslawfirm.com\/es\/abogados-de-colorado-especializados-en-lesiones-personales\/abogados-especializados-en-homicidio-culposo-en-denver-colorado\/#breadcrumb"},"inLanguage":"es","potentialAction":[{"@type":"ReadAction","target":["https:\/\/dlslawfirm.com\/es\/abogados-de-colorado-especializados-en-lesiones-personales\/abogados-especializados-en-homicidio-culposo-en-denver-colorado\/"]}]},{"@type":"BreadcrumbList","@id":"https:\/\/dlslawfirm.com\/es\/abogados-de-colorado-especializados-en-lesiones-personales\/abogados-especializados-en-homicidio-culposo-en-denver-colorado\/#breadcrumb","itemListElement":[{"@type":"ListItem","position":1,"name":"Home","item":"https:\/\/dlslawfirm.com\/es\/"},{"@type":"ListItem","position":2,"name":"Abogados de Colorado especializados en lesiones personales","item":"https:\/\/dlslawfirm.com\/es\/abogados-de-colorado-especializados-en-lesiones-personales\/"},{"@type":"ListItem","position":3,"name":"Abogados especializados en homicidio culposo en Denver, Colorado"}]},{"@type":"WebSite","@id":"https:\/\/dlslawfirm.com\/es\/#website","url":"https:\/\/dlslawfirm.com\/es\/","name":"Law Offices of Dianne Sawaya LLC- En Espanol","description":"","potentialAction":[{"@type":"SearchAction","target":{"@type":"EntryPoint","urlTemplate":"https:\/\/dlslawfirm.com\/es\/?s={search_term_string}"},"query-input":{"@type":"PropertyValueSpecification","valueRequired":true,"valueName":"search_term_string"}}],"inLanguage":"es"}]}},"_links":{"self":[{"href":"https:\/\/dlslawfirm.com\/es\/wp-json\/wp\/v2\/pages\/6993","targetHints":{"allow":["GET"]}}],"collection":[{"href":"https:\/\/dlslawfirm.com\/es\/wp-json\/wp\/v2\/pages"}],"about":[{"href":"https:\/\/dlslawfirm.com\/es\/wp-json\/wp\/v2\/types\/page"}],"author":[{"embeddable":true,"href":"https:\/\/dlslawfirm.com\/es\/wp-json\/wp\/v2\/users\/2"}],"replies":[{"embeddable":true,"href":"https:\/\/dlslawfirm.com\/es\/wp-json\/wp\/v2\/comments?post=6993"}],"version-history":[{"count":0,"href":"https:\/\/dlslawfirm.com\/es\/wp-json\/wp\/v2\/pages\/6993\/revisions"}],"up":[{"embeddable":true,"href":"https:\/\/dlslawfirm.com\/es\/wp-json\/wp\/v2\/pages\/6948"}],"wp:attachment":[{"href":"https:\/\/dlslawfirm.com\/es\/wp-json\/wp\/v2\/media?parent=6993"}],"wp:term":[{"taxonomy":"post_tag","embeddable":true,"href":"https:\/\/dlslawfirm.com\/es\/wp-json\/wp\/v2\/tags?post=6993"}],"curies":[{"name":"wp","href":"https:\/\/api.w.org\/{rel}","templated":true}]}}