{"id":6992,"date":"2015-04-21T16:13:24","date_gmt":"2015-04-21T16:13:24","guid":{"rendered":"https:\/\/dlslawfirm.com\/preguntas-juridicas-frecuentes\/"},"modified":"2015-04-21T16:13:24","modified_gmt":"2015-04-21T16:13:24","slug":"preguntas-juridicas-frecuentes","status":"publish","type":"page","link":"https:\/\/dlslawfirm.com\/es\/preguntas-juridicas-frecuentes\/","title":{"rendered":"Preguntas jur\u00eddicas frecuentes"},"content":{"rendered":"<p>Los abogados de lesiones personales de Denver del bufete de Dianne Sawaya saben que es un gran paso contratar a un abogado para que luche por tus derechos y te consiga lo que te mereces. Como no es algo que hagas todos los d\u00edas, puede que tengas preguntas sobre si tienes una reclamaci\u00f3n por lesiones personales, c\u00f3mo funciona el proceso y c\u00f3mo funcionan a tu favor los acuerdos de honorarios contingentes.<\/p>\n<p>Hemos reunido algunas de las preguntas m\u00e1s frecuentes que nuestros <a title=\"Accidentes de tr\u00e1fico\" href=\"\/\/dlslawfirm.com\/lesiones-personales\/accidentes-de-coche\/\">abogados de Denver especializados en accidentes<\/a> de tr\u00e1fico escuchan regularmente de clientes y posibles clientes. Seguro que tienes otros espec\u00edficos para tu situaci\u00f3n. Ll\u00e1manos al <strong>(303) 758-4777<\/strong> o <a title=\"P\u00f3ngase en contacto con nosotros\" href=\"\/\/dlslawfirm.com\/contacto-nos\/\">env\u00edanos un correo electr\u00f3nico para concertar una consulta gratuita sobre lesiones<\/a> personales. Nos sentaremos contigo, hablaremos de tu caso y responderemos a cualquier pregunta que puedas tener. No hay coste ni obligaci\u00f3n. Y recuerda: No cobramos si t\u00fa no cobras.<\/p>\n<h1><strong>\u00bfC\u00f3mo podemos ayudarte?<\/strong><\/h1>\n<ul>\n<li><a href=\"#auto1\">Tengo una pregunta jur\u00eddica general.<\/a><\/li>\n<li><a href=\"#auto2\">Tengo una pregunta sobre los accidentes de tr\u00e1fico.<\/a><\/li>\n<li><a href=\"#auto3\">Tengo una pregunta sobre mi caso de lesiones personales.<\/a><\/li>\n<li><a href=\"#auto4\">Tengo una pregunta sobre la indemnizaci\u00f3n por accidente laboral.<\/a><\/li>\n<li><a href=\"#auto5\">Tengo una pregunta sobre Law Offices of Dianne Sawaya.<\/a><br \/>\n<a id=\"auto1\" name=\"auto1\"><\/a><\/li>\n<\/ul>\n<h2><strong>Preguntas m\u00e1s frecuentes sobre cuestiones jur\u00eddicas generales<\/strong><\/h2>\n<ul>\n<li><a href=\"\/\/dlslawfirm.com\/faq\/debo-obtener-una-segunda-opinion\/\">\u00bfDeber\u00eda pedir una segunda opini\u00f3n?<\/a><\/li>\n<li><a href=\"\/\/dlslawfirm.com\/faq\/why-do-i-need-a-personal-injury-attorney\/\">\u00bfPor qu\u00e9 necesito un abogado de lesiones personales?<\/a><a href=\"\/\/dlslawfirm.com\/faq\/why-do-i-need-a-personal-injury-attorney\/\">  \u00bfNo puede ayudarme ning\u00fan abogado?<\/a><\/li>\n<li><a href=\"\/\/dlslawfirm.com\/resources\/faq-video-library\/do-i-really-need-an-attorney-can-i-do-this-alone\/\">\u00bfRealmente necesito un abogado? \u00bfNo puedo hacerlo por mi cuenta?<\/a><\/li>\n<li><a href=\"\/\/dlslawfirm.com\/faq\/en-que-me-debo- fijar-al-seleccionar-un-abogado\/\">\u00bfQu\u00e9 debo tener en cuenta al elegir un abogado?<\/a><\/li>\n<li><a href=\"\/\/dlslawfirm.com\/resources\/faq-video-library\/how-much-is-my-case-worth\/\">\u00bfCu\u00e1nto vale mi caso?<\/a><\/li>\n<li><a href=\"\/\/dlslawfirm.com\/faq\/que-debo-saber-sobre-mi-caso-antes-de-mi-consulta-gratuita\/\">\u00bfQu\u00e9 debo saber sobre mi caso antes de una consulta?<\/a><\/li>\n<li><a href=\"\/\/dlslawfirm.com\/faq\/que-puedo-esperar-en-mi-consulta-gratuita\/\">\u00bfQu\u00e9 puedo esperar en una consulta con un abogado?<\/a><\/li>\n<li><a href=\"\/\/dlslawfirm.com\/faq\/how-long-does-a-case-take\/\">\u00bfCu\u00e1nto tiempo me llevar\u00e1 mi caso?<\/a><\/li>\n<li><a href=\"\/\/dlslawfirm.com\/faq\/how-long-will-it-take-to-settle-my-case\/\">\u00bfCu\u00e1nto tardar\u00e1 en resolverse mi caso?<\/a><\/li>\n<li><a href=\"\/\/dlslawfirm.com\/faq\/how-long-does-a-case-take\/\">\u00bfPor qu\u00e9 tarda tanto mi caso?<\/a><\/li>\n<li><a href=\"\/\/dlslawfirm.com\/faq\/yo-no-quiero-ir-a-juicio-necesito-un-abogado-que-me-ayude-a-resolver-mi-caso\/\">No quiero ir a juicio. \u00bfNecesito un abogado que me ayude a resolver mi caso?<\/a>?<\/li>\n<li><a href=\"\/\/dlslawfirm.com\/faq\/tendr\u00e9-que-ir-a-un-tribunal\/\">\u00bfTendr\u00e9 que ir a juicio?<\/a><\/li>\n<li><a href=\"\/\/dlslawfirm.com\/faq\/if-my-case-goes-to-trial-will-i-win\/\">Si mi caso va a juicio, \u00bfganaremos?<\/a><br \/>\n<a id=\"auto2\" name=\"auto2\"><\/a><\/li>\n<\/ul>\n<h2><strong>Preguntas frecuentes sobre accidentes de tr\u00e1fico<\/strong><\/h2>\n<ul>\n<li><a href=\"\/\/dlslawfirm.com\/faq\/que-si-me-lesiono-por-un-conductor-que-se-fuga\/\">\u00bfQu\u00e9 pasa si me lesiona un conductor que se da a la fuga?<\/a><\/li>\n<li><a href=\"\/\/dlslawfirm.com\/resources\/faq-video-library\/que-si-el-otro-conductor-no-tiene-seguro\/\">\u00bfY si el otro conductor no tiene seguro?<\/a><\/li>\n<li><a href=\"\/\/dlslawfirm.com\/faq\/que-si-la-compa\u00f1ia-de-seguros-me-llama-para-una-declaraci\u00f3n\/\">\u00bfDebo hacer una declaraci\u00f3n grabada a la compa\u00f1\u00eda de seguros?<\/a><\/li>\n<li><a href=\"\/\/dlslawfirm.com\/faq\/contratar-un-abogado-tras-un-accidente-de-coche\/\">He tenido un accidente de coche. \u00bfCu\u00e1ndo debo contratar a un abogado?<\/a><\/li>\n<li><a href=\"\/\/dlslawfirm.com\/faq\/que-debo-hacer-si-he-sido-en-un-accidente-de-camion endenver-colorado\/\">\u00bfQu\u00e9 Debo Hacer Si He Sufrido Un Accidente De Cami\u00f3n En Denver, Colorado?<\/a><\/li>\n<li><a href=\"\/\/dlslawfirm.com\/faq\/quien-paga-las-facturas-medicas\/\">\u00bfQui\u00e9n paga las facturas m\u00e9dicas si me lesiono en un accidente de tr\u00e1fico?<\/a><\/li>\n<li><a href=\"\/\/dlslawfirm.com\/resources\/faq-video-library\/will-i-have-to-go-to-court\/\">\u00bfTendr\u00e9 que ir a juicio?<\/a><\/li>\n<li><a href=\"\/\/dlslawfirm.com\/faq\/que-si-el-conductor-que-me-atropello-no-tiene-seguro\/\">\u00bfY si el conductor que me ha atropellado no tiene seguro?<\/a><\/li>\n<li><a href=\"\/\/dlslawfirm.com\/faq\/can-sue-trucking-company-accident\/\">\u00bfPuedo demandar a la empresa de transporte tras un accidente?<\/a><\/li>\n<li><a href=\"\/\/dlslawfirm.com\/lesiones-personales\/accidente-motocicleta-abogado\/necesito-abogado-estado-accidente-motocicleta\/\">\u00bfNecesito un abogado en el mismo estado de mi accidente de moto?<\/a><\/li>\n<li><a href=\"\/\/dlslawfirm.com\/faq\/how-long-after-an-accident-can-i-file-a-claim\/\">\u00bfCu\u00e1nto tiempo despu\u00e9s de un accidente puedo presentar una demanda?<\/a><br \/>\n<a id=\"auto3\" name=\"auto3\"><\/a><\/li>\n<\/ul>\n<h2><strong>Preguntas frecuentes sobre lesiones personales<\/strong><\/h2>\n<ul>\n<li><a href=\"\/\/dlslawfirm.com\/faq\/estoy-causando-problemas-a-la-otra-persona-por-presentar-una-demanda-por-da\u00f1o-personal-contra-ellos\/\">\u00bfEstoy causando problemas a la otra persona al presentar una demanda por da\u00f1os personales?<\/a><\/li>\n<li><a href=\"\/\/dlslawfirm.com\/faq\/que-si-la-compa\u00f1ia-de-seguros-me-llama-para-una-declaraci\u00f3n\/\">Si la compa\u00f1\u00eda de seguros me llama para pedirme una declaraci\u00f3n, \u00bfqu\u00e9 debo hacer?<\/a><\/li>\n<li><a href=\"\/\/dlslawfirm.com\/faq\/how-do-i-know-if-i-have-a-personal-injury-claim\/\">\u00bfC\u00f3mo s\u00e9 si tengo derecho a reclamar por da\u00f1os personales?<\/a><\/li>\n<li><a href=\"\/\/dlslawfirm.com\/faq\/why-do-i-need-a-personal-injury-attorney\/\">\u00bfPor qu\u00e9 necesito un abogado de lesiones personales?<\/a><\/li>\n<li><a href=\"\/\/dlslawfirm.com\/faq\/how-do-you-get-paid-will-this-cost-me-any-money\/\">\u00bfTrabajar con un abogado de lesiones personales me costar\u00e1 dinero?<\/a><\/li>\n<li><a href=\"\/\/dlslawfirm.com\/faq\/tendr\u00e9-que-ir-a-un-tribunal\/\">\u00bfTendr\u00e9 que ir a juicio?<\/a><\/li>\n<li><a href=\"\/\/dlslawfirm.com\/faq\/if-my-case-goes-to-trial-will-i-win\/\">Si mi caso va a juicio, \u00bfganaremos?<\/a><\/li>\n<li><a href=\"\/\/dlslawfirm.com\/faq\/how-much-is-my-case-worth\/\">\u00bfCu\u00e1nto vale mi caso?<\/a><\/li>\n<li><a href=\"\/\/dlslawfirm.com\/faq\/quien-paga-las-facturas-medicas\/\">\u00bfQui\u00e9n paga las facturas m\u00e9dicas?<\/a><\/li>\n<li><a href=\"\/\/dlslawfirm.com\/faq\/cu\u00e1les-son-las-diferencias-entre-los-tipos-de-lesiones-cerebrales\/\">\u00bfCu\u00e1les son las diferencias entre los tipos de lesiones cerebrales?<\/a><\/li>\n<li><a href=\"\/\/dlslawfirm.com\/faq\/compensaci\u00f3n-tipo-puedo-esperar-una-lesion\/\">\u00bfQu\u00e9 tipo de indemnizaci\u00f3n puedo esperar por mi lesi\u00f3n por quemaduras?<\/a><\/li>\n<li><a href=\"\/\/dlslawfirm.com\/faq\/que-si-me-lesiono-por-un-conductor-que-se-fuga\/\">\u00bfQu\u00e9 pasa si me lesiona un conductor que se da a la fuga?<\/a><br \/>\n<a id=\"auto4\" name=\"auto4\"><\/a><\/li>\n<\/ul>\n<h2><strong>Preguntas frecuentes sobre la indemnizaci\u00f3n por accidente laboral<\/strong><\/h2>\n<ul>\n<li><a href=\"\/\/dlslawfirm.com\/faq\/eligible-for-workers-compensation\/\">\u00bfTengo derecho a una indemnizaci\u00f3n por accidente laboral?<\/a><\/li>\n<li><a href=\"\/\/dlslawfirm.com\/faq\/do-i-need-a-workers-compensation-lawyer-for-my-case\/\">\u00bfNecesito un abogado especialista en indemnizaci\u00f3n por accidente laboral?<\/a><\/li>\n<li><a href=\"\/\/dlslawfirm.com\/faq\/tipos-comunes-de-trabajadores-comp-reclamaciones\/\">\u00bfCu\u00e1les son los distintos tipos de demandas de indemnizaci\u00f3n por incapacidad laboral?<\/a><\/li>\n<li><a href=\"\/\/dlslawfirm.com\/faq\/compensaci\u00f3n-obrera-cubre-lesiones-por-accidente-de-cami\u00f3n\/\">\u00bfCubre la indemnizaci\u00f3n por accidente laboral las lesiones por accidente de cami\u00f3n?<\/a><\/li>\n<li><a href=\"\/\/dlslawfirm.com\/faq\/can-sue-burn-injury-work\/\">\u00bfA qui\u00e9n puedo demandar por una lesi\u00f3n por quemaduras en el trabajo?<\/a><\/li>\n<li><a href=\"\/\/dlslawfirm.com\/faq\/tipos-de-demandas-indemnizacion-trabajadores\/\">\u00bfCu\u00e1les son los tipos de demandas de indemnizaci\u00f3n por accidente laboral?<\/a><br \/>\n<a id=\"auto5\" name=\"auto5\"><\/a><\/li>\n<\/ul>\n<h2><strong>Trabajar con el bufete de Dianne Sawaya<\/strong><\/h2>\n<ul>\n<li><a href=\"\/\/dlslawfirm.com\/faq\/how-can-your-law-office-help-me-after-im-injured\/\">\u00bfC\u00f3mo puede ayudarme tu bufete despu\u00e9s de lesionarme?<\/a><\/li>\n<li><a href=\"\/\/dlslawfirm.com\/faq\/que-debo-saber-sobre-mi-caso-antes-de-mi-consulta-gratuita\/\">\u00bfQu\u00e9 debo saber sobre mi caso antes de la consulta gratuita?<\/a><\/li>\n<li><a href=\"\/\/dlslawfirm.com\/faq\/que-puedo-esperar-en-mi-consulta-gratuita\/\">\u00bfQu\u00e9 puedo esperar en mi consulta gratuita?<\/a><\/li>\n<li><a href=\"\/\/dlslawfirm.com\/faq\/how-long-will-it-take-to-settle-my-case\/\">\u00bfCu\u00e1nto tardar\u00e1 en resolverse mi caso?<\/a><\/li>\n<li><a href=\"\/\/dlslawfirm.com\/faq\/tendr\u00e9-que-ir-a-un-tribunal\/\">\u00bfTendr\u00e9 que ir a juicio?<\/a><\/li>\n<li><a href=\"\/\/dlslawfirm.com\/faq\/if-my-case-goes-to-trial-will-i-win\/\">Si mi caso va a juicio, \u00bfganaremos?<\/a><\/li>\n<li><a href=\"\/\/dlslawfirm.com\/resources\/faq-video-library\/how-do-you-get-paid-will-this-cost-me-money\/\">\u00bfC\u00f3mo te pagan?<\/a><\/li>\n<li><a href=\"\/\/dlslawfirm.com\/faq\/puedes-prestarme-dinero-durante-mi-caso\/\">\u00bfPuedes prestarme dinero durante mi caso?<\/a><\/li>\n<\/ul>\n","protected":false},"excerpt":{"rendered":"<p>Los abogados de lesiones personales de Denver del bufete de Dianne Sawaya saben que es un gran paso contratar a un abogado para que luche por tus derechos y te consiga lo que te mereces. Como no es algo que hagas todos los d\u00edas, puede que tengas preguntas sobre si tienes una reclamaci\u00f3n por lesiones&#8230;<\/p>\n","protected":false},"author":2,"featured_media":5285,"parent":0,"menu_order":177,"comment_status":"open","ping_status":"open","template":"","meta":{"_acf_changed":false,"footnotes":""},"tags":[],"class_list":["post-6992","page","type-page","status-publish","has-post-thumbnail","hentry"],"acf":[],"yoast_head":"<!-- This site is optimized with the Yoast SEO plugin v27.3 - https:\/\/yoast.com\/product\/yoast-seo-wordpress\/ -->\n<title>Preguntas frecuentes | Abogados de lesiones personales de Denver, CO<\/title>\n<meta name=\"description\" content=\"Estas son las preguntas m\u00e1s frecuentes que recibe el Bufete de Dianne Sawaya. Si has sufrido lesiones en un accidente de tr\u00e1fico, no dudes en llamar a nuestro despacho. Disponible 24 horas al d\u00eda, 7 d\u00edas a la semana.\" \/>\n<meta name=\"robots\" content=\"index, follow, max-snippet:-1, max-image-preview:large, max-video-preview:-1\" \/>\n<link rel=\"canonical\" href=\"https:\/\/dlslawfirm.com\/es\/preguntas-juridicas-frecuentes\/\" \/>\n<meta property=\"og:locale\" content=\"es_MX\" \/>\n<meta property=\"og:type\" content=\"article\" \/>\n<meta property=\"og:title\" content=\"Preguntas frecuentes | Abogados de lesiones personales de Denver, CO\" \/>\n<meta property=\"og:description\" content=\"Estas son las preguntas m\u00e1s frecuentes que recibe el Bufete de Dianne Sawaya. Si has sufrido lesiones en un accidente de tr\u00e1fico, no dudes en llamar a nuestro despacho. Disponible 24 horas al d\u00eda, 7 d\u00edas a la semana.\" \/>\n<meta property=\"og:url\" content=\"https:\/\/dlslawfirm.com\/es\/preguntas-juridicas-frecuentes\/\" \/>\n<meta property=\"og:site_name\" content=\"Law Offices of Dianne Sawaya LLC- En Espanol\" \/>\n<meta property=\"og:image\" content=\"https:\/\/dlslawfirm.com\/es\/wp-content\/uploads\/sites\/2\/2022\/06\/faqs.jpg\" \/>\n\t<meta property=\"og:image:width\" content=\"1600\" \/>\n\t<meta property=\"og:image:height\" content=\"1068\" \/>\n\t<meta property=\"og:image:type\" content=\"image\/jpeg\" \/>\n<meta name=\"twitter:card\" content=\"summary_large_image\" \/>\n<meta name=\"twitter:label1\" content=\"Est. reading time\" \/>\n\t<meta name=\"twitter:data1\" content=\"4 minutos\" \/>\n<script type=\"application\/ld+json\" class=\"yoast-schema-graph\">{\"@context\":\"https:\\\/\\\/schema.org\",\"@graph\":[{\"@type\":\"WebPage\",\"@id\":\"https:\\\/\\\/dlslawfirm.com\\\/es\\\/preguntas-juridicas-frecuentes\\\/\",\"url\":\"https:\\\/\\\/dlslawfirm.com\\\/es\\\/preguntas-juridicas-frecuentes\\\/\",\"name\":\"Preguntas frecuentes | Abogados de lesiones personales de Denver, CO\",\"isPartOf\":{\"@id\":\"https:\\\/\\\/dlslawfirm.com\\\/es\\\/#website\"},\"primaryImageOfPage\":{\"@id\":\"https:\\\/\\\/dlslawfirm.com\\\/es\\\/preguntas-juridicas-frecuentes\\\/#primaryimage\"},\"image\":{\"@id\":\"https:\\\/\\\/dlslawfirm.com\\\/es\\\/preguntas-juridicas-frecuentes\\\/#primaryimage\"},\"thumbnailUrl\":\"https:\\\/\\\/dlslawfirm.com\\\/es\\\/wp-content\\\/uploads\\\/sites\\\/2\\\/2022\\\/06\\\/faqs.jpg\",\"datePublished\":\"2015-04-21T16:13:24+00:00\",\"description\":\"Estas son las preguntas m\u00e1s frecuentes que recibe el Bufete de Dianne Sawaya. Si has sufrido lesiones en un accidente de tr\u00e1fico, no dudes en llamar a nuestro despacho. Disponible 24 horas al d\u00eda, 7 d\u00edas a la semana.\",\"breadcrumb\":{\"@id\":\"https:\\\/\\\/dlslawfirm.com\\\/es\\\/preguntas-juridicas-frecuentes\\\/#breadcrumb\"},\"inLanguage\":\"es\",\"potentialAction\":[{\"@type\":\"ReadAction\",\"target\":[\"https:\\\/\\\/dlslawfirm.com\\\/es\\\/preguntas-juridicas-frecuentes\\\/\"]}]},{\"@type\":\"ImageObject\",\"inLanguage\":\"es\",\"@id\":\"https:\\\/\\\/dlslawfirm.com\\\/es\\\/preguntas-juridicas-frecuentes\\\/#primaryimage\",\"url\":\"https:\\\/\\\/dlslawfirm.com\\\/es\\\/wp-content\\\/uploads\\\/sites\\\/2\\\/2022\\\/06\\\/faqs.jpg\",\"contentUrl\":\"https:\\\/\\\/dlslawfirm.com\\\/es\\\/wp-content\\\/uploads\\\/sites\\\/2\\\/2022\\\/06\\\/faqs.jpg\",\"width\":1600,\"height\":1068,\"caption\":\"Question marks\"},{\"@type\":\"BreadcrumbList\",\"@id\":\"https:\\\/\\\/dlslawfirm.com\\\/es\\\/preguntas-juridicas-frecuentes\\\/#breadcrumb\",\"itemListElement\":[{\"@type\":\"ListItem\",\"position\":1,\"name\":\"Home\",\"item\":\"https:\\\/\\\/dlslawfirm.com\\\/es\\\/\"},{\"@type\":\"ListItem\",\"position\":2,\"name\":\"Preguntas jur\u00eddicas frecuentes\"}]},{\"@type\":\"WebSite\",\"@id\":\"https:\\\/\\\/dlslawfirm.com\\\/es\\\/#website\",\"url\":\"https:\\\/\\\/dlslawfirm.com\\\/es\\\/\",\"name\":\"Law Offices of Dianne Sawaya LLC- En Espanol\",\"description\":\"\",\"potentialAction\":[{\"@type\":\"SearchAction\",\"target\":{\"@type\":\"EntryPoint\",\"urlTemplate\":\"https:\\\/\\\/dlslawfirm.com\\\/es\\\/?s={search_term_string}\"},\"query-input\":{\"@type\":\"PropertyValueSpecification\",\"valueRequired\":true,\"valueName\":\"search_term_string\"}}],\"inLanguage\":\"es\"}]}<\/script>\n<!-- \/ Yoast SEO plugin. -->","yoast_head_json":{"title":"Preguntas frecuentes | Abogados de lesiones personales de Denver, CO","description":"Estas son las preguntas m\u00e1s frecuentes que recibe el Bufete de Dianne Sawaya. Si has sufrido lesiones en un accidente de tr\u00e1fico, no dudes en llamar a nuestro despacho. Disponible 24 horas al d\u00eda, 7 d\u00edas a la semana.","robots":{"index":"index","follow":"follow","max-snippet":"max-snippet:-1","max-image-preview":"max-image-preview:large","max-video-preview":"max-video-preview:-1"},"canonical":"https:\/\/dlslawfirm.com\/es\/preguntas-juridicas-frecuentes\/","og_locale":"es_MX","og_type":"article","og_title":"Preguntas frecuentes | Abogados de lesiones personales de Denver, CO","og_description":"Estas son las preguntas m\u00e1s frecuentes que recibe el Bufete de Dianne Sawaya. Si has sufrido lesiones en un accidente de tr\u00e1fico, no dudes en llamar a nuestro despacho. Disponible 24 horas al d\u00eda, 7 d\u00edas a la semana.","og_url":"https:\/\/dlslawfirm.com\/es\/preguntas-juridicas-frecuentes\/","og_site_name":"Law Offices of Dianne Sawaya LLC- En Espanol","og_image":[{"width":1600,"height":1068,"url":"https:\/\/dlslawfirm.com\/es\/wp-content\/uploads\/sites\/2\/2022\/06\/faqs.jpg","type":"image\/jpeg"}],"twitter_card":"summary_large_image","twitter_misc":{"Est. reading time":"4 minutos"},"schema":{"@context":"https:\/\/schema.org","@graph":[{"@type":"WebPage","@id":"https:\/\/dlslawfirm.com\/es\/preguntas-juridicas-frecuentes\/","url":"https:\/\/dlslawfirm.com\/es\/preguntas-juridicas-frecuentes\/","name":"Preguntas frecuentes | Abogados de lesiones personales de Denver, CO","isPartOf":{"@id":"https:\/\/dlslawfirm.com\/es\/#website"},"primaryImageOfPage":{"@id":"https:\/\/dlslawfirm.com\/es\/preguntas-juridicas-frecuentes\/#primaryimage"},"image":{"@id":"https:\/\/dlslawfirm.com\/es\/preguntas-juridicas-frecuentes\/#primaryimage"},"thumbnailUrl":"https:\/\/dlslawfirm.com\/es\/wp-content\/uploads\/sites\/2\/2022\/06\/faqs.jpg","datePublished":"2015-04-21T16:13:24+00:00","description":"Estas son las preguntas m\u00e1s frecuentes que recibe el Bufete de Dianne Sawaya. Si has sufrido lesiones en un accidente de tr\u00e1fico, no dudes en llamar a nuestro despacho. Disponible 24 horas al d\u00eda, 7 d\u00edas a la semana.","breadcrumb":{"@id":"https:\/\/dlslawfirm.com\/es\/preguntas-juridicas-frecuentes\/#breadcrumb"},"inLanguage":"es","potentialAction":[{"@type":"ReadAction","target":["https:\/\/dlslawfirm.com\/es\/preguntas-juridicas-frecuentes\/"]}]},{"@type":"ImageObject","inLanguage":"es","@id":"https:\/\/dlslawfirm.com\/es\/preguntas-juridicas-frecuentes\/#primaryimage","url":"https:\/\/dlslawfirm.com\/es\/wp-content\/uploads\/sites\/2\/2022\/06\/faqs.jpg","contentUrl":"https:\/\/dlslawfirm.com\/es\/wp-content\/uploads\/sites\/2\/2022\/06\/faqs.jpg","width":1600,"height":1068,"caption":"Question marks"},{"@type":"BreadcrumbList","@id":"https:\/\/dlslawfirm.com\/es\/preguntas-juridicas-frecuentes\/#breadcrumb","itemListElement":[{"@type":"ListItem","position":1,"name":"Home","item":"https:\/\/dlslawfirm.com\/es\/"},{"@type":"ListItem","position":2,"name":"Preguntas jur\u00eddicas frecuentes"}]},{"@type":"WebSite","@id":"https:\/\/dlslawfirm.com\/es\/#website","url":"https:\/\/dlslawfirm.com\/es\/","name":"Law Offices of Dianne Sawaya LLC- En Espanol","description":"","potentialAction":[{"@type":"SearchAction","target":{"@type":"EntryPoint","urlTemplate":"https:\/\/dlslawfirm.com\/es\/?s={search_term_string}"},"query-input":{"@type":"PropertyValueSpecification","valueRequired":true,"valueName":"search_term_string"}}],"inLanguage":"es"}]}},"_links":{"self":[{"href":"https:\/\/dlslawfirm.com\/es\/wp-json\/wp\/v2\/pages\/6992","targetHints":{"allow":["GET"]}}],"collection":[{"href":"https:\/\/dlslawfirm.com\/es\/wp-json\/wp\/v2\/pages"}],"about":[{"href":"https:\/\/dlslawfirm.com\/es\/wp-json\/wp\/v2\/types\/page"}],"author":[{"embeddable":true,"href":"https:\/\/dlslawfirm.com\/es\/wp-json\/wp\/v2\/users\/2"}],"replies":[{"embeddable":true,"href":"https:\/\/dlslawfirm.com\/es\/wp-json\/wp\/v2\/comments?post=6992"}],"version-history":[{"count":0,"href":"https:\/\/dlslawfirm.com\/es\/wp-json\/wp\/v2\/pages\/6992\/revisions"}],"wp:featuredmedia":[{"embeddable":true,"href":"https:\/\/dlslawfirm.com\/es\/wp-json\/wp\/v2\/media\/5285"}],"wp:attachment":[{"href":"https:\/\/dlslawfirm.com\/es\/wp-json\/wp\/v2\/media?parent=6992"}],"wp:term":[{"taxonomy":"post_tag","embeddable":true,"href":"https:\/\/dlslawfirm.com\/es\/wp-json\/wp\/v2\/tags?post=6992"}],"curies":[{"name":"wp","href":"https:\/\/api.w.org\/{rel}","templated":true}]}}