{"id":6989,"date":"2016-06-29T15:57:24","date_gmt":"2016-06-29T15:57:24","guid":{"rendered":"https:\/\/dlslawfirm.com\/que-tipo-de-indemnizacion-puedo-esperar-recibir-tras-un-accidente-de-moto\/"},"modified":"2016-06-29T15:57:24","modified_gmt":"2016-06-29T15:57:24","slug":"que-tipo-de-indemnizacion-puedo-esperar-recibir-tras-un-accidente-de-moto","status":"publish","type":"page","link":"https:\/\/dlslawfirm.com\/es\/abogados-de-colorado-especializados-en-lesiones-personales\/abogados-de-accidentes-de-moto-en-denver-a-tu-lado\/que-tipo-de-indemnizacion-puedo-esperar-recibir-tras-un-accidente-de-moto\/","title":{"rendered":"\u00bfQu\u00e9 tipo de indemnizaci\u00f3n puedo esperar recibir tras un accidente de moto?"},"content":{"rendered":"<p>La respuesta corta es que, por supuesto, todo depende de la situaci\u00f3n concreta en la que te encuentres. De hecho, si un abogado afirma que puede ganar &#8220;X&#8221; cantidad de dinero por un accidente de moto (o cualquier atenci\u00f3n jur\u00eddica en realidad) sin ni siquiera conocer los hechos del caso, huye lejos y r\u00e1pido. Algunos accidentes pueden dar lugar al pago de importantes sumas de dinero -a veces decenas de miles de d\u00f3lares-, mientras que otras veces no se paga pr\u00e1cticamente nada a los demandantes implicados en situaciones aparentemente similares.<\/p>\n<p>Aunque hay diversos factores que entran en juego, la indemnizaci\u00f3n que una persona puede esperar recibir por un accidente de moto depende en gran medida de dos factores: la responsabilidad y los da\u00f1os reales sufridos.<\/p>\n<h2>Responsabilidad civil y da\u00f1os y perjuicios<\/h2>\n<p>En pocas palabras, la <b>responsabilidad<\/b> se define como el estado de ser responsable de algo, especialmente por ley. En un accidente de moto, la persona responsable es la culpable. Demostrar qui\u00e9n es responsable de un accidente puede ser bastante complicado. La carga de la prueba en este tipo de incidentes recae sobre el demandante. En otras palabras, la persona que alega inocencia por el accidente debe demostrar que el acusado fue negligente. Si el demandante o los abogados del demandante no pueden demostrar la negligencia\/culpa, la indemnizaci\u00f3n ser\u00e1 nula o tal vez una cantidad muy peque\u00f1a.<\/p>\n<p>En caso de que el demandante pueda demostrar que el otro conductor fue negligente\/responsable del accidente de moto en el que se vio implicado, el siguiente paso es determinar una indemnizaci\u00f3n justa por los da\u00f1os sufridos. Los <strong>da\u00f1os<\/strong> pueden referirse a la propiedad y a los da\u00f1os f\u00edsicos o corporales sufridos. Naturalmente, cuantos m\u00e1s da\u00f1os se produzcan, mayor ser\u00e1 la indemnizaci\u00f3n a la que probablemente tenga derecho una persona. Por ejemplo, considera un accidente en el que un motociclista fue golpeado accidentalmente por detr\u00e1s por un conductor en un sem\u00e1foro, pero el \u00fanico da\u00f1o fue una luz trasera rota. Nadie result\u00f3 herido. Lo m\u00e1ximo que el motorista podr\u00eda esperar recibir es aproximadamente la cantidad que cost\u00f3 reparar la luz.<\/p>\n<h2>Tipos de da\u00f1os y perjuicios<\/h2>\n<p>Un accidente de moto puede ser similar a otros casos de lesiones personales en el sentido de que los da\u00f1os suelen dividirse en dos categor\u00edas: los que pueden calcularse con exactitud (da\u00f1os especiales) y los que no pueden calcularse con exactitud. Los da\u00f1os especiales incluyen la p\u00e9rdida de salarios y prestaciones como consecuencia del tiempo que pasas fuera del trabajo recuper\u00e1ndote del accidente, as\u00ed como las facturas m\u00e9dicas resultantes. Cosas como el dolor y el sufrimiento no pueden calcularse con exactitud y entran en esta \u00faltima categor\u00eda. Aqu\u00ed es donde un jurado puede tener mucho poder. Los jueces suelen dejar en sus manos la fijaci\u00f3n de un valor monetario justo para los da\u00f1os que no pueden calcularse con precisi\u00f3n.<\/p>\n<h2>Valor del juicio frente a valor del acuerdo<\/h2>\n<p>Por \u00faltimo, una de las \u00faltimas cosas que hay que tener en cuenta al tratar de determinar la indemnizaci\u00f3n potencial por un accidente de moto es la diferencia entre el valor del acuerdo y el valor del juicio. El valor del acuerdo es lo que una persona puede esperar razonablemente recibir si las dos partes llegan a un acuerdo extrajudicial. El valor del juicio es lo que puedes esperar de ganar en los tribunales. Obviamente, el valor del juicio siempre ser\u00e1 superior al valor del acuerdo, pero ten en cuenta que perder en el juicio supone no recibir indemnizaci\u00f3n alguna. Por eso muchos optan por la v\u00eda &#8220;m\u00e1s segura&#8221; y cubren su situaci\u00f3n con un acuerdo que les proporcione una indemnizaci\u00f3n adecuada y justa.<\/p>\n<p>Si tienes m\u00e1s preguntas sobre accidentes de moto y lesiones, <a href=\"\/\/dlslawfirm.com\/contacto-nos\/\">ponte en contacto con los abogados de Denver del bufete de Dianne L. Sawaya LLC.<\/a><\/p>\n","protected":false},"excerpt":{"rendered":"<p>La respuesta corta es que, por supuesto, todo depende de la situaci\u00f3n concreta en la que te encuentres. De hecho, si un abogado afirma que puede ganar &#8220;X&#8221; cantidad de dinero por un accidente de moto (o cualquier atenci\u00f3n jur\u00eddica en realidad) sin ni siquiera conocer los hechos del caso, huye lejos y r\u00e1pido. Algunos&#8230;<\/p>\n","protected":false},"author":2,"featured_media":0,"parent":7018,"menu_order":81,"comment_status":"closed","ping_status":"closed","template":"","meta":{"_acf_changed":false,"footnotes":""},"tags":[],"class_list":["post-6989","page","type-page","status-publish","hentry"],"acf":[],"yoast_head":"<!-- This site is optimized with the Yoast SEO plugin v27.3 - https:\/\/yoast.com\/product\/yoast-seo-wordpress\/ -->\n<title>\u00bfCu\u00e1nto vale mi reclamaci\u00f3n por accidente de moto? | Denver, CO<\/title>\n<meta name=\"description\" content=\"Si te has lesionado, probablemente tengas curiosidad por saber cu\u00e1nto vale tu siniestro. Obt\u00e9n m\u00e1s informaci\u00f3n de nuestros abogados de Denver.\" \/>\n<meta name=\"robots\" content=\"index, follow, max-snippet:-1, max-image-preview:large, max-video-preview:-1\" \/>\n<link rel=\"canonical\" href=\"https:\/\/dlslawfirm.com\/es\/abogados-de-colorado-especializados-en-lesiones-personales\/abogados-de-accidentes-de-moto-en-denver-a-tu-lado\/que-tipo-de-indemnizacion-puedo-esperar-recibir-tras-un-accidente-de-moto\/\" \/>\n<meta property=\"og:locale\" content=\"es_MX\" \/>\n<meta property=\"og:type\" content=\"article\" \/>\n<meta property=\"og:title\" content=\"\u00bfCu\u00e1nto vale mi reclamaci\u00f3n por accidente de moto? | Denver, CO\" \/>\n<meta property=\"og:description\" content=\"Si te has lesionado, probablemente tengas curiosidad por saber cu\u00e1nto vale tu siniestro. Obt\u00e9n m\u00e1s informaci\u00f3n de nuestros abogados de Denver.\" \/>\n<meta property=\"og:url\" content=\"https:\/\/dlslawfirm.com\/es\/abogados-de-colorado-especializados-en-lesiones-personales\/abogados-de-accidentes-de-moto-en-denver-a-tu-lado\/que-tipo-de-indemnizacion-puedo-esperar-recibir-tras-un-accidente-de-moto\/\" \/>\n<meta property=\"og:site_name\" content=\"Law Offices of Dianne Sawaya LLC- En Espanol\" \/>\n<meta name=\"twitter:card\" content=\"summary_large_image\" \/>\n<meta name=\"twitter:label1\" content=\"Est. reading time\" \/>\n\t<meta name=\"twitter:data1\" content=\"3 minutos\" \/>\n<script type=\"application\/ld+json\" class=\"yoast-schema-graph\">{\"@context\":\"https:\\\/\\\/schema.org\",\"@graph\":[{\"@type\":\"WebPage\",\"@id\":\"https:\\\/\\\/dlslawfirm.com\\\/es\\\/abogados-de-colorado-especializados-en-lesiones-personales\\\/abogados-de-accidentes-de-moto-en-denver-a-tu-lado\\\/que-tipo-de-indemnizacion-puedo-esperar-recibir-tras-un-accidente-de-moto\\\/\",\"url\":\"https:\\\/\\\/dlslawfirm.com\\\/es\\\/abogados-de-colorado-especializados-en-lesiones-personales\\\/abogados-de-accidentes-de-moto-en-denver-a-tu-lado\\\/que-tipo-de-indemnizacion-puedo-esperar-recibir-tras-un-accidente-de-moto\\\/\",\"name\":\"\u00bfCu\u00e1nto vale mi reclamaci\u00f3n por accidente de moto? | Denver, CO\",\"isPartOf\":{\"@id\":\"https:\\\/\\\/dlslawfirm.com\\\/es\\\/#website\"},\"datePublished\":\"2016-06-29T15:57:24+00:00\",\"description\":\"Si te has lesionado, probablemente tengas curiosidad por saber cu\u00e1nto vale tu siniestro. Obt\u00e9n m\u00e1s informaci\u00f3n de nuestros abogados de Denver.\",\"breadcrumb\":{\"@id\":\"https:\\\/\\\/dlslawfirm.com\\\/es\\\/abogados-de-colorado-especializados-en-lesiones-personales\\\/abogados-de-accidentes-de-moto-en-denver-a-tu-lado\\\/que-tipo-de-indemnizacion-puedo-esperar-recibir-tras-un-accidente-de-moto\\\/#breadcrumb\"},\"inLanguage\":\"es\",\"potentialAction\":[{\"@type\":\"ReadAction\",\"target\":[\"https:\\\/\\\/dlslawfirm.com\\\/es\\\/abogados-de-colorado-especializados-en-lesiones-personales\\\/abogados-de-accidentes-de-moto-en-denver-a-tu-lado\\\/que-tipo-de-indemnizacion-puedo-esperar-recibir-tras-un-accidente-de-moto\\\/\"]}]},{\"@type\":\"BreadcrumbList\",\"@id\":\"https:\\\/\\\/dlslawfirm.com\\\/es\\\/abogados-de-colorado-especializados-en-lesiones-personales\\\/abogados-de-accidentes-de-moto-en-denver-a-tu-lado\\\/que-tipo-de-indemnizacion-puedo-esperar-recibir-tras-un-accidente-de-moto\\\/#breadcrumb\",\"itemListElement\":[{\"@type\":\"ListItem\",\"position\":1,\"name\":\"Home\",\"item\":\"https:\\\/\\\/dlslawfirm.com\\\/es\\\/\"},{\"@type\":\"ListItem\",\"position\":2,\"name\":\"Abogados de Colorado especializados en lesiones personales\",\"item\":\"https:\\\/\\\/dlslawfirm.com\\\/es\\\/abogados-de-colorado-especializados-en-lesiones-personales\\\/\"},{\"@type\":\"ListItem\",\"position\":3,\"name\":\"Abogados de accidentes de moto en Denver a tu lado\",\"item\":\"https:\\\/\\\/dlslawfirm.com\\\/es\\\/abogados-de-colorado-especializados-en-lesiones-personales\\\/abogados-de-accidentes-de-moto-en-denver-a-tu-lado\\\/\"},{\"@type\":\"ListItem\",\"position\":4,\"name\":\"\u00bfQu\u00e9 tipo de indemnizaci\u00f3n puedo esperar recibir tras un accidente de moto?\"}]},{\"@type\":\"WebSite\",\"@id\":\"https:\\\/\\\/dlslawfirm.com\\\/es\\\/#website\",\"url\":\"https:\\\/\\\/dlslawfirm.com\\\/es\\\/\",\"name\":\"Law Offices of Dianne Sawaya LLC- En Espanol\",\"description\":\"\",\"potentialAction\":[{\"@type\":\"SearchAction\",\"target\":{\"@type\":\"EntryPoint\",\"urlTemplate\":\"https:\\\/\\\/dlslawfirm.com\\\/es\\\/?s={search_term_string}\"},\"query-input\":{\"@type\":\"PropertyValueSpecification\",\"valueRequired\":true,\"valueName\":\"search_term_string\"}}],\"inLanguage\":\"es\"}]}<\/script>\n<!-- \/ Yoast SEO plugin. -->","yoast_head_json":{"title":"\u00bfCu\u00e1nto vale mi reclamaci\u00f3n por accidente de moto? | Denver, CO","description":"Si te has lesionado, probablemente tengas curiosidad por saber cu\u00e1nto vale tu siniestro. Obt\u00e9n m\u00e1s informaci\u00f3n de nuestros abogados de Denver.","robots":{"index":"index","follow":"follow","max-snippet":"max-snippet:-1","max-image-preview":"max-image-preview:large","max-video-preview":"max-video-preview:-1"},"canonical":"https:\/\/dlslawfirm.com\/es\/abogados-de-colorado-especializados-en-lesiones-personales\/abogados-de-accidentes-de-moto-en-denver-a-tu-lado\/que-tipo-de-indemnizacion-puedo-esperar-recibir-tras-un-accidente-de-moto\/","og_locale":"es_MX","og_type":"article","og_title":"\u00bfCu\u00e1nto vale mi reclamaci\u00f3n por accidente de moto? | Denver, CO","og_description":"Si te has lesionado, probablemente tengas curiosidad por saber cu\u00e1nto vale tu siniestro. Obt\u00e9n m\u00e1s informaci\u00f3n de nuestros abogados de Denver.","og_url":"https:\/\/dlslawfirm.com\/es\/abogados-de-colorado-especializados-en-lesiones-personales\/abogados-de-accidentes-de-moto-en-denver-a-tu-lado\/que-tipo-de-indemnizacion-puedo-esperar-recibir-tras-un-accidente-de-moto\/","og_site_name":"Law Offices of Dianne Sawaya LLC- En Espanol","twitter_card":"summary_large_image","twitter_misc":{"Est. reading time":"3 minutos"},"schema":{"@context":"https:\/\/schema.org","@graph":[{"@type":"WebPage","@id":"https:\/\/dlslawfirm.com\/es\/abogados-de-colorado-especializados-en-lesiones-personales\/abogados-de-accidentes-de-moto-en-denver-a-tu-lado\/que-tipo-de-indemnizacion-puedo-esperar-recibir-tras-un-accidente-de-moto\/","url":"https:\/\/dlslawfirm.com\/es\/abogados-de-colorado-especializados-en-lesiones-personales\/abogados-de-accidentes-de-moto-en-denver-a-tu-lado\/que-tipo-de-indemnizacion-puedo-esperar-recibir-tras-un-accidente-de-moto\/","name":"\u00bfCu\u00e1nto vale mi reclamaci\u00f3n por accidente de moto? | Denver, CO","isPartOf":{"@id":"https:\/\/dlslawfirm.com\/es\/#website"},"datePublished":"2016-06-29T15:57:24+00:00","description":"Si te has lesionado, probablemente tengas curiosidad por saber cu\u00e1nto vale tu siniestro. Obt\u00e9n m\u00e1s informaci\u00f3n de nuestros abogados de Denver.","breadcrumb":{"@id":"https:\/\/dlslawfirm.com\/es\/abogados-de-colorado-especializados-en-lesiones-personales\/abogados-de-accidentes-de-moto-en-denver-a-tu-lado\/que-tipo-de-indemnizacion-puedo-esperar-recibir-tras-un-accidente-de-moto\/#breadcrumb"},"inLanguage":"es","potentialAction":[{"@type":"ReadAction","target":["https:\/\/dlslawfirm.com\/es\/abogados-de-colorado-especializados-en-lesiones-personales\/abogados-de-accidentes-de-moto-en-denver-a-tu-lado\/que-tipo-de-indemnizacion-puedo-esperar-recibir-tras-un-accidente-de-moto\/"]}]},{"@type":"BreadcrumbList","@id":"https:\/\/dlslawfirm.com\/es\/abogados-de-colorado-especializados-en-lesiones-personales\/abogados-de-accidentes-de-moto-en-denver-a-tu-lado\/que-tipo-de-indemnizacion-puedo-esperar-recibir-tras-un-accidente-de-moto\/#breadcrumb","itemListElement":[{"@type":"ListItem","position":1,"name":"Home","item":"https:\/\/dlslawfirm.com\/es\/"},{"@type":"ListItem","position":2,"name":"Abogados de Colorado especializados en lesiones personales","item":"https:\/\/dlslawfirm.com\/es\/abogados-de-colorado-especializados-en-lesiones-personales\/"},{"@type":"ListItem","position":3,"name":"Abogados de accidentes de moto en Denver a tu lado","item":"https:\/\/dlslawfirm.com\/es\/abogados-de-colorado-especializados-en-lesiones-personales\/abogados-de-accidentes-de-moto-en-denver-a-tu-lado\/"},{"@type":"ListItem","position":4,"name":"\u00bfQu\u00e9 tipo de indemnizaci\u00f3n puedo esperar recibir tras un accidente de moto?"}]},{"@type":"WebSite","@id":"https:\/\/dlslawfirm.com\/es\/#website","url":"https:\/\/dlslawfirm.com\/es\/","name":"Law Offices of Dianne Sawaya LLC- En Espanol","description":"","potentialAction":[{"@type":"SearchAction","target":{"@type":"EntryPoint","urlTemplate":"https:\/\/dlslawfirm.com\/es\/?s={search_term_string}"},"query-input":{"@type":"PropertyValueSpecification","valueRequired":true,"valueName":"search_term_string"}}],"inLanguage":"es"}]}},"_links":{"self":[{"href":"https:\/\/dlslawfirm.com\/es\/wp-json\/wp\/v2\/pages\/6989","targetHints":{"allow":["GET"]}}],"collection":[{"href":"https:\/\/dlslawfirm.com\/es\/wp-json\/wp\/v2\/pages"}],"about":[{"href":"https:\/\/dlslawfirm.com\/es\/wp-json\/wp\/v2\/types\/page"}],"author":[{"embeddable":true,"href":"https:\/\/dlslawfirm.com\/es\/wp-json\/wp\/v2\/users\/2"}],"replies":[{"embeddable":true,"href":"https:\/\/dlslawfirm.com\/es\/wp-json\/wp\/v2\/comments?post=6989"}],"version-history":[{"count":0,"href":"https:\/\/dlslawfirm.com\/es\/wp-json\/wp\/v2\/pages\/6989\/revisions"}],"up":[{"embeddable":true,"href":"https:\/\/dlslawfirm.com\/es\/wp-json\/wp\/v2\/pages\/7018"}],"wp:attachment":[{"href":"https:\/\/dlslawfirm.com\/es\/wp-json\/wp\/v2\/media?parent=6989"}],"wp:term":[{"taxonomy":"post_tag","embeddable":true,"href":"https:\/\/dlslawfirm.com\/es\/wp-json\/wp\/v2\/tags?post=6989"}],"curies":[{"name":"wp","href":"https:\/\/api.w.org\/{rel}","templated":true}]}}