{"id":6987,"date":"2016-06-29T16:00:59","date_gmt":"2016-06-29T16:00:59","guid":{"rendered":"https:\/\/dlslawfirm.com\/necesito-un-abogado-en-el-mismo-estado-de-mi-accidente-de-moto\/"},"modified":"2016-06-29T16:00:59","modified_gmt":"2016-06-29T16:00:59","slug":"necesito-un-abogado-en-el-mismo-estado-de-mi-accidente-de-moto","status":"publish","type":"page","link":"https:\/\/dlslawfirm.com\/es\/abogados-de-colorado-especializados-en-lesiones-personales\/abogados-de-accidentes-de-moto-en-denver-a-tu-lado\/necesito-un-abogado-en-el-mismo-estado-de-mi-accidente-de-moto\/","title":{"rendered":"\u00bfNecesito un abogado en el mismo estado de mi accidente de moto?"},"content":{"rendered":"<h2>Abogado de accidente de moto<\/h2>\n<h3>Abogada motera de Colorado: Dianne Sawaya<\/h3>\n<p>En general, tu abogado debe estar colegiado en tu estado de residencia. As\u00ed que si tienes un accidente de moto en tu estado, debes ponerte en contacto con un abogado que est\u00e9 colegiado all\u00ed. Pero, \u00bfy si viajas por otro estado y te ves implicado en un accidente all\u00ed? Ah\u00ed es donde las cosas se complican un poco.<\/p>\n<p>En esa situaci\u00f3n, debes seguir poni\u00e9ndote en contacto con un abogado local de lesiones personales con licencia en tu estado para que te ayude en el proceso, pero tambi\u00e9n puede ser necesario recurrir a los servicios de un abogado con licencia en el estado en el que se produjo el accidente. El abogado de tu pa\u00eds de origen puede trabajar conjuntamente con el de fuera del estado para garantizar que todas las leyes, reglamentos y procesos locales y estatales espec\u00edficos se tramitan de forma correcta.<\/p>\n<p>Antes de decidir si necesitas o no un abogado de otro estado, debes determinar primero si tu accidente de moto justifica una llamada a un abogado en primer lugar. Todo depende del incidente concreto y de la magnitud de los da\u00f1os causados. Si se trata de un simple choque o de da\u00f1os est\u00e9ticos leves, probablemente no sea necesario contratar a un abogado. Son situaciones que normalmente pueden manejar las personas implicadas y sus compa\u00f1\u00edas de seguros.<\/p>\n<p>Hay dos grandes banderas rojas que indican la necesidad de un abogado: 1) cuando haya da\u00f1os personales implicados, y 2) Cuando la culpa\/responsabilidad no est\u00e1 clara. Ser\u00eda prudente que buscaras asesoramiento jur\u00eddico en cualquiera de estas situaciones. Tanto si vives en el estado en que se produjo el accidente como si no, probablemente querr\u00e1s tener al menos un abogado a tu lado que te ayude a navegar por ese tipo de aguas turbulentas.<\/p>\n<p>Otra de las cuestiones que hay que tener en cuenta en este tipo de situaciones es si piensas demandar o no a la otra persona implicada en el accidente. Si vas a demandar a alguien por lesiones\/da\u00f1os personales, tienes que hacerlo en el lugar que tenga jurisdicci\u00f3n. La jurisdicci\u00f3n no es m\u00e1s que una forma elegante de identificar la ubicaci\u00f3n del tribunal que tiene autoridad legal para dictar una resoluci\u00f3n sobre un asunto determinado. Por ejemplo, si te ves implicado en un accidente de moto en Colorado, tu estado natal, no podr\u00edas llevar al otro conductor ante un tribunal de Ohio (o de cualquier otro lugar que no fuera aquel en el que se produjo el accidente).<\/p>\n<p>Supongamos que est\u00e1s de vacaciones en Florida y te ves implicado en un accidente en el que el otro conductor es claramente culpable. Puedes volver a casa en cualquier momento, pero si piensas demandar al otro conductor, tendr\u00e1s que hacerlo en Florida, donde ocurri\u00f3 el accidente. Adem\u00e1s, es probable que tengas que comparecer en persona ante un tribunal de Florida si el caso llega a juicio.<\/p>\n<p>En resumen, a menos que el accidente sea leve e insignificante para todas las partes implicadas, probablemente lo mejor sea que te pongas en contacto con un abogado de lesiones personales de tu zona como primer paso. De ese modo, podr\u00e1 orientarte sobre las particularidades del accidente concreto en el que puedas estar implicado.<\/p>\n","protected":false},"excerpt":{"rendered":"<p>Abogado de accidente de moto Abogada motera de Colorado: Dianne Sawaya En general, tu abogado debe estar colegiado en tu estado de residencia. As\u00ed que si tienes un accidente de moto en tu estado, debes ponerte en contacto con un abogado que est\u00e9 colegiado all\u00ed. Pero, \u00bfy si viajas por otro estado y te ves&#8230;<\/p>\n","protected":false},"author":2,"featured_media":3994,"parent":7018,"menu_order":80,"comment_status":"closed","ping_status":"closed","template":"","meta":{"_acf_changed":false,"footnotes":""},"tags":[],"class_list":["post-6987","page","type-page","status-publish","has-post-thumbnail","hentry"],"acf":[],"yoast_head":"<!-- This site is optimized with the Yoast SEO plugin v27.4 - https:\/\/yoast.com\/product\/yoast-seo-wordpress\/ -->\n<title>Accidente de moto fuera del estado | Abogado en Denver, CO<\/title>\n<meta name=\"description\" content=\"Si has sufrido lesiones en un accidente de moto fuera de Colorado, averigua si debes contratar a un abogado de otro estado.\" \/>\n<meta name=\"robots\" content=\"index, follow, max-snippet:-1, max-image-preview:large, max-video-preview:-1\" \/>\n<link rel=\"canonical\" href=\"https:\/\/dlslawfirm.com\/es\/abogados-de-colorado-especializados-en-lesiones-personales\/abogados-de-accidentes-de-moto-en-denver-a-tu-lado\/necesito-un-abogado-en-el-mismo-estado-de-mi-accidente-de-moto\/\" \/>\n<meta property=\"og:locale\" content=\"es_MX\" \/>\n<meta property=\"og:type\" content=\"article\" \/>\n<meta property=\"og:title\" content=\"Accidente de moto fuera del estado | Abogado en Denver, CO\" \/>\n<meta property=\"og:description\" content=\"Si has sufrido lesiones en un accidente de moto fuera de Colorado, averigua si debes contratar a un abogado de otro estado.\" \/>\n<meta property=\"og:url\" content=\"https:\/\/dlslawfirm.com\/es\/abogados-de-colorado-especializados-en-lesiones-personales\/abogados-de-accidentes-de-moto-en-denver-a-tu-lado\/necesito-un-abogado-en-el-mismo-estado-de-mi-accidente-de-moto\/\" \/>\n<meta property=\"og:site_name\" content=\"Law Offices of Dianne Sawaya LLC- En Espanol\" \/>\n<meta property=\"og:image\" content=\"https:\/\/dlslawfirm.com\/es\/wp-content\/uploads\/sites\/2\/2019\/01\/canva-man-riding-on-motorcycle-MADGyLwTtbs.jpg\" \/>\n\t<meta property=\"og:image:width\" content=\"800\" \/>\n\t<meta property=\"og:image:height\" content=\"533\" \/>\n\t<meta property=\"og:image:type\" content=\"image\/jpeg\" \/>\n<meta name=\"twitter:card\" content=\"summary_large_image\" \/>\n<meta name=\"twitter:label1\" content=\"Est. reading time\" \/>\n\t<meta name=\"twitter:data1\" content=\"3 minutos\" \/>\n<script type=\"application\/ld+json\" class=\"yoast-schema-graph\">{\"@context\":\"https:\\\/\\\/schema.org\",\"@graph\":[{\"@type\":\"WebPage\",\"@id\":\"https:\\\/\\\/dlslawfirm.com\\\/es\\\/abogados-de-colorado-especializados-en-lesiones-personales\\\/abogados-de-accidentes-de-moto-en-denver-a-tu-lado\\\/necesito-un-abogado-en-el-mismo-estado-de-mi-accidente-de-moto\\\/\",\"url\":\"https:\\\/\\\/dlslawfirm.com\\\/es\\\/abogados-de-colorado-especializados-en-lesiones-personales\\\/abogados-de-accidentes-de-moto-en-denver-a-tu-lado\\\/necesito-un-abogado-en-el-mismo-estado-de-mi-accidente-de-moto\\\/\",\"name\":\"Accidente de moto fuera del estado | Abogado en Denver, CO\",\"isPartOf\":{\"@id\":\"https:\\\/\\\/dlslawfirm.com\\\/es\\\/#website\"},\"primaryImageOfPage\":{\"@id\":\"https:\\\/\\\/dlslawfirm.com\\\/es\\\/abogados-de-colorado-especializados-en-lesiones-personales\\\/abogados-de-accidentes-de-moto-en-denver-a-tu-lado\\\/necesito-un-abogado-en-el-mismo-estado-de-mi-accidente-de-moto\\\/#primaryimage\"},\"image\":{\"@id\":\"https:\\\/\\\/dlslawfirm.com\\\/es\\\/abogados-de-colorado-especializados-en-lesiones-personales\\\/abogados-de-accidentes-de-moto-en-denver-a-tu-lado\\\/necesito-un-abogado-en-el-mismo-estado-de-mi-accidente-de-moto\\\/#primaryimage\"},\"thumbnailUrl\":\"https:\\\/\\\/dlslawfirm.com\\\/es\\\/wp-content\\\/uploads\\\/sites\\\/2\\\/2019\\\/01\\\/canva-man-riding-on-motorcycle-MADGyLwTtbs.jpg\",\"datePublished\":\"2016-06-29T16:00:59+00:00\",\"description\":\"Si has sufrido lesiones en un accidente de moto fuera de Colorado, averigua si debes contratar a un abogado de otro estado.\",\"breadcrumb\":{\"@id\":\"https:\\\/\\\/dlslawfirm.com\\\/es\\\/abogados-de-colorado-especializados-en-lesiones-personales\\\/abogados-de-accidentes-de-moto-en-denver-a-tu-lado\\\/necesito-un-abogado-en-el-mismo-estado-de-mi-accidente-de-moto\\\/#breadcrumb\"},\"inLanguage\":\"es\",\"potentialAction\":[{\"@type\":\"ReadAction\",\"target\":[\"https:\\\/\\\/dlslawfirm.com\\\/es\\\/abogados-de-colorado-especializados-en-lesiones-personales\\\/abogados-de-accidentes-de-moto-en-denver-a-tu-lado\\\/necesito-un-abogado-en-el-mismo-estado-de-mi-accidente-de-moto\\\/\"]}]},{\"@type\":\"ImageObject\",\"inLanguage\":\"es\",\"@id\":\"https:\\\/\\\/dlslawfirm.com\\\/es\\\/abogados-de-colorado-especializados-en-lesiones-personales\\\/abogados-de-accidentes-de-moto-en-denver-a-tu-lado\\\/necesito-un-abogado-en-el-mismo-estado-de-mi-accidente-de-moto\\\/#primaryimage\",\"url\":\"https:\\\/\\\/dlslawfirm.com\\\/es\\\/wp-content\\\/uploads\\\/sites\\\/2\\\/2019\\\/01\\\/canva-man-riding-on-motorcycle-MADGyLwTtbs.jpg\",\"contentUrl\":\"https:\\\/\\\/dlslawfirm.com\\\/es\\\/wp-content\\\/uploads\\\/sites\\\/2\\\/2019\\\/01\\\/canva-man-riding-on-motorcycle-MADGyLwTtbs.jpg\",\"width\":800,\"height\":533,\"caption\":\"Out of State Motorcycle Accidents\"},{\"@type\":\"BreadcrumbList\",\"@id\":\"https:\\\/\\\/dlslawfirm.com\\\/es\\\/abogados-de-colorado-especializados-en-lesiones-personales\\\/abogados-de-accidentes-de-moto-en-denver-a-tu-lado\\\/necesito-un-abogado-en-el-mismo-estado-de-mi-accidente-de-moto\\\/#breadcrumb\",\"itemListElement\":[{\"@type\":\"ListItem\",\"position\":1,\"name\":\"Home\",\"item\":\"https:\\\/\\\/dlslawfirm.com\\\/es\\\/\"},{\"@type\":\"ListItem\",\"position\":2,\"name\":\"Abogados de Colorado especializados en lesiones personales\",\"item\":\"https:\\\/\\\/dlslawfirm.com\\\/es\\\/abogados-de-colorado-especializados-en-lesiones-personales\\\/\"},{\"@type\":\"ListItem\",\"position\":3,\"name\":\"Abogados de accidentes de moto en Denver a tu lado\",\"item\":\"https:\\\/\\\/dlslawfirm.com\\\/es\\\/abogados-de-colorado-especializados-en-lesiones-personales\\\/abogados-de-accidentes-de-moto-en-denver-a-tu-lado\\\/\"},{\"@type\":\"ListItem\",\"position\":4,\"name\":\"\u00bfNecesito un abogado en el mismo estado de mi accidente de moto?\"}]},{\"@type\":\"WebSite\",\"@id\":\"https:\\\/\\\/dlslawfirm.com\\\/es\\\/#website\",\"url\":\"https:\\\/\\\/dlslawfirm.com\\\/es\\\/\",\"name\":\"Law Offices of Dianne Sawaya LLC- En Espanol\",\"description\":\"\",\"potentialAction\":[{\"@type\":\"SearchAction\",\"target\":{\"@type\":\"EntryPoint\",\"urlTemplate\":\"https:\\\/\\\/dlslawfirm.com\\\/es\\\/?s={search_term_string}\"},\"query-input\":{\"@type\":\"PropertyValueSpecification\",\"valueRequired\":true,\"valueName\":\"search_term_string\"}}],\"inLanguage\":\"es\"}]}<\/script>\n<!-- \/ Yoast SEO plugin. -->","yoast_head_json":{"title":"Accidente de moto fuera del estado | Abogado en Denver, CO","description":"Si has sufrido lesiones en un accidente de moto fuera de Colorado, averigua si debes contratar a un abogado de otro estado.","robots":{"index":"index","follow":"follow","max-snippet":"max-snippet:-1","max-image-preview":"max-image-preview:large","max-video-preview":"max-video-preview:-1"},"canonical":"https:\/\/dlslawfirm.com\/es\/abogados-de-colorado-especializados-en-lesiones-personales\/abogados-de-accidentes-de-moto-en-denver-a-tu-lado\/necesito-un-abogado-en-el-mismo-estado-de-mi-accidente-de-moto\/","og_locale":"es_MX","og_type":"article","og_title":"Accidente de moto fuera del estado | Abogado en Denver, CO","og_description":"Si has sufrido lesiones en un accidente de moto fuera de Colorado, averigua si debes contratar a un abogado de otro estado.","og_url":"https:\/\/dlslawfirm.com\/es\/abogados-de-colorado-especializados-en-lesiones-personales\/abogados-de-accidentes-de-moto-en-denver-a-tu-lado\/necesito-un-abogado-en-el-mismo-estado-de-mi-accidente-de-moto\/","og_site_name":"Law Offices of Dianne Sawaya LLC- En Espanol","og_image":[{"width":800,"height":533,"url":"https:\/\/dlslawfirm.com\/es\/wp-content\/uploads\/sites\/2\/2019\/01\/canva-man-riding-on-motorcycle-MADGyLwTtbs.jpg","type":"image\/jpeg"}],"twitter_card":"summary_large_image","twitter_misc":{"Est. reading time":"3 minutos"},"schema":{"@context":"https:\/\/schema.org","@graph":[{"@type":"WebPage","@id":"https:\/\/dlslawfirm.com\/es\/abogados-de-colorado-especializados-en-lesiones-personales\/abogados-de-accidentes-de-moto-en-denver-a-tu-lado\/necesito-un-abogado-en-el-mismo-estado-de-mi-accidente-de-moto\/","url":"https:\/\/dlslawfirm.com\/es\/abogados-de-colorado-especializados-en-lesiones-personales\/abogados-de-accidentes-de-moto-en-denver-a-tu-lado\/necesito-un-abogado-en-el-mismo-estado-de-mi-accidente-de-moto\/","name":"Accidente de moto fuera del estado | Abogado en Denver, CO","isPartOf":{"@id":"https:\/\/dlslawfirm.com\/es\/#website"},"primaryImageOfPage":{"@id":"https:\/\/dlslawfirm.com\/es\/abogados-de-colorado-especializados-en-lesiones-personales\/abogados-de-accidentes-de-moto-en-denver-a-tu-lado\/necesito-un-abogado-en-el-mismo-estado-de-mi-accidente-de-moto\/#primaryimage"},"image":{"@id":"https:\/\/dlslawfirm.com\/es\/abogados-de-colorado-especializados-en-lesiones-personales\/abogados-de-accidentes-de-moto-en-denver-a-tu-lado\/necesito-un-abogado-en-el-mismo-estado-de-mi-accidente-de-moto\/#primaryimage"},"thumbnailUrl":"https:\/\/dlslawfirm.com\/es\/wp-content\/uploads\/sites\/2\/2019\/01\/canva-man-riding-on-motorcycle-MADGyLwTtbs.jpg","datePublished":"2016-06-29T16:00:59+00:00","description":"Si has sufrido lesiones en un accidente de moto fuera de Colorado, averigua si debes contratar a un abogado de otro estado.","breadcrumb":{"@id":"https:\/\/dlslawfirm.com\/es\/abogados-de-colorado-especializados-en-lesiones-personales\/abogados-de-accidentes-de-moto-en-denver-a-tu-lado\/necesito-un-abogado-en-el-mismo-estado-de-mi-accidente-de-moto\/#breadcrumb"},"inLanguage":"es","potentialAction":[{"@type":"ReadAction","target":["https:\/\/dlslawfirm.com\/es\/abogados-de-colorado-especializados-en-lesiones-personales\/abogados-de-accidentes-de-moto-en-denver-a-tu-lado\/necesito-un-abogado-en-el-mismo-estado-de-mi-accidente-de-moto\/"]}]},{"@type":"ImageObject","inLanguage":"es","@id":"https:\/\/dlslawfirm.com\/es\/abogados-de-colorado-especializados-en-lesiones-personales\/abogados-de-accidentes-de-moto-en-denver-a-tu-lado\/necesito-un-abogado-en-el-mismo-estado-de-mi-accidente-de-moto\/#primaryimage","url":"https:\/\/dlslawfirm.com\/es\/wp-content\/uploads\/sites\/2\/2019\/01\/canva-man-riding-on-motorcycle-MADGyLwTtbs.jpg","contentUrl":"https:\/\/dlslawfirm.com\/es\/wp-content\/uploads\/sites\/2\/2019\/01\/canva-man-riding-on-motorcycle-MADGyLwTtbs.jpg","width":800,"height":533,"caption":"Out of State Motorcycle Accidents"},{"@type":"BreadcrumbList","@id":"https:\/\/dlslawfirm.com\/es\/abogados-de-colorado-especializados-en-lesiones-personales\/abogados-de-accidentes-de-moto-en-denver-a-tu-lado\/necesito-un-abogado-en-el-mismo-estado-de-mi-accidente-de-moto\/#breadcrumb","itemListElement":[{"@type":"ListItem","position":1,"name":"Home","item":"https:\/\/dlslawfirm.com\/es\/"},{"@type":"ListItem","position":2,"name":"Abogados de Colorado especializados en lesiones personales","item":"https:\/\/dlslawfirm.com\/es\/abogados-de-colorado-especializados-en-lesiones-personales\/"},{"@type":"ListItem","position":3,"name":"Abogados de accidentes de moto en Denver a tu lado","item":"https:\/\/dlslawfirm.com\/es\/abogados-de-colorado-especializados-en-lesiones-personales\/abogados-de-accidentes-de-moto-en-denver-a-tu-lado\/"},{"@type":"ListItem","position":4,"name":"\u00bfNecesito un abogado en el mismo estado de mi accidente de moto?"}]},{"@type":"WebSite","@id":"https:\/\/dlslawfirm.com\/es\/#website","url":"https:\/\/dlslawfirm.com\/es\/","name":"Law Offices of Dianne Sawaya LLC- En Espanol","description":"","potentialAction":[{"@type":"SearchAction","target":{"@type":"EntryPoint","urlTemplate":"https:\/\/dlslawfirm.com\/es\/?s={search_term_string}"},"query-input":{"@type":"PropertyValueSpecification","valueRequired":true,"valueName":"search_term_string"}}],"inLanguage":"es"}]}},"_links":{"self":[{"href":"https:\/\/dlslawfirm.com\/es\/wp-json\/wp\/v2\/pages\/6987","targetHints":{"allow":["GET"]}}],"collection":[{"href":"https:\/\/dlslawfirm.com\/es\/wp-json\/wp\/v2\/pages"}],"about":[{"href":"https:\/\/dlslawfirm.com\/es\/wp-json\/wp\/v2\/types\/page"}],"author":[{"embeddable":true,"href":"https:\/\/dlslawfirm.com\/es\/wp-json\/wp\/v2\/users\/2"}],"replies":[{"embeddable":true,"href":"https:\/\/dlslawfirm.com\/es\/wp-json\/wp\/v2\/comments?post=6987"}],"version-history":[{"count":0,"href":"https:\/\/dlslawfirm.com\/es\/wp-json\/wp\/v2\/pages\/6987\/revisions"}],"up":[{"embeddable":true,"href":"https:\/\/dlslawfirm.com\/es\/wp-json\/wp\/v2\/pages\/7018"}],"wp:featuredmedia":[{"embeddable":true,"href":"https:\/\/dlslawfirm.com\/es\/wp-json\/wp\/v2\/media\/3994"}],"wp:attachment":[{"href":"https:\/\/dlslawfirm.com\/es\/wp-json\/wp\/v2\/media?parent=6987"}],"wp:term":[{"taxonomy":"post_tag","embeddable":true,"href":"https:\/\/dlslawfirm.com\/es\/wp-json\/wp\/v2\/tags?post=6987"}],"curies":[{"name":"wp","href":"https:\/\/api.w.org\/{rel}","templated":true}]}}