{"id":6983,"date":"2015-10-09T14:42:07","date_gmt":"2015-10-09T14:42:07","guid":{"rendered":"https:\/\/dlslawfirm.com\/que-hacer-en-el-lugar-de-un-accidente-de-trafico\/"},"modified":"2025-04-28T15:47:55","modified_gmt":"2025-04-28T15:47:55","slug":"que-hacer-en-el-lugar-de-un-accidente-de-trafico","status":"publish","type":"page","link":"https:\/\/dlslawfirm.com\/es\/guia-de-accidentes-de-trafico-en-colorado-4\/que-hacer-en-el-lugar-de-un-accidente-de-trafico\/","title":{"rendered":"\u00bfQu\u00e9 hacer en el lugar de un accidente de tr\u00e1fico?"},"content":{"rendered":"\n<p>Para empezar, repasemos qu\u00e9 hacer en el lugar de un accidente. Los momentos posteriores a un accidente de coche o cami\u00f3n son cr\u00edticos. Es probable que est\u00e9s bastante conmocionado tras un accidente, pero saber qu\u00e9 pasos dar puede ayudarte durante el proceso legal en el futuro.<\/p>\n\n\n\n<p>A continuaci\u00f3n se indican los pasos que debes dar si t\u00fa o un familiar hab\u00e9is sufrido un <a href=\"\/\/dlslawfirm.com\/lesiones-personales\/accidentes-de-coche\/\">accidente de<\/a> tr\u00e1fico. Estos pasos se aplican tanto a los conductores como a los pasajeros, y pueden ser \u00fatiles para todas las partes, independientemente de la culpa.<\/p>\n\n\n\n<h2 class=\"wp-block-heading\">1. Llama al 911.<\/h2>\n\n\n\n<p>Si te ves implicado en un accidente de <a href=\"\/\/dlslawfirm.com\/lesiones-personales\/accidentes-de-coche\/\">tr\u00e1fico<\/a>, es muy importante que hagas lo posible por garantizar tu seguridad, la de tus pasajeros y la de los pasajeros del otro u otros veh\u00edculos implicados en el accidente. Empieza por llamar al 911. No des por sentado simplemente que el otro conductor, un peat\u00f3n, un espectador de otro coche o cualquier otra persona ha realizado esta acci\u00f3n. Tu bienestar es demasiado importante para esperar.<\/p>\n\n\n\n<p>En muchos casos, el otro conductor puede sugerir simplemente intercambiar la informaci\u00f3n del seguro y seguir adelante. No es una buena idea. Llama al 911.<\/p>\n\n\n\n<h2 class=\"wp-block-heading\">2. Cuida de los heridos.<\/h2>\n\n\n\n<p>Si has resultado herido en un accidente de coche o cami\u00f3n, mant\u00e9n la calma. Es probable que esto te resulte dif\u00edcil, sobre todo si has resultado gravemente herido en el accidente. El estr\u00e9s y la ansiedad pueden perjudicar a tu cuerpo m\u00e1s que ayudarlo, a veces m\u00e1s que la propia colisi\u00f3n. Respira larga y profundamente para tranquilizarte, y consu\u00e9late sabiendo que se ha llamado a las autoridades competentes y que la ayuda est\u00e1 en camino.<\/p>\n\n\n\n<p>Si eres un pasajero ileso, llama al 911 (si no lo has hecho ya). Luego haz lo que puedas para ayudar a los heridos en el accidente. Mant\u00e9n la calma y dales todo el consuelo que puedas mientras las autoridades intentan llegar.<\/p>\n\n\n\n<p>En caso de quemadura, no quites la ropa de la quemadura. Permite que los param\u00e9dicos atiendan este tipo de heridas tan delicadas: los m\u00e9todos de tratamiento precoz pueden ser clave para prevenir las cicatrices y los efectos a largo plazo de las quemaduras.<\/p>\n\n\n\n<h2 class=\"wp-block-heading\">3. Haz fotos del lugar del accidente.<\/h2>\n\n\n\n<p>Hoy en d\u00eda, casi todo el mundo tiene un tel\u00e9fono m\u00f3vil con capacidad para hacer fotos. Puede ser muy \u00fatil disponer de pruebas fotogr\u00e1ficas del lugar del accidente. Si no tienes c\u00e1mara en tu tel\u00e9fono, es probable que alguien cercano la tenga. Preg\u00fantales si te prestan su tel\u00e9fono para hacer fotos.<\/p>\n\n\n\n<p>En el lugar del accidente, aseg\u00farate de hacer fotos de:<\/p>\n\n\n\n<ul class=\"wp-block-list\">\n<li>Cualquier da\u00f1o al veh\u00edculo<\/li>\n\n\n\n<li>Estado de las carreteras<\/li>\n\n\n\n<li>Restos o restos del accidente<\/li>\n\n\n\n<li>Lesiones aparentes o posibles<\/li>\n<\/ul>\n\n\n\n<h2 class=\"wp-block-heading\">4. Comun\u00edcate con los testigos.<\/h2>\n\n\n\n<p>Aseg\u00farate de obtener el relato de todos los testigos del accidente, si es posible. Por ejemplo, si otros coches se apartaron a un lado de la carretera tras el accidente para ayudar, pregunta al conductor o a los pasajeros sus nombres e informaci\u00f3n de contacto. Su relato directo del accidente podr\u00eda ser beneficioso en el futuro.<\/p>\n\n\n\n<h2 class=\"wp-block-heading\">5. Ponte en contacto con un abogado de accidentes de tr\u00e1fico de Denver.<\/h2>\n\n\n\n<p>Cuanto antes te pongas en contacto con un <a href=\"\/\/dlslawfirm.com\/abogados\/\">abogado de<\/a> Denver especializado en <a href=\"\/\/dlslawfirm.com\/abogados\/\">lesiones por accidente de<\/a> tr\u00e1fico, m\u00e1s f\u00e1cil le resultar\u00e1 ayudarte a obtener la atenci\u00f3n y el asesoramiento que necesitas. Un abogado experto en lesiones puede ser tu mejor defensor tras un accidente de tr\u00e1fico, aunque a\u00fan no est\u00e9s seguro de si quieres o necesitas emprender acciones legales. No des por sentado que, si t\u00fa eres la parte culpable, un abogado no puede ayudarte. En muchos casos, un conductor puede creer que tuvo parte de la culpa, pero en realidad la negligencia de otro conductor o parte caus\u00f3 el accidente.<\/p>\n\n\n\n<p>Sean cuales sean las circunstancias tras un <a href=\"\/\/dlslawfirm.com\/lesiones-personales\/accidentes-de-coche\/\">accidente de<\/a> coche, no hagas declaraciones a ninguna compa\u00f1\u00eda de seguros, ni a la tuya ni a la del otro conductor. Ah\u00ed es donde entra en juego tu abogado experto en lesiones personales.<\/p>\n\n\n\n<p>Para saber m\u00e1s sobre los tipos habituales de lesiones en accidentes de coche y cami\u00f3n, contin\u00faa en la p\u00e1gina siguiente de nuestra Gu\u00eda de Accidentes de Tr\u00e1fico de Denver haciendo clic abajo.<\/p>\n\n\n\n<p><strong><a class=\"button\" href=\"\/\/dlslawfirm.com\/colorado-car-accident-guide\/understanding-auto-accident-injury\/\">M\u00c1S INFORMACI\u00d3N SOBRE LESIONES EN ACCIDENTES DE TR\u00c1FICO<\/a><\/strong><\/p>\n","protected":false},"excerpt":{"rendered":"<p>Para empezar, repasemos qu\u00e9 hacer en el lugar de un accidente. Los momentos posteriores a un accidente de coche o cami\u00f3n son cr\u00edticos. Es probable que est\u00e9s bastante conmocionado tras un accidente, pero saber qu\u00e9 pasos dar puede ayudarte durante el proceso legal en el futuro. A continuaci\u00f3n se indican los pasos que debes dar&#8230;<\/p>\n","protected":false},"author":2,"featured_media":0,"parent":6986,"menu_order":112,"comment_status":"open","ping_status":"open","template":"","meta":{"_acf_changed":false,"footnotes":""},"tags":[],"class_list":["post-6983","page","type-page","status-publish","hentry"],"acf":[],"yoast_head":"<!-- This site is optimized with the Yoast SEO plugin v27.3 - https:\/\/yoast.com\/product\/yoast-seo-wordpress\/ -->\n<title>Pasos en el lugar del accidente | Gu\u00eda de accidentes de Denver<\/title>\n<meta name=\"description\" content=\"Estos son los pasos que debes dar si t\u00fa o un miembro de tu familia os hab\u00e9is visto implicados en un accidente de tr\u00e1fico. Estos pasos se aplican tanto a los conductores como a los pasajeros y pueden ser \u00fatiles para todas las partes, independientemente de la culpa. Si te has visto implicado recientemente en un accidente de tr\u00e1fico, llama al Bufete de Dianne Sawaya.\" \/>\n<meta name=\"robots\" content=\"index, follow, max-snippet:-1, max-image-preview:large, max-video-preview:-1\" \/>\n<link rel=\"canonical\" href=\"https:\/\/dlslawfirm.com\/es\/guia-de-accidentes-de-trafico-en-colorado-4\/que-hacer-en-el-lugar-de-un-accidente-de-trafico\/\" \/>\n<meta property=\"og:locale\" content=\"es_MX\" \/>\n<meta property=\"og:type\" content=\"article\" \/>\n<meta property=\"og:title\" content=\"Pasos en el lugar del accidente | Gu\u00eda de accidentes de Denver\" \/>\n<meta property=\"og:description\" content=\"Estos son los pasos que debes dar si t\u00fa o un miembro de tu familia os hab\u00e9is visto implicados en un accidente de tr\u00e1fico. Estos pasos se aplican tanto a los conductores como a los pasajeros y pueden ser \u00fatiles para todas las partes, independientemente de la culpa. Si te has visto implicado recientemente en un accidente de tr\u00e1fico, llama al Bufete de Dianne Sawaya.\" \/>\n<meta property=\"og:url\" content=\"https:\/\/dlslawfirm.com\/es\/guia-de-accidentes-de-trafico-en-colorado-4\/que-hacer-en-el-lugar-de-un-accidente-de-trafico\/\" \/>\n<meta property=\"og:site_name\" content=\"Law Offices of Dianne Sawaya LLC- En Espanol\" \/>\n<meta property=\"article:modified_time\" content=\"2025-04-28T15:47:55+00:00\" \/>\n<meta name=\"twitter:card\" content=\"summary_large_image\" \/>\n<meta name=\"twitter:label1\" content=\"Est. reading time\" \/>\n\t<meta name=\"twitter:data1\" content=\"4 minutos\" \/>\n<script type=\"application\/ld+json\" class=\"yoast-schema-graph\">{\"@context\":\"https:\\\/\\\/schema.org\",\"@graph\":[{\"@type\":\"WebPage\",\"@id\":\"https:\\\/\\\/dlslawfirm.com\\\/es\\\/guia-de-accidentes-de-trafico-en-colorado-4\\\/que-hacer-en-el-lugar-de-un-accidente-de-trafico\\\/\",\"url\":\"https:\\\/\\\/dlslawfirm.com\\\/es\\\/guia-de-accidentes-de-trafico-en-colorado-4\\\/que-hacer-en-el-lugar-de-un-accidente-de-trafico\\\/\",\"name\":\"Pasos en el lugar del accidente | Gu\u00eda de accidentes de Denver\",\"isPartOf\":{\"@id\":\"https:\\\/\\\/dlslawfirm.com\\\/es\\\/#website\"},\"datePublished\":\"2015-10-09T14:42:07+00:00\",\"dateModified\":\"2025-04-28T15:47:55+00:00\",\"description\":\"Estos son los pasos que debes dar si t\u00fa o un miembro de tu familia os hab\u00e9is visto implicados en un accidente de tr\u00e1fico. Estos pasos se aplican tanto a los conductores como a los pasajeros y pueden ser \u00fatiles para todas las partes, independientemente de la culpa. Si te has visto implicado recientemente en un accidente de tr\u00e1fico, llama al Bufete de Dianne Sawaya.\",\"breadcrumb\":{\"@id\":\"https:\\\/\\\/dlslawfirm.com\\\/es\\\/guia-de-accidentes-de-trafico-en-colorado-4\\\/que-hacer-en-el-lugar-de-un-accidente-de-trafico\\\/#breadcrumb\"},\"inLanguage\":\"es\",\"potentialAction\":[{\"@type\":\"ReadAction\",\"target\":[\"https:\\\/\\\/dlslawfirm.com\\\/es\\\/guia-de-accidentes-de-trafico-en-colorado-4\\\/que-hacer-en-el-lugar-de-un-accidente-de-trafico\\\/\"]}]},{\"@type\":\"BreadcrumbList\",\"@id\":\"https:\\\/\\\/dlslawfirm.com\\\/es\\\/guia-de-accidentes-de-trafico-en-colorado-4\\\/que-hacer-en-el-lugar-de-un-accidente-de-trafico\\\/#breadcrumb\",\"itemListElement\":[{\"@type\":\"ListItem\",\"position\":1,\"name\":\"Home\",\"item\":\"https:\\\/\\\/dlslawfirm.com\\\/es\\\/\"},{\"@type\":\"ListItem\",\"position\":2,\"name\":\"Gu\u00eda de accidentes de tr\u00e1fico en Colorado\",\"item\":\"https:\\\/\\\/dlslawfirm.com\\\/es\\\/guia-de-accidentes-de-trafico-en-colorado-4\\\/\"},{\"@type\":\"ListItem\",\"position\":3,\"name\":\"\u00bfQu\u00e9 hacer en el lugar de un accidente de tr\u00e1fico?\"}]},{\"@type\":\"WebSite\",\"@id\":\"https:\\\/\\\/dlslawfirm.com\\\/es\\\/#website\",\"url\":\"https:\\\/\\\/dlslawfirm.com\\\/es\\\/\",\"name\":\"Law Offices of Dianne Sawaya LLC- En Espanol\",\"description\":\"\",\"potentialAction\":[{\"@type\":\"SearchAction\",\"target\":{\"@type\":\"EntryPoint\",\"urlTemplate\":\"https:\\\/\\\/dlslawfirm.com\\\/es\\\/?s={search_term_string}\"},\"query-input\":{\"@type\":\"PropertyValueSpecification\",\"valueRequired\":true,\"valueName\":\"search_term_string\"}}],\"inLanguage\":\"es\"}]}<\/script>\n<!-- \/ Yoast SEO plugin. -->","yoast_head_json":{"title":"Pasos en el lugar del accidente | Gu\u00eda de accidentes de Denver","description":"Estos son los pasos que debes dar si t\u00fa o un miembro de tu familia os hab\u00e9is visto implicados en un accidente de tr\u00e1fico. Estos pasos se aplican tanto a los conductores como a los pasajeros y pueden ser \u00fatiles para todas las partes, independientemente de la culpa. Si te has visto implicado recientemente en un accidente de tr\u00e1fico, llama al Bufete de Dianne Sawaya.","robots":{"index":"index","follow":"follow","max-snippet":"max-snippet:-1","max-image-preview":"max-image-preview:large","max-video-preview":"max-video-preview:-1"},"canonical":"https:\/\/dlslawfirm.com\/es\/guia-de-accidentes-de-trafico-en-colorado-4\/que-hacer-en-el-lugar-de-un-accidente-de-trafico\/","og_locale":"es_MX","og_type":"article","og_title":"Pasos en el lugar del accidente | Gu\u00eda de accidentes de Denver","og_description":"Estos son los pasos que debes dar si t\u00fa o un miembro de tu familia os hab\u00e9is visto implicados en un accidente de tr\u00e1fico. Estos pasos se aplican tanto a los conductores como a los pasajeros y pueden ser \u00fatiles para todas las partes, independientemente de la culpa. Si te has visto implicado recientemente en un accidente de tr\u00e1fico, llama al Bufete de Dianne Sawaya.","og_url":"https:\/\/dlslawfirm.com\/es\/guia-de-accidentes-de-trafico-en-colorado-4\/que-hacer-en-el-lugar-de-un-accidente-de-trafico\/","og_site_name":"Law Offices of Dianne Sawaya LLC- En Espanol","article_modified_time":"2025-04-28T15:47:55+00:00","twitter_card":"summary_large_image","twitter_misc":{"Est. reading time":"4 minutos"},"schema":{"@context":"https:\/\/schema.org","@graph":[{"@type":"WebPage","@id":"https:\/\/dlslawfirm.com\/es\/guia-de-accidentes-de-trafico-en-colorado-4\/que-hacer-en-el-lugar-de-un-accidente-de-trafico\/","url":"https:\/\/dlslawfirm.com\/es\/guia-de-accidentes-de-trafico-en-colorado-4\/que-hacer-en-el-lugar-de-un-accidente-de-trafico\/","name":"Pasos en el lugar del accidente | Gu\u00eda de accidentes de Denver","isPartOf":{"@id":"https:\/\/dlslawfirm.com\/es\/#website"},"datePublished":"2015-10-09T14:42:07+00:00","dateModified":"2025-04-28T15:47:55+00:00","description":"Estos son los pasos que debes dar si t\u00fa o un miembro de tu familia os hab\u00e9is visto implicados en un accidente de tr\u00e1fico. Estos pasos se aplican tanto a los conductores como a los pasajeros y pueden ser \u00fatiles para todas las partes, independientemente de la culpa. Si te has visto implicado recientemente en un accidente de tr\u00e1fico, llama al Bufete de Dianne Sawaya.","breadcrumb":{"@id":"https:\/\/dlslawfirm.com\/es\/guia-de-accidentes-de-trafico-en-colorado-4\/que-hacer-en-el-lugar-de-un-accidente-de-trafico\/#breadcrumb"},"inLanguage":"es","potentialAction":[{"@type":"ReadAction","target":["https:\/\/dlslawfirm.com\/es\/guia-de-accidentes-de-trafico-en-colorado-4\/que-hacer-en-el-lugar-de-un-accidente-de-trafico\/"]}]},{"@type":"BreadcrumbList","@id":"https:\/\/dlslawfirm.com\/es\/guia-de-accidentes-de-trafico-en-colorado-4\/que-hacer-en-el-lugar-de-un-accidente-de-trafico\/#breadcrumb","itemListElement":[{"@type":"ListItem","position":1,"name":"Home","item":"https:\/\/dlslawfirm.com\/es\/"},{"@type":"ListItem","position":2,"name":"Gu\u00eda de accidentes de tr\u00e1fico en Colorado","item":"https:\/\/dlslawfirm.com\/es\/guia-de-accidentes-de-trafico-en-colorado-4\/"},{"@type":"ListItem","position":3,"name":"\u00bfQu\u00e9 hacer en el lugar de un accidente de tr\u00e1fico?"}]},{"@type":"WebSite","@id":"https:\/\/dlslawfirm.com\/es\/#website","url":"https:\/\/dlslawfirm.com\/es\/","name":"Law Offices of Dianne Sawaya LLC- En Espanol","description":"","potentialAction":[{"@type":"SearchAction","target":{"@type":"EntryPoint","urlTemplate":"https:\/\/dlslawfirm.com\/es\/?s={search_term_string}"},"query-input":{"@type":"PropertyValueSpecification","valueRequired":true,"valueName":"search_term_string"}}],"inLanguage":"es"}]}},"_links":{"self":[{"href":"https:\/\/dlslawfirm.com\/es\/wp-json\/wp\/v2\/pages\/6983","targetHints":{"allow":["GET"]}}],"collection":[{"href":"https:\/\/dlslawfirm.com\/es\/wp-json\/wp\/v2\/pages"}],"about":[{"href":"https:\/\/dlslawfirm.com\/es\/wp-json\/wp\/v2\/types\/page"}],"author":[{"embeddable":true,"href":"https:\/\/dlslawfirm.com\/es\/wp-json\/wp\/v2\/users\/2"}],"replies":[{"embeddable":true,"href":"https:\/\/dlslawfirm.com\/es\/wp-json\/wp\/v2\/comments?post=6983"}],"version-history":[{"count":0,"href":"https:\/\/dlslawfirm.com\/es\/wp-json\/wp\/v2\/pages\/6983\/revisions"}],"up":[{"embeddable":true,"href":"https:\/\/dlslawfirm.com\/es\/wp-json\/wp\/v2\/pages\/6986"}],"wp:attachment":[{"href":"https:\/\/dlslawfirm.com\/es\/wp-json\/wp\/v2\/media?parent=6983"}],"wp:term":[{"taxonomy":"post_tag","embeddable":true,"href":"https:\/\/dlslawfirm.com\/es\/wp-json\/wp\/v2\/tags?post=6983"}],"curies":[{"name":"wp","href":"https:\/\/api.w.org\/{rel}","templated":true}]}}