{"id":6982,"date":"2015-07-29T14:18:12","date_gmt":"2015-07-29T14:18:12","guid":{"rendered":"https:\/\/dlslawfirm.com\/guia-de-accidentes-de-trafico-en-colorado-3\/"},"modified":"2025-04-28T15:32:04","modified_gmt":"2025-04-28T15:32:04","slug":"guia-de-accidentes-de-trafico-en-colorado-3","status":"publish","type":"page","link":"https:\/\/dlslawfirm.com\/es\/guia-de-accidentes-de-trafico-en-colorado-4\/guia-de-accidentes-de-trafico-en-colorado-3\/","title":{"rendered":"Gu\u00eda de accidentes de tr\u00e1fico en Colorado"},"content":{"rendered":"\n<h2 class=\"wp-block-heading\">\u00bfNecesito un abogado de lesiones personales?<\/h2>\n\n\n\n<p>Cuando alguien llama por primera vez a The Law Offices of Dianne L. Sawaya LLC tras un <a href=\"\/\/dlslawfirm.com\/lesiones-personales\/accidentes-de-coche\/\">accidente de<\/a> coche, suele hacerse la misma pregunta: &#8220;\u00bfC\u00f3mo pueden ayudarme?&#8221;<\/p>\n\n\n\n<p>Si t\u00fa o un ser querido hab\u00e9is resultado heridos en un <a href=\"\/\/dlslawfirm.com\/lesiones-personales\/accidentes-de-coche\/\">accidente de tr\u00e1fico<\/a>, es posible que en alg\u00fan momento despu\u00e9s del accidente pienses: &#8220;Puedo arreglarlo yo solo&#8221;. Aunque se trata de una postura audaz, puede que no comprendas del todo la compleja naturaleza de la ley de lesiones personales. Un abogado experto en lesiones personales de Denver no s\u00f3lo puede explicarte en profundidad tus opciones legales, sino que puede guiarte a lo largo del proceso.<\/p>\n\n\n\n<h2 class=\"wp-block-heading\">Respetada en la comunidad m\u00e9dica de Denver<\/h2>\n\n\n<div class=\"wp-block-image\">\n<figure class=\"alignright size-full is-resized\"><img loading=\"lazy\" decoding=\"async\" width=\"934\" height=\"786\" src=\"https:\/\/dlslawfirm.com\/es\/wp-content\/uploads\/sites\/2\/2019\/04\/5D3_0803.jpg\" alt=\"Dianne Sawaya\" class=\"wp-image-7457\" style=\"width:277px;height:auto\"\/><\/figure>\n<\/div>\n\n\n<p>A trav\u00e9s de nuestro dedicado trabajo para nuestros clientes, as\u00ed como de nuestro \u00e9xito en el campo de las lesiones personales, nuestro equipo se ha ganado un nivel de respeto en la comunidad m\u00e9dica de Denver del que estamos bastante orgullosos. Si eliges a <a href=\"\/\/dlslawfirm.com\/abogados\/\">The Law Offices of Dianne L. Sawaya LLC<\/a> para que te ayude tras un <a href=\"\/\/dlslawfirm.com\/lesiones-personales\/accidentes-de-coche\/\">accidente de coche<\/a>, nuestros abogados pueden ponerte en contacto con los m\u00e9dicos y especialistas que necesitas para iniciar el proceso de curaci\u00f3n.<\/p>\n\n\n\n<p>Nos preocupamos de verdad por tu salud -tanto f\u00edsica como mental- tras una <a href=\"\/\/dlslawfirm.com\/lesiones-personales\/accidentes-de-coche\/\">lesi\u00f3n por accidente<\/a> de tr\u00e1fico. <a href=\"\/\/dlslawfirm.com\/abogados\/\">Nuestros abogados de<\/a> accidentes de tr\u00e1fico creen que no deber\u00edas tener que preocuparte por encontrar ayuda m\u00e9dica competente, ni por c\u00f3mo vas a pagar las facturas m\u00e9dicas si no puedes trabajar a causa de tus lesiones. No s\u00f3lo hemos establecido s\u00f3lidas relaciones con los profesionales m\u00e9dicos de Denver, sino que lucharemos para conseguir la indemnizaci\u00f3n que mereces por tus lesiones.<\/p>\n\n\n\n<h2 class=\"wp-block-heading\">La comunicaci\u00f3n es la clave<\/h2>\n\n\n\n<p>Lo \u00faltimo que quieres hacer cuando intentas recuperarte de una lesi\u00f3n por <a href=\"\/\/dlslawfirm.com\/lesiones-personales\/accidentes-de-coche\/\">accidente de<\/a> tr\u00e1fico es recibir llamadas de tu seguro m\u00e9dico y de tu seguro de autom\u00f3vil. Como tus representantes, estaremos en contacto con tu compa\u00f1\u00eda de seguros para que puedas centrarte en lo importante: curarte. Tambi\u00e9n nos pondremos en contacto con tus m\u00e9dicos y otros profesionales de la medicina vinculados a tu atenci\u00f3n para reunir los documentos que necesitar\u00e1s para tramitar una demanda por lesiones personales en Colorado.<\/p>\n\n\n\n<p>Como probablemente ya sepas, la mayor frustraci\u00f3n a la que puedes enfrentarte tras un accidente es la falta de respuestas. Por encima de todo, nuestros abogados de lesiones personales de Denver pueden proporcionarte tranquilidad, abordando de frente tus preocupaciones con explicaciones honestas y detalladas. Estaremos a tu disposici\u00f3n y a la de tu familia para guiaros en un momento dif\u00edcil.<\/p>\n\n\n\n<h2 class=\"wp-block-heading\">Luchar por la indemnizaci\u00f3n que necesitas-y mereces<\/h2>\n\n\n\n<p>El mayor miedo al que probablemente te enfrentes es el del dinero. \u00bfC\u00f3mo pagar\u00e9 mis facturas m\u00e9dicas? \u00bfCu\u00e1nto cubrir\u00e1 mi compa\u00f1\u00eda de seguros? \u00bfC\u00f3mo puedo mantener las luces encendidas si no puedo trabajar? \u00bfC\u00f3mo llegar\u00e1 mi familia a fin de mes?<\/p>\n\n\n\n<p>\u00c9sta es la verdad: necesitas mejorar, hacer caso a tus m\u00e9dicos y dedicar tiempo a mejorar tu salud. Eso es dif\u00edcil de soportar cuando se acumulan las facturas, lo sabemos, pero ah\u00ed es donde entramos nosotros para ayudar.<\/p>\n\n\n\n<p>Si sufres una lesi\u00f3n por un <a href=\"\/\/dlslawfirm.com\/lesiones-personales\/accidentes-de-coche\/\">accidente de coche<\/a> en Colorado, puedes solicitar una indemnizaci\u00f3n econ\u00f3mica para pagar las facturas m\u00e9dicas y mucho m\u00e1s. Nuestros <a href=\"\/\/dlslawfirm.com\/abogados\/\">abogados<\/a> expertos en accidentes de tr\u00e1fico en Denver luchan por conseguir una indemnizaci\u00f3n justa que te ayude a ti y a tu familia. Pediremos una indemnizaci\u00f3n por:<\/p>\n\n\n\n<ul class=\"wp-block-list\">\n<li>Facturas m\u00e9dicas<\/li>\n\n\n\n<li>Gastos m\u00e9dicos por kilometraje<\/li>\n\n\n\n<li>Gastos de bolsillo<\/li>\n\n\n\n<li>Gastos m\u00e9dicos futuros<\/li>\n\n\n\n<li>Angustia emocional<\/li>\n\n\n\n<li>Dolor y sufrimiento pasados y futuros<\/li>\n\n\n\n<li>P\u00e9rdida del disfrute de la vida<\/li>\n\n\n\n<li>P\u00e9rdida de ingresos pasada y futura<\/li>\n\n\n\n<li>Discapacidad f\u00edsica<\/li>\n<\/ul>\n\n\n\n<p>A continuaci\u00f3n hablaremos de las p\u00f3lizas de seguro de autom\u00f3vil y de c\u00f3mo saber si est\u00e1s cubierto en caso de accidente. Haz clic en el bot\u00f3n de abajo para pasar a la p\u00e1gina siguiente de nuestra Gu\u00eda de accidentes de tr\u00e1fico en Denver.<\/p>\n\n\n\n<p class=\"has-text-align-center\"><strong><a class=\"button\" href=\"\/\/dlslawfirm.com\/colorado-car-accident-guide\/am-i-covered-by-insurance-policy\/\">COMPRENDER LAS P\u00d3LIZAS DE SEGUROS<\/a><\/strong><\/p>\n","protected":false},"excerpt":{"rendered":"<p>\u00bfNecesito un abogado de lesiones personales? Cuando alguien llama por primera vez a The Law Offices of Dianne L. Sawaya LLC tras un accidente de coche, suele hacerse la misma pregunta: &#8220;\u00bfC\u00f3mo pueden ayudarme?&#8221; Si t\u00fa o un ser querido hab\u00e9is resultado heridos en un accidente de tr\u00e1fico, es posible que en alg\u00fan momento despu\u00e9s&#8230;<\/p>\n","protected":false},"author":2,"featured_media":0,"parent":6986,"menu_order":123,"comment_status":"open","ping_status":"open","template":"","meta":{"_acf_changed":false,"footnotes":""},"tags":[],"class_list":["post-6982","page","type-page","status-publish","hentry"],"acf":[],"yoast_head":"<!-- This site is optimized with the Yoast SEO plugin v27.4 - https:\/\/yoast.com\/product\/yoast-seo-wordpress\/ -->\n<title>\u00bfNecesito un abogado de lesiones personales? | Accidente de tr\u00e1fico en Denver<\/title>\n<meta name=\"description\" content=\"Si te preguntas si necesitas o no un abogado tras un accidente de coche en Denver, CO, lee la gu\u00eda publicada por Law Offices of Dianne Sawaya, LLC.\" \/>\n<meta name=\"robots\" content=\"index, follow, max-snippet:-1, max-image-preview:large, max-video-preview:-1\" \/>\n<link rel=\"canonical\" href=\"https:\/\/dlslawfirm.com\/es\/guia-de-accidentes-de-trafico-en-colorado-4\/guia-de-accidentes-de-trafico-en-colorado-3\/\" \/>\n<meta property=\"og:locale\" content=\"es_MX\" \/>\n<meta property=\"og:type\" content=\"article\" \/>\n<meta property=\"og:title\" content=\"\u00bfNecesito un abogado de lesiones personales? | Accidente de tr\u00e1fico en Denver\" \/>\n<meta property=\"og:description\" content=\"Si te preguntas si necesitas o no un abogado tras un accidente de coche en Denver, CO, lee la gu\u00eda publicada por Law Offices of Dianne Sawaya, LLC.\" \/>\n<meta property=\"og:url\" content=\"https:\/\/dlslawfirm.com\/es\/guia-de-accidentes-de-trafico-en-colorado-4\/guia-de-accidentes-de-trafico-en-colorado-3\/\" \/>\n<meta property=\"og:site_name\" content=\"Law Offices of Dianne Sawaya LLC- En Espanol\" \/>\n<meta property=\"article:modified_time\" content=\"2025-04-28T15:32:04+00:00\" \/>\n<meta property=\"og:image\" content=\"https:\/\/dlslawfirm.com\/es\/wp-content\/uploads\/sites\/2\/2019\/04\/5D3_0803.jpg\" \/>\n\t<meta property=\"og:image:width\" content=\"934\" \/>\n\t<meta property=\"og:image:height\" content=\"786\" \/>\n\t<meta property=\"og:image:type\" content=\"image\/jpeg\" \/>\n<meta name=\"twitter:card\" content=\"summary_large_image\" \/>\n<meta name=\"twitter:label1\" content=\"Est. reading time\" \/>\n\t<meta name=\"twitter:data1\" content=\"4 minutos\" \/>\n<script type=\"application\/ld+json\" class=\"yoast-schema-graph\">{\"@context\":\"https:\\\/\\\/schema.org\",\"@graph\":[{\"@type\":\"WebPage\",\"@id\":\"https:\\\/\\\/dlslawfirm.com\\\/es\\\/guia-de-accidentes-de-trafico-en-colorado-4\\\/guia-de-accidentes-de-trafico-en-colorado-3\\\/\",\"url\":\"https:\\\/\\\/dlslawfirm.com\\\/es\\\/guia-de-accidentes-de-trafico-en-colorado-4\\\/guia-de-accidentes-de-trafico-en-colorado-3\\\/\",\"name\":\"\u00bfNecesito un abogado de lesiones personales? | Accidente de tr\u00e1fico en Denver\",\"isPartOf\":{\"@id\":\"https:\\\/\\\/dlslawfirm.com\\\/es\\\/#website\"},\"primaryImageOfPage\":{\"@id\":\"https:\\\/\\\/dlslawfirm.com\\\/es\\\/guia-de-accidentes-de-trafico-en-colorado-4\\\/guia-de-accidentes-de-trafico-en-colorado-3\\\/#primaryimage\"},\"image\":{\"@id\":\"https:\\\/\\\/dlslawfirm.com\\\/es\\\/guia-de-accidentes-de-trafico-en-colorado-4\\\/guia-de-accidentes-de-trafico-en-colorado-3\\\/#primaryimage\"},\"thumbnailUrl\":\"https:\\\/\\\/dlslawfirm.com\\\/es\\\/wp-content\\\/uploads\\\/sites\\\/2\\\/2019\\\/04\\\/5D3_0803.jpg\",\"datePublished\":\"2015-07-29T14:18:12+00:00\",\"dateModified\":\"2025-04-28T15:32:04+00:00\",\"description\":\"Si te preguntas si necesitas o no un abogado tras un accidente de coche en Denver, CO, lee la gu\u00eda publicada por Law Offices of Dianne Sawaya, LLC.\",\"breadcrumb\":{\"@id\":\"https:\\\/\\\/dlslawfirm.com\\\/es\\\/guia-de-accidentes-de-trafico-en-colorado-4\\\/guia-de-accidentes-de-trafico-en-colorado-3\\\/#breadcrumb\"},\"inLanguage\":\"es\",\"potentialAction\":[{\"@type\":\"ReadAction\",\"target\":[\"https:\\\/\\\/dlslawfirm.com\\\/es\\\/guia-de-accidentes-de-trafico-en-colorado-4\\\/guia-de-accidentes-de-trafico-en-colorado-3\\\/\"]}]},{\"@type\":\"ImageObject\",\"inLanguage\":\"es\",\"@id\":\"https:\\\/\\\/dlslawfirm.com\\\/es\\\/guia-de-accidentes-de-trafico-en-colorado-4\\\/guia-de-accidentes-de-trafico-en-colorado-3\\\/#primaryimage\",\"url\":\"https:\\\/\\\/dlslawfirm.com\\\/es\\\/wp-content\\\/uploads\\\/sites\\\/2\\\/2019\\\/04\\\/5D3_0803.jpg\",\"contentUrl\":\"https:\\\/\\\/dlslawfirm.com\\\/es\\\/wp-content\\\/uploads\\\/sites\\\/2\\\/2019\\\/04\\\/5D3_0803.jpg\",\"width\":934,\"height\":786,\"caption\":\"Dianne Sawaya\"},{\"@type\":\"BreadcrumbList\",\"@id\":\"https:\\\/\\\/dlslawfirm.com\\\/es\\\/guia-de-accidentes-de-trafico-en-colorado-4\\\/guia-de-accidentes-de-trafico-en-colorado-3\\\/#breadcrumb\",\"itemListElement\":[{\"@type\":\"ListItem\",\"position\":1,\"name\":\"Home\",\"item\":\"https:\\\/\\\/dlslawfirm.com\\\/es\\\/\"},{\"@type\":\"ListItem\",\"position\":2,\"name\":\"Gu\u00eda de accidentes de tr\u00e1fico en Colorado\",\"item\":\"https:\\\/\\\/dlslawfirm.com\\\/es\\\/guia-de-accidentes-de-trafico-en-colorado-4\\\/\"},{\"@type\":\"ListItem\",\"position\":3,\"name\":\"Gu\u00eda de accidentes de tr\u00e1fico en Colorado\"}]},{\"@type\":\"WebSite\",\"@id\":\"https:\\\/\\\/dlslawfirm.com\\\/es\\\/#website\",\"url\":\"https:\\\/\\\/dlslawfirm.com\\\/es\\\/\",\"name\":\"Law Offices of Dianne Sawaya LLC- En Espanol\",\"description\":\"\",\"potentialAction\":[{\"@type\":\"SearchAction\",\"target\":{\"@type\":\"EntryPoint\",\"urlTemplate\":\"https:\\\/\\\/dlslawfirm.com\\\/es\\\/?s={search_term_string}\"},\"query-input\":{\"@type\":\"PropertyValueSpecification\",\"valueRequired\":true,\"valueName\":\"search_term_string\"}}],\"inLanguage\":\"es\"}]}<\/script>\n<!-- \/ Yoast SEO plugin. -->","yoast_head_json":{"title":"\u00bfNecesito un abogado de lesiones personales? | Accidente de tr\u00e1fico en Denver","description":"Si te preguntas si necesitas o no un abogado tras un accidente de coche en Denver, CO, lee la gu\u00eda publicada por Law Offices of Dianne Sawaya, LLC.","robots":{"index":"index","follow":"follow","max-snippet":"max-snippet:-1","max-image-preview":"max-image-preview:large","max-video-preview":"max-video-preview:-1"},"canonical":"https:\/\/dlslawfirm.com\/es\/guia-de-accidentes-de-trafico-en-colorado-4\/guia-de-accidentes-de-trafico-en-colorado-3\/","og_locale":"es_MX","og_type":"article","og_title":"\u00bfNecesito un abogado de lesiones personales? | Accidente de tr\u00e1fico en Denver","og_description":"Si te preguntas si necesitas o no un abogado tras un accidente de coche en Denver, CO, lee la gu\u00eda publicada por Law Offices of Dianne Sawaya, LLC.","og_url":"https:\/\/dlslawfirm.com\/es\/guia-de-accidentes-de-trafico-en-colorado-4\/guia-de-accidentes-de-trafico-en-colorado-3\/","og_site_name":"Law Offices of Dianne Sawaya LLC- En Espanol","article_modified_time":"2025-04-28T15:32:04+00:00","og_image":[{"width":934,"height":786,"url":"https:\/\/dlslawfirm.com\/es\/wp-content\/uploads\/sites\/2\/2019\/04\/5D3_0803.jpg","type":"image\/jpeg"}],"twitter_card":"summary_large_image","twitter_misc":{"Est. reading time":"4 minutos"},"schema":{"@context":"https:\/\/schema.org","@graph":[{"@type":"WebPage","@id":"https:\/\/dlslawfirm.com\/es\/guia-de-accidentes-de-trafico-en-colorado-4\/guia-de-accidentes-de-trafico-en-colorado-3\/","url":"https:\/\/dlslawfirm.com\/es\/guia-de-accidentes-de-trafico-en-colorado-4\/guia-de-accidentes-de-trafico-en-colorado-3\/","name":"\u00bfNecesito un abogado de lesiones personales? | Accidente de tr\u00e1fico en Denver","isPartOf":{"@id":"https:\/\/dlslawfirm.com\/es\/#website"},"primaryImageOfPage":{"@id":"https:\/\/dlslawfirm.com\/es\/guia-de-accidentes-de-trafico-en-colorado-4\/guia-de-accidentes-de-trafico-en-colorado-3\/#primaryimage"},"image":{"@id":"https:\/\/dlslawfirm.com\/es\/guia-de-accidentes-de-trafico-en-colorado-4\/guia-de-accidentes-de-trafico-en-colorado-3\/#primaryimage"},"thumbnailUrl":"https:\/\/dlslawfirm.com\/es\/wp-content\/uploads\/sites\/2\/2019\/04\/5D3_0803.jpg","datePublished":"2015-07-29T14:18:12+00:00","dateModified":"2025-04-28T15:32:04+00:00","description":"Si te preguntas si necesitas o no un abogado tras un accidente de coche en Denver, CO, lee la gu\u00eda publicada por Law Offices of Dianne Sawaya, LLC.","breadcrumb":{"@id":"https:\/\/dlslawfirm.com\/es\/guia-de-accidentes-de-trafico-en-colorado-4\/guia-de-accidentes-de-trafico-en-colorado-3\/#breadcrumb"},"inLanguage":"es","potentialAction":[{"@type":"ReadAction","target":["https:\/\/dlslawfirm.com\/es\/guia-de-accidentes-de-trafico-en-colorado-4\/guia-de-accidentes-de-trafico-en-colorado-3\/"]}]},{"@type":"ImageObject","inLanguage":"es","@id":"https:\/\/dlslawfirm.com\/es\/guia-de-accidentes-de-trafico-en-colorado-4\/guia-de-accidentes-de-trafico-en-colorado-3\/#primaryimage","url":"https:\/\/dlslawfirm.com\/es\/wp-content\/uploads\/sites\/2\/2019\/04\/5D3_0803.jpg","contentUrl":"https:\/\/dlslawfirm.com\/es\/wp-content\/uploads\/sites\/2\/2019\/04\/5D3_0803.jpg","width":934,"height":786,"caption":"Dianne Sawaya"},{"@type":"BreadcrumbList","@id":"https:\/\/dlslawfirm.com\/es\/guia-de-accidentes-de-trafico-en-colorado-4\/guia-de-accidentes-de-trafico-en-colorado-3\/#breadcrumb","itemListElement":[{"@type":"ListItem","position":1,"name":"Home","item":"https:\/\/dlslawfirm.com\/es\/"},{"@type":"ListItem","position":2,"name":"Gu\u00eda de accidentes de tr\u00e1fico en Colorado","item":"https:\/\/dlslawfirm.com\/es\/guia-de-accidentes-de-trafico-en-colorado-4\/"},{"@type":"ListItem","position":3,"name":"Gu\u00eda de accidentes de tr\u00e1fico en Colorado"}]},{"@type":"WebSite","@id":"https:\/\/dlslawfirm.com\/es\/#website","url":"https:\/\/dlslawfirm.com\/es\/","name":"Law Offices of Dianne Sawaya LLC- En Espanol","description":"","potentialAction":[{"@type":"SearchAction","target":{"@type":"EntryPoint","urlTemplate":"https:\/\/dlslawfirm.com\/es\/?s={search_term_string}"},"query-input":{"@type":"PropertyValueSpecification","valueRequired":true,"valueName":"search_term_string"}}],"inLanguage":"es"}]}},"_links":{"self":[{"href":"https:\/\/dlslawfirm.com\/es\/wp-json\/wp\/v2\/pages\/6982","targetHints":{"allow":["GET"]}}],"collection":[{"href":"https:\/\/dlslawfirm.com\/es\/wp-json\/wp\/v2\/pages"}],"about":[{"href":"https:\/\/dlslawfirm.com\/es\/wp-json\/wp\/v2\/types\/page"}],"author":[{"embeddable":true,"href":"https:\/\/dlslawfirm.com\/es\/wp-json\/wp\/v2\/users\/2"}],"replies":[{"embeddable":true,"href":"https:\/\/dlslawfirm.com\/es\/wp-json\/wp\/v2\/comments?post=6982"}],"version-history":[{"count":0,"href":"https:\/\/dlslawfirm.com\/es\/wp-json\/wp\/v2\/pages\/6982\/revisions"}],"up":[{"embeddable":true,"href":"https:\/\/dlslawfirm.com\/es\/wp-json\/wp\/v2\/pages\/6986"}],"wp:attachment":[{"href":"https:\/\/dlslawfirm.com\/es\/wp-json\/wp\/v2\/media?parent=6982"}],"wp:term":[{"taxonomy":"post_tag","embeddable":true,"href":"https:\/\/dlslawfirm.com\/es\/wp-json\/wp\/v2\/tags?post=6982"}],"curies":[{"name":"wp","href":"https:\/\/api.w.org\/{rel}","templated":true}]}}