{"id":6979,"date":"2015-07-29T14:27:15","date_gmt":"2015-07-29T14:27:15","guid":{"rendered":"https:\/\/dlslawfirm.com\/guia-de-accidentes-de-trafico-en-colorado-2\/"},"modified":"2015-07-29T14:27:15","modified_gmt":"2015-07-29T14:27:15","slug":"guia-de-accidentes-de-trafico-en-colorado-2","status":"publish","type":"page","link":"https:\/\/dlslawfirm.com\/es\/guia-de-accidentes-de-trafico-en-colorado-4\/guia-de-accidentes-de-trafico-en-colorado-2\/","title":{"rendered":"Gu\u00eda de accidentes de tr\u00e1fico en Colorado"},"content":{"rendered":"<h2>\u00bfMe cubre mi p\u00f3liza de seguro?<\/h2>\n<p><img loading=\"lazy\" decoding=\"async\" class=\"wp-image-1959 size-full alignright\" src=\"https:\/\/dlslawfirm.com\/es\/wp-content\/uploads\/sites\/2\/2015\/07\/Wrecked-car-e1454094102163.jpg\" alt=\"\" width=\"426\" height=\"231\">Tras un <a href=\"\/\/dlslawfirm.com\/lesiones-personales\/accidentes-de-coche\/\">accidente<\/a> de tr\u00e1fico, pueden surgirte muchas preguntas a ti o a tus seres queridos. Muchos de ellos, por lo que nuestros abogados han visto a lo largo de los a\u00f1os de servicio a la comunidad de Denver, est\u00e1n relacionados con los seguros.<\/p>\n<p>Cuando contratas una p\u00f3liza de seguro de autom\u00f3vil, es fundamental que leas detenidamente las condiciones y la cobertura. Sin embargo, aunque te tomes tiempo para analizar los detalles, es posible que no recuerdes todas las cl\u00e1usulas de tu p\u00f3liza. El seguro es una de esas cosas que no est\u00e1n en lo m\u00e1s alto de tu mente&#8230; hasta que lo necesitas.<\/p>\n<p>Los <a href=\"\/\/dlslawfirm.com\/lesiones-personales\/accidentes-de-coche\/\">abogados<\/a> expertos en <a href=\"\/\/dlslawfirm.com\/lesiones-personales\/accidentes-de-coche\/\">lesiones por accidente de coche de Denver<\/a> del bufete <a href=\"\/\/dlslawfirm.com\/abogados\/\">de Dianne L. Sawaya LLC<\/a> pueden ayudarte a ti y a tus seres queridos a entender tu p\u00f3liza de seguros despu\u00e9s de un accidente. A menudo, el lenguaje de una p\u00f3liza es desconocido y poco claro. La ayuda de un <a href=\"\/\/dlslawfirm.com\/abogados\/\">abogado<\/a> puede aportar claridad a este confuso proceso, ayud\u00e1ndote a decidir qu\u00e9 pasos dar a continuaci\u00f3n.<\/p>\n<p>Para ayudarte a comprender algunos de los aspectos clave de una p\u00f3liza de seguro de autom\u00f3vil, hemos reunido una lista de t\u00e9rminos que debes entender. Para ayudarte a explicarlo, hemos tomado prestados algunos ejemplos de p\u00f3lizas nacionales de seguro de autom\u00f3vil.<\/p>\n<ul>\n<li><strong>Declaraciones de la p\u00f3liza:<\/strong> La primera p\u00e1gina de tu p\u00f3liza de seguro de autom\u00f3vil suele ser la p\u00e1gina de declaraciones. Esta parte de la p\u00f3liza dice qui\u00e9n est\u00e1 asegurado, as\u00ed como el periodo de tiempo que cubre la p\u00f3liza. Tambi\u00e9n indica los l\u00edmites de cobertura.<\/li>\n<\/ul>\n<ul>\n<li><strong>Definiciones:<\/strong> Esta es una de las secciones m\u00e1s \u00fatiles de la p\u00f3liza; te da las definiciones de las palabras y frases que ver\u00e1s en la p\u00f3liza, muchas de las cuales pueden resultarte desconocidas. Normalmente, las palabras de tu p\u00f3liza que aparecen en negrita se encuentran en la secci\u00f3n de definiciones.<\/li>\n<\/ul>\n<ul>\n<li><strong>Cobertura de la p\u00f3liza: <\/strong>Esta secci\u00f3n de tu p\u00f3liza describe el seguro espec\u00edfico proporcionado. Lo hace enumerando qu\u00e9 bienes est\u00e1n cubiertos y, a menudo, por qu\u00e9 riesgos. Por ejemplo, si tienes una camioneta, la p\u00f3liza puede cubrir la p\u00e9rdida f\u00edsica directa o los da\u00f1os a la camioneta. Esta secci\u00f3n tambi\u00e9n puede proporcionar cobertura de responsabilidad civil.<\/li>\n<\/ul>\n<ul>\n<li><strong>Exclusiones de la p\u00f3liza: <\/strong>Esta secci\u00f3n de tu p\u00f3liza de seguro describe qu\u00e9 l\u00edmites existen, o c\u00f3mo puede eliminarse la cobertura si el siniestro se produce de una determinada manera. Por ejemplo, los sucesos catastr\u00f3ficos (explosiones nucleares, guerra) pueden no estar cubiertos y, en algunos casos, la responsabilidad derivada de que un veh\u00edculo se utilice para un trabajo, como el reparto de pizzas. Es posible que puedas recomprar esta cobertura por primas adicionales.<strong> <\/strong><\/li>\n<\/ul>\n<ul>\n<li><strong>L\u00edmites y L\u00edmites Especiales: <\/strong>Este es el apartado que m\u00e1s afectar\u00e1 a tu bolsillo. Aqu\u00ed puedes ver cu\u00e1nto paga la aseguradora por determinados siniestros o tipos de bienes. Por tanto, aunque tu veh\u00edculo est\u00e9 cubierto, podr\u00eda estarlo por un importe concreto o por un porcentaje limitado de todo el siniestro.<\/li>\n<\/ul>\n<ul>\n<li><strong>Las condiciones: <\/strong>\u00bfQuieres cancelar tu p\u00f3liza? \u00bfNo tienes claro el plan de pago? Esta secci\u00f3n te indica cu\u00e1les son tus responsabilidades como asegurado, as\u00ed como cu\u00e1les son las responsabilidades de la aseguradora contigo.<\/li>\n<\/ul>\n<ul>\n<li><strong>Deberes y siniestro:<\/strong> Despu\u00e9s de sufrir un <a href=\"\/\/dlslawfirm.com\/lesiones-personales\/accidentes-de-coche\/\">accidente<\/a>, comprueba este apartado de tu p\u00f3liza. Esencialmente, describe lo que tienes que hacer despu\u00e9s de que se produzca una p\u00e9rdida. Esto incluye cosas como avisar a tu aseguradora tan pronto como sea posible, contactar con la polic\u00eda, etc.<strong> <\/strong><\/li>\n<\/ul>\n<ul>\n<li><strong>Endosos:<\/strong> Si vas a a\u00f1adir coberturas adicionales a la cobertura de tu p\u00f3liza, mira aqu\u00ed para encontrarlas. Los endosos modifican tu p\u00f3liza de seguro de autom\u00f3vil para que se adapte mejor a tus necesidades. La compa\u00f1\u00eda de seguros tambi\u00e9n puede a\u00f1adir lo que se llaman &#8220;endosos modificativos&#8221; para ayudar a aclarar t\u00e9rminos y lenguaje.<\/li>\n<\/ul>\n<p><a class=\"button\" href=\"\/\/dlslawfirm.com\/colorado-car-accident-guide\/auto-accident-infographic\/guide-working-insurance-companies\/\">Lee nuestra Gu\u00eda: Trabajar con compa\u00f1\u00edas de seguros<\/a><br \/>\nComo puedes ver, tu p\u00f3liza de seguro puede ser dif\u00edcil de entender completamente sin un estudio cuidadoso. Si te has lesionado en un accidente, acude a un abogado experto en lesiones de Denver para que te ayude.<\/p>\n<p>Ponte en <a href=\"\/\/dlslawfirm.com\/contacto-nos\/\">contacto<\/a> hoy mismo con los abogados expertos en accidentes de tr\u00e1fico del bufete de Dianne L. Sawaya LLC. <a href=\"\/\/dlslawfirm.com\/abogados\/\">Nuestro equipo<\/a> puede ayudarte a desglosar tu cobertura, explicarte tus opciones legales y tratar con la compa\u00f1\u00eda de seguros en tu nombre.<\/p>\n<p>Despu\u00e9s de una lesi\u00f3n, debes centrarte en curarte; d\u00e9janos que nos comuniquemos con la compa\u00f1\u00eda de seguros.  <a href=\"\/\/dlslawfirm.com\/contacto-nos\/\">Ll\u00e1manos hoy mismo.<\/a><\/p>\n","protected":false},"excerpt":{"rendered":"<p>\u00bfMe cubre mi p\u00f3liza de seguro? Tras un accidente de tr\u00e1fico, pueden surgirte muchas preguntas a ti o a tus seres queridos. Muchos de ellos, por lo que nuestros abogados han visto a lo largo de los a\u00f1os de servicio a la comunidad de Denver, est\u00e1n relacionados con los seguros. Cuando contratas una p\u00f3liza de&#8230;<\/p>\n","protected":false},"author":2,"featured_media":0,"parent":6986,"menu_order":122,"comment_status":"open","ping_status":"open","template":"","meta":{"_acf_changed":false,"footnotes":""},"tags":[],"class_list":["post-6979","page","type-page","status-publish","hentry"],"acf":[],"yoast_head":"<!-- This site is optimized with the Yoast SEO plugin v27.4 - https:\/\/yoast.com\/product\/yoast-seo-wordpress\/ -->\n<title>\u00bfMe cubre mi p\u00f3liza de seguro? | Gu\u00eda de accidentes de tr\u00e1fico<\/title>\n<meta name=\"description\" content=\"Law Offices of Dianne Sawaya, LLC responde a tus preguntas sobre accidentes de coche en esta gu\u00eda detallada. El bufete de Denver, CO, se compromete a defender a sus clientes.\" \/>\n<meta name=\"robots\" content=\"index, follow, max-snippet:-1, max-image-preview:large, max-video-preview:-1\" \/>\n<link rel=\"canonical\" href=\"https:\/\/dlslawfirm.com\/es\/guia-de-accidentes-de-trafico-en-colorado-4\/guia-de-accidentes-de-trafico-en-colorado-2\/\" \/>\n<meta property=\"og:locale\" content=\"es_MX\" \/>\n<meta property=\"og:type\" content=\"article\" \/>\n<meta property=\"og:title\" content=\"\u00bfMe cubre mi p\u00f3liza de seguro? | Gu\u00eda de accidentes de tr\u00e1fico\" \/>\n<meta property=\"og:description\" content=\"Law Offices of Dianne Sawaya, LLC responde a tus preguntas sobre accidentes de coche en esta gu\u00eda detallada. El bufete de Denver, CO, se compromete a defender a sus clientes.\" \/>\n<meta property=\"og:url\" content=\"https:\/\/dlslawfirm.com\/es\/guia-de-accidentes-de-trafico-en-colorado-4\/guia-de-accidentes-de-trafico-en-colorado-2\/\" \/>\n<meta property=\"og:site_name\" content=\"Law Offices of Dianne Sawaya LLC- En Espanol\" \/>\n<meta property=\"og:image\" content=\"https:\/\/dlslawfirm.com\/es\/wp-content\/uploads\/sites\/2\/2015\/07\/Wrecked-car-e1454094102163.jpg\" \/>\n<meta name=\"twitter:card\" content=\"summary_large_image\" \/>\n<meta name=\"twitter:label1\" content=\"Est. reading time\" \/>\n\t<meta name=\"twitter:data1\" content=\"4 minutos\" \/>\n<script type=\"application\/ld+json\" class=\"yoast-schema-graph\">{\"@context\":\"https:\\\/\\\/schema.org\",\"@graph\":[{\"@type\":\"WebPage\",\"@id\":\"https:\\\/\\\/dlslawfirm.com\\\/es\\\/guia-de-accidentes-de-trafico-en-colorado-4\\\/guia-de-accidentes-de-trafico-en-colorado-2\\\/\",\"url\":\"https:\\\/\\\/dlslawfirm.com\\\/es\\\/guia-de-accidentes-de-trafico-en-colorado-4\\\/guia-de-accidentes-de-trafico-en-colorado-2\\\/\",\"name\":\"\u00bfMe cubre mi p\u00f3liza de seguro? | Gu\u00eda de accidentes de tr\u00e1fico\",\"isPartOf\":{\"@id\":\"https:\\\/\\\/dlslawfirm.com\\\/es\\\/#website\"},\"primaryImageOfPage\":{\"@id\":\"https:\\\/\\\/dlslawfirm.com\\\/es\\\/guia-de-accidentes-de-trafico-en-colorado-4\\\/guia-de-accidentes-de-trafico-en-colorado-2\\\/#primaryimage\"},\"image\":{\"@id\":\"https:\\\/\\\/dlslawfirm.com\\\/es\\\/guia-de-accidentes-de-trafico-en-colorado-4\\\/guia-de-accidentes-de-trafico-en-colorado-2\\\/#primaryimage\"},\"thumbnailUrl\":\"https:\\\/\\\/dlslawfirm.com\\\/es\\\/wp-content\\\/uploads\\\/sites\\\/2\\\/2015\\\/07\\\/Wrecked-car-e1454094102163.jpg\",\"datePublished\":\"2015-07-29T14:27:15+00:00\",\"description\":\"Law Offices of Dianne Sawaya, LLC responde a tus preguntas sobre accidentes de coche en esta gu\u00eda detallada. El bufete de Denver, CO, se compromete a defender a sus clientes.\",\"breadcrumb\":{\"@id\":\"https:\\\/\\\/dlslawfirm.com\\\/es\\\/guia-de-accidentes-de-trafico-en-colorado-4\\\/guia-de-accidentes-de-trafico-en-colorado-2\\\/#breadcrumb\"},\"inLanguage\":\"es\",\"potentialAction\":[{\"@type\":\"ReadAction\",\"target\":[\"https:\\\/\\\/dlslawfirm.com\\\/es\\\/guia-de-accidentes-de-trafico-en-colorado-4\\\/guia-de-accidentes-de-trafico-en-colorado-2\\\/\"]}]},{\"@type\":\"ImageObject\",\"inLanguage\":\"es\",\"@id\":\"https:\\\/\\\/dlslawfirm.com\\\/es\\\/guia-de-accidentes-de-trafico-en-colorado-4\\\/guia-de-accidentes-de-trafico-en-colorado-2\\\/#primaryimage\",\"url\":\"https:\\\/\\\/dlslawfirm.com\\\/es\\\/wp-content\\\/uploads\\\/sites\\\/2\\\/2015\\\/07\\\/Wrecked-car-e1454094102163.jpg\",\"contentUrl\":\"https:\\\/\\\/dlslawfirm.com\\\/es\\\/wp-content\\\/uploads\\\/sites\\\/2\\\/2015\\\/07\\\/Wrecked-car-e1454094102163.jpg\",\"width\":426,\"height\":231},{\"@type\":\"BreadcrumbList\",\"@id\":\"https:\\\/\\\/dlslawfirm.com\\\/es\\\/guia-de-accidentes-de-trafico-en-colorado-4\\\/guia-de-accidentes-de-trafico-en-colorado-2\\\/#breadcrumb\",\"itemListElement\":[{\"@type\":\"ListItem\",\"position\":1,\"name\":\"Home\",\"item\":\"https:\\\/\\\/dlslawfirm.com\\\/es\\\/\"},{\"@type\":\"ListItem\",\"position\":2,\"name\":\"Gu\u00eda de accidentes de tr\u00e1fico en Colorado\",\"item\":\"https:\\\/\\\/dlslawfirm.com\\\/es\\\/guia-de-accidentes-de-trafico-en-colorado-4\\\/\"},{\"@type\":\"ListItem\",\"position\":3,\"name\":\"Gu\u00eda de accidentes de tr\u00e1fico en Colorado\"}]},{\"@type\":\"WebSite\",\"@id\":\"https:\\\/\\\/dlslawfirm.com\\\/es\\\/#website\",\"url\":\"https:\\\/\\\/dlslawfirm.com\\\/es\\\/\",\"name\":\"Law Offices of Dianne Sawaya LLC- En Espanol\",\"description\":\"\",\"potentialAction\":[{\"@type\":\"SearchAction\",\"target\":{\"@type\":\"EntryPoint\",\"urlTemplate\":\"https:\\\/\\\/dlslawfirm.com\\\/es\\\/?s={search_term_string}\"},\"query-input\":{\"@type\":\"PropertyValueSpecification\",\"valueRequired\":true,\"valueName\":\"search_term_string\"}}],\"inLanguage\":\"es\"}]}<\/script>\n<!-- \/ Yoast SEO plugin. -->","yoast_head_json":{"title":"\u00bfMe cubre mi p\u00f3liza de seguro? | Gu\u00eda de accidentes de tr\u00e1fico","description":"Law Offices of Dianne Sawaya, LLC responde a tus preguntas sobre accidentes de coche en esta gu\u00eda detallada. El bufete de Denver, CO, se compromete a defender a sus clientes.","robots":{"index":"index","follow":"follow","max-snippet":"max-snippet:-1","max-image-preview":"max-image-preview:large","max-video-preview":"max-video-preview:-1"},"canonical":"https:\/\/dlslawfirm.com\/es\/guia-de-accidentes-de-trafico-en-colorado-4\/guia-de-accidentes-de-trafico-en-colorado-2\/","og_locale":"es_MX","og_type":"article","og_title":"\u00bfMe cubre mi p\u00f3liza de seguro? | Gu\u00eda de accidentes de tr\u00e1fico","og_description":"Law Offices of Dianne Sawaya, LLC responde a tus preguntas sobre accidentes de coche en esta gu\u00eda detallada. El bufete de Denver, CO, se compromete a defender a sus clientes.","og_url":"https:\/\/dlslawfirm.com\/es\/guia-de-accidentes-de-trafico-en-colorado-4\/guia-de-accidentes-de-trafico-en-colorado-2\/","og_site_name":"Law Offices of Dianne Sawaya LLC- En Espanol","og_image":[{"url":"https:\/\/dlslawfirm.com\/es\/wp-content\/uploads\/sites\/2\/2015\/07\/Wrecked-car-e1454094102163.jpg","type":"","width":"","height":""}],"twitter_card":"summary_large_image","twitter_misc":{"Est. reading time":"4 minutos"},"schema":{"@context":"https:\/\/schema.org","@graph":[{"@type":"WebPage","@id":"https:\/\/dlslawfirm.com\/es\/guia-de-accidentes-de-trafico-en-colorado-4\/guia-de-accidentes-de-trafico-en-colorado-2\/","url":"https:\/\/dlslawfirm.com\/es\/guia-de-accidentes-de-trafico-en-colorado-4\/guia-de-accidentes-de-trafico-en-colorado-2\/","name":"\u00bfMe cubre mi p\u00f3liza de seguro? | Gu\u00eda de accidentes de tr\u00e1fico","isPartOf":{"@id":"https:\/\/dlslawfirm.com\/es\/#website"},"primaryImageOfPage":{"@id":"https:\/\/dlslawfirm.com\/es\/guia-de-accidentes-de-trafico-en-colorado-4\/guia-de-accidentes-de-trafico-en-colorado-2\/#primaryimage"},"image":{"@id":"https:\/\/dlslawfirm.com\/es\/guia-de-accidentes-de-trafico-en-colorado-4\/guia-de-accidentes-de-trafico-en-colorado-2\/#primaryimage"},"thumbnailUrl":"https:\/\/dlslawfirm.com\/es\/wp-content\/uploads\/sites\/2\/2015\/07\/Wrecked-car-e1454094102163.jpg","datePublished":"2015-07-29T14:27:15+00:00","description":"Law Offices of Dianne Sawaya, LLC responde a tus preguntas sobre accidentes de coche en esta gu\u00eda detallada. El bufete de Denver, CO, se compromete a defender a sus clientes.","breadcrumb":{"@id":"https:\/\/dlslawfirm.com\/es\/guia-de-accidentes-de-trafico-en-colorado-4\/guia-de-accidentes-de-trafico-en-colorado-2\/#breadcrumb"},"inLanguage":"es","potentialAction":[{"@type":"ReadAction","target":["https:\/\/dlslawfirm.com\/es\/guia-de-accidentes-de-trafico-en-colorado-4\/guia-de-accidentes-de-trafico-en-colorado-2\/"]}]},{"@type":"ImageObject","inLanguage":"es","@id":"https:\/\/dlslawfirm.com\/es\/guia-de-accidentes-de-trafico-en-colorado-4\/guia-de-accidentes-de-trafico-en-colorado-2\/#primaryimage","url":"https:\/\/dlslawfirm.com\/es\/wp-content\/uploads\/sites\/2\/2015\/07\/Wrecked-car-e1454094102163.jpg","contentUrl":"https:\/\/dlslawfirm.com\/es\/wp-content\/uploads\/sites\/2\/2015\/07\/Wrecked-car-e1454094102163.jpg","width":426,"height":231},{"@type":"BreadcrumbList","@id":"https:\/\/dlslawfirm.com\/es\/guia-de-accidentes-de-trafico-en-colorado-4\/guia-de-accidentes-de-trafico-en-colorado-2\/#breadcrumb","itemListElement":[{"@type":"ListItem","position":1,"name":"Home","item":"https:\/\/dlslawfirm.com\/es\/"},{"@type":"ListItem","position":2,"name":"Gu\u00eda de accidentes de tr\u00e1fico en Colorado","item":"https:\/\/dlslawfirm.com\/es\/guia-de-accidentes-de-trafico-en-colorado-4\/"},{"@type":"ListItem","position":3,"name":"Gu\u00eda de accidentes de tr\u00e1fico en Colorado"}]},{"@type":"WebSite","@id":"https:\/\/dlslawfirm.com\/es\/#website","url":"https:\/\/dlslawfirm.com\/es\/","name":"Law Offices of Dianne Sawaya LLC- En Espanol","description":"","potentialAction":[{"@type":"SearchAction","target":{"@type":"EntryPoint","urlTemplate":"https:\/\/dlslawfirm.com\/es\/?s={search_term_string}"},"query-input":{"@type":"PropertyValueSpecification","valueRequired":true,"valueName":"search_term_string"}}],"inLanguage":"es"}]}},"_links":{"self":[{"href":"https:\/\/dlslawfirm.com\/es\/wp-json\/wp\/v2\/pages\/6979","targetHints":{"allow":["GET"]}}],"collection":[{"href":"https:\/\/dlslawfirm.com\/es\/wp-json\/wp\/v2\/pages"}],"about":[{"href":"https:\/\/dlslawfirm.com\/es\/wp-json\/wp\/v2\/types\/page"}],"author":[{"embeddable":true,"href":"https:\/\/dlslawfirm.com\/es\/wp-json\/wp\/v2\/users\/2"}],"replies":[{"embeddable":true,"href":"https:\/\/dlslawfirm.com\/es\/wp-json\/wp\/v2\/comments?post=6979"}],"version-history":[{"count":0,"href":"https:\/\/dlslawfirm.com\/es\/wp-json\/wp\/v2\/pages\/6979\/revisions"}],"up":[{"embeddable":true,"href":"https:\/\/dlslawfirm.com\/es\/wp-json\/wp\/v2\/pages\/6986"}],"wp:attachment":[{"href":"https:\/\/dlslawfirm.com\/es\/wp-json\/wp\/v2\/media?parent=6979"}],"wp:term":[{"taxonomy":"post_tag","embeddable":true,"href":"https:\/\/dlslawfirm.com\/es\/wp-json\/wp\/v2\/tags?post=6979"}],"curies":[{"name":"wp","href":"https:\/\/api.w.org\/{rel}","templated":true}]}}