{"id":6977,"date":"2015-07-22T15:17:43","date_gmt":"2015-07-22T15:17:43","guid":{"rendered":"https:\/\/dlslawfirm.com\/y-si-el-otro-conductor-no-tiene-seguro\/"},"modified":"2015-07-22T15:17:43","modified_gmt":"2015-07-22T15:17:43","slug":"y-si-el-otro-conductor-no-tiene-seguro","status":"publish","type":"page","link":"https:\/\/dlslawfirm.com\/es\/preguntas-frecuentes\/y-si-el-otro-conductor-no-tiene-seguro\/","title":{"rendered":"\u00bfY si el otro conductor no tiene seguro?"},"content":{"rendered":"<p>Si te ha lesionado un motorista sin seguro o con seguro insuficiente, ll\u00e1manos inmediatamente al Bufete de Dianne Sawaya. Se trata de un \u00e1rea complicada de la ley de lesiones personales de Colorado. Si tienes cobertura de motorista sin seguro o con seguro insuficiente en tu p\u00f3liza de autom\u00f3vil, puede que pague tus lesiones. Somos expertos en conseguirte la mayor indemnizaci\u00f3n posible en estos casos. Y \u00e9sta es nuestra recomendaci\u00f3n: Ten siempre cobertura de motorista sin seguro o con seguro insuficiente en tu p\u00f3liza. Cuando contratas una p\u00f3liza de seguro de autom\u00f3vil, la ley de Colorado exige que la compa\u00f1\u00eda de seguros te ofrezca al menos 25.000 $ de cobertura de no asegurado\/subasegurado como parte de cualquier p\u00f3liza de seguro de autom\u00f3vil. Puedes rechazar la cobertura firmando un formulario. Pero \u00a1no renuncies a la cobertura de no asegurado\/subasegurado! S\u00ed, cuesta un poco m\u00e1s, pero no puedes permitirte estar sin \u00e9l.<\/p>\n<p>&nbsp;<\/p>\n","protected":false},"excerpt":{"rendered":"<p>Si te ha lesionado un motorista sin seguro o con seguro insuficiente, ll\u00e1manos inmediatamente al Bufete de Dianne Sawaya. Se trata de un \u00e1rea complicada de la ley de lesiones personales de Colorado. Si tienes cobertura de motorista sin seguro o con seguro insuficiente en tu p\u00f3liza de autom\u00f3vil, puede que pague tus lesiones. Somos&#8230;<\/p>\n","protected":false},"author":2,"featured_media":0,"parent":7013,"menu_order":146,"comment_status":"open","ping_status":"open","template":"","meta":{"_acf_changed":false,"footnotes":""},"tags":[],"class_list":["post-6977","page","type-page","status-publish","hentry"],"acf":[],"yoast_head":"<!-- This site is optimized with the Yoast SEO plugin v27.4 - https:\/\/yoast.com\/product\/yoast-seo-wordpress\/ -->\n<title>El otro conductor no tiene seguro | Preguntas frecuentes sobre accidentes de tr\u00e1fico<\/title>\n<meta name=\"description\" content=\"Si has tenido un accidente en Denver, CO y el otro conductor no tiene seguro, Law Offices of Dianne Sawaya, LLC puede ayudarte a dar el siguiente paso.\" \/>\n<meta name=\"robots\" content=\"noindex, nofollow\" \/>\n<meta property=\"og:locale\" content=\"es_MX\" \/>\n<meta property=\"og:type\" content=\"article\" \/>\n<meta property=\"og:title\" content=\"El otro conductor no tiene seguro | Preguntas frecuentes sobre accidentes de tr\u00e1fico\" \/>\n<meta property=\"og:description\" content=\"Si has tenido un accidente en Denver, CO y el otro conductor no tiene seguro, Law Offices of Dianne Sawaya, LLC puede ayudarte a dar el siguiente paso.\" \/>\n<meta property=\"og:url\" content=\"https:\/\/dlslawfirm.com\/es\/preguntas-frecuentes\/y-si-el-otro-conductor-no-tiene-seguro\/\" \/>\n<meta property=\"og:site_name\" content=\"Law Offices of Dianne Sawaya LLC- En Espanol\" \/>\n<meta name=\"twitter:card\" content=\"summary_large_image\" \/>\n<meta name=\"twitter:label1\" content=\"Est. reading time\" \/>\n\t<meta name=\"twitter:data1\" content=\"1 minuto\" \/>\n<script type=\"application\/ld+json\" class=\"yoast-schema-graph\">{\"@context\":\"https:\\\/\\\/schema.org\",\"@graph\":[{\"@type\":\"WebPage\",\"@id\":\"https:\\\/\\\/dlslawfirm.com\\\/es\\\/preguntas-frecuentes\\\/y-si-el-otro-conductor-no-tiene-seguro\\\/\",\"url\":\"https:\\\/\\\/dlslawfirm.com\\\/es\\\/preguntas-frecuentes\\\/y-si-el-otro-conductor-no-tiene-seguro\\\/\",\"name\":\"El otro conductor no tiene seguro | Preguntas frecuentes sobre accidentes de tr\u00e1fico\",\"isPartOf\":{\"@id\":\"https:\\\/\\\/dlslawfirm.com\\\/es\\\/#website\"},\"datePublished\":\"2015-07-22T15:17:43+00:00\",\"description\":\"Si has tenido un accidente en Denver, CO y el otro conductor no tiene seguro, Law Offices of Dianne Sawaya, LLC puede ayudarte a dar el siguiente paso.\",\"breadcrumb\":{\"@id\":\"https:\\\/\\\/dlslawfirm.com\\\/es\\\/preguntas-frecuentes\\\/y-si-el-otro-conductor-no-tiene-seguro\\\/#breadcrumb\"},\"inLanguage\":\"es\",\"potentialAction\":[{\"@type\":\"ReadAction\",\"target\":[\"https:\\\/\\\/dlslawfirm.com\\\/es\\\/preguntas-frecuentes\\\/y-si-el-otro-conductor-no-tiene-seguro\\\/\"]}]},{\"@type\":\"BreadcrumbList\",\"@id\":\"https:\\\/\\\/dlslawfirm.com\\\/es\\\/preguntas-frecuentes\\\/y-si-el-otro-conductor-no-tiene-seguro\\\/#breadcrumb\",\"itemListElement\":[{\"@type\":\"ListItem\",\"position\":1,\"name\":\"Home\",\"item\":\"https:\\\/\\\/dlslawfirm.com\\\/es\\\/\"},{\"@type\":\"ListItem\",\"position\":2,\"name\":\"PREGUNTAS FRECUENTES\",\"item\":\"https:\\\/\\\/dlslawfirm.com\\\/es\\\/preguntas-frecuentes\\\/\"},{\"@type\":\"ListItem\",\"position\":3,\"name\":\"\u00bfY si el otro conductor no tiene seguro?\"}]},{\"@type\":\"WebSite\",\"@id\":\"https:\\\/\\\/dlslawfirm.com\\\/es\\\/#website\",\"url\":\"https:\\\/\\\/dlslawfirm.com\\\/es\\\/\",\"name\":\"Law Offices of Dianne Sawaya LLC- En Espanol\",\"description\":\"\",\"potentialAction\":[{\"@type\":\"SearchAction\",\"target\":{\"@type\":\"EntryPoint\",\"urlTemplate\":\"https:\\\/\\\/dlslawfirm.com\\\/es\\\/?s={search_term_string}\"},\"query-input\":{\"@type\":\"PropertyValueSpecification\",\"valueRequired\":true,\"valueName\":\"search_term_string\"}}],\"inLanguage\":\"es\"}]}<\/script>\n<!-- \/ Yoast SEO plugin. -->","yoast_head_json":{"title":"El otro conductor no tiene seguro | Preguntas frecuentes sobre accidentes de tr\u00e1fico","description":"Si has tenido un accidente en Denver, CO y el otro conductor no tiene seguro, Law Offices of Dianne Sawaya, LLC puede ayudarte a dar el siguiente paso.","robots":{"index":"noindex","follow":"nofollow"},"og_locale":"es_MX","og_type":"article","og_title":"El otro conductor no tiene seguro | Preguntas frecuentes sobre accidentes de tr\u00e1fico","og_description":"Si has tenido un accidente en Denver, CO y el otro conductor no tiene seguro, Law Offices of Dianne Sawaya, LLC puede ayudarte a dar el siguiente paso.","og_url":"https:\/\/dlslawfirm.com\/es\/preguntas-frecuentes\/y-si-el-otro-conductor-no-tiene-seguro\/","og_site_name":"Law Offices of Dianne Sawaya LLC- En Espanol","twitter_card":"summary_large_image","twitter_misc":{"Est. reading time":"1 minuto"},"schema":{"@context":"https:\/\/schema.org","@graph":[{"@type":"WebPage","@id":"https:\/\/dlslawfirm.com\/es\/preguntas-frecuentes\/y-si-el-otro-conductor-no-tiene-seguro\/","url":"https:\/\/dlslawfirm.com\/es\/preguntas-frecuentes\/y-si-el-otro-conductor-no-tiene-seguro\/","name":"El otro conductor no tiene seguro | Preguntas frecuentes sobre accidentes de tr\u00e1fico","isPartOf":{"@id":"https:\/\/dlslawfirm.com\/es\/#website"},"datePublished":"2015-07-22T15:17:43+00:00","description":"Si has tenido un accidente en Denver, CO y el otro conductor no tiene seguro, Law Offices of Dianne Sawaya, LLC puede ayudarte a dar el siguiente paso.","breadcrumb":{"@id":"https:\/\/dlslawfirm.com\/es\/preguntas-frecuentes\/y-si-el-otro-conductor-no-tiene-seguro\/#breadcrumb"},"inLanguage":"es","potentialAction":[{"@type":"ReadAction","target":["https:\/\/dlslawfirm.com\/es\/preguntas-frecuentes\/y-si-el-otro-conductor-no-tiene-seguro\/"]}]},{"@type":"BreadcrumbList","@id":"https:\/\/dlslawfirm.com\/es\/preguntas-frecuentes\/y-si-el-otro-conductor-no-tiene-seguro\/#breadcrumb","itemListElement":[{"@type":"ListItem","position":1,"name":"Home","item":"https:\/\/dlslawfirm.com\/es\/"},{"@type":"ListItem","position":2,"name":"PREGUNTAS FRECUENTES","item":"https:\/\/dlslawfirm.com\/es\/preguntas-frecuentes\/"},{"@type":"ListItem","position":3,"name":"\u00bfY si el otro conductor no tiene seguro?"}]},{"@type":"WebSite","@id":"https:\/\/dlslawfirm.com\/es\/#website","url":"https:\/\/dlslawfirm.com\/es\/","name":"Law Offices of Dianne Sawaya LLC- En Espanol","description":"","potentialAction":[{"@type":"SearchAction","target":{"@type":"EntryPoint","urlTemplate":"https:\/\/dlslawfirm.com\/es\/?s={search_term_string}"},"query-input":{"@type":"PropertyValueSpecification","valueRequired":true,"valueName":"search_term_string"}}],"inLanguage":"es"}]}},"_links":{"self":[{"href":"https:\/\/dlslawfirm.com\/es\/wp-json\/wp\/v2\/pages\/6977","targetHints":{"allow":["GET"]}}],"collection":[{"href":"https:\/\/dlslawfirm.com\/es\/wp-json\/wp\/v2\/pages"}],"about":[{"href":"https:\/\/dlslawfirm.com\/es\/wp-json\/wp\/v2\/types\/page"}],"author":[{"embeddable":true,"href":"https:\/\/dlslawfirm.com\/es\/wp-json\/wp\/v2\/users\/2"}],"replies":[{"embeddable":true,"href":"https:\/\/dlslawfirm.com\/es\/wp-json\/wp\/v2\/comments?post=6977"}],"version-history":[{"count":0,"href":"https:\/\/dlslawfirm.com\/es\/wp-json\/wp\/v2\/pages\/6977\/revisions"}],"up":[{"embeddable":true,"href":"https:\/\/dlslawfirm.com\/es\/wp-json\/wp\/v2\/pages\/7013"}],"wp:attachment":[{"href":"https:\/\/dlslawfirm.com\/es\/wp-json\/wp\/v2\/media?parent=6977"}],"wp:term":[{"taxonomy":"post_tag","embeddable":true,"href":"https:\/\/dlslawfirm.com\/es\/wp-json\/wp\/v2\/tags?post=6977"}],"curies":[{"name":"wp","href":"https:\/\/api.w.org\/{rel}","templated":true}]}}