{"id":6976,"date":"2015-07-22T16:38:01","date_gmt":"2015-07-22T16:38:01","guid":{"rendered":"https:\/\/dlslawfirm.com\/tendre-que-ir-a-juicio\/"},"modified":"2015-07-22T16:38:01","modified_gmt":"2015-07-22T16:38:01","slug":"tendre-que-ir-a-juicio","status":"publish","type":"page","link":"https:\/\/dlslawfirm.com\/es\/preguntas-frecuentes\/tendre-que-ir-a-juicio\/","title":{"rendered":"\u00bfTendr\u00e9 que ir a juicio?"},"content":{"rendered":"<p>Los abogados de lesiones personales del bufete <a title=\"Abogado de accidentes de coche en Denver\" href=\"\/\">de Dianne Sawaya<\/a> tienen mucho \u00e9xito construyendo casos de accidentes de coche y lesiones de motocicleta en Denver. La inmensa mayor\u00eda de las veces, las compa\u00f1\u00edas de seguros ven la solidez de nuestros casos y est\u00e1n dispuestas a negociar un acuerdo justo por tus lesiones, dolor y sufrimiento. Sin embargo, las compa\u00f1\u00edas de seguros prefieren mantener los beneficios cobrando primas que pagando siniestros. Si la compa\u00f1\u00eda de seguros se niega a ceder ante una oferta que t\u00fa y tu abogado de lesiones consider\u00e1is poco razonable, presentar una demanda es una opci\u00f3n. Tu abogado te asesorar\u00e1, pero la decisi\u00f3n de ir a juicio depende exclusivamente de ti.<\/p>\n","protected":false},"excerpt":{"rendered":"<p>Los abogados de lesiones personales del bufete de Dianne Sawaya tienen mucho \u00e9xito construyendo casos de accidentes de coche y lesiones de motocicleta en Denver. La inmensa mayor\u00eda de las veces, las compa\u00f1\u00edas de seguros ven la solidez de nuestros casos y est\u00e1n dispuestas a negociar un acuerdo justo por tus lesiones, dolor y sufrimiento&#8230;.<\/p>\n","protected":false},"author":2,"featured_media":0,"parent":7013,"menu_order":130,"comment_status":"open","ping_status":"open","template":"","meta":{"_acf_changed":false,"footnotes":""},"tags":[],"class_list":["post-6976","page","type-page","status-publish","hentry"],"acf":[],"yoast_head":"<!-- This site is optimized with the Yoast SEO plugin v27.3 - https:\/\/yoast.com\/product\/yoast-seo-wordpress\/ -->\n<title>\u00bfTendr\u00e9 que ir a juicio? | Preguntas frecuentes sobre lesiones personales<\/title>\n<meta name=\"description\" content=\"Si te has lesionado en Denver, CO, es posible que tengas que ir a juicio. Law Offices of Dianne Sawaya, LLC puede responder a tus preguntas sobre tu caso.\" \/>\n<meta name=\"robots\" content=\"noindex, nofollow\" \/>\n<meta property=\"og:locale\" content=\"es_MX\" \/>\n<meta property=\"og:type\" content=\"article\" \/>\n<meta property=\"og:title\" content=\"\u00bfTendr\u00e9 que ir a juicio? | Preguntas frecuentes sobre lesiones personales\" \/>\n<meta property=\"og:description\" content=\"Si te has lesionado en Denver, CO, es posible que tengas que ir a juicio. Law Offices of Dianne Sawaya, LLC puede responder a tus preguntas sobre tu caso.\" \/>\n<meta property=\"og:url\" content=\"https:\/\/dlslawfirm.com\/es\/preguntas-frecuentes\/tendre-que-ir-a-juicio\/\" \/>\n<meta property=\"og:site_name\" content=\"Law Offices of Dianne Sawaya LLC- En Espanol\" \/>\n<meta name=\"twitter:card\" content=\"summary_large_image\" \/>\n<meta name=\"twitter:label1\" content=\"Est. reading time\" \/>\n\t<meta name=\"twitter:data1\" content=\"1 minuto\" \/>\n<script type=\"application\/ld+json\" class=\"yoast-schema-graph\">{\"@context\":\"https:\\\/\\\/schema.org\",\"@graph\":[{\"@type\":\"WebPage\",\"@id\":\"https:\\\/\\\/dlslawfirm.com\\\/es\\\/preguntas-frecuentes\\\/tendre-que-ir-a-juicio\\\/\",\"url\":\"https:\\\/\\\/dlslawfirm.com\\\/es\\\/preguntas-frecuentes\\\/tendre-que-ir-a-juicio\\\/\",\"name\":\"\u00bfTendr\u00e9 que ir a juicio? | Preguntas frecuentes sobre lesiones personales\",\"isPartOf\":{\"@id\":\"https:\\\/\\\/dlslawfirm.com\\\/es\\\/#website\"},\"datePublished\":\"2015-07-22T16:38:01+00:00\",\"description\":\"Si te has lesionado en Denver, CO, es posible que tengas que ir a juicio. Law Offices of Dianne Sawaya, LLC puede responder a tus preguntas sobre tu caso.\",\"breadcrumb\":{\"@id\":\"https:\\\/\\\/dlslawfirm.com\\\/es\\\/preguntas-frecuentes\\\/tendre-que-ir-a-juicio\\\/#breadcrumb\"},\"inLanguage\":\"es\",\"potentialAction\":[{\"@type\":\"ReadAction\",\"target\":[\"https:\\\/\\\/dlslawfirm.com\\\/es\\\/preguntas-frecuentes\\\/tendre-que-ir-a-juicio\\\/\"]}]},{\"@type\":\"BreadcrumbList\",\"@id\":\"https:\\\/\\\/dlslawfirm.com\\\/es\\\/preguntas-frecuentes\\\/tendre-que-ir-a-juicio\\\/#breadcrumb\",\"itemListElement\":[{\"@type\":\"ListItem\",\"position\":1,\"name\":\"Home\",\"item\":\"https:\\\/\\\/dlslawfirm.com\\\/es\\\/\"},{\"@type\":\"ListItem\",\"position\":2,\"name\":\"PREGUNTAS FRECUENTES\",\"item\":\"https:\\\/\\\/dlslawfirm.com\\\/es\\\/preguntas-frecuentes\\\/\"},{\"@type\":\"ListItem\",\"position\":3,\"name\":\"\u00bfTendr\u00e9 que ir a juicio?\"}]},{\"@type\":\"WebSite\",\"@id\":\"https:\\\/\\\/dlslawfirm.com\\\/es\\\/#website\",\"url\":\"https:\\\/\\\/dlslawfirm.com\\\/es\\\/\",\"name\":\"Law Offices of Dianne Sawaya LLC- En Espanol\",\"description\":\"\",\"potentialAction\":[{\"@type\":\"SearchAction\",\"target\":{\"@type\":\"EntryPoint\",\"urlTemplate\":\"https:\\\/\\\/dlslawfirm.com\\\/es\\\/?s={search_term_string}\"},\"query-input\":{\"@type\":\"PropertyValueSpecification\",\"valueRequired\":true,\"valueName\":\"search_term_string\"}}],\"inLanguage\":\"es\"}]}<\/script>\n<!-- \/ Yoast SEO plugin. -->","yoast_head_json":{"title":"\u00bfTendr\u00e9 que ir a juicio? | Preguntas frecuentes sobre lesiones personales","description":"Si te has lesionado en Denver, CO, es posible que tengas que ir a juicio. Law Offices of Dianne Sawaya, LLC puede responder a tus preguntas sobre tu caso.","robots":{"index":"noindex","follow":"nofollow"},"og_locale":"es_MX","og_type":"article","og_title":"\u00bfTendr\u00e9 que ir a juicio? | Preguntas frecuentes sobre lesiones personales","og_description":"Si te has lesionado en Denver, CO, es posible que tengas que ir a juicio. Law Offices of Dianne Sawaya, LLC puede responder a tus preguntas sobre tu caso.","og_url":"https:\/\/dlslawfirm.com\/es\/preguntas-frecuentes\/tendre-que-ir-a-juicio\/","og_site_name":"Law Offices of Dianne Sawaya LLC- En Espanol","twitter_card":"summary_large_image","twitter_misc":{"Est. reading time":"1 minuto"},"schema":{"@context":"https:\/\/schema.org","@graph":[{"@type":"WebPage","@id":"https:\/\/dlslawfirm.com\/es\/preguntas-frecuentes\/tendre-que-ir-a-juicio\/","url":"https:\/\/dlslawfirm.com\/es\/preguntas-frecuentes\/tendre-que-ir-a-juicio\/","name":"\u00bfTendr\u00e9 que ir a juicio? | Preguntas frecuentes sobre lesiones personales","isPartOf":{"@id":"https:\/\/dlslawfirm.com\/es\/#website"},"datePublished":"2015-07-22T16:38:01+00:00","description":"Si te has lesionado en Denver, CO, es posible que tengas que ir a juicio. Law Offices of Dianne Sawaya, LLC puede responder a tus preguntas sobre tu caso.","breadcrumb":{"@id":"https:\/\/dlslawfirm.com\/es\/preguntas-frecuentes\/tendre-que-ir-a-juicio\/#breadcrumb"},"inLanguage":"es","potentialAction":[{"@type":"ReadAction","target":["https:\/\/dlslawfirm.com\/es\/preguntas-frecuentes\/tendre-que-ir-a-juicio\/"]}]},{"@type":"BreadcrumbList","@id":"https:\/\/dlslawfirm.com\/es\/preguntas-frecuentes\/tendre-que-ir-a-juicio\/#breadcrumb","itemListElement":[{"@type":"ListItem","position":1,"name":"Home","item":"https:\/\/dlslawfirm.com\/es\/"},{"@type":"ListItem","position":2,"name":"PREGUNTAS FRECUENTES","item":"https:\/\/dlslawfirm.com\/es\/preguntas-frecuentes\/"},{"@type":"ListItem","position":3,"name":"\u00bfTendr\u00e9 que ir a juicio?"}]},{"@type":"WebSite","@id":"https:\/\/dlslawfirm.com\/es\/#website","url":"https:\/\/dlslawfirm.com\/es\/","name":"Law Offices of Dianne Sawaya LLC- En Espanol","description":"","potentialAction":[{"@type":"SearchAction","target":{"@type":"EntryPoint","urlTemplate":"https:\/\/dlslawfirm.com\/es\/?s={search_term_string}"},"query-input":{"@type":"PropertyValueSpecification","valueRequired":true,"valueName":"search_term_string"}}],"inLanguage":"es"}]}},"_links":{"self":[{"href":"https:\/\/dlslawfirm.com\/es\/wp-json\/wp\/v2\/pages\/6976","targetHints":{"allow":["GET"]}}],"collection":[{"href":"https:\/\/dlslawfirm.com\/es\/wp-json\/wp\/v2\/pages"}],"about":[{"href":"https:\/\/dlslawfirm.com\/es\/wp-json\/wp\/v2\/types\/page"}],"author":[{"embeddable":true,"href":"https:\/\/dlslawfirm.com\/es\/wp-json\/wp\/v2\/users\/2"}],"replies":[{"embeddable":true,"href":"https:\/\/dlslawfirm.com\/es\/wp-json\/wp\/v2\/comments?post=6976"}],"version-history":[{"count":0,"href":"https:\/\/dlslawfirm.com\/es\/wp-json\/wp\/v2\/pages\/6976\/revisions"}],"up":[{"embeddable":true,"href":"https:\/\/dlslawfirm.com\/es\/wp-json\/wp\/v2\/pages\/7013"}],"wp:attachment":[{"href":"https:\/\/dlslawfirm.com\/es\/wp-json\/wp\/v2\/media?parent=6976"}],"wp:term":[{"taxonomy":"post_tag","embeddable":true,"href":"https:\/\/dlslawfirm.com\/es\/wp-json\/wp\/v2\/tags?post=6976"}],"curies":[{"name":"wp","href":"https:\/\/api.w.org\/{rel}","templated":true}]}}