{"id":6974,"date":"2015-07-22T15:54:35","date_gmt":"2015-07-22T15:54:35","guid":{"rendered":"https:\/\/dlslawfirm.com\/que-debo-tener-en-cuenta-al-elegir-un-abogado-de-lesiones-personales\/"},"modified":"2015-07-22T15:54:35","modified_gmt":"2015-07-22T15:54:35","slug":"que-debo-tener-en-cuenta-al-elegir-un-abogado-de-lesiones-personales","status":"publish","type":"page","link":"https:\/\/dlslawfirm.com\/es\/preguntas-frecuentes\/que-debo-tener-en-cuenta-al-elegir-un-abogado-de-lesiones-personales\/","title":{"rendered":"\u00bfQu\u00e9 debo tener en cuenta al elegir un abogado de lesiones personales?"},"content":{"rendered":"<h2>Abogados de lesiones al servicio de Colorado<\/h2>\n<p>Elegir al abogado adecuado es un paso muy importante en el proceso. No s\u00f3lo es importante que el abogado que elijas para trabajar sea competente en su campo, sino tambi\u00e9n que pod\u00e1is entablar una relaci\u00f3n. Hay algunos pasos que puedes dar para asegurarte de que eliges al abogado adecuado.<\/p>\n<p>Comprueba las credenciales y los antecedentes del abogado. <a href=\"\/\/dlslawfirm.com\/abogados\/dianne-sawaya-abogada-principal-de-lesiones-personales\/\">Comprueba la experiencia<\/a> del abogado. Un abogado que lleva muchos a\u00f1os ejerciendo la abogac\u00eda de lesiones personales en Colorado, como Dianne Sawaya, conoce los entresijos de la ley y del sistema judicial, as\u00ed como a los peritos de seguros y a los abogados de las compa\u00f1\u00edas de seguros. Pide referencias a amigos, familiares o compa\u00f1eros de trabajo que hayan trabajado con abogados. Busca un abogado de lesiones personales que no se conforme con la primera oferta que le haga una compa\u00f1\u00eda de seguros. En The Law Offices of Dianne L. Sawaya LLC, negociamos agresivamente con una aseguradora hasta estar seguros de que tenemos su mejor oferta. Y como no todos los casos se resuelven, busca un abogado de lesiones personales con experiencia en los tribunales y que lleve los casos a juicio con \u00e9xito.<\/p>\n<p>Si has sufrido lesiones, debes asegurarte de que trabajas con el abogado y el equipo adecuados. No dudes en ponerte en contacto con The Law Offices of Dianne L. Sawaya LLC hoy mismo para empezar.<\/p>\n<p>Explora las preguntas relacionadas:<\/p>\n<ul>\n<li><a href=\"\/\/dlslawfirm.com\/faq\/debo-obtener-una-segunda-opinion\/\">\u00bfDeber\u00eda pedir una segunda opini\u00f3n?<\/a><\/li>\n<li><a href=\"\/\/dlslawfirm.com\/faq\/why-do-i-need-a-personal-injury-attorney\/\">\u00bfPor qu\u00e9 necesito un abogado de lesiones personales?<\/a><\/li>\n<li><a href=\"\/\/dlslawfirm.com\/resources\/faq-video-library\/do-i-really-need-an-attorney-can-i-do-this-alone\/\">\u00bfPuedo hacerlo solo?<\/a><\/li>\n<\/ul>\n","protected":false},"excerpt":{"rendered":"<p>Abogados de lesiones al servicio de Colorado Elegir al abogado adecuado es un paso muy importante en el proceso. No s\u00f3lo es importante que el abogado que elijas para trabajar sea competente en su campo, sino tambi\u00e9n que pod\u00e1is entablar una relaci\u00f3n. Hay algunos pasos que puedes dar para asegurarte de que eliges al abogado&#8230;<\/p>\n","protected":false},"author":2,"featured_media":7236,"parent":7013,"menu_order":141,"comment_status":"open","ping_status":"open","template":"","meta":{"_acf_changed":false,"footnotes":""},"tags":[],"class_list":["post-6974","page","type-page","status-publish","has-post-thumbnail","hentry"],"acf":[],"yoast_head":"<!-- This site is optimized with the Yoast SEO plugin v27.3 - https:\/\/yoast.com\/product\/yoast-seo-wordpress\/ -->\n<title>\u00bfQu\u00e9 debo tener en cuenta al elegir un abogado? | PREGUNTAS FRECUENTES<\/title>\n<meta name=\"description\" content=\"Cuando busques al abogado adecuado para trabajar en tu caso, debes tener en cuenta varios aspectos. Lee las recomendaciones de Law Offices of Dianne Sawaya.\" \/>\n<meta name=\"robots\" content=\"index, follow, max-snippet:-1, max-image-preview:large, max-video-preview:-1\" \/>\n<link rel=\"canonical\" href=\"https:\/\/dlslawfirm.com\/es\/preguntas-frecuentes\/que-debo-tener-en-cuenta-al-elegir-un-abogado-de-lesiones-personales\/\" \/>\n<meta property=\"og:locale\" content=\"es_MX\" \/>\n<meta property=\"og:type\" content=\"article\" \/>\n<meta property=\"og:title\" content=\"\u00bfQu\u00e9 debo tener en cuenta al elegir un abogado? | PREGUNTAS FRECUENTES\" \/>\n<meta property=\"og:description\" content=\"Cuando busques al abogado adecuado para trabajar en tu caso, debes tener en cuenta varios aspectos. Lee las recomendaciones de Law Offices of Dianne Sawaya.\" \/>\n<meta property=\"og:url\" content=\"https:\/\/dlslawfirm.com\/es\/preguntas-frecuentes\/que-debo-tener-en-cuenta-al-elegir-un-abogado-de-lesiones-personales\/\" \/>\n<meta property=\"og:site_name\" content=\"Law Offices of Dianne Sawaya LLC- En Espanol\" \/>\n<meta property=\"og:image\" content=\"https:\/\/dlslawfirm.com\/es\/wp-content\/uploads\/sites\/2\/2022\/06\/pexels-alexander-suhorucov-6457521.jpg\" \/>\n\t<meta property=\"og:image:width\" content=\"1600\" \/>\n\t<meta property=\"og:image:height\" content=\"732\" \/>\n\t<meta property=\"og:image:type\" content=\"image\/jpeg\" \/>\n<meta name=\"twitter:card\" content=\"summary_large_image\" \/>\n<meta name=\"twitter:label1\" content=\"Est. reading time\" \/>\n\t<meta name=\"twitter:data1\" content=\"1 minuto\" \/>\n<script type=\"application\/ld+json\" class=\"yoast-schema-graph\">{\"@context\":\"https:\\\/\\\/schema.org\",\"@graph\":[{\"@type\":\"WebPage\",\"@id\":\"https:\\\/\\\/dlslawfirm.com\\\/es\\\/preguntas-frecuentes\\\/que-debo-tener-en-cuenta-al-elegir-un-abogado-de-lesiones-personales\\\/\",\"url\":\"https:\\\/\\\/dlslawfirm.com\\\/es\\\/preguntas-frecuentes\\\/que-debo-tener-en-cuenta-al-elegir-un-abogado-de-lesiones-personales\\\/\",\"name\":\"\u00bfQu\u00e9 debo tener en cuenta al elegir un abogado? | PREGUNTAS FRECUENTES\",\"isPartOf\":{\"@id\":\"https:\\\/\\\/dlslawfirm.com\\\/es\\\/#website\"},\"primaryImageOfPage\":{\"@id\":\"https:\\\/\\\/dlslawfirm.com\\\/es\\\/preguntas-frecuentes\\\/que-debo-tener-en-cuenta-al-elegir-un-abogado-de-lesiones-personales\\\/#primaryimage\"},\"image\":{\"@id\":\"https:\\\/\\\/dlslawfirm.com\\\/es\\\/preguntas-frecuentes\\\/que-debo-tener-en-cuenta-al-elegir-un-abogado-de-lesiones-personales\\\/#primaryimage\"},\"thumbnailUrl\":\"https:\\\/\\\/dlslawfirm.com\\\/es\\\/wp-content\\\/uploads\\\/sites\\\/2\\\/2022\\\/06\\\/pexels-alexander-suhorucov-6457521.jpg\",\"datePublished\":\"2015-07-22T15:54:35+00:00\",\"description\":\"Cuando busques al abogado adecuado para trabajar en tu caso, debes tener en cuenta varios aspectos. Lee las recomendaciones de Law Offices of Dianne Sawaya.\",\"breadcrumb\":{\"@id\":\"https:\\\/\\\/dlslawfirm.com\\\/es\\\/preguntas-frecuentes\\\/que-debo-tener-en-cuenta-al-elegir-un-abogado-de-lesiones-personales\\\/#breadcrumb\"},\"inLanguage\":\"es\",\"potentialAction\":[{\"@type\":\"ReadAction\",\"target\":[\"https:\\\/\\\/dlslawfirm.com\\\/es\\\/preguntas-frecuentes\\\/que-debo-tener-en-cuenta-al-elegir-un-abogado-de-lesiones-personales\\\/\"]}]},{\"@type\":\"ImageObject\",\"inLanguage\":\"es\",\"@id\":\"https:\\\/\\\/dlslawfirm.com\\\/es\\\/preguntas-frecuentes\\\/que-debo-tener-en-cuenta-al-elegir-un-abogado-de-lesiones-personales\\\/#primaryimage\",\"url\":\"https:\\\/\\\/dlslawfirm.com\\\/es\\\/wp-content\\\/uploads\\\/sites\\\/2\\\/2022\\\/06\\\/pexels-alexander-suhorucov-6457521.jpg\",\"contentUrl\":\"https:\\\/\\\/dlslawfirm.com\\\/es\\\/wp-content\\\/uploads\\\/sites\\\/2\\\/2022\\\/06\\\/pexels-alexander-suhorucov-6457521.jpg\",\"width\":1600,\"height\":732,\"caption\":\"people looking over paperwork\"},{\"@type\":\"BreadcrumbList\",\"@id\":\"https:\\\/\\\/dlslawfirm.com\\\/es\\\/preguntas-frecuentes\\\/que-debo-tener-en-cuenta-al-elegir-un-abogado-de-lesiones-personales\\\/#breadcrumb\",\"itemListElement\":[{\"@type\":\"ListItem\",\"position\":1,\"name\":\"Home\",\"item\":\"https:\\\/\\\/dlslawfirm.com\\\/es\\\/\"},{\"@type\":\"ListItem\",\"position\":2,\"name\":\"PREGUNTAS FRECUENTES\",\"item\":\"https:\\\/\\\/dlslawfirm.com\\\/es\\\/preguntas-frecuentes\\\/\"},{\"@type\":\"ListItem\",\"position\":3,\"name\":\"\u00bfQu\u00e9 debo tener en cuenta al elegir un abogado de lesiones personales?\"}]},{\"@type\":\"WebSite\",\"@id\":\"https:\\\/\\\/dlslawfirm.com\\\/es\\\/#website\",\"url\":\"https:\\\/\\\/dlslawfirm.com\\\/es\\\/\",\"name\":\"Law Offices of Dianne Sawaya LLC- En Espanol\",\"description\":\"\",\"potentialAction\":[{\"@type\":\"SearchAction\",\"target\":{\"@type\":\"EntryPoint\",\"urlTemplate\":\"https:\\\/\\\/dlslawfirm.com\\\/es\\\/?s={search_term_string}\"},\"query-input\":{\"@type\":\"PropertyValueSpecification\",\"valueRequired\":true,\"valueName\":\"search_term_string\"}}],\"inLanguage\":\"es\"}]}<\/script>\n<!-- \/ Yoast SEO plugin. -->","yoast_head_json":{"title":"\u00bfQu\u00e9 debo tener en cuenta al elegir un abogado? | PREGUNTAS FRECUENTES","description":"Cuando busques al abogado adecuado para trabajar en tu caso, debes tener en cuenta varios aspectos. Lee las recomendaciones de Law Offices of Dianne Sawaya.","robots":{"index":"index","follow":"follow","max-snippet":"max-snippet:-1","max-image-preview":"max-image-preview:large","max-video-preview":"max-video-preview:-1"},"canonical":"https:\/\/dlslawfirm.com\/es\/preguntas-frecuentes\/que-debo-tener-en-cuenta-al-elegir-un-abogado-de-lesiones-personales\/","og_locale":"es_MX","og_type":"article","og_title":"\u00bfQu\u00e9 debo tener en cuenta al elegir un abogado? | PREGUNTAS FRECUENTES","og_description":"Cuando busques al abogado adecuado para trabajar en tu caso, debes tener en cuenta varios aspectos. Lee las recomendaciones de Law Offices of Dianne Sawaya.","og_url":"https:\/\/dlslawfirm.com\/es\/preguntas-frecuentes\/que-debo-tener-en-cuenta-al-elegir-un-abogado-de-lesiones-personales\/","og_site_name":"Law Offices of Dianne Sawaya LLC- En Espanol","og_image":[{"width":1600,"height":732,"url":"https:\/\/dlslawfirm.com\/es\/wp-content\/uploads\/sites\/2\/2022\/06\/pexels-alexander-suhorucov-6457521.jpg","type":"image\/jpeg"}],"twitter_card":"summary_large_image","twitter_misc":{"Est. reading time":"1 minuto"},"schema":{"@context":"https:\/\/schema.org","@graph":[{"@type":"WebPage","@id":"https:\/\/dlslawfirm.com\/es\/preguntas-frecuentes\/que-debo-tener-en-cuenta-al-elegir-un-abogado-de-lesiones-personales\/","url":"https:\/\/dlslawfirm.com\/es\/preguntas-frecuentes\/que-debo-tener-en-cuenta-al-elegir-un-abogado-de-lesiones-personales\/","name":"\u00bfQu\u00e9 debo tener en cuenta al elegir un abogado? | PREGUNTAS FRECUENTES","isPartOf":{"@id":"https:\/\/dlslawfirm.com\/es\/#website"},"primaryImageOfPage":{"@id":"https:\/\/dlslawfirm.com\/es\/preguntas-frecuentes\/que-debo-tener-en-cuenta-al-elegir-un-abogado-de-lesiones-personales\/#primaryimage"},"image":{"@id":"https:\/\/dlslawfirm.com\/es\/preguntas-frecuentes\/que-debo-tener-en-cuenta-al-elegir-un-abogado-de-lesiones-personales\/#primaryimage"},"thumbnailUrl":"https:\/\/dlslawfirm.com\/es\/wp-content\/uploads\/sites\/2\/2022\/06\/pexels-alexander-suhorucov-6457521.jpg","datePublished":"2015-07-22T15:54:35+00:00","description":"Cuando busques al abogado adecuado para trabajar en tu caso, debes tener en cuenta varios aspectos. Lee las recomendaciones de Law Offices of Dianne Sawaya.","breadcrumb":{"@id":"https:\/\/dlslawfirm.com\/es\/preguntas-frecuentes\/que-debo-tener-en-cuenta-al-elegir-un-abogado-de-lesiones-personales\/#breadcrumb"},"inLanguage":"es","potentialAction":[{"@type":"ReadAction","target":["https:\/\/dlslawfirm.com\/es\/preguntas-frecuentes\/que-debo-tener-en-cuenta-al-elegir-un-abogado-de-lesiones-personales\/"]}]},{"@type":"ImageObject","inLanguage":"es","@id":"https:\/\/dlslawfirm.com\/es\/preguntas-frecuentes\/que-debo-tener-en-cuenta-al-elegir-un-abogado-de-lesiones-personales\/#primaryimage","url":"https:\/\/dlslawfirm.com\/es\/wp-content\/uploads\/sites\/2\/2022\/06\/pexels-alexander-suhorucov-6457521.jpg","contentUrl":"https:\/\/dlslawfirm.com\/es\/wp-content\/uploads\/sites\/2\/2022\/06\/pexels-alexander-suhorucov-6457521.jpg","width":1600,"height":732,"caption":"people looking over paperwork"},{"@type":"BreadcrumbList","@id":"https:\/\/dlslawfirm.com\/es\/preguntas-frecuentes\/que-debo-tener-en-cuenta-al-elegir-un-abogado-de-lesiones-personales\/#breadcrumb","itemListElement":[{"@type":"ListItem","position":1,"name":"Home","item":"https:\/\/dlslawfirm.com\/es\/"},{"@type":"ListItem","position":2,"name":"PREGUNTAS FRECUENTES","item":"https:\/\/dlslawfirm.com\/es\/preguntas-frecuentes\/"},{"@type":"ListItem","position":3,"name":"\u00bfQu\u00e9 debo tener en cuenta al elegir un abogado de lesiones personales?"}]},{"@type":"WebSite","@id":"https:\/\/dlslawfirm.com\/es\/#website","url":"https:\/\/dlslawfirm.com\/es\/","name":"Law Offices of Dianne Sawaya LLC- En Espanol","description":"","potentialAction":[{"@type":"SearchAction","target":{"@type":"EntryPoint","urlTemplate":"https:\/\/dlslawfirm.com\/es\/?s={search_term_string}"},"query-input":{"@type":"PropertyValueSpecification","valueRequired":true,"valueName":"search_term_string"}}],"inLanguage":"es"}]}},"_links":{"self":[{"href":"https:\/\/dlslawfirm.com\/es\/wp-json\/wp\/v2\/pages\/6974","targetHints":{"allow":["GET"]}}],"collection":[{"href":"https:\/\/dlslawfirm.com\/es\/wp-json\/wp\/v2\/pages"}],"about":[{"href":"https:\/\/dlslawfirm.com\/es\/wp-json\/wp\/v2\/types\/page"}],"author":[{"embeddable":true,"href":"https:\/\/dlslawfirm.com\/es\/wp-json\/wp\/v2\/users\/2"}],"replies":[{"embeddable":true,"href":"https:\/\/dlslawfirm.com\/es\/wp-json\/wp\/v2\/comments?post=6974"}],"version-history":[{"count":0,"href":"https:\/\/dlslawfirm.com\/es\/wp-json\/wp\/v2\/pages\/6974\/revisions"}],"up":[{"embeddable":true,"href":"https:\/\/dlslawfirm.com\/es\/wp-json\/wp\/v2\/pages\/7013"}],"wp:featuredmedia":[{"embeddable":true,"href":"https:\/\/dlslawfirm.com\/es\/wp-json\/wp\/v2\/media\/7236"}],"wp:attachment":[{"href":"https:\/\/dlslawfirm.com\/es\/wp-json\/wp\/v2\/media?parent=6974"}],"wp:term":[{"taxonomy":"post_tag","embeddable":true,"href":"https:\/\/dlslawfirm.com\/es\/wp-json\/wp\/v2\/tags?post=6974"}],"curies":[{"name":"wp","href":"https:\/\/api.w.org\/{rel}","templated":true}]}}