{"id":6972,"date":"2015-12-01T21:15:50","date_gmt":"2015-12-01T21:15:50","guid":{"rendered":"https:\/\/dlslawfirm.com\/que-debo-hacer-si-he-sufrido-un-accidente-de-camion-en-denver-colorado\/"},"modified":"2015-12-01T21:15:50","modified_gmt":"2015-12-01T21:15:50","slug":"que-debo-hacer-si-he-sufrido-un-accidente-de-camion-en-denver-colorado","status":"publish","type":"page","link":"https:\/\/dlslawfirm.com\/es\/preguntas-frecuentes\/que-debo-hacer-si-he-sufrido-un-accidente-de-camion-en-denver-colorado\/","title":{"rendered":"\u00bfQu\u00e9 Debo Hacer Si He Sufrido Un Accidente De Cami\u00f3n En Denver, Colorado?"},"content":{"rendered":"<p><img loading=\"lazy\" decoding=\"async\" class=\"aligncenter size-full wp-image-2574\" src=\"\/\/dlslawfirm.com\/wp-content\/uploads\/2015\/12\/Denver-Colorado-Truck-Accidents-e1449004458710.jpg\" alt=\"Accidentes de Cami\u00f3n en Denver, Colorado\" width=\"708\" height=\"400\"><\/p>\n<h2>Abogado de accidentes de cami\u00f3n en Colorado<\/h2>\n<p>La Administraci\u00f3n Federal de Seguridad de Autotransportes impone normas y requisitos a los camioneros y a las empresas de transporte por carretera para mantener la seguridad de todos mientras compartimos nuestras carreteras con estos veh\u00edculos necesarios pero muy grandes, pero eso no significa que no ocurran accidentes. Y cuando ocurren estos accidentes, es muy importante saber qu\u00e9 hacer a continuaci\u00f3n y qui\u00e9n debe ayudarte a hacerlo.<\/p>\n<h2>\u00bfQu\u00e9 Debo Hacer Si He Sufrido Un Accidente De Cami\u00f3n En Denver, Colorado?<\/h2>\n<p>Si sufres lesiones en un <a href=\"\/\/dlslawfirm.com\/lesion-personal\/abogado-accidente-semi-camion\/\">accidente de cami\u00f3n<\/a>, es fundamental que tomes ciertas medidas para protegerte y proteger tu derecho legal a recibir una indemnizaci\u00f3n por tus lesiones. Sufrir un accidente de cami\u00f3n comercial es un acontecimiento traum\u00e1tico que provoca da\u00f1os f\u00edsicos, emocionales y econ\u00f3micos a la v\u00edctima del accidente y a su familia.<\/p>\n<p>A menudo, las v\u00edctimas de accidentes de cami\u00f3n sufren lesiones graves; por tanto, pueden ser incapaces de tomar las medidas necesarias para protegerse mientras intentan hacer frente a afecciones m\u00e9dicas que les alteran la vida y que a menudo son permanentes. Si te has lesionado y no puedes dar los siguientes pasos tras un accidente de cami\u00f3n, pide a un familiar o amigo que se ponga inmediatamente en contacto con un abogado experto en accidentes de cami\u00f3n de Denver para que act\u00fae en tu nombre. De lo contrario, tras un accidente de cami\u00f3n deber\u00edas<\/p>\n<ul>\n<li><strong>Busca atenci\u00f3n m\u00e9dica &#8211; <\/strong>Tu primera prioridad es recibir la atenci\u00f3n m\u00e9dica que necesites Si es posible, anota el nombre y la direcci\u00f3n del centro m\u00e9dico donde te atiendan, as\u00ed como el nombre de todos los profesionales m\u00e9dicos que te presten atenci\u00f3n.<\/li>\n<li><strong>Denuncia el accidente inmediatamente: <\/strong>en la mayor\u00eda de los casos, ya se habr\u00e1 enviado a los agentes de la ley y al personal de urgencias, porque los accidentes de cami\u00f3n en Denver rara vez son &#8220;golpes sin importancia&#8221; en los que todas las partes pueden abandonar el lugar del accidente sin atenci\u00f3n m\u00e9dica.<\/li>\n<li><strong>Evita hablar con el camionero o con otros conductores &#8211; <\/strong>Puedes facilitar tus datos de contacto; sin embargo, no hables de los detalles del accidente con nadie en el lugar del accidente que no sea un agente de la ley.<\/li>\n<li><strong>Solicita informaci\u00f3n de contacto de los testigos &#8211; <\/strong>Si las personas que han presenciado el accidente se han detenido para ayudar, intenta obtener de cada testigo la mayor cantidad posible de informaci\u00f3n de contacto (es decir, nombre, direcci\u00f3n, n\u00famero de tel\u00e9fono, direcci\u00f3n de correo electr\u00f3nico, etc.).<\/li>\n<li><strong>Fotograf\u00eda el lugar del accidente &#8211; <\/strong>Si no puedes moverte, pide a alguien que utilice tu tel\u00e9fono m\u00f3vil o tu c\u00e1mara para pasear y fotografiar todo el lugar del accidente, incluidos los veh\u00edculos, la carretera, los obst\u00e1culos del arc\u00e9n y cualquier otro objeto relevante desde varios \u00e1ngulos diferentes.<\/li>\n<li><strong>Ponte en contacto con un abogado experto en accidentes de cami\u00f3n en Denver &#8211; <\/strong>Llama al <a href=\"\/\/dlslawfirm.com\/\">bufete de Dianne Sawaya, LLC<\/a> para una consulta gratuita. Siempre debes consultar a un abogado antes de prestar declaraciones escritas o grabadas o firmar cualquier descargo de responsabilidad u otros documentos en un caso de accidente de cami\u00f3n en Denver. Esta informaci\u00f3n podr\u00eda utilizarse para reducir el valor de tu reclamaci\u00f3n o impugnar la responsabilidad en tu caso. Necesitas un abogado que proteja tus intereses lo antes posible tras un accidente de cami\u00f3n en Denver.<\/li>\n<li><strong>Informa del accidente a tu compa\u00f1\u00eda de seguros -Contacta con<\/strong>tu compa\u00f1\u00eda de seguros para informar del accidente y proporcionar los detalles b\u00e1sicos sobre el mismo. Lo mejor es consultar a un abogado antes de hablar del accidente con cualquier compa\u00f1\u00eda de seguros, incluso con tu propia compa\u00f1\u00eda de seguros.<\/li>\n<\/ul>\n<h2>\u00bfQu\u00e9 pasa si soy parcialmente culpable del accidente?<\/h2>\n<p>Colorado ha adoptado una versi\u00f3n modificada de la negligencia comparativa en relaci\u00f3n con los accidentes de tr\u00e1fico. Para recibir una indemnizaci\u00f3n por tus lesiones en un accidente de cami\u00f3n en Denver, debes demostrar que el camionero y\/o la empresa de camiones fueron negligentes o &#8220;culpables&#8221; de causar el accidente. Esto establece la responsabilidad de la empresa de camiones para indemnizarte por tus da\u00f1os. Si no tuviste la culpa del accidente, tienes derecho a reclamar el 100% de los da\u00f1os; sin embargo, si tuviste parte de la culpa, tu reclamaci\u00f3n se ver\u00e1 reducida por la ley de negligencia comparativa.<\/p>\n<p>Seg\u00fan la ley de negligencia comparativa de Colorado, no puedes tener m\u00e1s del 50% de culpa para cobrar una indemnizaci\u00f3n por tus lesiones. Si la culpa del accidente de cami\u00f3n es tuya en un 51%, no podr\u00e1s reclamar al camionero ni a la empresa de transportes ninguna indemnizaci\u00f3n por da\u00f1os y perjuicios. Sin embargo, si tienes un 49% de culpa en el accidente, tu indemnizaci\u00f3n se reducir\u00e1 en la cuant\u00eda de tu culpa (es decir, el 49%).<\/p>\n<p>Como a las compa\u00f1\u00edas de camiones y a sus aseguradoras a menudo les gusta alegar culpa comparativa para reducir el valor de una reclamaci\u00f3n por accidente de cami\u00f3n, necesitas que te represente un abogado experto en accidentes de cami\u00f3n de Denver. Un abogado con experiencia sabe c\u00f3mo refutar estas alegaciones utilizando pruebas del lugar del accidente, declaraciones de testigos, pruebas obtenidas de la empresa de camiones y testimonios de expertos.<\/p>\n<h2>\u00bfC\u00f3mo puedo conducir de forma defensiva para evitar un accidente de cami\u00f3n?<\/h2>\n<p>Seg\u00fan la Administraci\u00f3n Nacional de Seguridad del Tr\u00e1fico en Carretera<a href=\"http:\/\/www-nrd.nhtsa.dot.gov\/Pubs\/812150.pdf\">(NHTSA)<\/a>, aproximadamente 95.000 personas resultaron heridas en accidentes de cami\u00f3n durante 2013 y 3.964 murieron durante el mismo a\u00f1o. Cada d\u00eda, grandes camiones transportan mercanc\u00edas de un rinc\u00f3n a otro del pa\u00eds; por tanto, debemos compartir la carretera con estos veh\u00edculos extremadamente grandes y pesados. Debido al n\u00famero de camiones comerciales que circulan ahora por nuestras carreteras y autopistas, los accidentes de cami\u00f3n son un hecho frecuente en Colorado, incluida la zona de Denver.<\/p>\n<p>Los <a href=\"\/\/dlslawfirm.com\/colorado-car-accident-guide\/what-do-you-do-at-the-scene-of-a-car-crash\/\">accidentes<\/a> en los que se ven implicados camiones comerciales suelen ser devastadores para los ocupantes de un turismo, debido a la diferencia de tama\u00f1o de los veh\u00edculos implicados. Las lesiones pueden ser importantes, permanentes y cambiar la vida. Sin embargo, hay medidas que puedes tomar para evitar sufrir un accidente de cami\u00f3n.<\/p>\n<ul>\n<li>Nunca des por sentado que el conductor del cami\u00f3n te ve o est\u00e1 atento a la carretera. Muchos accidentes de cami\u00f3n se producen por un error del conductor (es decir, por conducir de forma restringida, temeraria, con fatiga, etc.).<\/li>\n<li>Deja un amplio espacio entre tu coche, el cami\u00f3n y otros veh\u00edculos.<\/li>\n<li>Mant\u00e9n siempre una velocidad segura.<\/li>\n<li>No env\u00edes nunca mensajes de texto mientras conduces y reduce al m\u00ednimo otras distracciones, como cambiar los canales de la radio, hablar por tel\u00e9fono, ajustar los mandos del veh\u00edculo, etc.<\/li>\n<li>Mantente cauteloso y alerta en todo momento, especialmente al acercarte o adelantar a camiones grandes.<\/li>\n<li>Vigila a los camiones que giran, entran en la autopista o cambian de carril.<\/li>\n<li>Deja m\u00e1s espacio a los camiones cuando circulen por carriles estrechos, carreteras obstruidas y zonas en obras.<\/li>\n<li>Con mal tiempo, deja a\u00fan m\u00e1s distancia entre t\u00fa y los camiones grandes.<\/li>\n<li>Cuando adelantes a un cami\u00f3n, deja varios coches de distancia entre t\u00fa y el cami\u00f3n antes de volver a incorporarte a su carril.<\/li>\n<\/ul>\n<h2>\u00bfSe permite circular a los camiones por todas las autopistas de Denver y sus alrededores?<\/h2>\n<p>No, los camiones tienen rutas restringidas en Denver y sus alrededores y en todo Colorado. <a href=\"https:\/\/library.municode.com\/co\/denver\/codes\/code_of_ordinances?nodeId=TITIIREMUCO_CH54TRRE_ARTXITR\">El Art\u00edculo XI del C\u00f3digo Municipal<\/a> de Denver contiene las leyes que restringen las rutas de los camiones en Denver y sus alrededores. Los conductores tambi\u00e9n pueden encontrar informaci\u00f3n sobre rutas restringidas para camiones en el <a href=\"https:\/\/www.codot.gov\/business\/permits\/truckpermits\/restrictions.html\">sitio web<\/a> del Departamento de Transportes de Colorado.<\/p>\n<h2>Contacta con un abogado experto en accidentes de cami\u00f3n en Denver<\/h2>\n<p>Si t\u00fa o un miembro de tu familia hab\u00e9is resultado heridos en un accidente de cami\u00f3n en Denver, ponte en contacto con el <a href=\"\/\/dlslawfirm.com\/\">bufete de abogados de Dianne Sawaya, LLC<\/a> para programar una consulta y hablar de tus derechos legales a recibir una indemnizaci\u00f3n por tus lesiones.<\/p>\n","protected":false},"excerpt":{"rendered":"<p>Abogado de accidentes de cami\u00f3n en Colorado La Administraci\u00f3n Federal de Seguridad de Autotransportes impone normas y requisitos a los camioneros y a las empresas de transporte por carretera para mantener la seguridad de todos mientras compartimos nuestras carreteras con estos veh\u00edculos necesarios pero muy grandes, pero eso no significa que no ocurran accidentes. Y&#8230;<\/p>\n","protected":false},"author":2,"featured_media":7252,"parent":7013,"menu_order":109,"comment_status":"open","ping_status":"open","template":"","meta":{"_acf_changed":false,"footnotes":""},"tags":[],"class_list":["post-6972","page","type-page","status-publish","has-post-thumbnail","hentry"],"acf":[],"yoast_head":"<!-- This site is optimized with the Yoast SEO plugin v27.3 - https:\/\/yoast.com\/product\/yoast-seo-wordpress\/ -->\n<title>Choque de camiones | Denver, Colorado<\/title>\n<meta name=\"description\" content=\"Cuando has sufrido un accidente de cami\u00f3n toda tu vida ha cambiado. Descubre c\u00f3mo el Bufete Jur\u00eddico de Dianne Sawaya lucha por un cambio que sea bueno.\" \/>\n<meta name=\"robots\" content=\"index, follow, max-snippet:-1, max-image-preview:large, max-video-preview:-1\" \/>\n<link rel=\"canonical\" href=\"https:\/\/dlslawfirm.com\/es\/preguntas-frecuentes\/que-debo-hacer-si-he-sufrido-un-accidente-de-camion-en-denver-colorado\/\" \/>\n<meta property=\"og:locale\" content=\"es_MX\" \/>\n<meta property=\"og:type\" content=\"article\" \/>\n<meta property=\"og:title\" content=\"Choque de camiones | Denver, Colorado\" \/>\n<meta property=\"og:description\" content=\"Cuando has sufrido un accidente de cami\u00f3n toda tu vida ha cambiado. Descubre c\u00f3mo el Bufete Jur\u00eddico de Dianne Sawaya lucha por un cambio que sea bueno.\" \/>\n<meta property=\"og:url\" content=\"https:\/\/dlslawfirm.com\/es\/preguntas-frecuentes\/que-debo-hacer-si-he-sufrido-un-accidente-de-camion-en-denver-colorado\/\" \/>\n<meta property=\"og:site_name\" content=\"Law Offices of Dianne Sawaya LLC- En Espanol\" \/>\n<meta property=\"og:image\" content=\"https:\/\/dlslawfirm.com\/es\/wp-content\/uploads\/sites\/2\/2022\/06\/pexels-quintin-gellar-2199293.jpg\" \/>\n\t<meta property=\"og:image:width\" content=\"1600\" \/>\n\t<meta property=\"og:image:height\" content=\"787\" \/>\n\t<meta property=\"og:image:type\" content=\"image\/jpeg\" \/>\n<meta name=\"twitter:card\" content=\"summary_large_image\" \/>\n<meta name=\"twitter:label1\" content=\"Est. reading time\" \/>\n\t<meta name=\"twitter:data1\" content=\"7 minutos\" \/>\n<script type=\"application\/ld+json\" class=\"yoast-schema-graph\">{\"@context\":\"https:\\\/\\\/schema.org\",\"@graph\":[{\"@type\":\"WebPage\",\"@id\":\"https:\\\/\\\/dlslawfirm.com\\\/es\\\/preguntas-frecuentes\\\/que-debo-hacer-si-he-sufrido-un-accidente-de-camion-en-denver-colorado\\\/\",\"url\":\"https:\\\/\\\/dlslawfirm.com\\\/es\\\/preguntas-frecuentes\\\/que-debo-hacer-si-he-sufrido-un-accidente-de-camion-en-denver-colorado\\\/\",\"name\":\"Choque de camiones | Denver, Colorado\",\"isPartOf\":{\"@id\":\"https:\\\/\\\/dlslawfirm.com\\\/es\\\/#website\"},\"primaryImageOfPage\":{\"@id\":\"https:\\\/\\\/dlslawfirm.com\\\/es\\\/preguntas-frecuentes\\\/que-debo-hacer-si-he-sufrido-un-accidente-de-camion-en-denver-colorado\\\/#primaryimage\"},\"image\":{\"@id\":\"https:\\\/\\\/dlslawfirm.com\\\/es\\\/preguntas-frecuentes\\\/que-debo-hacer-si-he-sufrido-un-accidente-de-camion-en-denver-colorado\\\/#primaryimage\"},\"thumbnailUrl\":\"https:\\\/\\\/dlslawfirm.com\\\/es\\\/wp-content\\\/uploads\\\/sites\\\/2\\\/2022\\\/06\\\/pexels-quintin-gellar-2199293.jpg\",\"datePublished\":\"2015-12-01T21:15:50+00:00\",\"description\":\"Cuando has sufrido un accidente de cami\u00f3n toda tu vida ha cambiado. Descubre c\u00f3mo el Bufete Jur\u00eddico de Dianne Sawaya lucha por un cambio que sea bueno.\",\"breadcrumb\":{\"@id\":\"https:\\\/\\\/dlslawfirm.com\\\/es\\\/preguntas-frecuentes\\\/que-debo-hacer-si-he-sufrido-un-accidente-de-camion-en-denver-colorado\\\/#breadcrumb\"},\"inLanguage\":\"es\",\"potentialAction\":[{\"@type\":\"ReadAction\",\"target\":[\"https:\\\/\\\/dlslawfirm.com\\\/es\\\/preguntas-frecuentes\\\/que-debo-hacer-si-he-sufrido-un-accidente-de-camion-en-denver-colorado\\\/\"]}]},{\"@type\":\"ImageObject\",\"inLanguage\":\"es\",\"@id\":\"https:\\\/\\\/dlslawfirm.com\\\/es\\\/preguntas-frecuentes\\\/que-debo-hacer-si-he-sufrido-un-accidente-de-camion-en-denver-colorado\\\/#primaryimage\",\"url\":\"https:\\\/\\\/dlslawfirm.com\\\/es\\\/wp-content\\\/uploads\\\/sites\\\/2\\\/2022\\\/06\\\/pexels-quintin-gellar-2199293.jpg\",\"contentUrl\":\"https:\\\/\\\/dlslawfirm.com\\\/es\\\/wp-content\\\/uploads\\\/sites\\\/2\\\/2022\\\/06\\\/pexels-quintin-gellar-2199293.jpg\",\"width\":1600,\"height\":787,\"caption\":\"trucks on road\"},{\"@type\":\"BreadcrumbList\",\"@id\":\"https:\\\/\\\/dlslawfirm.com\\\/es\\\/preguntas-frecuentes\\\/que-debo-hacer-si-he-sufrido-un-accidente-de-camion-en-denver-colorado\\\/#breadcrumb\",\"itemListElement\":[{\"@type\":\"ListItem\",\"position\":1,\"name\":\"Home\",\"item\":\"https:\\\/\\\/dlslawfirm.com\\\/es\\\/\"},{\"@type\":\"ListItem\",\"position\":2,\"name\":\"PREGUNTAS FRECUENTES\",\"item\":\"https:\\\/\\\/dlslawfirm.com\\\/es\\\/preguntas-frecuentes\\\/\"},{\"@type\":\"ListItem\",\"position\":3,\"name\":\"\u00bfQu\u00e9 Debo Hacer Si He Sufrido Un Accidente De Cami\u00f3n En Denver, Colorado?\"}]},{\"@type\":\"WebSite\",\"@id\":\"https:\\\/\\\/dlslawfirm.com\\\/es\\\/#website\",\"url\":\"https:\\\/\\\/dlslawfirm.com\\\/es\\\/\",\"name\":\"Law Offices of Dianne Sawaya LLC- En Espanol\",\"description\":\"\",\"potentialAction\":[{\"@type\":\"SearchAction\",\"target\":{\"@type\":\"EntryPoint\",\"urlTemplate\":\"https:\\\/\\\/dlslawfirm.com\\\/es\\\/?s={search_term_string}\"},\"query-input\":{\"@type\":\"PropertyValueSpecification\",\"valueRequired\":true,\"valueName\":\"search_term_string\"}}],\"inLanguage\":\"es\"}]}<\/script>\n<!-- \/ Yoast SEO plugin. -->","yoast_head_json":{"title":"Choque de camiones | Denver, Colorado","description":"Cuando has sufrido un accidente de cami\u00f3n toda tu vida ha cambiado. Descubre c\u00f3mo el Bufete Jur\u00eddico de Dianne Sawaya lucha por un cambio que sea bueno.","robots":{"index":"index","follow":"follow","max-snippet":"max-snippet:-1","max-image-preview":"max-image-preview:large","max-video-preview":"max-video-preview:-1"},"canonical":"https:\/\/dlslawfirm.com\/es\/preguntas-frecuentes\/que-debo-hacer-si-he-sufrido-un-accidente-de-camion-en-denver-colorado\/","og_locale":"es_MX","og_type":"article","og_title":"Choque de camiones | Denver, Colorado","og_description":"Cuando has sufrido un accidente de cami\u00f3n toda tu vida ha cambiado. Descubre c\u00f3mo el Bufete Jur\u00eddico de Dianne Sawaya lucha por un cambio que sea bueno.","og_url":"https:\/\/dlslawfirm.com\/es\/preguntas-frecuentes\/que-debo-hacer-si-he-sufrido-un-accidente-de-camion-en-denver-colorado\/","og_site_name":"Law Offices of Dianne Sawaya LLC- En Espanol","og_image":[{"width":1600,"height":787,"url":"https:\/\/dlslawfirm.com\/es\/wp-content\/uploads\/sites\/2\/2022\/06\/pexels-quintin-gellar-2199293.jpg","type":"image\/jpeg"}],"twitter_card":"summary_large_image","twitter_misc":{"Est. reading time":"7 minutos"},"schema":{"@context":"https:\/\/schema.org","@graph":[{"@type":"WebPage","@id":"https:\/\/dlslawfirm.com\/es\/preguntas-frecuentes\/que-debo-hacer-si-he-sufrido-un-accidente-de-camion-en-denver-colorado\/","url":"https:\/\/dlslawfirm.com\/es\/preguntas-frecuentes\/que-debo-hacer-si-he-sufrido-un-accidente-de-camion-en-denver-colorado\/","name":"Choque de camiones | Denver, Colorado","isPartOf":{"@id":"https:\/\/dlslawfirm.com\/es\/#website"},"primaryImageOfPage":{"@id":"https:\/\/dlslawfirm.com\/es\/preguntas-frecuentes\/que-debo-hacer-si-he-sufrido-un-accidente-de-camion-en-denver-colorado\/#primaryimage"},"image":{"@id":"https:\/\/dlslawfirm.com\/es\/preguntas-frecuentes\/que-debo-hacer-si-he-sufrido-un-accidente-de-camion-en-denver-colorado\/#primaryimage"},"thumbnailUrl":"https:\/\/dlslawfirm.com\/es\/wp-content\/uploads\/sites\/2\/2022\/06\/pexels-quintin-gellar-2199293.jpg","datePublished":"2015-12-01T21:15:50+00:00","description":"Cuando has sufrido un accidente de cami\u00f3n toda tu vida ha cambiado. Descubre c\u00f3mo el Bufete Jur\u00eddico de Dianne Sawaya lucha por un cambio que sea bueno.","breadcrumb":{"@id":"https:\/\/dlslawfirm.com\/es\/preguntas-frecuentes\/que-debo-hacer-si-he-sufrido-un-accidente-de-camion-en-denver-colorado\/#breadcrumb"},"inLanguage":"es","potentialAction":[{"@type":"ReadAction","target":["https:\/\/dlslawfirm.com\/es\/preguntas-frecuentes\/que-debo-hacer-si-he-sufrido-un-accidente-de-camion-en-denver-colorado\/"]}]},{"@type":"ImageObject","inLanguage":"es","@id":"https:\/\/dlslawfirm.com\/es\/preguntas-frecuentes\/que-debo-hacer-si-he-sufrido-un-accidente-de-camion-en-denver-colorado\/#primaryimage","url":"https:\/\/dlslawfirm.com\/es\/wp-content\/uploads\/sites\/2\/2022\/06\/pexels-quintin-gellar-2199293.jpg","contentUrl":"https:\/\/dlslawfirm.com\/es\/wp-content\/uploads\/sites\/2\/2022\/06\/pexels-quintin-gellar-2199293.jpg","width":1600,"height":787,"caption":"trucks on road"},{"@type":"BreadcrumbList","@id":"https:\/\/dlslawfirm.com\/es\/preguntas-frecuentes\/que-debo-hacer-si-he-sufrido-un-accidente-de-camion-en-denver-colorado\/#breadcrumb","itemListElement":[{"@type":"ListItem","position":1,"name":"Home","item":"https:\/\/dlslawfirm.com\/es\/"},{"@type":"ListItem","position":2,"name":"PREGUNTAS FRECUENTES","item":"https:\/\/dlslawfirm.com\/es\/preguntas-frecuentes\/"},{"@type":"ListItem","position":3,"name":"\u00bfQu\u00e9 Debo Hacer Si He Sufrido Un Accidente De Cami\u00f3n En Denver, Colorado?"}]},{"@type":"WebSite","@id":"https:\/\/dlslawfirm.com\/es\/#website","url":"https:\/\/dlslawfirm.com\/es\/","name":"Law Offices of Dianne Sawaya LLC- En Espanol","description":"","potentialAction":[{"@type":"SearchAction","target":{"@type":"EntryPoint","urlTemplate":"https:\/\/dlslawfirm.com\/es\/?s={search_term_string}"},"query-input":{"@type":"PropertyValueSpecification","valueRequired":true,"valueName":"search_term_string"}}],"inLanguage":"es"}]}},"_links":{"self":[{"href":"https:\/\/dlslawfirm.com\/es\/wp-json\/wp\/v2\/pages\/6972","targetHints":{"allow":["GET"]}}],"collection":[{"href":"https:\/\/dlslawfirm.com\/es\/wp-json\/wp\/v2\/pages"}],"about":[{"href":"https:\/\/dlslawfirm.com\/es\/wp-json\/wp\/v2\/types\/page"}],"author":[{"embeddable":true,"href":"https:\/\/dlslawfirm.com\/es\/wp-json\/wp\/v2\/users\/2"}],"replies":[{"embeddable":true,"href":"https:\/\/dlslawfirm.com\/es\/wp-json\/wp\/v2\/comments?post=6972"}],"version-history":[{"count":0,"href":"https:\/\/dlslawfirm.com\/es\/wp-json\/wp\/v2\/pages\/6972\/revisions"}],"up":[{"embeddable":true,"href":"https:\/\/dlslawfirm.com\/es\/wp-json\/wp\/v2\/pages\/7013"}],"wp:featuredmedia":[{"embeddable":true,"href":"https:\/\/dlslawfirm.com\/es\/wp-json\/wp\/v2\/media\/7252"}],"wp:attachment":[{"href":"https:\/\/dlslawfirm.com\/es\/wp-json\/wp\/v2\/media?parent=6972"}],"wp:term":[{"taxonomy":"post_tag","embeddable":true,"href":"https:\/\/dlslawfirm.com\/es\/wp-json\/wp\/v2\/tags?post=6972"}],"curies":[{"name":"wp","href":"https:\/\/api.w.org\/{rel}","templated":true}]}}