{"id":6970,"date":"2015-07-22T15:21:31","date_gmt":"2015-07-22T15:21:31","guid":{"rendered":"https:\/\/dlslawfirm.com\/que-pasa-si-me-lesiona-un-conductor-que-se-da-a-la-fuga\/"},"modified":"2015-07-22T15:21:31","modified_gmt":"2015-07-22T15:21:31","slug":"que-pasa-si-me-lesiona-un-conductor-que-se-da-a-la-fuga","status":"publish","type":"page","link":"https:\/\/dlslawfirm.com\/es\/preguntas-frecuentes\/que-pasa-si-me-lesiona-un-conductor-que-se-da-a-la-fuga\/","title":{"rendered":"\u00bfQu\u00e9 pasa si me lesiona un conductor que se da a la fuga?"},"content":{"rendered":"<h2>Abogado de accidentes de tr\u00e1fico en Denver<\/h2>\n<p><strong>\u00bfQu\u00e9 pasa si me lesiona un conductor que se da a la fuga?<\/strong> Cuando se produce un <a href=\"\/\/dlslawfirm.com\/faq\/que-si-me-lesiono-por-un-conductor-que-se-fuga\/\">accidente de atropello con fuga en Denver <\/a>, suele haber heridos. El conductor ha huido, nadie tiene la matr\u00edcula y puede parecer que el autor se ha salido con la suya. En casos as\u00ed, la ley de Colorado trata al otro conductor como si fuera un conductor sin seguro. Por eso es importante que tu p\u00f3liza de seguro de autom\u00f3vil incluya la cobertura de motorista sin seguro o con seguro insuficiente. Si un conductor que se da a la fuga te lesiona, puedes obtener una indemnizaci\u00f3n por las facturas m\u00e9dicas, los salarios perdidos y el dolor y el sufrimiento presentando una reclamaci\u00f3n en virtud de la cl\u00e1usula de motorista no asegurado de tu propia p\u00f3liza de seguros.<\/p>\n<p>Sin embargo, los accidentes con atropello y fuga pueden ser complejos y necesitas un <a href=\"\/\/dlslawfirm.com\/lesiones-personales\/accidentes-de-coche\/\">abogado<\/a> experto en <a href=\"\/\/dlslawfirm.com\/lesiones-personales\/accidentes-de-coche\/\">accidentes de tr\u00e1fico en Denver<\/a> que pueda ayudarte a superar la fase policial y de investigaci\u00f3n, conseguirte tratamiento m\u00e9dico para tus lesiones y trabajar en tu nombre en la negociaci\u00f3n de un acuerdo. En el bufete de Dianne L. Sawaya, LLC, podemos ayudarte en estos momentos dif\u00edciles. Ll\u00e1manos hoy mismo para concertar una consulta gratuita con uno de nuestros abogados expertos en accidentes de tr\u00e1fico.<\/p>\n<p>Explora los art\u00edculos relacionados:<\/p>\n<ul>\n<li><a href=\"\/\/dlslawfirm.com\/resources\/faq-video-library\/que-si-el-otro-conductor-no-tiene-seguro\/\">\u00bfY si el otro conductor no tiene seguro?<\/a><\/li>\n<li><a href=\"\/\/dlslawfirm.com\/colorado-car-accident-guide\/what-do-you-do-at-the-scene-of-a-car-crash\/\">Lee nuestra Gu\u00eda sobre accidentes de tr\u00e1fico.<\/a><\/li>\n<\/ul>\n","protected":false},"excerpt":{"rendered":"<p>Abogado de accidentes de tr\u00e1fico en Denver \u00bfQu\u00e9 pasa si me lesiona un conductor que se da a la fuga? Cuando se produce un accidente de atropello con fuga en Denver , suele haber heridos. El conductor ha huido, nadie tiene la matr\u00edcula y puede parecer que el autor se ha salido con la suya&#8230;.<\/p>\n","protected":false},"author":2,"featured_media":7227,"parent":7013,"menu_order":145,"comment_status":"open","ping_status":"open","template":"","meta":{"_acf_changed":false,"footnotes":""},"tags":[],"class_list":["post-6970","page","type-page","status-publish","has-post-thumbnail","hentry"],"acf":[],"yoast_head":"<!-- This site is optimized with the Yoast SEO plugin v27.3 - https:\/\/yoast.com\/product\/yoast-seo-wordpress\/ -->\n<title>Herido por un conductor que se dio a la fuga | Preguntas frecuentes sobre lesiones personales<\/title>\n<meta name=\"description\" content=\"\u00bfQu\u00e9 pasa si me lesiona un conductor que se da a la fuga? La ley de Colorado considera al conductor como no asegurado. As\u00ed que aseg\u00farate de que tu p\u00f3liza de autom\u00f3vil cubre UM\/UIM.\" \/>\n<meta name=\"robots\" content=\"index, follow, max-snippet:-1, max-image-preview:large, max-video-preview:-1\" \/>\n<link rel=\"canonical\" href=\"https:\/\/dlslawfirm.com\/es\/preguntas-frecuentes\/que-pasa-si-me-lesiona-un-conductor-que-se-da-a-la-fuga\/\" \/>\n<meta property=\"og:locale\" content=\"es_MX\" \/>\n<meta property=\"og:type\" content=\"article\" \/>\n<meta property=\"og:title\" content=\"Herido por un conductor que se dio a la fuga | Preguntas frecuentes sobre lesiones personales\" \/>\n<meta property=\"og:description\" content=\"\u00bfQu\u00e9 pasa si me lesiona un conductor que se da a la fuga? La ley de Colorado considera al conductor como no asegurado. As\u00ed que aseg\u00farate de que tu p\u00f3liza de autom\u00f3vil cubre UM\/UIM.\" \/>\n<meta property=\"og:url\" content=\"https:\/\/dlslawfirm.com\/es\/preguntas-frecuentes\/que-pasa-si-me-lesiona-un-conductor-que-se-da-a-la-fuga\/\" \/>\n<meta property=\"og:site_name\" content=\"Law Offices of Dianne Sawaya LLC- En Espanol\" \/>\n<meta property=\"og:image\" content=\"https:\/\/dlslawfirm.com\/es\/wp-content\/uploads\/sites\/2\/2022\/06\/rear-view-of-female-motorist-with-head-injury-gett-2021-08-26-16-14-36-utc.jpg\" \/>\n\t<meta property=\"og:image:width\" content=\"1600\" \/>\n\t<meta property=\"og:image:height\" content=\"691\" \/>\n\t<meta property=\"og:image:type\" content=\"image\/jpeg\" \/>\n<meta name=\"twitter:card\" content=\"summary_large_image\" \/>\n<meta name=\"twitter:label1\" content=\"Est. reading time\" \/>\n\t<meta name=\"twitter:data1\" content=\"1 minuto\" \/>\n<script type=\"application\/ld+json\" class=\"yoast-schema-graph\">{\"@context\":\"https:\\\/\\\/schema.org\",\"@graph\":[{\"@type\":\"WebPage\",\"@id\":\"https:\\\/\\\/dlslawfirm.com\\\/es\\\/preguntas-frecuentes\\\/que-pasa-si-me-lesiona-un-conductor-que-se-da-a-la-fuga\\\/\",\"url\":\"https:\\\/\\\/dlslawfirm.com\\\/es\\\/preguntas-frecuentes\\\/que-pasa-si-me-lesiona-un-conductor-que-se-da-a-la-fuga\\\/\",\"name\":\"Herido por un conductor que se dio a la fuga | Preguntas frecuentes sobre lesiones personales\",\"isPartOf\":{\"@id\":\"https:\\\/\\\/dlslawfirm.com\\\/es\\\/#website\"},\"primaryImageOfPage\":{\"@id\":\"https:\\\/\\\/dlslawfirm.com\\\/es\\\/preguntas-frecuentes\\\/que-pasa-si-me-lesiona-un-conductor-que-se-da-a-la-fuga\\\/#primaryimage\"},\"image\":{\"@id\":\"https:\\\/\\\/dlslawfirm.com\\\/es\\\/preguntas-frecuentes\\\/que-pasa-si-me-lesiona-un-conductor-que-se-da-a-la-fuga\\\/#primaryimage\"},\"thumbnailUrl\":\"https:\\\/\\\/dlslawfirm.com\\\/es\\\/wp-content\\\/uploads\\\/sites\\\/2\\\/2022\\\/06\\\/rear-view-of-female-motorist-with-head-injury-gett-2021-08-26-16-14-36-utc.jpg\",\"datePublished\":\"2015-07-22T15:21:31+00:00\",\"description\":\"\u00bfQu\u00e9 pasa si me lesiona un conductor que se da a la fuga? La ley de Colorado considera al conductor como no asegurado. As\u00ed que aseg\u00farate de que tu p\u00f3liza de autom\u00f3vil cubre UM\\\/UIM.\",\"breadcrumb\":{\"@id\":\"https:\\\/\\\/dlslawfirm.com\\\/es\\\/preguntas-frecuentes\\\/que-pasa-si-me-lesiona-un-conductor-que-se-da-a-la-fuga\\\/#breadcrumb\"},\"inLanguage\":\"es\",\"potentialAction\":[{\"@type\":\"ReadAction\",\"target\":[\"https:\\\/\\\/dlslawfirm.com\\\/es\\\/preguntas-frecuentes\\\/que-pasa-si-me-lesiona-un-conductor-que-se-da-a-la-fuga\\\/\"]}]},{\"@type\":\"ImageObject\",\"inLanguage\":\"es\",\"@id\":\"https:\\\/\\\/dlslawfirm.com\\\/es\\\/preguntas-frecuentes\\\/que-pasa-si-me-lesiona-un-conductor-que-se-da-a-la-fuga\\\/#primaryimage\",\"url\":\"https:\\\/\\\/dlslawfirm.com\\\/es\\\/wp-content\\\/uploads\\\/sites\\\/2\\\/2022\\\/06\\\/rear-view-of-female-motorist-with-head-injury-gett-2021-08-26-16-14-36-utc.jpg\",\"contentUrl\":\"https:\\\/\\\/dlslawfirm.com\\\/es\\\/wp-content\\\/uploads\\\/sites\\\/2\\\/2022\\\/06\\\/rear-view-of-female-motorist-with-head-injury-gett-2021-08-26-16-14-36-utc.jpg\",\"width\":1600,\"height\":691,\"caption\":\"Rear View Of Female Motorist With Head Injury Getting Out Of Car After Crash\"},{\"@type\":\"BreadcrumbList\",\"@id\":\"https:\\\/\\\/dlslawfirm.com\\\/es\\\/preguntas-frecuentes\\\/que-pasa-si-me-lesiona-un-conductor-que-se-da-a-la-fuga\\\/#breadcrumb\",\"itemListElement\":[{\"@type\":\"ListItem\",\"position\":1,\"name\":\"Home\",\"item\":\"https:\\\/\\\/dlslawfirm.com\\\/es\\\/\"},{\"@type\":\"ListItem\",\"position\":2,\"name\":\"PREGUNTAS FRECUENTES\",\"item\":\"https:\\\/\\\/dlslawfirm.com\\\/es\\\/preguntas-frecuentes\\\/\"},{\"@type\":\"ListItem\",\"position\":3,\"name\":\"\u00bfQu\u00e9 pasa si me lesiona un conductor que se da a la fuga?\"}]},{\"@type\":\"WebSite\",\"@id\":\"https:\\\/\\\/dlslawfirm.com\\\/es\\\/#website\",\"url\":\"https:\\\/\\\/dlslawfirm.com\\\/es\\\/\",\"name\":\"Law Offices of Dianne Sawaya LLC- En Espanol\",\"description\":\"\",\"potentialAction\":[{\"@type\":\"SearchAction\",\"target\":{\"@type\":\"EntryPoint\",\"urlTemplate\":\"https:\\\/\\\/dlslawfirm.com\\\/es\\\/?s={search_term_string}\"},\"query-input\":{\"@type\":\"PropertyValueSpecification\",\"valueRequired\":true,\"valueName\":\"search_term_string\"}}],\"inLanguage\":\"es\"}]}<\/script>\n<!-- \/ Yoast SEO plugin. -->","yoast_head_json":{"title":"Herido por un conductor que se dio a la fuga | Preguntas frecuentes sobre lesiones personales","description":"\u00bfQu\u00e9 pasa si me lesiona un conductor que se da a la fuga? La ley de Colorado considera al conductor como no asegurado. As\u00ed que aseg\u00farate de que tu p\u00f3liza de autom\u00f3vil cubre UM\/UIM.","robots":{"index":"index","follow":"follow","max-snippet":"max-snippet:-1","max-image-preview":"max-image-preview:large","max-video-preview":"max-video-preview:-1"},"canonical":"https:\/\/dlslawfirm.com\/es\/preguntas-frecuentes\/que-pasa-si-me-lesiona-un-conductor-que-se-da-a-la-fuga\/","og_locale":"es_MX","og_type":"article","og_title":"Herido por un conductor que se dio a la fuga | Preguntas frecuentes sobre lesiones personales","og_description":"\u00bfQu\u00e9 pasa si me lesiona un conductor que se da a la fuga? La ley de Colorado considera al conductor como no asegurado. As\u00ed que aseg\u00farate de que tu p\u00f3liza de autom\u00f3vil cubre UM\/UIM.","og_url":"https:\/\/dlslawfirm.com\/es\/preguntas-frecuentes\/que-pasa-si-me-lesiona-un-conductor-que-se-da-a-la-fuga\/","og_site_name":"Law Offices of Dianne Sawaya LLC- En Espanol","og_image":[{"width":1600,"height":691,"url":"https:\/\/dlslawfirm.com\/es\/wp-content\/uploads\/sites\/2\/2022\/06\/rear-view-of-female-motorist-with-head-injury-gett-2021-08-26-16-14-36-utc.jpg","type":"image\/jpeg"}],"twitter_card":"summary_large_image","twitter_misc":{"Est. reading time":"1 minuto"},"schema":{"@context":"https:\/\/schema.org","@graph":[{"@type":"WebPage","@id":"https:\/\/dlslawfirm.com\/es\/preguntas-frecuentes\/que-pasa-si-me-lesiona-un-conductor-que-se-da-a-la-fuga\/","url":"https:\/\/dlslawfirm.com\/es\/preguntas-frecuentes\/que-pasa-si-me-lesiona-un-conductor-que-se-da-a-la-fuga\/","name":"Herido por un conductor que se dio a la fuga | Preguntas frecuentes sobre lesiones personales","isPartOf":{"@id":"https:\/\/dlslawfirm.com\/es\/#website"},"primaryImageOfPage":{"@id":"https:\/\/dlslawfirm.com\/es\/preguntas-frecuentes\/que-pasa-si-me-lesiona-un-conductor-que-se-da-a-la-fuga\/#primaryimage"},"image":{"@id":"https:\/\/dlslawfirm.com\/es\/preguntas-frecuentes\/que-pasa-si-me-lesiona-un-conductor-que-se-da-a-la-fuga\/#primaryimage"},"thumbnailUrl":"https:\/\/dlslawfirm.com\/es\/wp-content\/uploads\/sites\/2\/2022\/06\/rear-view-of-female-motorist-with-head-injury-gett-2021-08-26-16-14-36-utc.jpg","datePublished":"2015-07-22T15:21:31+00:00","description":"\u00bfQu\u00e9 pasa si me lesiona un conductor que se da a la fuga? La ley de Colorado considera al conductor como no asegurado. As\u00ed que aseg\u00farate de que tu p\u00f3liza de autom\u00f3vil cubre UM\/UIM.","breadcrumb":{"@id":"https:\/\/dlslawfirm.com\/es\/preguntas-frecuentes\/que-pasa-si-me-lesiona-un-conductor-que-se-da-a-la-fuga\/#breadcrumb"},"inLanguage":"es","potentialAction":[{"@type":"ReadAction","target":["https:\/\/dlslawfirm.com\/es\/preguntas-frecuentes\/que-pasa-si-me-lesiona-un-conductor-que-se-da-a-la-fuga\/"]}]},{"@type":"ImageObject","inLanguage":"es","@id":"https:\/\/dlslawfirm.com\/es\/preguntas-frecuentes\/que-pasa-si-me-lesiona-un-conductor-que-se-da-a-la-fuga\/#primaryimage","url":"https:\/\/dlslawfirm.com\/es\/wp-content\/uploads\/sites\/2\/2022\/06\/rear-view-of-female-motorist-with-head-injury-gett-2021-08-26-16-14-36-utc.jpg","contentUrl":"https:\/\/dlslawfirm.com\/es\/wp-content\/uploads\/sites\/2\/2022\/06\/rear-view-of-female-motorist-with-head-injury-gett-2021-08-26-16-14-36-utc.jpg","width":1600,"height":691,"caption":"Rear View Of Female Motorist With Head Injury Getting Out Of Car After Crash"},{"@type":"BreadcrumbList","@id":"https:\/\/dlslawfirm.com\/es\/preguntas-frecuentes\/que-pasa-si-me-lesiona-un-conductor-que-se-da-a-la-fuga\/#breadcrumb","itemListElement":[{"@type":"ListItem","position":1,"name":"Home","item":"https:\/\/dlslawfirm.com\/es\/"},{"@type":"ListItem","position":2,"name":"PREGUNTAS FRECUENTES","item":"https:\/\/dlslawfirm.com\/es\/preguntas-frecuentes\/"},{"@type":"ListItem","position":3,"name":"\u00bfQu\u00e9 pasa si me lesiona un conductor que se da a la fuga?"}]},{"@type":"WebSite","@id":"https:\/\/dlslawfirm.com\/es\/#website","url":"https:\/\/dlslawfirm.com\/es\/","name":"Law Offices of Dianne Sawaya LLC- En Espanol","description":"","potentialAction":[{"@type":"SearchAction","target":{"@type":"EntryPoint","urlTemplate":"https:\/\/dlslawfirm.com\/es\/?s={search_term_string}"},"query-input":{"@type":"PropertyValueSpecification","valueRequired":true,"valueName":"search_term_string"}}],"inLanguage":"es"}]}},"_links":{"self":[{"href":"https:\/\/dlslawfirm.com\/es\/wp-json\/wp\/v2\/pages\/6970","targetHints":{"allow":["GET"]}}],"collection":[{"href":"https:\/\/dlslawfirm.com\/es\/wp-json\/wp\/v2\/pages"}],"about":[{"href":"https:\/\/dlslawfirm.com\/es\/wp-json\/wp\/v2\/types\/page"}],"author":[{"embeddable":true,"href":"https:\/\/dlslawfirm.com\/es\/wp-json\/wp\/v2\/users\/2"}],"replies":[{"embeddable":true,"href":"https:\/\/dlslawfirm.com\/es\/wp-json\/wp\/v2\/comments?post=6970"}],"version-history":[{"count":0,"href":"https:\/\/dlslawfirm.com\/es\/wp-json\/wp\/v2\/pages\/6970\/revisions"}],"up":[{"embeddable":true,"href":"https:\/\/dlslawfirm.com\/es\/wp-json\/wp\/v2\/pages\/7013"}],"wp:featuredmedia":[{"embeddable":true,"href":"https:\/\/dlslawfirm.com\/es\/wp-json\/wp\/v2\/media\/7227"}],"wp:attachment":[{"href":"https:\/\/dlslawfirm.com\/es\/wp-json\/wp\/v2\/media?parent=6970"}],"wp:term":[{"taxonomy":"post_tag","embeddable":true,"href":"https:\/\/dlslawfirm.com\/es\/wp-json\/wp\/v2\/tags?post=6970"}],"curies":[{"name":"wp","href":"https:\/\/api.w.org\/{rel}","templated":true}]}}