{"id":6969,"date":"2015-07-22T16:42:12","date_gmt":"2015-07-22T16:42:12","guid":{"rendered":"https:\/\/dlslawfirm.com\/que-pasa-si-la-compania-de-seguros-me-llama-para-pedirme-una-declaracion-despues-de-mi-accidente-de-trafico\/"},"modified":"2015-07-22T16:42:12","modified_gmt":"2015-07-22T16:42:12","slug":"que-pasa-si-la-compania-de-seguros-me-llama-para-pedirme-una-declaracion-despues-de-mi-accidente-de-trafico","status":"publish","type":"page","link":"https:\/\/dlslawfirm.com\/es\/preguntas-frecuentes\/que-pasa-si-la-compania-de-seguros-me-llama-para-pedirme-una-declaracion-despues-de-mi-accidente-de-trafico\/","title":{"rendered":"\u00bfQu\u00e9 pasa si la compa\u00f1\u00eda de seguros me llama para pedirme una declaraci\u00f3n despu\u00e9s de mi accidente de tr\u00e1fico?"},"content":{"rendered":"<h2>Abogados de accidentes de tr\u00e1fico<\/h2>\n<p>Si recibes una llamada de la compa\u00f1\u00eda de seguros de la otra parte diciendo que quieren tomar una declaraci\u00f3n grabada para hablar de tus lesiones, te sugerimos una respuesta sencilla para ellos: &#8220;No&#8221;. Est\u00e1s obligado a cooperar con tu propia compa\u00f1\u00eda de seguros, pero no est\u00e1s obligado a hablar con la compa\u00f1\u00eda de seguros de la parte culpable sobre tus lesiones (est\u00e1 bien hablar de los detalles de los da\u00f1os materiales, pero no de tus lesiones). El perito del seguro puede parecer amable y servicial, y su petici\u00f3n puede parecer sincera. Pero tienen un motivo oculto: conseguir que digas algo que puedan utilizar contra ti m\u00e1s adelante. Buscar\u00e1n cualquier cosa que puedan utilizar para reducir o incluso denegar tu reclamaci\u00f3n. Si te llaman, diles que se pongan en contacto con tu abogado de lesiones personales del bufete de Dianne L. Sawaya, LLC. La ley dice que si tienes abogado, la compa\u00f1\u00eda de seguros no puede hablar de los detalles de las lesiones sufridas en el accidente. Deben hablar con tu abogado.<\/p>\n<p>Sin embargo, como ya hemos dicho, debes cumplir con tu compa\u00f1\u00eda de seguros. Aunque est\u00e9s confuso sobre con qui\u00e9n hablar, tu abogado siempre puede estar ah\u00ed para orientarte. Ponte en contacto con el bufete de Dianne L. Sawaya, LLC hoy mismo para empezar.<\/p>\n<p>Explora los art\u00edculos relacionados:<\/p>\n<ul>\n<li><a href=\"\/\/dlslawfirm.com\/resources\/faq-video-library\/que-si-el-otro-conductor-no-tiene-seguro\/\">\u00bfQu\u00e9 pasa si me lesiona alguien que no tiene seguro?<\/a><\/li>\n<li><a href=\"\/\/dlslawfirm.com\/faq\/quien-paga-las-facturas-medicas\/\">\u00bfQui\u00e9n paga las facturas m\u00e9dicas?<\/a><\/li>\n<li><a href=\"\/\/dlslawfirm.com\/colorado-car-accident-guide\/what-do-you-do-at-the-scene-of-a-car-crash\/\">Lee nuestra Gu\u00eda sobre accidentes de tr\u00e1fico en Colorado.<\/a><\/li>\n<\/ul>\n","protected":false},"excerpt":{"rendered":"<p>Abogados de accidentes de tr\u00e1fico Si recibes una llamada de la compa\u00f1\u00eda de seguros de la otra parte diciendo que quieren tomar una declaraci\u00f3n grabada para hablar de tus lesiones, te sugerimos una respuesta sencilla para ellos: &#8220;No&#8221;. Est\u00e1s obligado a cooperar con tu propia compa\u00f1\u00eda de seguros, pero no est\u00e1s obligado a hablar con&#8230;<\/p>\n","protected":false},"author":2,"featured_media":7241,"parent":7013,"menu_order":129,"comment_status":"open","ping_status":"open","template":"","meta":{"_acf_changed":false,"footnotes":""},"tags":[],"class_list":["post-6969","page","type-page","status-publish","has-post-thumbnail","hentry"],"acf":[],"yoast_head":"<!-- This site is optimized with the Yoast SEO plugin v27.3 - https:\/\/yoast.com\/product\/yoast-seo-wordpress\/ -->\n<title>\u00bfDebo dar a la compa\u00f1\u00eda de seguros una declaraci\u00f3n grabada?<\/title>\n<meta name=\"description\" content=\"Te aconsejamos que no hagas declaraciones a la compa\u00f1\u00eda de seguros despu\u00e9s de un accidente de coche en Denver. Habla con un abogado de Law Offices of Dianne Sawaya, LLC para obtener m\u00e1s informaci\u00f3n.\" \/>\n<meta name=\"robots\" content=\"index, follow, max-snippet:-1, max-image-preview:large, max-video-preview:-1\" \/>\n<link rel=\"canonical\" href=\"https:\/\/dlslawfirm.com\/es\/preguntas-frecuentes\/que-pasa-si-la-compania-de-seguros-me-llama-para-pedirme-una-declaracion-despues-de-mi-accidente-de-trafico\/\" \/>\n<meta property=\"og:locale\" content=\"es_MX\" \/>\n<meta property=\"og:type\" content=\"article\" \/>\n<meta property=\"og:title\" content=\"\u00bfDebo dar a la compa\u00f1\u00eda de seguros una declaraci\u00f3n grabada?\" \/>\n<meta property=\"og:description\" content=\"Te aconsejamos que no hagas declaraciones a la compa\u00f1\u00eda de seguros despu\u00e9s de un accidente de coche en Denver. Habla con un abogado de Law Offices of Dianne Sawaya, LLC para obtener m\u00e1s informaci\u00f3n.\" \/>\n<meta property=\"og:url\" content=\"https:\/\/dlslawfirm.com\/es\/preguntas-frecuentes\/que-pasa-si-la-compania-de-seguros-me-llama-para-pedirme-una-declaracion-despues-de-mi-accidente-de-trafico\/\" \/>\n<meta property=\"og:site_name\" content=\"Law Offices of Dianne Sawaya LLC- En Espanol\" \/>\n<meta property=\"og:image\" content=\"https:\/\/dlslawfirm.com\/es\/wp-content\/uploads\/sites\/2\/2022\/06\/pexels-pixabay-267447.jpg\" \/>\n\t<meta property=\"og:image:width\" content=\"1600\" \/>\n\t<meta property=\"og:image:height\" content=\"882\" \/>\n\t<meta property=\"og:image:type\" content=\"image\/jpeg\" \/>\n<meta name=\"twitter:card\" content=\"summary_large_image\" \/>\n<meta name=\"twitter:label1\" content=\"Est. reading time\" \/>\n\t<meta name=\"twitter:data1\" content=\"1 minuto\" \/>\n<script type=\"application\/ld+json\" class=\"yoast-schema-graph\">{\"@context\":\"https:\\\/\\\/schema.org\",\"@graph\":[{\"@type\":\"WebPage\",\"@id\":\"https:\\\/\\\/dlslawfirm.com\\\/es\\\/preguntas-frecuentes\\\/que-pasa-si-la-compania-de-seguros-me-llama-para-pedirme-una-declaracion-despues-de-mi-accidente-de-trafico\\\/\",\"url\":\"https:\\\/\\\/dlslawfirm.com\\\/es\\\/preguntas-frecuentes\\\/que-pasa-si-la-compania-de-seguros-me-llama-para-pedirme-una-declaracion-despues-de-mi-accidente-de-trafico\\\/\",\"name\":\"\u00bfDebo dar a la compa\u00f1\u00eda de seguros una declaraci\u00f3n grabada?\",\"isPartOf\":{\"@id\":\"https:\\\/\\\/dlslawfirm.com\\\/es\\\/#website\"},\"primaryImageOfPage\":{\"@id\":\"https:\\\/\\\/dlslawfirm.com\\\/es\\\/preguntas-frecuentes\\\/que-pasa-si-la-compania-de-seguros-me-llama-para-pedirme-una-declaracion-despues-de-mi-accidente-de-trafico\\\/#primaryimage\"},\"image\":{\"@id\":\"https:\\\/\\\/dlslawfirm.com\\\/es\\\/preguntas-frecuentes\\\/que-pasa-si-la-compania-de-seguros-me-llama-para-pedirme-una-declaracion-despues-de-mi-accidente-de-trafico\\\/#primaryimage\"},\"thumbnailUrl\":\"https:\\\/\\\/dlslawfirm.com\\\/es\\\/wp-content\\\/uploads\\\/sites\\\/2\\\/2022\\\/06\\\/pexels-pixabay-267447.jpg\",\"datePublished\":\"2015-07-22T16:42:12+00:00\",\"description\":\"Te aconsejamos que no hagas declaraciones a la compa\u00f1\u00eda de seguros despu\u00e9s de un accidente de coche en Denver. Habla con un abogado de Law Offices of Dianne Sawaya, LLC para obtener m\u00e1s informaci\u00f3n.\",\"breadcrumb\":{\"@id\":\"https:\\\/\\\/dlslawfirm.com\\\/es\\\/preguntas-frecuentes\\\/que-pasa-si-la-compania-de-seguros-me-llama-para-pedirme-una-declaracion-despues-de-mi-accidente-de-trafico\\\/#breadcrumb\"},\"inLanguage\":\"es\",\"potentialAction\":[{\"@type\":\"ReadAction\",\"target\":[\"https:\\\/\\\/dlslawfirm.com\\\/es\\\/preguntas-frecuentes\\\/que-pasa-si-la-compania-de-seguros-me-llama-para-pedirme-una-declaracion-despues-de-mi-accidente-de-trafico\\\/\"]}]},{\"@type\":\"ImageObject\",\"inLanguage\":\"es\",\"@id\":\"https:\\\/\\\/dlslawfirm.com\\\/es\\\/preguntas-frecuentes\\\/que-pasa-si-la-compania-de-seguros-me-llama-para-pedirme-una-declaracion-despues-de-mi-accidente-de-trafico\\\/#primaryimage\",\"url\":\"https:\\\/\\\/dlslawfirm.com\\\/es\\\/wp-content\\\/uploads\\\/sites\\\/2\\\/2022\\\/06\\\/pexels-pixabay-267447.jpg\",\"contentUrl\":\"https:\\\/\\\/dlslawfirm.com\\\/es\\\/wp-content\\\/uploads\\\/sites\\\/2\\\/2022\\\/06\\\/pexels-pixabay-267447.jpg\",\"width\":1600,\"height\":882,\"caption\":\"person holding cell phone\"},{\"@type\":\"BreadcrumbList\",\"@id\":\"https:\\\/\\\/dlslawfirm.com\\\/es\\\/preguntas-frecuentes\\\/que-pasa-si-la-compania-de-seguros-me-llama-para-pedirme-una-declaracion-despues-de-mi-accidente-de-trafico\\\/#breadcrumb\",\"itemListElement\":[{\"@type\":\"ListItem\",\"position\":1,\"name\":\"Home\",\"item\":\"https:\\\/\\\/dlslawfirm.com\\\/es\\\/\"},{\"@type\":\"ListItem\",\"position\":2,\"name\":\"PREGUNTAS FRECUENTES\",\"item\":\"https:\\\/\\\/dlslawfirm.com\\\/es\\\/preguntas-frecuentes\\\/\"},{\"@type\":\"ListItem\",\"position\":3,\"name\":\"\u00bfQu\u00e9 pasa si la compa\u00f1\u00eda de seguros me llama para pedirme una declaraci\u00f3n despu\u00e9s de mi accidente de tr\u00e1fico?\"}]},{\"@type\":\"WebSite\",\"@id\":\"https:\\\/\\\/dlslawfirm.com\\\/es\\\/#website\",\"url\":\"https:\\\/\\\/dlslawfirm.com\\\/es\\\/\",\"name\":\"Law Offices of Dianne Sawaya LLC- En Espanol\",\"description\":\"\",\"potentialAction\":[{\"@type\":\"SearchAction\",\"target\":{\"@type\":\"EntryPoint\",\"urlTemplate\":\"https:\\\/\\\/dlslawfirm.com\\\/es\\\/?s={search_term_string}\"},\"query-input\":{\"@type\":\"PropertyValueSpecification\",\"valueRequired\":true,\"valueName\":\"search_term_string\"}}],\"inLanguage\":\"es\"}]}<\/script>\n<!-- \/ Yoast SEO plugin. -->","yoast_head_json":{"title":"\u00bfDebo dar a la compa\u00f1\u00eda de seguros una declaraci\u00f3n grabada?","description":"Te aconsejamos que no hagas declaraciones a la compa\u00f1\u00eda de seguros despu\u00e9s de un accidente de coche en Denver. Habla con un abogado de Law Offices of Dianne Sawaya, LLC para obtener m\u00e1s informaci\u00f3n.","robots":{"index":"index","follow":"follow","max-snippet":"max-snippet:-1","max-image-preview":"max-image-preview:large","max-video-preview":"max-video-preview:-1"},"canonical":"https:\/\/dlslawfirm.com\/es\/preguntas-frecuentes\/que-pasa-si-la-compania-de-seguros-me-llama-para-pedirme-una-declaracion-despues-de-mi-accidente-de-trafico\/","og_locale":"es_MX","og_type":"article","og_title":"\u00bfDebo dar a la compa\u00f1\u00eda de seguros una declaraci\u00f3n grabada?","og_description":"Te aconsejamos que no hagas declaraciones a la compa\u00f1\u00eda de seguros despu\u00e9s de un accidente de coche en Denver. Habla con un abogado de Law Offices of Dianne Sawaya, LLC para obtener m\u00e1s informaci\u00f3n.","og_url":"https:\/\/dlslawfirm.com\/es\/preguntas-frecuentes\/que-pasa-si-la-compania-de-seguros-me-llama-para-pedirme-una-declaracion-despues-de-mi-accidente-de-trafico\/","og_site_name":"Law Offices of Dianne Sawaya LLC- En Espanol","og_image":[{"width":1600,"height":882,"url":"https:\/\/dlslawfirm.com\/es\/wp-content\/uploads\/sites\/2\/2022\/06\/pexels-pixabay-267447.jpg","type":"image\/jpeg"}],"twitter_card":"summary_large_image","twitter_misc":{"Est. reading time":"1 minuto"},"schema":{"@context":"https:\/\/schema.org","@graph":[{"@type":"WebPage","@id":"https:\/\/dlslawfirm.com\/es\/preguntas-frecuentes\/que-pasa-si-la-compania-de-seguros-me-llama-para-pedirme-una-declaracion-despues-de-mi-accidente-de-trafico\/","url":"https:\/\/dlslawfirm.com\/es\/preguntas-frecuentes\/que-pasa-si-la-compania-de-seguros-me-llama-para-pedirme-una-declaracion-despues-de-mi-accidente-de-trafico\/","name":"\u00bfDebo dar a la compa\u00f1\u00eda de seguros una declaraci\u00f3n grabada?","isPartOf":{"@id":"https:\/\/dlslawfirm.com\/es\/#website"},"primaryImageOfPage":{"@id":"https:\/\/dlslawfirm.com\/es\/preguntas-frecuentes\/que-pasa-si-la-compania-de-seguros-me-llama-para-pedirme-una-declaracion-despues-de-mi-accidente-de-trafico\/#primaryimage"},"image":{"@id":"https:\/\/dlslawfirm.com\/es\/preguntas-frecuentes\/que-pasa-si-la-compania-de-seguros-me-llama-para-pedirme-una-declaracion-despues-de-mi-accidente-de-trafico\/#primaryimage"},"thumbnailUrl":"https:\/\/dlslawfirm.com\/es\/wp-content\/uploads\/sites\/2\/2022\/06\/pexels-pixabay-267447.jpg","datePublished":"2015-07-22T16:42:12+00:00","description":"Te aconsejamos que no hagas declaraciones a la compa\u00f1\u00eda de seguros despu\u00e9s de un accidente de coche en Denver. Habla con un abogado de Law Offices of Dianne Sawaya, LLC para obtener m\u00e1s informaci\u00f3n.","breadcrumb":{"@id":"https:\/\/dlslawfirm.com\/es\/preguntas-frecuentes\/que-pasa-si-la-compania-de-seguros-me-llama-para-pedirme-una-declaracion-despues-de-mi-accidente-de-trafico\/#breadcrumb"},"inLanguage":"es","potentialAction":[{"@type":"ReadAction","target":["https:\/\/dlslawfirm.com\/es\/preguntas-frecuentes\/que-pasa-si-la-compania-de-seguros-me-llama-para-pedirme-una-declaracion-despues-de-mi-accidente-de-trafico\/"]}]},{"@type":"ImageObject","inLanguage":"es","@id":"https:\/\/dlslawfirm.com\/es\/preguntas-frecuentes\/que-pasa-si-la-compania-de-seguros-me-llama-para-pedirme-una-declaracion-despues-de-mi-accidente-de-trafico\/#primaryimage","url":"https:\/\/dlslawfirm.com\/es\/wp-content\/uploads\/sites\/2\/2022\/06\/pexels-pixabay-267447.jpg","contentUrl":"https:\/\/dlslawfirm.com\/es\/wp-content\/uploads\/sites\/2\/2022\/06\/pexels-pixabay-267447.jpg","width":1600,"height":882,"caption":"person holding cell phone"},{"@type":"BreadcrumbList","@id":"https:\/\/dlslawfirm.com\/es\/preguntas-frecuentes\/que-pasa-si-la-compania-de-seguros-me-llama-para-pedirme-una-declaracion-despues-de-mi-accidente-de-trafico\/#breadcrumb","itemListElement":[{"@type":"ListItem","position":1,"name":"Home","item":"https:\/\/dlslawfirm.com\/es\/"},{"@type":"ListItem","position":2,"name":"PREGUNTAS FRECUENTES","item":"https:\/\/dlslawfirm.com\/es\/preguntas-frecuentes\/"},{"@type":"ListItem","position":3,"name":"\u00bfQu\u00e9 pasa si la compa\u00f1\u00eda de seguros me llama para pedirme una declaraci\u00f3n despu\u00e9s de mi accidente de tr\u00e1fico?"}]},{"@type":"WebSite","@id":"https:\/\/dlslawfirm.com\/es\/#website","url":"https:\/\/dlslawfirm.com\/es\/","name":"Law Offices of Dianne Sawaya LLC- En Espanol","description":"","potentialAction":[{"@type":"SearchAction","target":{"@type":"EntryPoint","urlTemplate":"https:\/\/dlslawfirm.com\/es\/?s={search_term_string}"},"query-input":{"@type":"PropertyValueSpecification","valueRequired":true,"valueName":"search_term_string"}}],"inLanguage":"es"}]}},"_links":{"self":[{"href":"https:\/\/dlslawfirm.com\/es\/wp-json\/wp\/v2\/pages\/6969","targetHints":{"allow":["GET"]}}],"collection":[{"href":"https:\/\/dlslawfirm.com\/es\/wp-json\/wp\/v2\/pages"}],"about":[{"href":"https:\/\/dlslawfirm.com\/es\/wp-json\/wp\/v2\/types\/page"}],"author":[{"embeddable":true,"href":"https:\/\/dlslawfirm.com\/es\/wp-json\/wp\/v2\/users\/2"}],"replies":[{"embeddable":true,"href":"https:\/\/dlslawfirm.com\/es\/wp-json\/wp\/v2\/comments?post=6969"}],"version-history":[{"count":0,"href":"https:\/\/dlslawfirm.com\/es\/wp-json\/wp\/v2\/pages\/6969\/revisions"}],"up":[{"embeddable":true,"href":"https:\/\/dlslawfirm.com\/es\/wp-json\/wp\/v2\/pages\/7013"}],"wp:featuredmedia":[{"embeddable":true,"href":"https:\/\/dlslawfirm.com\/es\/wp-json\/wp\/v2\/media\/7241"}],"wp:attachment":[{"href":"https:\/\/dlslawfirm.com\/es\/wp-json\/wp\/v2\/media?parent=6969"}],"wp:term":[{"taxonomy":"post_tag","embeddable":true,"href":"https:\/\/dlslawfirm.com\/es\/wp-json\/wp\/v2\/tags?post=6969"}],"curies":[{"name":"wp","href":"https:\/\/api.w.org\/{rel}","templated":true}]}}