{"id":6968,"date":"2015-07-22T16:16:05","date_gmt":"2015-07-22T16:16:05","guid":{"rendered":"https:\/\/dlslawfirm.com\/quien-paga-las-facturas-medicas-tras-un-accidente-de-coche\/"},"modified":"2015-07-22T16:16:05","modified_gmt":"2015-07-22T16:16:05","slug":"quien-paga-las-facturas-medicas-tras-un-accidente-de-coche","status":"publish","type":"page","link":"https:\/\/dlslawfirm.com\/es\/preguntas-frecuentes\/quien-paga-las-facturas-medicas-tras-un-accidente-de-coche\/","title":{"rendered":"\u00bfQui\u00e9n paga las facturas m\u00e9dicas tras un accidente de coche?"},"content":{"rendered":"<h2>Abogados expertos en lesiones personales<\/h2>\n<p>La respuesta a esto depende sobre todo del tipo de cobertura de seguro que tengas. Si tienes cobertura de pagos m\u00e9dicos (&#8220;med-pay&#8221;) en tu p\u00f3liza de seguro de autom\u00f3vil, \u00e9sta pagar\u00e1 tu tratamiento m\u00e9dico hasta los l\u00edmites de la cobertura. Si no tienes cobertura de pago m\u00e9dico o has agotado la que tienes, tu seguro m\u00e9dico puede cubrir una parte o la totalidad de tus facturas m\u00e9dicas, aunque es probable que la compa\u00f1\u00eda de seguros m\u00e9dicos pida a la aseguradora del autom\u00f3vil que les reembolse de tu liquidaci\u00f3n lo que la aseguradora m\u00e9dica pag\u00f3 por tus facturas m\u00e9dicas.<\/p>\n<p>Si no tienes cobertura de pagos m\u00e9dicos ni seguro m\u00e9dico, esto no es el final del camino. El bufete de Dianne L. Sawaya, LLC, trabajar\u00e1 con nuestra red de especialistas m\u00e9dicos para que te traten y se encarguen de pagar las facturas m\u00e9dicas al final de tu caso. Puede ser un proceso muy complicado, que no puedes hacer t\u00fa solo. Ll\u00e1manos hoy mismo para que podamos ayudarte a recibir el tratamiento m\u00e9dico que necesitas, sea cual sea la cobertura de tu seguro.<\/p>\n<p>Explora los art\u00edculos relacionados:<\/p>\n<ul>\n<li><a href=\"\/\/dlslawfirm.com\/resources\/faq-video-library\/que-si-el-otro-conductor-no-tiene-seguro\/\">\u00bfY si el otro conductor no tiene seguro?<\/a><\/li>\n<li><a href=\"\/\/dlslawfirm.com\/faq\/que-si-la-compa\u00f1ia-de-seguros-me-llama-para-una-declaraci\u00f3n\/\">\u00bfQu\u00e9 pasa si la compa\u00f1\u00eda de seguros me llama para pedirme una declaraci\u00f3n?<\/a><\/li>\n<\/ul>\n","protected":false},"excerpt":{"rendered":"<p>Abogados expertos en lesiones personales La respuesta a esto depende sobre todo del tipo de cobertura de seguro que tengas. Si tienes cobertura de pagos m\u00e9dicos (&#8220;med-pay&#8221;) en tu p\u00f3liza de seguro de autom\u00f3vil, \u00e9sta pagar\u00e1 tu tratamiento m\u00e9dico hasta los l\u00edmites de la cobertura. Si no tienes cobertura de pago m\u00e9dico o has agotado&#8230;<\/p>\n","protected":false},"author":2,"featured_media":7242,"parent":7013,"menu_order":135,"comment_status":"open","ping_status":"open","template":"","meta":{"_acf_changed":false,"footnotes":""},"tags":[],"class_list":["post-6968","page","type-page","status-publish","has-post-thumbnail","hentry"],"acf":[],"yoast_head":"<!-- This site is optimized with the Yoast SEO plugin v27.3 - https:\/\/yoast.com\/product\/yoast-seo-wordpress\/ -->\n<title>Me han lesionado | \u00bfQui\u00e9n paga las facturas m\u00e9dicas?<\/title>\n<meta name=\"description\" content=\"Tras sufrir una lesi\u00f3n en Denver, CO, ponte en contacto con un abogado. El bufete de Dianne Sawaya, LLC te ayuda a navegar por las facturas m\u00e9dicas y a encontrar alivio.\" \/>\n<meta name=\"robots\" content=\"index, follow, max-snippet:-1, max-image-preview:large, max-video-preview:-1\" \/>\n<link rel=\"canonical\" href=\"https:\/\/dlslawfirm.com\/es\/preguntas-frecuentes\/quien-paga-las-facturas-medicas-tras-un-accidente-de-coche\/\" \/>\n<meta property=\"og:locale\" content=\"es_MX\" \/>\n<meta property=\"og:type\" content=\"article\" \/>\n<meta property=\"og:title\" content=\"Me han lesionado | \u00bfQui\u00e9n paga las facturas m\u00e9dicas?\" \/>\n<meta property=\"og:description\" content=\"Tras sufrir una lesi\u00f3n en Denver, CO, ponte en contacto con un abogado. El bufete de Dianne Sawaya, LLC te ayuda a navegar por las facturas m\u00e9dicas y a encontrar alivio.\" \/>\n<meta property=\"og:url\" content=\"https:\/\/dlslawfirm.com\/es\/preguntas-frecuentes\/quien-paga-las-facturas-medicas-tras-un-accidente-de-coche\/\" \/>\n<meta property=\"og:site_name\" content=\"Law Offices of Dianne Sawaya LLC- En Espanol\" \/>\n<meta property=\"og:image\" content=\"https:\/\/dlslawfirm.com\/es\/wp-content\/uploads\/sites\/2\/2022\/06\/pexels-pixabay-40568.jpg\" \/>\n\t<meta property=\"og:image:width\" content=\"1600\" \/>\n\t<meta property=\"og:image:height\" content=\"736\" \/>\n\t<meta property=\"og:image:type\" content=\"image\/jpeg\" \/>\n<meta name=\"twitter:card\" content=\"summary_large_image\" \/>\n<meta name=\"twitter:label1\" content=\"Est. reading time\" \/>\n\t<meta name=\"twitter:data1\" content=\"1 minuto\" \/>\n<script type=\"application\/ld+json\" class=\"yoast-schema-graph\">{\"@context\":\"https:\\\/\\\/schema.org\",\"@graph\":[{\"@type\":\"WebPage\",\"@id\":\"https:\\\/\\\/dlslawfirm.com\\\/es\\\/preguntas-frecuentes\\\/quien-paga-las-facturas-medicas-tras-un-accidente-de-coche\\\/\",\"url\":\"https:\\\/\\\/dlslawfirm.com\\\/es\\\/preguntas-frecuentes\\\/quien-paga-las-facturas-medicas-tras-un-accidente-de-coche\\\/\",\"name\":\"Me han lesionado | \u00bfQui\u00e9n paga las facturas m\u00e9dicas?\",\"isPartOf\":{\"@id\":\"https:\\\/\\\/dlslawfirm.com\\\/es\\\/#website\"},\"primaryImageOfPage\":{\"@id\":\"https:\\\/\\\/dlslawfirm.com\\\/es\\\/preguntas-frecuentes\\\/quien-paga-las-facturas-medicas-tras-un-accidente-de-coche\\\/#primaryimage\"},\"image\":{\"@id\":\"https:\\\/\\\/dlslawfirm.com\\\/es\\\/preguntas-frecuentes\\\/quien-paga-las-facturas-medicas-tras-un-accidente-de-coche\\\/#primaryimage\"},\"thumbnailUrl\":\"https:\\\/\\\/dlslawfirm.com\\\/es\\\/wp-content\\\/uploads\\\/sites\\\/2\\\/2022\\\/06\\\/pexels-pixabay-40568.jpg\",\"datePublished\":\"2015-07-22T16:16:05+00:00\",\"description\":\"Tras sufrir una lesi\u00f3n en Denver, CO, ponte en contacto con un abogado. El bufete de Dianne Sawaya, LLC te ayuda a navegar por las facturas m\u00e9dicas y a encontrar alivio.\",\"breadcrumb\":{\"@id\":\"https:\\\/\\\/dlslawfirm.com\\\/es\\\/preguntas-frecuentes\\\/quien-paga-las-facturas-medicas-tras-un-accidente-de-coche\\\/#breadcrumb\"},\"inLanguage\":\"es\",\"potentialAction\":[{\"@type\":\"ReadAction\",\"target\":[\"https:\\\/\\\/dlslawfirm.com\\\/es\\\/preguntas-frecuentes\\\/quien-paga-las-facturas-medicas-tras-un-accidente-de-coche\\\/\"]}]},{\"@type\":\"ImageObject\",\"inLanguage\":\"es\",\"@id\":\"https:\\\/\\\/dlslawfirm.com\\\/es\\\/preguntas-frecuentes\\\/quien-paga-las-facturas-medicas-tras-un-accidente-de-coche\\\/#primaryimage\",\"url\":\"https:\\\/\\\/dlslawfirm.com\\\/es\\\/wp-content\\\/uploads\\\/sites\\\/2\\\/2022\\\/06\\\/pexels-pixabay-40568.jpg\",\"contentUrl\":\"https:\\\/\\\/dlslawfirm.com\\\/es\\\/wp-content\\\/uploads\\\/sites\\\/2\\\/2022\\\/06\\\/pexels-pixabay-40568.jpg\",\"width\":1600,\"height\":736,\"caption\":\"stethoscope on top of document\"},{\"@type\":\"BreadcrumbList\",\"@id\":\"https:\\\/\\\/dlslawfirm.com\\\/es\\\/preguntas-frecuentes\\\/quien-paga-las-facturas-medicas-tras-un-accidente-de-coche\\\/#breadcrumb\",\"itemListElement\":[{\"@type\":\"ListItem\",\"position\":1,\"name\":\"Home\",\"item\":\"https:\\\/\\\/dlslawfirm.com\\\/es\\\/\"},{\"@type\":\"ListItem\",\"position\":2,\"name\":\"PREGUNTAS FRECUENTES\",\"item\":\"https:\\\/\\\/dlslawfirm.com\\\/es\\\/preguntas-frecuentes\\\/\"},{\"@type\":\"ListItem\",\"position\":3,\"name\":\"\u00bfQui\u00e9n paga las facturas m\u00e9dicas tras un accidente de coche?\"}]},{\"@type\":\"WebSite\",\"@id\":\"https:\\\/\\\/dlslawfirm.com\\\/es\\\/#website\",\"url\":\"https:\\\/\\\/dlslawfirm.com\\\/es\\\/\",\"name\":\"Law Offices of Dianne Sawaya LLC- En Espanol\",\"description\":\"\",\"potentialAction\":[{\"@type\":\"SearchAction\",\"target\":{\"@type\":\"EntryPoint\",\"urlTemplate\":\"https:\\\/\\\/dlslawfirm.com\\\/es\\\/?s={search_term_string}\"},\"query-input\":{\"@type\":\"PropertyValueSpecification\",\"valueRequired\":true,\"valueName\":\"search_term_string\"}}],\"inLanguage\":\"es\"}]}<\/script>\n<!-- \/ Yoast SEO plugin. -->","yoast_head_json":{"title":"Me han lesionado | \u00bfQui\u00e9n paga las facturas m\u00e9dicas?","description":"Tras sufrir una lesi\u00f3n en Denver, CO, ponte en contacto con un abogado. El bufete de Dianne Sawaya, LLC te ayuda a navegar por las facturas m\u00e9dicas y a encontrar alivio.","robots":{"index":"index","follow":"follow","max-snippet":"max-snippet:-1","max-image-preview":"max-image-preview:large","max-video-preview":"max-video-preview:-1"},"canonical":"https:\/\/dlslawfirm.com\/es\/preguntas-frecuentes\/quien-paga-las-facturas-medicas-tras-un-accidente-de-coche\/","og_locale":"es_MX","og_type":"article","og_title":"Me han lesionado | \u00bfQui\u00e9n paga las facturas m\u00e9dicas?","og_description":"Tras sufrir una lesi\u00f3n en Denver, CO, ponte en contacto con un abogado. El bufete de Dianne Sawaya, LLC te ayuda a navegar por las facturas m\u00e9dicas y a encontrar alivio.","og_url":"https:\/\/dlslawfirm.com\/es\/preguntas-frecuentes\/quien-paga-las-facturas-medicas-tras-un-accidente-de-coche\/","og_site_name":"Law Offices of Dianne Sawaya LLC- En Espanol","og_image":[{"width":1600,"height":736,"url":"https:\/\/dlslawfirm.com\/es\/wp-content\/uploads\/sites\/2\/2022\/06\/pexels-pixabay-40568.jpg","type":"image\/jpeg"}],"twitter_card":"summary_large_image","twitter_misc":{"Est. reading time":"1 minuto"},"schema":{"@context":"https:\/\/schema.org","@graph":[{"@type":"WebPage","@id":"https:\/\/dlslawfirm.com\/es\/preguntas-frecuentes\/quien-paga-las-facturas-medicas-tras-un-accidente-de-coche\/","url":"https:\/\/dlslawfirm.com\/es\/preguntas-frecuentes\/quien-paga-las-facturas-medicas-tras-un-accidente-de-coche\/","name":"Me han lesionado | \u00bfQui\u00e9n paga las facturas m\u00e9dicas?","isPartOf":{"@id":"https:\/\/dlslawfirm.com\/es\/#website"},"primaryImageOfPage":{"@id":"https:\/\/dlslawfirm.com\/es\/preguntas-frecuentes\/quien-paga-las-facturas-medicas-tras-un-accidente-de-coche\/#primaryimage"},"image":{"@id":"https:\/\/dlslawfirm.com\/es\/preguntas-frecuentes\/quien-paga-las-facturas-medicas-tras-un-accidente-de-coche\/#primaryimage"},"thumbnailUrl":"https:\/\/dlslawfirm.com\/es\/wp-content\/uploads\/sites\/2\/2022\/06\/pexels-pixabay-40568.jpg","datePublished":"2015-07-22T16:16:05+00:00","description":"Tras sufrir una lesi\u00f3n en Denver, CO, ponte en contacto con un abogado. El bufete de Dianne Sawaya, LLC te ayuda a navegar por las facturas m\u00e9dicas y a encontrar alivio.","breadcrumb":{"@id":"https:\/\/dlslawfirm.com\/es\/preguntas-frecuentes\/quien-paga-las-facturas-medicas-tras-un-accidente-de-coche\/#breadcrumb"},"inLanguage":"es","potentialAction":[{"@type":"ReadAction","target":["https:\/\/dlslawfirm.com\/es\/preguntas-frecuentes\/quien-paga-las-facturas-medicas-tras-un-accidente-de-coche\/"]}]},{"@type":"ImageObject","inLanguage":"es","@id":"https:\/\/dlslawfirm.com\/es\/preguntas-frecuentes\/quien-paga-las-facturas-medicas-tras-un-accidente-de-coche\/#primaryimage","url":"https:\/\/dlslawfirm.com\/es\/wp-content\/uploads\/sites\/2\/2022\/06\/pexels-pixabay-40568.jpg","contentUrl":"https:\/\/dlslawfirm.com\/es\/wp-content\/uploads\/sites\/2\/2022\/06\/pexels-pixabay-40568.jpg","width":1600,"height":736,"caption":"stethoscope on top of document"},{"@type":"BreadcrumbList","@id":"https:\/\/dlslawfirm.com\/es\/preguntas-frecuentes\/quien-paga-las-facturas-medicas-tras-un-accidente-de-coche\/#breadcrumb","itemListElement":[{"@type":"ListItem","position":1,"name":"Home","item":"https:\/\/dlslawfirm.com\/es\/"},{"@type":"ListItem","position":2,"name":"PREGUNTAS FRECUENTES","item":"https:\/\/dlslawfirm.com\/es\/preguntas-frecuentes\/"},{"@type":"ListItem","position":3,"name":"\u00bfQui\u00e9n paga las facturas m\u00e9dicas tras un accidente de coche?"}]},{"@type":"WebSite","@id":"https:\/\/dlslawfirm.com\/es\/#website","url":"https:\/\/dlslawfirm.com\/es\/","name":"Law Offices of Dianne Sawaya LLC- En Espanol","description":"","potentialAction":[{"@type":"SearchAction","target":{"@type":"EntryPoint","urlTemplate":"https:\/\/dlslawfirm.com\/es\/?s={search_term_string}"},"query-input":{"@type":"PropertyValueSpecification","valueRequired":true,"valueName":"search_term_string"}}],"inLanguage":"es"}]}},"_links":{"self":[{"href":"https:\/\/dlslawfirm.com\/es\/wp-json\/wp\/v2\/pages\/6968","targetHints":{"allow":["GET"]}}],"collection":[{"href":"https:\/\/dlslawfirm.com\/es\/wp-json\/wp\/v2\/pages"}],"about":[{"href":"https:\/\/dlslawfirm.com\/es\/wp-json\/wp\/v2\/types\/page"}],"author":[{"embeddable":true,"href":"https:\/\/dlslawfirm.com\/es\/wp-json\/wp\/v2\/users\/2"}],"replies":[{"embeddable":true,"href":"https:\/\/dlslawfirm.com\/es\/wp-json\/wp\/v2\/comments?post=6968"}],"version-history":[{"count":0,"href":"https:\/\/dlslawfirm.com\/es\/wp-json\/wp\/v2\/pages\/6968\/revisions"}],"up":[{"embeddable":true,"href":"https:\/\/dlslawfirm.com\/es\/wp-json\/wp\/v2\/pages\/7013"}],"wp:featuredmedia":[{"embeddable":true,"href":"https:\/\/dlslawfirm.com\/es\/wp-json\/wp\/v2\/media\/7242"}],"wp:attachment":[{"href":"https:\/\/dlslawfirm.com\/es\/wp-json\/wp\/v2\/media?parent=6968"}],"wp:term":[{"taxonomy":"post_tag","embeddable":true,"href":"https:\/\/dlslawfirm.com\/es\/wp-json\/wp\/v2\/tags?post=6968"}],"curies":[{"name":"wp","href":"https:\/\/api.w.org\/{rel}","templated":true}]}}