{"id":6967,"date":"2015-07-22T15:56:55","date_gmt":"2015-07-22T15:56:55","guid":{"rendered":"https:\/\/dlslawfirm.com\/he-tenido-un-accidente-de-coche-when-should-i-hire-a-lawyer\/"},"modified":"2015-07-22T15:56:55","modified_gmt":"2015-07-22T15:56:55","slug":"he-tenido-un-accidente-de-coche-when-should-i-hire-a-lawyer","status":"publish","type":"page","link":"https:\/\/dlslawfirm.com\/es\/preguntas-frecuentes\/he-tenido-un-accidente-de-coche-when-should-i-hire-a-lawyer\/","title":{"rendered":"He tenido un accidente de coche. When should I hire a lawyer?"},"content":{"rendered":"<h2>Abogado de accidentes de tr\u00e1fico<\/h2>\n<p>Debes ponerte en contacto con un abogado lo antes posible tras tu accidente de coche, cami\u00f3n o cualquier lesi\u00f3n personal. Hay pasos legales que deben darse para proteger tus intereses, y un abogado de lesiones personales puede ayudarte a preservar pruebas cruciales. Si se te pasa un plazo para presentar una demanda, se te proh\u00edbe poder hacerlo nunca. Un buen abogado de lesiones personales como Dianne Sawaya tambi\u00e9n puede ayudarte a conseguir el tratamiento m\u00e9dico que necesitas de inmediato, y puede hacer que te vean los mejores especialistas. Es importante que acudas a uno de los proveedores m\u00e9dicos de Dianne Sawaya lo antes posible tras tu accidente, para evitar grandes lagunas entre el momento en que te lesionaste y el momento en que acudas al m\u00e9dico para recibir tratamiento. Si hay un gran intervalo de tiempo, la compa\u00f1\u00eda de seguros puede intentar decir que tus lesiones no eran realmente tan graves y que, por tanto, no necesitas tanta indemnizaci\u00f3n.<\/p>\n<p>Si has tenido un accidente de coche en Denver, Colorado, los siguientes recursos deber\u00edan ayudarte a atravesar esta dif\u00edcil situaci\u00f3n:<\/p>\n<ul>\n<li><a href=\"\/\/dlslawfirm.com\/colorado-car-accident-guide\/\">Gu\u00eda de accidentes de tr\u00e1fico en Denver<\/a><\/li>\n<li><a href=\"\/\/dlslawfirm.com\/resources\/faq-video-library\/que-si-el-otro-conductor-no-tiene-seguro\/\">\u00bfY si el otro conductor no tiene seguro?<\/a><\/li>\n<li><a href=\"\/\/dlslawfirm.com\/resources\/faq-video-library\/will-i-have-to-go-to-court\/\">\u00bfTendr\u00e9 que ir a juicio?<\/a><\/li>\n<\/ul>\n","protected":false},"excerpt":{"rendered":"<p>Abogado de accidentes de tr\u00e1fico Debes ponerte en contacto con un abogado lo antes posible tras tu accidente de coche, cami\u00f3n o cualquier lesi\u00f3n personal. Hay pasos legales que deben darse para proteger tus intereses, y un abogado de lesiones personales puede ayudarte a preservar pruebas cruciales. Si se te pasa un plazo para presentar&#8230;<\/p>\n","protected":false},"author":2,"featured_media":7240,"parent":7013,"menu_order":140,"comment_status":"open","ping_status":"open","template":"","meta":{"_acf_changed":false,"footnotes":""},"tags":[],"class_list":["post-6967","page","type-page","status-publish","has-post-thumbnail","hentry"],"acf":[],"yoast_head":"<!-- This site is optimized with the Yoast SEO plugin v27.3 - https:\/\/yoast.com\/product\/yoast-seo-wordpress\/ -->\n<title>He tenido un accidente de tr\u00e1fico, \u00bfdebo contratar a un abogado? | PREGUNTAS FRECUENTES<\/title>\n<meta name=\"description\" content=\"Debes ponerte en contacto con un abogado lo antes posible tras tu accidente de coche, cami\u00f3n o cualquier lesi\u00f3n personal. Hay pasos legales que deben darse para proteger tus intereses, y un abogado de lesiones personales puede ayudarte a preservar pruebas cruciales.\" \/>\n<meta name=\"robots\" content=\"index, follow, max-snippet:-1, max-image-preview:large, max-video-preview:-1\" \/>\n<link rel=\"canonical\" href=\"https:\/\/dlslawfirm.com\/es\/preguntas-frecuentes\/he-tenido-un-accidente-de-coche-when-should-i-hire-a-lawyer\/\" \/>\n<meta property=\"og:locale\" content=\"es_MX\" \/>\n<meta property=\"og:type\" content=\"article\" \/>\n<meta property=\"og:title\" content=\"He tenido un accidente de tr\u00e1fico, \u00bfdebo contratar a un abogado? | PREGUNTAS FRECUENTES\" \/>\n<meta property=\"og:description\" content=\"Debes ponerte en contacto con un abogado lo antes posible tras tu accidente de coche, cami\u00f3n o cualquier lesi\u00f3n personal. Hay pasos legales que deben darse para proteger tus intereses, y un abogado de lesiones personales puede ayudarte a preservar pruebas cruciales.\" \/>\n<meta property=\"og:url\" content=\"https:\/\/dlslawfirm.com\/es\/preguntas-frecuentes\/he-tenido-un-accidente-de-coche-when-should-i-hire-a-lawyer\/\" \/>\n<meta property=\"og:site_name\" content=\"Law Offices of Dianne Sawaya LLC- En Espanol\" \/>\n<meta property=\"og:image\" content=\"https:\/\/dlslawfirm.com\/es\/wp-content\/uploads\/sites\/2\/2022\/06\/pexels-pixabay-269323.jpg\" \/>\n\t<meta property=\"og:image:width\" content=\"1600\" \/>\n\t<meta property=\"og:image:height\" content=\"1067\" \/>\n\t<meta property=\"og:image:type\" content=\"image\/jpeg\" \/>\n<meta name=\"twitter:card\" content=\"summary_large_image\" \/>\n<meta name=\"twitter:label1\" content=\"Est. reading time\" \/>\n\t<meta name=\"twitter:data1\" content=\"1 minuto\" \/>\n<script type=\"application\/ld+json\" class=\"yoast-schema-graph\">{\"@context\":\"https:\\\/\\\/schema.org\",\"@graph\":[{\"@type\":\"WebPage\",\"@id\":\"https:\\\/\\\/dlslawfirm.com\\\/es\\\/preguntas-frecuentes\\\/he-tenido-un-accidente-de-coche-when-should-i-hire-a-lawyer\\\/\",\"url\":\"https:\\\/\\\/dlslawfirm.com\\\/es\\\/preguntas-frecuentes\\\/he-tenido-un-accidente-de-coche-when-should-i-hire-a-lawyer\\\/\",\"name\":\"He tenido un accidente de tr\u00e1fico, \u00bfdebo contratar a un abogado? | PREGUNTAS FRECUENTES\",\"isPartOf\":{\"@id\":\"https:\\\/\\\/dlslawfirm.com\\\/es\\\/#website\"},\"primaryImageOfPage\":{\"@id\":\"https:\\\/\\\/dlslawfirm.com\\\/es\\\/preguntas-frecuentes\\\/he-tenido-un-accidente-de-coche-when-should-i-hire-a-lawyer\\\/#primaryimage\"},\"image\":{\"@id\":\"https:\\\/\\\/dlslawfirm.com\\\/es\\\/preguntas-frecuentes\\\/he-tenido-un-accidente-de-coche-when-should-i-hire-a-lawyer\\\/#primaryimage\"},\"thumbnailUrl\":\"https:\\\/\\\/dlslawfirm.com\\\/es\\\/wp-content\\\/uploads\\\/sites\\\/2\\\/2022\\\/06\\\/pexels-pixabay-269323.jpg\",\"datePublished\":\"2015-07-22T15:56:55+00:00\",\"description\":\"Debes ponerte en contacto con un abogado lo antes posible tras tu accidente de coche, cami\u00f3n o cualquier lesi\u00f3n personal. Hay pasos legales que deben darse para proteger tus intereses, y un abogado de lesiones personales puede ayudarte a preservar pruebas cruciales.\",\"breadcrumb\":{\"@id\":\"https:\\\/\\\/dlslawfirm.com\\\/es\\\/preguntas-frecuentes\\\/he-tenido-un-accidente-de-coche-when-should-i-hire-a-lawyer\\\/#breadcrumb\"},\"inLanguage\":\"es\",\"potentialAction\":[{\"@type\":\"ReadAction\",\"target\":[\"https:\\\/\\\/dlslawfirm.com\\\/es\\\/preguntas-frecuentes\\\/he-tenido-un-accidente-de-coche-when-should-i-hire-a-lawyer\\\/\"]}]},{\"@type\":\"ImageObject\",\"inLanguage\":\"es\",\"@id\":\"https:\\\/\\\/dlslawfirm.com\\\/es\\\/preguntas-frecuentes\\\/he-tenido-un-accidente-de-coche-when-should-i-hire-a-lawyer\\\/#primaryimage\",\"url\":\"https:\\\/\\\/dlslawfirm.com\\\/es\\\/wp-content\\\/uploads\\\/sites\\\/2\\\/2022\\\/06\\\/pexels-pixabay-269323.jpg\",\"contentUrl\":\"https:\\\/\\\/dlslawfirm.com\\\/es\\\/wp-content\\\/uploads\\\/sites\\\/2\\\/2022\\\/06\\\/pexels-pixabay-269323.jpg\",\"width\":1600,\"height\":1067,\"caption\":\"phone and laptop on table\"},{\"@type\":\"BreadcrumbList\",\"@id\":\"https:\\\/\\\/dlslawfirm.com\\\/es\\\/preguntas-frecuentes\\\/he-tenido-un-accidente-de-coche-when-should-i-hire-a-lawyer\\\/#breadcrumb\",\"itemListElement\":[{\"@type\":\"ListItem\",\"position\":1,\"name\":\"Home\",\"item\":\"https:\\\/\\\/dlslawfirm.com\\\/es\\\/\"},{\"@type\":\"ListItem\",\"position\":2,\"name\":\"PREGUNTAS FRECUENTES\",\"item\":\"https:\\\/\\\/dlslawfirm.com\\\/es\\\/preguntas-frecuentes\\\/\"},{\"@type\":\"ListItem\",\"position\":3,\"name\":\"He tenido un accidente de coche. When should I hire a lawyer?\"}]},{\"@type\":\"WebSite\",\"@id\":\"https:\\\/\\\/dlslawfirm.com\\\/es\\\/#website\",\"url\":\"https:\\\/\\\/dlslawfirm.com\\\/es\\\/\",\"name\":\"Law Offices of Dianne Sawaya LLC- En Espanol\",\"description\":\"\",\"potentialAction\":[{\"@type\":\"SearchAction\",\"target\":{\"@type\":\"EntryPoint\",\"urlTemplate\":\"https:\\\/\\\/dlslawfirm.com\\\/es\\\/?s={search_term_string}\"},\"query-input\":{\"@type\":\"PropertyValueSpecification\",\"valueRequired\":true,\"valueName\":\"search_term_string\"}}],\"inLanguage\":\"es\"}]}<\/script>\n<!-- \/ Yoast SEO plugin. -->","yoast_head_json":{"title":"He tenido un accidente de tr\u00e1fico, \u00bfdebo contratar a un abogado? | PREGUNTAS FRECUENTES","description":"Debes ponerte en contacto con un abogado lo antes posible tras tu accidente de coche, cami\u00f3n o cualquier lesi\u00f3n personal. Hay pasos legales que deben darse para proteger tus intereses, y un abogado de lesiones personales puede ayudarte a preservar pruebas cruciales.","robots":{"index":"index","follow":"follow","max-snippet":"max-snippet:-1","max-image-preview":"max-image-preview:large","max-video-preview":"max-video-preview:-1"},"canonical":"https:\/\/dlslawfirm.com\/es\/preguntas-frecuentes\/he-tenido-un-accidente-de-coche-when-should-i-hire-a-lawyer\/","og_locale":"es_MX","og_type":"article","og_title":"He tenido un accidente de tr\u00e1fico, \u00bfdebo contratar a un abogado? | PREGUNTAS FRECUENTES","og_description":"Debes ponerte en contacto con un abogado lo antes posible tras tu accidente de coche, cami\u00f3n o cualquier lesi\u00f3n personal. Hay pasos legales que deben darse para proteger tus intereses, y un abogado de lesiones personales puede ayudarte a preservar pruebas cruciales.","og_url":"https:\/\/dlslawfirm.com\/es\/preguntas-frecuentes\/he-tenido-un-accidente-de-coche-when-should-i-hire-a-lawyer\/","og_site_name":"Law Offices of Dianne Sawaya LLC- En Espanol","og_image":[{"width":1600,"height":1067,"url":"https:\/\/dlslawfirm.com\/es\/wp-content\/uploads\/sites\/2\/2022\/06\/pexels-pixabay-269323.jpg","type":"image\/jpeg"}],"twitter_card":"summary_large_image","twitter_misc":{"Est. reading time":"1 minuto"},"schema":{"@context":"https:\/\/schema.org","@graph":[{"@type":"WebPage","@id":"https:\/\/dlslawfirm.com\/es\/preguntas-frecuentes\/he-tenido-un-accidente-de-coche-when-should-i-hire-a-lawyer\/","url":"https:\/\/dlslawfirm.com\/es\/preguntas-frecuentes\/he-tenido-un-accidente-de-coche-when-should-i-hire-a-lawyer\/","name":"He tenido un accidente de tr\u00e1fico, \u00bfdebo contratar a un abogado? | PREGUNTAS FRECUENTES","isPartOf":{"@id":"https:\/\/dlslawfirm.com\/es\/#website"},"primaryImageOfPage":{"@id":"https:\/\/dlslawfirm.com\/es\/preguntas-frecuentes\/he-tenido-un-accidente-de-coche-when-should-i-hire-a-lawyer\/#primaryimage"},"image":{"@id":"https:\/\/dlslawfirm.com\/es\/preguntas-frecuentes\/he-tenido-un-accidente-de-coche-when-should-i-hire-a-lawyer\/#primaryimage"},"thumbnailUrl":"https:\/\/dlslawfirm.com\/es\/wp-content\/uploads\/sites\/2\/2022\/06\/pexels-pixabay-269323.jpg","datePublished":"2015-07-22T15:56:55+00:00","description":"Debes ponerte en contacto con un abogado lo antes posible tras tu accidente de coche, cami\u00f3n o cualquier lesi\u00f3n personal. Hay pasos legales que deben darse para proteger tus intereses, y un abogado de lesiones personales puede ayudarte a preservar pruebas cruciales.","breadcrumb":{"@id":"https:\/\/dlslawfirm.com\/es\/preguntas-frecuentes\/he-tenido-un-accidente-de-coche-when-should-i-hire-a-lawyer\/#breadcrumb"},"inLanguage":"es","potentialAction":[{"@type":"ReadAction","target":["https:\/\/dlslawfirm.com\/es\/preguntas-frecuentes\/he-tenido-un-accidente-de-coche-when-should-i-hire-a-lawyer\/"]}]},{"@type":"ImageObject","inLanguage":"es","@id":"https:\/\/dlslawfirm.com\/es\/preguntas-frecuentes\/he-tenido-un-accidente-de-coche-when-should-i-hire-a-lawyer\/#primaryimage","url":"https:\/\/dlslawfirm.com\/es\/wp-content\/uploads\/sites\/2\/2022\/06\/pexels-pixabay-269323.jpg","contentUrl":"https:\/\/dlslawfirm.com\/es\/wp-content\/uploads\/sites\/2\/2022\/06\/pexels-pixabay-269323.jpg","width":1600,"height":1067,"caption":"phone and laptop on table"},{"@type":"BreadcrumbList","@id":"https:\/\/dlslawfirm.com\/es\/preguntas-frecuentes\/he-tenido-un-accidente-de-coche-when-should-i-hire-a-lawyer\/#breadcrumb","itemListElement":[{"@type":"ListItem","position":1,"name":"Home","item":"https:\/\/dlslawfirm.com\/es\/"},{"@type":"ListItem","position":2,"name":"PREGUNTAS FRECUENTES","item":"https:\/\/dlslawfirm.com\/es\/preguntas-frecuentes\/"},{"@type":"ListItem","position":3,"name":"He tenido un accidente de coche. When should I hire a lawyer?"}]},{"@type":"WebSite","@id":"https:\/\/dlslawfirm.com\/es\/#website","url":"https:\/\/dlslawfirm.com\/es\/","name":"Law Offices of Dianne Sawaya LLC- En Espanol","description":"","potentialAction":[{"@type":"SearchAction","target":{"@type":"EntryPoint","urlTemplate":"https:\/\/dlslawfirm.com\/es\/?s={search_term_string}"},"query-input":{"@type":"PropertyValueSpecification","valueRequired":true,"valueName":"search_term_string"}}],"inLanguage":"es"}]}},"_links":{"self":[{"href":"https:\/\/dlslawfirm.com\/es\/wp-json\/wp\/v2\/pages\/6967","targetHints":{"allow":["GET"]}}],"collection":[{"href":"https:\/\/dlslawfirm.com\/es\/wp-json\/wp\/v2\/pages"}],"about":[{"href":"https:\/\/dlslawfirm.com\/es\/wp-json\/wp\/v2\/types\/page"}],"author":[{"embeddable":true,"href":"https:\/\/dlslawfirm.com\/es\/wp-json\/wp\/v2\/users\/2"}],"replies":[{"embeddable":true,"href":"https:\/\/dlslawfirm.com\/es\/wp-json\/wp\/v2\/comments?post=6967"}],"version-history":[{"count":0,"href":"https:\/\/dlslawfirm.com\/es\/wp-json\/wp\/v2\/pages\/6967\/revisions"}],"up":[{"embeddable":true,"href":"https:\/\/dlslawfirm.com\/es\/wp-json\/wp\/v2\/pages\/7013"}],"wp:featuredmedia":[{"embeddable":true,"href":"https:\/\/dlslawfirm.com\/es\/wp-json\/wp\/v2\/media\/7240"}],"wp:attachment":[{"href":"https:\/\/dlslawfirm.com\/es\/wp-json\/wp\/v2\/media?parent=6967"}],"wp:term":[{"taxonomy":"post_tag","embeddable":true,"href":"https:\/\/dlslawfirm.com\/es\/wp-json\/wp\/v2\/tags?post=6967"}],"curies":[{"name":"wp","href":"https:\/\/api.w.org\/{rel}","templated":true}]}}