{"id":6966,"date":"2015-07-30T16:02:39","date_gmt":"2015-07-30T16:02:39","guid":{"rendered":"https:\/\/dlslawfirm.com\/cuanto-vale-mi-caso-de-lesiones-personales\/"},"modified":"2015-07-30T16:02:39","modified_gmt":"2015-07-30T16:02:39","slug":"cuanto-vale-mi-caso-de-lesiones-personales","status":"publish","type":"page","link":"https:\/\/dlslawfirm.com\/es\/recursos\/videoteca-faq\/cuanto-vale-mi-caso-de-lesiones-personales\/","title":{"rendered":"\u00bfCu\u00e1nto vale mi caso de lesiones personales?"},"content":{"rendered":"<h2>Abogados de accidentes de Denver<\/h2>\n<p>Aunque es una de las preguntas m\u00e1s habituales que o\u00edmos -comprensiblemente-, predecir el valor de un acuerdo o una posible indemnizaci\u00f3n del jurado es casi imposible. Tu abogado de lesiones personales de <a href=\"\/\/dlslawfirm.com\/\">The Law Offices of Dianne L. Sawaya LLC<\/a> puede hablar contigo sobre una gama muy general de posibles valores de acuerdo basados en los miles de casos similares que hemos llevado a lo largo de los a\u00f1os. Sin embargo, ning\u00fan abogado puede predecir una cantidad concreta que puedas recibir. La cuant\u00eda que te conceda un jurado en un juicio -si es que te concede algo- es a\u00fan m\u00e1s dif\u00edcil de adivinar. Los jurados son impredecibles y llevar un caso ante un jurado es una apuesta para ambas partes. Nuestro consejo es que te mantengas alejado de cualquier abogado que, tras una breve consulta inicial, te prometa un determinado importe de liquidaci\u00f3n o una indemnizaci\u00f3n del jurado.<\/p>\n<p>Uno de los factores m\u00e1s importantes que influyen en el valor de tu caso se basa en la decisi\u00f3n del bufete de abogados con el que vas a trabajar. Es muy importante que te prepares para el \u00e9xito cuando elijas un abogado. Trabajar con una abogada experimentada de Colorado como Dianne Sawaya puede ayudarte a sentirte m\u00e1s seguro para seguir adelante. Si te han lesionado injustamente, no dudes en ponerte en contacto con The Law Offices of Dianne L. Sawaya LLC hoy mismo para empezar.<\/p>\n<p>Explora las preguntas relacionadas:<\/p>\n<ul>\n<li><a href=\"\/\/dlslawfirm.com\/faq\/en-que-me-debo- fijar-al-seleccionar-un-abogado\/\">\u00bfQu\u00e9 debo tener en cuenta al elegir un abogado?<\/a><\/li>\n<li><a href=\"\/\/dlslawfirm.com\/faq\/how-can-your-law-office-help-me-after-im-injured\/\">\u00bfC\u00f3mo puede ayudarme el bufete de Dianne L. Sawaya LLC despu\u00e9s de lesionarme?<\/a><\/li>\n<\/ul>\n","protected":false},"excerpt":{"rendered":"<p>Abogados de accidentes de Denver Aunque es una de las preguntas m\u00e1s habituales que o\u00edmos -comprensiblemente-, predecir el valor de un acuerdo o una posible indemnizaci\u00f3n del jurado es casi imposible. Tu abogado de lesiones personales de The Law Offices of Dianne L. Sawaya LLC puede hablar contigo sobre una gama muy general de posibles&#8230;<\/p>\n","protected":false},"author":2,"featured_media":7250,"parent":6962,"menu_order":116,"comment_status":"open","ping_status":"open","template":"","meta":{"_acf_changed":false,"footnotes":""},"tags":[],"class_list":["post-6966","page","type-page","status-publish","has-post-thumbnail","hentry"],"acf":[],"yoast_head":"<!-- This site is optimized with the Yoast SEO plugin v27.4 - https:\/\/yoast.com\/product\/yoast-seo-wordpress\/ -->\n<title>\u00bfCu\u00e1nto vale mi caso de lesiones? | Abogados de lesiones personales en Denver<\/title>\n<meta name=\"description\" content=\"Los abogados especializados en lesiones personales del bufete de Dianne Sawaya, LLC en Denver, Colorado, hablan de las preguntas m\u00e1s frecuentes.\" \/>\n<meta name=\"robots\" content=\"index, follow, max-snippet:-1, max-image-preview:large, max-video-preview:-1\" \/>\n<link rel=\"canonical\" href=\"https:\/\/dlslawfirm.com\/es\/recursos\/videoteca-faq\/cuanto-vale-mi-caso-de-lesiones-personales\/\" \/>\n<meta property=\"og:locale\" content=\"es_MX\" \/>\n<meta property=\"og:type\" content=\"article\" \/>\n<meta property=\"og:title\" content=\"\u00bfCu\u00e1nto vale mi caso de lesiones? | Abogados de lesiones personales en Denver\" \/>\n<meta property=\"og:description\" content=\"Los abogados especializados en lesiones personales del bufete de Dianne Sawaya, LLC en Denver, Colorado, hablan de las preguntas m\u00e1s frecuentes.\" \/>\n<meta property=\"og:url\" content=\"https:\/\/dlslawfirm.com\/es\/recursos\/videoteca-faq\/cuanto-vale-mi-caso-de-lesiones-personales\/\" \/>\n<meta property=\"og:site_name\" content=\"Law Offices of Dianne Sawaya LLC- En Espanol\" \/>\n<meta property=\"og:image\" content=\"https:\/\/dlslawfirm.com\/es\/wp-content\/uploads\/sites\/2\/2022\/06\/towfiqu-barbhuiya-3aGZ7a97qwA-unsplash.jpg\" \/>\n\t<meta property=\"og:image:width\" content=\"1600\" \/>\n\t<meta property=\"og:image:height\" content=\"1067\" \/>\n\t<meta property=\"og:image:type\" content=\"image\/jpeg\" \/>\n<meta name=\"twitter:card\" content=\"summary_large_image\" \/>\n<meta name=\"twitter:label1\" content=\"Est. reading time\" \/>\n\t<meta name=\"twitter:data1\" content=\"1 minuto\" \/>\n<script type=\"application\/ld+json\" class=\"yoast-schema-graph\">{\"@context\":\"https:\\\/\\\/schema.org\",\"@graph\":[{\"@type\":\"WebPage\",\"@id\":\"https:\\\/\\\/dlslawfirm.com\\\/es\\\/recursos\\\/videoteca-faq\\\/cuanto-vale-mi-caso-de-lesiones-personales\\\/\",\"url\":\"https:\\\/\\\/dlslawfirm.com\\\/es\\\/recursos\\\/videoteca-faq\\\/cuanto-vale-mi-caso-de-lesiones-personales\\\/\",\"name\":\"\u00bfCu\u00e1nto vale mi caso de lesiones? | Abogados de lesiones personales en Denver\",\"isPartOf\":{\"@id\":\"https:\\\/\\\/dlslawfirm.com\\\/es\\\/#website\"},\"primaryImageOfPage\":{\"@id\":\"https:\\\/\\\/dlslawfirm.com\\\/es\\\/recursos\\\/videoteca-faq\\\/cuanto-vale-mi-caso-de-lesiones-personales\\\/#primaryimage\"},\"image\":{\"@id\":\"https:\\\/\\\/dlslawfirm.com\\\/es\\\/recursos\\\/videoteca-faq\\\/cuanto-vale-mi-caso-de-lesiones-personales\\\/#primaryimage\"},\"thumbnailUrl\":\"https:\\\/\\\/dlslawfirm.com\\\/es\\\/wp-content\\\/uploads\\\/sites\\\/2\\\/2022\\\/06\\\/towfiqu-barbhuiya-3aGZ7a97qwA-unsplash.jpg\",\"datePublished\":\"2015-07-30T16:02:39+00:00\",\"description\":\"Los abogados especializados en lesiones personales del bufete de Dianne Sawaya, LLC en Denver, Colorado, hablan de las preguntas m\u00e1s frecuentes.\",\"breadcrumb\":{\"@id\":\"https:\\\/\\\/dlslawfirm.com\\\/es\\\/recursos\\\/videoteca-faq\\\/cuanto-vale-mi-caso-de-lesiones-personales\\\/#breadcrumb\"},\"inLanguage\":\"es\",\"potentialAction\":[{\"@type\":\"ReadAction\",\"target\":[\"https:\\\/\\\/dlslawfirm.com\\\/es\\\/recursos\\\/videoteca-faq\\\/cuanto-vale-mi-caso-de-lesiones-personales\\\/\"]}]},{\"@type\":\"ImageObject\",\"inLanguage\":\"es\",\"@id\":\"https:\\\/\\\/dlslawfirm.com\\\/es\\\/recursos\\\/videoteca-faq\\\/cuanto-vale-mi-caso-de-lesiones-personales\\\/#primaryimage\",\"url\":\"https:\\\/\\\/dlslawfirm.com\\\/es\\\/wp-content\\\/uploads\\\/sites\\\/2\\\/2022\\\/06\\\/towfiqu-barbhuiya-3aGZ7a97qwA-unsplash.jpg\",\"contentUrl\":\"https:\\\/\\\/dlslawfirm.com\\\/es\\\/wp-content\\\/uploads\\\/sites\\\/2\\\/2022\\\/06\\\/towfiqu-barbhuiya-3aGZ7a97qwA-unsplash.jpg\",\"width\":1600,\"height\":1067,\"caption\":\"person holding empty wallet open\"},{\"@type\":\"BreadcrumbList\",\"@id\":\"https:\\\/\\\/dlslawfirm.com\\\/es\\\/recursos\\\/videoteca-faq\\\/cuanto-vale-mi-caso-de-lesiones-personales\\\/#breadcrumb\",\"itemListElement\":[{\"@type\":\"ListItem\",\"position\":1,\"name\":\"Home\",\"item\":\"https:\\\/\\\/dlslawfirm.com\\\/es\\\/\"},{\"@type\":\"ListItem\",\"position\":2,\"name\":\"Recursos\",\"item\":\"https:\\\/\\\/dlslawfirm.com\\\/es\\\/recursos\\\/\"},{\"@type\":\"ListItem\",\"position\":3,\"name\":\"Videoteca FAQ\",\"item\":\"https:\\\/\\\/dlslawfirm.com\\\/es\\\/recursos\\\/videoteca-faq\\\/\"},{\"@type\":\"ListItem\",\"position\":4,\"name\":\"\u00bfCu\u00e1nto vale mi caso de lesiones personales?\"}]},{\"@type\":\"WebSite\",\"@id\":\"https:\\\/\\\/dlslawfirm.com\\\/es\\\/#website\",\"url\":\"https:\\\/\\\/dlslawfirm.com\\\/es\\\/\",\"name\":\"Law Offices of Dianne Sawaya LLC- En Espanol\",\"description\":\"\",\"potentialAction\":[{\"@type\":\"SearchAction\",\"target\":{\"@type\":\"EntryPoint\",\"urlTemplate\":\"https:\\\/\\\/dlslawfirm.com\\\/es\\\/?s={search_term_string}\"},\"query-input\":{\"@type\":\"PropertyValueSpecification\",\"valueRequired\":true,\"valueName\":\"search_term_string\"}}],\"inLanguage\":\"es\"}]}<\/script>\n<!-- \/ Yoast SEO plugin. -->","yoast_head_json":{"title":"\u00bfCu\u00e1nto vale mi caso de lesiones? | Abogados de lesiones personales en Denver","description":"Los abogados especializados en lesiones personales del bufete de Dianne Sawaya, LLC en Denver, Colorado, hablan de las preguntas m\u00e1s frecuentes.","robots":{"index":"index","follow":"follow","max-snippet":"max-snippet:-1","max-image-preview":"max-image-preview:large","max-video-preview":"max-video-preview:-1"},"canonical":"https:\/\/dlslawfirm.com\/es\/recursos\/videoteca-faq\/cuanto-vale-mi-caso-de-lesiones-personales\/","og_locale":"es_MX","og_type":"article","og_title":"\u00bfCu\u00e1nto vale mi caso de lesiones? | Abogados de lesiones personales en Denver","og_description":"Los abogados especializados en lesiones personales del bufete de Dianne Sawaya, LLC en Denver, Colorado, hablan de las preguntas m\u00e1s frecuentes.","og_url":"https:\/\/dlslawfirm.com\/es\/recursos\/videoteca-faq\/cuanto-vale-mi-caso-de-lesiones-personales\/","og_site_name":"Law Offices of Dianne Sawaya LLC- En Espanol","og_image":[{"width":1600,"height":1067,"url":"https:\/\/dlslawfirm.com\/es\/wp-content\/uploads\/sites\/2\/2022\/06\/towfiqu-barbhuiya-3aGZ7a97qwA-unsplash.jpg","type":"image\/jpeg"}],"twitter_card":"summary_large_image","twitter_misc":{"Est. reading time":"1 minuto"},"schema":{"@context":"https:\/\/schema.org","@graph":[{"@type":"WebPage","@id":"https:\/\/dlslawfirm.com\/es\/recursos\/videoteca-faq\/cuanto-vale-mi-caso-de-lesiones-personales\/","url":"https:\/\/dlslawfirm.com\/es\/recursos\/videoteca-faq\/cuanto-vale-mi-caso-de-lesiones-personales\/","name":"\u00bfCu\u00e1nto vale mi caso de lesiones? | Abogados de lesiones personales en Denver","isPartOf":{"@id":"https:\/\/dlslawfirm.com\/es\/#website"},"primaryImageOfPage":{"@id":"https:\/\/dlslawfirm.com\/es\/recursos\/videoteca-faq\/cuanto-vale-mi-caso-de-lesiones-personales\/#primaryimage"},"image":{"@id":"https:\/\/dlslawfirm.com\/es\/recursos\/videoteca-faq\/cuanto-vale-mi-caso-de-lesiones-personales\/#primaryimage"},"thumbnailUrl":"https:\/\/dlslawfirm.com\/es\/wp-content\/uploads\/sites\/2\/2022\/06\/towfiqu-barbhuiya-3aGZ7a97qwA-unsplash.jpg","datePublished":"2015-07-30T16:02:39+00:00","description":"Los abogados especializados en lesiones personales del bufete de Dianne Sawaya, LLC en Denver, Colorado, hablan de las preguntas m\u00e1s frecuentes.","breadcrumb":{"@id":"https:\/\/dlslawfirm.com\/es\/recursos\/videoteca-faq\/cuanto-vale-mi-caso-de-lesiones-personales\/#breadcrumb"},"inLanguage":"es","potentialAction":[{"@type":"ReadAction","target":["https:\/\/dlslawfirm.com\/es\/recursos\/videoteca-faq\/cuanto-vale-mi-caso-de-lesiones-personales\/"]}]},{"@type":"ImageObject","inLanguage":"es","@id":"https:\/\/dlslawfirm.com\/es\/recursos\/videoteca-faq\/cuanto-vale-mi-caso-de-lesiones-personales\/#primaryimage","url":"https:\/\/dlslawfirm.com\/es\/wp-content\/uploads\/sites\/2\/2022\/06\/towfiqu-barbhuiya-3aGZ7a97qwA-unsplash.jpg","contentUrl":"https:\/\/dlslawfirm.com\/es\/wp-content\/uploads\/sites\/2\/2022\/06\/towfiqu-barbhuiya-3aGZ7a97qwA-unsplash.jpg","width":1600,"height":1067,"caption":"person holding empty wallet open"},{"@type":"BreadcrumbList","@id":"https:\/\/dlslawfirm.com\/es\/recursos\/videoteca-faq\/cuanto-vale-mi-caso-de-lesiones-personales\/#breadcrumb","itemListElement":[{"@type":"ListItem","position":1,"name":"Home","item":"https:\/\/dlslawfirm.com\/es\/"},{"@type":"ListItem","position":2,"name":"Recursos","item":"https:\/\/dlslawfirm.com\/es\/recursos\/"},{"@type":"ListItem","position":3,"name":"Videoteca FAQ","item":"https:\/\/dlslawfirm.com\/es\/recursos\/videoteca-faq\/"},{"@type":"ListItem","position":4,"name":"\u00bfCu\u00e1nto vale mi caso de lesiones personales?"}]},{"@type":"WebSite","@id":"https:\/\/dlslawfirm.com\/es\/#website","url":"https:\/\/dlslawfirm.com\/es\/","name":"Law Offices of Dianne Sawaya LLC- En Espanol","description":"","potentialAction":[{"@type":"SearchAction","target":{"@type":"EntryPoint","urlTemplate":"https:\/\/dlslawfirm.com\/es\/?s={search_term_string}"},"query-input":{"@type":"PropertyValueSpecification","valueRequired":true,"valueName":"search_term_string"}}],"inLanguage":"es"}]}},"_links":{"self":[{"href":"https:\/\/dlslawfirm.com\/es\/wp-json\/wp\/v2\/pages\/6966","targetHints":{"allow":["GET"]}}],"collection":[{"href":"https:\/\/dlslawfirm.com\/es\/wp-json\/wp\/v2\/pages"}],"about":[{"href":"https:\/\/dlslawfirm.com\/es\/wp-json\/wp\/v2\/types\/page"}],"author":[{"embeddable":true,"href":"https:\/\/dlslawfirm.com\/es\/wp-json\/wp\/v2\/users\/2"}],"replies":[{"embeddable":true,"href":"https:\/\/dlslawfirm.com\/es\/wp-json\/wp\/v2\/comments?post=6966"}],"version-history":[{"count":0,"href":"https:\/\/dlslawfirm.com\/es\/wp-json\/wp\/v2\/pages\/6966\/revisions"}],"up":[{"embeddable":true,"href":"https:\/\/dlslawfirm.com\/es\/wp-json\/wp\/v2\/pages\/6962"}],"wp:featuredmedia":[{"embeddable":true,"href":"https:\/\/dlslawfirm.com\/es\/wp-json\/wp\/v2\/media\/7250"}],"wp:attachment":[{"href":"https:\/\/dlslawfirm.com\/es\/wp-json\/wp\/v2\/media?parent=6966"}],"wp:term":[{"taxonomy":"post_tag","embeddable":true,"href":"https:\/\/dlslawfirm.com\/es\/wp-json\/wp\/v2\/tags?post=6966"}],"curies":[{"name":"wp","href":"https:\/\/api.w.org\/{rel}","templated":true}]}}