{"id":6964,"date":"2015-07-22T00:17:32","date_gmt":"2015-07-22T00:17:32","guid":{"rendered":"https:\/\/dlslawfirm.com\/como-puede-ayudarme-tu-bufete-despues-de-lesionarme\/"},"modified":"2015-07-22T00:17:32","modified_gmt":"2015-07-22T00:17:32","slug":"como-puede-ayudarme-tu-bufete-despues-de-lesionarme","status":"publish","type":"page","link":"https:\/\/dlslawfirm.com\/es\/preguntas-frecuentes\/como-puede-ayudarme-tu-bufete-despues-de-lesionarme\/","title":{"rendered":"\u00bfC\u00f3mo puede ayudarme tu bufete despu\u00e9s de lesionarme?"},"content":{"rendered":"<h2>Abogados de lesiones personales<\/h2>\n<p>Lo que hace \u00fanico al Bufete de Dianne Sawaya es que trabajamos en equipo y mantenemos una comunicaci\u00f3n constante con todos nuestros clientes. La atenci\u00f3n personalizada es importante para nosotros. No hay dos casos iguales ni dos clientes iguales. Nuestro personal ha sido formado para prestar la atenci\u00f3n individualizada que merecen nuestros clientes.<\/p>\n<p>De la cabeza a los pies, sabemos c\u00f3mo desarrollar un caso. No se va a pasar nada por alto, ya se trate de ac\u00fafenos, ansiedad al volante o dolor de espalda.<\/p>\n<p>Todo eso se investigar\u00e1 y nuestro equipo encontrar\u00e1 proveedores m\u00e9dicos que ayuden con ello: eso es lo que nos hace \u00fanicos.<\/p>\n<p><a href=\"\/\/dlslawfirm.com\/wp-content\/uploads\/2015\/07\/17690085_m.jpg\"><img loading=\"lazy\" decoding=\"async\" class=\"alignright wp-image-2218\" src=\"\/\/dlslawfirm.com\/wp-content\/uploads\/2015\/07\/17690085_m.jpg\" alt=\"17690085_m\" width=\"500\" height=\"333\"><\/a><\/p>\n<h2>Nuestro enfoque de los da\u00f1os personales<\/h2>\n<p>Si has sufrido lesiones en un accidente de tr\u00e1fico, necesitas un <a href=\"\/\/dlslawfirm.com\/abogados\/\">abogado de lesiones personales<\/a>. La \u00fanica cuesti\u00f3n es qu\u00e9 abogado de lesiones personales eliges. Es un \u00e1mbito jur\u00eddico complejo, por lo que necesitas un abogado que sepa c\u00f3mo llevarte a los proveedores m\u00e9dicos que necesitas.<\/p>\n<p>Necesitas que alguien te explique c\u00f3mo funciona el proceso, qu\u00e9 hacer con los da\u00f1os materiales y c\u00f3mo debes documentar tus lesiones.<\/p>\n<h2>Dos partes de un caso de lesiones personales<\/h2>\n<p>Hay dos componentes en cada caso. Cada caso tiene una parte econ\u00f3mica y otra no econ\u00f3mica. El concepto econ\u00f3mico se refiere a los gastos de bolsillo: salarios perdidos, facturas m\u00e9dicas, gasolina del coche, etc. Lo no econ\u00f3mico se conoce com\u00fanmente como dolor y sufrimiento. Necesitamos documentar ambas cosas. Trabajamos codo con codo con nuestros clientes para documentar la parte no econ\u00f3mica de la reclamaci\u00f3n. Pidi\u00e9ndoles que lleven un diario de sus s\u00edntomas diarios y de las actividades que les cuesta realizar debido a sus lesiones.<\/p>\n<p>Para saber m\u00e1s sobre c\u00f3mo ayudamos a las personas en sus casos de lesiones personales, ya sea proporcion\u00e1ndoles atenci\u00f3n m\u00e9dica o luchando por tu indemnizaci\u00f3n, <a href=\"\/\/dlslawfirm.com\/contacto-nos\/\">ponte en contacto con Dianne Sawaya<\/a> y su equipo de abogados especializados en lesiones personales.<\/p>\n<h2>M\u00e1s informaci\u00f3n sobre casos de lesiones personales:<\/h2>\n<p><a href=\"\/\/dlslawfirm.com\/faq\/why-do-i-need-a-personal-injury-attorney\/\">\u00bfPor qu\u00e9 necesito un abogado de lesiones personales?<\/a><\/p>\n<p><a href=\"\/\/dlslawfirm.com\/resources\/faq-video-library\/how-much-is-my-case-worth\/\">\u00bfCu\u00e1nto vale mi caso?<\/a><\/p>\n<p><a href=\"\/\/dlslawfirm.com\/colorado-car-accident-guide\/\">Gu\u00eda de accidentes de coche en Denver, Colorado<\/a><\/p>\n<p>&nbsp;<\/p>\n","protected":false},"excerpt":{"rendered":"<p>Abogados de lesiones personales Lo que hace \u00fanico al Bufete de Dianne Sawaya es que trabajamos en equipo y mantenemos una comunicaci\u00f3n constante con todos nuestros clientes. La atenci\u00f3n personalizada es importante para nosotros. No hay dos casos iguales ni dos clientes iguales. Nuestro personal ha sido formado para prestar la atenci\u00f3n individualizada que merecen&#8230;<\/p>\n","protected":false},"author":2,"featured_media":7231,"parent":7013,"menu_order":149,"comment_status":"open","ping_status":"open","template":"","meta":{"_acf_changed":false,"footnotes":""},"tags":[],"class_list":["post-6964","page","type-page","status-publish","has-post-thumbnail","hentry"],"acf":[],"yoast_head":"<!-- This site is optimized with the Yoast SEO plugin v27.5 - https:\/\/yoast.com\/product\/yoast-seo-wordpress\/ -->\n<title>\u00bfC\u00f3mo puede ayudarme un abogado especializado en lesiones tras un accidente? | PREGUNTAS FRECUENTES<\/title>\n<meta name=\"description\" content=\"Si te has lesionado, los abogados del bufete de Dianne Sawaya en Denver (Colorado) pueden ayudarte. Visita nuestro sitio web para saber m\u00e1s sobre tus derechos legales tras una lesi\u00f3n.\" \/>\n<meta name=\"robots\" content=\"index, follow, max-snippet:-1, max-image-preview:large, max-video-preview:-1\" \/>\n<link rel=\"canonical\" href=\"https:\/\/dlslawfirm.com\/es\/preguntas-frecuentes\/como-puede-ayudarme-tu-bufete-despues-de-lesionarme\/\" \/>\n<meta property=\"og:locale\" content=\"es_MX\" \/>\n<meta property=\"og:type\" content=\"article\" \/>\n<meta property=\"og:title\" content=\"\u00bfC\u00f3mo puede ayudarme un abogado especializado en lesiones tras un accidente? | PREGUNTAS FRECUENTES\" \/>\n<meta property=\"og:description\" content=\"Si te has lesionado, los abogados del bufete de Dianne Sawaya en Denver (Colorado) pueden ayudarte. Visita nuestro sitio web para saber m\u00e1s sobre tus derechos legales tras una lesi\u00f3n.\" \/>\n<meta property=\"og:url\" content=\"https:\/\/dlslawfirm.com\/es\/preguntas-frecuentes\/como-puede-ayudarme-tu-bufete-despues-de-lesionarme\/\" \/>\n<meta property=\"og:site_name\" content=\"Law Offices of Dianne Sawaya LLC- En Espanol\" \/>\n<meta property=\"og:image\" content=\"https:\/\/dlslawfirm.com\/es\/wp-content\/uploads\/sites\/2\/2022\/06\/pexels-rodnae-productions-6519905.jpg\" \/>\n\t<meta property=\"og:image:width\" content=\"1600\" \/>\n\t<meta property=\"og:image:height\" content=\"779\" \/>\n\t<meta property=\"og:image:type\" content=\"image\/jpeg\" \/>\n<meta name=\"twitter:card\" content=\"summary_large_image\" \/>\n<meta name=\"twitter:label1\" content=\"Est. reading time\" \/>\n\t<meta name=\"twitter:data1\" content=\"2 minutos\" \/>\n<script type=\"application\/ld+json\" class=\"yoast-schema-graph\">{\"@context\":\"https:\\\/\\\/schema.org\",\"@graph\":[{\"@type\":\"WebPage\",\"@id\":\"https:\\\/\\\/dlslawfirm.com\\\/es\\\/preguntas-frecuentes\\\/como-puede-ayudarme-tu-bufete-despues-de-lesionarme\\\/\",\"url\":\"https:\\\/\\\/dlslawfirm.com\\\/es\\\/preguntas-frecuentes\\\/como-puede-ayudarme-tu-bufete-despues-de-lesionarme\\\/\",\"name\":\"\u00bfC\u00f3mo puede ayudarme un abogado especializado en lesiones tras un accidente? | PREGUNTAS FRECUENTES\",\"isPartOf\":{\"@id\":\"https:\\\/\\\/dlslawfirm.com\\\/es\\\/#website\"},\"primaryImageOfPage\":{\"@id\":\"https:\\\/\\\/dlslawfirm.com\\\/es\\\/preguntas-frecuentes\\\/como-puede-ayudarme-tu-bufete-despues-de-lesionarme\\\/#primaryimage\"},\"image\":{\"@id\":\"https:\\\/\\\/dlslawfirm.com\\\/es\\\/preguntas-frecuentes\\\/como-puede-ayudarme-tu-bufete-despues-de-lesionarme\\\/#primaryimage\"},\"thumbnailUrl\":\"https:\\\/\\\/dlslawfirm.com\\\/es\\\/wp-content\\\/uploads\\\/sites\\\/2\\\/2022\\\/06\\\/pexels-rodnae-productions-6519905.jpg\",\"datePublished\":\"2015-07-22T00:17:32+00:00\",\"description\":\"Si te has lesionado, los abogados del bufete de Dianne Sawaya en Denver (Colorado) pueden ayudarte. Visita nuestro sitio web para saber m\u00e1s sobre tus derechos legales tras una lesi\u00f3n.\",\"breadcrumb\":{\"@id\":\"https:\\\/\\\/dlslawfirm.com\\\/es\\\/preguntas-frecuentes\\\/como-puede-ayudarme-tu-bufete-despues-de-lesionarme\\\/#breadcrumb\"},\"inLanguage\":\"es\",\"potentialAction\":[{\"@type\":\"ReadAction\",\"target\":[\"https:\\\/\\\/dlslawfirm.com\\\/es\\\/preguntas-frecuentes\\\/como-puede-ayudarme-tu-bufete-despues-de-lesionarme\\\/\"]}]},{\"@type\":\"ImageObject\",\"inLanguage\":\"es\",\"@id\":\"https:\\\/\\\/dlslawfirm.com\\\/es\\\/preguntas-frecuentes\\\/como-puede-ayudarme-tu-bufete-despues-de-lesionarme\\\/#primaryimage\",\"url\":\"https:\\\/\\\/dlslawfirm.com\\\/es\\\/wp-content\\\/uploads\\\/sites\\\/2\\\/2022\\\/06\\\/pexels-rodnae-productions-6519905.jpg\",\"contentUrl\":\"https:\\\/\\\/dlslawfirm.com\\\/es\\\/wp-content\\\/uploads\\\/sites\\\/2\\\/2022\\\/06\\\/pexels-rodnae-productions-6519905.jpg\",\"width\":1600,\"height\":779,\"caption\":\"person with bandage on hand\"},{\"@type\":\"BreadcrumbList\",\"@id\":\"https:\\\/\\\/dlslawfirm.com\\\/es\\\/preguntas-frecuentes\\\/como-puede-ayudarme-tu-bufete-despues-de-lesionarme\\\/#breadcrumb\",\"itemListElement\":[{\"@type\":\"ListItem\",\"position\":1,\"name\":\"Home\",\"item\":\"https:\\\/\\\/dlslawfirm.com\\\/es\\\/\"},{\"@type\":\"ListItem\",\"position\":2,\"name\":\"PREGUNTAS FRECUENTES\",\"item\":\"https:\\\/\\\/dlslawfirm.com\\\/es\\\/preguntas-frecuentes\\\/\"},{\"@type\":\"ListItem\",\"position\":3,\"name\":\"\u00bfC\u00f3mo puede ayudarme tu bufete despu\u00e9s de lesionarme?\"}]},{\"@type\":\"WebSite\",\"@id\":\"https:\\\/\\\/dlslawfirm.com\\\/es\\\/#website\",\"url\":\"https:\\\/\\\/dlslawfirm.com\\\/es\\\/\",\"name\":\"Law Offices of Dianne Sawaya LLC- En Espanol\",\"description\":\"\",\"potentialAction\":[{\"@type\":\"SearchAction\",\"target\":{\"@type\":\"EntryPoint\",\"urlTemplate\":\"https:\\\/\\\/dlslawfirm.com\\\/es\\\/?s={search_term_string}\"},\"query-input\":{\"@type\":\"PropertyValueSpecification\",\"valueRequired\":true,\"valueName\":\"search_term_string\"}}],\"inLanguage\":\"es\"}]}<\/script>\n<!-- \/ Yoast SEO plugin. -->","yoast_head_json":{"title":"\u00bfC\u00f3mo puede ayudarme un abogado especializado en lesiones tras un accidente? | PREGUNTAS FRECUENTES","description":"Si te has lesionado, los abogados del bufete de Dianne Sawaya en Denver (Colorado) pueden ayudarte. Visita nuestro sitio web para saber m\u00e1s sobre tus derechos legales tras una lesi\u00f3n.","robots":{"index":"index","follow":"follow","max-snippet":"max-snippet:-1","max-image-preview":"max-image-preview:large","max-video-preview":"max-video-preview:-1"},"canonical":"https:\/\/dlslawfirm.com\/es\/preguntas-frecuentes\/como-puede-ayudarme-tu-bufete-despues-de-lesionarme\/","og_locale":"es_MX","og_type":"article","og_title":"\u00bfC\u00f3mo puede ayudarme un abogado especializado en lesiones tras un accidente? | PREGUNTAS FRECUENTES","og_description":"Si te has lesionado, los abogados del bufete de Dianne Sawaya en Denver (Colorado) pueden ayudarte. Visita nuestro sitio web para saber m\u00e1s sobre tus derechos legales tras una lesi\u00f3n.","og_url":"https:\/\/dlslawfirm.com\/es\/preguntas-frecuentes\/como-puede-ayudarme-tu-bufete-despues-de-lesionarme\/","og_site_name":"Law Offices of Dianne Sawaya LLC- En Espanol","og_image":[{"width":1600,"height":779,"url":"https:\/\/dlslawfirm.com\/es\/wp-content\/uploads\/sites\/2\/2022\/06\/pexels-rodnae-productions-6519905.jpg","type":"image\/jpeg"}],"twitter_card":"summary_large_image","twitter_misc":{"Est. reading time":"2 minutos"},"schema":{"@context":"https:\/\/schema.org","@graph":[{"@type":"WebPage","@id":"https:\/\/dlslawfirm.com\/es\/preguntas-frecuentes\/como-puede-ayudarme-tu-bufete-despues-de-lesionarme\/","url":"https:\/\/dlslawfirm.com\/es\/preguntas-frecuentes\/como-puede-ayudarme-tu-bufete-despues-de-lesionarme\/","name":"\u00bfC\u00f3mo puede ayudarme un abogado especializado en lesiones tras un accidente? | PREGUNTAS FRECUENTES","isPartOf":{"@id":"https:\/\/dlslawfirm.com\/es\/#website"},"primaryImageOfPage":{"@id":"https:\/\/dlslawfirm.com\/es\/preguntas-frecuentes\/como-puede-ayudarme-tu-bufete-despues-de-lesionarme\/#primaryimage"},"image":{"@id":"https:\/\/dlslawfirm.com\/es\/preguntas-frecuentes\/como-puede-ayudarme-tu-bufete-despues-de-lesionarme\/#primaryimage"},"thumbnailUrl":"https:\/\/dlslawfirm.com\/es\/wp-content\/uploads\/sites\/2\/2022\/06\/pexels-rodnae-productions-6519905.jpg","datePublished":"2015-07-22T00:17:32+00:00","description":"Si te has lesionado, los abogados del bufete de Dianne Sawaya en Denver (Colorado) pueden ayudarte. Visita nuestro sitio web para saber m\u00e1s sobre tus derechos legales tras una lesi\u00f3n.","breadcrumb":{"@id":"https:\/\/dlslawfirm.com\/es\/preguntas-frecuentes\/como-puede-ayudarme-tu-bufete-despues-de-lesionarme\/#breadcrumb"},"inLanguage":"es","potentialAction":[{"@type":"ReadAction","target":["https:\/\/dlslawfirm.com\/es\/preguntas-frecuentes\/como-puede-ayudarme-tu-bufete-despues-de-lesionarme\/"]}]},{"@type":"ImageObject","inLanguage":"es","@id":"https:\/\/dlslawfirm.com\/es\/preguntas-frecuentes\/como-puede-ayudarme-tu-bufete-despues-de-lesionarme\/#primaryimage","url":"https:\/\/dlslawfirm.com\/es\/wp-content\/uploads\/sites\/2\/2022\/06\/pexels-rodnae-productions-6519905.jpg","contentUrl":"https:\/\/dlslawfirm.com\/es\/wp-content\/uploads\/sites\/2\/2022\/06\/pexels-rodnae-productions-6519905.jpg","width":1600,"height":779,"caption":"person with bandage on hand"},{"@type":"BreadcrumbList","@id":"https:\/\/dlslawfirm.com\/es\/preguntas-frecuentes\/como-puede-ayudarme-tu-bufete-despues-de-lesionarme\/#breadcrumb","itemListElement":[{"@type":"ListItem","position":1,"name":"Home","item":"https:\/\/dlslawfirm.com\/es\/"},{"@type":"ListItem","position":2,"name":"PREGUNTAS FRECUENTES","item":"https:\/\/dlslawfirm.com\/es\/preguntas-frecuentes\/"},{"@type":"ListItem","position":3,"name":"\u00bfC\u00f3mo puede ayudarme tu bufete despu\u00e9s de lesionarme?"}]},{"@type":"WebSite","@id":"https:\/\/dlslawfirm.com\/es\/#website","url":"https:\/\/dlslawfirm.com\/es\/","name":"Law Offices of Dianne Sawaya LLC- En Espanol","description":"","potentialAction":[{"@type":"SearchAction","target":{"@type":"EntryPoint","urlTemplate":"https:\/\/dlslawfirm.com\/es\/?s={search_term_string}"},"query-input":{"@type":"PropertyValueSpecification","valueRequired":true,"valueName":"search_term_string"}}],"inLanguage":"es"}]}},"_links":{"self":[{"href":"https:\/\/dlslawfirm.com\/es\/wp-json\/wp\/v2\/pages\/6964","targetHints":{"allow":["GET"]}}],"collection":[{"href":"https:\/\/dlslawfirm.com\/es\/wp-json\/wp\/v2\/pages"}],"about":[{"href":"https:\/\/dlslawfirm.com\/es\/wp-json\/wp\/v2\/types\/page"}],"author":[{"embeddable":true,"href":"https:\/\/dlslawfirm.com\/es\/wp-json\/wp\/v2\/users\/2"}],"replies":[{"embeddable":true,"href":"https:\/\/dlslawfirm.com\/es\/wp-json\/wp\/v2\/comments?post=6964"}],"version-history":[{"count":0,"href":"https:\/\/dlslawfirm.com\/es\/wp-json\/wp\/v2\/pages\/6964\/revisions"}],"up":[{"embeddable":true,"href":"https:\/\/dlslawfirm.com\/es\/wp-json\/wp\/v2\/pages\/7013"}],"wp:featuredmedia":[{"embeddable":true,"href":"https:\/\/dlslawfirm.com\/es\/wp-json\/wp\/v2\/media\/7231"}],"wp:attachment":[{"href":"https:\/\/dlslawfirm.com\/es\/wp-json\/wp\/v2\/media?parent=6964"}],"wp:term":[{"taxonomy":"post_tag","embeddable":true,"href":"https:\/\/dlslawfirm.com\/es\/wp-json\/wp\/v2\/tags?post=6964"}],"curies":[{"name":"wp","href":"https:\/\/api.w.org\/{rel}","templated":true}]}}