{"id":6963,"date":"2015-12-01T21:25:17","date_gmt":"2015-12-01T21:25:17","guid":{"rendered":"https:\/\/dlslawfirm.com\/cuales-son-las-diferencias-entre-los-tipos-de-lesiones-cerebrales\/"},"modified":"2015-12-01T21:25:17","modified_gmt":"2015-12-01T21:25:17","slug":"cuales-son-las-diferencias-entre-los-tipos-de-lesiones-cerebrales","status":"publish","type":"page","link":"https:\/\/dlslawfirm.com\/es\/preguntas-frecuentes\/cuales-son-las-diferencias-entre-los-tipos-de-lesiones-cerebrales\/","title":{"rendered":"\u00bfCu\u00e1les son las diferencias entre los tipos de lesiones cerebrales?"},"content":{"rendered":"<p><img loading=\"lazy\" decoding=\"async\" class=\"aligncenter size-full wp-image-2580\" src=\"\/\/dlslawfirm.com\/wp-content\/uploads\/2015\/12\/What-Are-The-Differences-Between-The-Types-Of-Brain-Injuries-e1449005103988.jpg\" alt=\"\u00bfCu\u00e1les son las diferencias entre los tipos de lesiones cerebrales?\" width=\"566\" height=\"400\"><\/p>\n<h2>Abogado de lesiones cerebrales traum\u00e1ticas de Denver<\/h2>\n<p>Una <a href=\"http:\/\/www.ninds.nih.gov\/disorders\/tbi\/tbi.htm\">lesi\u00f3n cerebral traum\u00e1tica (LCT<\/a> ) se produce cuando el cr\u00e1neo se atasca repentinamente con un objeto o el cr\u00e1neo choca violentamente con un objeto. Esto se denomina lesi\u00f3n &#8220;craneal cerrada&#8221; y suele descubrirse en casos de lesiones personales, como accidentes de tr\u00e1fico, resbalones y ca\u00eddas, y accidentes laborales.<\/p>\n<p>A menudo no hay signos externos de lesi\u00f3n cerebral. Un traumatismo craneoencef\u00e1lico cerrado se produce cuando el cerebro se desplaza dentro del cr\u00e1neo, golpe\u00e1ndolo violentamente, lo que provoca da\u00f1os en el cerebro. Puede resultar dif\u00edcil diagnosticar una lesi\u00f3n craneal cerrada; sin embargo, esta LCT puede ser tan peligrosa como una lesi\u00f3n cerebral penetrante.<\/p>\n<p>Una LCT penetrante se produce cuando un objeto penetra en el cr\u00e1neo y penetra en el tejido cerebral. Es muy f\u00e1cil de diagnosticar debido al traumatismo externo del cr\u00e1neo. El da\u00f1o de una lesi\u00f3n cerebral penetrante suele localizarse en la zona de penetraci\u00f3n, pero no siempre. Las lesiones penetrantes en la cabeza tambi\u00e9n se producen en diversos casos de lesiones personales.<\/p>\n<p>Ambos pueden poner en peligro la vida.<\/p>\n<h2>Tipos de lesiones cerebrales traum\u00e1ticas<\/h2>\n<p>Las lesiones cerebrales <a href=\"\/\/dlslawfirm.com\/lesion-personal\/lesion-cerebral\/\">traum\u00e1ticas<\/a> se clasifican en leves, moderadas o graves, seg\u00fan el grado de da\u00f1o cerebral y los s\u00edntomas que se presenten tras la lesi\u00f3n cerebral. Las lesiones cerebrales leves causan alteraciones en el funcionamiento normal de las c\u00e9lulas cerebrales; sin embargo, las lesiones cerebrales moderadas y varias pueden causar desgarros de tejidos, hemorragias, hematomas y otros da\u00f1os f\u00edsicos en el cerebro que provocan discapacidades permanentes o la muerte.<\/p>\n<p><strong>Da\u00f1o cerebral leve<\/strong><br \/>\nUna LCT leve es la lesi\u00f3n cerebral menos grave. Los s\u00edntomas de una lesi\u00f3n cerebral leve se resuelven con el tiempo. Los s\u00edntomas de una LCT leve incluyen s\u00edntomas f\u00edsicos, sensoriales y cognitivos como:<\/p>\n<ul>\n<li>P\u00e9rdida de conciencia que dura de unos segundos a unos minutos<\/li>\n<li>Dolor de cabeza<\/li>\n<li>V\u00f3mitos<\/li>\n<li>Somnolencia o fatiga<\/li>\n<li>P\u00e9rdida de equilibrio y\/o mareos<\/li>\n<li>Visi\u00f3n borrosa<\/li>\n<li>Sensibilidad al sonido y\/o a la luz<\/li>\n<li>Problemas de concentraci\u00f3n y memoria<\/li>\n<li>Cambios de humor<\/li>\n<li>Depresi\u00f3n<\/li>\n<\/ul>\n<p><strong>Lesiones moderadas y graves de Brian<\/strong><br \/>\nUna LCT moderada o grave puede incluir cualquiera de los s\u00edntomas anteriores de una LCT leve; sin embargo, uno o m\u00e1s de los s\u00edntomas siguientes est\u00e1n presentes inmediatamente o en unas pocas horas o d\u00edas.<\/p>\n<ul>\n<li>P\u00e9rdida de conciencia que dura varias horas<\/li>\n<li>Dolores de cabeza que persisten o aumentan de gravedad<\/li>\n<li>Ataques y\/o convulsiones<\/li>\n<li>P\u00e9rdida de coordinaci\u00f3n<\/li>\n<li>Habla arrastrada<\/li>\n<li>Episodios repetidos de v\u00f3mitos o n\u00e1useas<\/li>\n<li>L\u00edquidos claros que drenan de los o\u00eddos y\/o la nariz<\/li>\n<li>Incapacidad para despertarse despu\u00e9s de dormir<\/li>\n<li>Entumecimiento o debilidad en los dedos de los pies y\/o de las manos<\/li>\n<li>Confusi\u00f3n aguda<\/li>\n<li>Comportamiento inusual, combatividad o agitaci\u00f3n<\/li>\n<li>Coma u otra p\u00e9rdida permanente de conciencia<\/li>\n<\/ul>\n<h2>Diagnosticar la gravedad de una lesi\u00f3n cerebral<\/h2>\n<p>Los profesionales m\u00e9dicos utilizan la Escala de Coma de Glasgow para determinar la gravedad de una lesi\u00f3n cerebral. La evaluaci\u00f3n ayuda a los m\u00e9dicos a determinar un tratamiento. Los m\u00e9dicos tambi\u00e9n pueden utilizar pruebas de imagen como una tomograf\u00eda computarizada (TC) o una resonancia magn\u00e9tica (RM) para comprobar si hay da\u00f1os en el cerebro. Por desgracia, las lesiones cerebrales leves pueden no verse en estas pruebas diagn\u00f3sticas. En el Bufete de Dianne Sawaya trabajamos en estrecha colaboraci\u00f3n con neuropsic\u00f3logos, especialistas que administran una prueba para cuantificar la lesi\u00f3n cerebral.<\/p>\n<h2>\u00bfC\u00f3mo puede ayudarme un abogado de lesiones personales si he sufrido una lesi\u00f3n cerebral?<\/h2>\n<p>Un <a href=\"\/\/dlslawfirm.com\/auto-accident-attorney\/\">abogado de lesiones personales con experiencia<\/a> en casos de LCT o lesiones cerebrales comprende los s\u00edntomas y tratamientos que conlleva una lesi\u00f3n cerebral. El abogado ha trabajado estrechamente con profesionales m\u00e9dicos en otros casos de lesi\u00f3n cerebral; por tanto, el abogado puede ayudar a remitirte a los profesionales m\u00e9dicos que pueden diagnosticar y tratar correctamente tu lesi\u00f3n cerebral.<\/p>\n<p>El abogado tambi\u00e9n protege tu derecho a recibir una indemnizaci\u00f3n de la parte que caus\u00f3 el accidente que provoc\u00f3 tu lesi\u00f3n cerebral. La mayor\u00eda de los pacientes con lesiones cerebrales tienen enormes gastos m\u00e9dicos y cuantiosas p\u00e9rdidas salariales a causa del accidente. Un <a href=\"\/\/dlslawfirm.com\/abogado-de-lesiones-personales-comerciales\/\">abogado especializado en lesiones<\/a> personales te ayudar\u00e1 a recuperar esos gastos, adem\u00e1s de pedir una indemnizaci\u00f3n por gastos futuros, dolor f\u00edsico, sufrimiento emocional y p\u00e9rdida del disfrute de la vida.<\/p>\n<h2>Ponte en contacto con un abogado experto en lesiones cerebrales de Denver<\/h2>\n<p>Si t\u00fa o un miembro de tu familia hab\u00e9is sufrido una lesi\u00f3n cerebral debido a la negligencia, descuido o conducta imprudente de otra parte, ponte en contacto con el <a href=\"\/\/dlslawfirm.com\/\">bufete de abogados de Dianne Sawaya, LLC<\/a> para programar una consulta y hablar de tus derechos legales a recibir una indemnizaci\u00f3n por tus lesiones.<\/p>\n","protected":false},"excerpt":{"rendered":"<p>Abogado de lesiones cerebrales traum\u00e1ticas de Denver Una lesi\u00f3n cerebral traum\u00e1tica (LCT ) se produce cuando el cr\u00e1neo se atasca repentinamente con un objeto o el cr\u00e1neo choca violentamente con un objeto. Esto se denomina lesi\u00f3n &#8220;craneal cerrada&#8221; y suele descubrirse en casos de lesiones personales, como accidentes de tr\u00e1fico, resbalones y ca\u00eddas, y accidentes&#8230;<\/p>\n","protected":false},"author":2,"featured_media":7256,"parent":7013,"menu_order":108,"comment_status":"open","ping_status":"open","template":"","meta":{"_acf_changed":false,"footnotes":""},"tags":[],"class_list":["post-6963","page","type-page","status-publish","has-post-thumbnail","hentry"],"acf":[],"yoast_head":"<!-- This site is optimized with the Yoast SEO plugin v27.5 - https:\/\/yoast.com\/product\/yoast-seo-wordpress\/ -->\n<title>\u00bfDiferencias entre los tipos de lesiones cerebrales? | Abogado<\/title>\n<meta name=\"description\" content=\"Haz clic aqu\u00ed para conocer las diferencias entre los tipos de lesiones cerebrales y c\u00f3mo puede ayudarte el bufete de Dianne Sawaya, LLC, de Denver, CO.\" \/>\n<meta name=\"robots\" content=\"index, follow, max-snippet:-1, max-image-preview:large, max-video-preview:-1\" \/>\n<link rel=\"canonical\" href=\"https:\/\/dlslawfirm.com\/es\/preguntas-frecuentes\/cuales-son-las-diferencias-entre-los-tipos-de-lesiones-cerebrales\/\" \/>\n<meta property=\"og:locale\" content=\"es_MX\" \/>\n<meta property=\"og:type\" content=\"article\" \/>\n<meta property=\"og:title\" content=\"\u00bfDiferencias entre los tipos de lesiones cerebrales? | Abogado\" \/>\n<meta property=\"og:description\" content=\"Haz clic aqu\u00ed para conocer las diferencias entre los tipos de lesiones cerebrales y c\u00f3mo puede ayudarte el bufete de Dianne Sawaya, LLC, de Denver, CO.\" \/>\n<meta property=\"og:url\" content=\"https:\/\/dlslawfirm.com\/es\/preguntas-frecuentes\/cuales-son-las-diferencias-entre-los-tipos-de-lesiones-cerebrales\/\" \/>\n<meta property=\"og:site_name\" content=\"Law Offices of Dianne Sawaya LLC- En Espanol\" \/>\n<meta property=\"og:image\" content=\"https:\/\/dlslawfirm.com\/es\/wp-content\/uploads\/sites\/2\/2022\/06\/pexels-thirdman-5327920-scaled-1.jpg\" \/>\n\t<meta property=\"og:image:width\" content=\"1067\" \/>\n\t<meta property=\"og:image:height\" content=\"1600\" \/>\n\t<meta property=\"og:image:type\" content=\"image\/jpeg\" \/>\n<meta name=\"twitter:card\" content=\"summary_large_image\" \/>\n<meta name=\"twitter:label1\" content=\"Est. reading time\" \/>\n\t<meta name=\"twitter:data1\" content=\"4 minutos\" \/>\n<script type=\"application\/ld+json\" class=\"yoast-schema-graph\">{\"@context\":\"https:\\\/\\\/schema.org\",\"@graph\":[{\"@type\":\"WebPage\",\"@id\":\"https:\\\/\\\/dlslawfirm.com\\\/es\\\/preguntas-frecuentes\\\/cuales-son-las-diferencias-entre-los-tipos-de-lesiones-cerebrales\\\/\",\"url\":\"https:\\\/\\\/dlslawfirm.com\\\/es\\\/preguntas-frecuentes\\\/cuales-son-las-diferencias-entre-los-tipos-de-lesiones-cerebrales\\\/\",\"name\":\"\u00bfDiferencias entre los tipos de lesiones cerebrales? | Abogado\",\"isPartOf\":{\"@id\":\"https:\\\/\\\/dlslawfirm.com\\\/es\\\/#website\"},\"primaryImageOfPage\":{\"@id\":\"https:\\\/\\\/dlslawfirm.com\\\/es\\\/preguntas-frecuentes\\\/cuales-son-las-diferencias-entre-los-tipos-de-lesiones-cerebrales\\\/#primaryimage\"},\"image\":{\"@id\":\"https:\\\/\\\/dlslawfirm.com\\\/es\\\/preguntas-frecuentes\\\/cuales-son-las-diferencias-entre-los-tipos-de-lesiones-cerebrales\\\/#primaryimage\"},\"thumbnailUrl\":\"https:\\\/\\\/dlslawfirm.com\\\/es\\\/wp-content\\\/uploads\\\/sites\\\/2\\\/2022\\\/06\\\/pexels-thirdman-5327920-scaled-1.jpg\",\"datePublished\":\"2015-12-01T21:25:17+00:00\",\"description\":\"Haz clic aqu\u00ed para conocer las diferencias entre los tipos de lesiones cerebrales y c\u00f3mo puede ayudarte el bufete de Dianne Sawaya, LLC, de Denver, CO.\",\"breadcrumb\":{\"@id\":\"https:\\\/\\\/dlslawfirm.com\\\/es\\\/preguntas-frecuentes\\\/cuales-son-las-diferencias-entre-los-tipos-de-lesiones-cerebrales\\\/#breadcrumb\"},\"inLanguage\":\"es\",\"potentialAction\":[{\"@type\":\"ReadAction\",\"target\":[\"https:\\\/\\\/dlslawfirm.com\\\/es\\\/preguntas-frecuentes\\\/cuales-son-las-diferencias-entre-los-tipos-de-lesiones-cerebrales\\\/\"]}]},{\"@type\":\"ImageObject\",\"inLanguage\":\"es\",\"@id\":\"https:\\\/\\\/dlslawfirm.com\\\/es\\\/preguntas-frecuentes\\\/cuales-son-las-diferencias-entre-los-tipos-de-lesiones-cerebrales\\\/#primaryimage\",\"url\":\"https:\\\/\\\/dlslawfirm.com\\\/es\\\/wp-content\\\/uploads\\\/sites\\\/2\\\/2022\\\/06\\\/pexels-thirdman-5327920-scaled-1.jpg\",\"contentUrl\":\"https:\\\/\\\/dlslawfirm.com\\\/es\\\/wp-content\\\/uploads\\\/sites\\\/2\\\/2022\\\/06\\\/pexels-thirdman-5327920-scaled-1.jpg\",\"width\":1067,\"height\":1600,\"caption\":\"doctor reviewing chart\"},{\"@type\":\"BreadcrumbList\",\"@id\":\"https:\\\/\\\/dlslawfirm.com\\\/es\\\/preguntas-frecuentes\\\/cuales-son-las-diferencias-entre-los-tipos-de-lesiones-cerebrales\\\/#breadcrumb\",\"itemListElement\":[{\"@type\":\"ListItem\",\"position\":1,\"name\":\"Home\",\"item\":\"https:\\\/\\\/dlslawfirm.com\\\/es\\\/\"},{\"@type\":\"ListItem\",\"position\":2,\"name\":\"PREGUNTAS FRECUENTES\",\"item\":\"https:\\\/\\\/dlslawfirm.com\\\/es\\\/preguntas-frecuentes\\\/\"},{\"@type\":\"ListItem\",\"position\":3,\"name\":\"\u00bfCu\u00e1les son las diferencias entre los tipos de lesiones cerebrales?\"}]},{\"@type\":\"WebSite\",\"@id\":\"https:\\\/\\\/dlslawfirm.com\\\/es\\\/#website\",\"url\":\"https:\\\/\\\/dlslawfirm.com\\\/es\\\/\",\"name\":\"Law Offices of Dianne Sawaya LLC- En Espanol\",\"description\":\"\",\"potentialAction\":[{\"@type\":\"SearchAction\",\"target\":{\"@type\":\"EntryPoint\",\"urlTemplate\":\"https:\\\/\\\/dlslawfirm.com\\\/es\\\/?s={search_term_string}\"},\"query-input\":{\"@type\":\"PropertyValueSpecification\",\"valueRequired\":true,\"valueName\":\"search_term_string\"}}],\"inLanguage\":\"es\"}]}<\/script>\n<!-- \/ Yoast SEO plugin. -->","yoast_head_json":{"title":"\u00bfDiferencias entre los tipos de lesiones cerebrales? | Abogado","description":"Haz clic aqu\u00ed para conocer las diferencias entre los tipos de lesiones cerebrales y c\u00f3mo puede ayudarte el bufete de Dianne Sawaya, LLC, de Denver, CO.","robots":{"index":"index","follow":"follow","max-snippet":"max-snippet:-1","max-image-preview":"max-image-preview:large","max-video-preview":"max-video-preview:-1"},"canonical":"https:\/\/dlslawfirm.com\/es\/preguntas-frecuentes\/cuales-son-las-diferencias-entre-los-tipos-de-lesiones-cerebrales\/","og_locale":"es_MX","og_type":"article","og_title":"\u00bfDiferencias entre los tipos de lesiones cerebrales? | Abogado","og_description":"Haz clic aqu\u00ed para conocer las diferencias entre los tipos de lesiones cerebrales y c\u00f3mo puede ayudarte el bufete de Dianne Sawaya, LLC, de Denver, CO.","og_url":"https:\/\/dlslawfirm.com\/es\/preguntas-frecuentes\/cuales-son-las-diferencias-entre-los-tipos-de-lesiones-cerebrales\/","og_site_name":"Law Offices of Dianne Sawaya LLC- En Espanol","og_image":[{"width":1067,"height":1600,"url":"https:\/\/dlslawfirm.com\/es\/wp-content\/uploads\/sites\/2\/2022\/06\/pexels-thirdman-5327920-scaled-1.jpg","type":"image\/jpeg"}],"twitter_card":"summary_large_image","twitter_misc":{"Est. reading time":"4 minutos"},"schema":{"@context":"https:\/\/schema.org","@graph":[{"@type":"WebPage","@id":"https:\/\/dlslawfirm.com\/es\/preguntas-frecuentes\/cuales-son-las-diferencias-entre-los-tipos-de-lesiones-cerebrales\/","url":"https:\/\/dlslawfirm.com\/es\/preguntas-frecuentes\/cuales-son-las-diferencias-entre-los-tipos-de-lesiones-cerebrales\/","name":"\u00bfDiferencias entre los tipos de lesiones cerebrales? | Abogado","isPartOf":{"@id":"https:\/\/dlslawfirm.com\/es\/#website"},"primaryImageOfPage":{"@id":"https:\/\/dlslawfirm.com\/es\/preguntas-frecuentes\/cuales-son-las-diferencias-entre-los-tipos-de-lesiones-cerebrales\/#primaryimage"},"image":{"@id":"https:\/\/dlslawfirm.com\/es\/preguntas-frecuentes\/cuales-son-las-diferencias-entre-los-tipos-de-lesiones-cerebrales\/#primaryimage"},"thumbnailUrl":"https:\/\/dlslawfirm.com\/es\/wp-content\/uploads\/sites\/2\/2022\/06\/pexels-thirdman-5327920-scaled-1.jpg","datePublished":"2015-12-01T21:25:17+00:00","description":"Haz clic aqu\u00ed para conocer las diferencias entre los tipos de lesiones cerebrales y c\u00f3mo puede ayudarte el bufete de Dianne Sawaya, LLC, de Denver, CO.","breadcrumb":{"@id":"https:\/\/dlslawfirm.com\/es\/preguntas-frecuentes\/cuales-son-las-diferencias-entre-los-tipos-de-lesiones-cerebrales\/#breadcrumb"},"inLanguage":"es","potentialAction":[{"@type":"ReadAction","target":["https:\/\/dlslawfirm.com\/es\/preguntas-frecuentes\/cuales-son-las-diferencias-entre-los-tipos-de-lesiones-cerebrales\/"]}]},{"@type":"ImageObject","inLanguage":"es","@id":"https:\/\/dlslawfirm.com\/es\/preguntas-frecuentes\/cuales-son-las-diferencias-entre-los-tipos-de-lesiones-cerebrales\/#primaryimage","url":"https:\/\/dlslawfirm.com\/es\/wp-content\/uploads\/sites\/2\/2022\/06\/pexels-thirdman-5327920-scaled-1.jpg","contentUrl":"https:\/\/dlslawfirm.com\/es\/wp-content\/uploads\/sites\/2\/2022\/06\/pexels-thirdman-5327920-scaled-1.jpg","width":1067,"height":1600,"caption":"doctor reviewing chart"},{"@type":"BreadcrumbList","@id":"https:\/\/dlslawfirm.com\/es\/preguntas-frecuentes\/cuales-son-las-diferencias-entre-los-tipos-de-lesiones-cerebrales\/#breadcrumb","itemListElement":[{"@type":"ListItem","position":1,"name":"Home","item":"https:\/\/dlslawfirm.com\/es\/"},{"@type":"ListItem","position":2,"name":"PREGUNTAS FRECUENTES","item":"https:\/\/dlslawfirm.com\/es\/preguntas-frecuentes\/"},{"@type":"ListItem","position":3,"name":"\u00bfCu\u00e1les son las diferencias entre los tipos de lesiones cerebrales?"}]},{"@type":"WebSite","@id":"https:\/\/dlslawfirm.com\/es\/#website","url":"https:\/\/dlslawfirm.com\/es\/","name":"Law Offices of Dianne Sawaya LLC- En Espanol","description":"","potentialAction":[{"@type":"SearchAction","target":{"@type":"EntryPoint","urlTemplate":"https:\/\/dlslawfirm.com\/es\/?s={search_term_string}"},"query-input":{"@type":"PropertyValueSpecification","valueRequired":true,"valueName":"search_term_string"}}],"inLanguage":"es"}]}},"_links":{"self":[{"href":"https:\/\/dlslawfirm.com\/es\/wp-json\/wp\/v2\/pages\/6963","targetHints":{"allow":["GET"]}}],"collection":[{"href":"https:\/\/dlslawfirm.com\/es\/wp-json\/wp\/v2\/pages"}],"about":[{"href":"https:\/\/dlslawfirm.com\/es\/wp-json\/wp\/v2\/types\/page"}],"author":[{"embeddable":true,"href":"https:\/\/dlslawfirm.com\/es\/wp-json\/wp\/v2\/users\/2"}],"replies":[{"embeddable":true,"href":"https:\/\/dlslawfirm.com\/es\/wp-json\/wp\/v2\/comments?post=6963"}],"version-history":[{"count":0,"href":"https:\/\/dlslawfirm.com\/es\/wp-json\/wp\/v2\/pages\/6963\/revisions"}],"up":[{"embeddable":true,"href":"https:\/\/dlslawfirm.com\/es\/wp-json\/wp\/v2\/pages\/7013"}],"wp:featuredmedia":[{"embeddable":true,"href":"https:\/\/dlslawfirm.com\/es\/wp-json\/wp\/v2\/media\/7256"}],"wp:attachment":[{"href":"https:\/\/dlslawfirm.com\/es\/wp-json\/wp\/v2\/media?parent=6963"}],"wp:term":[{"taxonomy":"post_tag","embeddable":true,"href":"https:\/\/dlslawfirm.com\/es\/wp-json\/wp\/v2\/tags?post=6963"}],"curies":[{"name":"wp","href":"https:\/\/api.w.org\/{rel}","templated":true}]}}