{"id":6961,"date":"2015-07-22T15:32:47","date_gmt":"2015-07-22T15:32:47","guid":{"rendered":"https:\/\/dlslawfirm.com\/debo-pedir-una-segunda-opinion-en-mi-caso-de-lesiones-personales\/"},"modified":"2015-07-22T15:32:47","modified_gmt":"2015-07-22T15:32:47","slug":"debo-pedir-una-segunda-opinion-en-mi-caso-de-lesiones-personales","status":"publish","type":"page","link":"https:\/\/dlslawfirm.com\/es\/preguntas-frecuentes\/debo-pedir-una-segunda-opinion-en-mi-caso-de-lesiones-personales\/","title":{"rendered":"\u00bfDebo pedir una segunda opini\u00f3n en mi caso de lesiones personales?"},"content":{"rendered":"<h2>Abogados de Colorado especializados en lesiones personales<\/h2>\n<p>Si te has lesionado, es buena idea hablar con un abogado de lesiones personales&#8230; uno que s\u00f3lo se dedique a lesiones personales. Como tu <a href=\"\/\/dlslawfirm.com\/abogados\/\">abogado de Denver especializado en accidentes<\/a> de tr\u00e1fico ser\u00e1 tu socio de confianza durante todo el caso, es importante que haya buena qu\u00edmica entre vosotros dos. Elige bien. Diferentes abogados ver\u00e1n un caso potencial de forma diferente. Entrevistar a varios abogados te permitir\u00e1 hacerte una idea de c\u00f3mo os relacionar\u00e9is en el futuro. Tambi\u00e9n querr\u00e1s trabajar con un bufete de abogados que disponga de los recursos necesarios para dedicarse a tu caso y garantizar el \u00e9xito. El bufete de abogados de Dianne L. Sawaya LLC se compromete a prestar un servicio competente, agresivo y compasivo a nuestros clientes.<\/p>\n<p>El proceso legal puede ser un proceso desalentador, que hace que muchos se sientan ansiosos y estresados. Trabajar con el abogado adecuado puede darte la posibilidad de centrarte en relajarte y curarte en lugar de estresarte por el aspecto legal de las cosas. Ponte en contacto con The Law Offices of Dianne L. Sawaya LLC hoy mismo para ponerte en el buen camino.<\/p>\n<p>Explora las preguntas relacionadas:<\/p>\n<ul>\n<li><a href=\"\/\/dlslawfirm.com\/faq\/why-do-i-need-a-personal-injury-attorney\/\">\u00bfPor qu\u00e9 necesito un abogado de lesiones personales?<\/a><\/li>\n<li><a href=\"\/\/dlslawfirm.com\/resources\/faq-video-library\/do-i-really-need-an-attorney-can-i-do-this-alone\/\">\u00bfPuedo hacerlo por mi cuenta?<\/a><\/li>\n<li><a href=\"\/\/dlslawfirm.com\/faq\/en-que-me-debo- fijar-al-seleccionar-un-abogado\/\">\u00bfQu\u00e9 debo tener en cuenta al elegir un abogado?<\/a><\/li>\n<\/ul>\n","protected":false},"excerpt":{"rendered":"<p>Abogados de Colorado especializados en lesiones personales Si te has lesionado, es buena idea hablar con un abogado de lesiones personales&#8230; uno que s\u00f3lo se dedique a lesiones personales. Como tu abogado de Denver especializado en accidentes de tr\u00e1fico ser\u00e1 tu socio de confianza durante todo el caso, es importante que haya buena qu\u00edmica entre&#8230;<\/p>\n","protected":false},"author":2,"featured_media":7223,"parent":7013,"menu_order":144,"comment_status":"open","ping_status":"open","template":"","meta":{"_acf_changed":false,"footnotes":""},"tags":[],"class_list":["post-6961","page","type-page","status-publish","has-post-thumbnail","hentry"],"acf":[],"yoast_head":"<!-- This site is optimized with the Yoast SEO plugin v27.3 - https:\/\/yoast.com\/product\/yoast-seo-wordpress\/ -->\n<title>\u00bfDeber\u00eda pedir una segunda opini\u00f3n? | Preguntas jur\u00eddicas contestadas<\/title>\n<meta name=\"description\" content=\"Si te has lesionado, conviene que hables con varios abogados de lesiones personales. Ponte en contacto con Law Offices of Dianne Sawaya, LLC en Denver, CO hoy mismo.\" \/>\n<meta name=\"robots\" content=\"index, follow, max-snippet:-1, max-image-preview:large, max-video-preview:-1\" \/>\n<link rel=\"canonical\" href=\"https:\/\/dlslawfirm.com\/es\/preguntas-frecuentes\/debo-pedir-una-segunda-opinion-en-mi-caso-de-lesiones-personales\/\" \/>\n<meta property=\"og:locale\" content=\"es_MX\" \/>\n<meta property=\"og:type\" content=\"article\" \/>\n<meta property=\"og:title\" content=\"\u00bfDeber\u00eda pedir una segunda opini\u00f3n? | Preguntas jur\u00eddicas contestadas\" \/>\n<meta property=\"og:description\" content=\"Si te has lesionado, conviene que hables con varios abogados de lesiones personales. Ponte en contacto con Law Offices of Dianne Sawaya, LLC en Denver, CO hoy mismo.\" \/>\n<meta property=\"og:url\" content=\"https:\/\/dlslawfirm.com\/es\/preguntas-frecuentes\/debo-pedir-una-segunda-opinion-en-mi-caso-de-lesiones-personales\/\" \/>\n<meta property=\"og:site_name\" content=\"Law Offices of Dianne Sawaya LLC- En Espanol\" \/>\n<meta property=\"og:image\" content=\"https:\/\/dlslawfirm.com\/es\/wp-content\/uploads\/sites\/2\/2022\/06\/pexels-alex-green-5699479.jpg\" \/>\n\t<meta property=\"og:image:width\" content=\"1600\" \/>\n\t<meta property=\"og:image:height\" content=\"452\" \/>\n\t<meta property=\"og:image:type\" content=\"image\/jpeg\" \/>\n<meta name=\"twitter:card\" content=\"summary_large_image\" \/>\n<meta name=\"twitter:label1\" content=\"Est. reading time\" \/>\n\t<meta name=\"twitter:data1\" content=\"1 minuto\" \/>\n<script type=\"application\/ld+json\" class=\"yoast-schema-graph\">{\"@context\":\"https:\\\/\\\/schema.org\",\"@graph\":[{\"@type\":\"WebPage\",\"@id\":\"https:\\\/\\\/dlslawfirm.com\\\/es\\\/preguntas-frecuentes\\\/debo-pedir-una-segunda-opinion-en-mi-caso-de-lesiones-personales\\\/\",\"url\":\"https:\\\/\\\/dlslawfirm.com\\\/es\\\/preguntas-frecuentes\\\/debo-pedir-una-segunda-opinion-en-mi-caso-de-lesiones-personales\\\/\",\"name\":\"\u00bfDeber\u00eda pedir una segunda opini\u00f3n? | Preguntas jur\u00eddicas contestadas\",\"isPartOf\":{\"@id\":\"https:\\\/\\\/dlslawfirm.com\\\/es\\\/#website\"},\"primaryImageOfPage\":{\"@id\":\"https:\\\/\\\/dlslawfirm.com\\\/es\\\/preguntas-frecuentes\\\/debo-pedir-una-segunda-opinion-en-mi-caso-de-lesiones-personales\\\/#primaryimage\"},\"image\":{\"@id\":\"https:\\\/\\\/dlslawfirm.com\\\/es\\\/preguntas-frecuentes\\\/debo-pedir-una-segunda-opinion-en-mi-caso-de-lesiones-personales\\\/#primaryimage\"},\"thumbnailUrl\":\"https:\\\/\\\/dlslawfirm.com\\\/es\\\/wp-content\\\/uploads\\\/sites\\\/2\\\/2022\\\/06\\\/pexels-alex-green-5699479.jpg\",\"datePublished\":\"2015-07-22T15:32:47+00:00\",\"description\":\"Si te has lesionado, conviene que hables con varios abogados de lesiones personales. Ponte en contacto con Law Offices of Dianne Sawaya, LLC en Denver, CO hoy mismo.\",\"breadcrumb\":{\"@id\":\"https:\\\/\\\/dlslawfirm.com\\\/es\\\/preguntas-frecuentes\\\/debo-pedir-una-segunda-opinion-en-mi-caso-de-lesiones-personales\\\/#breadcrumb\"},\"inLanguage\":\"es\",\"potentialAction\":[{\"@type\":\"ReadAction\",\"target\":[\"https:\\\/\\\/dlslawfirm.com\\\/es\\\/preguntas-frecuentes\\\/debo-pedir-una-segunda-opinion-en-mi-caso-de-lesiones-personales\\\/\"]}]},{\"@type\":\"ImageObject\",\"inLanguage\":\"es\",\"@id\":\"https:\\\/\\\/dlslawfirm.com\\\/es\\\/preguntas-frecuentes\\\/debo-pedir-una-segunda-opinion-en-mi-caso-de-lesiones-personales\\\/#primaryimage\",\"url\":\"https:\\\/\\\/dlslawfirm.com\\\/es\\\/wp-content\\\/uploads\\\/sites\\\/2\\\/2022\\\/06\\\/pexels-alex-green-5699479.jpg\",\"contentUrl\":\"https:\\\/\\\/dlslawfirm.com\\\/es\\\/wp-content\\\/uploads\\\/sites\\\/2\\\/2022\\\/06\\\/pexels-alex-green-5699479.jpg\",\"width\":1600,\"height\":452,\"caption\":\"conversation\"},{\"@type\":\"BreadcrumbList\",\"@id\":\"https:\\\/\\\/dlslawfirm.com\\\/es\\\/preguntas-frecuentes\\\/debo-pedir-una-segunda-opinion-en-mi-caso-de-lesiones-personales\\\/#breadcrumb\",\"itemListElement\":[{\"@type\":\"ListItem\",\"position\":1,\"name\":\"Home\",\"item\":\"https:\\\/\\\/dlslawfirm.com\\\/es\\\/\"},{\"@type\":\"ListItem\",\"position\":2,\"name\":\"PREGUNTAS FRECUENTES\",\"item\":\"https:\\\/\\\/dlslawfirm.com\\\/es\\\/preguntas-frecuentes\\\/\"},{\"@type\":\"ListItem\",\"position\":3,\"name\":\"\u00bfDebo pedir una segunda opini\u00f3n en mi caso de lesiones personales?\"}]},{\"@type\":\"WebSite\",\"@id\":\"https:\\\/\\\/dlslawfirm.com\\\/es\\\/#website\",\"url\":\"https:\\\/\\\/dlslawfirm.com\\\/es\\\/\",\"name\":\"Law Offices of Dianne Sawaya LLC- En Espanol\",\"description\":\"\",\"potentialAction\":[{\"@type\":\"SearchAction\",\"target\":{\"@type\":\"EntryPoint\",\"urlTemplate\":\"https:\\\/\\\/dlslawfirm.com\\\/es\\\/?s={search_term_string}\"},\"query-input\":{\"@type\":\"PropertyValueSpecification\",\"valueRequired\":true,\"valueName\":\"search_term_string\"}}],\"inLanguage\":\"es\"}]}<\/script>\n<!-- \/ Yoast SEO plugin. -->","yoast_head_json":{"title":"\u00bfDeber\u00eda pedir una segunda opini\u00f3n? | Preguntas jur\u00eddicas contestadas","description":"Si te has lesionado, conviene que hables con varios abogados de lesiones personales. Ponte en contacto con Law Offices of Dianne Sawaya, LLC en Denver, CO hoy mismo.","robots":{"index":"index","follow":"follow","max-snippet":"max-snippet:-1","max-image-preview":"max-image-preview:large","max-video-preview":"max-video-preview:-1"},"canonical":"https:\/\/dlslawfirm.com\/es\/preguntas-frecuentes\/debo-pedir-una-segunda-opinion-en-mi-caso-de-lesiones-personales\/","og_locale":"es_MX","og_type":"article","og_title":"\u00bfDeber\u00eda pedir una segunda opini\u00f3n? | Preguntas jur\u00eddicas contestadas","og_description":"Si te has lesionado, conviene que hables con varios abogados de lesiones personales. Ponte en contacto con Law Offices of Dianne Sawaya, LLC en Denver, CO hoy mismo.","og_url":"https:\/\/dlslawfirm.com\/es\/preguntas-frecuentes\/debo-pedir-una-segunda-opinion-en-mi-caso-de-lesiones-personales\/","og_site_name":"Law Offices of Dianne Sawaya LLC- En Espanol","og_image":[{"width":1600,"height":452,"url":"https:\/\/dlslawfirm.com\/es\/wp-content\/uploads\/sites\/2\/2022\/06\/pexels-alex-green-5699479.jpg","type":"image\/jpeg"}],"twitter_card":"summary_large_image","twitter_misc":{"Est. reading time":"1 minuto"},"schema":{"@context":"https:\/\/schema.org","@graph":[{"@type":"WebPage","@id":"https:\/\/dlslawfirm.com\/es\/preguntas-frecuentes\/debo-pedir-una-segunda-opinion-en-mi-caso-de-lesiones-personales\/","url":"https:\/\/dlslawfirm.com\/es\/preguntas-frecuentes\/debo-pedir-una-segunda-opinion-en-mi-caso-de-lesiones-personales\/","name":"\u00bfDeber\u00eda pedir una segunda opini\u00f3n? | Preguntas jur\u00eddicas contestadas","isPartOf":{"@id":"https:\/\/dlslawfirm.com\/es\/#website"},"primaryImageOfPage":{"@id":"https:\/\/dlslawfirm.com\/es\/preguntas-frecuentes\/debo-pedir-una-segunda-opinion-en-mi-caso-de-lesiones-personales\/#primaryimage"},"image":{"@id":"https:\/\/dlslawfirm.com\/es\/preguntas-frecuentes\/debo-pedir-una-segunda-opinion-en-mi-caso-de-lesiones-personales\/#primaryimage"},"thumbnailUrl":"https:\/\/dlslawfirm.com\/es\/wp-content\/uploads\/sites\/2\/2022\/06\/pexels-alex-green-5699479.jpg","datePublished":"2015-07-22T15:32:47+00:00","description":"Si te has lesionado, conviene que hables con varios abogados de lesiones personales. Ponte en contacto con Law Offices of Dianne Sawaya, LLC en Denver, CO hoy mismo.","breadcrumb":{"@id":"https:\/\/dlslawfirm.com\/es\/preguntas-frecuentes\/debo-pedir-una-segunda-opinion-en-mi-caso-de-lesiones-personales\/#breadcrumb"},"inLanguage":"es","potentialAction":[{"@type":"ReadAction","target":["https:\/\/dlslawfirm.com\/es\/preguntas-frecuentes\/debo-pedir-una-segunda-opinion-en-mi-caso-de-lesiones-personales\/"]}]},{"@type":"ImageObject","inLanguage":"es","@id":"https:\/\/dlslawfirm.com\/es\/preguntas-frecuentes\/debo-pedir-una-segunda-opinion-en-mi-caso-de-lesiones-personales\/#primaryimage","url":"https:\/\/dlslawfirm.com\/es\/wp-content\/uploads\/sites\/2\/2022\/06\/pexels-alex-green-5699479.jpg","contentUrl":"https:\/\/dlslawfirm.com\/es\/wp-content\/uploads\/sites\/2\/2022\/06\/pexels-alex-green-5699479.jpg","width":1600,"height":452,"caption":"conversation"},{"@type":"BreadcrumbList","@id":"https:\/\/dlslawfirm.com\/es\/preguntas-frecuentes\/debo-pedir-una-segunda-opinion-en-mi-caso-de-lesiones-personales\/#breadcrumb","itemListElement":[{"@type":"ListItem","position":1,"name":"Home","item":"https:\/\/dlslawfirm.com\/es\/"},{"@type":"ListItem","position":2,"name":"PREGUNTAS FRECUENTES","item":"https:\/\/dlslawfirm.com\/es\/preguntas-frecuentes\/"},{"@type":"ListItem","position":3,"name":"\u00bfDebo pedir una segunda opini\u00f3n en mi caso de lesiones personales?"}]},{"@type":"WebSite","@id":"https:\/\/dlslawfirm.com\/es\/#website","url":"https:\/\/dlslawfirm.com\/es\/","name":"Law Offices of Dianne Sawaya LLC- En Espanol","description":"","potentialAction":[{"@type":"SearchAction","target":{"@type":"EntryPoint","urlTemplate":"https:\/\/dlslawfirm.com\/es\/?s={search_term_string}"},"query-input":{"@type":"PropertyValueSpecification","valueRequired":true,"valueName":"search_term_string"}}],"inLanguage":"es"}]}},"_links":{"self":[{"href":"https:\/\/dlslawfirm.com\/es\/wp-json\/wp\/v2\/pages\/6961","targetHints":{"allow":["GET"]}}],"collection":[{"href":"https:\/\/dlslawfirm.com\/es\/wp-json\/wp\/v2\/pages"}],"about":[{"href":"https:\/\/dlslawfirm.com\/es\/wp-json\/wp\/v2\/types\/page"}],"author":[{"embeddable":true,"href":"https:\/\/dlslawfirm.com\/es\/wp-json\/wp\/v2\/users\/2"}],"replies":[{"embeddable":true,"href":"https:\/\/dlslawfirm.com\/es\/wp-json\/wp\/v2\/comments?post=6961"}],"version-history":[{"count":0,"href":"https:\/\/dlslawfirm.com\/es\/wp-json\/wp\/v2\/pages\/6961\/revisions"}],"up":[{"embeddable":true,"href":"https:\/\/dlslawfirm.com\/es\/wp-json\/wp\/v2\/pages\/7013"}],"wp:featuredmedia":[{"embeddable":true,"href":"https:\/\/dlslawfirm.com\/es\/wp-json\/wp\/v2\/media\/7223"}],"wp:attachment":[{"href":"https:\/\/dlslawfirm.com\/es\/wp-json\/wp\/v2\/media?parent=6961"}],"wp:term":[{"taxonomy":"post_tag","embeddable":true,"href":"https:\/\/dlslawfirm.com\/es\/wp-json\/wp\/v2\/tags?post=6961"}],"curies":[{"name":"wp","href":"https:\/\/api.w.org\/{rel}","templated":true}]}}