{"id":6960,"date":"2015-07-22T16:45:27","date_gmt":"2015-07-22T16:45:27","guid":{"rendered":"https:\/\/dlslawfirm.com\/estoy-causando-problemas-a-la-otra-persona-al-presentar-una-demanda-por-lesiones-personales-contra-ella\/"},"modified":"2015-07-22T16:45:27","modified_gmt":"2015-07-22T16:45:27","slug":"estoy-causando-problemas-a-la-otra-persona-al-presentar-una-demanda-por-lesiones-personales-contra-ella","status":"publish","type":"page","link":"https:\/\/dlslawfirm.com\/es\/preguntas-frecuentes\/estoy-causando-problemas-a-la-otra-persona-al-presentar-una-demanda-por-lesiones-personales-contra-ella\/","title":{"rendered":"\u00bfEstoy causando problemas a la otra persona al presentar una demanda por lesiones personales contra ella?"},"content":{"rendered":"<h2>Equipo de lesiones personales de Colorado<\/h2>\n<p>No. Por lo general, la mayor\u00eda de la gente no se propone causar intencionadamente un accidente y perjudicar a otra persona. En caso de accidente (a diferencia de &#8220;a prop\u00f3sito&#8221;), para eso est\u00e1 el seguro de la otra persona. Si se determina que son culpables de causar un accidente que te lesiona, lo m\u00e1s probable es que no tengan que pagar personalmente: su p\u00f3liza de seguros pagar\u00e1 tus lesiones.<\/p>\n<p>Sin embargo, sean cuales sean las circunstancias, mereces una indemnizaci\u00f3n econ\u00f3mica tras haber sufrido lesiones por la negligencia de otro individuo. Este accidente no fue culpa tuya, por lo que no deber\u00edas tener que sufrir m\u00e1s de lo que ya has sufrido. Tus facturas m\u00e9dicas, el tiempo de baja laboral y el dolor y sufrimiento deben ser indemnizados. Aunque te preocupe c\u00f3mo afecta a la otra persona esta indemnizaci\u00f3n, lo principal que debe preocuparte es tu salud. Llama hoy mismo al bufete de Dianne L. Sawaya, LLC, para avanzar en este proceso de lesiones personales.<\/p>\n<p>Explora los art\u00edculos relacionados:<\/p>\n<ul>\n<li><a href=\"\/\/dlslawfirm.com\/faq\/how-do-i-know-if-i-have-a-personal-injury-claim\/\">\u00bfC\u00f3mo s\u00e9 si tengo derecho a reclamar por da\u00f1os personales?<\/a><\/li>\n<li><a href=\"\/\/dlslawfirm.com\/resources\/faq-video-library\/how-do-you-get-paid-will-this-cost-me-money\/\">\u00bfMe costar\u00e1 dinero?<\/a><\/li>\n<\/ul>\n","protected":false},"excerpt":{"rendered":"<p>Equipo de lesiones personales de Colorado No. Por lo general, la mayor\u00eda de la gente no se propone causar intencionadamente un accidente y perjudicar a otra persona. En caso de accidente (a diferencia de &#8220;a prop\u00f3sito&#8221;), para eso est\u00e1 el seguro de la otra persona. Si se determina que son culpables de causar un accidente&#8230;<\/p>\n","protected":false},"author":2,"featured_media":7254,"parent":7013,"menu_order":128,"comment_status":"open","ping_status":"open","template":"","meta":{"_acf_changed":false,"footnotes":""},"tags":[],"class_list":["post-6960","page","type-page","status-publish","has-post-thumbnail","hentry"],"acf":[],"yoast_head":"<!-- This site is optimized with the Yoast SEO plugin v27.3 - https:\/\/yoast.com\/product\/yoast-seo-wordpress\/ -->\n<title>\u00bfPresentar una demanda por lesiones personales causar\u00e1 problemas a la otra persona?<\/title>\n<meta name=\"description\" content=\"Cuando presentas una demanda por accidente de tr\u00e1fico en Denver, CO, no est\u00e1s causando problemas a la otra persona. Ponte en contacto con nuestros abogados de lesiones personales de Denver.\" \/>\n<meta name=\"robots\" content=\"index, follow, max-snippet:-1, max-image-preview:large, max-video-preview:-1\" \/>\n<link rel=\"canonical\" href=\"https:\/\/dlslawfirm.com\/es\/preguntas-frecuentes\/estoy-causando-problemas-a-la-otra-persona-al-presentar-una-demanda-por-lesiones-personales-contra-ella\/\" \/>\n<meta property=\"og:locale\" content=\"es_MX\" \/>\n<meta property=\"og:type\" content=\"article\" \/>\n<meta property=\"og:title\" content=\"\u00bfPresentar una demanda por lesiones personales causar\u00e1 problemas a la otra persona?\" \/>\n<meta property=\"og:description\" content=\"Cuando presentas una demanda por accidente de tr\u00e1fico en Denver, CO, no est\u00e1s causando problemas a la otra persona. Ponte en contacto con nuestros abogados de lesiones personales de Denver.\" \/>\n<meta property=\"og:url\" content=\"https:\/\/dlslawfirm.com\/es\/preguntas-frecuentes\/estoy-causando-problemas-a-la-otra-persona-al-presentar-una-demanda-por-lesiones-personales-contra-ella\/\" \/>\n<meta property=\"og:site_name\" content=\"Law Offices of Dianne Sawaya LLC- En Espanol\" \/>\n<meta property=\"og:image\" content=\"https:\/\/dlslawfirm.com\/es\/wp-content\/uploads\/sites\/2\/2022\/06\/pexels-pavel-danilyuk-8111853.jpg\" \/>\n\t<meta property=\"og:image:width\" content=\"1600\" \/>\n\t<meta property=\"og:image:height\" content=\"482\" \/>\n\t<meta property=\"og:image:type\" content=\"image\/jpeg\" \/>\n<meta name=\"twitter:card\" content=\"summary_large_image\" \/>\n<meta name=\"twitter:label1\" content=\"Est. reading time\" \/>\n\t<meta name=\"twitter:data1\" content=\"1 minuto\" \/>\n<script type=\"application\/ld+json\" class=\"yoast-schema-graph\">{\"@context\":\"https:\\\/\\\/schema.org\",\"@graph\":[{\"@type\":\"WebPage\",\"@id\":\"https:\\\/\\\/dlslawfirm.com\\\/es\\\/preguntas-frecuentes\\\/estoy-causando-problemas-a-la-otra-persona-al-presentar-una-demanda-por-lesiones-personales-contra-ella\\\/\",\"url\":\"https:\\\/\\\/dlslawfirm.com\\\/es\\\/preguntas-frecuentes\\\/estoy-causando-problemas-a-la-otra-persona-al-presentar-una-demanda-por-lesiones-personales-contra-ella\\\/\",\"name\":\"\u00bfPresentar una demanda por lesiones personales causar\u00e1 problemas a la otra persona?\",\"isPartOf\":{\"@id\":\"https:\\\/\\\/dlslawfirm.com\\\/es\\\/#website\"},\"primaryImageOfPage\":{\"@id\":\"https:\\\/\\\/dlslawfirm.com\\\/es\\\/preguntas-frecuentes\\\/estoy-causando-problemas-a-la-otra-persona-al-presentar-una-demanda-por-lesiones-personales-contra-ella\\\/#primaryimage\"},\"image\":{\"@id\":\"https:\\\/\\\/dlslawfirm.com\\\/es\\\/preguntas-frecuentes\\\/estoy-causando-problemas-a-la-otra-persona-al-presentar-una-demanda-por-lesiones-personales-contra-ella\\\/#primaryimage\"},\"thumbnailUrl\":\"https:\\\/\\\/dlslawfirm.com\\\/es\\\/wp-content\\\/uploads\\\/sites\\\/2\\\/2022\\\/06\\\/pexels-pavel-danilyuk-8111853.jpg\",\"datePublished\":\"2015-07-22T16:45:27+00:00\",\"description\":\"Cuando presentas una demanda por accidente de tr\u00e1fico en Denver, CO, no est\u00e1s causando problemas a la otra persona. Ponte en contacto con nuestros abogados de lesiones personales de Denver.\",\"breadcrumb\":{\"@id\":\"https:\\\/\\\/dlslawfirm.com\\\/es\\\/preguntas-frecuentes\\\/estoy-causando-problemas-a-la-otra-persona-al-presentar-una-demanda-por-lesiones-personales-contra-ella\\\/#breadcrumb\"},\"inLanguage\":\"es\",\"potentialAction\":[{\"@type\":\"ReadAction\",\"target\":[\"https:\\\/\\\/dlslawfirm.com\\\/es\\\/preguntas-frecuentes\\\/estoy-causando-problemas-a-la-otra-persona-al-presentar-una-demanda-por-lesiones-personales-contra-ella\\\/\"]}]},{\"@type\":\"ImageObject\",\"inLanguage\":\"es\",\"@id\":\"https:\\\/\\\/dlslawfirm.com\\\/es\\\/preguntas-frecuentes\\\/estoy-causando-problemas-a-la-otra-persona-al-presentar-una-demanda-por-lesiones-personales-contra-ella\\\/#primaryimage\",\"url\":\"https:\\\/\\\/dlslawfirm.com\\\/es\\\/wp-content\\\/uploads\\\/sites\\\/2\\\/2022\\\/06\\\/pexels-pavel-danilyuk-8111853.jpg\",\"contentUrl\":\"https:\\\/\\\/dlslawfirm.com\\\/es\\\/wp-content\\\/uploads\\\/sites\\\/2\\\/2022\\\/06\\\/pexels-pavel-danilyuk-8111853.jpg\",\"width\":1600,\"height\":482,\"caption\":\"person looking at paperwork at desk\"},{\"@type\":\"BreadcrumbList\",\"@id\":\"https:\\\/\\\/dlslawfirm.com\\\/es\\\/preguntas-frecuentes\\\/estoy-causando-problemas-a-la-otra-persona-al-presentar-una-demanda-por-lesiones-personales-contra-ella\\\/#breadcrumb\",\"itemListElement\":[{\"@type\":\"ListItem\",\"position\":1,\"name\":\"Home\",\"item\":\"https:\\\/\\\/dlslawfirm.com\\\/es\\\/\"},{\"@type\":\"ListItem\",\"position\":2,\"name\":\"PREGUNTAS FRECUENTES\",\"item\":\"https:\\\/\\\/dlslawfirm.com\\\/es\\\/preguntas-frecuentes\\\/\"},{\"@type\":\"ListItem\",\"position\":3,\"name\":\"\u00bfEstoy causando problemas a la otra persona al presentar una demanda por lesiones personales contra ella?\"}]},{\"@type\":\"WebSite\",\"@id\":\"https:\\\/\\\/dlslawfirm.com\\\/es\\\/#website\",\"url\":\"https:\\\/\\\/dlslawfirm.com\\\/es\\\/\",\"name\":\"Law Offices of Dianne Sawaya LLC- En Espanol\",\"description\":\"\",\"potentialAction\":[{\"@type\":\"SearchAction\",\"target\":{\"@type\":\"EntryPoint\",\"urlTemplate\":\"https:\\\/\\\/dlslawfirm.com\\\/es\\\/?s={search_term_string}\"},\"query-input\":{\"@type\":\"PropertyValueSpecification\",\"valueRequired\":true,\"valueName\":\"search_term_string\"}}],\"inLanguage\":\"es\"}]}<\/script>\n<!-- \/ Yoast SEO plugin. -->","yoast_head_json":{"title":"\u00bfPresentar una demanda por lesiones personales causar\u00e1 problemas a la otra persona?","description":"Cuando presentas una demanda por accidente de tr\u00e1fico en Denver, CO, no est\u00e1s causando problemas a la otra persona. Ponte en contacto con nuestros abogados de lesiones personales de Denver.","robots":{"index":"index","follow":"follow","max-snippet":"max-snippet:-1","max-image-preview":"max-image-preview:large","max-video-preview":"max-video-preview:-1"},"canonical":"https:\/\/dlslawfirm.com\/es\/preguntas-frecuentes\/estoy-causando-problemas-a-la-otra-persona-al-presentar-una-demanda-por-lesiones-personales-contra-ella\/","og_locale":"es_MX","og_type":"article","og_title":"\u00bfPresentar una demanda por lesiones personales causar\u00e1 problemas a la otra persona?","og_description":"Cuando presentas una demanda por accidente de tr\u00e1fico en Denver, CO, no est\u00e1s causando problemas a la otra persona. Ponte en contacto con nuestros abogados de lesiones personales de Denver.","og_url":"https:\/\/dlslawfirm.com\/es\/preguntas-frecuentes\/estoy-causando-problemas-a-la-otra-persona-al-presentar-una-demanda-por-lesiones-personales-contra-ella\/","og_site_name":"Law Offices of Dianne Sawaya LLC- En Espanol","og_image":[{"width":1600,"height":482,"url":"https:\/\/dlslawfirm.com\/es\/wp-content\/uploads\/sites\/2\/2022\/06\/pexels-pavel-danilyuk-8111853.jpg","type":"image\/jpeg"}],"twitter_card":"summary_large_image","twitter_misc":{"Est. reading time":"1 minuto"},"schema":{"@context":"https:\/\/schema.org","@graph":[{"@type":"WebPage","@id":"https:\/\/dlslawfirm.com\/es\/preguntas-frecuentes\/estoy-causando-problemas-a-la-otra-persona-al-presentar-una-demanda-por-lesiones-personales-contra-ella\/","url":"https:\/\/dlslawfirm.com\/es\/preguntas-frecuentes\/estoy-causando-problemas-a-la-otra-persona-al-presentar-una-demanda-por-lesiones-personales-contra-ella\/","name":"\u00bfPresentar una demanda por lesiones personales causar\u00e1 problemas a la otra persona?","isPartOf":{"@id":"https:\/\/dlslawfirm.com\/es\/#website"},"primaryImageOfPage":{"@id":"https:\/\/dlslawfirm.com\/es\/preguntas-frecuentes\/estoy-causando-problemas-a-la-otra-persona-al-presentar-una-demanda-por-lesiones-personales-contra-ella\/#primaryimage"},"image":{"@id":"https:\/\/dlslawfirm.com\/es\/preguntas-frecuentes\/estoy-causando-problemas-a-la-otra-persona-al-presentar-una-demanda-por-lesiones-personales-contra-ella\/#primaryimage"},"thumbnailUrl":"https:\/\/dlslawfirm.com\/es\/wp-content\/uploads\/sites\/2\/2022\/06\/pexels-pavel-danilyuk-8111853.jpg","datePublished":"2015-07-22T16:45:27+00:00","description":"Cuando presentas una demanda por accidente de tr\u00e1fico en Denver, CO, no est\u00e1s causando problemas a la otra persona. Ponte en contacto con nuestros abogados de lesiones personales de Denver.","breadcrumb":{"@id":"https:\/\/dlslawfirm.com\/es\/preguntas-frecuentes\/estoy-causando-problemas-a-la-otra-persona-al-presentar-una-demanda-por-lesiones-personales-contra-ella\/#breadcrumb"},"inLanguage":"es","potentialAction":[{"@type":"ReadAction","target":["https:\/\/dlslawfirm.com\/es\/preguntas-frecuentes\/estoy-causando-problemas-a-la-otra-persona-al-presentar-una-demanda-por-lesiones-personales-contra-ella\/"]}]},{"@type":"ImageObject","inLanguage":"es","@id":"https:\/\/dlslawfirm.com\/es\/preguntas-frecuentes\/estoy-causando-problemas-a-la-otra-persona-al-presentar-una-demanda-por-lesiones-personales-contra-ella\/#primaryimage","url":"https:\/\/dlslawfirm.com\/es\/wp-content\/uploads\/sites\/2\/2022\/06\/pexels-pavel-danilyuk-8111853.jpg","contentUrl":"https:\/\/dlslawfirm.com\/es\/wp-content\/uploads\/sites\/2\/2022\/06\/pexels-pavel-danilyuk-8111853.jpg","width":1600,"height":482,"caption":"person looking at paperwork at desk"},{"@type":"BreadcrumbList","@id":"https:\/\/dlslawfirm.com\/es\/preguntas-frecuentes\/estoy-causando-problemas-a-la-otra-persona-al-presentar-una-demanda-por-lesiones-personales-contra-ella\/#breadcrumb","itemListElement":[{"@type":"ListItem","position":1,"name":"Home","item":"https:\/\/dlslawfirm.com\/es\/"},{"@type":"ListItem","position":2,"name":"PREGUNTAS FRECUENTES","item":"https:\/\/dlslawfirm.com\/es\/preguntas-frecuentes\/"},{"@type":"ListItem","position":3,"name":"\u00bfEstoy causando problemas a la otra persona al presentar una demanda por lesiones personales contra ella?"}]},{"@type":"WebSite","@id":"https:\/\/dlslawfirm.com\/es\/#website","url":"https:\/\/dlslawfirm.com\/es\/","name":"Law Offices of Dianne Sawaya LLC- En Espanol","description":"","potentialAction":[{"@type":"SearchAction","target":{"@type":"EntryPoint","urlTemplate":"https:\/\/dlslawfirm.com\/es\/?s={search_term_string}"},"query-input":{"@type":"PropertyValueSpecification","valueRequired":true,"valueName":"search_term_string"}}],"inLanguage":"es"}]}},"_links":{"self":[{"href":"https:\/\/dlslawfirm.com\/es\/wp-json\/wp\/v2\/pages\/6960","targetHints":{"allow":["GET"]}}],"collection":[{"href":"https:\/\/dlslawfirm.com\/es\/wp-json\/wp\/v2\/pages"}],"about":[{"href":"https:\/\/dlslawfirm.com\/es\/wp-json\/wp\/v2\/types\/page"}],"author":[{"embeddable":true,"href":"https:\/\/dlslawfirm.com\/es\/wp-json\/wp\/v2\/users\/2"}],"replies":[{"embeddable":true,"href":"https:\/\/dlslawfirm.com\/es\/wp-json\/wp\/v2\/comments?post=6960"}],"version-history":[{"count":0,"href":"https:\/\/dlslawfirm.com\/es\/wp-json\/wp\/v2\/pages\/6960\/revisions"}],"up":[{"embeddable":true,"href":"https:\/\/dlslawfirm.com\/es\/wp-json\/wp\/v2\/pages\/7013"}],"wp:featuredmedia":[{"embeddable":true,"href":"https:\/\/dlslawfirm.com\/es\/wp-json\/wp\/v2\/media\/7254"}],"wp:attachment":[{"href":"https:\/\/dlslawfirm.com\/es\/wp-json\/wp\/v2\/media?parent=6960"}],"wp:term":[{"taxonomy":"post_tag","embeddable":true,"href":"https:\/\/dlslawfirm.com\/es\/wp-json\/wp\/v2\/tags?post=6960"}],"curies":[{"name":"wp","href":"https:\/\/api.w.org\/{rel}","templated":true}]}}