{"id":6959,"date":"2015-07-22T16:19:59","date_gmt":"2015-07-22T16:19:59","guid":{"rendered":"https:\/\/dlslawfirm.com\/pueden-prestarme-dinero-durante-mi-caso-de-lesiones-personales\/"},"modified":"2015-07-22T16:19:59","modified_gmt":"2015-07-22T16:19:59","slug":"pueden-prestarme-dinero-durante-mi-caso-de-lesiones-personales","status":"publish","type":"page","link":"https:\/\/dlslawfirm.com\/es\/preguntas-frecuentes\/pueden-prestarme-dinero-durante-mi-caso-de-lesiones-personales\/","title":{"rendered":"\u00bfPueden prestarme dinero durante mi caso de lesiones personales?"},"content":{"rendered":"<h2>Abogado experimentado de v\u00edctimas lesionadas<\/h2>\n<p>Los clientes que han sufrido lesiones en un accidente de tr\u00e1fico a menudo se encuentran en una dif\u00edcil situaci\u00f3n econ\u00f3mica. Mientras esperan a que se resuelva su caso, las facturas pueden estar acumul\u00e1ndose, pueden estar sin trabajo y las finanzas pueden ser ajustadas. As\u00ed que un cliente puede preguntarse si el <a title=\"Abogado de accidentes de Denver\" href=\"\/\">Bufete de Dianne Sawaya<\/a> puede prestarle dinero para ayudarle hasta que se resuelva su caso.<\/p>\n<p>Aunque comprendemos tu dif\u00edcil situaci\u00f3n, la ley de Colorado proh\u00edbe terminantemente que los abogados presten dinero a sus clientes. Puede haber otras opciones, que podemos discutir contigo.<\/p>\n<p>Una de esas opciones es trabajar con nuestro panel de proveedores m\u00e9dicos para que retengan su facturaci\u00f3n hasta que se resuelva tu caso. Mientras tanto, si te molestan los cobradores, el Bufete de Dianne Sawaya puede ayudarte. Nos pondremos en contacto con ellos en tu nombre e intentaremos llegar a un acuerdo para pagar tus facturas al final del caso.<\/p>\n<h2>Preguntas frecuentes relacionadas con la ley de lesiones personales de Denver, Colorado:<\/h2>\n<p><a href=\"\/\/dlslawfirm.com\/faq\/why-do-i-need-a-personal-injury-attorney\/\">\u00bfPor qu\u00e9 necesito un abogado de lesiones personales?<\/a><\/p>\n<p><a href=\"\/\/dlslawfirm.com\/faq\/en-que-me-debo- fijar-al-seleccionar-un-abogado\/\">\u00bfQu\u00e9 preguntas debo hacer al contratar a un abogado de accidentes de Colorado?<\/a><\/p>\n<p><a href=\"\/\/dlslawfirm.com\/resources\/faq-video-library\/how-do-you-get-paid-will-this-cost-me-money\/\">\u00bfC\u00f3mo cobran los abogados de accidentes de tr\u00e1fico en Colorado?<\/a><\/p>\n","protected":false},"excerpt":{"rendered":"<p>Abogado experimentado de v\u00edctimas lesionadas Los clientes que han sufrido lesiones en un accidente de tr\u00e1fico a menudo se encuentran en una dif\u00edcil situaci\u00f3n econ\u00f3mica. Mientras esperan a que se resuelva su caso, las facturas pueden estar acumul\u00e1ndose, pueden estar sin trabajo y las finanzas pueden ser ajustadas. As\u00ed que un cliente puede preguntarse si&#8230;<\/p>\n","protected":false},"author":2,"featured_media":5360,"parent":7013,"menu_order":134,"comment_status":"open","ping_status":"open","template":"","meta":{"_acf_changed":false,"footnotes":""},"tags":[],"class_list":["post-6959","page","type-page","status-publish","has-post-thumbnail","hentry"],"acf":[],"yoast_head":"<!-- This site is optimized with the Yoast SEO plugin v27.3 - https:\/\/yoast.com\/product\/yoast-seo-wordpress\/ -->\n<title>\u00bfPueden prestarme dinero durante mi caso? | Preguntas frecuentes sobre accidentes en Denver<\/title>\n<meta name=\"description\" content=\"\u00bfC\u00f3mo pago mi demanda por lesiones? \u00bfPuede ayudar un abogado? Llama hoy mismo a un abogado de lesiones personales en Denver, Colorado, en Law Offices of Dianne Sawaya, LLC.\" \/>\n<meta name=\"robots\" content=\"index, follow, max-snippet:-1, max-image-preview:large, max-video-preview:-1\" \/>\n<link rel=\"canonical\" href=\"https:\/\/dlslawfirm.com\/es\/preguntas-frecuentes\/pueden-prestarme-dinero-durante-mi-caso-de-lesiones-personales\/\" \/>\n<meta property=\"og:locale\" content=\"es_MX\" \/>\n<meta property=\"og:type\" content=\"article\" \/>\n<meta property=\"og:title\" content=\"\u00bfPueden prestarme dinero durante mi caso? | Preguntas frecuentes sobre accidentes en Denver\" \/>\n<meta property=\"og:description\" content=\"\u00bfC\u00f3mo pago mi demanda por lesiones? \u00bfPuede ayudar un abogado? Llama hoy mismo a un abogado de lesiones personales en Denver, Colorado, en Law Offices of Dianne Sawaya, LLC.\" \/>\n<meta property=\"og:url\" content=\"https:\/\/dlslawfirm.com\/es\/preguntas-frecuentes\/pueden-prestarme-dinero-durante-mi-caso-de-lesiones-personales\/\" \/>\n<meta property=\"og:site_name\" content=\"Law Offices of Dianne Sawaya LLC- En Espanol\" \/>\n<meta property=\"og:image\" content=\"https:\/\/dlslawfirm.com\/es\/wp-content\/uploads\/sites\/2\/2022\/06\/towfiqu-barbhuiya-JhevWHCbVyw-unsplash.jpg\" \/>\n\t<meta property=\"og:image:width\" content=\"1600\" \/>\n\t<meta property=\"og:image:height\" content=\"672\" \/>\n\t<meta property=\"og:image:type\" content=\"image\/jpeg\" \/>\n<meta name=\"twitter:card\" content=\"summary_large_image\" \/>\n<meta name=\"twitter:label1\" content=\"Est. reading time\" \/>\n\t<meta name=\"twitter:data1\" content=\"1 minuto\" \/>\n<script type=\"application\/ld+json\" class=\"yoast-schema-graph\">{\"@context\":\"https:\\\/\\\/schema.org\",\"@graph\":[{\"@type\":\"WebPage\",\"@id\":\"https:\\\/\\\/dlslawfirm.com\\\/es\\\/preguntas-frecuentes\\\/pueden-prestarme-dinero-durante-mi-caso-de-lesiones-personales\\\/\",\"url\":\"https:\\\/\\\/dlslawfirm.com\\\/es\\\/preguntas-frecuentes\\\/pueden-prestarme-dinero-durante-mi-caso-de-lesiones-personales\\\/\",\"name\":\"\u00bfPueden prestarme dinero durante mi caso? | Preguntas frecuentes sobre accidentes en Denver\",\"isPartOf\":{\"@id\":\"https:\\\/\\\/dlslawfirm.com\\\/es\\\/#website\"},\"primaryImageOfPage\":{\"@id\":\"https:\\\/\\\/dlslawfirm.com\\\/es\\\/preguntas-frecuentes\\\/pueden-prestarme-dinero-durante-mi-caso-de-lesiones-personales\\\/#primaryimage\"},\"image\":{\"@id\":\"https:\\\/\\\/dlslawfirm.com\\\/es\\\/preguntas-frecuentes\\\/pueden-prestarme-dinero-durante-mi-caso-de-lesiones-personales\\\/#primaryimage\"},\"thumbnailUrl\":\"https:\\\/\\\/dlslawfirm.com\\\/es\\\/wp-content\\\/uploads\\\/sites\\\/2\\\/2022\\\/06\\\/towfiqu-barbhuiya-JhevWHCbVyw-unsplash.jpg\",\"datePublished\":\"2015-07-22T16:19:59+00:00\",\"description\":\"\u00bfC\u00f3mo pago mi demanda por lesiones? \u00bfPuede ayudar un abogado? Llama hoy mismo a un abogado de lesiones personales en Denver, Colorado, en Law Offices of Dianne Sawaya, LLC.\",\"breadcrumb\":{\"@id\":\"https:\\\/\\\/dlslawfirm.com\\\/es\\\/preguntas-frecuentes\\\/pueden-prestarme-dinero-durante-mi-caso-de-lesiones-personales\\\/#breadcrumb\"},\"inLanguage\":\"es\",\"potentialAction\":[{\"@type\":\"ReadAction\",\"target\":[\"https:\\\/\\\/dlslawfirm.com\\\/es\\\/preguntas-frecuentes\\\/pueden-prestarme-dinero-durante-mi-caso-de-lesiones-personales\\\/\"]}]},{\"@type\":\"ImageObject\",\"inLanguage\":\"es\",\"@id\":\"https:\\\/\\\/dlslawfirm.com\\\/es\\\/preguntas-frecuentes\\\/pueden-prestarme-dinero-durante-mi-caso-de-lesiones-personales\\\/#primaryimage\",\"url\":\"https:\\\/\\\/dlslawfirm.com\\\/es\\\/wp-content\\\/uploads\\\/sites\\\/2\\\/2022\\\/06\\\/towfiqu-barbhuiya-JhevWHCbVyw-unsplash.jpg\",\"contentUrl\":\"https:\\\/\\\/dlslawfirm.com\\\/es\\\/wp-content\\\/uploads\\\/sites\\\/2\\\/2022\\\/06\\\/towfiqu-barbhuiya-JhevWHCbVyw-unsplash.jpg\",\"width\":1600,\"height\":672,\"caption\":\"person using calculator\"},{\"@type\":\"BreadcrumbList\",\"@id\":\"https:\\\/\\\/dlslawfirm.com\\\/es\\\/preguntas-frecuentes\\\/pueden-prestarme-dinero-durante-mi-caso-de-lesiones-personales\\\/#breadcrumb\",\"itemListElement\":[{\"@type\":\"ListItem\",\"position\":1,\"name\":\"Home\",\"item\":\"https:\\\/\\\/dlslawfirm.com\\\/es\\\/\"},{\"@type\":\"ListItem\",\"position\":2,\"name\":\"PREGUNTAS FRECUENTES\",\"item\":\"https:\\\/\\\/dlslawfirm.com\\\/es\\\/preguntas-frecuentes\\\/\"},{\"@type\":\"ListItem\",\"position\":3,\"name\":\"\u00bfPueden prestarme dinero durante mi caso de lesiones personales?\"}]},{\"@type\":\"WebSite\",\"@id\":\"https:\\\/\\\/dlslawfirm.com\\\/es\\\/#website\",\"url\":\"https:\\\/\\\/dlslawfirm.com\\\/es\\\/\",\"name\":\"Law Offices of Dianne Sawaya LLC- En Espanol\",\"description\":\"\",\"potentialAction\":[{\"@type\":\"SearchAction\",\"target\":{\"@type\":\"EntryPoint\",\"urlTemplate\":\"https:\\\/\\\/dlslawfirm.com\\\/es\\\/?s={search_term_string}\"},\"query-input\":{\"@type\":\"PropertyValueSpecification\",\"valueRequired\":true,\"valueName\":\"search_term_string\"}}],\"inLanguage\":\"es\"}]}<\/script>\n<!-- \/ Yoast SEO plugin. -->","yoast_head_json":{"title":"\u00bfPueden prestarme dinero durante mi caso? | Preguntas frecuentes sobre accidentes en Denver","description":"\u00bfC\u00f3mo pago mi demanda por lesiones? \u00bfPuede ayudar un abogado? Llama hoy mismo a un abogado de lesiones personales en Denver, Colorado, en Law Offices of Dianne Sawaya, LLC.","robots":{"index":"index","follow":"follow","max-snippet":"max-snippet:-1","max-image-preview":"max-image-preview:large","max-video-preview":"max-video-preview:-1"},"canonical":"https:\/\/dlslawfirm.com\/es\/preguntas-frecuentes\/pueden-prestarme-dinero-durante-mi-caso-de-lesiones-personales\/","og_locale":"es_MX","og_type":"article","og_title":"\u00bfPueden prestarme dinero durante mi caso? | Preguntas frecuentes sobre accidentes en Denver","og_description":"\u00bfC\u00f3mo pago mi demanda por lesiones? \u00bfPuede ayudar un abogado? Llama hoy mismo a un abogado de lesiones personales en Denver, Colorado, en Law Offices of Dianne Sawaya, LLC.","og_url":"https:\/\/dlslawfirm.com\/es\/preguntas-frecuentes\/pueden-prestarme-dinero-durante-mi-caso-de-lesiones-personales\/","og_site_name":"Law Offices of Dianne Sawaya LLC- En Espanol","og_image":[{"width":1600,"height":672,"url":"https:\/\/dlslawfirm.com\/es\/wp-content\/uploads\/sites\/2\/2022\/06\/towfiqu-barbhuiya-JhevWHCbVyw-unsplash.jpg","type":"image\/jpeg"}],"twitter_card":"summary_large_image","twitter_misc":{"Est. reading time":"1 minuto"},"schema":{"@context":"https:\/\/schema.org","@graph":[{"@type":"WebPage","@id":"https:\/\/dlslawfirm.com\/es\/preguntas-frecuentes\/pueden-prestarme-dinero-durante-mi-caso-de-lesiones-personales\/","url":"https:\/\/dlslawfirm.com\/es\/preguntas-frecuentes\/pueden-prestarme-dinero-durante-mi-caso-de-lesiones-personales\/","name":"\u00bfPueden prestarme dinero durante mi caso? | Preguntas frecuentes sobre accidentes en Denver","isPartOf":{"@id":"https:\/\/dlslawfirm.com\/es\/#website"},"primaryImageOfPage":{"@id":"https:\/\/dlslawfirm.com\/es\/preguntas-frecuentes\/pueden-prestarme-dinero-durante-mi-caso-de-lesiones-personales\/#primaryimage"},"image":{"@id":"https:\/\/dlslawfirm.com\/es\/preguntas-frecuentes\/pueden-prestarme-dinero-durante-mi-caso-de-lesiones-personales\/#primaryimage"},"thumbnailUrl":"https:\/\/dlslawfirm.com\/es\/wp-content\/uploads\/sites\/2\/2022\/06\/towfiqu-barbhuiya-JhevWHCbVyw-unsplash.jpg","datePublished":"2015-07-22T16:19:59+00:00","description":"\u00bfC\u00f3mo pago mi demanda por lesiones? \u00bfPuede ayudar un abogado? Llama hoy mismo a un abogado de lesiones personales en Denver, Colorado, en Law Offices of Dianne Sawaya, LLC.","breadcrumb":{"@id":"https:\/\/dlslawfirm.com\/es\/preguntas-frecuentes\/pueden-prestarme-dinero-durante-mi-caso-de-lesiones-personales\/#breadcrumb"},"inLanguage":"es","potentialAction":[{"@type":"ReadAction","target":["https:\/\/dlslawfirm.com\/es\/preguntas-frecuentes\/pueden-prestarme-dinero-durante-mi-caso-de-lesiones-personales\/"]}]},{"@type":"ImageObject","inLanguage":"es","@id":"https:\/\/dlslawfirm.com\/es\/preguntas-frecuentes\/pueden-prestarme-dinero-durante-mi-caso-de-lesiones-personales\/#primaryimage","url":"https:\/\/dlslawfirm.com\/es\/wp-content\/uploads\/sites\/2\/2022\/06\/towfiqu-barbhuiya-JhevWHCbVyw-unsplash.jpg","contentUrl":"https:\/\/dlslawfirm.com\/es\/wp-content\/uploads\/sites\/2\/2022\/06\/towfiqu-barbhuiya-JhevWHCbVyw-unsplash.jpg","width":1600,"height":672,"caption":"person using calculator"},{"@type":"BreadcrumbList","@id":"https:\/\/dlslawfirm.com\/es\/preguntas-frecuentes\/pueden-prestarme-dinero-durante-mi-caso-de-lesiones-personales\/#breadcrumb","itemListElement":[{"@type":"ListItem","position":1,"name":"Home","item":"https:\/\/dlslawfirm.com\/es\/"},{"@type":"ListItem","position":2,"name":"PREGUNTAS FRECUENTES","item":"https:\/\/dlslawfirm.com\/es\/preguntas-frecuentes\/"},{"@type":"ListItem","position":3,"name":"\u00bfPueden prestarme dinero durante mi caso de lesiones personales?"}]},{"@type":"WebSite","@id":"https:\/\/dlslawfirm.com\/es\/#website","url":"https:\/\/dlslawfirm.com\/es\/","name":"Law Offices of Dianne Sawaya LLC- En Espanol","description":"","potentialAction":[{"@type":"SearchAction","target":{"@type":"EntryPoint","urlTemplate":"https:\/\/dlslawfirm.com\/es\/?s={search_term_string}"},"query-input":{"@type":"PropertyValueSpecification","valueRequired":true,"valueName":"search_term_string"}}],"inLanguage":"es"}]}},"_links":{"self":[{"href":"https:\/\/dlslawfirm.com\/es\/wp-json\/wp\/v2\/pages\/6959","targetHints":{"allow":["GET"]}}],"collection":[{"href":"https:\/\/dlslawfirm.com\/es\/wp-json\/wp\/v2\/pages"}],"about":[{"href":"https:\/\/dlslawfirm.com\/es\/wp-json\/wp\/v2\/types\/page"}],"author":[{"embeddable":true,"href":"https:\/\/dlslawfirm.com\/es\/wp-json\/wp\/v2\/users\/2"}],"replies":[{"embeddable":true,"href":"https:\/\/dlslawfirm.com\/es\/wp-json\/wp\/v2\/comments?post=6959"}],"version-history":[{"count":0,"href":"https:\/\/dlslawfirm.com\/es\/wp-json\/wp\/v2\/pages\/6959\/revisions"}],"up":[{"embeddable":true,"href":"https:\/\/dlslawfirm.com\/es\/wp-json\/wp\/v2\/pages\/7013"}],"wp:featuredmedia":[{"embeddable":true,"href":"https:\/\/dlslawfirm.com\/es\/wp-json\/wp\/v2\/media\/5360"}],"wp:attachment":[{"href":"https:\/\/dlslawfirm.com\/es\/wp-json\/wp\/v2\/media?parent=6959"}],"wp:term":[{"taxonomy":"post_tag","embeddable":true,"href":"https:\/\/dlslawfirm.com\/es\/wp-json\/wp\/v2\/tags?post=6959"}],"curies":[{"name":"wp","href":"https:\/\/api.w.org\/{rel}","templated":true}]}}