{"id":6958,"date":"2015-07-22T16:00:16","date_gmt":"2015-07-22T16:00:16","guid":{"rendered":"https:\/\/dlslawfirm.com\/que-debo-saber-sobre-mi-caso-antes-de-la-consulta-gratuita\/"},"modified":"2015-07-22T16:00:16","modified_gmt":"2015-07-22T16:00:16","slug":"que-debo-saber-sobre-mi-caso-antes-de-la-consulta-gratuita","status":"publish","type":"page","link":"https:\/\/dlslawfirm.com\/es\/preguntas-frecuentes\/que-debo-saber-sobre-mi-caso-antes-de-la-consulta-gratuita\/","title":{"rendered":"\u00bfQu\u00e9 debo saber sobre mi caso antes de la consulta gratuita?"},"content":{"rendered":"<h2>Equipo de lesiones personales de Colorado<\/h2>\n<p>En tu consulta gratuita y sin compromiso, te haremos preguntas destinadas a hacernos una idea de lo ocurrido, cu\u00e1les son tus lesiones y qu\u00e9 tratamiento m\u00e9dico has recibido. En otra parte de nuestro sitio web, <a href=\"\/\/dlslawfirm.com\/recursos\/formularios\/\">tenemos varios formularios<\/a> que utilizamos cuando abrimos un caso por primera vez. Mirar esos formularios puede darte una idea de la informaci\u00f3n necesaria para nuestra primera reuni\u00f3n. Los formularios incluyen preguntas sobre p\u00f3lizas de seguro y n\u00fameros de siniestro del accidente, informes policiales, informaci\u00f3n sobre el otro conductor y m\u00e1s. Si te pones en contacto con nosotros a trav\u00e9s de la casilla &#8220;\u00bfTengo un caso?&#8221; de esta p\u00e1gina, es \u00fatil que nos resumas qu\u00e9 ocurri\u00f3, d\u00f3nde y cu\u00e1ndo ocurri\u00f3, si acudi\u00f3 la polic\u00eda al accidente, la naturaleza de las lesiones que sufriste y si te llevaron al hospital. Tambi\u00e9n puedes a\u00f1adir cualquier otro detalle que creas que puede ser \u00fatil para que hablemos.<\/p>\n<p>Muchas personas se sienten ansiosas durante el tiempo previo a la consulta. En el Bufete Jur\u00eddico de Dianne L. Sawaya hacemos que esto sea lo m\u00e1s f\u00e1cil y menos estresante posible. Tener una consulta es el primer paso hacia una compensaci\u00f3n econ\u00f3mica, por lo que debe ser un momento emocionante para ti, no estresante. Ll\u00e1manos hoy mismo para empezar.<\/p>\n<p>Explora las preguntas relacionadas:<\/p>\n<ul>\n<li><a href=\"\/\/dlslawfirm.com\/faq\/que-puedo-esperar-en-mi-consulta-gratuita\/\">\u00bfQu\u00e9 puedo esperar en mi consulta gratuita?<\/a><\/li>\n<li><a href=\"\/\/dlslawfirm.com\/faq\/how-can-your-law-office-help-me-after-im-injured\/\">\u00bfC\u00f3mo puede ayudarme el bufete de Dianne L. Sawaya LLC despu\u00e9s de lesionarme?<\/a><\/li>\n<\/ul>\n","protected":false},"excerpt":{"rendered":"<p>Equipo de lesiones personales de Colorado En tu consulta gratuita y sin compromiso, te haremos preguntas destinadas a hacernos una idea de lo ocurrido, cu\u00e1les son tus lesiones y qu\u00e9 tratamiento m\u00e9dico has recibido. En otra parte de nuestro sitio web, tenemos varios formularios que utilizamos cuando abrimos un caso por primera vez. Mirar esos&#8230;<\/p>\n","protected":false},"author":2,"featured_media":7237,"parent":7013,"menu_order":139,"comment_status":"open","ping_status":"open","template":"","meta":{"_acf_changed":false,"footnotes":""},"tags":[],"class_list":["post-6958","page","type-page","status-publish","has-post-thumbnail","hentry"],"acf":[],"yoast_head":"<!-- This site is optimized with the Yoast SEO plugin v27.3 - https:\/\/yoast.com\/product\/yoast-seo-wordpress\/ -->\n<title>\u00bfQu\u00e9 debo saber sobre mi caso antes de la consulta?<\/title>\n<meta name=\"description\" content=\"Law Offices of Dianne Sawaya, LLC te explica lo que debes saber sobre tu caso antes de la consulta. Llama al bufete de Denver, CO, para concertar una cita hoy mismo.\" \/>\n<meta name=\"robots\" content=\"index, follow, max-snippet:-1, max-image-preview:large, max-video-preview:-1\" \/>\n<link rel=\"canonical\" href=\"https:\/\/dlslawfirm.com\/es\/preguntas-frecuentes\/que-debo-saber-sobre-mi-caso-antes-de-la-consulta-gratuita\/\" \/>\n<meta property=\"og:locale\" content=\"es_MX\" \/>\n<meta property=\"og:type\" content=\"article\" \/>\n<meta property=\"og:title\" content=\"\u00bfQu\u00e9 debo saber sobre mi caso antes de la consulta?\" \/>\n<meta property=\"og:description\" content=\"Law Offices of Dianne Sawaya, LLC te explica lo que debes saber sobre tu caso antes de la consulta. Llama al bufete de Denver, CO, para concertar una cita hoy mismo.\" \/>\n<meta property=\"og:url\" content=\"https:\/\/dlslawfirm.com\/es\/preguntas-frecuentes\/que-debo-saber-sobre-mi-caso-antes-de-la-consulta-gratuita\/\" \/>\n<meta property=\"og:site_name\" content=\"Law Offices of Dianne Sawaya LLC- En Espanol\" \/>\n<meta property=\"og:image\" content=\"https:\/\/dlslawfirm.com\/es\/wp-content\/uploads\/sites\/2\/2022\/06\/young-woman-using-smart-phone-and-laptop-2021-10-06-09-51-49-utc.jpg\" \/>\n\t<meta property=\"og:image:width\" content=\"1600\" \/>\n\t<meta property=\"og:image:height\" content=\"1067\" \/>\n\t<meta property=\"og:image:type\" content=\"image\/jpeg\" \/>\n<meta name=\"twitter:card\" content=\"summary_large_image\" \/>\n<meta name=\"twitter:label1\" content=\"Est. reading time\" \/>\n\t<meta name=\"twitter:data1\" content=\"1 minuto\" \/>\n<script type=\"application\/ld+json\" class=\"yoast-schema-graph\">{\"@context\":\"https:\\\/\\\/schema.org\",\"@graph\":[{\"@type\":\"WebPage\",\"@id\":\"https:\\\/\\\/dlslawfirm.com\\\/es\\\/preguntas-frecuentes\\\/que-debo-saber-sobre-mi-caso-antes-de-la-consulta-gratuita\\\/\",\"url\":\"https:\\\/\\\/dlslawfirm.com\\\/es\\\/preguntas-frecuentes\\\/que-debo-saber-sobre-mi-caso-antes-de-la-consulta-gratuita\\\/\",\"name\":\"\u00bfQu\u00e9 debo saber sobre mi caso antes de la consulta?\",\"isPartOf\":{\"@id\":\"https:\\\/\\\/dlslawfirm.com\\\/es\\\/#website\"},\"primaryImageOfPage\":{\"@id\":\"https:\\\/\\\/dlslawfirm.com\\\/es\\\/preguntas-frecuentes\\\/que-debo-saber-sobre-mi-caso-antes-de-la-consulta-gratuita\\\/#primaryimage\"},\"image\":{\"@id\":\"https:\\\/\\\/dlslawfirm.com\\\/es\\\/preguntas-frecuentes\\\/que-debo-saber-sobre-mi-caso-antes-de-la-consulta-gratuita\\\/#primaryimage\"},\"thumbnailUrl\":\"https:\\\/\\\/dlslawfirm.com\\\/es\\\/wp-content\\\/uploads\\\/sites\\\/2\\\/2022\\\/06\\\/young-woman-using-smart-phone-and-laptop-2021-10-06-09-51-49-utc.jpg\",\"datePublished\":\"2015-07-22T16:00:16+00:00\",\"description\":\"Law Offices of Dianne Sawaya, LLC te explica lo que debes saber sobre tu caso antes de la consulta. Llama al bufete de Denver, CO, para concertar una cita hoy mismo.\",\"breadcrumb\":{\"@id\":\"https:\\\/\\\/dlslawfirm.com\\\/es\\\/preguntas-frecuentes\\\/que-debo-saber-sobre-mi-caso-antes-de-la-consulta-gratuita\\\/#breadcrumb\"},\"inLanguage\":\"es\",\"potentialAction\":[{\"@type\":\"ReadAction\",\"target\":[\"https:\\\/\\\/dlslawfirm.com\\\/es\\\/preguntas-frecuentes\\\/que-debo-saber-sobre-mi-caso-antes-de-la-consulta-gratuita\\\/\"]}]},{\"@type\":\"ImageObject\",\"inLanguage\":\"es\",\"@id\":\"https:\\\/\\\/dlslawfirm.com\\\/es\\\/preguntas-frecuentes\\\/que-debo-saber-sobre-mi-caso-antes-de-la-consulta-gratuita\\\/#primaryimage\",\"url\":\"https:\\\/\\\/dlslawfirm.com\\\/es\\\/wp-content\\\/uploads\\\/sites\\\/2\\\/2022\\\/06\\\/young-woman-using-smart-phone-and-laptop-2021-10-06-09-51-49-utc.jpg\",\"contentUrl\":\"https:\\\/\\\/dlslawfirm.com\\\/es\\\/wp-content\\\/uploads\\\/sites\\\/2\\\/2022\\\/06\\\/young-woman-using-smart-phone-and-laptop-2021-10-06-09-51-49-utc.jpg\",\"width\":1600,\"height\":1067,\"caption\":\"Young woman using smart phone and working with laptop\"},{\"@type\":\"BreadcrumbList\",\"@id\":\"https:\\\/\\\/dlslawfirm.com\\\/es\\\/preguntas-frecuentes\\\/que-debo-saber-sobre-mi-caso-antes-de-la-consulta-gratuita\\\/#breadcrumb\",\"itemListElement\":[{\"@type\":\"ListItem\",\"position\":1,\"name\":\"Home\",\"item\":\"https:\\\/\\\/dlslawfirm.com\\\/es\\\/\"},{\"@type\":\"ListItem\",\"position\":2,\"name\":\"PREGUNTAS FRECUENTES\",\"item\":\"https:\\\/\\\/dlslawfirm.com\\\/es\\\/preguntas-frecuentes\\\/\"},{\"@type\":\"ListItem\",\"position\":3,\"name\":\"\u00bfQu\u00e9 debo saber sobre mi caso antes de la consulta gratuita?\"}]},{\"@type\":\"WebSite\",\"@id\":\"https:\\\/\\\/dlslawfirm.com\\\/es\\\/#website\",\"url\":\"https:\\\/\\\/dlslawfirm.com\\\/es\\\/\",\"name\":\"Law Offices of Dianne Sawaya LLC- En Espanol\",\"description\":\"\",\"potentialAction\":[{\"@type\":\"SearchAction\",\"target\":{\"@type\":\"EntryPoint\",\"urlTemplate\":\"https:\\\/\\\/dlslawfirm.com\\\/es\\\/?s={search_term_string}\"},\"query-input\":{\"@type\":\"PropertyValueSpecification\",\"valueRequired\":true,\"valueName\":\"search_term_string\"}}],\"inLanguage\":\"es\"}]}<\/script>\n<!-- \/ Yoast SEO plugin. -->","yoast_head_json":{"title":"\u00bfQu\u00e9 debo saber sobre mi caso antes de la consulta?","description":"Law Offices of Dianne Sawaya, LLC te explica lo que debes saber sobre tu caso antes de la consulta. Llama al bufete de Denver, CO, para concertar una cita hoy mismo.","robots":{"index":"index","follow":"follow","max-snippet":"max-snippet:-1","max-image-preview":"max-image-preview:large","max-video-preview":"max-video-preview:-1"},"canonical":"https:\/\/dlslawfirm.com\/es\/preguntas-frecuentes\/que-debo-saber-sobre-mi-caso-antes-de-la-consulta-gratuita\/","og_locale":"es_MX","og_type":"article","og_title":"\u00bfQu\u00e9 debo saber sobre mi caso antes de la consulta?","og_description":"Law Offices of Dianne Sawaya, LLC te explica lo que debes saber sobre tu caso antes de la consulta. Llama al bufete de Denver, CO, para concertar una cita hoy mismo.","og_url":"https:\/\/dlslawfirm.com\/es\/preguntas-frecuentes\/que-debo-saber-sobre-mi-caso-antes-de-la-consulta-gratuita\/","og_site_name":"Law Offices of Dianne Sawaya LLC- En Espanol","og_image":[{"width":1600,"height":1067,"url":"https:\/\/dlslawfirm.com\/es\/wp-content\/uploads\/sites\/2\/2022\/06\/young-woman-using-smart-phone-and-laptop-2021-10-06-09-51-49-utc.jpg","type":"image\/jpeg"}],"twitter_card":"summary_large_image","twitter_misc":{"Est. reading time":"1 minuto"},"schema":{"@context":"https:\/\/schema.org","@graph":[{"@type":"WebPage","@id":"https:\/\/dlslawfirm.com\/es\/preguntas-frecuentes\/que-debo-saber-sobre-mi-caso-antes-de-la-consulta-gratuita\/","url":"https:\/\/dlslawfirm.com\/es\/preguntas-frecuentes\/que-debo-saber-sobre-mi-caso-antes-de-la-consulta-gratuita\/","name":"\u00bfQu\u00e9 debo saber sobre mi caso antes de la consulta?","isPartOf":{"@id":"https:\/\/dlslawfirm.com\/es\/#website"},"primaryImageOfPage":{"@id":"https:\/\/dlslawfirm.com\/es\/preguntas-frecuentes\/que-debo-saber-sobre-mi-caso-antes-de-la-consulta-gratuita\/#primaryimage"},"image":{"@id":"https:\/\/dlslawfirm.com\/es\/preguntas-frecuentes\/que-debo-saber-sobre-mi-caso-antes-de-la-consulta-gratuita\/#primaryimage"},"thumbnailUrl":"https:\/\/dlslawfirm.com\/es\/wp-content\/uploads\/sites\/2\/2022\/06\/young-woman-using-smart-phone-and-laptop-2021-10-06-09-51-49-utc.jpg","datePublished":"2015-07-22T16:00:16+00:00","description":"Law Offices of Dianne Sawaya, LLC te explica lo que debes saber sobre tu caso antes de la consulta. Llama al bufete de Denver, CO, para concertar una cita hoy mismo.","breadcrumb":{"@id":"https:\/\/dlslawfirm.com\/es\/preguntas-frecuentes\/que-debo-saber-sobre-mi-caso-antes-de-la-consulta-gratuita\/#breadcrumb"},"inLanguage":"es","potentialAction":[{"@type":"ReadAction","target":["https:\/\/dlslawfirm.com\/es\/preguntas-frecuentes\/que-debo-saber-sobre-mi-caso-antes-de-la-consulta-gratuita\/"]}]},{"@type":"ImageObject","inLanguage":"es","@id":"https:\/\/dlslawfirm.com\/es\/preguntas-frecuentes\/que-debo-saber-sobre-mi-caso-antes-de-la-consulta-gratuita\/#primaryimage","url":"https:\/\/dlslawfirm.com\/es\/wp-content\/uploads\/sites\/2\/2022\/06\/young-woman-using-smart-phone-and-laptop-2021-10-06-09-51-49-utc.jpg","contentUrl":"https:\/\/dlslawfirm.com\/es\/wp-content\/uploads\/sites\/2\/2022\/06\/young-woman-using-smart-phone-and-laptop-2021-10-06-09-51-49-utc.jpg","width":1600,"height":1067,"caption":"Young woman using smart phone and working with laptop"},{"@type":"BreadcrumbList","@id":"https:\/\/dlslawfirm.com\/es\/preguntas-frecuentes\/que-debo-saber-sobre-mi-caso-antes-de-la-consulta-gratuita\/#breadcrumb","itemListElement":[{"@type":"ListItem","position":1,"name":"Home","item":"https:\/\/dlslawfirm.com\/es\/"},{"@type":"ListItem","position":2,"name":"PREGUNTAS FRECUENTES","item":"https:\/\/dlslawfirm.com\/es\/preguntas-frecuentes\/"},{"@type":"ListItem","position":3,"name":"\u00bfQu\u00e9 debo saber sobre mi caso antes de la consulta gratuita?"}]},{"@type":"WebSite","@id":"https:\/\/dlslawfirm.com\/es\/#website","url":"https:\/\/dlslawfirm.com\/es\/","name":"Law Offices of Dianne Sawaya LLC- En Espanol","description":"","potentialAction":[{"@type":"SearchAction","target":{"@type":"EntryPoint","urlTemplate":"https:\/\/dlslawfirm.com\/es\/?s={search_term_string}"},"query-input":{"@type":"PropertyValueSpecification","valueRequired":true,"valueName":"search_term_string"}}],"inLanguage":"es"}]}},"_links":{"self":[{"href":"https:\/\/dlslawfirm.com\/es\/wp-json\/wp\/v2\/pages\/6958","targetHints":{"allow":["GET"]}}],"collection":[{"href":"https:\/\/dlslawfirm.com\/es\/wp-json\/wp\/v2\/pages"}],"about":[{"href":"https:\/\/dlslawfirm.com\/es\/wp-json\/wp\/v2\/types\/page"}],"author":[{"embeddable":true,"href":"https:\/\/dlslawfirm.com\/es\/wp-json\/wp\/v2\/users\/2"}],"replies":[{"embeddable":true,"href":"https:\/\/dlslawfirm.com\/es\/wp-json\/wp\/v2\/comments?post=6958"}],"version-history":[{"count":0,"href":"https:\/\/dlslawfirm.com\/es\/wp-json\/wp\/v2\/pages\/6958\/revisions"}],"up":[{"embeddable":true,"href":"https:\/\/dlslawfirm.com\/es\/wp-json\/wp\/v2\/pages\/7013"}],"wp:featuredmedia":[{"embeddable":true,"href":"https:\/\/dlslawfirm.com\/es\/wp-json\/wp\/v2\/media\/7237"}],"wp:attachment":[{"href":"https:\/\/dlslawfirm.com\/es\/wp-json\/wp\/v2\/media?parent=6958"}],"wp:term":[{"taxonomy":"post_tag","embeddable":true,"href":"https:\/\/dlslawfirm.com\/es\/wp-json\/wp\/v2\/tags?post=6958"}],"curies":[{"name":"wp","href":"https:\/\/api.w.org\/{rel}","templated":true}]}}