{"id":6955,"date":"2015-07-22T00:21:10","date_gmt":"2015-07-22T00:21:10","guid":{"rendered":"https:\/\/dlslawfirm.com\/no-quiero-ir-a-juicio-do-i-need-an-attorney-to-help-me-resolve-my-personal-injury-case\/"},"modified":"2015-07-22T00:21:10","modified_gmt":"2015-07-22T00:21:10","slug":"no-quiero-ir-a-juicio-do-i-need-an-attorney-to-help-me-resolve-my-personal-injury-case","status":"publish","type":"page","link":"https:\/\/dlslawfirm.com\/es\/preguntas-frecuentes\/no-quiero-ir-a-juicio-do-i-need-an-attorney-to-help-me-resolve-my-personal-injury-case\/","title":{"rendered":"No quiero ir a juicio. Do I need an attorney to help me resolve my personal injury case?"},"content":{"rendered":"<p><a href=\"\/\/dlslawfirm.com\/wp-content\/uploads\/2015\/07\/10562653_m.jpg\"><img loading=\"lazy\" decoding=\"async\" class=\"alignright wp-image-2227\" src=\"\/\/dlslawfirm.com\/wp-content\/uploads\/2015\/07\/10562653_m.jpg\" alt=\"10562653_m\" width=\"450\" height=\"300\"><\/a><\/p>\n<h2>Abogados de Colorado dispuestos a luchar por ti<\/h2>\n<p>Comprendemos las reticencias y dudas a la hora de proceder a un juicio. En nuestro bufete no es necesario ir a juicio en el 90% de los casos. De hecho, se resuelven antes de un juicio. La respuesta no siempre es demandar. La respuesta es intentar resolver tu reclamaci\u00f3n fuera de los tribunales. Aunque tengamos que presentar una demanda, hay muchas v\u00edas para resolver una reclamaci\u00f3n antes de que llegue a los tribunales.<\/p>\n<p>En los casos que llegan a los tribunales, tenemos que entender a qui\u00e9n demandamos y por qu\u00e9. Aunque es necesario demandar al individuo que te caus\u00f3 las lesiones, en realidad es su compa\u00f1\u00eda de seguros la que le defender\u00e1 a \u00e9l y al caso. Por eso todos contratamos seguros. Los accidentes ocurren.<\/p>\n<p>Para saber m\u00e1s sobre el proceso judicial y por qu\u00e9 no debes tener miedo de pedir ayuda tras sufrir lesiones en un accidente, llama hoy mismo a nuestros abogados especialistas en lesiones por accidente.<\/p>\n<h2>\u00bfQu\u00e9 es la mediaci\u00f3n?<\/h2>\n<p>Nuestro bufete es sofisticado en la b\u00fasqueda de v\u00edas de resoluci\u00f3n de asuntos, sin necesidad de llevar el caso a juicio. Uno de esos procesos se llama mediaci\u00f3n, que es muy, muy diferente del litigio. La mediaci\u00f3n es un proceso no vinculante, en el que nos sentamos con la otra parte e intentamos resolver tu caso. Esto se hace fuera de la sala del tribunal. El litigio es lo que ocurre en la sala del tribunal.<\/p>\n<p>Para saber m\u00e1s sobre c\u00f3mo podemos ayudarte tras sufrir lesiones, <a href=\"\/\/dlslawfirm.com\/contacto-nos\/\">ponte en contacto con nuestro despacho<\/a> hoy mismo.<\/p>\n<p>Explora los art\u00edculos relacionados:<\/p>\n<ul>\n<li><a href=\"\/\/dlslawfirm.com\/faq\/if-my-case-goes-to-trial-will-i-win\/\">Si mi caso va a juicio, \u00bfganar\u00e9?<\/a><\/li>\n<li><a href=\"\/\/dlslawfirm.com\/faq\/how-long-does-a-case-take\/\">\u00bfCu\u00e1nto dura un caso?<\/a><\/li>\n<li><a href=\"\/\/dlslawfirm.com\/faq\/how-long-will-it-take-to-settle-my-case\/\">\u00bfCu\u00e1nto tardar\u00e1 en resolverse mi caso?<\/a><\/li>\n<\/ul>\n","protected":false},"excerpt":{"rendered":"<p>Abogados de Colorado dispuestos a luchar por ti Comprendemos las reticencias y dudas a la hora de proceder a un juicio. En nuestro bufete no es necesario ir a juicio en el 90% de los casos. De hecho, se resuelven antes de un juicio. La respuesta no siempre es demandar. La respuesta es intentar resolver&#8230;<\/p>\n","protected":false},"author":2,"featured_media":7225,"parent":7013,"menu_order":148,"comment_status":"open","ping_status":"open","template":"","meta":{"_acf_changed":false,"footnotes":""},"tags":[],"class_list":["post-6955","page","type-page","status-publish","has-post-thumbnail","hentry"],"acf":[],"yoast_head":"<!-- This site is optimized with the Yoast SEO plugin v27.3 - https:\/\/yoast.com\/product\/yoast-seo-wordpress\/ -->\n<title>\u00bfNecesito que me ayude un abogado si no quiero ir a juicio?<\/title>\n<meta name=\"description\" content=\"El equipo de Denver, CO, del Bufete de Dianne Sawaya tiene experiencia en mediaci\u00f3n y puede ayudarte a responder a las preguntas que tengas sobre tu caso. Visita nuestro sitio.\" \/>\n<meta name=\"robots\" content=\"index, follow, max-snippet:-1, max-image-preview:large, max-video-preview:-1\" \/>\n<link rel=\"canonical\" href=\"https:\/\/dlslawfirm.com\/es\/preguntas-frecuentes\/no-quiero-ir-a-juicio-do-i-need-an-attorney-to-help-me-resolve-my-personal-injury-case\/\" \/>\n<meta property=\"og:locale\" content=\"es_MX\" \/>\n<meta property=\"og:type\" content=\"article\" \/>\n<meta property=\"og:title\" content=\"\u00bfNecesito que me ayude un abogado si no quiero ir a juicio?\" \/>\n<meta property=\"og:description\" content=\"El equipo de Denver, CO, del Bufete de Dianne Sawaya tiene experiencia en mediaci\u00f3n y puede ayudarte a responder a las preguntas que tengas sobre tu caso. Visita nuestro sitio.\" \/>\n<meta property=\"og:url\" content=\"https:\/\/dlslawfirm.com\/es\/preguntas-frecuentes\/no-quiero-ir-a-juicio-do-i-need-an-attorney-to-help-me-resolve-my-personal-injury-case\/\" \/>\n<meta property=\"og:site_name\" content=\"Law Offices of Dianne Sawaya LLC- En Espanol\" \/>\n<meta property=\"og:image\" content=\"https:\/\/dlslawfirm.com\/es\/wp-content\/uploads\/sites\/2\/2022\/06\/attorneyhero.jpg\" \/>\n\t<meta property=\"og:image:width\" content=\"1600\" \/>\n\t<meta property=\"og:image:height\" content=\"609\" \/>\n\t<meta property=\"og:image:type\" content=\"image\/jpeg\" \/>\n<meta name=\"twitter:card\" content=\"summary_large_image\" \/>\n<meta name=\"twitter:label1\" content=\"Est. reading time\" \/>\n\t<meta name=\"twitter:data1\" content=\"2 minutos\" \/>\n<script type=\"application\/ld+json\" class=\"yoast-schema-graph\">{\"@context\":\"https:\\\/\\\/schema.org\",\"@graph\":[{\"@type\":\"WebPage\",\"@id\":\"https:\\\/\\\/dlslawfirm.com\\\/es\\\/preguntas-frecuentes\\\/no-quiero-ir-a-juicio-do-i-need-an-attorney-to-help-me-resolve-my-personal-injury-case\\\/\",\"url\":\"https:\\\/\\\/dlslawfirm.com\\\/es\\\/preguntas-frecuentes\\\/no-quiero-ir-a-juicio-do-i-need-an-attorney-to-help-me-resolve-my-personal-injury-case\\\/\",\"name\":\"\u00bfNecesito que me ayude un abogado si no quiero ir a juicio?\",\"isPartOf\":{\"@id\":\"https:\\\/\\\/dlslawfirm.com\\\/es\\\/#website\"},\"primaryImageOfPage\":{\"@id\":\"https:\\\/\\\/dlslawfirm.com\\\/es\\\/preguntas-frecuentes\\\/no-quiero-ir-a-juicio-do-i-need-an-attorney-to-help-me-resolve-my-personal-injury-case\\\/#primaryimage\"},\"image\":{\"@id\":\"https:\\\/\\\/dlslawfirm.com\\\/es\\\/preguntas-frecuentes\\\/no-quiero-ir-a-juicio-do-i-need-an-attorney-to-help-me-resolve-my-personal-injury-case\\\/#primaryimage\"},\"thumbnailUrl\":\"https:\\\/\\\/dlslawfirm.com\\\/es\\\/wp-content\\\/uploads\\\/sites\\\/2\\\/2022\\\/06\\\/attorneyhero.jpg\",\"datePublished\":\"2015-07-22T00:21:10+00:00\",\"description\":\"El equipo de Denver, CO, del Bufete de Dianne Sawaya tiene experiencia en mediaci\u00f3n y puede ayudarte a responder a las preguntas que tengas sobre tu caso. Visita nuestro sitio.\",\"breadcrumb\":{\"@id\":\"https:\\\/\\\/dlslawfirm.com\\\/es\\\/preguntas-frecuentes\\\/no-quiero-ir-a-juicio-do-i-need-an-attorney-to-help-me-resolve-my-personal-injury-case\\\/#breadcrumb\"},\"inLanguage\":\"es\",\"potentialAction\":[{\"@type\":\"ReadAction\",\"target\":[\"https:\\\/\\\/dlslawfirm.com\\\/es\\\/preguntas-frecuentes\\\/no-quiero-ir-a-juicio-do-i-need-an-attorney-to-help-me-resolve-my-personal-injury-case\\\/\"]}]},{\"@type\":\"ImageObject\",\"inLanguage\":\"es\",\"@id\":\"https:\\\/\\\/dlslawfirm.com\\\/es\\\/preguntas-frecuentes\\\/no-quiero-ir-a-juicio-do-i-need-an-attorney-to-help-me-resolve-my-personal-injury-case\\\/#primaryimage\",\"url\":\"https:\\\/\\\/dlslawfirm.com\\\/es\\\/wp-content\\\/uploads\\\/sites\\\/2\\\/2022\\\/06\\\/attorneyhero.jpg\",\"contentUrl\":\"https:\\\/\\\/dlslawfirm.com\\\/es\\\/wp-content\\\/uploads\\\/sites\\\/2\\\/2022\\\/06\\\/attorneyhero.jpg\",\"width\":1600,\"height\":609,\"caption\":\"person on phone at desk with computer and papers\"},{\"@type\":\"BreadcrumbList\",\"@id\":\"https:\\\/\\\/dlslawfirm.com\\\/es\\\/preguntas-frecuentes\\\/no-quiero-ir-a-juicio-do-i-need-an-attorney-to-help-me-resolve-my-personal-injury-case\\\/#breadcrumb\",\"itemListElement\":[{\"@type\":\"ListItem\",\"position\":1,\"name\":\"Home\",\"item\":\"https:\\\/\\\/dlslawfirm.com\\\/es\\\/\"},{\"@type\":\"ListItem\",\"position\":2,\"name\":\"PREGUNTAS FRECUENTES\",\"item\":\"https:\\\/\\\/dlslawfirm.com\\\/es\\\/preguntas-frecuentes\\\/\"},{\"@type\":\"ListItem\",\"position\":3,\"name\":\"No quiero ir a juicio. Do I need an attorney to help me resolve my personal injury case?\"}]},{\"@type\":\"WebSite\",\"@id\":\"https:\\\/\\\/dlslawfirm.com\\\/es\\\/#website\",\"url\":\"https:\\\/\\\/dlslawfirm.com\\\/es\\\/\",\"name\":\"Law Offices of Dianne Sawaya LLC- En Espanol\",\"description\":\"\",\"potentialAction\":[{\"@type\":\"SearchAction\",\"target\":{\"@type\":\"EntryPoint\",\"urlTemplate\":\"https:\\\/\\\/dlslawfirm.com\\\/es\\\/?s={search_term_string}\"},\"query-input\":{\"@type\":\"PropertyValueSpecification\",\"valueRequired\":true,\"valueName\":\"search_term_string\"}}],\"inLanguage\":\"es\"}]}<\/script>\n<!-- \/ Yoast SEO plugin. -->","yoast_head_json":{"title":"\u00bfNecesito que me ayude un abogado si no quiero ir a juicio?","description":"El equipo de Denver, CO, del Bufete de Dianne Sawaya tiene experiencia en mediaci\u00f3n y puede ayudarte a responder a las preguntas que tengas sobre tu caso. Visita nuestro sitio.","robots":{"index":"index","follow":"follow","max-snippet":"max-snippet:-1","max-image-preview":"max-image-preview:large","max-video-preview":"max-video-preview:-1"},"canonical":"https:\/\/dlslawfirm.com\/es\/preguntas-frecuentes\/no-quiero-ir-a-juicio-do-i-need-an-attorney-to-help-me-resolve-my-personal-injury-case\/","og_locale":"es_MX","og_type":"article","og_title":"\u00bfNecesito que me ayude un abogado si no quiero ir a juicio?","og_description":"El equipo de Denver, CO, del Bufete de Dianne Sawaya tiene experiencia en mediaci\u00f3n y puede ayudarte a responder a las preguntas que tengas sobre tu caso. Visita nuestro sitio.","og_url":"https:\/\/dlslawfirm.com\/es\/preguntas-frecuentes\/no-quiero-ir-a-juicio-do-i-need-an-attorney-to-help-me-resolve-my-personal-injury-case\/","og_site_name":"Law Offices of Dianne Sawaya LLC- En Espanol","og_image":[{"width":1600,"height":609,"url":"https:\/\/dlslawfirm.com\/es\/wp-content\/uploads\/sites\/2\/2022\/06\/attorneyhero.jpg","type":"image\/jpeg"}],"twitter_card":"summary_large_image","twitter_misc":{"Est. reading time":"2 minutos"},"schema":{"@context":"https:\/\/schema.org","@graph":[{"@type":"WebPage","@id":"https:\/\/dlslawfirm.com\/es\/preguntas-frecuentes\/no-quiero-ir-a-juicio-do-i-need-an-attorney-to-help-me-resolve-my-personal-injury-case\/","url":"https:\/\/dlslawfirm.com\/es\/preguntas-frecuentes\/no-quiero-ir-a-juicio-do-i-need-an-attorney-to-help-me-resolve-my-personal-injury-case\/","name":"\u00bfNecesito que me ayude un abogado si no quiero ir a juicio?","isPartOf":{"@id":"https:\/\/dlslawfirm.com\/es\/#website"},"primaryImageOfPage":{"@id":"https:\/\/dlslawfirm.com\/es\/preguntas-frecuentes\/no-quiero-ir-a-juicio-do-i-need-an-attorney-to-help-me-resolve-my-personal-injury-case\/#primaryimage"},"image":{"@id":"https:\/\/dlslawfirm.com\/es\/preguntas-frecuentes\/no-quiero-ir-a-juicio-do-i-need-an-attorney-to-help-me-resolve-my-personal-injury-case\/#primaryimage"},"thumbnailUrl":"https:\/\/dlslawfirm.com\/es\/wp-content\/uploads\/sites\/2\/2022\/06\/attorneyhero.jpg","datePublished":"2015-07-22T00:21:10+00:00","description":"El equipo de Denver, CO, del Bufete de Dianne Sawaya tiene experiencia en mediaci\u00f3n y puede ayudarte a responder a las preguntas que tengas sobre tu caso. Visita nuestro sitio.","breadcrumb":{"@id":"https:\/\/dlslawfirm.com\/es\/preguntas-frecuentes\/no-quiero-ir-a-juicio-do-i-need-an-attorney-to-help-me-resolve-my-personal-injury-case\/#breadcrumb"},"inLanguage":"es","potentialAction":[{"@type":"ReadAction","target":["https:\/\/dlslawfirm.com\/es\/preguntas-frecuentes\/no-quiero-ir-a-juicio-do-i-need-an-attorney-to-help-me-resolve-my-personal-injury-case\/"]}]},{"@type":"ImageObject","inLanguage":"es","@id":"https:\/\/dlslawfirm.com\/es\/preguntas-frecuentes\/no-quiero-ir-a-juicio-do-i-need-an-attorney-to-help-me-resolve-my-personal-injury-case\/#primaryimage","url":"https:\/\/dlslawfirm.com\/es\/wp-content\/uploads\/sites\/2\/2022\/06\/attorneyhero.jpg","contentUrl":"https:\/\/dlslawfirm.com\/es\/wp-content\/uploads\/sites\/2\/2022\/06\/attorneyhero.jpg","width":1600,"height":609,"caption":"person on phone at desk with computer and papers"},{"@type":"BreadcrumbList","@id":"https:\/\/dlslawfirm.com\/es\/preguntas-frecuentes\/no-quiero-ir-a-juicio-do-i-need-an-attorney-to-help-me-resolve-my-personal-injury-case\/#breadcrumb","itemListElement":[{"@type":"ListItem","position":1,"name":"Home","item":"https:\/\/dlslawfirm.com\/es\/"},{"@type":"ListItem","position":2,"name":"PREGUNTAS FRECUENTES","item":"https:\/\/dlslawfirm.com\/es\/preguntas-frecuentes\/"},{"@type":"ListItem","position":3,"name":"No quiero ir a juicio. Do I need an attorney to help me resolve my personal injury case?"}]},{"@type":"WebSite","@id":"https:\/\/dlslawfirm.com\/es\/#website","url":"https:\/\/dlslawfirm.com\/es\/","name":"Law Offices of Dianne Sawaya LLC- En Espanol","description":"","potentialAction":[{"@type":"SearchAction","target":{"@type":"EntryPoint","urlTemplate":"https:\/\/dlslawfirm.com\/es\/?s={search_term_string}"},"query-input":{"@type":"PropertyValueSpecification","valueRequired":true,"valueName":"search_term_string"}}],"inLanguage":"es"}]}},"_links":{"self":[{"href":"https:\/\/dlslawfirm.com\/es\/wp-json\/wp\/v2\/pages\/6955","targetHints":{"allow":["GET"]}}],"collection":[{"href":"https:\/\/dlslawfirm.com\/es\/wp-json\/wp\/v2\/pages"}],"about":[{"href":"https:\/\/dlslawfirm.com\/es\/wp-json\/wp\/v2\/types\/page"}],"author":[{"embeddable":true,"href":"https:\/\/dlslawfirm.com\/es\/wp-json\/wp\/v2\/users\/2"}],"replies":[{"embeddable":true,"href":"https:\/\/dlslawfirm.com\/es\/wp-json\/wp\/v2\/comments?post=6955"}],"version-history":[{"count":0,"href":"https:\/\/dlslawfirm.com\/es\/wp-json\/wp\/v2\/pages\/6955\/revisions"}],"up":[{"embeddable":true,"href":"https:\/\/dlslawfirm.com\/es\/wp-json\/wp\/v2\/pages\/7013"}],"wp:featuredmedia":[{"embeddable":true,"href":"https:\/\/dlslawfirm.com\/es\/wp-json\/wp\/v2\/media\/7225"}],"wp:attachment":[{"href":"https:\/\/dlslawfirm.com\/es\/wp-json\/wp\/v2\/media?parent=6955"}],"wp:term":[{"taxonomy":"post_tag","embeddable":true,"href":"https:\/\/dlslawfirm.com\/es\/wp-json\/wp\/v2\/tags?post=6955"}],"curies":[{"name":"wp","href":"https:\/\/api.w.org\/{rel}","templated":true}]}}