{"id":6954,"date":"2015-07-22T15:46:31","date_gmt":"2015-07-22T15:46:31","guid":{"rendered":"https:\/\/dlslawfirm.com\/realmente-necesito-un-abogado-cant-i-do-this-on-my-own\/"},"modified":"2015-07-22T15:46:31","modified_gmt":"2015-07-22T15:46:31","slug":"realmente-necesito-un-abogado-cant-i-do-this-on-my-own","status":"publish","type":"page","link":"https:\/\/dlslawfirm.com\/es\/preguntas-frecuentes\/realmente-necesito-un-abogado-cant-i-do-this-on-my-own\/","title":{"rendered":"\u00bfRealmente necesito un abogado? Can\u2019t I do this on my own?"},"content":{"rendered":"<p>El propio estudio del sector de seguros demuestra que los particulares recuperan m\u00e1s por su caso de accidente de autom\u00f3vil si est\u00e1n representados por un abogado de lesiones personales.  <a title=\"Abogado de lesiones personales Colorado\" href=\"\/\">El bufete de Dianne Sawaya<\/a>  tiene una reputaci\u00f3n formidable entre las compa\u00f1\u00edas de seguros, y saben que si te representa Dianne Sawaya, no podr\u00e1n salirse con la suya pag\u00e1ndote lo menos posible para mantener sus beneficios, sobre todo cuando saben que ella les llevar\u00e1 a los tribunales para obligarles a cumplir sus obligaciones. Adem\u00e1s, es m\u00e1s f\u00e1cil preservar tus derechos legales si cuentas con un abogado experto en lesiones personales que trabaje para ti. Necesitas un abogado de lesiones personales de Colorado, como Dianne Sawaya, que trabaja a diario con la ley de lesiones personales, conoce los requisitos y los plazos y puede ayudarte a navegar por el proceso, incluso a llevar el caso a juicio ante un juez y un jurado.<\/p>\n","protected":false},"excerpt":{"rendered":"<p>El propio estudio del sector de seguros demuestra que los particulares recuperan m\u00e1s por su caso de accidente de autom\u00f3vil si est\u00e1n representados por un abogado de lesiones personales. El bufete de Dianne Sawaya tiene una reputaci\u00f3n formidable entre las compa\u00f1\u00edas de seguros, y saben que si te representa Dianne Sawaya, no podr\u00e1n salirse con&#8230;<\/p>\n","protected":false},"author":2,"featured_media":0,"parent":7013,"menu_order":143,"comment_status":"open","ping_status":"open","template":"","meta":{"_acf_changed":false,"footnotes":""},"tags":[],"class_list":["post-6954","page","type-page","status-publish","hentry"],"acf":[],"yoast_head":"<!-- This site is optimized with the Yoast SEO plugin v27.5 - https:\/\/yoast.com\/product\/yoast-seo-wordpress\/ -->\n<title>\u00bfRealmente necesito un abogado? \u00bfNo puedo hacerlo por mi cuenta? | PREGUNTAS FRECUENTES<\/title>\n<meta name=\"description\" content=\"Tras una lesi\u00f3n, ponte en contacto con un abogado sobre tu caso. Law Offices of Dianne Sawaya, LLC de Denver no permitir\u00e1 que la compa\u00f1\u00eda de seguros se aproveche de ti.\" \/>\n<meta name=\"robots\" content=\"noindex, nofollow\" \/>\n<meta property=\"og:locale\" content=\"es_MX\" \/>\n<meta property=\"og:type\" content=\"article\" \/>\n<meta property=\"og:title\" content=\"\u00bfRealmente necesito un abogado? \u00bfNo puedo hacerlo por mi cuenta? | PREGUNTAS FRECUENTES\" \/>\n<meta property=\"og:description\" content=\"Tras una lesi\u00f3n, ponte en contacto con un abogado sobre tu caso. Law Offices of Dianne Sawaya, LLC de Denver no permitir\u00e1 que la compa\u00f1\u00eda de seguros se aproveche de ti.\" \/>\n<meta property=\"og:url\" content=\"https:\/\/dlslawfirm.com\/es\/preguntas-frecuentes\/realmente-necesito-un-abogado-cant-i-do-this-on-my-own\/\" \/>\n<meta property=\"og:site_name\" content=\"Law Offices of Dianne Sawaya LLC- En Espanol\" \/>\n<meta name=\"twitter:card\" content=\"summary_large_image\" \/>\n<meta name=\"twitter:label1\" content=\"Est. reading time\" \/>\n\t<meta name=\"twitter:data1\" content=\"1 minuto\" \/>\n<script type=\"application\/ld+json\" class=\"yoast-schema-graph\">{\"@context\":\"https:\\\/\\\/schema.org\",\"@graph\":[{\"@type\":\"WebPage\",\"@id\":\"https:\\\/\\\/dlslawfirm.com\\\/es\\\/preguntas-frecuentes\\\/realmente-necesito-un-abogado-cant-i-do-this-on-my-own\\\/\",\"url\":\"https:\\\/\\\/dlslawfirm.com\\\/es\\\/preguntas-frecuentes\\\/realmente-necesito-un-abogado-cant-i-do-this-on-my-own\\\/\",\"name\":\"\u00bfRealmente necesito un abogado? \u00bfNo puedo hacerlo por mi cuenta? | PREGUNTAS FRECUENTES\",\"isPartOf\":{\"@id\":\"https:\\\/\\\/dlslawfirm.com\\\/es\\\/#website\"},\"datePublished\":\"2015-07-22T15:46:31+00:00\",\"description\":\"Tras una lesi\u00f3n, ponte en contacto con un abogado sobre tu caso. Law Offices of Dianne Sawaya, LLC de Denver no permitir\u00e1 que la compa\u00f1\u00eda de seguros se aproveche de ti.\",\"breadcrumb\":{\"@id\":\"https:\\\/\\\/dlslawfirm.com\\\/es\\\/preguntas-frecuentes\\\/realmente-necesito-un-abogado-cant-i-do-this-on-my-own\\\/#breadcrumb\"},\"inLanguage\":\"es\",\"potentialAction\":[{\"@type\":\"ReadAction\",\"target\":[\"https:\\\/\\\/dlslawfirm.com\\\/es\\\/preguntas-frecuentes\\\/realmente-necesito-un-abogado-cant-i-do-this-on-my-own\\\/\"]}]},{\"@type\":\"BreadcrumbList\",\"@id\":\"https:\\\/\\\/dlslawfirm.com\\\/es\\\/preguntas-frecuentes\\\/realmente-necesito-un-abogado-cant-i-do-this-on-my-own\\\/#breadcrumb\",\"itemListElement\":[{\"@type\":\"ListItem\",\"position\":1,\"name\":\"Home\",\"item\":\"https:\\\/\\\/dlslawfirm.com\\\/es\\\/\"},{\"@type\":\"ListItem\",\"position\":2,\"name\":\"PREGUNTAS FRECUENTES\",\"item\":\"https:\\\/\\\/dlslawfirm.com\\\/es\\\/preguntas-frecuentes\\\/\"},{\"@type\":\"ListItem\",\"position\":3,\"name\":\"\u00bfRealmente necesito un abogado? Can\u2019t I do this on my own?\"}]},{\"@type\":\"WebSite\",\"@id\":\"https:\\\/\\\/dlslawfirm.com\\\/es\\\/#website\",\"url\":\"https:\\\/\\\/dlslawfirm.com\\\/es\\\/\",\"name\":\"Law Offices of Dianne Sawaya LLC- En Espanol\",\"description\":\"\",\"potentialAction\":[{\"@type\":\"SearchAction\",\"target\":{\"@type\":\"EntryPoint\",\"urlTemplate\":\"https:\\\/\\\/dlslawfirm.com\\\/es\\\/?s={search_term_string}\"},\"query-input\":{\"@type\":\"PropertyValueSpecification\",\"valueRequired\":true,\"valueName\":\"search_term_string\"}}],\"inLanguage\":\"es\"}]}<\/script>\n<!-- \/ Yoast SEO plugin. -->","yoast_head_json":{"title":"\u00bfRealmente necesito un abogado? \u00bfNo puedo hacerlo por mi cuenta? | PREGUNTAS FRECUENTES","description":"Tras una lesi\u00f3n, ponte en contacto con un abogado sobre tu caso. Law Offices of Dianne Sawaya, LLC de Denver no permitir\u00e1 que la compa\u00f1\u00eda de seguros se aproveche de ti.","robots":{"index":"noindex","follow":"nofollow"},"og_locale":"es_MX","og_type":"article","og_title":"\u00bfRealmente necesito un abogado? \u00bfNo puedo hacerlo por mi cuenta? | PREGUNTAS FRECUENTES","og_description":"Tras una lesi\u00f3n, ponte en contacto con un abogado sobre tu caso. Law Offices of Dianne Sawaya, LLC de Denver no permitir\u00e1 que la compa\u00f1\u00eda de seguros se aproveche de ti.","og_url":"https:\/\/dlslawfirm.com\/es\/preguntas-frecuentes\/realmente-necesito-un-abogado-cant-i-do-this-on-my-own\/","og_site_name":"Law Offices of Dianne Sawaya LLC- En Espanol","twitter_card":"summary_large_image","twitter_misc":{"Est. reading time":"1 minuto"},"schema":{"@context":"https:\/\/schema.org","@graph":[{"@type":"WebPage","@id":"https:\/\/dlslawfirm.com\/es\/preguntas-frecuentes\/realmente-necesito-un-abogado-cant-i-do-this-on-my-own\/","url":"https:\/\/dlslawfirm.com\/es\/preguntas-frecuentes\/realmente-necesito-un-abogado-cant-i-do-this-on-my-own\/","name":"\u00bfRealmente necesito un abogado? \u00bfNo puedo hacerlo por mi cuenta? | PREGUNTAS FRECUENTES","isPartOf":{"@id":"https:\/\/dlslawfirm.com\/es\/#website"},"datePublished":"2015-07-22T15:46:31+00:00","description":"Tras una lesi\u00f3n, ponte en contacto con un abogado sobre tu caso. Law Offices of Dianne Sawaya, LLC de Denver no permitir\u00e1 que la compa\u00f1\u00eda de seguros se aproveche de ti.","breadcrumb":{"@id":"https:\/\/dlslawfirm.com\/es\/preguntas-frecuentes\/realmente-necesito-un-abogado-cant-i-do-this-on-my-own\/#breadcrumb"},"inLanguage":"es","potentialAction":[{"@type":"ReadAction","target":["https:\/\/dlslawfirm.com\/es\/preguntas-frecuentes\/realmente-necesito-un-abogado-cant-i-do-this-on-my-own\/"]}]},{"@type":"BreadcrumbList","@id":"https:\/\/dlslawfirm.com\/es\/preguntas-frecuentes\/realmente-necesito-un-abogado-cant-i-do-this-on-my-own\/#breadcrumb","itemListElement":[{"@type":"ListItem","position":1,"name":"Home","item":"https:\/\/dlslawfirm.com\/es\/"},{"@type":"ListItem","position":2,"name":"PREGUNTAS FRECUENTES","item":"https:\/\/dlslawfirm.com\/es\/preguntas-frecuentes\/"},{"@type":"ListItem","position":3,"name":"\u00bfRealmente necesito un abogado? Can\u2019t I do this on my own?"}]},{"@type":"WebSite","@id":"https:\/\/dlslawfirm.com\/es\/#website","url":"https:\/\/dlslawfirm.com\/es\/","name":"Law Offices of Dianne Sawaya LLC- En Espanol","description":"","potentialAction":[{"@type":"SearchAction","target":{"@type":"EntryPoint","urlTemplate":"https:\/\/dlslawfirm.com\/es\/?s={search_term_string}"},"query-input":{"@type":"PropertyValueSpecification","valueRequired":true,"valueName":"search_term_string"}}],"inLanguage":"es"}]}},"_links":{"self":[{"href":"https:\/\/dlslawfirm.com\/es\/wp-json\/wp\/v2\/pages\/6954","targetHints":{"allow":["GET"]}}],"collection":[{"href":"https:\/\/dlslawfirm.com\/es\/wp-json\/wp\/v2\/pages"}],"about":[{"href":"https:\/\/dlslawfirm.com\/es\/wp-json\/wp\/v2\/types\/page"}],"author":[{"embeddable":true,"href":"https:\/\/dlslawfirm.com\/es\/wp-json\/wp\/v2\/users\/2"}],"replies":[{"embeddable":true,"href":"https:\/\/dlslawfirm.com\/es\/wp-json\/wp\/v2\/comments?post=6954"}],"version-history":[{"count":0,"href":"https:\/\/dlslawfirm.com\/es\/wp-json\/wp\/v2\/pages\/6954\/revisions"}],"up":[{"embeddable":true,"href":"https:\/\/dlslawfirm.com\/es\/wp-json\/wp\/v2\/pages\/7013"}],"wp:attachment":[{"href":"https:\/\/dlslawfirm.com\/es\/wp-json\/wp\/v2\/media?parent=6954"}],"wp:term":[{"taxonomy":"post_tag","embeddable":true,"href":"https:\/\/dlslawfirm.com\/es\/wp-json\/wp\/v2\/tags?post=6954"}],"curies":[{"name":"wp","href":"https:\/\/api.w.org\/{rel}","templated":true}]}}