{"id":6951,"date":"2015-07-22T16:02:56","date_gmt":"2015-07-22T16:02:56","guid":{"rendered":"https:\/\/dlslawfirm.com\/que-puedo-esperar-en-mi-consulta-gratuita\/"},"modified":"2015-07-22T16:02:56","modified_gmt":"2015-07-22T16:02:56","slug":"que-puedo-esperar-en-mi-consulta-gratuita","status":"publish","type":"page","link":"https:\/\/dlslawfirm.com\/es\/preguntas-frecuentes\/que-puedo-esperar-en-mi-consulta-gratuita\/","title":{"rendered":"\u00bfQu\u00e9 puedo esperar en mi consulta gratuita?"},"content":{"rendered":"<h2>Abogado de accidentes de tr\u00e1fico en Colorado<\/h2>\n<p>En primer lugar, la reuni\u00f3n inicial con un abogado de Denver especializado en accidentes de tr\u00e1fico del bufete de Dianne Sawaya es gratuita. Es una forma estupenda de conocerte y saber los detalles de tu caso. Uno de nuestros <a title=\"Abogados\" href=\"\/\/dlslawfirm.com\/abogados\/\">abogados expertos en lesiones personales<\/a> se reunir\u00e1 contigo y repasar\u00e1 los detalles de tu situaci\u00f3n. En tu consulta sin compromiso, te haremos preguntas destinadas a proporcionarnos la informaci\u00f3n m\u00e1s detallada posible. Hablaremos de las opciones que tienes para recibir tratamiento m\u00e9dico por tus lesiones. Te explicaremos c\u00f3mo investigamos tu accidente y el proceso que seguimos para desarrollar tu caso. Repasaremos nuestro planteamiento para negociar con la aseguradora, y prepararnos para el juicio, si es necesario. Y hablaremos del tiempo que puede tardar en resolverse tu caso y de lo que supondr\u00e1 si decidimos ir a juicio. Y lo m\u00e1s importante: responderemos a cualquier pregunta que puedas tener.<\/p>\n<p>Explora las preguntas relacionadas:<\/p>\n<ul>\n<li><a href=\"\/\/dlslawfirm.com\/faq\/que-debo-saber-sobre-mi-caso-antes-de-mi-consulta-gratuita\/\">\u00bfQu\u00e9 debo saber sobre mi caso antes de la consulta gratuita?<\/a><\/li>\n<li><a href=\"\/\/dlslawfirm.com\/faq\/en-que-me-debo- fijar-al-seleccionar-un-abogado\/\">\u00bfQu\u00e9 debo tener en cuenta al elegir un abogado?<\/a><\/li>\n<\/ul>\n","protected":false},"excerpt":{"rendered":"<p>Abogado de accidentes de tr\u00e1fico en Colorado En primer lugar, la reuni\u00f3n inicial con un abogado de Denver especializado en accidentes de tr\u00e1fico del bufete de Dianne Sawaya es gratuita. Es una forma estupenda de conocerte y saber los detalles de tu caso. Uno de nuestros abogados expertos en lesiones personales se reunir\u00e1 contigo y&#8230;<\/p>\n","protected":false},"author":2,"featured_media":7239,"parent":7013,"menu_order":138,"comment_status":"open","ping_status":"open","template":"","meta":{"_acf_changed":false,"footnotes":""},"tags":[],"class_list":["post-6951","page","type-page","status-publish","has-post-thumbnail","hentry"],"acf":[],"yoast_head":"<!-- This site is optimized with the Yoast SEO plugin v27.3 - https:\/\/yoast.com\/product\/yoast-seo-wordpress\/ -->\n<title>\u00bfQu\u00e9 puedo esperar en una consulta gratuita con un abogado?<\/title>\n<meta name=\"description\" content=\"Law Offices of Dianne Sawaya, LLC te informa de lo que puedes esperar durante tu consulta gratuita con el bufete de lesiones personales de Denver, Colorado. \u00a1Llama hoy mismo!\" \/>\n<meta name=\"robots\" content=\"index, follow, max-snippet:-1, max-image-preview:large, max-video-preview:-1\" \/>\n<link rel=\"canonical\" href=\"https:\/\/dlslawfirm.com\/es\/preguntas-frecuentes\/que-puedo-esperar-en-mi-consulta-gratuita\/\" \/>\n<meta property=\"og:locale\" content=\"es_MX\" \/>\n<meta property=\"og:type\" content=\"article\" \/>\n<meta property=\"og:title\" content=\"\u00bfQu\u00e9 puedo esperar en una consulta gratuita con un abogado?\" \/>\n<meta property=\"og:description\" content=\"Law Offices of Dianne Sawaya, LLC te informa de lo que puedes esperar durante tu consulta gratuita con el bufete de lesiones personales de Denver, Colorado. \u00a1Llama hoy mismo!\" \/>\n<meta property=\"og:url\" content=\"https:\/\/dlslawfirm.com\/es\/preguntas-frecuentes\/que-puedo-esperar-en-mi-consulta-gratuita\/\" \/>\n<meta property=\"og:site_name\" content=\"Law Offices of Dianne Sawaya LLC- En Espanol\" \/>\n<meta property=\"og:image\" content=\"https:\/\/dlslawfirm.com\/es\/wp-content\/uploads\/sites\/2\/2022\/06\/spouse-support.jpg\" \/>\n\t<meta property=\"og:image:width\" content=\"1600\" \/>\n\t<meta property=\"og:image:height\" content=\"743\" \/>\n\t<meta property=\"og:image:type\" content=\"image\/jpeg\" \/>\n<meta name=\"twitter:card\" content=\"summary_large_image\" \/>\n<meta name=\"twitter:label1\" content=\"Est. reading time\" \/>\n\t<meta name=\"twitter:data1\" content=\"1 minuto\" \/>\n<script type=\"application\/ld+json\" class=\"yoast-schema-graph\">{\"@context\":\"https:\\\/\\\/schema.org\",\"@graph\":[{\"@type\":\"WebPage\",\"@id\":\"https:\\\/\\\/dlslawfirm.com\\\/es\\\/preguntas-frecuentes\\\/que-puedo-esperar-en-mi-consulta-gratuita\\\/\",\"url\":\"https:\\\/\\\/dlslawfirm.com\\\/es\\\/preguntas-frecuentes\\\/que-puedo-esperar-en-mi-consulta-gratuita\\\/\",\"name\":\"\u00bfQu\u00e9 puedo esperar en una consulta gratuita con un abogado?\",\"isPartOf\":{\"@id\":\"https:\\\/\\\/dlslawfirm.com\\\/es\\\/#website\"},\"primaryImageOfPage\":{\"@id\":\"https:\\\/\\\/dlslawfirm.com\\\/es\\\/preguntas-frecuentes\\\/que-puedo-esperar-en-mi-consulta-gratuita\\\/#primaryimage\"},\"image\":{\"@id\":\"https:\\\/\\\/dlslawfirm.com\\\/es\\\/preguntas-frecuentes\\\/que-puedo-esperar-en-mi-consulta-gratuita\\\/#primaryimage\"},\"thumbnailUrl\":\"https:\\\/\\\/dlslawfirm.com\\\/es\\\/wp-content\\\/uploads\\\/sites\\\/2\\\/2022\\\/06\\\/spouse-support.jpg\",\"datePublished\":\"2015-07-22T16:02:56+00:00\",\"description\":\"Law Offices of Dianne Sawaya, LLC te informa de lo que puedes esperar durante tu consulta gratuita con el bufete de lesiones personales de Denver, Colorado. \u00a1Llama hoy mismo!\",\"breadcrumb\":{\"@id\":\"https:\\\/\\\/dlslawfirm.com\\\/es\\\/preguntas-frecuentes\\\/que-puedo-esperar-en-mi-consulta-gratuita\\\/#breadcrumb\"},\"inLanguage\":\"es\",\"potentialAction\":[{\"@type\":\"ReadAction\",\"target\":[\"https:\\\/\\\/dlslawfirm.com\\\/es\\\/preguntas-frecuentes\\\/que-puedo-esperar-en-mi-consulta-gratuita\\\/\"]}]},{\"@type\":\"ImageObject\",\"inLanguage\":\"es\",\"@id\":\"https:\\\/\\\/dlslawfirm.com\\\/es\\\/preguntas-frecuentes\\\/que-puedo-esperar-en-mi-consulta-gratuita\\\/#primaryimage\",\"url\":\"https:\\\/\\\/dlslawfirm.com\\\/es\\\/wp-content\\\/uploads\\\/sites\\\/2\\\/2022\\\/06\\\/spouse-support.jpg\",\"contentUrl\":\"https:\\\/\\\/dlslawfirm.com\\\/es\\\/wp-content\\\/uploads\\\/sites\\\/2\\\/2022\\\/06\\\/spouse-support.jpg\",\"width\":1600,\"height\":743,\"caption\":\"two people sitting with mugs at table\"},{\"@type\":\"BreadcrumbList\",\"@id\":\"https:\\\/\\\/dlslawfirm.com\\\/es\\\/preguntas-frecuentes\\\/que-puedo-esperar-en-mi-consulta-gratuita\\\/#breadcrumb\",\"itemListElement\":[{\"@type\":\"ListItem\",\"position\":1,\"name\":\"Home\",\"item\":\"https:\\\/\\\/dlslawfirm.com\\\/es\\\/\"},{\"@type\":\"ListItem\",\"position\":2,\"name\":\"PREGUNTAS FRECUENTES\",\"item\":\"https:\\\/\\\/dlslawfirm.com\\\/es\\\/preguntas-frecuentes\\\/\"},{\"@type\":\"ListItem\",\"position\":3,\"name\":\"\u00bfQu\u00e9 puedo esperar en mi consulta gratuita?\"}]},{\"@type\":\"WebSite\",\"@id\":\"https:\\\/\\\/dlslawfirm.com\\\/es\\\/#website\",\"url\":\"https:\\\/\\\/dlslawfirm.com\\\/es\\\/\",\"name\":\"Law Offices of Dianne Sawaya LLC- En Espanol\",\"description\":\"\",\"potentialAction\":[{\"@type\":\"SearchAction\",\"target\":{\"@type\":\"EntryPoint\",\"urlTemplate\":\"https:\\\/\\\/dlslawfirm.com\\\/es\\\/?s={search_term_string}\"},\"query-input\":{\"@type\":\"PropertyValueSpecification\",\"valueRequired\":true,\"valueName\":\"search_term_string\"}}],\"inLanguage\":\"es\"}]}<\/script>\n<!-- \/ Yoast SEO plugin. -->","yoast_head_json":{"title":"\u00bfQu\u00e9 puedo esperar en una consulta gratuita con un abogado?","description":"Law Offices of Dianne Sawaya, LLC te informa de lo que puedes esperar durante tu consulta gratuita con el bufete de lesiones personales de Denver, Colorado. \u00a1Llama hoy mismo!","robots":{"index":"index","follow":"follow","max-snippet":"max-snippet:-1","max-image-preview":"max-image-preview:large","max-video-preview":"max-video-preview:-1"},"canonical":"https:\/\/dlslawfirm.com\/es\/preguntas-frecuentes\/que-puedo-esperar-en-mi-consulta-gratuita\/","og_locale":"es_MX","og_type":"article","og_title":"\u00bfQu\u00e9 puedo esperar en una consulta gratuita con un abogado?","og_description":"Law Offices of Dianne Sawaya, LLC te informa de lo que puedes esperar durante tu consulta gratuita con el bufete de lesiones personales de Denver, Colorado. \u00a1Llama hoy mismo!","og_url":"https:\/\/dlslawfirm.com\/es\/preguntas-frecuentes\/que-puedo-esperar-en-mi-consulta-gratuita\/","og_site_name":"Law Offices of Dianne Sawaya LLC- En Espanol","og_image":[{"width":1600,"height":743,"url":"https:\/\/dlslawfirm.com\/es\/wp-content\/uploads\/sites\/2\/2022\/06\/spouse-support.jpg","type":"image\/jpeg"}],"twitter_card":"summary_large_image","twitter_misc":{"Est. reading time":"1 minuto"},"schema":{"@context":"https:\/\/schema.org","@graph":[{"@type":"WebPage","@id":"https:\/\/dlslawfirm.com\/es\/preguntas-frecuentes\/que-puedo-esperar-en-mi-consulta-gratuita\/","url":"https:\/\/dlslawfirm.com\/es\/preguntas-frecuentes\/que-puedo-esperar-en-mi-consulta-gratuita\/","name":"\u00bfQu\u00e9 puedo esperar en una consulta gratuita con un abogado?","isPartOf":{"@id":"https:\/\/dlslawfirm.com\/es\/#website"},"primaryImageOfPage":{"@id":"https:\/\/dlslawfirm.com\/es\/preguntas-frecuentes\/que-puedo-esperar-en-mi-consulta-gratuita\/#primaryimage"},"image":{"@id":"https:\/\/dlslawfirm.com\/es\/preguntas-frecuentes\/que-puedo-esperar-en-mi-consulta-gratuita\/#primaryimage"},"thumbnailUrl":"https:\/\/dlslawfirm.com\/es\/wp-content\/uploads\/sites\/2\/2022\/06\/spouse-support.jpg","datePublished":"2015-07-22T16:02:56+00:00","description":"Law Offices of Dianne Sawaya, LLC te informa de lo que puedes esperar durante tu consulta gratuita con el bufete de lesiones personales de Denver, Colorado. \u00a1Llama hoy mismo!","breadcrumb":{"@id":"https:\/\/dlslawfirm.com\/es\/preguntas-frecuentes\/que-puedo-esperar-en-mi-consulta-gratuita\/#breadcrumb"},"inLanguage":"es","potentialAction":[{"@type":"ReadAction","target":["https:\/\/dlslawfirm.com\/es\/preguntas-frecuentes\/que-puedo-esperar-en-mi-consulta-gratuita\/"]}]},{"@type":"ImageObject","inLanguage":"es","@id":"https:\/\/dlslawfirm.com\/es\/preguntas-frecuentes\/que-puedo-esperar-en-mi-consulta-gratuita\/#primaryimage","url":"https:\/\/dlslawfirm.com\/es\/wp-content\/uploads\/sites\/2\/2022\/06\/spouse-support.jpg","contentUrl":"https:\/\/dlslawfirm.com\/es\/wp-content\/uploads\/sites\/2\/2022\/06\/spouse-support.jpg","width":1600,"height":743,"caption":"two people sitting with mugs at table"},{"@type":"BreadcrumbList","@id":"https:\/\/dlslawfirm.com\/es\/preguntas-frecuentes\/que-puedo-esperar-en-mi-consulta-gratuita\/#breadcrumb","itemListElement":[{"@type":"ListItem","position":1,"name":"Home","item":"https:\/\/dlslawfirm.com\/es\/"},{"@type":"ListItem","position":2,"name":"PREGUNTAS FRECUENTES","item":"https:\/\/dlslawfirm.com\/es\/preguntas-frecuentes\/"},{"@type":"ListItem","position":3,"name":"\u00bfQu\u00e9 puedo esperar en mi consulta gratuita?"}]},{"@type":"WebSite","@id":"https:\/\/dlslawfirm.com\/es\/#website","url":"https:\/\/dlslawfirm.com\/es\/","name":"Law Offices of Dianne Sawaya LLC- En Espanol","description":"","potentialAction":[{"@type":"SearchAction","target":{"@type":"EntryPoint","urlTemplate":"https:\/\/dlslawfirm.com\/es\/?s={search_term_string}"},"query-input":{"@type":"PropertyValueSpecification","valueRequired":true,"valueName":"search_term_string"}}],"inLanguage":"es"}]}},"_links":{"self":[{"href":"https:\/\/dlslawfirm.com\/es\/wp-json\/wp\/v2\/pages\/6951","targetHints":{"allow":["GET"]}}],"collection":[{"href":"https:\/\/dlslawfirm.com\/es\/wp-json\/wp\/v2\/pages"}],"about":[{"href":"https:\/\/dlslawfirm.com\/es\/wp-json\/wp\/v2\/types\/page"}],"author":[{"embeddable":true,"href":"https:\/\/dlslawfirm.com\/es\/wp-json\/wp\/v2\/users\/2"}],"replies":[{"embeddable":true,"href":"https:\/\/dlslawfirm.com\/es\/wp-json\/wp\/v2\/comments?post=6951"}],"version-history":[{"count":0,"href":"https:\/\/dlslawfirm.com\/es\/wp-json\/wp\/v2\/pages\/6951\/revisions"}],"up":[{"embeddable":true,"href":"https:\/\/dlslawfirm.com\/es\/wp-json\/wp\/v2\/pages\/7013"}],"wp:featuredmedia":[{"embeddable":true,"href":"https:\/\/dlslawfirm.com\/es\/wp-json\/wp\/v2\/media\/7239"}],"wp:attachment":[{"href":"https:\/\/dlslawfirm.com\/es\/wp-json\/wp\/v2\/media?parent=6951"}],"wp:term":[{"taxonomy":"post_tag","embeddable":true,"href":"https:\/\/dlslawfirm.com\/es\/wp-json\/wp\/v2\/tags?post=6951"}],"curies":[{"name":"wp","href":"https:\/\/api.w.org\/{rel}","templated":true}]}}