{"id":6947,"date":"2015-07-22T15:12:44","date_gmt":"2015-07-22T15:12:44","guid":{"rendered":"https:\/\/dlslawfirm.com\/como-se-si-tengo-derecho-a-reclamar-por-danos-personales\/"},"modified":"2015-07-22T15:12:44","modified_gmt":"2015-07-22T15:12:44","slug":"como-se-si-tengo-derecho-a-reclamar-por-danos-personales","status":"publish","type":"page","link":"https:\/\/dlslawfirm.com\/es\/preguntas-frecuentes\/como-se-si-tengo-derecho-a-reclamar-por-danos-personales\/","title":{"rendered":"\u00bfC\u00f3mo s\u00e9 si tengo derecho a reclamar por da\u00f1os personales?"},"content":{"rendered":"<h2>Equipo de accidentes de Denver<\/h2>\n<p>Los abogados del bufete de Dianne L. Sawaya, LLC analizan un caso de lesiones personales bas\u00e1ndose en el concepto de negligencia. Existen los cuatro elementos que deben probarse para establecer la negligencia:<\/p>\n<ul>\n<li>Exist\u00eda el deber de ejercer un cuidado razonable al realizar actos que pudieran perjudicar a otros.<\/li>\n<li>Ese deber se incumpli\u00f3.<\/li>\n<li>El incumplimiento de ese deber caus\u00f3 un perjuicio.<\/li>\n<li>Se produjeron da\u00f1os como consecuencia de la lesi\u00f3n.<\/li>\n<\/ul>\n<p>Los da\u00f1os pueden consistir en facturas m\u00e9dicas, p\u00e9rdida de salarios, dolor y sufrimiento, etc. Si usted ha sido herido por causas ajenas a su voluntad en un <a href=\"\/\/dlslawfirm.com\/lesiones-personales\/accidentes-de-coche\/\">accidente de coche o accidente de semirremolque<\/a>, usted puede tener una demanda por lesiones personales. Sin embargo, la culpa o la negligencia no siempre parecen evidentes, por ejemplo, si usted se lesion\u00f3 en una propiedad ajena o si resbal\u00f3 y se hizo da\u00f1o en una tienda. Todav\u00eda puede tener un caso v\u00e1lido de lesiones personales. Debido a que la ley es tan compleja, es importante trabajar con un abogado experto y con experiencia en lesiones personales en las Oficinas Legales de Dianne L. Sawaya, LLC.<\/p>\n<p>Explora los art\u00edculos relacionados:<\/p>\n<ul>\n<li><a href=\"\/\/dlslawfirm.com\/faq\/estoy-causando-problemas-a-la-otra-persona-por-presentar-una-demanda-por-da\u00f1o-personal-contra-ellos\/\">\u00bfEstoy causando problemas a la otra persona al presentar una demanda contra ella?<\/a><\/li>\n<li><a href=\"\/\/dlslawfirm.com\/resources\/faq-video-library\/how-do-you-get-paid-will-this-cost-me-money\/\">\u00bfMe costar\u00e1 dinero?<\/a><\/li>\n<\/ul>\n","protected":false},"excerpt":{"rendered":"<p>Equipo de accidentes de Denver Los abogados del bufete de Dianne L. Sawaya, LLC analizan un caso de lesiones personales bas\u00e1ndose en el concepto de negligencia. Existen los cuatro elementos que deben probarse para establecer la negligencia: Exist\u00eda el deber de ejercer un cuidado razonable al realizar actos que pudieran perjudicar a otros. Ese deber&#8230;<\/p>\n","protected":false},"author":2,"featured_media":7229,"parent":7013,"menu_order":147,"comment_status":"open","ping_status":"open","template":"","meta":{"_acf_changed":false,"footnotes":""},"tags":[],"class_list":["post-6947","page","type-page","status-publish","has-post-thumbnail","hentry"],"acf":[],"yoast_head":"<!-- This site is optimized with the Yoast SEO plugin v27.3 - https:\/\/yoast.com\/product\/yoast-seo-wordpress\/ -->\n<title>\u00bfC\u00f3mo s\u00e9 si tengo derecho a reclamar por da\u00f1os personales? | Denver, CO<\/title>\n<meta name=\"description\" content=\"Los abogados de Law Offices of Dianne Sawaya, LLC pueden responder a las preguntas que tengas sobre reclamaciones por lesiones personales. Lee nuestras preguntas frecuentes o llama hoy al bufete de Denver.\" \/>\n<meta name=\"robots\" content=\"index, follow, max-snippet:-1, max-image-preview:large, max-video-preview:-1\" \/>\n<link rel=\"canonical\" href=\"https:\/\/dlslawfirm.com\/es\/preguntas-frecuentes\/como-se-si-tengo-derecho-a-reclamar-por-danos-personales\/\" \/>\n<meta property=\"og:locale\" content=\"es_MX\" \/>\n<meta property=\"og:type\" content=\"article\" \/>\n<meta property=\"og:title\" content=\"\u00bfC\u00f3mo s\u00e9 si tengo derecho a reclamar por da\u00f1os personales? | Denver, CO\" \/>\n<meta property=\"og:description\" content=\"Los abogados de Law Offices of Dianne Sawaya, LLC pueden responder a las preguntas que tengas sobre reclamaciones por lesiones personales. Lee nuestras preguntas frecuentes o llama hoy al bufete de Denver.\" \/>\n<meta property=\"og:url\" content=\"https:\/\/dlslawfirm.com\/es\/preguntas-frecuentes\/como-se-si-tengo-derecho-a-reclamar-por-danos-personales\/\" \/>\n<meta property=\"og:site_name\" content=\"Law Offices of Dianne Sawaya LLC- En Espanol\" \/>\n<meta property=\"og:image\" content=\"https:\/\/dlslawfirm.com\/es\/wp-content\/uploads\/sites\/2\/2022\/06\/pexels-ono-kosuki-5999874.jpg\" \/>\n\t<meta property=\"og:image:width\" content=\"1600\" \/>\n\t<meta property=\"og:image:height\" content=\"828\" \/>\n\t<meta property=\"og:image:type\" content=\"image\/jpeg\" \/>\n<meta name=\"twitter:card\" content=\"summary_large_image\" \/>\n<meta name=\"twitter:label1\" content=\"Est. reading time\" \/>\n\t<meta name=\"twitter:data1\" content=\"1 minuto\" \/>\n<script type=\"application\/ld+json\" class=\"yoast-schema-graph\">{\"@context\":\"https:\\\/\\\/schema.org\",\"@graph\":[{\"@type\":\"WebPage\",\"@id\":\"https:\\\/\\\/dlslawfirm.com\\\/es\\\/preguntas-frecuentes\\\/como-se-si-tengo-derecho-a-reclamar-por-danos-personales\\\/\",\"url\":\"https:\\\/\\\/dlslawfirm.com\\\/es\\\/preguntas-frecuentes\\\/como-se-si-tengo-derecho-a-reclamar-por-danos-personales\\\/\",\"name\":\"\u00bfC\u00f3mo s\u00e9 si tengo derecho a reclamar por da\u00f1os personales? | Denver, CO\",\"isPartOf\":{\"@id\":\"https:\\\/\\\/dlslawfirm.com\\\/es\\\/#website\"},\"primaryImageOfPage\":{\"@id\":\"https:\\\/\\\/dlslawfirm.com\\\/es\\\/preguntas-frecuentes\\\/como-se-si-tengo-derecho-a-reclamar-por-danos-personales\\\/#primaryimage\"},\"image\":{\"@id\":\"https:\\\/\\\/dlslawfirm.com\\\/es\\\/preguntas-frecuentes\\\/como-se-si-tengo-derecho-a-reclamar-por-danos-personales\\\/#primaryimage\"},\"thumbnailUrl\":\"https:\\\/\\\/dlslawfirm.com\\\/es\\\/wp-content\\\/uploads\\\/sites\\\/2\\\/2022\\\/06\\\/pexels-ono-kosuki-5999874.jpg\",\"datePublished\":\"2015-07-22T15:12:44+00:00\",\"description\":\"Los abogados de Law Offices of Dianne Sawaya, LLC pueden responder a las preguntas que tengas sobre reclamaciones por lesiones personales. Lee nuestras preguntas frecuentes o llama hoy al bufete de Denver.\",\"breadcrumb\":{\"@id\":\"https:\\\/\\\/dlslawfirm.com\\\/es\\\/preguntas-frecuentes\\\/como-se-si-tengo-derecho-a-reclamar-por-danos-personales\\\/#breadcrumb\"},\"inLanguage\":\"es\",\"potentialAction\":[{\"@type\":\"ReadAction\",\"target\":[\"https:\\\/\\\/dlslawfirm.com\\\/es\\\/preguntas-frecuentes\\\/como-se-si-tengo-derecho-a-reclamar-por-danos-personales\\\/\"]}]},{\"@type\":\"ImageObject\",\"inLanguage\":\"es\",\"@id\":\"https:\\\/\\\/dlslawfirm.com\\\/es\\\/preguntas-frecuentes\\\/como-se-si-tengo-derecho-a-reclamar-por-danos-personales\\\/#primaryimage\",\"url\":\"https:\\\/\\\/dlslawfirm.com\\\/es\\\/wp-content\\\/uploads\\\/sites\\\/2\\\/2022\\\/06\\\/pexels-ono-kosuki-5999874.jpg\",\"contentUrl\":\"https:\\\/\\\/dlslawfirm.com\\\/es\\\/wp-content\\\/uploads\\\/sites\\\/2\\\/2022\\\/06\\\/pexels-ono-kosuki-5999874.jpg\",\"width\":1600,\"height\":828,\"caption\":\"person looking over documents\"},{\"@type\":\"BreadcrumbList\",\"@id\":\"https:\\\/\\\/dlslawfirm.com\\\/es\\\/preguntas-frecuentes\\\/como-se-si-tengo-derecho-a-reclamar-por-danos-personales\\\/#breadcrumb\",\"itemListElement\":[{\"@type\":\"ListItem\",\"position\":1,\"name\":\"Home\",\"item\":\"https:\\\/\\\/dlslawfirm.com\\\/es\\\/\"},{\"@type\":\"ListItem\",\"position\":2,\"name\":\"PREGUNTAS FRECUENTES\",\"item\":\"https:\\\/\\\/dlslawfirm.com\\\/es\\\/preguntas-frecuentes\\\/\"},{\"@type\":\"ListItem\",\"position\":3,\"name\":\"\u00bfC\u00f3mo s\u00e9 si tengo derecho a reclamar por da\u00f1os personales?\"}]},{\"@type\":\"WebSite\",\"@id\":\"https:\\\/\\\/dlslawfirm.com\\\/es\\\/#website\",\"url\":\"https:\\\/\\\/dlslawfirm.com\\\/es\\\/\",\"name\":\"Law Offices of Dianne Sawaya LLC- En Espanol\",\"description\":\"\",\"potentialAction\":[{\"@type\":\"SearchAction\",\"target\":{\"@type\":\"EntryPoint\",\"urlTemplate\":\"https:\\\/\\\/dlslawfirm.com\\\/es\\\/?s={search_term_string}\"},\"query-input\":{\"@type\":\"PropertyValueSpecification\",\"valueRequired\":true,\"valueName\":\"search_term_string\"}}],\"inLanguage\":\"es\"}]}<\/script>\n<!-- \/ Yoast SEO plugin. -->","yoast_head_json":{"title":"\u00bfC\u00f3mo s\u00e9 si tengo derecho a reclamar por da\u00f1os personales? | Denver, CO","description":"Los abogados de Law Offices of Dianne Sawaya, LLC pueden responder a las preguntas que tengas sobre reclamaciones por lesiones personales. Lee nuestras preguntas frecuentes o llama hoy al bufete de Denver.","robots":{"index":"index","follow":"follow","max-snippet":"max-snippet:-1","max-image-preview":"max-image-preview:large","max-video-preview":"max-video-preview:-1"},"canonical":"https:\/\/dlslawfirm.com\/es\/preguntas-frecuentes\/como-se-si-tengo-derecho-a-reclamar-por-danos-personales\/","og_locale":"es_MX","og_type":"article","og_title":"\u00bfC\u00f3mo s\u00e9 si tengo derecho a reclamar por da\u00f1os personales? | Denver, CO","og_description":"Los abogados de Law Offices of Dianne Sawaya, LLC pueden responder a las preguntas que tengas sobre reclamaciones por lesiones personales. Lee nuestras preguntas frecuentes o llama hoy al bufete de Denver.","og_url":"https:\/\/dlslawfirm.com\/es\/preguntas-frecuentes\/como-se-si-tengo-derecho-a-reclamar-por-danos-personales\/","og_site_name":"Law Offices of Dianne Sawaya LLC- En Espanol","og_image":[{"width":1600,"height":828,"url":"https:\/\/dlslawfirm.com\/es\/wp-content\/uploads\/sites\/2\/2022\/06\/pexels-ono-kosuki-5999874.jpg","type":"image\/jpeg"}],"twitter_card":"summary_large_image","twitter_misc":{"Est. reading time":"1 minuto"},"schema":{"@context":"https:\/\/schema.org","@graph":[{"@type":"WebPage","@id":"https:\/\/dlslawfirm.com\/es\/preguntas-frecuentes\/como-se-si-tengo-derecho-a-reclamar-por-danos-personales\/","url":"https:\/\/dlslawfirm.com\/es\/preguntas-frecuentes\/como-se-si-tengo-derecho-a-reclamar-por-danos-personales\/","name":"\u00bfC\u00f3mo s\u00e9 si tengo derecho a reclamar por da\u00f1os personales? | Denver, CO","isPartOf":{"@id":"https:\/\/dlslawfirm.com\/es\/#website"},"primaryImageOfPage":{"@id":"https:\/\/dlslawfirm.com\/es\/preguntas-frecuentes\/como-se-si-tengo-derecho-a-reclamar-por-danos-personales\/#primaryimage"},"image":{"@id":"https:\/\/dlslawfirm.com\/es\/preguntas-frecuentes\/como-se-si-tengo-derecho-a-reclamar-por-danos-personales\/#primaryimage"},"thumbnailUrl":"https:\/\/dlslawfirm.com\/es\/wp-content\/uploads\/sites\/2\/2022\/06\/pexels-ono-kosuki-5999874.jpg","datePublished":"2015-07-22T15:12:44+00:00","description":"Los abogados de Law Offices of Dianne Sawaya, LLC pueden responder a las preguntas que tengas sobre reclamaciones por lesiones personales. Lee nuestras preguntas frecuentes o llama hoy al bufete de Denver.","breadcrumb":{"@id":"https:\/\/dlslawfirm.com\/es\/preguntas-frecuentes\/como-se-si-tengo-derecho-a-reclamar-por-danos-personales\/#breadcrumb"},"inLanguage":"es","potentialAction":[{"@type":"ReadAction","target":["https:\/\/dlslawfirm.com\/es\/preguntas-frecuentes\/como-se-si-tengo-derecho-a-reclamar-por-danos-personales\/"]}]},{"@type":"ImageObject","inLanguage":"es","@id":"https:\/\/dlslawfirm.com\/es\/preguntas-frecuentes\/como-se-si-tengo-derecho-a-reclamar-por-danos-personales\/#primaryimage","url":"https:\/\/dlslawfirm.com\/es\/wp-content\/uploads\/sites\/2\/2022\/06\/pexels-ono-kosuki-5999874.jpg","contentUrl":"https:\/\/dlslawfirm.com\/es\/wp-content\/uploads\/sites\/2\/2022\/06\/pexels-ono-kosuki-5999874.jpg","width":1600,"height":828,"caption":"person looking over documents"},{"@type":"BreadcrumbList","@id":"https:\/\/dlslawfirm.com\/es\/preguntas-frecuentes\/como-se-si-tengo-derecho-a-reclamar-por-danos-personales\/#breadcrumb","itemListElement":[{"@type":"ListItem","position":1,"name":"Home","item":"https:\/\/dlslawfirm.com\/es\/"},{"@type":"ListItem","position":2,"name":"PREGUNTAS FRECUENTES","item":"https:\/\/dlslawfirm.com\/es\/preguntas-frecuentes\/"},{"@type":"ListItem","position":3,"name":"\u00bfC\u00f3mo s\u00e9 si tengo derecho a reclamar por da\u00f1os personales?"}]},{"@type":"WebSite","@id":"https:\/\/dlslawfirm.com\/es\/#website","url":"https:\/\/dlslawfirm.com\/es\/","name":"Law Offices of Dianne Sawaya LLC- En Espanol","description":"","potentialAction":[{"@type":"SearchAction","target":{"@type":"EntryPoint","urlTemplate":"https:\/\/dlslawfirm.com\/es\/?s={search_term_string}"},"query-input":{"@type":"PropertyValueSpecification","valueRequired":true,"valueName":"search_term_string"}}],"inLanguage":"es"}]}},"_links":{"self":[{"href":"https:\/\/dlslawfirm.com\/es\/wp-json\/wp\/v2\/pages\/6947","targetHints":{"allow":["GET"]}}],"collection":[{"href":"https:\/\/dlslawfirm.com\/es\/wp-json\/wp\/v2\/pages"}],"about":[{"href":"https:\/\/dlslawfirm.com\/es\/wp-json\/wp\/v2\/types\/page"}],"author":[{"embeddable":true,"href":"https:\/\/dlslawfirm.com\/es\/wp-json\/wp\/v2\/users\/2"}],"replies":[{"embeddable":true,"href":"https:\/\/dlslawfirm.com\/es\/wp-json\/wp\/v2\/comments?post=6947"}],"version-history":[{"count":0,"href":"https:\/\/dlslawfirm.com\/es\/wp-json\/wp\/v2\/pages\/6947\/revisions"}],"up":[{"embeddable":true,"href":"https:\/\/dlslawfirm.com\/es\/wp-json\/wp\/v2\/pages\/7013"}],"wp:featuredmedia":[{"embeddable":true,"href":"https:\/\/dlslawfirm.com\/es\/wp-json\/wp\/v2\/media\/7229"}],"wp:attachment":[{"href":"https:\/\/dlslawfirm.com\/es\/wp-json\/wp\/v2\/media?parent=6947"}],"wp:term":[{"taxonomy":"post_tag","embeddable":true,"href":"https:\/\/dlslawfirm.com\/es\/wp-json\/wp\/v2\/tags?post=6947"}],"curies":[{"name":"wp","href":"https:\/\/api.w.org\/{rel}","templated":true}]}}