{"id":6946,"date":"2015-07-22T16:33:56","date_gmt":"2015-07-22T16:33:56","guid":{"rendered":"https:\/\/dlslawfirm.com\/si-mi-caso-de-lesiones-personales-va-a-juicio-ganare\/"},"modified":"2015-07-22T16:33:56","modified_gmt":"2015-07-22T16:33:56","slug":"si-mi-caso-de-lesiones-personales-va-a-juicio-ganare","status":"publish","type":"page","link":"https:\/\/dlslawfirm.com\/es\/preguntas-frecuentes\/si-mi-caso-de-lesiones-personales-va-a-juicio-ganare\/","title":{"rendered":"Si mi caso de lesiones personales va a juicio, \u00bfganar\u00e9?"},"content":{"rendered":"<h2>Dianne Sawaya, abogada de Colorado<\/h2>\n<p>Los <a href=\"\/\/dlslawfirm.com\/abogados\/\">abogados de lesiones personales<\/a> del bufete de Dianne L. Sawaya, LLC, tienen mucho \u00e9xito en la resoluci\u00f3n de casos. Pero por muy agresivamente que litiguemos tu caso, no hay forma de predecir el resultado de un juicio. (Si alg\u00fan abogado te dice que puede conseguirte cierta cantidad de dinero en un juicio, corre -no camines- al bufete de Dianne L. Sawaya, LLC).<\/p>\n<p>Hay muchos factores que intervienen en un juicio. Son muy complejos y s\u00f3lo podemos controlar algunos de esos factores. El mayor comod\u00edn es el propio jurado. Es casi imposible predecir c\u00f3mo fallar\u00e1 un jurado, y \u00e9se es un factor importante a tener en cuenta antes de llevar un caso a juicio. Si parece que tu caso puede ir a juicio, tu abogado litigante del bufete de Dianne L. Sawaya, LLC, repasar\u00e1 contigo todos los detalles y discutir\u00e1 todas las opciones.<\/p>\n<p>Pase lo que pase, siempre hacemos lo mejor para nuestro cliente. Haremos todo lo que est\u00e9 en nuestra mano para ayudarte a obtener el mejor resultado tras el juicio. Por desgracia, ning\u00fan abogado puede hacer promesas, pero trabajar con un abogado del Bufete de Dianne L. Sawaya puede ayudarte a sentirte m\u00e1s seguro en el camino. Ponte en contacto con nosotros hoy mismo para empezar.<\/p>\n<p>Explora los art\u00edculos relacionados:<\/p>\n<ul>\n<li><a href=\"\/\/dlslawfirm.com\/resources\/faq-video-library\/will-i-have-to-go-to-court\/\">\u00bfTendr\u00e9 que ir a juicio?<\/a><\/li>\n<li><a href=\"\/\/dlslawfirm.com\/resources\/faq-video-library\/how-much-is-my-case-worth\/\">\u00bfCu\u00e1nto vale mi caso?<\/a><\/li>\n<\/ul>\n","protected":false},"excerpt":{"rendered":"<p>Dianne Sawaya, abogada de Colorado Los abogados de lesiones personales del bufete de Dianne L. Sawaya, LLC, tienen mucho \u00e9xito en la resoluci\u00f3n de casos. Pero por muy agresivamente que litiguemos tu caso, no hay forma de predecir el resultado de un juicio. (Si alg\u00fan abogado te dice que puede conseguirte cierta cantidad de dinero&#8230;<\/p>\n","protected":false},"author":2,"featured_media":7247,"parent":7013,"menu_order":131,"comment_status":"open","ping_status":"open","template":"","meta":{"_acf_changed":false,"footnotes":""},"tags":[],"class_list":["post-6946","page","type-page","status-publish","has-post-thumbnail","hentry"],"acf":[],"yoast_head":"<!-- This site is optimized with the Yoast SEO plugin v27.4 - https:\/\/yoast.com\/product\/yoast-seo-wordpress\/ -->\n<title>\u00bfGanar\u00e9 si mi caso va a juicio? | Preguntas frecuentes sobre lesiones personales<\/title>\n<meta name=\"description\" content=\"Si te has lesionado en Denver, Colorado, ponte en contacto hoy mismo con un abogado de lesiones personales del bufete de Dianne Sawaya, LLC, para empezar a encontrar alivio.\" \/>\n<meta name=\"robots\" content=\"index, follow, max-snippet:-1, max-image-preview:large, max-video-preview:-1\" \/>\n<link rel=\"canonical\" href=\"https:\/\/dlslawfirm.com\/es\/preguntas-frecuentes\/si-mi-caso-de-lesiones-personales-va-a-juicio-ganare\/\" \/>\n<meta property=\"og:locale\" content=\"es_MX\" \/>\n<meta property=\"og:type\" content=\"article\" \/>\n<meta property=\"og:title\" content=\"\u00bfGanar\u00e9 si mi caso va a juicio? | Preguntas frecuentes sobre lesiones personales\" \/>\n<meta property=\"og:description\" content=\"Si te has lesionado en Denver, Colorado, ponte en contacto hoy mismo con un abogado de lesiones personales del bufete de Dianne Sawaya, LLC, para empezar a encontrar alivio.\" \/>\n<meta property=\"og:url\" content=\"https:\/\/dlslawfirm.com\/es\/preguntas-frecuentes\/si-mi-caso-de-lesiones-personales-va-a-juicio-ganare\/\" \/>\n<meta property=\"og:site_name\" content=\"Law Offices of Dianne Sawaya LLC- En Espanol\" \/>\n<meta property=\"og:image\" content=\"https:\/\/dlslawfirm.com\/es\/wp-content\/uploads\/sites\/2\/2022\/04\/holding-the-scales-of-justice-2021-08-26-20-11-09-utc.jpg\" \/>\n\t<meta property=\"og:image:width\" content=\"1600\" \/>\n\t<meta property=\"og:image:height\" content=\"481\" \/>\n\t<meta property=\"og:image:type\" content=\"image\/jpeg\" \/>\n<meta name=\"twitter:card\" content=\"summary_large_image\" \/>\n<meta name=\"twitter:label1\" content=\"Est. reading time\" \/>\n\t<meta name=\"twitter:data1\" content=\"1 minuto\" \/>\n<script type=\"application\/ld+json\" class=\"yoast-schema-graph\">{\"@context\":\"https:\\\/\\\/schema.org\",\"@graph\":[{\"@type\":\"WebPage\",\"@id\":\"https:\\\/\\\/dlslawfirm.com\\\/es\\\/preguntas-frecuentes\\\/si-mi-caso-de-lesiones-personales-va-a-juicio-ganare\\\/\",\"url\":\"https:\\\/\\\/dlslawfirm.com\\\/es\\\/preguntas-frecuentes\\\/si-mi-caso-de-lesiones-personales-va-a-juicio-ganare\\\/\",\"name\":\"\u00bfGanar\u00e9 si mi caso va a juicio? | Preguntas frecuentes sobre lesiones personales\",\"isPartOf\":{\"@id\":\"https:\\\/\\\/dlslawfirm.com\\\/es\\\/#website\"},\"primaryImageOfPage\":{\"@id\":\"https:\\\/\\\/dlslawfirm.com\\\/es\\\/preguntas-frecuentes\\\/si-mi-caso-de-lesiones-personales-va-a-juicio-ganare\\\/#primaryimage\"},\"image\":{\"@id\":\"https:\\\/\\\/dlslawfirm.com\\\/es\\\/preguntas-frecuentes\\\/si-mi-caso-de-lesiones-personales-va-a-juicio-ganare\\\/#primaryimage\"},\"thumbnailUrl\":\"https:\\\/\\\/dlslawfirm.com\\\/es\\\/wp-content\\\/uploads\\\/sites\\\/2\\\/2022\\\/04\\\/holding-the-scales-of-justice-2021-08-26-20-11-09-utc.jpg\",\"datePublished\":\"2015-07-22T16:33:56+00:00\",\"description\":\"Si te has lesionado en Denver, Colorado, ponte en contacto hoy mismo con un abogado de lesiones personales del bufete de Dianne Sawaya, LLC, para empezar a encontrar alivio.\",\"breadcrumb\":{\"@id\":\"https:\\\/\\\/dlslawfirm.com\\\/es\\\/preguntas-frecuentes\\\/si-mi-caso-de-lesiones-personales-va-a-juicio-ganare\\\/#breadcrumb\"},\"inLanguage\":\"es\",\"potentialAction\":[{\"@type\":\"ReadAction\",\"target\":[\"https:\\\/\\\/dlslawfirm.com\\\/es\\\/preguntas-frecuentes\\\/si-mi-caso-de-lesiones-personales-va-a-juicio-ganare\\\/\"]}]},{\"@type\":\"ImageObject\",\"inLanguage\":\"es\",\"@id\":\"https:\\\/\\\/dlslawfirm.com\\\/es\\\/preguntas-frecuentes\\\/si-mi-caso-de-lesiones-personales-va-a-juicio-ganare\\\/#primaryimage\",\"url\":\"https:\\\/\\\/dlslawfirm.com\\\/es\\\/wp-content\\\/uploads\\\/sites\\\/2\\\/2022\\\/04\\\/holding-the-scales-of-justice-2021-08-26-20-11-09-utc.jpg\",\"contentUrl\":\"https:\\\/\\\/dlslawfirm.com\\\/es\\\/wp-content\\\/uploads\\\/sites\\\/2\\\/2022\\\/04\\\/holding-the-scales-of-justice-2021-08-26-20-11-09-utc.jpg\",\"width\":1600,\"height\":481,\"caption\":\"Figure of Justitia or Justice holding the scales of justice with close up focus to the scales symbolic of the law over grey\"},{\"@type\":\"BreadcrumbList\",\"@id\":\"https:\\\/\\\/dlslawfirm.com\\\/es\\\/preguntas-frecuentes\\\/si-mi-caso-de-lesiones-personales-va-a-juicio-ganare\\\/#breadcrumb\",\"itemListElement\":[{\"@type\":\"ListItem\",\"position\":1,\"name\":\"Home\",\"item\":\"https:\\\/\\\/dlslawfirm.com\\\/es\\\/\"},{\"@type\":\"ListItem\",\"position\":2,\"name\":\"PREGUNTAS FRECUENTES\",\"item\":\"https:\\\/\\\/dlslawfirm.com\\\/es\\\/preguntas-frecuentes\\\/\"},{\"@type\":\"ListItem\",\"position\":3,\"name\":\"Si mi caso de lesiones personales va a juicio, \u00bfganar\u00e9?\"}]},{\"@type\":\"WebSite\",\"@id\":\"https:\\\/\\\/dlslawfirm.com\\\/es\\\/#website\",\"url\":\"https:\\\/\\\/dlslawfirm.com\\\/es\\\/\",\"name\":\"Law Offices of Dianne Sawaya LLC- En Espanol\",\"description\":\"\",\"potentialAction\":[{\"@type\":\"SearchAction\",\"target\":{\"@type\":\"EntryPoint\",\"urlTemplate\":\"https:\\\/\\\/dlslawfirm.com\\\/es\\\/?s={search_term_string}\"},\"query-input\":{\"@type\":\"PropertyValueSpecification\",\"valueRequired\":true,\"valueName\":\"search_term_string\"}}],\"inLanguage\":\"es\"}]}<\/script>\n<!-- \/ Yoast SEO plugin. -->","yoast_head_json":{"title":"\u00bfGanar\u00e9 si mi caso va a juicio? | Preguntas frecuentes sobre lesiones personales","description":"Si te has lesionado en Denver, Colorado, ponte en contacto hoy mismo con un abogado de lesiones personales del bufete de Dianne Sawaya, LLC, para empezar a encontrar alivio.","robots":{"index":"index","follow":"follow","max-snippet":"max-snippet:-1","max-image-preview":"max-image-preview:large","max-video-preview":"max-video-preview:-1"},"canonical":"https:\/\/dlslawfirm.com\/es\/preguntas-frecuentes\/si-mi-caso-de-lesiones-personales-va-a-juicio-ganare\/","og_locale":"es_MX","og_type":"article","og_title":"\u00bfGanar\u00e9 si mi caso va a juicio? | Preguntas frecuentes sobre lesiones personales","og_description":"Si te has lesionado en Denver, Colorado, ponte en contacto hoy mismo con un abogado de lesiones personales del bufete de Dianne Sawaya, LLC, para empezar a encontrar alivio.","og_url":"https:\/\/dlslawfirm.com\/es\/preguntas-frecuentes\/si-mi-caso-de-lesiones-personales-va-a-juicio-ganare\/","og_site_name":"Law Offices of Dianne Sawaya LLC- En Espanol","og_image":[{"width":1600,"height":481,"url":"https:\/\/dlslawfirm.com\/es\/wp-content\/uploads\/sites\/2\/2022\/04\/holding-the-scales-of-justice-2021-08-26-20-11-09-utc.jpg","type":"image\/jpeg"}],"twitter_card":"summary_large_image","twitter_misc":{"Est. reading time":"1 minuto"},"schema":{"@context":"https:\/\/schema.org","@graph":[{"@type":"WebPage","@id":"https:\/\/dlslawfirm.com\/es\/preguntas-frecuentes\/si-mi-caso-de-lesiones-personales-va-a-juicio-ganare\/","url":"https:\/\/dlslawfirm.com\/es\/preguntas-frecuentes\/si-mi-caso-de-lesiones-personales-va-a-juicio-ganare\/","name":"\u00bfGanar\u00e9 si mi caso va a juicio? | Preguntas frecuentes sobre lesiones personales","isPartOf":{"@id":"https:\/\/dlslawfirm.com\/es\/#website"},"primaryImageOfPage":{"@id":"https:\/\/dlslawfirm.com\/es\/preguntas-frecuentes\/si-mi-caso-de-lesiones-personales-va-a-juicio-ganare\/#primaryimage"},"image":{"@id":"https:\/\/dlslawfirm.com\/es\/preguntas-frecuentes\/si-mi-caso-de-lesiones-personales-va-a-juicio-ganare\/#primaryimage"},"thumbnailUrl":"https:\/\/dlslawfirm.com\/es\/wp-content\/uploads\/sites\/2\/2022\/04\/holding-the-scales-of-justice-2021-08-26-20-11-09-utc.jpg","datePublished":"2015-07-22T16:33:56+00:00","description":"Si te has lesionado en Denver, Colorado, ponte en contacto hoy mismo con un abogado de lesiones personales del bufete de Dianne Sawaya, LLC, para empezar a encontrar alivio.","breadcrumb":{"@id":"https:\/\/dlslawfirm.com\/es\/preguntas-frecuentes\/si-mi-caso-de-lesiones-personales-va-a-juicio-ganare\/#breadcrumb"},"inLanguage":"es","potentialAction":[{"@type":"ReadAction","target":["https:\/\/dlslawfirm.com\/es\/preguntas-frecuentes\/si-mi-caso-de-lesiones-personales-va-a-juicio-ganare\/"]}]},{"@type":"ImageObject","inLanguage":"es","@id":"https:\/\/dlslawfirm.com\/es\/preguntas-frecuentes\/si-mi-caso-de-lesiones-personales-va-a-juicio-ganare\/#primaryimage","url":"https:\/\/dlslawfirm.com\/es\/wp-content\/uploads\/sites\/2\/2022\/04\/holding-the-scales-of-justice-2021-08-26-20-11-09-utc.jpg","contentUrl":"https:\/\/dlslawfirm.com\/es\/wp-content\/uploads\/sites\/2\/2022\/04\/holding-the-scales-of-justice-2021-08-26-20-11-09-utc.jpg","width":1600,"height":481,"caption":"Figure of Justitia or Justice holding the scales of justice with close up focus to the scales symbolic of the law over grey"},{"@type":"BreadcrumbList","@id":"https:\/\/dlslawfirm.com\/es\/preguntas-frecuentes\/si-mi-caso-de-lesiones-personales-va-a-juicio-ganare\/#breadcrumb","itemListElement":[{"@type":"ListItem","position":1,"name":"Home","item":"https:\/\/dlslawfirm.com\/es\/"},{"@type":"ListItem","position":2,"name":"PREGUNTAS FRECUENTES","item":"https:\/\/dlslawfirm.com\/es\/preguntas-frecuentes\/"},{"@type":"ListItem","position":3,"name":"Si mi caso de lesiones personales va a juicio, \u00bfganar\u00e9?"}]},{"@type":"WebSite","@id":"https:\/\/dlslawfirm.com\/es\/#website","url":"https:\/\/dlslawfirm.com\/es\/","name":"Law Offices of Dianne Sawaya LLC- En Espanol","description":"","potentialAction":[{"@type":"SearchAction","target":{"@type":"EntryPoint","urlTemplate":"https:\/\/dlslawfirm.com\/es\/?s={search_term_string}"},"query-input":{"@type":"PropertyValueSpecification","valueRequired":true,"valueName":"search_term_string"}}],"inLanguage":"es"}]}},"_links":{"self":[{"href":"https:\/\/dlslawfirm.com\/es\/wp-json\/wp\/v2\/pages\/6946","targetHints":{"allow":["GET"]}}],"collection":[{"href":"https:\/\/dlslawfirm.com\/es\/wp-json\/wp\/v2\/pages"}],"about":[{"href":"https:\/\/dlslawfirm.com\/es\/wp-json\/wp\/v2\/types\/page"}],"author":[{"embeddable":true,"href":"https:\/\/dlslawfirm.com\/es\/wp-json\/wp\/v2\/users\/2"}],"replies":[{"embeddable":true,"href":"https:\/\/dlslawfirm.com\/es\/wp-json\/wp\/v2\/comments?post=6946"}],"version-history":[{"count":0,"href":"https:\/\/dlslawfirm.com\/es\/wp-json\/wp\/v2\/pages\/6946\/revisions"}],"up":[{"embeddable":true,"href":"https:\/\/dlslawfirm.com\/es\/wp-json\/wp\/v2\/pages\/7013"}],"wp:featuredmedia":[{"embeddable":true,"href":"https:\/\/dlslawfirm.com\/es\/wp-json\/wp\/v2\/media\/7247"}],"wp:attachment":[{"href":"https:\/\/dlslawfirm.com\/es\/wp-json\/wp\/v2\/media?parent=6946"}],"wp:term":[{"taxonomy":"post_tag","embeddable":true,"href":"https:\/\/dlslawfirm.com\/es\/wp-json\/wp\/v2\/tags?post=6946"}],"curies":[{"name":"wp","href":"https:\/\/api.w.org\/{rel}","templated":true}]}}