{"id":6940,"date":"2015-07-22T16:05:27","date_gmt":"2015-07-22T16:05:27","guid":{"rendered":"https:\/\/dlslawfirm.com\/cuanto-dura-un-caso-de-lesiones-personales\/"},"modified":"2015-07-22T16:05:27","modified_gmt":"2015-07-22T16:05:27","slug":"cuanto-dura-un-caso-de-lesiones-personales","status":"publish","type":"page","link":"https:\/\/dlslawfirm.com\/es\/preguntas-frecuentes\/cuanto-dura-un-caso-de-lesiones-personales\/","title":{"rendered":"\u00bfCu\u00e1nto dura un caso de lesiones personales?"},"content":{"rendered":"<h2>\u00bfCu\u00e1nto tiempo dedicar\u00e9 a mi demanda por lesiones personales?<\/h2>\n<p>S\u00f3lo lo necesario. Tras nuestra primera reuni\u00f3n, nuestros <a title=\"Lesiones personales\" href=\"\/\/dlslawfirm.com\/lesiones-personales\/\">abogados de lesiones personales<\/a>, asistentes jur\u00eddicos y personal de apoyo <a title=\"Lesiones personales\" href=\"\/\/dlslawfirm.com\/lesiones-personales\/\">de Denver<\/a> har\u00e1n casi todo el trabajo por ti. Hay mucho que hacer: recopilar historiales m\u00e9dicos; revisar informes policiales, entrevistar a testigos y reunir pruebas; y preparar papeleo y documentos legales. Si tu caso va a juicio, requerir\u00e1 m\u00e1s de tu tiempo. A veces es necesario ir a juicio debido a una verdadera controversia sobre los hechos. Sin embargo, lo m\u00e1s frecuente es que una compa\u00f1\u00eda de seguros s\u00f3lo mire por su cuenta de resultados, y entonces es cuando presentamos una demanda para obligarles a indemnizarte justamente por las lesiones que sufriste a manos de su asegurado negligente. Sin embargo, s\u00f3lo una peque\u00f1a parte de los casos en los que presentamos una demanda llegan realmente a juicio.<\/p>\n<h2>\u00bfPor qu\u00e9 tarda tanto mi caso de lesiones por accidente?<\/h2>\n<p>Puede parecer que el proceso de lesiones personales avanza muy lentamente. Hay muchas razones para ello. Una de las principales es que se tarda tiempo en determinar el alcance total de tus lesiones. A menudo los m\u00e9dicos no pueden dar una opini\u00f3n sobre la gravedad de tu lesi\u00f3n hasta que tu estado m\u00e9dico se haya estabilizado. En los casos de lesiones graves, eso puede tardar hasta un a\u00f1o despu\u00e9s del accidente. Es importante evaluar a fondo tus lesiones para determinar cu\u00e1les son tus da\u00f1os y cu\u00e1l debe ser tu indemnizaci\u00f3n. Una vez que aceptas una oferta de conciliaci\u00f3n u obtienes un veredicto en el juicio, est\u00e1s bloqueado. No puedes volver atr\u00e1s y pedir m\u00e1s dinero despu\u00e9s si tus lesiones resultan ser m\u00e1s graves de lo que pensabas. Adem\u00e1s, las compa\u00f1\u00edas de seguros cuentan con que te impacientes, y por eso es posible que te den un peque\u00f1o cheque con la esperanza de que te lances.<\/p>\n<p>Para m\u00e1s informaci\u00f3n sobre tu caso de lesiones personales, <a href=\"\/\/dlslawfirm.com\/contacto-nos\/\">ponte en contacto con el Bufete de Dianne Sawaya. <\/a> <\/p>\n<p>Explora los art\u00edculos relacionados:<\/p>\n<ul>\n<li><a href=\"\/\/dlslawfirm.com\/resources\/faq-video-library\/will-i-have-to-go-to-court\/\">\u00bfTendr\u00e9 que ir a juicio?<\/a><\/li>\n<li><a href=\"\/\/dlslawfirm.com\/resources\/faq-video-library\/do-i-really-need-an-attorney-can-i-do-this-alone\/\">\u00bfRealmente necesito un abogado? \u00bfPuedo hacerlo solo?<\/a><\/li>\n<\/ul>\n","protected":false},"excerpt":{"rendered":"<p>\u00bfCu\u00e1nto tiempo dedicar\u00e9 a mi demanda por lesiones personales? S\u00f3lo lo necesario. Tras nuestra primera reuni\u00f3n, nuestros abogados de lesiones personales, asistentes jur\u00eddicos y personal de apoyo de Denver har\u00e1n casi todo el trabajo por ti. Hay mucho que hacer: recopilar historiales m\u00e9dicos; revisar informes policiales, entrevistar a testigos y reunir pruebas; y preparar papeleo&#8230;<\/p>\n","protected":false},"author":2,"featured_media":7235,"parent":7013,"menu_order":137,"comment_status":"open","ping_status":"open","template":"","meta":{"_acf_changed":false,"footnotes":""},"tags":[],"class_list":["post-6940","page","type-page","status-publish","has-post-thumbnail","hentry"],"acf":[],"yoast_head":"<!-- This site is optimized with the Yoast SEO plugin v27.4 - https:\/\/yoast.com\/product\/yoast-seo-wordpress\/ -->\n<title>\u00bfCu\u00e1nto tiempo me llevar\u00e1 mi caso? | Denver Legal FAQ<\/title>\n<meta name=\"description\" content=\"\u00bfTe preocupa que tu caso de lesiones te robe demasiado tiempo personal? Law Offices of Dianne Sawaya, LLC, de Denver, CO, te explica lo que puedes esperar.\" \/>\n<meta name=\"robots\" content=\"index, follow, max-snippet:-1, max-image-preview:large, max-video-preview:-1\" \/>\n<link rel=\"canonical\" href=\"https:\/\/dlslawfirm.com\/es\/preguntas-frecuentes\/cuanto-dura-un-caso-de-lesiones-personales\/\" \/>\n<meta property=\"og:locale\" content=\"es_MX\" \/>\n<meta property=\"og:type\" content=\"article\" \/>\n<meta property=\"og:title\" content=\"\u00bfCu\u00e1nto tiempo me llevar\u00e1 mi caso? | Denver Legal FAQ\" \/>\n<meta property=\"og:description\" content=\"\u00bfTe preocupa que tu caso de lesiones te robe demasiado tiempo personal? Law Offices of Dianne Sawaya, LLC, de Denver, CO, te explica lo que puedes esperar.\" \/>\n<meta property=\"og:url\" content=\"https:\/\/dlslawfirm.com\/es\/preguntas-frecuentes\/cuanto-dura-un-caso-de-lesiones-personales\/\" \/>\n<meta property=\"og:site_name\" content=\"Law Offices of Dianne Sawaya LLC- En Espanol\" \/>\n<meta property=\"og:image\" content=\"https:\/\/dlslawfirm.com\/es\/wp-content\/uploads\/sites\/2\/2022\/04\/clock.jpg\" \/>\n\t<meta property=\"og:image:width\" content=\"1600\" \/>\n\t<meta property=\"og:image:height\" content=\"654\" \/>\n\t<meta property=\"og:image:type\" content=\"image\/jpeg\" \/>\n<meta name=\"twitter:card\" content=\"summary_large_image\" \/>\n<meta name=\"twitter:label1\" content=\"Est. reading time\" \/>\n\t<meta name=\"twitter:data1\" content=\"2 minutos\" \/>\n<script type=\"application\/ld+json\" class=\"yoast-schema-graph\">{\"@context\":\"https:\\\/\\\/schema.org\",\"@graph\":[{\"@type\":\"WebPage\",\"@id\":\"https:\\\/\\\/dlslawfirm.com\\\/es\\\/preguntas-frecuentes\\\/cuanto-dura-un-caso-de-lesiones-personales\\\/\",\"url\":\"https:\\\/\\\/dlslawfirm.com\\\/es\\\/preguntas-frecuentes\\\/cuanto-dura-un-caso-de-lesiones-personales\\\/\",\"name\":\"\u00bfCu\u00e1nto tiempo me llevar\u00e1 mi caso? | Denver Legal FAQ\",\"isPartOf\":{\"@id\":\"https:\\\/\\\/dlslawfirm.com\\\/es\\\/#website\"},\"primaryImageOfPage\":{\"@id\":\"https:\\\/\\\/dlslawfirm.com\\\/es\\\/preguntas-frecuentes\\\/cuanto-dura-un-caso-de-lesiones-personales\\\/#primaryimage\"},\"image\":{\"@id\":\"https:\\\/\\\/dlslawfirm.com\\\/es\\\/preguntas-frecuentes\\\/cuanto-dura-un-caso-de-lesiones-personales\\\/#primaryimage\"},\"thumbnailUrl\":\"https:\\\/\\\/dlslawfirm.com\\\/es\\\/wp-content\\\/uploads\\\/sites\\\/2\\\/2022\\\/04\\\/clock.jpg\",\"datePublished\":\"2015-07-22T16:05:27+00:00\",\"description\":\"\u00bfTe preocupa que tu caso de lesiones te robe demasiado tiempo personal? Law Offices of Dianne Sawaya, LLC, de Denver, CO, te explica lo que puedes esperar.\",\"breadcrumb\":{\"@id\":\"https:\\\/\\\/dlslawfirm.com\\\/es\\\/preguntas-frecuentes\\\/cuanto-dura-un-caso-de-lesiones-personales\\\/#breadcrumb\"},\"inLanguage\":\"es\",\"potentialAction\":[{\"@type\":\"ReadAction\",\"target\":[\"https:\\\/\\\/dlslawfirm.com\\\/es\\\/preguntas-frecuentes\\\/cuanto-dura-un-caso-de-lesiones-personales\\\/\"]}]},{\"@type\":\"ImageObject\",\"inLanguage\":\"es\",\"@id\":\"https:\\\/\\\/dlslawfirm.com\\\/es\\\/preguntas-frecuentes\\\/cuanto-dura-un-caso-de-lesiones-personales\\\/#primaryimage\",\"url\":\"https:\\\/\\\/dlslawfirm.com\\\/es\\\/wp-content\\\/uploads\\\/sites\\\/2\\\/2022\\\/04\\\/clock.jpg\",\"contentUrl\":\"https:\\\/\\\/dlslawfirm.com\\\/es\\\/wp-content\\\/uploads\\\/sites\\\/2\\\/2022\\\/04\\\/clock.jpg\",\"width\":1600,\"height\":654,\"caption\":\"clock on desk\"},{\"@type\":\"BreadcrumbList\",\"@id\":\"https:\\\/\\\/dlslawfirm.com\\\/es\\\/preguntas-frecuentes\\\/cuanto-dura-un-caso-de-lesiones-personales\\\/#breadcrumb\",\"itemListElement\":[{\"@type\":\"ListItem\",\"position\":1,\"name\":\"Home\",\"item\":\"https:\\\/\\\/dlslawfirm.com\\\/es\\\/\"},{\"@type\":\"ListItem\",\"position\":2,\"name\":\"PREGUNTAS FRECUENTES\",\"item\":\"https:\\\/\\\/dlslawfirm.com\\\/es\\\/preguntas-frecuentes\\\/\"},{\"@type\":\"ListItem\",\"position\":3,\"name\":\"\u00bfCu\u00e1nto dura un caso de lesiones personales?\"}]},{\"@type\":\"WebSite\",\"@id\":\"https:\\\/\\\/dlslawfirm.com\\\/es\\\/#website\",\"url\":\"https:\\\/\\\/dlslawfirm.com\\\/es\\\/\",\"name\":\"Law Offices of Dianne Sawaya LLC- En Espanol\",\"description\":\"\",\"potentialAction\":[{\"@type\":\"SearchAction\",\"target\":{\"@type\":\"EntryPoint\",\"urlTemplate\":\"https:\\\/\\\/dlslawfirm.com\\\/es\\\/?s={search_term_string}\"},\"query-input\":{\"@type\":\"PropertyValueSpecification\",\"valueRequired\":true,\"valueName\":\"search_term_string\"}}],\"inLanguage\":\"es\"}]}<\/script>\n<!-- \/ Yoast SEO plugin. -->","yoast_head_json":{"title":"\u00bfCu\u00e1nto tiempo me llevar\u00e1 mi caso? | Denver Legal FAQ","description":"\u00bfTe preocupa que tu caso de lesiones te robe demasiado tiempo personal? Law Offices of Dianne Sawaya, LLC, de Denver, CO, te explica lo que puedes esperar.","robots":{"index":"index","follow":"follow","max-snippet":"max-snippet:-1","max-image-preview":"max-image-preview:large","max-video-preview":"max-video-preview:-1"},"canonical":"https:\/\/dlslawfirm.com\/es\/preguntas-frecuentes\/cuanto-dura-un-caso-de-lesiones-personales\/","og_locale":"es_MX","og_type":"article","og_title":"\u00bfCu\u00e1nto tiempo me llevar\u00e1 mi caso? | Denver Legal FAQ","og_description":"\u00bfTe preocupa que tu caso de lesiones te robe demasiado tiempo personal? Law Offices of Dianne Sawaya, LLC, de Denver, CO, te explica lo que puedes esperar.","og_url":"https:\/\/dlslawfirm.com\/es\/preguntas-frecuentes\/cuanto-dura-un-caso-de-lesiones-personales\/","og_site_name":"Law Offices of Dianne Sawaya LLC- En Espanol","og_image":[{"width":1600,"height":654,"url":"https:\/\/dlslawfirm.com\/es\/wp-content\/uploads\/sites\/2\/2022\/04\/clock.jpg","type":"image\/jpeg"}],"twitter_card":"summary_large_image","twitter_misc":{"Est. reading time":"2 minutos"},"schema":{"@context":"https:\/\/schema.org","@graph":[{"@type":"WebPage","@id":"https:\/\/dlslawfirm.com\/es\/preguntas-frecuentes\/cuanto-dura-un-caso-de-lesiones-personales\/","url":"https:\/\/dlslawfirm.com\/es\/preguntas-frecuentes\/cuanto-dura-un-caso-de-lesiones-personales\/","name":"\u00bfCu\u00e1nto tiempo me llevar\u00e1 mi caso? | Denver Legal FAQ","isPartOf":{"@id":"https:\/\/dlslawfirm.com\/es\/#website"},"primaryImageOfPage":{"@id":"https:\/\/dlslawfirm.com\/es\/preguntas-frecuentes\/cuanto-dura-un-caso-de-lesiones-personales\/#primaryimage"},"image":{"@id":"https:\/\/dlslawfirm.com\/es\/preguntas-frecuentes\/cuanto-dura-un-caso-de-lesiones-personales\/#primaryimage"},"thumbnailUrl":"https:\/\/dlslawfirm.com\/es\/wp-content\/uploads\/sites\/2\/2022\/04\/clock.jpg","datePublished":"2015-07-22T16:05:27+00:00","description":"\u00bfTe preocupa que tu caso de lesiones te robe demasiado tiempo personal? Law Offices of Dianne Sawaya, LLC, de Denver, CO, te explica lo que puedes esperar.","breadcrumb":{"@id":"https:\/\/dlslawfirm.com\/es\/preguntas-frecuentes\/cuanto-dura-un-caso-de-lesiones-personales\/#breadcrumb"},"inLanguage":"es","potentialAction":[{"@type":"ReadAction","target":["https:\/\/dlslawfirm.com\/es\/preguntas-frecuentes\/cuanto-dura-un-caso-de-lesiones-personales\/"]}]},{"@type":"ImageObject","inLanguage":"es","@id":"https:\/\/dlslawfirm.com\/es\/preguntas-frecuentes\/cuanto-dura-un-caso-de-lesiones-personales\/#primaryimage","url":"https:\/\/dlslawfirm.com\/es\/wp-content\/uploads\/sites\/2\/2022\/04\/clock.jpg","contentUrl":"https:\/\/dlslawfirm.com\/es\/wp-content\/uploads\/sites\/2\/2022\/04\/clock.jpg","width":1600,"height":654,"caption":"clock on desk"},{"@type":"BreadcrumbList","@id":"https:\/\/dlslawfirm.com\/es\/preguntas-frecuentes\/cuanto-dura-un-caso-de-lesiones-personales\/#breadcrumb","itemListElement":[{"@type":"ListItem","position":1,"name":"Home","item":"https:\/\/dlslawfirm.com\/es\/"},{"@type":"ListItem","position":2,"name":"PREGUNTAS FRECUENTES","item":"https:\/\/dlslawfirm.com\/es\/preguntas-frecuentes\/"},{"@type":"ListItem","position":3,"name":"\u00bfCu\u00e1nto dura un caso de lesiones personales?"}]},{"@type":"WebSite","@id":"https:\/\/dlslawfirm.com\/es\/#website","url":"https:\/\/dlslawfirm.com\/es\/","name":"Law Offices of Dianne Sawaya LLC- En Espanol","description":"","potentialAction":[{"@type":"SearchAction","target":{"@type":"EntryPoint","urlTemplate":"https:\/\/dlslawfirm.com\/es\/?s={search_term_string}"},"query-input":{"@type":"PropertyValueSpecification","valueRequired":true,"valueName":"search_term_string"}}],"inLanguage":"es"}]}},"_links":{"self":[{"href":"https:\/\/dlslawfirm.com\/es\/wp-json\/wp\/v2\/pages\/6940","targetHints":{"allow":["GET"]}}],"collection":[{"href":"https:\/\/dlslawfirm.com\/es\/wp-json\/wp\/v2\/pages"}],"about":[{"href":"https:\/\/dlslawfirm.com\/es\/wp-json\/wp\/v2\/types\/page"}],"author":[{"embeddable":true,"href":"https:\/\/dlslawfirm.com\/es\/wp-json\/wp\/v2\/users\/2"}],"replies":[{"embeddable":true,"href":"https:\/\/dlslawfirm.com\/es\/wp-json\/wp\/v2\/comments?post=6940"}],"version-history":[{"count":0,"href":"https:\/\/dlslawfirm.com\/es\/wp-json\/wp\/v2\/pages\/6940\/revisions"}],"up":[{"embeddable":true,"href":"https:\/\/dlslawfirm.com\/es\/wp-json\/wp\/v2\/pages\/7013"}],"wp:featuredmedia":[{"embeddable":true,"href":"https:\/\/dlslawfirm.com\/es\/wp-json\/wp\/v2\/media\/7235"}],"wp:attachment":[{"href":"https:\/\/dlslawfirm.com\/es\/wp-json\/wp\/v2\/media?parent=6940"}],"wp:term":[{"taxonomy":"post_tag","embeddable":true,"href":"https:\/\/dlslawfirm.com\/es\/wp-json\/wp\/v2\/tags?post=6940"}],"curies":[{"name":"wp","href":"https:\/\/api.w.org\/{rel}","templated":true}]}}