{"id":6939,"date":"2016-11-15T17:12:50","date_gmt":"2016-11-15T17:12:50","guid":{"rendered":"https:\/\/dlslawfirm.com\/accidentes-por-conduccion-distraida\/infografia-como-los-mensajes-de-texto-alteran-las-ondas-cerebrales\/"},"modified":"2025-04-28T15:21:00","modified_gmt":"2025-04-28T15:21:00","slug":"infografia-como-los-mensajes-de-texto-alteran-las-ondas-cerebrales","status":"publish","type":"page","link":"https:\/\/dlslawfirm.com\/es\/abogados-de-colorado-especializados-en-lesiones-personales\/abogado-de-accidentes-de-coche-en-denver\/accidentes-por-conduccion-distraida\/infografia-como-los-mensajes-de-texto-alteran-las-ondas-cerebrales\/","title":{"rendered":"Infograf\u00eda: C\u00f3mo los mensajes de texto alteran las ondas cerebrales"},"content":{"rendered":"<div class=\"wp-block-image\">\n<figure class=\"aligncenter size-large\"><img loading=\"lazy\" decoding=\"async\" width=\"346\" height=\"1024\" src=\"https:\/\/dlslawfirm.com\/es\/wp-content\/uploads\/sites\/2\/2016\/11\/Sawaya_TextingAltersBrainWaves_Infographic-1-scaled-1-346x1024.jpg\" alt=\"\" class=\"wp-image-7335\"\/><\/figure>\n<\/div>\n\n\n<p><\/p>\n\n\n\n<p class=\"has-text-align-center\"><a class=\"button\" href=\"\/\/dlslawfirm.com\/contacto-nos\/\">Ponte en contacto con<\/a><\/p>\n\n\n\n<p class=\"has-text-align-center\"><a class=\"button\" href=\"\/\/dlslawfirm.com\/abogados\/\">Conoce a nuestros abogados<\/a><\/p>\n\n\n\n<p class=\"has-text-align-center\"><a class=\"button\" href=\"\/\/dlslawfirm.com\/lesiones-personales\/accidentes-de-coche\/accidentes-de-conduccion-distraida\/\">Volver a Conducci\u00f3n distra\u00edda<\/a> | <a class=\"button\" href=\"\/\/dlslawfirm.com\/?s=distracted+driving\">Otros art\u00edculos relacionados<\/a><\/p>\n","protected":false},"excerpt":{"rendered":"<p>Ponte en contacto con Conoce a nuestros abogados Volver a Conducci\u00f3n distra\u00edda | Otros art\u00edculos relacionados<\/p>\n","protected":false},"author":2,"featured_media":0,"parent":6926,"menu_order":70,"comment_status":"closed","ping_status":"closed","template":"","meta":{"_acf_changed":false,"footnotes":""},"tags":[],"class_list":["post-6939","page","type-page","status-publish","hentry"],"acf":[],"yoast_head":"<!-- This site is optimized with the Yoast SEO plugin v27.3 - https:\/\/yoast.com\/product\/yoast-seo-wordpress\/ -->\n<title>Los mensajes de texto alteran las ondas cerebrales | Accidentes por conducci\u00f3n distra\u00edda | Denver, CO<\/title>\n<meta name=\"description\" content=\"Tras un estudio reciente, los cient\u00edficos han demostrado que enviar mensajes de texto y conducir puede ser una distracci\u00f3n a\u00fan m\u00e1s peligrosa de lo que pens\u00e1bamos.\" \/>\n<meta name=\"robots\" content=\"index, follow, max-snippet:-1, max-image-preview:large, max-video-preview:-1\" \/>\n<link rel=\"canonical\" href=\"https:\/\/dlslawfirm.com\/es\/abogados-de-colorado-especializados-en-lesiones-personales\/abogado-de-accidentes-de-coche-en-denver\/accidentes-por-conduccion-distraida\/infografia-como-los-mensajes-de-texto-alteran-las-ondas-cerebrales\/\" \/>\n<meta property=\"og:locale\" content=\"es_MX\" \/>\n<meta property=\"og:type\" content=\"article\" \/>\n<meta property=\"og:title\" content=\"Los mensajes de texto alteran las ondas cerebrales | Accidentes por conducci\u00f3n distra\u00edda | Denver, CO\" \/>\n<meta property=\"og:description\" content=\"Tras un estudio reciente, los cient\u00edficos han demostrado que enviar mensajes de texto y conducir puede ser una distracci\u00f3n a\u00fan m\u00e1s peligrosa de lo que pens\u00e1bamos.\" \/>\n<meta property=\"og:url\" content=\"https:\/\/dlslawfirm.com\/es\/abogados-de-colorado-especializados-en-lesiones-personales\/abogado-de-accidentes-de-coche-en-denver\/accidentes-por-conduccion-distraida\/infografia-como-los-mensajes-de-texto-alteran-las-ondas-cerebrales\/\" \/>\n<meta property=\"og:site_name\" content=\"Law Offices of Dianne Sawaya LLC- En Espanol\" \/>\n<meta property=\"article:modified_time\" content=\"2025-04-28T15:21:00+00:00\" \/>\n<meta property=\"og:image\" content=\"https:\/\/dlslawfirm.com\/es\/wp-content\/uploads\/sites\/2\/2016\/11\/Sawaya_TextingAltersBrainWaves_Infographic-1-scaled-1.jpg\" \/>\n\t<meta property=\"og:image:width\" content=\"540\" \/>\n\t<meta property=\"og:image:height\" content=\"1600\" \/>\n\t<meta property=\"og:image:type\" content=\"image\/jpeg\" \/>\n<meta name=\"twitter:card\" content=\"summary_large_image\" \/>\n<meta name=\"twitter:label1\" content=\"Est. reading time\" \/>\n\t<meta name=\"twitter:data1\" content=\"1 minuto\" \/>\n<script type=\"application\/ld+json\" class=\"yoast-schema-graph\">{\"@context\":\"https:\\\/\\\/schema.org\",\"@graph\":[{\"@type\":\"WebPage\",\"@id\":\"https:\\\/\\\/dlslawfirm.com\\\/es\\\/abogados-de-colorado-especializados-en-lesiones-personales\\\/abogado-de-accidentes-de-coche-en-denver\\\/accidentes-por-conduccion-distraida\\\/infografia-como-los-mensajes-de-texto-alteran-las-ondas-cerebrales\\\/\",\"url\":\"https:\\\/\\\/dlslawfirm.com\\\/es\\\/abogados-de-colorado-especializados-en-lesiones-personales\\\/abogado-de-accidentes-de-coche-en-denver\\\/accidentes-por-conduccion-distraida\\\/infografia-como-los-mensajes-de-texto-alteran-las-ondas-cerebrales\\\/\",\"name\":\"Los mensajes de texto alteran las ondas cerebrales | Accidentes por conducci\u00f3n distra\u00edda | Denver, CO\",\"isPartOf\":{\"@id\":\"https:\\\/\\\/dlslawfirm.com\\\/es\\\/#website\"},\"primaryImageOfPage\":{\"@id\":\"https:\\\/\\\/dlslawfirm.com\\\/es\\\/abogados-de-colorado-especializados-en-lesiones-personales\\\/abogado-de-accidentes-de-coche-en-denver\\\/accidentes-por-conduccion-distraida\\\/infografia-como-los-mensajes-de-texto-alteran-las-ondas-cerebrales\\\/#primaryimage\"},\"image\":{\"@id\":\"https:\\\/\\\/dlslawfirm.com\\\/es\\\/abogados-de-colorado-especializados-en-lesiones-personales\\\/abogado-de-accidentes-de-coche-en-denver\\\/accidentes-por-conduccion-distraida\\\/infografia-como-los-mensajes-de-texto-alteran-las-ondas-cerebrales\\\/#primaryimage\"},\"thumbnailUrl\":\"https:\\\/\\\/dlslawfirm.com\\\/es\\\/wp-content\\\/uploads\\\/sites\\\/2\\\/2016\\\/11\\\/Sawaya_TextingAltersBrainWaves_Infographic-1-scaled-1-346x1024.jpg\",\"datePublished\":\"2016-11-15T17:12:50+00:00\",\"dateModified\":\"2025-04-28T15:21:00+00:00\",\"description\":\"Tras un estudio reciente, los cient\u00edficos han demostrado que enviar mensajes de texto y conducir puede ser una distracci\u00f3n a\u00fan m\u00e1s peligrosa de lo que pens\u00e1bamos.\",\"breadcrumb\":{\"@id\":\"https:\\\/\\\/dlslawfirm.com\\\/es\\\/abogados-de-colorado-especializados-en-lesiones-personales\\\/abogado-de-accidentes-de-coche-en-denver\\\/accidentes-por-conduccion-distraida\\\/infografia-como-los-mensajes-de-texto-alteran-las-ondas-cerebrales\\\/#breadcrumb\"},\"inLanguage\":\"es\",\"potentialAction\":[{\"@type\":\"ReadAction\",\"target\":[\"https:\\\/\\\/dlslawfirm.com\\\/es\\\/abogados-de-colorado-especializados-en-lesiones-personales\\\/abogado-de-accidentes-de-coche-en-denver\\\/accidentes-por-conduccion-distraida\\\/infografia-como-los-mensajes-de-texto-alteran-las-ondas-cerebrales\\\/\"]}]},{\"@type\":\"ImageObject\",\"inLanguage\":\"es\",\"@id\":\"https:\\\/\\\/dlslawfirm.com\\\/es\\\/abogados-de-colorado-especializados-en-lesiones-personales\\\/abogado-de-accidentes-de-coche-en-denver\\\/accidentes-por-conduccion-distraida\\\/infografia-como-los-mensajes-de-texto-alteran-las-ondas-cerebrales\\\/#primaryimage\",\"url\":\"https:\\\/\\\/dlslawfirm.com\\\/es\\\/wp-content\\\/uploads\\\/sites\\\/2\\\/2016\\\/11\\\/Sawaya_TextingAltersBrainWaves_Infographic-1-scaled-1.jpg\",\"contentUrl\":\"https:\\\/\\\/dlslawfirm.com\\\/es\\\/wp-content\\\/uploads\\\/sites\\\/2\\\/2016\\\/11\\\/Sawaya_TextingAltersBrainWaves_Infographic-1-scaled-1.jpg\",\"width\":540,\"height\":1600},{\"@type\":\"BreadcrumbList\",\"@id\":\"https:\\\/\\\/dlslawfirm.com\\\/es\\\/abogados-de-colorado-especializados-en-lesiones-personales\\\/abogado-de-accidentes-de-coche-en-denver\\\/accidentes-por-conduccion-distraida\\\/infografia-como-los-mensajes-de-texto-alteran-las-ondas-cerebrales\\\/#breadcrumb\",\"itemListElement\":[{\"@type\":\"ListItem\",\"position\":1,\"name\":\"Home\",\"item\":\"https:\\\/\\\/dlslawfirm.com\\\/es\\\/\"},{\"@type\":\"ListItem\",\"position\":2,\"name\":\"Abogados de Colorado especializados en lesiones personales\",\"item\":\"https:\\\/\\\/dlslawfirm.com\\\/es\\\/abogados-de-colorado-especializados-en-lesiones-personales\\\/\"},{\"@type\":\"ListItem\",\"position\":3,\"name\":\"Abogado de accidentes de coche en Denver\",\"item\":\"https:\\\/\\\/dlslawfirm.com\\\/es\\\/abogados-de-colorado-especializados-en-lesiones-personales\\\/abogado-de-accidentes-de-coche-en-denver\\\/\"},{\"@type\":\"ListItem\",\"position\":4,\"name\":\"Accidentes por conducci\u00f3n distra\u00edda\",\"item\":\"https:\\\/\\\/dlslawfirm.com\\\/es\\\/abogados-de-colorado-especializados-en-lesiones-personales\\\/abogado-de-accidentes-de-coche-en-denver\\\/accidentes-por-conduccion-distraida\\\/\"},{\"@type\":\"ListItem\",\"position\":5,\"name\":\"Infograf\u00eda: C\u00f3mo los mensajes de texto alteran las ondas cerebrales\"}]},{\"@type\":\"WebSite\",\"@id\":\"https:\\\/\\\/dlslawfirm.com\\\/es\\\/#website\",\"url\":\"https:\\\/\\\/dlslawfirm.com\\\/es\\\/\",\"name\":\"Law Offices of Dianne Sawaya LLC- En Espanol\",\"description\":\"\",\"potentialAction\":[{\"@type\":\"SearchAction\",\"target\":{\"@type\":\"EntryPoint\",\"urlTemplate\":\"https:\\\/\\\/dlslawfirm.com\\\/es\\\/?s={search_term_string}\"},\"query-input\":{\"@type\":\"PropertyValueSpecification\",\"valueRequired\":true,\"valueName\":\"search_term_string\"}}],\"inLanguage\":\"es\"}]}<\/script>\n<!-- \/ Yoast SEO plugin. -->","yoast_head_json":{"title":"Los mensajes de texto alteran las ondas cerebrales | Accidentes por conducci\u00f3n distra\u00edda | Denver, CO","description":"Tras un estudio reciente, los cient\u00edficos han demostrado que enviar mensajes de texto y conducir puede ser una distracci\u00f3n a\u00fan m\u00e1s peligrosa de lo que pens\u00e1bamos.","robots":{"index":"index","follow":"follow","max-snippet":"max-snippet:-1","max-image-preview":"max-image-preview:large","max-video-preview":"max-video-preview:-1"},"canonical":"https:\/\/dlslawfirm.com\/es\/abogados-de-colorado-especializados-en-lesiones-personales\/abogado-de-accidentes-de-coche-en-denver\/accidentes-por-conduccion-distraida\/infografia-como-los-mensajes-de-texto-alteran-las-ondas-cerebrales\/","og_locale":"es_MX","og_type":"article","og_title":"Los mensajes de texto alteran las ondas cerebrales | Accidentes por conducci\u00f3n distra\u00edda | Denver, CO","og_description":"Tras un estudio reciente, los cient\u00edficos han demostrado que enviar mensajes de texto y conducir puede ser una distracci\u00f3n a\u00fan m\u00e1s peligrosa de lo que pens\u00e1bamos.","og_url":"https:\/\/dlslawfirm.com\/es\/abogados-de-colorado-especializados-en-lesiones-personales\/abogado-de-accidentes-de-coche-en-denver\/accidentes-por-conduccion-distraida\/infografia-como-los-mensajes-de-texto-alteran-las-ondas-cerebrales\/","og_site_name":"Law Offices of Dianne Sawaya LLC- En Espanol","article_modified_time":"2025-04-28T15:21:00+00:00","og_image":[{"width":540,"height":1600,"url":"https:\/\/dlslawfirm.com\/es\/wp-content\/uploads\/sites\/2\/2016\/11\/Sawaya_TextingAltersBrainWaves_Infographic-1-scaled-1.jpg","type":"image\/jpeg"}],"twitter_card":"summary_large_image","twitter_misc":{"Est. reading time":"1 minuto"},"schema":{"@context":"https:\/\/schema.org","@graph":[{"@type":"WebPage","@id":"https:\/\/dlslawfirm.com\/es\/abogados-de-colorado-especializados-en-lesiones-personales\/abogado-de-accidentes-de-coche-en-denver\/accidentes-por-conduccion-distraida\/infografia-como-los-mensajes-de-texto-alteran-las-ondas-cerebrales\/","url":"https:\/\/dlslawfirm.com\/es\/abogados-de-colorado-especializados-en-lesiones-personales\/abogado-de-accidentes-de-coche-en-denver\/accidentes-por-conduccion-distraida\/infografia-como-los-mensajes-de-texto-alteran-las-ondas-cerebrales\/","name":"Los mensajes de texto alteran las ondas cerebrales | Accidentes por conducci\u00f3n distra\u00edda | Denver, CO","isPartOf":{"@id":"https:\/\/dlslawfirm.com\/es\/#website"},"primaryImageOfPage":{"@id":"https:\/\/dlslawfirm.com\/es\/abogados-de-colorado-especializados-en-lesiones-personales\/abogado-de-accidentes-de-coche-en-denver\/accidentes-por-conduccion-distraida\/infografia-como-los-mensajes-de-texto-alteran-las-ondas-cerebrales\/#primaryimage"},"image":{"@id":"https:\/\/dlslawfirm.com\/es\/abogados-de-colorado-especializados-en-lesiones-personales\/abogado-de-accidentes-de-coche-en-denver\/accidentes-por-conduccion-distraida\/infografia-como-los-mensajes-de-texto-alteran-las-ondas-cerebrales\/#primaryimage"},"thumbnailUrl":"https:\/\/dlslawfirm.com\/es\/wp-content\/uploads\/sites\/2\/2016\/11\/Sawaya_TextingAltersBrainWaves_Infographic-1-scaled-1-346x1024.jpg","datePublished":"2016-11-15T17:12:50+00:00","dateModified":"2025-04-28T15:21:00+00:00","description":"Tras un estudio reciente, los cient\u00edficos han demostrado que enviar mensajes de texto y conducir puede ser una distracci\u00f3n a\u00fan m\u00e1s peligrosa de lo que pens\u00e1bamos.","breadcrumb":{"@id":"https:\/\/dlslawfirm.com\/es\/abogados-de-colorado-especializados-en-lesiones-personales\/abogado-de-accidentes-de-coche-en-denver\/accidentes-por-conduccion-distraida\/infografia-como-los-mensajes-de-texto-alteran-las-ondas-cerebrales\/#breadcrumb"},"inLanguage":"es","potentialAction":[{"@type":"ReadAction","target":["https:\/\/dlslawfirm.com\/es\/abogados-de-colorado-especializados-en-lesiones-personales\/abogado-de-accidentes-de-coche-en-denver\/accidentes-por-conduccion-distraida\/infografia-como-los-mensajes-de-texto-alteran-las-ondas-cerebrales\/"]}]},{"@type":"ImageObject","inLanguage":"es","@id":"https:\/\/dlslawfirm.com\/es\/abogados-de-colorado-especializados-en-lesiones-personales\/abogado-de-accidentes-de-coche-en-denver\/accidentes-por-conduccion-distraida\/infografia-como-los-mensajes-de-texto-alteran-las-ondas-cerebrales\/#primaryimage","url":"https:\/\/dlslawfirm.com\/es\/wp-content\/uploads\/sites\/2\/2016\/11\/Sawaya_TextingAltersBrainWaves_Infographic-1-scaled-1.jpg","contentUrl":"https:\/\/dlslawfirm.com\/es\/wp-content\/uploads\/sites\/2\/2016\/11\/Sawaya_TextingAltersBrainWaves_Infographic-1-scaled-1.jpg","width":540,"height":1600},{"@type":"BreadcrumbList","@id":"https:\/\/dlslawfirm.com\/es\/abogados-de-colorado-especializados-en-lesiones-personales\/abogado-de-accidentes-de-coche-en-denver\/accidentes-por-conduccion-distraida\/infografia-como-los-mensajes-de-texto-alteran-las-ondas-cerebrales\/#breadcrumb","itemListElement":[{"@type":"ListItem","position":1,"name":"Home","item":"https:\/\/dlslawfirm.com\/es\/"},{"@type":"ListItem","position":2,"name":"Abogados de Colorado especializados en lesiones personales","item":"https:\/\/dlslawfirm.com\/es\/abogados-de-colorado-especializados-en-lesiones-personales\/"},{"@type":"ListItem","position":3,"name":"Abogado de accidentes de coche en Denver","item":"https:\/\/dlslawfirm.com\/es\/abogados-de-colorado-especializados-en-lesiones-personales\/abogado-de-accidentes-de-coche-en-denver\/"},{"@type":"ListItem","position":4,"name":"Accidentes por conducci\u00f3n distra\u00edda","item":"https:\/\/dlslawfirm.com\/es\/abogados-de-colorado-especializados-en-lesiones-personales\/abogado-de-accidentes-de-coche-en-denver\/accidentes-por-conduccion-distraida\/"},{"@type":"ListItem","position":5,"name":"Infograf\u00eda: C\u00f3mo los mensajes de texto alteran las ondas cerebrales"}]},{"@type":"WebSite","@id":"https:\/\/dlslawfirm.com\/es\/#website","url":"https:\/\/dlslawfirm.com\/es\/","name":"Law Offices of Dianne Sawaya LLC- En Espanol","description":"","potentialAction":[{"@type":"SearchAction","target":{"@type":"EntryPoint","urlTemplate":"https:\/\/dlslawfirm.com\/es\/?s={search_term_string}"},"query-input":{"@type":"PropertyValueSpecification","valueRequired":true,"valueName":"search_term_string"}}],"inLanguage":"es"}]}},"_links":{"self":[{"href":"https:\/\/dlslawfirm.com\/es\/wp-json\/wp\/v2\/pages\/6939","targetHints":{"allow":["GET"]}}],"collection":[{"href":"https:\/\/dlslawfirm.com\/es\/wp-json\/wp\/v2\/pages"}],"about":[{"href":"https:\/\/dlslawfirm.com\/es\/wp-json\/wp\/v2\/types\/page"}],"author":[{"embeddable":true,"href":"https:\/\/dlslawfirm.com\/es\/wp-json\/wp\/v2\/users\/2"}],"replies":[{"embeddable":true,"href":"https:\/\/dlslawfirm.com\/es\/wp-json\/wp\/v2\/comments?post=6939"}],"version-history":[{"count":0,"href":"https:\/\/dlslawfirm.com\/es\/wp-json\/wp\/v2\/pages\/6939\/revisions"}],"up":[{"embeddable":true,"href":"https:\/\/dlslawfirm.com\/es\/wp-json\/wp\/v2\/pages\/6926"}],"wp:attachment":[{"href":"https:\/\/dlslawfirm.com\/es\/wp-json\/wp\/v2\/media?parent=6939"}],"wp:term":[{"taxonomy":"post_tag","embeddable":true,"href":"https:\/\/dlslawfirm.com\/es\/wp-json\/wp\/v2\/tags?post=6939"}],"curies":[{"name":"wp","href":"https:\/\/api.w.org\/{rel}","templated":true}]}}