{"id":6938,"date":"2016-12-28T19:34:33","date_gmt":"2016-12-28T19:34:33","guid":{"rendered":"https:\/\/dlslawfirm.com\/mitos-sobre-la-conduccion-fatigada\/"},"modified":"2016-12-28T19:34:33","modified_gmt":"2016-12-28T19:34:33","slug":"mitos-sobre-la-conduccion-fatigada","status":"publish","type":"page","link":"https:\/\/dlslawfirm.com\/es\/abogados-de-colorado-especializados-en-lesiones-personales\/abogado-de-accidentes-de-coche-en-denver\/mitos-sobre-la-conduccion-fatigada\/","title":{"rendered":"Mitos sobre la conducci\u00f3n fatigada"},"content":{"rendered":"<p><img loading=\"lazy\" decoding=\"async\" class=\"aligncenter wp-image-3154 size-full\" src=\"\/\/dlslawfirm.com\/wp-content\/uploads\/2017\/01\/30271749735_0615623d38.jpg\" alt=\"Conductor cansado\" width=\"500\" height=\"333\"><\/p>\n<p>La conducci\u00f3n <a href=\"\/\/dlslawfirm.com\/lesiones-personales\/accidente-de-conduccion-en-borrachera-abogado\/\">bajo los efectos del alcohol<\/a> y la <a href=\"\/\/dlslawfirm.com\/lesiones-personales\/accidentes-de-coche\/accidentes-de-conduccion-distraida\/\">conducci\u00f3n distra\u00edda<\/a> acaparan toda la atenci\u00f3n, pero la conducci\u00f3n somnolienta suele ser igual de mortal. De hecho, los conductores fatigados causaron casi 850 muertes en todo el pa\u00eds en 2014, seg\u00fan las estad\u00edsticas recopiladas por la <a href=\"http:\/\/www.nhtsa.gov\/Driving-Safety\/Drowsy-Driving\/scope%E2%80%93of%E2%80%93the%E2%80%93problem\" target=\"_blank\" rel=\"noopener\">Administraci\u00f3n Nacional de Seguridad del Tr\u00e1fico en Carretera<\/a><a href=\"http:\/\/www.nhtsa.gov\/Driving-Safety\/Drowsy-Driving\/scope%E2%80%93of%E2%80%93the%E2%80%93problem\" target=\"_blank\" rel=\"noopener\">(NHTSA<\/a>). Un <a href=\"https:\/\/www.hsph.harvard.edu\/news\/press-releases\/truck-drivers-sleep-disorders-crashes\/\" target=\"_blank\" rel=\"noopener\">estudio<\/a> reciente de la Universidad de Harvard descubri\u00f3 que los camioneros y otros conductores comerciales corren un riesgo especialmente elevado, ya que cerca del 20% de los accidentes est\u00e1n relacionados con la fatiga del conductor.<\/p>\n<p>Y puede que esto ni siquiera sea toda la historia, seg\u00fan la <a href=\"http:\/\/drowsydriving.org\/about\/facts-and-stats\/\" target=\"_blank\" rel=\"noopener\">Fundaci\u00f3n Nacional del Sue\u00f1o<\/a>. Cuando un conductor fatigado sufre lesiones incapacitantes, a menudo es dif\u00edcil determinar si se despist\u00f3 al volante. Del mismo modo, los conductores rara vez admiten sentirse somnolientos despu\u00e9s de provocar un accidente grave.<\/p>\n<p>Uno de los motivos por los que muchos automovilistas no se toman en serio el riesgo de conducir con somnolencia es que hay una serie de mitos comunes sobre el tema, y la mayor\u00eda de ellos restan importancia al peligro. Algunos de estos mitos son<\/p>\n<h2>1. Fatigado significa somnoliento<\/h2>\n<p>Muchos conductores creen err\u00f3neamente que no pueden estar fatigados a menos que sientan sue\u00f1o. La fatiga aparece lentamente, y en el momento en que bostezas, te despistas o te quedas dormido al volante, has perdido la capacidad de utilizar tu mejor juicio y conducir con seguridad.<\/p>\n<p>Los primeros signos de fatiga incluyen tiempos de reacci\u00f3n lentos, mala toma de decisiones y dificultad para recordar direcciones, o saltarse salidas que tomas habitualmente. Si presentas alguno de estos s\u00edntomas, debes salir de la carretera lo antes posible para evitar los riesgos de la conducci\u00f3n fatigada.<\/p>\n<h2>2. Puedes aprovisionarte de descanso de antemano<\/h2>\n<p>La gente tiende a pensar que puede abastecerse de descanso y recuperar el sue\u00f1o m\u00e1s tarde. Sin embargo, el cuerpo no funciona as\u00ed.<\/p>\n<p>Aunque es vital descansar bien la noche anterior a un viaje, la regularidad de tu patr\u00f3n de sue\u00f1o es en realidad m\u00e1s importante. Debes asegurarte de dormir al menos ocho horas durante varias noches seguidas antes de tu viaje.<\/p>\n<p>Esto puede ser dif\u00edcil para quienes trabajan por turnos, tienen beb\u00e9s peque\u00f1os en casa o tienen otros problemas de horario. Adem\u00e1s, la apnea del sue\u00f1o y otros trastornos del sue\u00f1o suelen dificultar un sue\u00f1o constante.<\/p>\n<h2>3. La conducci\u00f3n fatigada es un problema nocturno<\/h2>\n<p>No es un mito que las colisiones por conducci\u00f3n fatigada sean m\u00e1s frecuentes entre medianoche y las 6 de la ma\u00f1ana. Sin embargo, la fatiga del conductor no es algo de lo que s\u00f3lo debas preocuparte al anochecer.<\/p>\n<p>Otra bajada del estado de alerta es frecuente a media tarde, entre las 14 y las 16 horas. Si conduces durante este tiempo, puedes plantearte parar a tomar un tentempi\u00e9 o simplemente hacer un descanso para estirar las piernas. Por supuesto, los accidentes por conducci\u00f3n fatigada pueden producirse en cualquier momento, por lo que siempre es importante que seas consciente de tu nivel de alerta.<\/p>\n<h2>4. Los j\u00f3venes pueden salir adelante<\/h2>\n<p>Muchos j\u00f3venes ven la conducci\u00f3n fatigada como algo que s\u00f3lo les ocurre a los conductores mayores. Sin embargo, los adolescentes y los adultos j\u00f3venes tienen en realidad un mayor riesgo de sufrir accidentes por conducci\u00f3n somnolienta. Sus h\u00e1bitos sociales -que a menudo implican trasnochar- tienen parte de culpa.<\/p>\n<p>Sin embargo, los adolescentes tambi\u00e9n suelen necesitar dormir m\u00e1s que los adultos, ya que sus cuerpos a\u00fan se est\u00e1n desarrollando. Esta combinaci\u00f3n de factores de riesgo hace que los j\u00f3venes sean extremadamente susceptibles de conducir fatigados.<\/p>\n<h2>5. Conducir mientras tomas medicamentos recetados est\u00e1 bien<\/h2>\n<p>El hecho de que un m\u00e9dico prescriba un medicamento no significa que sea seguro conducir mientras se toma. Muchos medicamentos de venta con y sin receta pueden causar somnolencia, por lo que conducir bajo su efecto es extremadamente peligroso.<\/p>\n<p>Lee siempre todas las advertencias sobre los posibles efectos secundarios de cualquier medicamento. Si tu m\u00e9dico te receta un medicamento con este tipo de advertencia, puede que tengas que organizar un transporte alternativo.<\/p>\n<h2>\u00bfC\u00f3mo puedo reducir mi riesgo?<\/h2>\n<p>Para evitar accidentes por conducci\u00f3n fatigada, la NHTSA recomienda que tengas un plan por si te fatigas en un viaje por carretera. Planifica paradas regulares a lo largo de tu ruta, e identifica varios hoteles a lo largo del camino donde puedas pasar la noche si es necesario.<\/p>\n<p>Si haces un viaje corto y tu destino est\u00e1 cerca, una taza de caf\u00e9 y una siesta de 20 minutos en el coche pueden ayudarte a mantenerte alerta durante un breve periodo de tiempo.<\/p>\n<h2>Accidentes y responsabilidad por conducci\u00f3n fatigada<\/h2>\n<p>Los conductores fatigados corren un mayor riesgo de provocar un accidente, gracias a un tiempo de reacci\u00f3n m\u00e1s lento y a una menor capacidad para tomar decisiones. Aunque el conductor no supiera que estaba peligrosamente fatigado, se comport\u00f3 con negligencia. Esto significa que es responsable de las lesiones sufridas en el accidente, as\u00ed como de los da\u00f1os materiales que se produzcan.<\/p>\n<p>En la mayor\u00eda de los accidentes de conducci\u00f3n fatigada de Denver, el seguro de autom\u00f3vil del conductor somnoliento paga para cubrir el tratamiento m\u00e9dico, los salarios perdidos y otras p\u00e9rdidas sufridas por las v\u00edctimas.<\/p>\n<h2>Llama al bufete de Dianne Sawaya, LLC para que te ayuden tras un accidente en Denver<\/h2>\n<p>Si has sufrido lesiones en un accidente por conducci\u00f3n fatigada en Denver, tener de tu lado a un abogado experto en accidentes de tr\u00e1fico es clave para obtener la indemnizaci\u00f3n que mereces.<\/p>\n<p>Los <a href=\"\/\/dlslawfirm.com\/abogados\/\">abogados<\/a> del <a href=\"\/\/dlslawfirm.com\/contacto-nos\/\">bufete de Dianne Sawaya, LLC<\/a>, pueden ayudarte a resolver tus opciones legales y proporcionarte una representaci\u00f3n inteligente, agresiva y compasiva. <a href=\"\/\/dlslawfirm.com\/contacto-nos\/\">Ll\u00e1manos<\/a> hoy al 303-758-4777 para empezar<\/p>\n","protected":false},"excerpt":{"rendered":"<p>La conducci\u00f3n bajo los efectos del alcohol y la conducci\u00f3n distra\u00edda acaparan toda la atenci\u00f3n, pero la conducci\u00f3n somnolienta suele ser igual de mortal. De hecho, los conductores fatigados causaron casi 850 muertes en todo el pa\u00eds en 2014, seg\u00fan las estad\u00edsticas recopiladas por la Administraci\u00f3n Nacional de Seguridad del Tr\u00e1fico en Carretera(NHTSA). Un estudio&#8230;<\/p>\n","protected":false},"author":2,"featured_media":0,"parent":7038,"menu_order":69,"comment_status":"closed","ping_status":"closed","template":"","meta":{"_acf_changed":false,"footnotes":""},"tags":[],"class_list":["post-6938","page","type-page","status-publish","hentry"],"acf":[],"yoast_head":"<!-- This site is optimized with the Yoast SEO plugin v27.4 - https:\/\/yoast.com\/product\/yoast-seo-wordpress\/ -->\n<title>Lesiones por conducir fatigado | Abogados de accidentes de tr\u00e1fico en Denver, CO<\/title>\n<meta name=\"description\" content=\"La conducci\u00f3n fatigada ocurre todos los d\u00edas en Denver, CO. Conoce los mitos asociados a ella de la mano de nuestros abogados especialistas en accidentes de tr\u00e1fico.\" \/>\n<meta name=\"robots\" content=\"index, follow, max-snippet:-1, max-image-preview:large, max-video-preview:-1\" \/>\n<link rel=\"canonical\" href=\"https:\/\/dlslawfirm.com\/es\/abogados-de-colorado-especializados-en-lesiones-personales\/abogado-de-accidentes-de-coche-en-denver\/mitos-sobre-la-conduccion-fatigada\/\" \/>\n<meta property=\"og:locale\" content=\"es_MX\" \/>\n<meta property=\"og:type\" content=\"article\" \/>\n<meta property=\"og:title\" content=\"Lesiones por conducir fatigado | Abogados de accidentes de tr\u00e1fico en Denver, CO\" \/>\n<meta property=\"og:description\" content=\"La conducci\u00f3n fatigada ocurre todos los d\u00edas en Denver, CO. Conoce los mitos asociados a ella de la mano de nuestros abogados especialistas en accidentes de tr\u00e1fico.\" \/>\n<meta property=\"og:url\" content=\"https:\/\/dlslawfirm.com\/es\/abogados-de-colorado-especializados-en-lesiones-personales\/abogado-de-accidentes-de-coche-en-denver\/mitos-sobre-la-conduccion-fatigada\/\" \/>\n<meta property=\"og:site_name\" content=\"Law Offices of Dianne Sawaya LLC- En Espanol\" \/>\n<meta name=\"twitter:card\" content=\"summary_large_image\" \/>\n<meta name=\"twitter:label1\" content=\"Est. reading time\" \/>\n\t<meta name=\"twitter:data1\" content=\"5 minutos\" \/>\n<script type=\"application\/ld+json\" class=\"yoast-schema-graph\">{\"@context\":\"https:\\\/\\\/schema.org\",\"@graph\":[{\"@type\":\"WebPage\",\"@id\":\"https:\\\/\\\/dlslawfirm.com\\\/es\\\/abogados-de-colorado-especializados-en-lesiones-personales\\\/abogado-de-accidentes-de-coche-en-denver\\\/mitos-sobre-la-conduccion-fatigada\\\/\",\"url\":\"https:\\\/\\\/dlslawfirm.com\\\/es\\\/abogados-de-colorado-especializados-en-lesiones-personales\\\/abogado-de-accidentes-de-coche-en-denver\\\/mitos-sobre-la-conduccion-fatigada\\\/\",\"name\":\"Lesiones por conducir fatigado | Abogados de accidentes de tr\u00e1fico en Denver, CO\",\"isPartOf\":{\"@id\":\"https:\\\/\\\/dlslawfirm.com\\\/es\\\/#website\"},\"datePublished\":\"2016-12-28T19:34:33+00:00\",\"description\":\"La conducci\u00f3n fatigada ocurre todos los d\u00edas en Denver, CO. Conoce los mitos asociados a ella de la mano de nuestros abogados especialistas en accidentes de tr\u00e1fico.\",\"breadcrumb\":{\"@id\":\"https:\\\/\\\/dlslawfirm.com\\\/es\\\/abogados-de-colorado-especializados-en-lesiones-personales\\\/abogado-de-accidentes-de-coche-en-denver\\\/mitos-sobre-la-conduccion-fatigada\\\/#breadcrumb\"},\"inLanguage\":\"es\",\"potentialAction\":[{\"@type\":\"ReadAction\",\"target\":[\"https:\\\/\\\/dlslawfirm.com\\\/es\\\/abogados-de-colorado-especializados-en-lesiones-personales\\\/abogado-de-accidentes-de-coche-en-denver\\\/mitos-sobre-la-conduccion-fatigada\\\/\"]}]},{\"@type\":\"BreadcrumbList\",\"@id\":\"https:\\\/\\\/dlslawfirm.com\\\/es\\\/abogados-de-colorado-especializados-en-lesiones-personales\\\/abogado-de-accidentes-de-coche-en-denver\\\/mitos-sobre-la-conduccion-fatigada\\\/#breadcrumb\",\"itemListElement\":[{\"@type\":\"ListItem\",\"position\":1,\"name\":\"Home\",\"item\":\"https:\\\/\\\/dlslawfirm.com\\\/es\\\/\"},{\"@type\":\"ListItem\",\"position\":2,\"name\":\"Abogados de Colorado especializados en lesiones personales\",\"item\":\"https:\\\/\\\/dlslawfirm.com\\\/es\\\/abogados-de-colorado-especializados-en-lesiones-personales\\\/\"},{\"@type\":\"ListItem\",\"position\":3,\"name\":\"Abogado de accidentes de coche en Denver\",\"item\":\"https:\\\/\\\/dlslawfirm.com\\\/es\\\/abogados-de-colorado-especializados-en-lesiones-personales\\\/abogado-de-accidentes-de-coche-en-denver\\\/\"},{\"@type\":\"ListItem\",\"position\":4,\"name\":\"Mitos sobre la conducci\u00f3n fatigada\"}]},{\"@type\":\"WebSite\",\"@id\":\"https:\\\/\\\/dlslawfirm.com\\\/es\\\/#website\",\"url\":\"https:\\\/\\\/dlslawfirm.com\\\/es\\\/\",\"name\":\"Law Offices of Dianne Sawaya LLC- En Espanol\",\"description\":\"\",\"potentialAction\":[{\"@type\":\"SearchAction\",\"target\":{\"@type\":\"EntryPoint\",\"urlTemplate\":\"https:\\\/\\\/dlslawfirm.com\\\/es\\\/?s={search_term_string}\"},\"query-input\":{\"@type\":\"PropertyValueSpecification\",\"valueRequired\":true,\"valueName\":\"search_term_string\"}}],\"inLanguage\":\"es\"}]}<\/script>\n<!-- \/ Yoast SEO plugin. -->","yoast_head_json":{"title":"Lesiones por conducir fatigado | Abogados de accidentes de tr\u00e1fico en Denver, CO","description":"La conducci\u00f3n fatigada ocurre todos los d\u00edas en Denver, CO. Conoce los mitos asociados a ella de la mano de nuestros abogados especialistas en accidentes de tr\u00e1fico.","robots":{"index":"index","follow":"follow","max-snippet":"max-snippet:-1","max-image-preview":"max-image-preview:large","max-video-preview":"max-video-preview:-1"},"canonical":"https:\/\/dlslawfirm.com\/es\/abogados-de-colorado-especializados-en-lesiones-personales\/abogado-de-accidentes-de-coche-en-denver\/mitos-sobre-la-conduccion-fatigada\/","og_locale":"es_MX","og_type":"article","og_title":"Lesiones por conducir fatigado | Abogados de accidentes de tr\u00e1fico en Denver, CO","og_description":"La conducci\u00f3n fatigada ocurre todos los d\u00edas en Denver, CO. Conoce los mitos asociados a ella de la mano de nuestros abogados especialistas en accidentes de tr\u00e1fico.","og_url":"https:\/\/dlslawfirm.com\/es\/abogados-de-colorado-especializados-en-lesiones-personales\/abogado-de-accidentes-de-coche-en-denver\/mitos-sobre-la-conduccion-fatigada\/","og_site_name":"Law Offices of Dianne Sawaya LLC- En Espanol","twitter_card":"summary_large_image","twitter_misc":{"Est. reading time":"5 minutos"},"schema":{"@context":"https:\/\/schema.org","@graph":[{"@type":"WebPage","@id":"https:\/\/dlslawfirm.com\/es\/abogados-de-colorado-especializados-en-lesiones-personales\/abogado-de-accidentes-de-coche-en-denver\/mitos-sobre-la-conduccion-fatigada\/","url":"https:\/\/dlslawfirm.com\/es\/abogados-de-colorado-especializados-en-lesiones-personales\/abogado-de-accidentes-de-coche-en-denver\/mitos-sobre-la-conduccion-fatigada\/","name":"Lesiones por conducir fatigado | Abogados de accidentes de tr\u00e1fico en Denver, CO","isPartOf":{"@id":"https:\/\/dlslawfirm.com\/es\/#website"},"datePublished":"2016-12-28T19:34:33+00:00","description":"La conducci\u00f3n fatigada ocurre todos los d\u00edas en Denver, CO. Conoce los mitos asociados a ella de la mano de nuestros abogados especialistas en accidentes de tr\u00e1fico.","breadcrumb":{"@id":"https:\/\/dlslawfirm.com\/es\/abogados-de-colorado-especializados-en-lesiones-personales\/abogado-de-accidentes-de-coche-en-denver\/mitos-sobre-la-conduccion-fatigada\/#breadcrumb"},"inLanguage":"es","potentialAction":[{"@type":"ReadAction","target":["https:\/\/dlslawfirm.com\/es\/abogados-de-colorado-especializados-en-lesiones-personales\/abogado-de-accidentes-de-coche-en-denver\/mitos-sobre-la-conduccion-fatigada\/"]}]},{"@type":"BreadcrumbList","@id":"https:\/\/dlslawfirm.com\/es\/abogados-de-colorado-especializados-en-lesiones-personales\/abogado-de-accidentes-de-coche-en-denver\/mitos-sobre-la-conduccion-fatigada\/#breadcrumb","itemListElement":[{"@type":"ListItem","position":1,"name":"Home","item":"https:\/\/dlslawfirm.com\/es\/"},{"@type":"ListItem","position":2,"name":"Abogados de Colorado especializados en lesiones personales","item":"https:\/\/dlslawfirm.com\/es\/abogados-de-colorado-especializados-en-lesiones-personales\/"},{"@type":"ListItem","position":3,"name":"Abogado de accidentes de coche en Denver","item":"https:\/\/dlslawfirm.com\/es\/abogados-de-colorado-especializados-en-lesiones-personales\/abogado-de-accidentes-de-coche-en-denver\/"},{"@type":"ListItem","position":4,"name":"Mitos sobre la conducci\u00f3n fatigada"}]},{"@type":"WebSite","@id":"https:\/\/dlslawfirm.com\/es\/#website","url":"https:\/\/dlslawfirm.com\/es\/","name":"Law Offices of Dianne Sawaya LLC- En Espanol","description":"","potentialAction":[{"@type":"SearchAction","target":{"@type":"EntryPoint","urlTemplate":"https:\/\/dlslawfirm.com\/es\/?s={search_term_string}"},"query-input":{"@type":"PropertyValueSpecification","valueRequired":true,"valueName":"search_term_string"}}],"inLanguage":"es"}]}},"_links":{"self":[{"href":"https:\/\/dlslawfirm.com\/es\/wp-json\/wp\/v2\/pages\/6938","targetHints":{"allow":["GET"]}}],"collection":[{"href":"https:\/\/dlslawfirm.com\/es\/wp-json\/wp\/v2\/pages"}],"about":[{"href":"https:\/\/dlslawfirm.com\/es\/wp-json\/wp\/v2\/types\/page"}],"author":[{"embeddable":true,"href":"https:\/\/dlslawfirm.com\/es\/wp-json\/wp\/v2\/users\/2"}],"replies":[{"embeddable":true,"href":"https:\/\/dlslawfirm.com\/es\/wp-json\/wp\/v2\/comments?post=6938"}],"version-history":[{"count":0,"href":"https:\/\/dlslawfirm.com\/es\/wp-json\/wp\/v2\/pages\/6938\/revisions"}],"up":[{"embeddable":true,"href":"https:\/\/dlslawfirm.com\/es\/wp-json\/wp\/v2\/pages\/7038"}],"wp:attachment":[{"href":"https:\/\/dlslawfirm.com\/es\/wp-json\/wp\/v2\/media?parent=6938"}],"wp:term":[{"taxonomy":"post_tag","embeddable":true,"href":"https:\/\/dlslawfirm.com\/es\/wp-json\/wp\/v2\/tags?post=6938"}],"curies":[{"name":"wp","href":"https:\/\/api.w.org\/{rel}","templated":true}]}}