{"id":6937,"date":"2017-01-12T14:31:19","date_gmt":"2017-01-12T14:31:19","guid":{"rendered":"https:\/\/dlslawfirm.com\/accidentes-por-conduccion-distraida\/estadisticas-de-conduccion-distraida\/"},"modified":"2017-01-12T14:31:19","modified_gmt":"2017-01-12T14:31:19","slug":"estadisticas-de-conduccion-distraida","status":"publish","type":"page","link":"https:\/\/dlslawfirm.com\/es\/abogados-de-colorado-especializados-en-lesiones-personales\/abogado-de-accidentes-de-coche-en-denver\/accidentes-por-conduccion-distraida\/estadisticas-de-conduccion-distraida\/","title":{"rendered":"Estad\u00edsticas de conducci\u00f3n distra\u00edda"},"content":{"rendered":"<p><img loading=\"lazy\" decoding=\"async\" class=\"aligncenter size-full wp-image-3162\" src=\"\/\/dlslawfirm.com\/wp-content\/uploads\/2017\/01\/Distracted-Driving-Infographic.jpg\" alt=\"Estad\u00edsticas de conducci\u00f3n distra\u00edda\" width=\"2250\" height=\"8018\"><\/p>\n<p style=\"text-align: center\"><strong>Si has sufrido un accidente de tr\u00e1fico, \u00a1llama hoy mismo!<\/strong><\/p>\n<p style=\"text-align: center\"><a class=\"button\" href=\"\/\/dlslawfirm.com\/contacto-nos\/\">Contacto<\/a> | <a class=\"button\" href=\"\/\/dlslawfirm.com\/abogados\/\">Abogados<\/a><\/p>\n","protected":false},"excerpt":{"rendered":"<p>Si has sufrido un accidente de tr\u00e1fico, \u00a1llama hoy mismo! Contacto | Abogados<\/p>\n","protected":false},"author":2,"featured_media":0,"parent":6926,"menu_order":68,"comment_status":"closed","ping_status":"closed","template":"","meta":{"_acf_changed":false,"footnotes":""},"tags":[],"class_list":["post-6937","page","type-page","status-publish","hentry"],"acf":[],"yoast_head":"<!-- This site is optimized with the Yoast SEO plugin v27.4 - https:\/\/yoast.com\/product\/yoast-seo-wordpress\/ -->\n<title>Estad\u00edsticas de conducci\u00f3n distra\u00edda | Denver, CO | Abogado de accidentes de tr\u00e1fico<\/title>\n<meta name=\"description\" content=\"Conducir distra\u00eddo es extremadamente peligroso. He aqu\u00ed algunas estad\u00edsticas impactantes que te har\u00e1n pens\u00e1rtelo dos veces antes de enviar mensajes de texto y conducir en Denver, Colorado.\" \/>\n<meta name=\"robots\" content=\"index, follow, max-snippet:-1, max-image-preview:large, max-video-preview:-1\" \/>\n<link rel=\"canonical\" href=\"https:\/\/dlslawfirm.com\/es\/abogados-de-colorado-especializados-en-lesiones-personales\/abogado-de-accidentes-de-coche-en-denver\/accidentes-por-conduccion-distraida\/estadisticas-de-conduccion-distraida\/\" \/>\n<meta property=\"og:locale\" content=\"es_MX\" \/>\n<meta property=\"og:type\" content=\"article\" \/>\n<meta property=\"og:title\" content=\"Estad\u00edsticas de conducci\u00f3n distra\u00edda | Denver, CO | Abogado de accidentes de tr\u00e1fico\" \/>\n<meta property=\"og:description\" content=\"Conducir distra\u00eddo es extremadamente peligroso. He aqu\u00ed algunas estad\u00edsticas impactantes que te har\u00e1n pens\u00e1rtelo dos veces antes de enviar mensajes de texto y conducir en Denver, Colorado.\" \/>\n<meta property=\"og:url\" content=\"https:\/\/dlslawfirm.com\/es\/abogados-de-colorado-especializados-en-lesiones-personales\/abogado-de-accidentes-de-coche-en-denver\/accidentes-por-conduccion-distraida\/estadisticas-de-conduccion-distraida\/\" \/>\n<meta property=\"og:site_name\" content=\"Law Offices of Dianne Sawaya LLC- En Espanol\" \/>\n<meta name=\"twitter:card\" content=\"summary_large_image\" \/>\n<script type=\"application\/ld+json\" class=\"yoast-schema-graph\">{\"@context\":\"https:\\\/\\\/schema.org\",\"@graph\":[{\"@type\":\"WebPage\",\"@id\":\"https:\\\/\\\/dlslawfirm.com\\\/es\\\/abogados-de-colorado-especializados-en-lesiones-personales\\\/abogado-de-accidentes-de-coche-en-denver\\\/accidentes-por-conduccion-distraida\\\/estadisticas-de-conduccion-distraida\\\/\",\"url\":\"https:\\\/\\\/dlslawfirm.com\\\/es\\\/abogados-de-colorado-especializados-en-lesiones-personales\\\/abogado-de-accidentes-de-coche-en-denver\\\/accidentes-por-conduccion-distraida\\\/estadisticas-de-conduccion-distraida\\\/\",\"name\":\"Estad\u00edsticas de conducci\u00f3n distra\u00edda | Denver, CO | Abogado de accidentes de tr\u00e1fico\",\"isPartOf\":{\"@id\":\"https:\\\/\\\/dlslawfirm.com\\\/es\\\/#website\"},\"datePublished\":\"2017-01-12T14:31:19+00:00\",\"description\":\"Conducir distra\u00eddo es extremadamente peligroso. He aqu\u00ed algunas estad\u00edsticas impactantes que te har\u00e1n pens\u00e1rtelo dos veces antes de enviar mensajes de texto y conducir en Denver, Colorado.\",\"breadcrumb\":{\"@id\":\"https:\\\/\\\/dlslawfirm.com\\\/es\\\/abogados-de-colorado-especializados-en-lesiones-personales\\\/abogado-de-accidentes-de-coche-en-denver\\\/accidentes-por-conduccion-distraida\\\/estadisticas-de-conduccion-distraida\\\/#breadcrumb\"},\"inLanguage\":\"es\",\"potentialAction\":[{\"@type\":\"ReadAction\",\"target\":[\"https:\\\/\\\/dlslawfirm.com\\\/es\\\/abogados-de-colorado-especializados-en-lesiones-personales\\\/abogado-de-accidentes-de-coche-en-denver\\\/accidentes-por-conduccion-distraida\\\/estadisticas-de-conduccion-distraida\\\/\"]}]},{\"@type\":\"BreadcrumbList\",\"@id\":\"https:\\\/\\\/dlslawfirm.com\\\/es\\\/abogados-de-colorado-especializados-en-lesiones-personales\\\/abogado-de-accidentes-de-coche-en-denver\\\/accidentes-por-conduccion-distraida\\\/estadisticas-de-conduccion-distraida\\\/#breadcrumb\",\"itemListElement\":[{\"@type\":\"ListItem\",\"position\":1,\"name\":\"Home\",\"item\":\"https:\\\/\\\/dlslawfirm.com\\\/es\\\/\"},{\"@type\":\"ListItem\",\"position\":2,\"name\":\"Abogados de Colorado especializados en lesiones personales\",\"item\":\"https:\\\/\\\/dlslawfirm.com\\\/es\\\/abogados-de-colorado-especializados-en-lesiones-personales\\\/\"},{\"@type\":\"ListItem\",\"position\":3,\"name\":\"Abogado de accidentes de coche en Denver\",\"item\":\"https:\\\/\\\/dlslawfirm.com\\\/es\\\/abogados-de-colorado-especializados-en-lesiones-personales\\\/abogado-de-accidentes-de-coche-en-denver\\\/\"},{\"@type\":\"ListItem\",\"position\":4,\"name\":\"Accidentes por conducci\u00f3n distra\u00edda\",\"item\":\"https:\\\/\\\/dlslawfirm.com\\\/es\\\/abogados-de-colorado-especializados-en-lesiones-personales\\\/abogado-de-accidentes-de-coche-en-denver\\\/accidentes-por-conduccion-distraida\\\/\"},{\"@type\":\"ListItem\",\"position\":5,\"name\":\"Estad\u00edsticas de conducci\u00f3n distra\u00edda\"}]},{\"@type\":\"WebSite\",\"@id\":\"https:\\\/\\\/dlslawfirm.com\\\/es\\\/#website\",\"url\":\"https:\\\/\\\/dlslawfirm.com\\\/es\\\/\",\"name\":\"Law Offices of Dianne Sawaya LLC- En Espanol\",\"description\":\"\",\"potentialAction\":[{\"@type\":\"SearchAction\",\"target\":{\"@type\":\"EntryPoint\",\"urlTemplate\":\"https:\\\/\\\/dlslawfirm.com\\\/es\\\/?s={search_term_string}\"},\"query-input\":{\"@type\":\"PropertyValueSpecification\",\"valueRequired\":true,\"valueName\":\"search_term_string\"}}],\"inLanguage\":\"es\"}]}<\/script>\n<!-- \/ Yoast SEO plugin. -->","yoast_head_json":{"title":"Estad\u00edsticas de conducci\u00f3n distra\u00edda | Denver, CO | Abogado de accidentes de tr\u00e1fico","description":"Conducir distra\u00eddo es extremadamente peligroso. He aqu\u00ed algunas estad\u00edsticas impactantes que te har\u00e1n pens\u00e1rtelo dos veces antes de enviar mensajes de texto y conducir en Denver, Colorado.","robots":{"index":"index","follow":"follow","max-snippet":"max-snippet:-1","max-image-preview":"max-image-preview:large","max-video-preview":"max-video-preview:-1"},"canonical":"https:\/\/dlslawfirm.com\/es\/abogados-de-colorado-especializados-en-lesiones-personales\/abogado-de-accidentes-de-coche-en-denver\/accidentes-por-conduccion-distraida\/estadisticas-de-conduccion-distraida\/","og_locale":"es_MX","og_type":"article","og_title":"Estad\u00edsticas de conducci\u00f3n distra\u00edda | Denver, CO | Abogado de accidentes de tr\u00e1fico","og_description":"Conducir distra\u00eddo es extremadamente peligroso. He aqu\u00ed algunas estad\u00edsticas impactantes que te har\u00e1n pens\u00e1rtelo dos veces antes de enviar mensajes de texto y conducir en Denver, Colorado.","og_url":"https:\/\/dlslawfirm.com\/es\/abogados-de-colorado-especializados-en-lesiones-personales\/abogado-de-accidentes-de-coche-en-denver\/accidentes-por-conduccion-distraida\/estadisticas-de-conduccion-distraida\/","og_site_name":"Law Offices of Dianne Sawaya LLC- En Espanol","twitter_card":"summary_large_image","schema":{"@context":"https:\/\/schema.org","@graph":[{"@type":"WebPage","@id":"https:\/\/dlslawfirm.com\/es\/abogados-de-colorado-especializados-en-lesiones-personales\/abogado-de-accidentes-de-coche-en-denver\/accidentes-por-conduccion-distraida\/estadisticas-de-conduccion-distraida\/","url":"https:\/\/dlslawfirm.com\/es\/abogados-de-colorado-especializados-en-lesiones-personales\/abogado-de-accidentes-de-coche-en-denver\/accidentes-por-conduccion-distraida\/estadisticas-de-conduccion-distraida\/","name":"Estad\u00edsticas de conducci\u00f3n distra\u00edda | Denver, CO | Abogado de accidentes de tr\u00e1fico","isPartOf":{"@id":"https:\/\/dlslawfirm.com\/es\/#website"},"datePublished":"2017-01-12T14:31:19+00:00","description":"Conducir distra\u00eddo es extremadamente peligroso. He aqu\u00ed algunas estad\u00edsticas impactantes que te har\u00e1n pens\u00e1rtelo dos veces antes de enviar mensajes de texto y conducir en Denver, Colorado.","breadcrumb":{"@id":"https:\/\/dlslawfirm.com\/es\/abogados-de-colorado-especializados-en-lesiones-personales\/abogado-de-accidentes-de-coche-en-denver\/accidentes-por-conduccion-distraida\/estadisticas-de-conduccion-distraida\/#breadcrumb"},"inLanguage":"es","potentialAction":[{"@type":"ReadAction","target":["https:\/\/dlslawfirm.com\/es\/abogados-de-colorado-especializados-en-lesiones-personales\/abogado-de-accidentes-de-coche-en-denver\/accidentes-por-conduccion-distraida\/estadisticas-de-conduccion-distraida\/"]}]},{"@type":"BreadcrumbList","@id":"https:\/\/dlslawfirm.com\/es\/abogados-de-colorado-especializados-en-lesiones-personales\/abogado-de-accidentes-de-coche-en-denver\/accidentes-por-conduccion-distraida\/estadisticas-de-conduccion-distraida\/#breadcrumb","itemListElement":[{"@type":"ListItem","position":1,"name":"Home","item":"https:\/\/dlslawfirm.com\/es\/"},{"@type":"ListItem","position":2,"name":"Abogados de Colorado especializados en lesiones personales","item":"https:\/\/dlslawfirm.com\/es\/abogados-de-colorado-especializados-en-lesiones-personales\/"},{"@type":"ListItem","position":3,"name":"Abogado de accidentes de coche en Denver","item":"https:\/\/dlslawfirm.com\/es\/abogados-de-colorado-especializados-en-lesiones-personales\/abogado-de-accidentes-de-coche-en-denver\/"},{"@type":"ListItem","position":4,"name":"Accidentes por conducci\u00f3n distra\u00edda","item":"https:\/\/dlslawfirm.com\/es\/abogados-de-colorado-especializados-en-lesiones-personales\/abogado-de-accidentes-de-coche-en-denver\/accidentes-por-conduccion-distraida\/"},{"@type":"ListItem","position":5,"name":"Estad\u00edsticas de conducci\u00f3n distra\u00edda"}]},{"@type":"WebSite","@id":"https:\/\/dlslawfirm.com\/es\/#website","url":"https:\/\/dlslawfirm.com\/es\/","name":"Law Offices of Dianne Sawaya LLC- En Espanol","description":"","potentialAction":[{"@type":"SearchAction","target":{"@type":"EntryPoint","urlTemplate":"https:\/\/dlslawfirm.com\/es\/?s={search_term_string}"},"query-input":{"@type":"PropertyValueSpecification","valueRequired":true,"valueName":"search_term_string"}}],"inLanguage":"es"}]}},"_links":{"self":[{"href":"https:\/\/dlslawfirm.com\/es\/wp-json\/wp\/v2\/pages\/6937","targetHints":{"allow":["GET"]}}],"collection":[{"href":"https:\/\/dlslawfirm.com\/es\/wp-json\/wp\/v2\/pages"}],"about":[{"href":"https:\/\/dlslawfirm.com\/es\/wp-json\/wp\/v2\/types\/page"}],"author":[{"embeddable":true,"href":"https:\/\/dlslawfirm.com\/es\/wp-json\/wp\/v2\/users\/2"}],"replies":[{"embeddable":true,"href":"https:\/\/dlslawfirm.com\/es\/wp-json\/wp\/v2\/comments?post=6937"}],"version-history":[{"count":0,"href":"https:\/\/dlslawfirm.com\/es\/wp-json\/wp\/v2\/pages\/6937\/revisions"}],"up":[{"embeddable":true,"href":"https:\/\/dlslawfirm.com\/es\/wp-json\/wp\/v2\/pages\/6926"}],"wp:attachment":[{"href":"https:\/\/dlslawfirm.com\/es\/wp-json\/wp\/v2\/media?parent=6937"}],"wp:term":[{"taxonomy":"post_tag","embeddable":true,"href":"https:\/\/dlslawfirm.com\/es\/wp-json\/wp\/v2\/tags?post=6937"}],"curies":[{"name":"wp","href":"https:\/\/api.w.org\/{rel}","templated":true}]}}