{"id":6932,"date":"2016-06-29T16:09:56","date_gmt":"2016-06-29T16:09:56","guid":{"rendered":"https:\/\/dlslawfirm.com\/lesiones-comunes-relacionadas-con-accidentes\/"},"modified":"2016-06-29T16:09:56","modified_gmt":"2016-06-29T16:09:56","slug":"lesiones-comunes-relacionadas-con-accidentes","status":"publish","type":"page","link":"https:\/\/dlslawfirm.com\/es\/abogados-de-colorado-especializados-en-lesiones-personales\/abogado-de-accidentes-de-coche-en-denver\/lesiones-comunes-relacionadas-con-accidentes\/","title":{"rendered":"Lesiones comunes relacionadas con accidentes"},"content":{"rendered":"<p>Subes a tu veh\u00edculo, te abrochas el cintur\u00f3n de seguridad y comienzas tu viaje al trabajo, al colegio o a cualquier otra actividad diversa. Por desgracia, por muy seguro que conduzcas, existe la posibilidad de que acabes teniendo un accidente. En caso de que lo hagas, hay m\u00e1s de un 25% de probabilidades de que acabes con una lesi\u00f3n relacionada con el accidente que requiera atenci\u00f3n m\u00e9dica.<\/p>\n<p>El alcance de las lesiones puede variar desde peque\u00f1os golpes y magulladuras hasta lesiones graves y permanentes que provocan incapacidad a largo plazo, o incluso la muerte. Estas lesiones relacionadas con accidentes no s\u00f3lo pueden causar graves dificultades econ\u00f3micas debido al coste directo del tratamiento m\u00e9dico, los medicamentos y los procedimientos, sino que tambi\u00e9n pueden provocar la p\u00e9rdida de salario\/tiempo de trabajo en tu lugar de empleo y la incapacidad para realizar diversas tareas y funcionar en la vida cotidiana.<\/p>\n<p>Por eso, una de las cosas m\u00e1s importantes que hay que hacer tras sufrir un accidente de tr\u00e1fico es documentar, informar y recibir tratamiento para tus lesiones por parte de un profesional. El siguiente paso es ponerte en contacto con nuestro equipo de abogados de The Law Offices of Dianne L. Sawaya LLC para asegurarnos de que obtienes la indemnizaci\u00f3n y restituci\u00f3n que mereces. Asegur\u00e1ndote de que tienes todo registrado y documentado, te facilitar\u00e1s mucho la vida durante los siguientes procedimientos judiciales.<\/p>\n[cta_interior title=&#8221;CTA Interior&#8221;]\n<p>Por supuesto, cada accidente ser\u00e1 diferente, y en \u00faltima instancia depende de ti determinar si tus posibles lesiones alcanzan el nivel de necesitar atenci\u00f3n m\u00e9dica grave o no. En general, siempre es buena idea que al menos te examine un m\u00e9dico; pero muchas veces es mejor que vayas directamente a un hospital para asegurarte de que todo va bien internamente. En caso de que los param\u00e9dicos lleguen al lugar, pueden ayudar a diagnosticar y darte instrucciones sobre la mejor forma de actuar. Aunque no veas ni sientas ninguna lesi\u00f3n, probablemente sea mejor que te examine un profesional por si acaso.<\/p>\n<p>Los accidentes de tr\u00e1fico pueden provocar pr\u00e1cticamente cualquier n\u00famero de lesiones f\u00edsicas, pero hay algunas que suelen ser m\u00e1s frecuentes que otras. He aqu\u00ed algunas lesiones frecuentes relacionadas con accidentes que debes conocer:<\/p>\n<p><strong><a href=\"https:\/\/dlslawfirm.com\/personal-injury\/car-accidents\/whiplash-injury\/\">Latigazo cervical<\/a> &#8211; <\/strong>El latigazo cervical es, con mucho, una de las lesiones m\u00e1s frecuentes relacionadas con los accidentes de tr\u00e1fico, ya que la alta velocidad y la parada brusca se prestan a ello. La Cl\u00ednica Mayo define el latigazo cervical como &#8220;una lesi\u00f3n cervical debida a un movimiento en\u00e9rgico y r\u00e1pido del cuello hacia delante y hacia atr\u00e1s, como el chasquido de un l\u00e1tigo&#8221;. El dolor y la rigidez de cuello, as\u00ed como los dolores de cabeza, son los s\u00edntomas t\u00edpicos del latigazo cervical. Aunque el dolor y las afecciones cr\u00f3nicas del cuello son posibles complicaciones, el latigazo cervical suele tratarse con analg\u00e9sicos y ejercicios. Normalmente, desaparece en un par de semanas o meses, pero puede durar m\u00e1s.<\/p>\n<p><strong>Otras lesiones cervicales<\/strong> &#8211; Aunque el latigazo cervical se considera t\u00e9cnicamente una distensi\u00f3n cervical, los esguinces cervicales, que provocan estiramientos o roturas de ligamentos, tambi\u00e9n pueden producirse durante un accidente de coche. La lesi\u00f3n del nervio cervical, como la radiculopat\u00eda cervical, es otra posible afecci\u00f3n. Es cuando los nervios del cuello est\u00e1n pinzados por algo como un espol\u00f3n \u00f3seo o un fragmento de hernia discal. Puede seguir dolor y entumecimiento.<\/p>\n<p><strong><a href=\"https:\/\/dlslawfirm.com\/personal-injury\/car-accidents\/back-injury\/\">Lesiones<\/a> <\/strong>de <strong>espalda &#8211; <\/strong>Las lesiones en la regi\u00f3n de la espalda pueden ser consecuencia del propio accidente e incluso de la falta de movilidad\/complicaciones durante la recuperaci\u00f3n. Una de las formas m\u00e1s comunes de lesiones de espalda por accidente de coche es la hernia discal. Aunque una hernia discal no es la m\u00e1s debilitante de las afecciones, provoca un dolor y unas molestias considerables, a veces incluso indefinidamente. La m\u00e1s grave de las lesiones de espalda afecta a la m\u00e9dula espinal, de la que hablaremos un poco m\u00e1s adelante.<\/p>\n<p><strong>Lesiones internas &#8211; <\/strong>Este tipo de lesiones pueden ser de las m\u00e1s graves, sobre todo porque pueden ser dif\u00edciles de diagnosticar f\u00e1cilmente. Las lesiones internas pueden afectar pr\u00e1cticamente a cualquier sistema del cuerpo humano, desde huesos rotos y fracturados hasta hemorragias internas e incluso la rotura del bazo. Las lesiones internas requieren atenci\u00f3n m\u00e9dica inmediata, pues de lo contrario pueden provocar complicaciones graves.<\/p>\n<p><strong><a href=\"https:\/\/dlslawfirm.com\/personal-injury\/car-accidents\/burn-injuries\/\">Lesiones<\/a><\/strong> por quemaduras <strong>&#8211;<\/strong> Como mucha gente sabe, existen m\u00faltiples niveles est\u00e1ndar de lesiones por quemaduras: quemaduras de primer, segundo, tercer y el menos conocido cuarto grado. Estos niveles se basan en la gravedad y los s\u00edntomas resultantes, siendo las quemaduras de primer grado las m\u00e1s leves y aumentando a partir de entonces. Aunque las lesiones por quemaduras no suelen ser mortales, pueden ser insoportablemente dolorosas y dar lugar a diversas complicaciones y a una recuperaci\u00f3n prolongada. En algunos casos graves, incluso puede ser necesario un injerto de piel.<\/p>\n<p><strong>Lesiones <\/strong>por amputaci\u00f3n &#8211; Las lesiones por amputaci\u00f3n -o que provocan la p\u00e9rdida de un miembro, ap\u00e9ndice o parte del cuerpo- son algunas de las lesiones m\u00e1s graves relacionadas con los accidentes de tr\u00e1fico. No s\u00f3lo pueden provocar complicaciones e infecciones, sino que tambi\u00e9n pueden matarte si no se tratan adecuadamente.<\/p>\n<p><strong><a href=\"https:\/\/dlslawfirm.com\/personal-injury\/brain-injury\/\">Lesiones cerebrales traum\u00e1ticas y traumatismos craneoencef\u00e1licos<\/a> <\/strong>&#8211; Las lesiones cerebrales traum\u00e1ticas son otra afecci\u00f3n grave y potencialmente devastadora de los accidentes de tr\u00e1fico. Con la cantidad de informaci\u00f3n y estudios que se realizan actualmente sobre cosas como las conmociones cerebrales y la Encefalopat\u00eda Traum\u00e1tica Cr\u00f3nica (ETC), cualquier lesi\u00f3n en la cabeza o el cerebro debe tomarse en serio. De nuevo, este tipo de lesiones puede provocar discapacidades a largo plazo y la muerte.<\/p>\n<p><strong><a href=\"https:\/\/dlslawfirm.com\/personal-injury\/spinal-cord-injury-attorney\/\">Lesiones medulares y par\u00e1lisis<\/a> &#8211; <\/strong>Adem\u00e1s de las lesiones craneales y cerebrales, las lesiones medulares pueden tener los efectos m\u00e1s perjudiciales para una persona. La columna vertebral est\u00e1 formada por varias v\u00e9rtebras. Los da\u00f1os en cualquier parte de la columna vertebral pueden provocar una par\u00e1lisis temporal o permanente que requerir\u00e1 cuidados y tratamiento durante el resto de tu vida.<\/p>\n<p>Pr\u00e1cticamente cualquier n\u00famero, combinaci\u00f3n o tipo de lesi\u00f3n es una posibilidad cuando se trata de accidentes de coche, debido a las altas velocidades y a los mecanismos implicados. Esta lista es s\u00f3lo una muestra de algunas de las lesiones m\u00e1s comunes que debes tener en cuenta si te encuentras en un accidente.<\/p>\n<p>Despu\u00e9s de buscar y recibir la atenci\u00f3n m\u00e9dica adecuada y la documentaci\u00f3n del suceso, es importante que <a href=\"\/\/dlslawfirm.com\/contacto-nos\/\">te pongas en contacto con The Law Offices of Dianne L. Sawaya LLC<\/a> lo antes posible para proteger tus derechos y ayudarte a recibir la indemnizaci\u00f3n que te deben. Nadie planea que ocurran accidentes, pero si ocurren, estaremos aqu\u00ed para ayudarte.<\/p>\n","protected":false},"excerpt":{"rendered":"<p>Subes a tu veh\u00edculo, te abrochas el cintur\u00f3n de seguridad y comienzas tu viaje al trabajo, al colegio o a cualquier otra actividad diversa. Por desgracia, por muy seguro que conduzcas, existe la posibilidad de que acabes teniendo un accidente. En caso de que lo hagas, hay m\u00e1s de un 25% de probabilidades de que&#8230;<\/p>\n","protected":false},"author":2,"featured_media":0,"parent":7038,"menu_order":79,"comment_status":"closed","ping_status":"closed","template":"","meta":{"_acf_changed":false,"footnotes":""},"tags":[],"class_list":["post-6932","page","type-page","status-publish","hentry"],"acf":[],"yoast_head":"<!-- This site is optimized with the Yoast SEO plugin v27.4 - https:\/\/yoast.com\/product\/yoast-seo-wordpress\/ -->\n<title>Lesiones comunes en accidentes | Abogado de accidentes de coche en Denver, CO<\/title>\n<meta name=\"description\" content=\"Si has sufrido lesiones en un accidente, es importante que te pongas en contacto cuanto antes con un abogado experimentado de Denver.\" \/>\n<meta name=\"robots\" content=\"index, follow, max-snippet:-1, max-image-preview:large, max-video-preview:-1\" \/>\n<link rel=\"canonical\" href=\"https:\/\/dlslawfirm.com\/es\/abogados-de-colorado-especializados-en-lesiones-personales\/abogado-de-accidentes-de-coche-en-denver\/lesiones-comunes-relacionadas-con-accidentes\/\" \/>\n<meta property=\"og:locale\" content=\"es_MX\" \/>\n<meta property=\"og:type\" content=\"article\" \/>\n<meta property=\"og:title\" content=\"Lesiones comunes en accidentes | Abogado de accidentes de coche en Denver, CO\" \/>\n<meta property=\"og:description\" content=\"Si has sufrido lesiones en un accidente, es importante que te pongas en contacto cuanto antes con un abogado experimentado de Denver.\" \/>\n<meta property=\"og:url\" content=\"https:\/\/dlslawfirm.com\/es\/abogados-de-colorado-especializados-en-lesiones-personales\/abogado-de-accidentes-de-coche-en-denver\/lesiones-comunes-relacionadas-con-accidentes\/\" \/>\n<meta property=\"og:site_name\" content=\"Law Offices of Dianne Sawaya LLC- En Espanol\" \/>\n<meta name=\"twitter:card\" content=\"summary_large_image\" \/>\n<meta name=\"twitter:label1\" content=\"Est. reading time\" \/>\n\t<meta name=\"twitter:data1\" content=\"6 minutos\" \/>\n<script type=\"application\/ld+json\" class=\"yoast-schema-graph\">{\"@context\":\"https:\\\/\\\/schema.org\",\"@graph\":[{\"@type\":\"WebPage\",\"@id\":\"https:\\\/\\\/dlslawfirm.com\\\/es\\\/abogados-de-colorado-especializados-en-lesiones-personales\\\/abogado-de-accidentes-de-coche-en-denver\\\/lesiones-comunes-relacionadas-con-accidentes\\\/\",\"url\":\"https:\\\/\\\/dlslawfirm.com\\\/es\\\/abogados-de-colorado-especializados-en-lesiones-personales\\\/abogado-de-accidentes-de-coche-en-denver\\\/lesiones-comunes-relacionadas-con-accidentes\\\/\",\"name\":\"Lesiones comunes en accidentes | Abogado de accidentes de coche en Denver, CO\",\"isPartOf\":{\"@id\":\"https:\\\/\\\/dlslawfirm.com\\\/es\\\/#website\"},\"datePublished\":\"2016-06-29T16:09:56+00:00\",\"description\":\"Si has sufrido lesiones en un accidente, es importante que te pongas en contacto cuanto antes con un abogado experimentado de Denver.\",\"breadcrumb\":{\"@id\":\"https:\\\/\\\/dlslawfirm.com\\\/es\\\/abogados-de-colorado-especializados-en-lesiones-personales\\\/abogado-de-accidentes-de-coche-en-denver\\\/lesiones-comunes-relacionadas-con-accidentes\\\/#breadcrumb\"},\"inLanguage\":\"es\",\"potentialAction\":[{\"@type\":\"ReadAction\",\"target\":[\"https:\\\/\\\/dlslawfirm.com\\\/es\\\/abogados-de-colorado-especializados-en-lesiones-personales\\\/abogado-de-accidentes-de-coche-en-denver\\\/lesiones-comunes-relacionadas-con-accidentes\\\/\"]}]},{\"@type\":\"BreadcrumbList\",\"@id\":\"https:\\\/\\\/dlslawfirm.com\\\/es\\\/abogados-de-colorado-especializados-en-lesiones-personales\\\/abogado-de-accidentes-de-coche-en-denver\\\/lesiones-comunes-relacionadas-con-accidentes\\\/#breadcrumb\",\"itemListElement\":[{\"@type\":\"ListItem\",\"position\":1,\"name\":\"Home\",\"item\":\"https:\\\/\\\/dlslawfirm.com\\\/es\\\/\"},{\"@type\":\"ListItem\",\"position\":2,\"name\":\"Abogados de Colorado especializados en lesiones personales\",\"item\":\"https:\\\/\\\/dlslawfirm.com\\\/es\\\/abogados-de-colorado-especializados-en-lesiones-personales\\\/\"},{\"@type\":\"ListItem\",\"position\":3,\"name\":\"Abogado de accidentes de coche en Denver\",\"item\":\"https:\\\/\\\/dlslawfirm.com\\\/es\\\/abogados-de-colorado-especializados-en-lesiones-personales\\\/abogado-de-accidentes-de-coche-en-denver\\\/\"},{\"@type\":\"ListItem\",\"position\":4,\"name\":\"Lesiones comunes relacionadas con accidentes\"}]},{\"@type\":\"WebSite\",\"@id\":\"https:\\\/\\\/dlslawfirm.com\\\/es\\\/#website\",\"url\":\"https:\\\/\\\/dlslawfirm.com\\\/es\\\/\",\"name\":\"Law Offices of Dianne Sawaya LLC- En Espanol\",\"description\":\"\",\"potentialAction\":[{\"@type\":\"SearchAction\",\"target\":{\"@type\":\"EntryPoint\",\"urlTemplate\":\"https:\\\/\\\/dlslawfirm.com\\\/es\\\/?s={search_term_string}\"},\"query-input\":{\"@type\":\"PropertyValueSpecification\",\"valueRequired\":true,\"valueName\":\"search_term_string\"}}],\"inLanguage\":\"es\"}]}<\/script>\n<!-- \/ Yoast SEO plugin. -->","yoast_head_json":{"title":"Lesiones comunes en accidentes | Abogado de accidentes de coche en Denver, CO","description":"Si has sufrido lesiones en un accidente, es importante que te pongas en contacto cuanto antes con un abogado experimentado de Denver.","robots":{"index":"index","follow":"follow","max-snippet":"max-snippet:-1","max-image-preview":"max-image-preview:large","max-video-preview":"max-video-preview:-1"},"canonical":"https:\/\/dlslawfirm.com\/es\/abogados-de-colorado-especializados-en-lesiones-personales\/abogado-de-accidentes-de-coche-en-denver\/lesiones-comunes-relacionadas-con-accidentes\/","og_locale":"es_MX","og_type":"article","og_title":"Lesiones comunes en accidentes | Abogado de accidentes de coche en Denver, CO","og_description":"Si has sufrido lesiones en un accidente, es importante que te pongas en contacto cuanto antes con un abogado experimentado de Denver.","og_url":"https:\/\/dlslawfirm.com\/es\/abogados-de-colorado-especializados-en-lesiones-personales\/abogado-de-accidentes-de-coche-en-denver\/lesiones-comunes-relacionadas-con-accidentes\/","og_site_name":"Law Offices of Dianne Sawaya LLC- En Espanol","twitter_card":"summary_large_image","twitter_misc":{"Est. reading time":"6 minutos"},"schema":{"@context":"https:\/\/schema.org","@graph":[{"@type":"WebPage","@id":"https:\/\/dlslawfirm.com\/es\/abogados-de-colorado-especializados-en-lesiones-personales\/abogado-de-accidentes-de-coche-en-denver\/lesiones-comunes-relacionadas-con-accidentes\/","url":"https:\/\/dlslawfirm.com\/es\/abogados-de-colorado-especializados-en-lesiones-personales\/abogado-de-accidentes-de-coche-en-denver\/lesiones-comunes-relacionadas-con-accidentes\/","name":"Lesiones comunes en accidentes | Abogado de accidentes de coche en Denver, CO","isPartOf":{"@id":"https:\/\/dlslawfirm.com\/es\/#website"},"datePublished":"2016-06-29T16:09:56+00:00","description":"Si has sufrido lesiones en un accidente, es importante que te pongas en contacto cuanto antes con un abogado experimentado de Denver.","breadcrumb":{"@id":"https:\/\/dlslawfirm.com\/es\/abogados-de-colorado-especializados-en-lesiones-personales\/abogado-de-accidentes-de-coche-en-denver\/lesiones-comunes-relacionadas-con-accidentes\/#breadcrumb"},"inLanguage":"es","potentialAction":[{"@type":"ReadAction","target":["https:\/\/dlslawfirm.com\/es\/abogados-de-colorado-especializados-en-lesiones-personales\/abogado-de-accidentes-de-coche-en-denver\/lesiones-comunes-relacionadas-con-accidentes\/"]}]},{"@type":"BreadcrumbList","@id":"https:\/\/dlslawfirm.com\/es\/abogados-de-colorado-especializados-en-lesiones-personales\/abogado-de-accidentes-de-coche-en-denver\/lesiones-comunes-relacionadas-con-accidentes\/#breadcrumb","itemListElement":[{"@type":"ListItem","position":1,"name":"Home","item":"https:\/\/dlslawfirm.com\/es\/"},{"@type":"ListItem","position":2,"name":"Abogados de Colorado especializados en lesiones personales","item":"https:\/\/dlslawfirm.com\/es\/abogados-de-colorado-especializados-en-lesiones-personales\/"},{"@type":"ListItem","position":3,"name":"Abogado de accidentes de coche en Denver","item":"https:\/\/dlslawfirm.com\/es\/abogados-de-colorado-especializados-en-lesiones-personales\/abogado-de-accidentes-de-coche-en-denver\/"},{"@type":"ListItem","position":4,"name":"Lesiones comunes relacionadas con accidentes"}]},{"@type":"WebSite","@id":"https:\/\/dlslawfirm.com\/es\/#website","url":"https:\/\/dlslawfirm.com\/es\/","name":"Law Offices of Dianne Sawaya LLC- En Espanol","description":"","potentialAction":[{"@type":"SearchAction","target":{"@type":"EntryPoint","urlTemplate":"https:\/\/dlslawfirm.com\/es\/?s={search_term_string}"},"query-input":{"@type":"PropertyValueSpecification","valueRequired":true,"valueName":"search_term_string"}}],"inLanguage":"es"}]}},"_links":{"self":[{"href":"https:\/\/dlslawfirm.com\/es\/wp-json\/wp\/v2\/pages\/6932","targetHints":{"allow":["GET"]}}],"collection":[{"href":"https:\/\/dlslawfirm.com\/es\/wp-json\/wp\/v2\/pages"}],"about":[{"href":"https:\/\/dlslawfirm.com\/es\/wp-json\/wp\/v2\/types\/page"}],"author":[{"embeddable":true,"href":"https:\/\/dlslawfirm.com\/es\/wp-json\/wp\/v2\/users\/2"}],"replies":[{"embeddable":true,"href":"https:\/\/dlslawfirm.com\/es\/wp-json\/wp\/v2\/comments?post=6932"}],"version-history":[{"count":0,"href":"https:\/\/dlslawfirm.com\/es\/wp-json\/wp\/v2\/pages\/6932\/revisions"}],"up":[{"embeddable":true,"href":"https:\/\/dlslawfirm.com\/es\/wp-json\/wp\/v2\/pages\/7038"}],"wp:attachment":[{"href":"https:\/\/dlslawfirm.com\/es\/wp-json\/wp\/v2\/media?parent=6932"}],"wp:term":[{"taxonomy":"post_tag","embeddable":true,"href":"https:\/\/dlslawfirm.com\/es\/wp-json\/wp\/v2\/tags?post=6932"}],"curies":[{"name":"wp","href":"https:\/\/api.w.org\/{rel}","templated":true}]}}