{"id":6930,"date":"2016-06-29T15:28:05","date_gmt":"2016-06-29T15:28:05","guid":{"rendered":"https:\/\/dlslawfirm.com\/accidentes-por-exceso-de-velocidad-en-colorado\/"},"modified":"2016-06-29T15:28:05","modified_gmt":"2016-06-29T15:28:05","slug":"accidentes-por-exceso-de-velocidad-en-colorado","status":"publish","type":"page","link":"https:\/\/dlslawfirm.com\/es\/abogados-de-colorado-especializados-en-lesiones-personales\/abogado-de-accidentes-de-coche-en-denver\/accidentes-por-exceso-de-velocidad-en-colorado\/","title":{"rendered":"Accidentes por exceso de velocidad en Colorado"},"content":{"rendered":"<h2>Abogado de accidentes por exceso de velocidad en Denver<\/h2>\n<p>Los accidentes de tr\u00e1fico ocurren a menudo por diferentes motivos. A veces, se trata de un suceso imprevisible: un accidente sin culpa que habr\u00eda sido imposible predecir. Otras veces, es el resultado de un acto de negligencia completamente controlable, como el exceso de velocidad.<\/p>\n<p>El exceso de velocidad es una de las <a href=\"https:\/\/dlslawfirm.com\/blog\/9-common-causes-car-accidents-need-know\/\">causas m\u00e1s comunes de accidentes de tr\u00e1fico<\/a> hoy en d\u00eda. Hay muchas probabilidades de que, si te has visto implicado en un accidente de tr\u00e1fico, el exceso de velocidad haya sido uno de los factores en juego. En The Law Offices of Dianne L. Sawaya LLC, nuestros abogados especializados en lesiones por accidentes de coche saben que este tipo de choques pueden acabar como leves golpes, pero tambi\u00e9n pueden terminar siendo accidentes graves que provocan graves lesiones personales y da\u00f1os materiales.<\/p>\n[cta_interior title=&#8221;CTA Interior&#8221;]\n<p>Seg\u00fan la Administraci\u00f3n Nacional de Seguridad del Tr\u00e1fico en Carretera (NHTSA), el exceso de velocidad es uno de los factores m\u00e1s comunes de los accidentes de coche, y es tambi\u00e9n uno de los errores m\u00e1s caros que cometen los conductores. La NHTSA define un accidente como relacionado con el exceso de velocidad si &#8220;el conductor fue acusado de un delito relacionado con el exceso de velocidad o si un agente indic\u00f3 que la carrera, conducir demasiado r\u00e1pido para las condiciones o superar el l\u00edmite de velocidad establecido fue un factor que contribuy\u00f3 al accidente&#8221;. De hecho, los datos de la NHTSA de 2012 muestran las siguientes estad\u00edsticas:<\/p>\n<ul>\n<li>El exceso de velocidad fue un factor en al menos el 30% de todas las colisiones de veh\u00edculos.<\/li>\n<li>El coste de estas colisiones para la econom\u00eda estadounidense durante 2012 fue de al menos 40.400 millones de d\u00f3lares.<\/li>\n<li>Las colisiones por exceso de velocidad se saldaron con 10.219 v\u00edctimas mortales en 2012.<\/li>\n<li>Se cree que el exceso de velocidad es la causa de aproximadamente un tercio de todas las muertes relacionadas con accidentes de tr\u00e1fico.<\/li>\n<li>El exceso de velocidad puede influir, independientemente de las condiciones de la carretera. En 2012, el 20% de las colisiones mortales en carretera seca, el 23% en carretera mojada, el 36% en carretera nevada y el 44% en carretera helada se debieron al exceso de velocidad.<\/li>\n<li>Casi la mitad (47%) de los excesos de velocidad se producen en carreteras donde el l\u00edmite de velocidad indicado es de 80 km\/h o menos.<\/li>\n<\/ul>\n<p>Aunque la muerte es, por supuesto, el mayor riesgo cuando se trata de conducir demasiado deprisa, hay una variedad de otras lesiones que se pueden sufrir. Huesos rotos y fracturados, latigazo cervical, laceraciones y estr\u00e9s postraum\u00e1tico son otras consecuencias frecuentes de los accidentes por exceso de velocidad.<\/p>\n<p>Este tipo de lesiones no s\u00f3lo te perjudican directamente, sino que pueden tener efectos a largo plazo en tu vida y en tus medios de subsistencia. Dependiendo del tipo de trabajo que tengas, un accidente puede hacerte faltar al trabajo. En algunos casos graves, las lesiones graves podr\u00edan incluso impedirte volver a hacer el mismo trabajo.<\/p>\n<p>El exceso de velocidad tambi\u00e9n a\u00f1ade un gran desgaste innecesario a tu veh\u00edculo que puede provocar otros fallos mec\u00e1nicos y gastos m\u00e1s adelante. El exceso de velocidad s\u00f3lo te cuesta en el surtidor de gasolina. El precio de la gasolina aumenta dr\u00e1sticamente por cada ocho kil\u00f3metros por hora que conduces a m\u00e1s de 100 km\/h.<\/p>\n<p>Pero prestar atenci\u00f3n a tu conducci\u00f3n es s\u00f3lo la mitad de la batalla. Desgraciadamente, al fin y al cabo, s\u00f3lo puedes controlar tus propias acciones, y otras personas inevitablemente pasar\u00e1n de ti a toda velocidad. Por eso es importante aprender y seguir buenas t\u00e1cticas de conducci\u00f3n defensiva para protegerte cuando los que te rodean toman malas decisiones. Tambi\u00e9n contribuir\u00e1 a que no se te considere responsable de un accidente provocado por el exceso de velocidad negligente de otra persona.<\/p>\n<p>Los tribunales de este pa\u00eds se crearon precisamente para estos principios. Demandar a alguien e implicarse en un proceso judicial puede no ser la opci\u00f3n m\u00e1s atractiva para muchos, pero es uno de los \u00fanicos medios que tienen los ciudadanos para obtener la indemnizaci\u00f3n que merecen tras resultar heridos por el exceso de velocidad imprudente de otro conductor.<\/p>\n<p>Si te has visto implicado en un accidente de tr\u00e1fico causado por el exceso de velocidad de otro conductor, los abogados expertos en lesiones de The Law Offices of Dianne L. Sawaya LLC est\u00e1n aqu\u00ed para ayudarte. Los d\u00edas inmediatamente posteriores a un accidente pueden dejarte conmocionado y en estado de shock. Nuestros abogados de Denver, Colorado, pueden ayudarte a presentar una demanda por lesiones, al tiempo que te proporcionan un entorno reconfortante y compasivo. Para m\u00e1s informaci\u00f3n sobre c\u00f3mo puede ayudarte nuestro equipo jur\u00eddico tras un accidente, llama <a href=\"https:\/\/dlslawfirm.com\/contact-us\/\">hoy a nuestro despacho de Denver<\/a> al (303) 758-4777.<\/p>\n","protected":false},"excerpt":{"rendered":"<p>Abogado de accidentes por exceso de velocidad en Denver Los accidentes de tr\u00e1fico ocurren a menudo por diferentes motivos. A veces, se trata de un suceso imprevisible: un accidente sin culpa que habr\u00eda sido imposible predecir. Otras veces, es el resultado de un acto de negligencia completamente controlable, como el exceso de velocidad. El exceso&#8230;<\/p>\n","protected":false},"author":2,"featured_media":0,"parent":7038,"menu_order":86,"comment_status":"closed","ping_status":"closed","template":"","meta":{"_acf_changed":false,"footnotes":""},"tags":[],"class_list":["post-6930","page","type-page","status-publish","hentry"],"acf":[],"yoast_head":"<!-- This site is optimized with the Yoast SEO plugin v27.4 - https:\/\/yoast.com\/product\/yoast-seo-wordpress\/ -->\n<title>Accidentes por exceso de velocidad | Abogados de accidentes de coche en Denver, CO<\/title>\n<meta name=\"description\" content=\"Si has sufrido lesiones en un accidente de tr\u00e1fico en el que la parte culpable circulaba con exceso de velocidad, llama hoy mismo a los abogados expertos del Bufete de Dianne Sawaya.\" \/>\n<meta name=\"robots\" content=\"index, follow, max-snippet:-1, max-image-preview:large, max-video-preview:-1\" \/>\n<link rel=\"canonical\" href=\"https:\/\/dlslawfirm.com\/es\/abogados-de-colorado-especializados-en-lesiones-personales\/abogado-de-accidentes-de-coche-en-denver\/accidentes-por-exceso-de-velocidad-en-colorado\/\" \/>\n<meta property=\"og:locale\" content=\"es_MX\" \/>\n<meta property=\"og:type\" content=\"article\" \/>\n<meta property=\"og:title\" content=\"Accidentes por exceso de velocidad | Abogados de accidentes de coche en Denver, CO\" \/>\n<meta property=\"og:description\" content=\"Si has sufrido lesiones en un accidente de tr\u00e1fico en el que la parte culpable circulaba con exceso de velocidad, llama hoy mismo a los abogados expertos del Bufete de Dianne Sawaya.\" \/>\n<meta property=\"og:url\" content=\"https:\/\/dlslawfirm.com\/es\/abogados-de-colorado-especializados-en-lesiones-personales\/abogado-de-accidentes-de-coche-en-denver\/accidentes-por-exceso-de-velocidad-en-colorado\/\" \/>\n<meta property=\"og:site_name\" content=\"Law Offices of Dianne Sawaya LLC- En Espanol\" \/>\n<meta name=\"twitter:card\" content=\"summary_large_image\" \/>\n<meta name=\"twitter:label1\" content=\"Est. reading time\" \/>\n\t<meta name=\"twitter:data1\" content=\"4 minutos\" \/>\n<script type=\"application\/ld+json\" class=\"yoast-schema-graph\">{\"@context\":\"https:\\\/\\\/schema.org\",\"@graph\":[{\"@type\":\"WebPage\",\"@id\":\"https:\\\/\\\/dlslawfirm.com\\\/es\\\/abogados-de-colorado-especializados-en-lesiones-personales\\\/abogado-de-accidentes-de-coche-en-denver\\\/accidentes-por-exceso-de-velocidad-en-colorado\\\/\",\"url\":\"https:\\\/\\\/dlslawfirm.com\\\/es\\\/abogados-de-colorado-especializados-en-lesiones-personales\\\/abogado-de-accidentes-de-coche-en-denver\\\/accidentes-por-exceso-de-velocidad-en-colorado\\\/\",\"name\":\"Accidentes por exceso de velocidad | Abogados de accidentes de coche en Denver, CO\",\"isPartOf\":{\"@id\":\"https:\\\/\\\/dlslawfirm.com\\\/es\\\/#website\"},\"datePublished\":\"2016-06-29T15:28:05+00:00\",\"description\":\"Si has sufrido lesiones en un accidente de tr\u00e1fico en el que la parte culpable circulaba con exceso de velocidad, llama hoy mismo a los abogados expertos del Bufete de Dianne Sawaya.\",\"breadcrumb\":{\"@id\":\"https:\\\/\\\/dlslawfirm.com\\\/es\\\/abogados-de-colorado-especializados-en-lesiones-personales\\\/abogado-de-accidentes-de-coche-en-denver\\\/accidentes-por-exceso-de-velocidad-en-colorado\\\/#breadcrumb\"},\"inLanguage\":\"es\",\"potentialAction\":[{\"@type\":\"ReadAction\",\"target\":[\"https:\\\/\\\/dlslawfirm.com\\\/es\\\/abogados-de-colorado-especializados-en-lesiones-personales\\\/abogado-de-accidentes-de-coche-en-denver\\\/accidentes-por-exceso-de-velocidad-en-colorado\\\/\"]}]},{\"@type\":\"BreadcrumbList\",\"@id\":\"https:\\\/\\\/dlslawfirm.com\\\/es\\\/abogados-de-colorado-especializados-en-lesiones-personales\\\/abogado-de-accidentes-de-coche-en-denver\\\/accidentes-por-exceso-de-velocidad-en-colorado\\\/#breadcrumb\",\"itemListElement\":[{\"@type\":\"ListItem\",\"position\":1,\"name\":\"Home\",\"item\":\"https:\\\/\\\/dlslawfirm.com\\\/es\\\/\"},{\"@type\":\"ListItem\",\"position\":2,\"name\":\"Abogados de Colorado especializados en lesiones personales\",\"item\":\"https:\\\/\\\/dlslawfirm.com\\\/es\\\/abogados-de-colorado-especializados-en-lesiones-personales\\\/\"},{\"@type\":\"ListItem\",\"position\":3,\"name\":\"Abogado de accidentes de coche en Denver\",\"item\":\"https:\\\/\\\/dlslawfirm.com\\\/es\\\/abogados-de-colorado-especializados-en-lesiones-personales\\\/abogado-de-accidentes-de-coche-en-denver\\\/\"},{\"@type\":\"ListItem\",\"position\":4,\"name\":\"Accidentes por exceso de velocidad en Colorado\"}]},{\"@type\":\"WebSite\",\"@id\":\"https:\\\/\\\/dlslawfirm.com\\\/es\\\/#website\",\"url\":\"https:\\\/\\\/dlslawfirm.com\\\/es\\\/\",\"name\":\"Law Offices of Dianne Sawaya LLC- En Espanol\",\"description\":\"\",\"potentialAction\":[{\"@type\":\"SearchAction\",\"target\":{\"@type\":\"EntryPoint\",\"urlTemplate\":\"https:\\\/\\\/dlslawfirm.com\\\/es\\\/?s={search_term_string}\"},\"query-input\":{\"@type\":\"PropertyValueSpecification\",\"valueRequired\":true,\"valueName\":\"search_term_string\"}}],\"inLanguage\":\"es\"}]}<\/script>\n<!-- \/ Yoast SEO plugin. -->","yoast_head_json":{"title":"Accidentes por exceso de velocidad | Abogados de accidentes de coche en Denver, CO","description":"Si has sufrido lesiones en un accidente de tr\u00e1fico en el que la parte culpable circulaba con exceso de velocidad, llama hoy mismo a los abogados expertos del Bufete de Dianne Sawaya.","robots":{"index":"index","follow":"follow","max-snippet":"max-snippet:-1","max-image-preview":"max-image-preview:large","max-video-preview":"max-video-preview:-1"},"canonical":"https:\/\/dlslawfirm.com\/es\/abogados-de-colorado-especializados-en-lesiones-personales\/abogado-de-accidentes-de-coche-en-denver\/accidentes-por-exceso-de-velocidad-en-colorado\/","og_locale":"es_MX","og_type":"article","og_title":"Accidentes por exceso de velocidad | Abogados de accidentes de coche en Denver, CO","og_description":"Si has sufrido lesiones en un accidente de tr\u00e1fico en el que la parte culpable circulaba con exceso de velocidad, llama hoy mismo a los abogados expertos del Bufete de Dianne Sawaya.","og_url":"https:\/\/dlslawfirm.com\/es\/abogados-de-colorado-especializados-en-lesiones-personales\/abogado-de-accidentes-de-coche-en-denver\/accidentes-por-exceso-de-velocidad-en-colorado\/","og_site_name":"Law Offices of Dianne Sawaya LLC- En Espanol","twitter_card":"summary_large_image","twitter_misc":{"Est. reading time":"4 minutos"},"schema":{"@context":"https:\/\/schema.org","@graph":[{"@type":"WebPage","@id":"https:\/\/dlslawfirm.com\/es\/abogados-de-colorado-especializados-en-lesiones-personales\/abogado-de-accidentes-de-coche-en-denver\/accidentes-por-exceso-de-velocidad-en-colorado\/","url":"https:\/\/dlslawfirm.com\/es\/abogados-de-colorado-especializados-en-lesiones-personales\/abogado-de-accidentes-de-coche-en-denver\/accidentes-por-exceso-de-velocidad-en-colorado\/","name":"Accidentes por exceso de velocidad | Abogados de accidentes de coche en Denver, CO","isPartOf":{"@id":"https:\/\/dlslawfirm.com\/es\/#website"},"datePublished":"2016-06-29T15:28:05+00:00","description":"Si has sufrido lesiones en un accidente de tr\u00e1fico en el que la parte culpable circulaba con exceso de velocidad, llama hoy mismo a los abogados expertos del Bufete de Dianne Sawaya.","breadcrumb":{"@id":"https:\/\/dlslawfirm.com\/es\/abogados-de-colorado-especializados-en-lesiones-personales\/abogado-de-accidentes-de-coche-en-denver\/accidentes-por-exceso-de-velocidad-en-colorado\/#breadcrumb"},"inLanguage":"es","potentialAction":[{"@type":"ReadAction","target":["https:\/\/dlslawfirm.com\/es\/abogados-de-colorado-especializados-en-lesiones-personales\/abogado-de-accidentes-de-coche-en-denver\/accidentes-por-exceso-de-velocidad-en-colorado\/"]}]},{"@type":"BreadcrumbList","@id":"https:\/\/dlslawfirm.com\/es\/abogados-de-colorado-especializados-en-lesiones-personales\/abogado-de-accidentes-de-coche-en-denver\/accidentes-por-exceso-de-velocidad-en-colorado\/#breadcrumb","itemListElement":[{"@type":"ListItem","position":1,"name":"Home","item":"https:\/\/dlslawfirm.com\/es\/"},{"@type":"ListItem","position":2,"name":"Abogados de Colorado especializados en lesiones personales","item":"https:\/\/dlslawfirm.com\/es\/abogados-de-colorado-especializados-en-lesiones-personales\/"},{"@type":"ListItem","position":3,"name":"Abogado de accidentes de coche en Denver","item":"https:\/\/dlslawfirm.com\/es\/abogados-de-colorado-especializados-en-lesiones-personales\/abogado-de-accidentes-de-coche-en-denver\/"},{"@type":"ListItem","position":4,"name":"Accidentes por exceso de velocidad en Colorado"}]},{"@type":"WebSite","@id":"https:\/\/dlslawfirm.com\/es\/#website","url":"https:\/\/dlslawfirm.com\/es\/","name":"Law Offices of Dianne Sawaya LLC- En Espanol","description":"","potentialAction":[{"@type":"SearchAction","target":{"@type":"EntryPoint","urlTemplate":"https:\/\/dlslawfirm.com\/es\/?s={search_term_string}"},"query-input":{"@type":"PropertyValueSpecification","valueRequired":true,"valueName":"search_term_string"}}],"inLanguage":"es"}]}},"_links":{"self":[{"href":"https:\/\/dlslawfirm.com\/es\/wp-json\/wp\/v2\/pages\/6930","targetHints":{"allow":["GET"]}}],"collection":[{"href":"https:\/\/dlslawfirm.com\/es\/wp-json\/wp\/v2\/pages"}],"about":[{"href":"https:\/\/dlslawfirm.com\/es\/wp-json\/wp\/v2\/types\/page"}],"author":[{"embeddable":true,"href":"https:\/\/dlslawfirm.com\/es\/wp-json\/wp\/v2\/users\/2"}],"replies":[{"embeddable":true,"href":"https:\/\/dlslawfirm.com\/es\/wp-json\/wp\/v2\/comments?post=6930"}],"version-history":[{"count":0,"href":"https:\/\/dlslawfirm.com\/es\/wp-json\/wp\/v2\/pages\/6930\/revisions"}],"up":[{"embeddable":true,"href":"https:\/\/dlslawfirm.com\/es\/wp-json\/wp\/v2\/pages\/7038"}],"wp:attachment":[{"href":"https:\/\/dlslawfirm.com\/es\/wp-json\/wp\/v2\/media?parent=6930"}],"wp:term":[{"taxonomy":"post_tag","embeddable":true,"href":"https:\/\/dlslawfirm.com\/es\/wp-json\/wp\/v2\/tags?post=6930"}],"curies":[{"name":"wp","href":"https:\/\/api.w.org\/{rel}","templated":true}]}}