{"id":6923,"date":"2016-06-29T15:32:15","date_gmt":"2016-06-29T15:32:15","guid":{"rendered":"https:\/\/dlslawfirm.com\/la-importancia-de-la-cobertura-del-seguro-sin-seguro\/"},"modified":"2016-06-29T15:32:15","modified_gmt":"2016-06-29T15:32:15","slug":"la-importancia-de-la-cobertura-del-seguro-sin-seguro","status":"publish","type":"page","link":"https:\/\/dlslawfirm.com\/es\/abogados-de-colorado-especializados-en-lesiones-personales\/abogado-de-accidentes-de-coche-en-denver\/la-importancia-de-la-cobertura-del-seguro-sin-seguro\/","title":{"rendered":"La importancia de la cobertura del seguro sin seguro"},"content":{"rendered":"<h2>Cobertura de seguro de motorista sin seguro en Colorado<\/h2>\n<p>Uno de los aspectos m\u00e1s importantes de tener un coche, una moto o cualquier otro tipo de veh\u00edculo es tener la cobertura de seguro adecuada para cubrirte. De hecho, la ley te obliga a tener un seguro. Por desgracia, no todo el mundo cumple esta ley, lo que puede dar lugar a situaciones muy precarias si alguna vez te ves implicado en un accidente con un conductor sin seguro.<\/p>\n<p>Aunque no hayas tenido la culpa de un accidente, no tener seguro puede perjudicarte mucho. Claro que el otro automovilista puede ser t\u00e9cnicamente responsable de los da\u00f1os, pero buena suerte consiguiendo dinero de alguien que puede no haber tenido suficiente dinero para permitirse una cobertura en primer lugar.<\/p>\n<h2>Colorado es uno de los peores estados para los automovilistas sin seguro<\/h2>\n<p>Por eso es tan importante para todos, especialmente para los residentes en Colorado, el seguro contra accidentes sin seguro o con seguro insuficiente (UM\/UIM). Seg\u00fan las estad\u00edsticas de PropertyCasualty360.com, Colorado es el noveno peor estado del pa\u00eds en cuanto a n\u00famero de automovilistas sin seguro.<\/p>\n<p>Comparando el n\u00famero de reclamaciones presentadas en virtud de la parte de lesiones de la cobertura de motorista sin seguro (UM) con el n\u00famero de reclamaciones presentadas en virtud de la cobertura de responsabilidad por lesiones corporales (BI), el Consejo de Investigaci\u00f3n de Seguros (IRC) puede estimar el porcentaje de conductores sin seguro a nivel nacional y en los distintos estados. La proporci\u00f3n UM-BI de Colorado fue del 16,2%, seg\u00fan el informe &#8220;Motoristas sin seguro, edici\u00f3n 2014&#8243; del IRC. A nivel nacional, la media se situ\u00f3 en el 12,6%.<\/p>\n[cta_interior title=&#8221;CTA Interior&#8221;]\n<p>Como conductor en Colorado, puedes protegerte mejor de los conductores sin seguro invirtiendo en una cobertura de seguro sin seguro. Aunque la ley estatal obliga a los propietarios de autom\u00f3viles a mantener un seguro, las compa\u00f1\u00edas de seguros tambi\u00e9n est\u00e1n obligadas por ley a ofrecer un seguro de motorista sin seguro o con seguro insuficiente como parte de cada p\u00f3liza vendida, a menos que la cobertura se rechace espec\u00edficamente por escrito.<\/p>\n<h2>\u00bfPor qu\u00e9 invertir en una cobertura de seguro UM\/UIM?<\/h2>\n<p>Puede que te preguntes por qu\u00e9 deber\u00edas invertir en un seguro que cubra al conductor culpable, lo cual es un argumento justo, pero puede compensarte a largo plazo. En Colorado, si el conductor culpable no tiene seguro, o no tiene seguro suficiente, se utilizar\u00e1 tu p\u00f3liza de seguro de autom\u00f3vil para ayudarte a pagar la indemnizaci\u00f3n por tus lesiones, da\u00f1os y p\u00e9rdidas.<\/p>\n<p>B\u00e1sicamente, si tienes un accidente con un conductor sin seguro y tienes cobertura de seguro sin seguro, esta cobertura actuar\u00e1 como el seguro del otro conductor por ti. En otras palabras, tu seguro cubrir\u00e1 los da\u00f1os que haya causado el conductor sin seguro como si tuviera el seguro correcto. Adem\u00e1s, si el conductor culpable no tiene seguro suficiente para cubrir tus da\u00f1os, tu p\u00f3liza de seguro insuficiente se acumular\u00e1 a la cobertura insuficiente del conductor culpable.<\/p>\n<p>Tener cobertura de motorista sin seguro en el estado de Colorado tiene otras ventajas. Por ejemplo, si alg\u00fan residente de tu hogar es propietario de un coche que tiene cobertura de motorista sin seguro, independientemente de si ocupaba el coche en el momento del <a href=\"https:\/\/dlslawfirm.com\/loveland-car-accident-attorney\/\">accidente<\/a> o no, esa cobertura puede aplicarse para pagar tu reclamaci\u00f3n. Puede utilizarse incluso en caso de que te atropelle un conductor sin seguro mientras caminas como <a href=\"https:\/\/dlslawfirm.com\/client-stories\/denver-pedestrian-accident\/\">peat\u00f3n<\/a>.<\/p>\n<p>Si te has visto implicado en un accidente de coche con un motorista sin seguro, ponte en contacto con The Law Offices of Dianne L. Sawaya LLC y averigua lo que nuestro equipo de abogados especializados en accidentes de coche puede hacer por ti.  <a href=\"https:\/\/dlslawfirm.com\/contact-us\/\">Ll\u00e1manos<\/a> al (303) 758-4777 o ponte en contacto con nosotros para una evaluaci\u00f3n gratuita de tu caso de accidente de tr\u00e1fico.<\/p>\n","protected":false},"excerpt":{"rendered":"<p>Cobertura de seguro de motorista sin seguro en Colorado Uno de los aspectos m\u00e1s importantes de tener un coche, una moto o cualquier otro tipo de veh\u00edculo es tener la cobertura de seguro adecuada para cubrirte. De hecho, la ley te obliga a tener un seguro. Por desgracia, no todo el mundo cumple esta ley,&#8230;<\/p>\n","protected":false},"author":2,"featured_media":0,"parent":7038,"menu_order":85,"comment_status":"closed","ping_status":"closed","template":"","meta":{"_acf_changed":false,"footnotes":""},"tags":[],"class_list":["post-6923","page","type-page","status-publish","hentry"],"acf":[],"yoast_head":"<!-- This site is optimized with the Yoast SEO plugin v27.5 - https:\/\/yoast.com\/product\/yoast-seo-wordpress\/ -->\n<title>Cobertura de seguro de motorista sin seguro | Abogado en Denver<\/title>\n<meta name=\"description\" content=\"Nuestros abogados expertos en accidentes de tr\u00e1fico en Denver, CO, insisten en la importancia de obtener cobertura contra los automovilistas sin seguro.\" \/>\n<meta name=\"robots\" content=\"index, follow, max-snippet:-1, max-image-preview:large, max-video-preview:-1\" \/>\n<link rel=\"canonical\" href=\"https:\/\/dlslawfirm.com\/es\/abogados-de-colorado-especializados-en-lesiones-personales\/abogado-de-accidentes-de-coche-en-denver\/la-importancia-de-la-cobertura-del-seguro-sin-seguro\/\" \/>\n<meta property=\"og:locale\" content=\"es_MX\" \/>\n<meta property=\"og:type\" content=\"article\" \/>\n<meta property=\"og:title\" content=\"Cobertura de seguro de motorista sin seguro | Abogado en Denver\" \/>\n<meta property=\"og:description\" content=\"Nuestros abogados expertos en accidentes de tr\u00e1fico en Denver, CO, insisten en la importancia de obtener cobertura contra los automovilistas sin seguro.\" \/>\n<meta property=\"og:url\" content=\"https:\/\/dlslawfirm.com\/es\/abogados-de-colorado-especializados-en-lesiones-personales\/abogado-de-accidentes-de-coche-en-denver\/la-importancia-de-la-cobertura-del-seguro-sin-seguro\/\" \/>\n<meta property=\"og:site_name\" content=\"Law Offices of Dianne Sawaya LLC- En Espanol\" \/>\n<meta name=\"twitter:card\" content=\"summary_large_image\" \/>\n<meta name=\"twitter:label1\" content=\"Est. reading time\" \/>\n\t<meta name=\"twitter:data1\" content=\"3 minutos\" \/>\n<script type=\"application\/ld+json\" class=\"yoast-schema-graph\">{\"@context\":\"https:\\\/\\\/schema.org\",\"@graph\":[{\"@type\":\"WebPage\",\"@id\":\"https:\\\/\\\/dlslawfirm.com\\\/es\\\/abogados-de-colorado-especializados-en-lesiones-personales\\\/abogado-de-accidentes-de-coche-en-denver\\\/la-importancia-de-la-cobertura-del-seguro-sin-seguro\\\/\",\"url\":\"https:\\\/\\\/dlslawfirm.com\\\/es\\\/abogados-de-colorado-especializados-en-lesiones-personales\\\/abogado-de-accidentes-de-coche-en-denver\\\/la-importancia-de-la-cobertura-del-seguro-sin-seguro\\\/\",\"name\":\"Cobertura de seguro de motorista sin seguro | Abogado en Denver\",\"isPartOf\":{\"@id\":\"https:\\\/\\\/dlslawfirm.com\\\/es\\\/#website\"},\"datePublished\":\"2016-06-29T15:32:15+00:00\",\"description\":\"Nuestros abogados expertos en accidentes de tr\u00e1fico en Denver, CO, insisten en la importancia de obtener cobertura contra los automovilistas sin seguro.\",\"breadcrumb\":{\"@id\":\"https:\\\/\\\/dlslawfirm.com\\\/es\\\/abogados-de-colorado-especializados-en-lesiones-personales\\\/abogado-de-accidentes-de-coche-en-denver\\\/la-importancia-de-la-cobertura-del-seguro-sin-seguro\\\/#breadcrumb\"},\"inLanguage\":\"es\",\"potentialAction\":[{\"@type\":\"ReadAction\",\"target\":[\"https:\\\/\\\/dlslawfirm.com\\\/es\\\/abogados-de-colorado-especializados-en-lesiones-personales\\\/abogado-de-accidentes-de-coche-en-denver\\\/la-importancia-de-la-cobertura-del-seguro-sin-seguro\\\/\"]}]},{\"@type\":\"BreadcrumbList\",\"@id\":\"https:\\\/\\\/dlslawfirm.com\\\/es\\\/abogados-de-colorado-especializados-en-lesiones-personales\\\/abogado-de-accidentes-de-coche-en-denver\\\/la-importancia-de-la-cobertura-del-seguro-sin-seguro\\\/#breadcrumb\",\"itemListElement\":[{\"@type\":\"ListItem\",\"position\":1,\"name\":\"Home\",\"item\":\"https:\\\/\\\/dlslawfirm.com\\\/es\\\/\"},{\"@type\":\"ListItem\",\"position\":2,\"name\":\"Abogados de Colorado especializados en lesiones personales\",\"item\":\"https:\\\/\\\/dlslawfirm.com\\\/es\\\/abogados-de-colorado-especializados-en-lesiones-personales\\\/\"},{\"@type\":\"ListItem\",\"position\":3,\"name\":\"Abogado de accidentes de coche en Denver\",\"item\":\"https:\\\/\\\/dlslawfirm.com\\\/es\\\/abogados-de-colorado-especializados-en-lesiones-personales\\\/abogado-de-accidentes-de-coche-en-denver\\\/\"},{\"@type\":\"ListItem\",\"position\":4,\"name\":\"La importancia de la cobertura del seguro sin seguro\"}]},{\"@type\":\"WebSite\",\"@id\":\"https:\\\/\\\/dlslawfirm.com\\\/es\\\/#website\",\"url\":\"https:\\\/\\\/dlslawfirm.com\\\/es\\\/\",\"name\":\"Law Offices of Dianne Sawaya LLC- En Espanol\",\"description\":\"\",\"potentialAction\":[{\"@type\":\"SearchAction\",\"target\":{\"@type\":\"EntryPoint\",\"urlTemplate\":\"https:\\\/\\\/dlslawfirm.com\\\/es\\\/?s={search_term_string}\"},\"query-input\":{\"@type\":\"PropertyValueSpecification\",\"valueRequired\":true,\"valueName\":\"search_term_string\"}}],\"inLanguage\":\"es\"}]}<\/script>\n<!-- \/ Yoast SEO plugin. -->","yoast_head_json":{"title":"Cobertura de seguro de motorista sin seguro | Abogado en Denver","description":"Nuestros abogados expertos en accidentes de tr\u00e1fico en Denver, CO, insisten en la importancia de obtener cobertura contra los automovilistas sin seguro.","robots":{"index":"index","follow":"follow","max-snippet":"max-snippet:-1","max-image-preview":"max-image-preview:large","max-video-preview":"max-video-preview:-1"},"canonical":"https:\/\/dlslawfirm.com\/es\/abogados-de-colorado-especializados-en-lesiones-personales\/abogado-de-accidentes-de-coche-en-denver\/la-importancia-de-la-cobertura-del-seguro-sin-seguro\/","og_locale":"es_MX","og_type":"article","og_title":"Cobertura de seguro de motorista sin seguro | Abogado en Denver","og_description":"Nuestros abogados expertos en accidentes de tr\u00e1fico en Denver, CO, insisten en la importancia de obtener cobertura contra los automovilistas sin seguro.","og_url":"https:\/\/dlslawfirm.com\/es\/abogados-de-colorado-especializados-en-lesiones-personales\/abogado-de-accidentes-de-coche-en-denver\/la-importancia-de-la-cobertura-del-seguro-sin-seguro\/","og_site_name":"Law Offices of Dianne Sawaya LLC- En Espanol","twitter_card":"summary_large_image","twitter_misc":{"Est. reading time":"3 minutos"},"schema":{"@context":"https:\/\/schema.org","@graph":[{"@type":"WebPage","@id":"https:\/\/dlslawfirm.com\/es\/abogados-de-colorado-especializados-en-lesiones-personales\/abogado-de-accidentes-de-coche-en-denver\/la-importancia-de-la-cobertura-del-seguro-sin-seguro\/","url":"https:\/\/dlslawfirm.com\/es\/abogados-de-colorado-especializados-en-lesiones-personales\/abogado-de-accidentes-de-coche-en-denver\/la-importancia-de-la-cobertura-del-seguro-sin-seguro\/","name":"Cobertura de seguro de motorista sin seguro | Abogado en Denver","isPartOf":{"@id":"https:\/\/dlslawfirm.com\/es\/#website"},"datePublished":"2016-06-29T15:32:15+00:00","description":"Nuestros abogados expertos en accidentes de tr\u00e1fico en Denver, CO, insisten en la importancia de obtener cobertura contra los automovilistas sin seguro.","breadcrumb":{"@id":"https:\/\/dlslawfirm.com\/es\/abogados-de-colorado-especializados-en-lesiones-personales\/abogado-de-accidentes-de-coche-en-denver\/la-importancia-de-la-cobertura-del-seguro-sin-seguro\/#breadcrumb"},"inLanguage":"es","potentialAction":[{"@type":"ReadAction","target":["https:\/\/dlslawfirm.com\/es\/abogados-de-colorado-especializados-en-lesiones-personales\/abogado-de-accidentes-de-coche-en-denver\/la-importancia-de-la-cobertura-del-seguro-sin-seguro\/"]}]},{"@type":"BreadcrumbList","@id":"https:\/\/dlslawfirm.com\/es\/abogados-de-colorado-especializados-en-lesiones-personales\/abogado-de-accidentes-de-coche-en-denver\/la-importancia-de-la-cobertura-del-seguro-sin-seguro\/#breadcrumb","itemListElement":[{"@type":"ListItem","position":1,"name":"Home","item":"https:\/\/dlslawfirm.com\/es\/"},{"@type":"ListItem","position":2,"name":"Abogados de Colorado especializados en lesiones personales","item":"https:\/\/dlslawfirm.com\/es\/abogados-de-colorado-especializados-en-lesiones-personales\/"},{"@type":"ListItem","position":3,"name":"Abogado de accidentes de coche en Denver","item":"https:\/\/dlslawfirm.com\/es\/abogados-de-colorado-especializados-en-lesiones-personales\/abogado-de-accidentes-de-coche-en-denver\/"},{"@type":"ListItem","position":4,"name":"La importancia de la cobertura del seguro sin seguro"}]},{"@type":"WebSite","@id":"https:\/\/dlslawfirm.com\/es\/#website","url":"https:\/\/dlslawfirm.com\/es\/","name":"Law Offices of Dianne Sawaya LLC- En Espanol","description":"","potentialAction":[{"@type":"SearchAction","target":{"@type":"EntryPoint","urlTemplate":"https:\/\/dlslawfirm.com\/es\/?s={search_term_string}"},"query-input":{"@type":"PropertyValueSpecification","valueRequired":true,"valueName":"search_term_string"}}],"inLanguage":"es"}]}},"_links":{"self":[{"href":"https:\/\/dlslawfirm.com\/es\/wp-json\/wp\/v2\/pages\/6923","targetHints":{"allow":["GET"]}}],"collection":[{"href":"https:\/\/dlslawfirm.com\/es\/wp-json\/wp\/v2\/pages"}],"about":[{"href":"https:\/\/dlslawfirm.com\/es\/wp-json\/wp\/v2\/types\/page"}],"author":[{"embeddable":true,"href":"https:\/\/dlslawfirm.com\/es\/wp-json\/wp\/v2\/users\/2"}],"replies":[{"embeddable":true,"href":"https:\/\/dlslawfirm.com\/es\/wp-json\/wp\/v2\/comments?post=6923"}],"version-history":[{"count":0,"href":"https:\/\/dlslawfirm.com\/es\/wp-json\/wp\/v2\/pages\/6923\/revisions"}],"up":[{"embeddable":true,"href":"https:\/\/dlslawfirm.com\/es\/wp-json\/wp\/v2\/pages\/7038"}],"wp:attachment":[{"href":"https:\/\/dlslawfirm.com\/es\/wp-json\/wp\/v2\/media?parent=6923"}],"wp:term":[{"taxonomy":"post_tag","embeddable":true,"href":"https:\/\/dlslawfirm.com\/es\/wp-json\/wp\/v2\/tags?post=6923"}],"curies":[{"name":"wp","href":"https:\/\/api.w.org\/{rel}","templated":true}]}}