{"id":6922,"date":"2016-01-12T17:41:15","date_gmt":"2016-01-12T17:41:15","guid":{"rendered":"https:\/\/dlslawfirm.com\/puedes-demandar-al-fabricante-del-coche-por-homicidio-culposo\/"},"modified":"2025-05-28T07:28:13","modified_gmt":"2025-05-28T07:28:13","slug":"puedes-demandar-al-fabricante-del-coche-por-homicidio-culposo","status":"publish","type":"page","link":"https:\/\/dlslawfirm.com\/es\/abogados-de-colorado-especializados-en-lesiones-personales\/abogados-especializados-en-homicidio-culposo-en-denver-colorado\/puedes-demandar-al-fabricante-del-coche-por-homicidio-culposo\/","title":{"rendered":"\u00bfPuedes demandar al fabricante del coche por homicidio culposo?"},"content":{"rendered":"<p><img loading=\"lazy\" decoding=\"async\" class=\"alignright wp-image-2658\" src=\"\/\/dlslawfirm.com\/wp-content\/uploads\/2016\/01\/Ferrari-steering-wheel.png\" alt=\"Volante Ferrari\" width=\"500\" height=\"333\" \/>La tr\u00e1gica muerte del actor <a href=\"http:\/\/www.people.com\/people\/article\/0,,20771976,00.html\">Paul Walker<\/a>, la estrella de <em>Fast &amp; Furious <\/em>, en 2013 sorprendi\u00f3 al pa\u00eds. Los informes afirman que el Porsche Carrera GT de 2005 circulaba a m\u00e1s de 160 km\/h cuando se estrell\u00f3 y estall\u00f3 en llamas en Santa Clarita, California. Los amigos alegaron que el accidente se debi\u00f3 a un fallo mec\u00e1nico; sin embargo, el informe final no inclu\u00eda ninguna menci\u00f3n a un defecto mec\u00e1nico.<\/p>\n<p>La hija de Walker, <a href=\"http:\/\/www.tmz.com\/2015\/11\/16\/paul-walker-porsche-lawsuit-crash\/\">Meadow Walker<\/a>, ha presentado una demanda por homicidio culposo contra Porsche alegando que el dise\u00f1o del coche era defectuoso. El informe tambi\u00e9n alega que el Porsche no estaba dise\u00f1ado para proteger a sus ocupantes durante un choque. Walker no conduc\u00eda en el momento del accidente, sino que iba en el asiento del copiloto. Los abogados de Porsche han presentado una respuesta a la demanda en la que alegan que el veh\u00edculo &#8220;se utiliz\u00f3 mal y se mantuvo de forma inadecuada&#8221;, adem\u00e1s de alegar que Walker fue responsable, al menos en parte, de su muerte por participar en un viaje a alta velocidad.<\/p>\n<p>El <a href=\"http:\/\/www.usatoday.com\/story\/life\/movies\/2015\/11\/26\/paul-walkers-father-sues-porsche-over-sons-fatal-crash\/76412144\/\">padre de Paul<\/a> Walker tambi\u00e9n ha presentado una demanda por homicidio culposo y negligencia en relaci\u00f3n con la muerte de su hijo en noviembre de 2013. Como albacea testamentario de su hijo, el padre de Walker alega que el Porsche Carrera GT no ten\u00eda las caracter\u00edsticas de seguridad que podr\u00edan haber evitado la muerte de su hijo. La demanda alega que el veh\u00edculo no dispon\u00eda de elementos de seguridad, como refuerzos en las puertas laterales, un conducto de combustible que se romp\u00eda y un sistema de control de estabilidad que podr\u00edan haber evitado la muerte del actor.<\/p>\n<p>No est\u00e1 claro si otros familiares pueden estar prepar\u00e1ndose tambi\u00e9n para presentar una demanda por homicidio culposo contra el fabricante de autom\u00f3viles. Si se determina que Porsche fue negligente o responsable, algunos miembros de la familia podr\u00edan recibir una importante indemnizaci\u00f3n monetaria por los ingresos perdidos que el actor habr\u00eda percibido por futuros trabajos si hubiera sobrevivido al accidente.<\/p>\n<h2>Presentar una demanda por homicidio culposo en Colorado<\/h2>\n<p>Las muertes por negligencia se producen en diversas situaciones, incluidos los accidentes de tr\u00e1fico. Si el fabricante, el taller de reparaciones, el fabricante de piezas u otra parte es responsable de la condici\u00f3n peligrosa que caus\u00f3 la muerte de tu ser querido, puedes tener una reclamaci\u00f3n en virtud de las leyes de Colorado sobre homicidio culposo. Puedes tener derecho a recibir una indemnizaci\u00f3n por gastos m\u00e9dicos; p\u00e9rdida de salario; p\u00e9rdida de compa\u00f1\u00eda, apoyo y orientaci\u00f3n; y angustia mental y dolor. Sin embargo, necesitas un abogado de Denver especializado en homicidio culposo con amplia experiencia en este tipo de demandas por lesiones personales.<\/p>\n<p>Para ganar un juicio por homicidio culposo en Colorado, debes demostrar que la parte caus\u00f3 la afecci\u00f3n, sab\u00eda que exist\u00eda o deber\u00eda haber sabido que exist\u00eda, y que no tom\u00f3 medidas para remediar la situaci\u00f3n. Tambi\u00e9n debes demostrar que la condici\u00f3n peligrosa fue la causa directa de la muerte de tu ser querido. Nuestros abogados especializados en homicidio culposo tienen los conocimientos, la habilidad y la experiencia necesarios para tramitar tu demanda por homicidio culposo.<\/p>\n<p>Debes actuar con rapidez: s\u00f3lo tienes un tiempo limitado para presentar una demanda por homicidio culposo debido a la ley de prescripci\u00f3n de Colorado. Si no presentas la demanda antes de que expire el plazo de prescripci\u00f3n, pierdes el derecho legal a presentar esta demanda.<\/p>\n<h2>\u00bfHas perdido a un ser querido?<\/h2>\n<p>Perder a un ser querido nunca es f\u00e1cil; sin embargo, cuando esto ocurre por negligencia de otra parte, necesitas buscar justicia para tu ser querido. Las leyes de Colorado sobre homicidio culposo proporcionan un recurso legal. Como la ley no puede deshacer el acto que caus\u00f3 la muerte de tu ser querido, el \u00fanico remedio que puede proporcionar es una indemnizaci\u00f3n econ\u00f3mica. Una indemnizaci\u00f3n econ\u00f3mica no te devolver\u00e1 a tu ser querido, pero puede ayudarte a cubrir tus necesidades y las de tu familia.<\/p>\n<p>Ponte en contacto con The Law Offices of Dianne L. Sawaya LLC para hablar sobre la presentaci\u00f3n de una demanda conforme a los estatutos de muerte por negligencia de Colorado. Estamos disponibles por tel\u00e9fono en el <strong>303-758-4777<\/strong> o a trav\u00e9s de nuestro <a href=\"\/\/dlslawfirm.com\/contacto-nos\/\">sitio web<\/a>.<\/p>\n","protected":false},"excerpt":{"rendered":"<p>La tr\u00e1gica muerte del actor Paul Walker, la estrella de Fast &amp; Furious , en 2013 sorprendi\u00f3 al pa\u00eds. Los informes afirman que el Porsche Carrera GT de 2005 circulaba a m\u00e1s de 160 km\/h cuando se estrell\u00f3 y estall\u00f3 en llamas en Santa Clarita, California. Los amigos alegaron que el accidente se debi\u00f3 a&#8230;<\/p>\n","protected":false},"author":2,"featured_media":0,"parent":6993,"menu_order":104,"comment_status":"closed","ping_status":"closed","template":"","meta":{"_acf_changed":false,"footnotes":""},"tags":[],"class_list":["post-6922","page","type-page","status-publish","hentry"],"acf":[],"yoast_head":"<!-- This site is optimized with the Yoast SEO plugin v27.3 - https:\/\/yoast.com\/product\/yoast-seo-wordpress\/ -->\n<title>Demandar a los Fabricantes de Autom\u00f3viles por Homicidio Culposo en Colorado<\/title>\n<meta name=\"description\" content=\"\u00bfPuedes demandar a un fabricante de autom\u00f3viles por homicidio culposo debido a un fallo mec\u00e1nico? Los abogados de The Law Offices of Dianne L. Sawaya LLC en Denver, CO responden.\" \/>\n<meta name=\"robots\" content=\"index, follow, max-snippet:-1, max-image-preview:large, max-video-preview:-1\" \/>\n<link rel=\"canonical\" href=\"https:\/\/dlslawfirm.com\/es\/abogados-de-colorado-especializados-en-lesiones-personales\/abogados-especializados-en-homicidio-culposo-en-denver-colorado\/puedes-demandar-al-fabricante-del-coche-por-homicidio-culposo\/\" \/>\n<meta property=\"og:locale\" content=\"es_MX\" \/>\n<meta property=\"og:type\" content=\"article\" \/>\n<meta property=\"og:title\" content=\"Demandar a los Fabricantes de Autom\u00f3viles por Homicidio Culposo en Colorado\" \/>\n<meta property=\"og:description\" content=\"\u00bfPuedes demandar a un fabricante de autom\u00f3viles por homicidio culposo debido a un fallo mec\u00e1nico? Los abogados de The Law Offices of Dianne L. Sawaya LLC en Denver, CO responden.\" \/>\n<meta property=\"og:url\" content=\"https:\/\/dlslawfirm.com\/es\/abogados-de-colorado-especializados-en-lesiones-personales\/abogados-especializados-en-homicidio-culposo-en-denver-colorado\/puedes-demandar-al-fabricante-del-coche-por-homicidio-culposo\/\" \/>\n<meta property=\"og:site_name\" content=\"Law Offices of Dianne Sawaya LLC- En Espanol\" \/>\n<meta property=\"article:modified_time\" content=\"2025-05-28T07:28:13+00:00\" \/>\n<meta name=\"twitter:card\" content=\"summary_large_image\" \/>\n<meta name=\"twitter:label1\" content=\"Est. reading time\" \/>\n\t<meta name=\"twitter:data1\" content=\"4 minutos\" \/>\n<script type=\"application\/ld+json\" class=\"yoast-schema-graph\">{\"@context\":\"https:\\\/\\\/schema.org\",\"@graph\":[{\"@type\":\"WebPage\",\"@id\":\"https:\\\/\\\/dlslawfirm.com\\\/es\\\/abogados-de-colorado-especializados-en-lesiones-personales\\\/abogados-especializados-en-homicidio-culposo-en-denver-colorado\\\/puedes-demandar-al-fabricante-del-coche-por-homicidio-culposo\\\/\",\"url\":\"https:\\\/\\\/dlslawfirm.com\\\/es\\\/abogados-de-colorado-especializados-en-lesiones-personales\\\/abogados-especializados-en-homicidio-culposo-en-denver-colorado\\\/puedes-demandar-al-fabricante-del-coche-por-homicidio-culposo\\\/\",\"name\":\"Demandar a los Fabricantes de Autom\u00f3viles por Homicidio Culposo en Colorado\",\"isPartOf\":{\"@id\":\"https:\\\/\\\/dlslawfirm.com\\\/es\\\/#website\"},\"datePublished\":\"2016-01-12T17:41:15+00:00\",\"dateModified\":\"2025-05-28T07:28:13+00:00\",\"description\":\"\u00bfPuedes demandar a un fabricante de autom\u00f3viles por homicidio culposo debido a un fallo mec\u00e1nico? Los abogados de The Law Offices of Dianne L. Sawaya LLC en Denver, CO responden.\",\"breadcrumb\":{\"@id\":\"https:\\\/\\\/dlslawfirm.com\\\/es\\\/abogados-de-colorado-especializados-en-lesiones-personales\\\/abogados-especializados-en-homicidio-culposo-en-denver-colorado\\\/puedes-demandar-al-fabricante-del-coche-por-homicidio-culposo\\\/#breadcrumb\"},\"inLanguage\":\"es\",\"potentialAction\":[{\"@type\":\"ReadAction\",\"target\":[\"https:\\\/\\\/dlslawfirm.com\\\/es\\\/abogados-de-colorado-especializados-en-lesiones-personales\\\/abogados-especializados-en-homicidio-culposo-en-denver-colorado\\\/puedes-demandar-al-fabricante-del-coche-por-homicidio-culposo\\\/\"]}]},{\"@type\":\"BreadcrumbList\",\"@id\":\"https:\\\/\\\/dlslawfirm.com\\\/es\\\/abogados-de-colorado-especializados-en-lesiones-personales\\\/abogados-especializados-en-homicidio-culposo-en-denver-colorado\\\/puedes-demandar-al-fabricante-del-coche-por-homicidio-culposo\\\/#breadcrumb\",\"itemListElement\":[{\"@type\":\"ListItem\",\"position\":1,\"name\":\"Home\",\"item\":\"https:\\\/\\\/dlslawfirm.com\\\/es\\\/\"},{\"@type\":\"ListItem\",\"position\":2,\"name\":\"Abogados de Colorado especializados en lesiones personales\",\"item\":\"https:\\\/\\\/dlslawfirm.com\\\/es\\\/abogados-de-colorado-especializados-en-lesiones-personales\\\/\"},{\"@type\":\"ListItem\",\"position\":3,\"name\":\"Abogados especializados en homicidio culposo en Denver, Colorado\",\"item\":\"https:\\\/\\\/dlslawfirm.com\\\/es\\\/abogados-de-colorado-especializados-en-lesiones-personales\\\/abogados-especializados-en-homicidio-culposo-en-denver-colorado\\\/\"},{\"@type\":\"ListItem\",\"position\":4,\"name\":\"\u00bfPuedes demandar al fabricante del coche por homicidio culposo?\"}]},{\"@type\":\"WebSite\",\"@id\":\"https:\\\/\\\/dlslawfirm.com\\\/es\\\/#website\",\"url\":\"https:\\\/\\\/dlslawfirm.com\\\/es\\\/\",\"name\":\"Law Offices of Dianne Sawaya LLC- En Espanol\",\"description\":\"\",\"potentialAction\":[{\"@type\":\"SearchAction\",\"target\":{\"@type\":\"EntryPoint\",\"urlTemplate\":\"https:\\\/\\\/dlslawfirm.com\\\/es\\\/?s={search_term_string}\"},\"query-input\":{\"@type\":\"PropertyValueSpecification\",\"valueRequired\":true,\"valueName\":\"search_term_string\"}}],\"inLanguage\":\"es\"}]}<\/script>\n<!-- \/ Yoast SEO plugin. -->","yoast_head_json":{"title":"Demandar a los Fabricantes de Autom\u00f3viles por Homicidio Culposo en Colorado","description":"\u00bfPuedes demandar a un fabricante de autom\u00f3viles por homicidio culposo debido a un fallo mec\u00e1nico? Los abogados de The Law Offices of Dianne L. Sawaya LLC en Denver, CO responden.","robots":{"index":"index","follow":"follow","max-snippet":"max-snippet:-1","max-image-preview":"max-image-preview:large","max-video-preview":"max-video-preview:-1"},"canonical":"https:\/\/dlslawfirm.com\/es\/abogados-de-colorado-especializados-en-lesiones-personales\/abogados-especializados-en-homicidio-culposo-en-denver-colorado\/puedes-demandar-al-fabricante-del-coche-por-homicidio-culposo\/","og_locale":"es_MX","og_type":"article","og_title":"Demandar a los Fabricantes de Autom\u00f3viles por Homicidio Culposo en Colorado","og_description":"\u00bfPuedes demandar a un fabricante de autom\u00f3viles por homicidio culposo debido a un fallo mec\u00e1nico? Los abogados de The Law Offices of Dianne L. Sawaya LLC en Denver, CO responden.","og_url":"https:\/\/dlslawfirm.com\/es\/abogados-de-colorado-especializados-en-lesiones-personales\/abogados-especializados-en-homicidio-culposo-en-denver-colorado\/puedes-demandar-al-fabricante-del-coche-por-homicidio-culposo\/","og_site_name":"Law Offices of Dianne Sawaya LLC- En Espanol","article_modified_time":"2025-05-28T07:28:13+00:00","twitter_card":"summary_large_image","twitter_misc":{"Est. reading time":"4 minutos"},"schema":{"@context":"https:\/\/schema.org","@graph":[{"@type":"WebPage","@id":"https:\/\/dlslawfirm.com\/es\/abogados-de-colorado-especializados-en-lesiones-personales\/abogados-especializados-en-homicidio-culposo-en-denver-colorado\/puedes-demandar-al-fabricante-del-coche-por-homicidio-culposo\/","url":"https:\/\/dlslawfirm.com\/es\/abogados-de-colorado-especializados-en-lesiones-personales\/abogados-especializados-en-homicidio-culposo-en-denver-colorado\/puedes-demandar-al-fabricante-del-coche-por-homicidio-culposo\/","name":"Demandar a los Fabricantes de Autom\u00f3viles por Homicidio Culposo en Colorado","isPartOf":{"@id":"https:\/\/dlslawfirm.com\/es\/#website"},"datePublished":"2016-01-12T17:41:15+00:00","dateModified":"2025-05-28T07:28:13+00:00","description":"\u00bfPuedes demandar a un fabricante de autom\u00f3viles por homicidio culposo debido a un fallo mec\u00e1nico? Los abogados de The Law Offices of Dianne L. Sawaya LLC en Denver, CO responden.","breadcrumb":{"@id":"https:\/\/dlslawfirm.com\/es\/abogados-de-colorado-especializados-en-lesiones-personales\/abogados-especializados-en-homicidio-culposo-en-denver-colorado\/puedes-demandar-al-fabricante-del-coche-por-homicidio-culposo\/#breadcrumb"},"inLanguage":"es","potentialAction":[{"@type":"ReadAction","target":["https:\/\/dlslawfirm.com\/es\/abogados-de-colorado-especializados-en-lesiones-personales\/abogados-especializados-en-homicidio-culposo-en-denver-colorado\/puedes-demandar-al-fabricante-del-coche-por-homicidio-culposo\/"]}]},{"@type":"BreadcrumbList","@id":"https:\/\/dlslawfirm.com\/es\/abogados-de-colorado-especializados-en-lesiones-personales\/abogados-especializados-en-homicidio-culposo-en-denver-colorado\/puedes-demandar-al-fabricante-del-coche-por-homicidio-culposo\/#breadcrumb","itemListElement":[{"@type":"ListItem","position":1,"name":"Home","item":"https:\/\/dlslawfirm.com\/es\/"},{"@type":"ListItem","position":2,"name":"Abogados de Colorado especializados en lesiones personales","item":"https:\/\/dlslawfirm.com\/es\/abogados-de-colorado-especializados-en-lesiones-personales\/"},{"@type":"ListItem","position":3,"name":"Abogados especializados en homicidio culposo en Denver, Colorado","item":"https:\/\/dlslawfirm.com\/es\/abogados-de-colorado-especializados-en-lesiones-personales\/abogados-especializados-en-homicidio-culposo-en-denver-colorado\/"},{"@type":"ListItem","position":4,"name":"\u00bfPuedes demandar al fabricante del coche por homicidio culposo?"}]},{"@type":"WebSite","@id":"https:\/\/dlslawfirm.com\/es\/#website","url":"https:\/\/dlslawfirm.com\/es\/","name":"Law Offices of Dianne Sawaya LLC- En Espanol","description":"","potentialAction":[{"@type":"SearchAction","target":{"@type":"EntryPoint","urlTemplate":"https:\/\/dlslawfirm.com\/es\/?s={search_term_string}"},"query-input":{"@type":"PropertyValueSpecification","valueRequired":true,"valueName":"search_term_string"}}],"inLanguage":"es"}]}},"_links":{"self":[{"href":"https:\/\/dlslawfirm.com\/es\/wp-json\/wp\/v2\/pages\/6922","targetHints":{"allow":["GET"]}}],"collection":[{"href":"https:\/\/dlslawfirm.com\/es\/wp-json\/wp\/v2\/pages"}],"about":[{"href":"https:\/\/dlslawfirm.com\/es\/wp-json\/wp\/v2\/types\/page"}],"author":[{"embeddable":true,"href":"https:\/\/dlslawfirm.com\/es\/wp-json\/wp\/v2\/users\/2"}],"replies":[{"embeddable":true,"href":"https:\/\/dlslawfirm.com\/es\/wp-json\/wp\/v2\/comments?post=6922"}],"version-history":[{"count":0,"href":"https:\/\/dlslawfirm.com\/es\/wp-json\/wp\/v2\/pages\/6922\/revisions"}],"up":[{"embeddable":true,"href":"https:\/\/dlslawfirm.com\/es\/wp-json\/wp\/v2\/pages\/6993"}],"wp:attachment":[{"href":"https:\/\/dlslawfirm.com\/es\/wp-json\/wp\/v2\/media?parent=6922"}],"wp:term":[{"taxonomy":"post_tag","embeddable":true,"href":"https:\/\/dlslawfirm.com\/es\/wp-json\/wp\/v2\/tags?post=6922"}],"curies":[{"name":"wp","href":"https:\/\/api.w.org\/{rel}","templated":true}]}}