{"id":6916,"date":"2016-06-29T15:38:07","date_gmt":"2016-06-29T15:38:07","guid":{"rendered":"https:\/\/dlslawfirm.com\/como-evitar-un-accidente-de-trafico\/"},"modified":"2016-06-29T15:38:07","modified_gmt":"2016-06-29T15:38:07","slug":"como-evitar-un-accidente-de-trafico","status":"publish","type":"page","link":"https:\/\/dlslawfirm.com\/es\/abogados-de-colorado-especializados-en-lesiones-personales\/abogado-de-accidentes-de-coche-en-denver\/como-evitar-un-accidente-de-trafico\/","title":{"rendered":"C\u00f3mo evitar un accidente de tr\u00e1fico"},"content":{"rendered":"<h2>Consejos para evitar accidentes de tr\u00e1fico<\/h2>\n<p>El mejor m\u00e9todo para hacer frente a los accidentes de coche es, por supuesto, evitarlos por completo. Por desgracia, eso no siempre es posible. Hasta el conductor m\u00e1s defensivo puede verse implicado en un accidente en alg\u00fan momento de su vida, ya sea por sus propias acciones o por las de otro conductor.<\/p>\n<p>Adem\u00e1s del comportamiento potencialmente peligroso o imprudente de otros conductores, tambi\u00e9n tienes que tener en cuenta factores como las condiciones meteorol\u00f3gicas, los animales y la fauna salvaje, y materiales como \u00e1rboles ca\u00eddos. Puedes ser el conductor m\u00e1s seguro y consciente del planeta, pero ni siquiera eso te proteger\u00e1 contra la mala suerte.<\/p>\n<p>Dicho esto, hay pr\u00e1cticas, estrategias y t\u00e9cnicas que todo conductor puede seguir para disminuir sus probabilidades de verse implicado en un accidente o choque de coche. La primera regla de la conducci\u00f3n segura es estar siempre atento, sobre todo porque muchas veces la otra persona no lo est\u00e1.<\/p>\n[cta_interior title=&#8221;CTA Interior&#8221;]\n<p>He aqu\u00ed otras sugerencias que los conductores deben seguir para evitar accidentes de tr\u00e1fico y contribuir a una conducci\u00f3n m\u00e1s segura cada vez que te pongas al volante.<\/p>\n<ul>\n<li>La conducci\u00f3n distra\u00edda se define como &#8220;cualquier actividad que pueda desviar la atenci\u00f3n de una persona de la tarea principal de conducir&#8221;. Seg\u00fan el sitio web oficial del gobierno de EE.UU. sobre conducci\u00f3n distra\u00edda, 3.179 personas murieron y 431.000 resultaron heridas en accidentes de coche como consecuencia de la conducci\u00f3n distra\u00edda. No es del todo sorprendente si tenemos en cuenta que en EE.UU. se env\u00edan casi 170.000 millones de mensajes de texto al mes.<\/li>\n<li>Los tel\u00e9fonos m\u00f3viles acaparan la mayor parte de la atenci\u00f3n, y con raz\u00f3n, pero la conducci\u00f3n distra\u00edda no se detiene ah\u00ed. Hacer cosas como configurar o trastear con un sistema GPS, discutir con otras personas que van contigo en el veh\u00edculo, maquillarte o zamparte el desayuno de camino a la oficina puede aumentar mucho tus probabilidades de sufrir un accidente de tr\u00e1fico por conducci\u00f3n distra\u00edda.<\/li>\n<li>Viaja siempre a una distancia segura entre t\u00fa y los veh\u00edculos que te rodean. Algunas personas han sugerido el t\u00edpico espacio de un coche de largo, pero realmente no hay una respuesta concreta aparte del buen juicio. Ten en cuenta a los dem\u00e1s conductores que est\u00e9n cerca de ti y d\u00e9jate espacio suficiente por si ocurre algo.<\/li>\n<li>Si quieres evitar accidentes de tr\u00e1fico y percances con tu veh\u00edculo, tienes que mantenerlo en buen estado. Mantener los neum\u00e1ticos inflados, sustituir los frenos a la primera se\u00f1al de disminuci\u00f3n del rendimiento y estar al d\u00eda de cualquier problema de mantenimiento general puede evitar que algo vaya mal mientras conduces.<\/li>\n<li>Cumplir los protocolos de seguridad habituales, como el uso del cintur\u00f3n de seguridad y las sillas de seguridad para los ni\u00f1os, son elementos importantes para mantenerte a salvo en caso de accidente.<\/li>\n<\/ul>\n<p>No hay duda de que en los \u00faltimos a\u00f1os los veh\u00edculos son mucho m\u00e1s seguros que los modelos anteriores, lo que ha contribuido a reducir el n\u00famero de accidentes mortales y graves. De hecho, hoy en d\u00eda es m\u00e1s probable que te veas implicado en un accidente de coche de una sola persona, que suelen ser menos mortales\/graves. Aproximadamente en el 72% de los accidentes de tr\u00e1fico de 2009 s\u00f3lo se produjeron da\u00f1os materiales.<\/p>\n<p>Si nunca has hecho cursos de educaci\u00f3n vial o de conducci\u00f3n defensiva (o hace tiempo que no los haces), puede ser una buena inversi\u00f3n en la que pensar. No s\u00f3lo te proporcionar\u00e1 m\u00e1s herramientas, consejos e informaci\u00f3n sobre los peligros potenciales de la conducci\u00f3n y c\u00f3mo evitarlos, sino que a menudo te aportar\u00e1 un valor inmediato en la reducci\u00f3n de los pagos\/primas de tu seguro de autom\u00f3vil. Consulta a tu compa\u00f1\u00eda de seguros si ofrece alg\u00fan tipo de incentivo.<\/p>\n<p>Nunca podr\u00e1s garantizarte por completo no sufrir nunca un accidente o choque de coche, pero tomando las precauciones adecuadas y las medidas necesarias puedes aumentar mucho tus posibilidades de evitarlos.<br \/>\nAunque evites los accidentes de tr\u00e1fico, los accidentes ocurren. Si alguna vez te ves implicado en un accidente de tr\u00e1fico, ponte en contacto con nuestro equipo de abogados especializados en accidentes de tr\u00e1fico de Denver para que te ayuden a determinar la culpa y un plan de acci\u00f3n para seguir adelante.<\/p>\n<p>En el Bufete de Dianne Sawaya contamos con una red de especialistas m\u00e9dicos, expertos en accidentes de tr\u00e1fico e investigadores privados que trabajar\u00e1n con diligencia hasta que tu recuperaci\u00f3n y tu caso sean completos y satisfactorios. Para nosotros, no se trata de dinero. Se trata de proteger tu seguridad y conseguir la indemnizaci\u00f3n que puedas merecer. Ll\u00e1manos al (303) 758-4777 o ponte en contacto con nosotros para una evaluaci\u00f3n gratuita de tu caso de accidente de tr\u00e1fico.<\/p>\n","protected":false},"excerpt":{"rendered":"<p>Consejos para evitar accidentes de tr\u00e1fico El mejor m\u00e9todo para hacer frente a los accidentes de coche es, por supuesto, evitarlos por completo. Por desgracia, eso no siempre es posible. Hasta el conductor m\u00e1s defensivo puede verse implicado en un accidente en alg\u00fan momento de su vida, ya sea por sus propias acciones o por&#8230;<\/p>\n","protected":false},"author":2,"featured_media":0,"parent":7038,"menu_order":84,"comment_status":"closed","ping_status":"closed","template":"","meta":{"_acf_changed":false,"footnotes":""},"tags":[],"class_list":["post-6916","page","type-page","status-publish","hentry"],"acf":[],"yoast_head":"<!-- This site is optimized with the Yoast SEO plugin v27.4 - https:\/\/yoast.com\/product\/yoast-seo-wordpress\/ -->\n<title>Consejos Para Evitar Accidentes de Coche | Abogados de Accidentes de Denver<\/title>\n<meta name=\"description\" content=\"A todos nos ense\u00f1an a ser conductores defensivos, pero \u00bfnos ayuda eso realmente a evitar un accidente? Averigua qu\u00e9 puedes hacer para evitar un accidente de tr\u00e1fico.\" \/>\n<meta name=\"robots\" content=\"index, follow, max-snippet:-1, max-image-preview:large, max-video-preview:-1\" \/>\n<link rel=\"canonical\" href=\"https:\/\/dlslawfirm.com\/es\/abogados-de-colorado-especializados-en-lesiones-personales\/abogado-de-accidentes-de-coche-en-denver\/como-evitar-un-accidente-de-trafico\/\" \/>\n<meta property=\"og:locale\" content=\"es_MX\" \/>\n<meta property=\"og:type\" content=\"article\" \/>\n<meta property=\"og:title\" content=\"Consejos Para Evitar Accidentes de Coche | Abogados de Accidentes de Denver\" \/>\n<meta property=\"og:description\" content=\"A todos nos ense\u00f1an a ser conductores defensivos, pero \u00bfnos ayuda eso realmente a evitar un accidente? Averigua qu\u00e9 puedes hacer para evitar un accidente de tr\u00e1fico.\" \/>\n<meta property=\"og:url\" content=\"https:\/\/dlslawfirm.com\/es\/abogados-de-colorado-especializados-en-lesiones-personales\/abogado-de-accidentes-de-coche-en-denver\/como-evitar-un-accidente-de-trafico\/\" \/>\n<meta property=\"og:site_name\" content=\"Law Offices of Dianne Sawaya LLC- En Espanol\" \/>\n<meta name=\"twitter:card\" content=\"summary_large_image\" \/>\n<meta name=\"twitter:label1\" content=\"Est. reading time\" \/>\n\t<meta name=\"twitter:data1\" content=\"4 minutos\" \/>\n<script type=\"application\/ld+json\" class=\"yoast-schema-graph\">{\"@context\":\"https:\\\/\\\/schema.org\",\"@graph\":[{\"@type\":\"WebPage\",\"@id\":\"https:\\\/\\\/dlslawfirm.com\\\/es\\\/abogados-de-colorado-especializados-en-lesiones-personales\\\/abogado-de-accidentes-de-coche-en-denver\\\/como-evitar-un-accidente-de-trafico\\\/\",\"url\":\"https:\\\/\\\/dlslawfirm.com\\\/es\\\/abogados-de-colorado-especializados-en-lesiones-personales\\\/abogado-de-accidentes-de-coche-en-denver\\\/como-evitar-un-accidente-de-trafico\\\/\",\"name\":\"Consejos Para Evitar Accidentes de Coche | Abogados de Accidentes de Denver\",\"isPartOf\":{\"@id\":\"https:\\\/\\\/dlslawfirm.com\\\/es\\\/#website\"},\"datePublished\":\"2016-06-29T15:38:07+00:00\",\"description\":\"A todos nos ense\u00f1an a ser conductores defensivos, pero \u00bfnos ayuda eso realmente a evitar un accidente? Averigua qu\u00e9 puedes hacer para evitar un accidente de tr\u00e1fico.\",\"breadcrumb\":{\"@id\":\"https:\\\/\\\/dlslawfirm.com\\\/es\\\/abogados-de-colorado-especializados-en-lesiones-personales\\\/abogado-de-accidentes-de-coche-en-denver\\\/como-evitar-un-accidente-de-trafico\\\/#breadcrumb\"},\"inLanguage\":\"es\",\"potentialAction\":[{\"@type\":\"ReadAction\",\"target\":[\"https:\\\/\\\/dlslawfirm.com\\\/es\\\/abogados-de-colorado-especializados-en-lesiones-personales\\\/abogado-de-accidentes-de-coche-en-denver\\\/como-evitar-un-accidente-de-trafico\\\/\"]}]},{\"@type\":\"BreadcrumbList\",\"@id\":\"https:\\\/\\\/dlslawfirm.com\\\/es\\\/abogados-de-colorado-especializados-en-lesiones-personales\\\/abogado-de-accidentes-de-coche-en-denver\\\/como-evitar-un-accidente-de-trafico\\\/#breadcrumb\",\"itemListElement\":[{\"@type\":\"ListItem\",\"position\":1,\"name\":\"Home\",\"item\":\"https:\\\/\\\/dlslawfirm.com\\\/es\\\/\"},{\"@type\":\"ListItem\",\"position\":2,\"name\":\"Abogados de Colorado especializados en lesiones personales\",\"item\":\"https:\\\/\\\/dlslawfirm.com\\\/es\\\/abogados-de-colorado-especializados-en-lesiones-personales\\\/\"},{\"@type\":\"ListItem\",\"position\":3,\"name\":\"Abogado de accidentes de coche en Denver\",\"item\":\"https:\\\/\\\/dlslawfirm.com\\\/es\\\/abogados-de-colorado-especializados-en-lesiones-personales\\\/abogado-de-accidentes-de-coche-en-denver\\\/\"},{\"@type\":\"ListItem\",\"position\":4,\"name\":\"C\u00f3mo evitar un accidente de tr\u00e1fico\"}]},{\"@type\":\"WebSite\",\"@id\":\"https:\\\/\\\/dlslawfirm.com\\\/es\\\/#website\",\"url\":\"https:\\\/\\\/dlslawfirm.com\\\/es\\\/\",\"name\":\"Law Offices of Dianne Sawaya LLC- En Espanol\",\"description\":\"\",\"potentialAction\":[{\"@type\":\"SearchAction\",\"target\":{\"@type\":\"EntryPoint\",\"urlTemplate\":\"https:\\\/\\\/dlslawfirm.com\\\/es\\\/?s={search_term_string}\"},\"query-input\":{\"@type\":\"PropertyValueSpecification\",\"valueRequired\":true,\"valueName\":\"search_term_string\"}}],\"inLanguage\":\"es\"}]}<\/script>\n<!-- \/ Yoast SEO plugin. -->","yoast_head_json":{"title":"Consejos Para Evitar Accidentes de Coche | Abogados de Accidentes de Denver","description":"A todos nos ense\u00f1an a ser conductores defensivos, pero \u00bfnos ayuda eso realmente a evitar un accidente? Averigua qu\u00e9 puedes hacer para evitar un accidente de tr\u00e1fico.","robots":{"index":"index","follow":"follow","max-snippet":"max-snippet:-1","max-image-preview":"max-image-preview:large","max-video-preview":"max-video-preview:-1"},"canonical":"https:\/\/dlslawfirm.com\/es\/abogados-de-colorado-especializados-en-lesiones-personales\/abogado-de-accidentes-de-coche-en-denver\/como-evitar-un-accidente-de-trafico\/","og_locale":"es_MX","og_type":"article","og_title":"Consejos Para Evitar Accidentes de Coche | Abogados de Accidentes de Denver","og_description":"A todos nos ense\u00f1an a ser conductores defensivos, pero \u00bfnos ayuda eso realmente a evitar un accidente? Averigua qu\u00e9 puedes hacer para evitar un accidente de tr\u00e1fico.","og_url":"https:\/\/dlslawfirm.com\/es\/abogados-de-colorado-especializados-en-lesiones-personales\/abogado-de-accidentes-de-coche-en-denver\/como-evitar-un-accidente-de-trafico\/","og_site_name":"Law Offices of Dianne Sawaya LLC- En Espanol","twitter_card":"summary_large_image","twitter_misc":{"Est. reading time":"4 minutos"},"schema":{"@context":"https:\/\/schema.org","@graph":[{"@type":"WebPage","@id":"https:\/\/dlslawfirm.com\/es\/abogados-de-colorado-especializados-en-lesiones-personales\/abogado-de-accidentes-de-coche-en-denver\/como-evitar-un-accidente-de-trafico\/","url":"https:\/\/dlslawfirm.com\/es\/abogados-de-colorado-especializados-en-lesiones-personales\/abogado-de-accidentes-de-coche-en-denver\/como-evitar-un-accidente-de-trafico\/","name":"Consejos Para Evitar Accidentes de Coche | Abogados de Accidentes de Denver","isPartOf":{"@id":"https:\/\/dlslawfirm.com\/es\/#website"},"datePublished":"2016-06-29T15:38:07+00:00","description":"A todos nos ense\u00f1an a ser conductores defensivos, pero \u00bfnos ayuda eso realmente a evitar un accidente? Averigua qu\u00e9 puedes hacer para evitar un accidente de tr\u00e1fico.","breadcrumb":{"@id":"https:\/\/dlslawfirm.com\/es\/abogados-de-colorado-especializados-en-lesiones-personales\/abogado-de-accidentes-de-coche-en-denver\/como-evitar-un-accidente-de-trafico\/#breadcrumb"},"inLanguage":"es","potentialAction":[{"@type":"ReadAction","target":["https:\/\/dlslawfirm.com\/es\/abogados-de-colorado-especializados-en-lesiones-personales\/abogado-de-accidentes-de-coche-en-denver\/como-evitar-un-accidente-de-trafico\/"]}]},{"@type":"BreadcrumbList","@id":"https:\/\/dlslawfirm.com\/es\/abogados-de-colorado-especializados-en-lesiones-personales\/abogado-de-accidentes-de-coche-en-denver\/como-evitar-un-accidente-de-trafico\/#breadcrumb","itemListElement":[{"@type":"ListItem","position":1,"name":"Home","item":"https:\/\/dlslawfirm.com\/es\/"},{"@type":"ListItem","position":2,"name":"Abogados de Colorado especializados en lesiones personales","item":"https:\/\/dlslawfirm.com\/es\/abogados-de-colorado-especializados-en-lesiones-personales\/"},{"@type":"ListItem","position":3,"name":"Abogado de accidentes de coche en Denver","item":"https:\/\/dlslawfirm.com\/es\/abogados-de-colorado-especializados-en-lesiones-personales\/abogado-de-accidentes-de-coche-en-denver\/"},{"@type":"ListItem","position":4,"name":"C\u00f3mo evitar un accidente de tr\u00e1fico"}]},{"@type":"WebSite","@id":"https:\/\/dlslawfirm.com\/es\/#website","url":"https:\/\/dlslawfirm.com\/es\/","name":"Law Offices of Dianne Sawaya LLC- En Espanol","description":"","potentialAction":[{"@type":"SearchAction","target":{"@type":"EntryPoint","urlTemplate":"https:\/\/dlslawfirm.com\/es\/?s={search_term_string}"},"query-input":{"@type":"PropertyValueSpecification","valueRequired":true,"valueName":"search_term_string"}}],"inLanguage":"es"}]}},"_links":{"self":[{"href":"https:\/\/dlslawfirm.com\/es\/wp-json\/wp\/v2\/pages\/6916","targetHints":{"allow":["GET"]}}],"collection":[{"href":"https:\/\/dlslawfirm.com\/es\/wp-json\/wp\/v2\/pages"}],"about":[{"href":"https:\/\/dlslawfirm.com\/es\/wp-json\/wp\/v2\/types\/page"}],"author":[{"embeddable":true,"href":"https:\/\/dlslawfirm.com\/es\/wp-json\/wp\/v2\/users\/2"}],"replies":[{"embeddable":true,"href":"https:\/\/dlslawfirm.com\/es\/wp-json\/wp\/v2\/comments?post=6916"}],"version-history":[{"count":0,"href":"https:\/\/dlslawfirm.com\/es\/wp-json\/wp\/v2\/pages\/6916\/revisions"}],"up":[{"embeddable":true,"href":"https:\/\/dlslawfirm.com\/es\/wp-json\/wp\/v2\/pages\/7038"}],"wp:attachment":[{"href":"https:\/\/dlslawfirm.com\/es\/wp-json\/wp\/v2\/media?parent=6916"}],"wp:term":[{"taxonomy":"post_tag","embeddable":true,"href":"https:\/\/dlslawfirm.com\/es\/wp-json\/wp\/v2\/tags?post=6916"}],"curies":[{"name":"wp","href":"https:\/\/api.w.org\/{rel}","templated":true}]}}