{"id":6908,"date":"2016-03-01T21:51:03","date_gmt":"2016-03-01T21:51:03","guid":{"rendered":"https:\/\/dlslawfirm.com\/tengo-derecho-a-una-indemnizacion-por-accidente-laboral\/"},"modified":"2016-03-01T21:51:03","modified_gmt":"2016-03-01T21:51:03","slug":"tengo-derecho-a-una-indemnizacion-por-accidente-laboral","status":"publish","type":"page","link":"https:\/\/dlslawfirm.com\/es\/preguntas-frecuentes\/tengo-derecho-a-una-indemnizacion-por-accidente-laboral\/","title":{"rendered":"\u00bfTengo derecho a una indemnizaci\u00f3n por accidente laboral?"},"content":{"rendered":"<h2><img loading=\"lazy\" decoding=\"async\" class=\"alignright size-full wp-image-2407\" src=\"\/\/dlslawfirm.com\/wp-content\/uploads\/2015\/04\/construction-accidents1.jpg\" alt=\"accidentes en la construcci\u00f3n\" width=\"410\" height=\"231\">Abogado de trabajadores lesionados<\/h2>\n<p>Sabemos que presentar una demanda por lesiones es confuso y complejo.. La Ley de Indemnizaci\u00f3n por Accidentes de Trabajo proporciona el 100% de los gastos m\u00e9dicos (m\u00e1s prestaciones salariales adicionales por el tiempo de recuperaci\u00f3n sin trabajar) a los trabajadores que sufren lesiones y\/o enfermedades en el trabajo. Con casi 3 millones de lesiones no mortales y m\u00e1s de 4.000 lesiones mortales sufridas por trabajadores estadounidenses en el transcurso de un a\u00f1o, seg\u00fan la Oficina de Estad\u00edsticas Laborales de EE.UU., las p\u00f3lizas de indemnizaci\u00f3n por accidente laboral son muy importantes para proteger a los empleados que trabajan duro.<\/p>\n<p>Por desgracia, aunque est\u00e9s cubierto por una p\u00f3liza de accidentes de trabajo, no necesariamente tienes derecho a recibir prestaciones tras cualquier lesi\u00f3n o enfermedad. Gracias a nuestra experiencia, sabemos que este tipo de situaciones pueden surgir y tener un abogado de tu parte puede ayudarte. Tambi\u00e9n es importante comprender que cada estado (adem\u00e1s del gobierno federal) tiene sus propias leyes de compensaci\u00f3n a los trabajadores; los requisitos precisos pueden diferir seg\u00fan tu empresa y tu estado de residencia.<\/p>\n<p>En general, el requisito m\u00e1s importante es que hayas sufrido una lesi\u00f3n en el &#8220;curso y \u00e1mbito del empleo&#8221;.<\/p>\n<p>\u00bfQu\u00e9 significa &#8220;curso y alcance del empleo&#8221;? Por lo general, eso significa que estabas &#8220;trabajando&#8221; cuando se produjo la lesi\u00f3n, pero los trabajadores lesionados pueden estar cubiertos en otros casos. Por ejemplo:<\/p>\n<ul>\n<li>Resbalas y te caes en el aparcamiento del empresario.<\/li>\n<li>Est\u00e1s en una funci\u00f3n laboral fuera de la empresa y sufres una lesi\u00f3n.<\/li>\n<li>Te han clasificado como &#8220;contratista independiente&#8221;, pero casi todo en tu trabajo sugiere que eres un empleado.<\/li>\n<li>Eres un inmigrante indocumentado y te lesionas mientras te pagan &#8220;por debajo de la mesa&#8221;.<\/li>\n<li>Te vuelves a lesionar una parte del cuerpo que ya ha sido objeto de un siniestro anterior.<\/li>\n<\/ul>\n<p>Estos ejemplos generales son v\u00e1lidos en la mayor\u00eda de las circunstancias, pero cada caso requiere un an\u00e1lisis espec\u00edfico. Nuestros abogados de Denver est\u00e1n aqu\u00ed para explicarte todas tus opciones y guiarte en este complejo proceso. Ponte en contacto con el bufete de Dianne Sawaya hoy mismo para una consulta gratuita y asistencia en el proceso de reclamaci\u00f3n de indemnizaci\u00f3n por accidente laboral.<\/p>\n","protected":false},"excerpt":{"rendered":"<p>Abogado de trabajadores lesionados Sabemos que presentar una demanda por lesiones es confuso y complejo.. La Ley de Indemnizaci\u00f3n por Accidentes de Trabajo proporciona el 100% de los gastos m\u00e9dicos (m\u00e1s prestaciones salariales adicionales por el tiempo de recuperaci\u00f3n sin trabajar) a los trabajadores que sufren lesiones y\/o enfermedades en el trabajo. Con casi 3&#8230;<\/p>\n","protected":false},"author":2,"featured_media":7268,"parent":7013,"menu_order":102,"comment_status":"closed","ping_status":"closed","template":"","meta":{"_acf_changed":false,"footnotes":""},"tags":[],"class_list":["post-6908","page","type-page","status-publish","has-post-thumbnail","hentry"],"acf":[],"yoast_head":"<!-- This site is optimized with the Yoast SEO plugin v27.4 - https:\/\/yoast.com\/product\/yoast-seo-wordpress\/ -->\n<title>\u00bfTengo derecho a una indemnizaci\u00f3n por accidente laboral? | Denver, CO Abogado<\/title>\n<meta name=\"description\" content=\"En general, el requisito m\u00e1s importante es que hayas sufrido una lesi\u00f3n en el &quot;curso y \u00e1mbito del empleo&quot;. \u00bfQu\u00e9 significa &quot;curso y alcance del empleo&quot;? Por lo general, eso significa que estabas &quot;trabajando&quot; cuando se produjo la lesi\u00f3n, pero los trabajadores lesionados pueden estar cubiertos en otros casos.\" \/>\n<meta name=\"robots\" content=\"index, follow, max-snippet:-1, max-image-preview:large, max-video-preview:-1\" \/>\n<link rel=\"canonical\" href=\"https:\/\/dlslawfirm.com\/es\/preguntas-frecuentes\/tengo-derecho-a-una-indemnizacion-por-accidente-laboral\/\" \/>\n<meta property=\"og:locale\" content=\"es_MX\" \/>\n<meta property=\"og:type\" content=\"article\" \/>\n<meta property=\"og:title\" content=\"\u00bfTengo derecho a una indemnizaci\u00f3n por accidente laboral? | Denver, CO Abogado\" \/>\n<meta property=\"og:description\" content=\"En general, el requisito m\u00e1s importante es que hayas sufrido una lesi\u00f3n en el &quot;curso y \u00e1mbito del empleo&quot;. \u00bfQu\u00e9 significa &quot;curso y alcance del empleo&quot;? Por lo general, eso significa que estabas &quot;trabajando&quot; cuando se produjo la lesi\u00f3n, pero los trabajadores lesionados pueden estar cubiertos en otros casos.\" \/>\n<meta property=\"og:url\" content=\"https:\/\/dlslawfirm.com\/es\/preguntas-frecuentes\/tengo-derecho-a-una-indemnizacion-por-accidente-laboral\/\" \/>\n<meta property=\"og:site_name\" content=\"Law Offices of Dianne Sawaya LLC- En Espanol\" \/>\n<meta property=\"og:image\" content=\"https:\/\/dlslawfirm.com\/es\/wp-content\/uploads\/sites\/2\/2022\/06\/mathias-p-r-reding-aSf1kXzG5A4-unsplash-scaled-1.jpg\" \/>\n\t<meta property=\"og:image:width\" content=\"1067\" \/>\n\t<meta property=\"og:image:height\" content=\"1600\" \/>\n\t<meta property=\"og:image:type\" content=\"image\/jpeg\" \/>\n<meta name=\"twitter:card\" content=\"summary_large_image\" \/>\n<meta name=\"twitter:label1\" content=\"Est. reading time\" \/>\n\t<meta name=\"twitter:data1\" content=\"2 minutos\" \/>\n<script type=\"application\/ld+json\" class=\"yoast-schema-graph\">{\"@context\":\"https:\\\/\\\/schema.org\",\"@graph\":[{\"@type\":\"WebPage\",\"@id\":\"https:\\\/\\\/dlslawfirm.com\\\/es\\\/preguntas-frecuentes\\\/tengo-derecho-a-una-indemnizacion-por-accidente-laboral\\\/\",\"url\":\"https:\\\/\\\/dlslawfirm.com\\\/es\\\/preguntas-frecuentes\\\/tengo-derecho-a-una-indemnizacion-por-accidente-laboral\\\/\",\"name\":\"\u00bfTengo derecho a una indemnizaci\u00f3n por accidente laboral? | Denver, CO Abogado\",\"isPartOf\":{\"@id\":\"https:\\\/\\\/dlslawfirm.com\\\/es\\\/#website\"},\"primaryImageOfPage\":{\"@id\":\"https:\\\/\\\/dlslawfirm.com\\\/es\\\/preguntas-frecuentes\\\/tengo-derecho-a-una-indemnizacion-por-accidente-laboral\\\/#primaryimage\"},\"image\":{\"@id\":\"https:\\\/\\\/dlslawfirm.com\\\/es\\\/preguntas-frecuentes\\\/tengo-derecho-a-una-indemnizacion-por-accidente-laboral\\\/#primaryimage\"},\"thumbnailUrl\":\"https:\\\/\\\/dlslawfirm.com\\\/es\\\/wp-content\\\/uploads\\\/sites\\\/2\\\/2022\\\/06\\\/mathias-p-r-reding-aSf1kXzG5A4-unsplash-scaled-1.jpg\",\"datePublished\":\"2016-03-01T21:51:03+00:00\",\"description\":\"En general, el requisito m\u00e1s importante es que hayas sufrido una lesi\u00f3n en el \\\"curso y \u00e1mbito del empleo\\\". \u00bfQu\u00e9 significa \\\"curso y alcance del empleo\\\"? Por lo general, eso significa que estabas \\\"trabajando\\\" cuando se produjo la lesi\u00f3n, pero los trabajadores lesionados pueden estar cubiertos en otros casos.\",\"breadcrumb\":{\"@id\":\"https:\\\/\\\/dlslawfirm.com\\\/es\\\/preguntas-frecuentes\\\/tengo-derecho-a-una-indemnizacion-por-accidente-laboral\\\/#breadcrumb\"},\"inLanguage\":\"es\",\"potentialAction\":[{\"@type\":\"ReadAction\",\"target\":[\"https:\\\/\\\/dlslawfirm.com\\\/es\\\/preguntas-frecuentes\\\/tengo-derecho-a-una-indemnizacion-por-accidente-laboral\\\/\"]}]},{\"@type\":\"ImageObject\",\"inLanguage\":\"es\",\"@id\":\"https:\\\/\\\/dlslawfirm.com\\\/es\\\/preguntas-frecuentes\\\/tengo-derecho-a-una-indemnizacion-por-accidente-laboral\\\/#primaryimage\",\"url\":\"https:\\\/\\\/dlslawfirm.com\\\/es\\\/wp-content\\\/uploads\\\/sites\\\/2\\\/2022\\\/06\\\/mathias-p-r-reding-aSf1kXzG5A4-unsplash-scaled-1.jpg\",\"contentUrl\":\"https:\\\/\\\/dlslawfirm.com\\\/es\\\/wp-content\\\/uploads\\\/sites\\\/2\\\/2022\\\/06\\\/mathias-p-r-reding-aSf1kXzG5A4-unsplash-scaled-1.jpg\",\"width\":1067,\"height\":1600,\"caption\":\"person holding hard hat\"},{\"@type\":\"BreadcrumbList\",\"@id\":\"https:\\\/\\\/dlslawfirm.com\\\/es\\\/preguntas-frecuentes\\\/tengo-derecho-a-una-indemnizacion-por-accidente-laboral\\\/#breadcrumb\",\"itemListElement\":[{\"@type\":\"ListItem\",\"position\":1,\"name\":\"Home\",\"item\":\"https:\\\/\\\/dlslawfirm.com\\\/es\\\/\"},{\"@type\":\"ListItem\",\"position\":2,\"name\":\"PREGUNTAS FRECUENTES\",\"item\":\"https:\\\/\\\/dlslawfirm.com\\\/es\\\/preguntas-frecuentes\\\/\"},{\"@type\":\"ListItem\",\"position\":3,\"name\":\"\u00bfTengo derecho a una indemnizaci\u00f3n por accidente laboral?\"}]},{\"@type\":\"WebSite\",\"@id\":\"https:\\\/\\\/dlslawfirm.com\\\/es\\\/#website\",\"url\":\"https:\\\/\\\/dlslawfirm.com\\\/es\\\/\",\"name\":\"Law Offices of Dianne Sawaya LLC- En Espanol\",\"description\":\"\",\"potentialAction\":[{\"@type\":\"SearchAction\",\"target\":{\"@type\":\"EntryPoint\",\"urlTemplate\":\"https:\\\/\\\/dlslawfirm.com\\\/es\\\/?s={search_term_string}\"},\"query-input\":{\"@type\":\"PropertyValueSpecification\",\"valueRequired\":true,\"valueName\":\"search_term_string\"}}],\"inLanguage\":\"es\"}]}<\/script>\n<!-- \/ Yoast SEO plugin. -->","yoast_head_json":{"title":"\u00bfTengo derecho a una indemnizaci\u00f3n por accidente laboral? | Denver, CO Abogado","description":"En general, el requisito m\u00e1s importante es que hayas sufrido una lesi\u00f3n en el \"curso y \u00e1mbito del empleo\". \u00bfQu\u00e9 significa \"curso y alcance del empleo\"? Por lo general, eso significa que estabas \"trabajando\" cuando se produjo la lesi\u00f3n, pero los trabajadores lesionados pueden estar cubiertos en otros casos.","robots":{"index":"index","follow":"follow","max-snippet":"max-snippet:-1","max-image-preview":"max-image-preview:large","max-video-preview":"max-video-preview:-1"},"canonical":"https:\/\/dlslawfirm.com\/es\/preguntas-frecuentes\/tengo-derecho-a-una-indemnizacion-por-accidente-laboral\/","og_locale":"es_MX","og_type":"article","og_title":"\u00bfTengo derecho a una indemnizaci\u00f3n por accidente laboral? | Denver, CO Abogado","og_description":"En general, el requisito m\u00e1s importante es que hayas sufrido una lesi\u00f3n en el \"curso y \u00e1mbito del empleo\". \u00bfQu\u00e9 significa \"curso y alcance del empleo\"? Por lo general, eso significa que estabas \"trabajando\" cuando se produjo la lesi\u00f3n, pero los trabajadores lesionados pueden estar cubiertos en otros casos.","og_url":"https:\/\/dlslawfirm.com\/es\/preguntas-frecuentes\/tengo-derecho-a-una-indemnizacion-por-accidente-laboral\/","og_site_name":"Law Offices of Dianne Sawaya LLC- En Espanol","og_image":[{"width":1067,"height":1600,"url":"https:\/\/dlslawfirm.com\/es\/wp-content\/uploads\/sites\/2\/2022\/06\/mathias-p-r-reding-aSf1kXzG5A4-unsplash-scaled-1.jpg","type":"image\/jpeg"}],"twitter_card":"summary_large_image","twitter_misc":{"Est. reading time":"2 minutos"},"schema":{"@context":"https:\/\/schema.org","@graph":[{"@type":"WebPage","@id":"https:\/\/dlslawfirm.com\/es\/preguntas-frecuentes\/tengo-derecho-a-una-indemnizacion-por-accidente-laboral\/","url":"https:\/\/dlslawfirm.com\/es\/preguntas-frecuentes\/tengo-derecho-a-una-indemnizacion-por-accidente-laboral\/","name":"\u00bfTengo derecho a una indemnizaci\u00f3n por accidente laboral? | Denver, CO Abogado","isPartOf":{"@id":"https:\/\/dlslawfirm.com\/es\/#website"},"primaryImageOfPage":{"@id":"https:\/\/dlslawfirm.com\/es\/preguntas-frecuentes\/tengo-derecho-a-una-indemnizacion-por-accidente-laboral\/#primaryimage"},"image":{"@id":"https:\/\/dlslawfirm.com\/es\/preguntas-frecuentes\/tengo-derecho-a-una-indemnizacion-por-accidente-laboral\/#primaryimage"},"thumbnailUrl":"https:\/\/dlslawfirm.com\/es\/wp-content\/uploads\/sites\/2\/2022\/06\/mathias-p-r-reding-aSf1kXzG5A4-unsplash-scaled-1.jpg","datePublished":"2016-03-01T21:51:03+00:00","description":"En general, el requisito m\u00e1s importante es que hayas sufrido una lesi\u00f3n en el \"curso y \u00e1mbito del empleo\". \u00bfQu\u00e9 significa \"curso y alcance del empleo\"? Por lo general, eso significa que estabas \"trabajando\" cuando se produjo la lesi\u00f3n, pero los trabajadores lesionados pueden estar cubiertos en otros casos.","breadcrumb":{"@id":"https:\/\/dlslawfirm.com\/es\/preguntas-frecuentes\/tengo-derecho-a-una-indemnizacion-por-accidente-laboral\/#breadcrumb"},"inLanguage":"es","potentialAction":[{"@type":"ReadAction","target":["https:\/\/dlslawfirm.com\/es\/preguntas-frecuentes\/tengo-derecho-a-una-indemnizacion-por-accidente-laboral\/"]}]},{"@type":"ImageObject","inLanguage":"es","@id":"https:\/\/dlslawfirm.com\/es\/preguntas-frecuentes\/tengo-derecho-a-una-indemnizacion-por-accidente-laboral\/#primaryimage","url":"https:\/\/dlslawfirm.com\/es\/wp-content\/uploads\/sites\/2\/2022\/06\/mathias-p-r-reding-aSf1kXzG5A4-unsplash-scaled-1.jpg","contentUrl":"https:\/\/dlslawfirm.com\/es\/wp-content\/uploads\/sites\/2\/2022\/06\/mathias-p-r-reding-aSf1kXzG5A4-unsplash-scaled-1.jpg","width":1067,"height":1600,"caption":"person holding hard hat"},{"@type":"BreadcrumbList","@id":"https:\/\/dlslawfirm.com\/es\/preguntas-frecuentes\/tengo-derecho-a-una-indemnizacion-por-accidente-laboral\/#breadcrumb","itemListElement":[{"@type":"ListItem","position":1,"name":"Home","item":"https:\/\/dlslawfirm.com\/es\/"},{"@type":"ListItem","position":2,"name":"PREGUNTAS FRECUENTES","item":"https:\/\/dlslawfirm.com\/es\/preguntas-frecuentes\/"},{"@type":"ListItem","position":3,"name":"\u00bfTengo derecho a una indemnizaci\u00f3n por accidente laboral?"}]},{"@type":"WebSite","@id":"https:\/\/dlslawfirm.com\/es\/#website","url":"https:\/\/dlslawfirm.com\/es\/","name":"Law Offices of Dianne Sawaya LLC- En Espanol","description":"","potentialAction":[{"@type":"SearchAction","target":{"@type":"EntryPoint","urlTemplate":"https:\/\/dlslawfirm.com\/es\/?s={search_term_string}"},"query-input":{"@type":"PropertyValueSpecification","valueRequired":true,"valueName":"search_term_string"}}],"inLanguage":"es"}]}},"_links":{"self":[{"href":"https:\/\/dlslawfirm.com\/es\/wp-json\/wp\/v2\/pages\/6908","targetHints":{"allow":["GET"]}}],"collection":[{"href":"https:\/\/dlslawfirm.com\/es\/wp-json\/wp\/v2\/pages"}],"about":[{"href":"https:\/\/dlslawfirm.com\/es\/wp-json\/wp\/v2\/types\/page"}],"author":[{"embeddable":true,"href":"https:\/\/dlslawfirm.com\/es\/wp-json\/wp\/v2\/users\/2"}],"replies":[{"embeddable":true,"href":"https:\/\/dlslawfirm.com\/es\/wp-json\/wp\/v2\/comments?post=6908"}],"version-history":[{"count":0,"href":"https:\/\/dlslawfirm.com\/es\/wp-json\/wp\/v2\/pages\/6908\/revisions"}],"up":[{"embeddable":true,"href":"https:\/\/dlslawfirm.com\/es\/wp-json\/wp\/v2\/pages\/7013"}],"wp:featuredmedia":[{"embeddable":true,"href":"https:\/\/dlslawfirm.com\/es\/wp-json\/wp\/v2\/media\/7268"}],"wp:attachment":[{"href":"https:\/\/dlslawfirm.com\/es\/wp-json\/wp\/v2\/media?parent=6908"}],"wp:term":[{"taxonomy":"post_tag","embeddable":true,"href":"https:\/\/dlslawfirm.com\/es\/wp-json\/wp\/v2\/tags?post=6908"}],"curies":[{"name":"wp","href":"https:\/\/api.w.org\/{rel}","templated":true}]}}