{"id":6904,"date":"2016-06-29T15:20:36","date_gmt":"2016-06-29T15:20:36","guid":{"rendered":"https:\/\/dlslawfirm.com\/colisiones-frontales\/"},"modified":"2016-06-29T15:20:36","modified_gmt":"2016-06-29T15:20:36","slug":"colisiones-frontales","status":"publish","type":"page","link":"https:\/\/dlslawfirm.com\/es\/abogados-de-colorado-especializados-en-lesiones-personales\/abogado-de-accidentes-de-coche-en-denver\/colisiones-frontales\/","title":{"rendered":"Colisiones frontales"},"content":{"rendered":"<h2>Abogado de Denver para choques frontales<\/h2>\n<p>Las colisiones frontales no son los tipos m\u00e1s comunes de accidentes de coche hoy en d\u00eda, pero son uno de los tipos de colisiones m\u00e1s graves. Estas colisiones suelen producirse cuando un conductor se desv\u00eda por la l\u00ednea central amarilla y colisiona con el tr\u00e1fico que circula en sentido contrario. En otros casos, los conductores pueden girar en una calle de sentido \u00fanico en la direcci\u00f3n equivocada antes de darse cuenta de su error. Los conductores tambi\u00e9n pueden colisionar con objetos inm\u00f3viles, como una barandilla o un poste telef\u00f3nico, y los efectos pueden ser igual de graves.<\/p>\n<p>Si te has visto implicado en una colisi\u00f3n frontal, ya sea como conductor o como pasajero, es importante que sepas que puedes tener derecho a una indemnizaci\u00f3n por tus lesiones. En el Bufete de Dianne Sawaya, nuestros <a href=\"https:\/\/dlslawfirm.com\/attorneys\/\">abogados de lesiones de Denver<\/a> creen que es importante que los conductores conozcan los hechos sobre las colisiones frontales y las posibles consecuencias de estos accidentes.<\/p>\n<h2>Colisiones frontales: Estad\u00edsticas y datos<\/h2>\n<p>La Junta Nacional de Seguridad en el Transporte (NTSB) define las colisiones frontales como accidentes en los que se ven implicados &#8220;veh\u00edculos que circulan en sentido contrario en carreteras divididas de alta velocidad&#8221;, y que ocurren especialmente en autopistas y rampas de acceso. Estos tipos de accidentes s\u00f3lo representan alrededor del 3% de todos los accidentes de tr\u00e1fico en autopistas de alta velocidad con carriles divididos, pero son responsables de una cantidad desproporcionada de v\u00edctimas mortales y heridos graves.<\/p>\n<p>Seg\u00fan el Informe Especial de Investigaci\u00f3n de la NTSB sobre Conducci\u00f3n Indebida,<\/p>\n<ul>\n<li>Cada a\u00f1o se producen en EE.UU. unos 260 accidentes de tr\u00e1fico mortales debidos a la conducci\u00f3n en direcci\u00f3n contraria.<\/li>\n<li>Estos accidentes provocan la p\u00e9rdida de 360 vidas, de media, al a\u00f1o.<\/li>\n<li>Los datos recogidos entre 2004 y 2009 muestran que la intoxicaci\u00f3n et\u00edlica fue un factor en alrededor del 60% de las colisiones frontales.<\/li>\n<li>Se descubri\u00f3 que los conductores de entre 20 y 29 a\u00f1os eran los m\u00e1s propensos a provocar una colisi\u00f3n frontal.<\/li>\n<li>Las colisiones en sentido contrario suelen producirse cuando est\u00e1 oscuro, lo que sugiere que la falta de se\u00f1ales de direcci\u00f3n iluminadas podr\u00eda ser un factor de estas colisiones. Alrededor del 70% de las colisiones en sentido contrario se producen entre las 6 de la tarde y las 6 de la ma\u00f1ana.<\/li>\n<li>La forma m\u00e1s habitual en que se inician las colisiones frontales es cuando un conductor entra en la rampa de salida de una autopista. Otros errores comunes son dar la vuelta en U en una carretera principal o utilizar la secci\u00f3n de giro de emergencia que divide dos carriles de la autopista.<\/li>\n<\/ul>\n[cta_interior title=&#8221;CTA Interior&#8221;]\n<p>Como en tantas colisiones frontales est\u00e1n implicados conductores intoxicados, y como la mayor\u00eda de estos choques se producen en la carretera por la noche, a menudo es dif\u00edcil para los funcionarios encargados de hacer cumplir la ley recopilar datos precisos. Los conductores intoxicados pueden no recordar con exactitud lo ocurrido, es menos probable que haya peatones presentes y es menos probable que otros conductores hayan presenciado los hechos mientras se desarrollaban.<\/p>\n<h2>Lesiones comunes<\/h2>\n<p>Las lesiones exactas resultantes de las colisiones frontales dependen de muchos factores distintos, como los veh\u00edculos implicados y la velocidad a la que circulaban ambos veh\u00edculos. Los coches m\u00e1s antiguos, con menos protecciones de seguridad en caso de colisi\u00f3n, pueden no ser capaces de proteger a conductores y pasajeros contra los fuertes impactos de las colisiones frontales, y el conductor y el pasajero del asiento delantero suelen estar m\u00e1s expuestos que los pasajeros de las secciones central y trasera del veh\u00edculo.<\/p>\n<p>Los conductores y los pasajeros de los asientos delanteros implicados en una colisi\u00f3n frontal pueden sufrir graves lesiones en la espalda, el pecho y las piernas debido a un impacto repentino con el volante y\/o el salpicadero. Independientemente de d\u00f3nde se encuentre el pasajero en el coche, puede sufrir lesiones muy diversas tras una colisi\u00f3n frontal.<\/p>\n<p>Incluso las colisiones de bajo impacto pueden provocar lesiones como contusiones y latigazo cervical, que es una lesi\u00f3n grave en la cabeza y\/o el cuello causada por un impacto repentino. Las lesiones m\u00e1s graves pueden incluir huesos rotos, laceraciones por cristales rotos y lesiones en la cabeza, el cuello y la columna vertebral. Es muy probable que se produzcan lesiones cerebrales que provoquen da\u00f1os cerebrales de leves a graves.<\/p>\n<p>Los mismos dispositivos de seguridad del veh\u00edculo que protegen a los conductores tambi\u00e9n pueden causar lesiones en muchos casos. El cintur\u00f3n de seguridad, por ejemplo, es una de las mejores protecciones contra las muertes por accidente de coche. Sin embargo, los cinturones de seguridad tambi\u00e9n pueden causar lesiones internas y quemaduras por roce.<\/p>\n<h2>Abogados de Denver especialistas en lesiones por colisiones frontales<\/h2>\n<p>Si has sido v\u00edctima de un choque frontal, es importante que sepas que puedes tener derecho a recibir una indemnizaci\u00f3n. Los abogados de lesiones por accidente de coche del Bufete de Dianne Sawaya han ayudado a muchas v\u00edctimas de accidentes en la regi\u00f3n de Denver a reclamar indemnizaciones por lesiones. Para m\u00e1s informaci\u00f3n sobre c\u00f3mo podemos ayudarte, <a href=\"https:\/\/dlslawfirm.com\/contact-us\/\">ponte en contacto con<\/a> nuestra oficina de Denver, Colorado, llamando hoy al (303) 758-4777 y pregunta por una consulta gratuita.<\/p>\n","protected":false},"excerpt":{"rendered":"<p>Abogado de Denver para choques frontales Las colisiones frontales no son los tipos m\u00e1s comunes de accidentes de coche hoy en d\u00eda, pero son uno de los tipos de colisiones m\u00e1s graves. Estas colisiones suelen producirse cuando un conductor se desv\u00eda por la l\u00ednea central amarilla y colisiona con el tr\u00e1fico que circula en sentido&#8230;<\/p>\n","protected":false},"author":2,"featured_media":0,"parent":7038,"menu_order":87,"comment_status":"closed","ping_status":"closed","template":"","meta":{"_acf_changed":false,"footnotes":""},"tags":[],"class_list":["post-6904","page","type-page","status-publish","hentry"],"acf":[],"yoast_head":"<!-- This site is optimized with the Yoast SEO plugin v27.3 - https:\/\/yoast.com\/product\/yoast-seo-wordpress\/ -->\n<title>Colisiones frontales | Abogados de accidentes de tr\u00e1fico en Denver, CO<\/title>\n<meta name=\"description\" content=\"Si t\u00fa o un ser querido os hab\u00e9is visto implicados en un choque frontal, llama hoy mismo a un abogado que pueda luchar por ti mientras te recuperas de tus lesiones.\" \/>\n<meta name=\"robots\" content=\"index, follow, max-snippet:-1, max-image-preview:large, max-video-preview:-1\" \/>\n<link rel=\"canonical\" href=\"https:\/\/dlslawfirm.com\/es\/abogados-de-colorado-especializados-en-lesiones-personales\/abogado-de-accidentes-de-coche-en-denver\/colisiones-frontales\/\" \/>\n<meta property=\"og:locale\" content=\"es_MX\" \/>\n<meta property=\"og:type\" content=\"article\" \/>\n<meta property=\"og:title\" content=\"Colisiones frontales | Abogados de accidentes de tr\u00e1fico en Denver, CO\" \/>\n<meta property=\"og:description\" content=\"Si t\u00fa o un ser querido os hab\u00e9is visto implicados en un choque frontal, llama hoy mismo a un abogado que pueda luchar por ti mientras te recuperas de tus lesiones.\" \/>\n<meta property=\"og:url\" content=\"https:\/\/dlslawfirm.com\/es\/abogados-de-colorado-especializados-en-lesiones-personales\/abogado-de-accidentes-de-coche-en-denver\/colisiones-frontales\/\" \/>\n<meta property=\"og:site_name\" content=\"Law Offices of Dianne Sawaya LLC- En Espanol\" \/>\n<meta name=\"twitter:card\" content=\"summary_large_image\" \/>\n<meta name=\"twitter:label1\" content=\"Est. reading time\" \/>\n\t<meta name=\"twitter:data1\" content=\"5 minutos\" \/>\n<script type=\"application\/ld+json\" class=\"yoast-schema-graph\">{\"@context\":\"https:\\\/\\\/schema.org\",\"@graph\":[{\"@type\":\"WebPage\",\"@id\":\"https:\\\/\\\/dlslawfirm.com\\\/es\\\/abogados-de-colorado-especializados-en-lesiones-personales\\\/abogado-de-accidentes-de-coche-en-denver\\\/colisiones-frontales\\\/\",\"url\":\"https:\\\/\\\/dlslawfirm.com\\\/es\\\/abogados-de-colorado-especializados-en-lesiones-personales\\\/abogado-de-accidentes-de-coche-en-denver\\\/colisiones-frontales\\\/\",\"name\":\"Colisiones frontales | Abogados de accidentes de tr\u00e1fico en Denver, CO\",\"isPartOf\":{\"@id\":\"https:\\\/\\\/dlslawfirm.com\\\/es\\\/#website\"},\"datePublished\":\"2016-06-29T15:20:36+00:00\",\"description\":\"Si t\u00fa o un ser querido os hab\u00e9is visto implicados en un choque frontal, llama hoy mismo a un abogado que pueda luchar por ti mientras te recuperas de tus lesiones.\",\"breadcrumb\":{\"@id\":\"https:\\\/\\\/dlslawfirm.com\\\/es\\\/abogados-de-colorado-especializados-en-lesiones-personales\\\/abogado-de-accidentes-de-coche-en-denver\\\/colisiones-frontales\\\/#breadcrumb\"},\"inLanguage\":\"es\",\"potentialAction\":[{\"@type\":\"ReadAction\",\"target\":[\"https:\\\/\\\/dlslawfirm.com\\\/es\\\/abogados-de-colorado-especializados-en-lesiones-personales\\\/abogado-de-accidentes-de-coche-en-denver\\\/colisiones-frontales\\\/\"]}]},{\"@type\":\"BreadcrumbList\",\"@id\":\"https:\\\/\\\/dlslawfirm.com\\\/es\\\/abogados-de-colorado-especializados-en-lesiones-personales\\\/abogado-de-accidentes-de-coche-en-denver\\\/colisiones-frontales\\\/#breadcrumb\",\"itemListElement\":[{\"@type\":\"ListItem\",\"position\":1,\"name\":\"Home\",\"item\":\"https:\\\/\\\/dlslawfirm.com\\\/es\\\/\"},{\"@type\":\"ListItem\",\"position\":2,\"name\":\"Abogados de Colorado especializados en lesiones personales\",\"item\":\"https:\\\/\\\/dlslawfirm.com\\\/es\\\/abogados-de-colorado-especializados-en-lesiones-personales\\\/\"},{\"@type\":\"ListItem\",\"position\":3,\"name\":\"Abogado de accidentes de coche en Denver\",\"item\":\"https:\\\/\\\/dlslawfirm.com\\\/es\\\/abogados-de-colorado-especializados-en-lesiones-personales\\\/abogado-de-accidentes-de-coche-en-denver\\\/\"},{\"@type\":\"ListItem\",\"position\":4,\"name\":\"Colisiones frontales\"}]},{\"@type\":\"WebSite\",\"@id\":\"https:\\\/\\\/dlslawfirm.com\\\/es\\\/#website\",\"url\":\"https:\\\/\\\/dlslawfirm.com\\\/es\\\/\",\"name\":\"Law Offices of Dianne Sawaya LLC- En Espanol\",\"description\":\"\",\"potentialAction\":[{\"@type\":\"SearchAction\",\"target\":{\"@type\":\"EntryPoint\",\"urlTemplate\":\"https:\\\/\\\/dlslawfirm.com\\\/es\\\/?s={search_term_string}\"},\"query-input\":{\"@type\":\"PropertyValueSpecification\",\"valueRequired\":true,\"valueName\":\"search_term_string\"}}],\"inLanguage\":\"es\"}]}<\/script>\n<!-- \/ Yoast SEO plugin. -->","yoast_head_json":{"title":"Colisiones frontales | Abogados de accidentes de tr\u00e1fico en Denver, CO","description":"Si t\u00fa o un ser querido os hab\u00e9is visto implicados en un choque frontal, llama hoy mismo a un abogado que pueda luchar por ti mientras te recuperas de tus lesiones.","robots":{"index":"index","follow":"follow","max-snippet":"max-snippet:-1","max-image-preview":"max-image-preview:large","max-video-preview":"max-video-preview:-1"},"canonical":"https:\/\/dlslawfirm.com\/es\/abogados-de-colorado-especializados-en-lesiones-personales\/abogado-de-accidentes-de-coche-en-denver\/colisiones-frontales\/","og_locale":"es_MX","og_type":"article","og_title":"Colisiones frontales | Abogados de accidentes de tr\u00e1fico en Denver, CO","og_description":"Si t\u00fa o un ser querido os hab\u00e9is visto implicados en un choque frontal, llama hoy mismo a un abogado que pueda luchar por ti mientras te recuperas de tus lesiones.","og_url":"https:\/\/dlslawfirm.com\/es\/abogados-de-colorado-especializados-en-lesiones-personales\/abogado-de-accidentes-de-coche-en-denver\/colisiones-frontales\/","og_site_name":"Law Offices of Dianne Sawaya LLC- En Espanol","twitter_card":"summary_large_image","twitter_misc":{"Est. reading time":"5 minutos"},"schema":{"@context":"https:\/\/schema.org","@graph":[{"@type":"WebPage","@id":"https:\/\/dlslawfirm.com\/es\/abogados-de-colorado-especializados-en-lesiones-personales\/abogado-de-accidentes-de-coche-en-denver\/colisiones-frontales\/","url":"https:\/\/dlslawfirm.com\/es\/abogados-de-colorado-especializados-en-lesiones-personales\/abogado-de-accidentes-de-coche-en-denver\/colisiones-frontales\/","name":"Colisiones frontales | Abogados de accidentes de tr\u00e1fico en Denver, CO","isPartOf":{"@id":"https:\/\/dlslawfirm.com\/es\/#website"},"datePublished":"2016-06-29T15:20:36+00:00","description":"Si t\u00fa o un ser querido os hab\u00e9is visto implicados en un choque frontal, llama hoy mismo a un abogado que pueda luchar por ti mientras te recuperas de tus lesiones.","breadcrumb":{"@id":"https:\/\/dlslawfirm.com\/es\/abogados-de-colorado-especializados-en-lesiones-personales\/abogado-de-accidentes-de-coche-en-denver\/colisiones-frontales\/#breadcrumb"},"inLanguage":"es","potentialAction":[{"@type":"ReadAction","target":["https:\/\/dlslawfirm.com\/es\/abogados-de-colorado-especializados-en-lesiones-personales\/abogado-de-accidentes-de-coche-en-denver\/colisiones-frontales\/"]}]},{"@type":"BreadcrumbList","@id":"https:\/\/dlslawfirm.com\/es\/abogados-de-colorado-especializados-en-lesiones-personales\/abogado-de-accidentes-de-coche-en-denver\/colisiones-frontales\/#breadcrumb","itemListElement":[{"@type":"ListItem","position":1,"name":"Home","item":"https:\/\/dlslawfirm.com\/es\/"},{"@type":"ListItem","position":2,"name":"Abogados de Colorado especializados en lesiones personales","item":"https:\/\/dlslawfirm.com\/es\/abogados-de-colorado-especializados-en-lesiones-personales\/"},{"@type":"ListItem","position":3,"name":"Abogado de accidentes de coche en Denver","item":"https:\/\/dlslawfirm.com\/es\/abogados-de-colorado-especializados-en-lesiones-personales\/abogado-de-accidentes-de-coche-en-denver\/"},{"@type":"ListItem","position":4,"name":"Colisiones frontales"}]},{"@type":"WebSite","@id":"https:\/\/dlslawfirm.com\/es\/#website","url":"https:\/\/dlslawfirm.com\/es\/","name":"Law Offices of Dianne Sawaya LLC- En Espanol","description":"","potentialAction":[{"@type":"SearchAction","target":{"@type":"EntryPoint","urlTemplate":"https:\/\/dlslawfirm.com\/es\/?s={search_term_string}"},"query-input":{"@type":"PropertyValueSpecification","valueRequired":true,"valueName":"search_term_string"}}],"inLanguage":"es"}]}},"_links":{"self":[{"href":"https:\/\/dlslawfirm.com\/es\/wp-json\/wp\/v2\/pages\/6904","targetHints":{"allow":["GET"]}}],"collection":[{"href":"https:\/\/dlslawfirm.com\/es\/wp-json\/wp\/v2\/pages"}],"about":[{"href":"https:\/\/dlslawfirm.com\/es\/wp-json\/wp\/v2\/types\/page"}],"author":[{"embeddable":true,"href":"https:\/\/dlslawfirm.com\/es\/wp-json\/wp\/v2\/users\/2"}],"replies":[{"embeddable":true,"href":"https:\/\/dlslawfirm.com\/es\/wp-json\/wp\/v2\/comments?post=6904"}],"version-history":[{"count":0,"href":"https:\/\/dlslawfirm.com\/es\/wp-json\/wp\/v2\/pages\/6904\/revisions"}],"up":[{"embeddable":true,"href":"https:\/\/dlslawfirm.com\/es\/wp-json\/wp\/v2\/pages\/7038"}],"wp:attachment":[{"href":"https:\/\/dlslawfirm.com\/es\/wp-json\/wp\/v2\/media?parent=6904"}],"wp:term":[{"taxonomy":"post_tag","embeddable":true,"href":"https:\/\/dlslawfirm.com\/es\/wp-json\/wp\/v2\/tags?post=6904"}],"curies":[{"name":"wp","href":"https:\/\/api.w.org\/{rel}","templated":true}]}}