{"id":6903,"date":"2016-03-03T16:23:19","date_gmt":"2016-03-03T16:23:19","guid":{"rendered":"https:\/\/dlslawfirm.com\/cubre-la-indemnizacion-por-accidente-laboral-las-lesiones-por-accidente-de-camion\/"},"modified":"2016-03-03T16:23:19","modified_gmt":"2016-03-03T16:23:19","slug":"cubre-la-indemnizacion-por-accidente-laboral-las-lesiones-por-accidente-de-camion","status":"publish","type":"page","link":"https:\/\/dlslawfirm.com\/es\/preguntas-frecuentes\/cubre-la-indemnizacion-por-accidente-laboral-las-lesiones-por-accidente-de-camion\/","title":{"rendered":"\u00bfCubre la indemnizaci\u00f3n por accidente laboral las lesiones por accidente de cami\u00f3n?"},"content":{"rendered":"<h2><img loading=\"lazy\" decoding=\"async\" class=\"alignright wp-image-2739\" src=\"\/\/dlslawfirm.com\/wp-content\/uploads\/2016\/02\/workerscompensation-3.jpg\" alt=\"indemnizaci\u00f3n laboral\" width=\"500\" height=\"339\">Firma de Lesionados en el Trabajo de Colorado<\/h2>\n<p>Cuando un accidente de tr\u00e1fico en el que est\u00e1 implicado un cami\u00f3n comercial provoca lesiones al menos a una persona, la persona lesionada tendr\u00e1 que tener en cuenta tanto las leyes sobre accidentes de tr\u00e1fico como las leyes sobre indemnizaci\u00f3n de los trabajadores para entender c\u00f3mo funcionar\u00e1 su reclamaci\u00f3n por lesiones personales.<\/p>\n<p>Al igual que en cualquier otro accidente de tr\u00e1fico, la persona responsable tiene la obligaci\u00f3n de indemnizar, y esto viene en forma de cobertura de seguro para las personas lesionadas a trav\u00e9s del proveedor de seguros de esa persona. Adem\u00e1s, el conductor tambi\u00e9n podr\u00eda recibir prestaciones por accidentes de trabajo, que le ayudar\u00edan a pagar los gastos m\u00e9dicos y los salarios perdidos, aunque fueran la causa del accidente.<\/p>\n<p>La legislaci\u00f3n federal exige que todas las empresas que empleen a conductores de camiones comerciales proporcionen un seguro de indemnizaci\u00f3n por accidente laboral a estos empleados. Mucha gente no se lo espera, pero los incidentes relacionados con veh\u00edculos son uno de los tipos m\u00e1s comunes de casos de indemnizaci\u00f3n por accidente laboral. Los datos de la Oficina de Estad\u00edsticas Laborales de EE.UU. muestran que en 2014 se registraron aproximadamente 50.000 lesiones laborales relacionadas con el sector del transporte. De las 4.400 v\u00edctimas mortales relacionadas con el trabajo en EEUU durante un a\u00f1o, los incidentes relacionados con el transporte representaron el 42% de esos casos, seg\u00fan el Departamento de Trabajo de EEUU.<\/p>\n<p>Los detalles reales de la indemnizaci\u00f3n tras un accidente de cami\u00f3n son complejos y es importante comprender exactamente lo que ordena el estado de Colorado en tu caso. Aqu\u00ed es donde los abogados experimentados del Bufete de Dianne Sawaya pueden ayudarte a aportar la claridad que necesitas. Si te has lesionado en un accidente de cami\u00f3n y te preguntas si tienes derecho a la protecci\u00f3n de la compensaci\u00f3n de los trabajadores, ponte en contacto hoy mismo con uno de nuestros abogados expertos en accidentes de tr\u00e1fico y compensaci\u00f3n de los trabajadores de Denver para que te asesore legalmente.<\/p>\n","protected":false},"excerpt":{"rendered":"<p>Firma de Lesionados en el Trabajo de Colorado Cuando un accidente de tr\u00e1fico en el que est\u00e1 implicado un cami\u00f3n comercial provoca lesiones al menos a una persona, la persona lesionada tendr\u00e1 que tener en cuenta tanto las leyes sobre accidentes de tr\u00e1fico como las leyes sobre indemnizaci\u00f3n de los trabajadores para entender c\u00f3mo funcionar\u00e1&#8230;<\/p>\n","protected":false},"author":2,"featured_media":7252,"parent":7013,"menu_order":101,"comment_status":"closed","ping_status":"closed","template":"","meta":{"_acf_changed":false,"footnotes":""},"tags":[],"class_list":["post-6903","page","type-page","status-publish","has-post-thumbnail","hentry"],"acf":[],"yoast_head":"<!-- This site is optimized with the Yoast SEO plugin v27.4 - https:\/\/yoast.com\/product\/yoast-seo-wordpress\/ -->\n<title>Compensaci\u00f3n Laboral y Accidentes de Cami\u00f3n | Abogado Denver<\/title>\n<meta name=\"description\" content=\"Si te has lesionado en un accidente de cami\u00f3n, ponte en contacto con nuestros abogados para que te ayuden a determinar si tienes derecho a una indemnizaci\u00f3n por accidente laboral.\" \/>\n<meta name=\"robots\" content=\"index, follow, max-snippet:-1, max-image-preview:large, max-video-preview:-1\" \/>\n<link rel=\"canonical\" href=\"https:\/\/dlslawfirm.com\/es\/preguntas-frecuentes\/cubre-la-indemnizacion-por-accidente-laboral-las-lesiones-por-accidente-de-camion\/\" \/>\n<meta property=\"og:locale\" content=\"es_MX\" \/>\n<meta property=\"og:type\" content=\"article\" \/>\n<meta property=\"og:title\" content=\"Compensaci\u00f3n Laboral y Accidentes de Cami\u00f3n | Abogado Denver\" \/>\n<meta property=\"og:description\" content=\"Si te has lesionado en un accidente de cami\u00f3n, ponte en contacto con nuestros abogados para que te ayuden a determinar si tienes derecho a una indemnizaci\u00f3n por accidente laboral.\" \/>\n<meta property=\"og:url\" content=\"https:\/\/dlslawfirm.com\/es\/preguntas-frecuentes\/cubre-la-indemnizacion-por-accidente-laboral-las-lesiones-por-accidente-de-camion\/\" \/>\n<meta property=\"og:site_name\" content=\"Law Offices of Dianne Sawaya LLC- En Espanol\" \/>\n<meta property=\"og:image\" content=\"https:\/\/dlslawfirm.com\/es\/wp-content\/uploads\/sites\/2\/2022\/06\/pexels-quintin-gellar-2199293.jpg\" \/>\n\t<meta property=\"og:image:width\" content=\"1600\" \/>\n\t<meta property=\"og:image:height\" content=\"787\" \/>\n\t<meta property=\"og:image:type\" content=\"image\/jpeg\" \/>\n<meta name=\"twitter:card\" content=\"summary_large_image\" \/>\n<meta name=\"twitter:label1\" content=\"Est. reading time\" \/>\n\t<meta name=\"twitter:data1\" content=\"2 minutos\" \/>\n<script type=\"application\/ld+json\" class=\"yoast-schema-graph\">{\"@context\":\"https:\\\/\\\/schema.org\",\"@graph\":[{\"@type\":\"WebPage\",\"@id\":\"https:\\\/\\\/dlslawfirm.com\\\/es\\\/preguntas-frecuentes\\\/cubre-la-indemnizacion-por-accidente-laboral-las-lesiones-por-accidente-de-camion\\\/\",\"url\":\"https:\\\/\\\/dlslawfirm.com\\\/es\\\/preguntas-frecuentes\\\/cubre-la-indemnizacion-por-accidente-laboral-las-lesiones-por-accidente-de-camion\\\/\",\"name\":\"Compensaci\u00f3n Laboral y Accidentes de Cami\u00f3n | Abogado Denver\",\"isPartOf\":{\"@id\":\"https:\\\/\\\/dlslawfirm.com\\\/es\\\/#website\"},\"primaryImageOfPage\":{\"@id\":\"https:\\\/\\\/dlslawfirm.com\\\/es\\\/preguntas-frecuentes\\\/cubre-la-indemnizacion-por-accidente-laboral-las-lesiones-por-accidente-de-camion\\\/#primaryimage\"},\"image\":{\"@id\":\"https:\\\/\\\/dlslawfirm.com\\\/es\\\/preguntas-frecuentes\\\/cubre-la-indemnizacion-por-accidente-laboral-las-lesiones-por-accidente-de-camion\\\/#primaryimage\"},\"thumbnailUrl\":\"https:\\\/\\\/dlslawfirm.com\\\/es\\\/wp-content\\\/uploads\\\/sites\\\/2\\\/2022\\\/06\\\/pexels-quintin-gellar-2199293.jpg\",\"datePublished\":\"2016-03-03T16:23:19+00:00\",\"description\":\"Si te has lesionado en un accidente de cami\u00f3n, ponte en contacto con nuestros abogados para que te ayuden a determinar si tienes derecho a una indemnizaci\u00f3n por accidente laboral.\",\"breadcrumb\":{\"@id\":\"https:\\\/\\\/dlslawfirm.com\\\/es\\\/preguntas-frecuentes\\\/cubre-la-indemnizacion-por-accidente-laboral-las-lesiones-por-accidente-de-camion\\\/#breadcrumb\"},\"inLanguage\":\"es\",\"potentialAction\":[{\"@type\":\"ReadAction\",\"target\":[\"https:\\\/\\\/dlslawfirm.com\\\/es\\\/preguntas-frecuentes\\\/cubre-la-indemnizacion-por-accidente-laboral-las-lesiones-por-accidente-de-camion\\\/\"]}]},{\"@type\":\"ImageObject\",\"inLanguage\":\"es\",\"@id\":\"https:\\\/\\\/dlslawfirm.com\\\/es\\\/preguntas-frecuentes\\\/cubre-la-indemnizacion-por-accidente-laboral-las-lesiones-por-accidente-de-camion\\\/#primaryimage\",\"url\":\"https:\\\/\\\/dlslawfirm.com\\\/es\\\/wp-content\\\/uploads\\\/sites\\\/2\\\/2022\\\/06\\\/pexels-quintin-gellar-2199293.jpg\",\"contentUrl\":\"https:\\\/\\\/dlslawfirm.com\\\/es\\\/wp-content\\\/uploads\\\/sites\\\/2\\\/2022\\\/06\\\/pexels-quintin-gellar-2199293.jpg\",\"width\":1600,\"height\":787,\"caption\":\"trucks on road\"},{\"@type\":\"BreadcrumbList\",\"@id\":\"https:\\\/\\\/dlslawfirm.com\\\/es\\\/preguntas-frecuentes\\\/cubre-la-indemnizacion-por-accidente-laboral-las-lesiones-por-accidente-de-camion\\\/#breadcrumb\",\"itemListElement\":[{\"@type\":\"ListItem\",\"position\":1,\"name\":\"Home\",\"item\":\"https:\\\/\\\/dlslawfirm.com\\\/es\\\/\"},{\"@type\":\"ListItem\",\"position\":2,\"name\":\"PREGUNTAS FRECUENTES\",\"item\":\"https:\\\/\\\/dlslawfirm.com\\\/es\\\/preguntas-frecuentes\\\/\"},{\"@type\":\"ListItem\",\"position\":3,\"name\":\"\u00bfCubre la indemnizaci\u00f3n por accidente laboral las lesiones por accidente de cami\u00f3n?\"}]},{\"@type\":\"WebSite\",\"@id\":\"https:\\\/\\\/dlslawfirm.com\\\/es\\\/#website\",\"url\":\"https:\\\/\\\/dlslawfirm.com\\\/es\\\/\",\"name\":\"Law Offices of Dianne Sawaya LLC- En Espanol\",\"description\":\"\",\"potentialAction\":[{\"@type\":\"SearchAction\",\"target\":{\"@type\":\"EntryPoint\",\"urlTemplate\":\"https:\\\/\\\/dlslawfirm.com\\\/es\\\/?s={search_term_string}\"},\"query-input\":{\"@type\":\"PropertyValueSpecification\",\"valueRequired\":true,\"valueName\":\"search_term_string\"}}],\"inLanguage\":\"es\"}]}<\/script>\n<!-- \/ Yoast SEO plugin. -->","yoast_head_json":{"title":"Compensaci\u00f3n Laboral y Accidentes de Cami\u00f3n | Abogado Denver","description":"Si te has lesionado en un accidente de cami\u00f3n, ponte en contacto con nuestros abogados para que te ayuden a determinar si tienes derecho a una indemnizaci\u00f3n por accidente laboral.","robots":{"index":"index","follow":"follow","max-snippet":"max-snippet:-1","max-image-preview":"max-image-preview:large","max-video-preview":"max-video-preview:-1"},"canonical":"https:\/\/dlslawfirm.com\/es\/preguntas-frecuentes\/cubre-la-indemnizacion-por-accidente-laboral-las-lesiones-por-accidente-de-camion\/","og_locale":"es_MX","og_type":"article","og_title":"Compensaci\u00f3n Laboral y Accidentes de Cami\u00f3n | Abogado Denver","og_description":"Si te has lesionado en un accidente de cami\u00f3n, ponte en contacto con nuestros abogados para que te ayuden a determinar si tienes derecho a una indemnizaci\u00f3n por accidente laboral.","og_url":"https:\/\/dlslawfirm.com\/es\/preguntas-frecuentes\/cubre-la-indemnizacion-por-accidente-laboral-las-lesiones-por-accidente-de-camion\/","og_site_name":"Law Offices of Dianne Sawaya LLC- En Espanol","og_image":[{"width":1600,"height":787,"url":"https:\/\/dlslawfirm.com\/es\/wp-content\/uploads\/sites\/2\/2022\/06\/pexels-quintin-gellar-2199293.jpg","type":"image\/jpeg"}],"twitter_card":"summary_large_image","twitter_misc":{"Est. reading time":"2 minutos"},"schema":{"@context":"https:\/\/schema.org","@graph":[{"@type":"WebPage","@id":"https:\/\/dlslawfirm.com\/es\/preguntas-frecuentes\/cubre-la-indemnizacion-por-accidente-laboral-las-lesiones-por-accidente-de-camion\/","url":"https:\/\/dlslawfirm.com\/es\/preguntas-frecuentes\/cubre-la-indemnizacion-por-accidente-laboral-las-lesiones-por-accidente-de-camion\/","name":"Compensaci\u00f3n Laboral y Accidentes de Cami\u00f3n | Abogado Denver","isPartOf":{"@id":"https:\/\/dlslawfirm.com\/es\/#website"},"primaryImageOfPage":{"@id":"https:\/\/dlslawfirm.com\/es\/preguntas-frecuentes\/cubre-la-indemnizacion-por-accidente-laboral-las-lesiones-por-accidente-de-camion\/#primaryimage"},"image":{"@id":"https:\/\/dlslawfirm.com\/es\/preguntas-frecuentes\/cubre-la-indemnizacion-por-accidente-laboral-las-lesiones-por-accidente-de-camion\/#primaryimage"},"thumbnailUrl":"https:\/\/dlslawfirm.com\/es\/wp-content\/uploads\/sites\/2\/2022\/06\/pexels-quintin-gellar-2199293.jpg","datePublished":"2016-03-03T16:23:19+00:00","description":"Si te has lesionado en un accidente de cami\u00f3n, ponte en contacto con nuestros abogados para que te ayuden a determinar si tienes derecho a una indemnizaci\u00f3n por accidente laboral.","breadcrumb":{"@id":"https:\/\/dlslawfirm.com\/es\/preguntas-frecuentes\/cubre-la-indemnizacion-por-accidente-laboral-las-lesiones-por-accidente-de-camion\/#breadcrumb"},"inLanguage":"es","potentialAction":[{"@type":"ReadAction","target":["https:\/\/dlslawfirm.com\/es\/preguntas-frecuentes\/cubre-la-indemnizacion-por-accidente-laboral-las-lesiones-por-accidente-de-camion\/"]}]},{"@type":"ImageObject","inLanguage":"es","@id":"https:\/\/dlslawfirm.com\/es\/preguntas-frecuentes\/cubre-la-indemnizacion-por-accidente-laboral-las-lesiones-por-accidente-de-camion\/#primaryimage","url":"https:\/\/dlslawfirm.com\/es\/wp-content\/uploads\/sites\/2\/2022\/06\/pexels-quintin-gellar-2199293.jpg","contentUrl":"https:\/\/dlslawfirm.com\/es\/wp-content\/uploads\/sites\/2\/2022\/06\/pexels-quintin-gellar-2199293.jpg","width":1600,"height":787,"caption":"trucks on road"},{"@type":"BreadcrumbList","@id":"https:\/\/dlslawfirm.com\/es\/preguntas-frecuentes\/cubre-la-indemnizacion-por-accidente-laboral-las-lesiones-por-accidente-de-camion\/#breadcrumb","itemListElement":[{"@type":"ListItem","position":1,"name":"Home","item":"https:\/\/dlslawfirm.com\/es\/"},{"@type":"ListItem","position":2,"name":"PREGUNTAS FRECUENTES","item":"https:\/\/dlslawfirm.com\/es\/preguntas-frecuentes\/"},{"@type":"ListItem","position":3,"name":"\u00bfCubre la indemnizaci\u00f3n por accidente laboral las lesiones por accidente de cami\u00f3n?"}]},{"@type":"WebSite","@id":"https:\/\/dlslawfirm.com\/es\/#website","url":"https:\/\/dlslawfirm.com\/es\/","name":"Law Offices of Dianne Sawaya LLC- En Espanol","description":"","potentialAction":[{"@type":"SearchAction","target":{"@type":"EntryPoint","urlTemplate":"https:\/\/dlslawfirm.com\/es\/?s={search_term_string}"},"query-input":{"@type":"PropertyValueSpecification","valueRequired":true,"valueName":"search_term_string"}}],"inLanguage":"es"}]}},"_links":{"self":[{"href":"https:\/\/dlslawfirm.com\/es\/wp-json\/wp\/v2\/pages\/6903","targetHints":{"allow":["GET"]}}],"collection":[{"href":"https:\/\/dlslawfirm.com\/es\/wp-json\/wp\/v2\/pages"}],"about":[{"href":"https:\/\/dlslawfirm.com\/es\/wp-json\/wp\/v2\/types\/page"}],"author":[{"embeddable":true,"href":"https:\/\/dlslawfirm.com\/es\/wp-json\/wp\/v2\/users\/2"}],"replies":[{"embeddable":true,"href":"https:\/\/dlslawfirm.com\/es\/wp-json\/wp\/v2\/comments?post=6903"}],"version-history":[{"count":0,"href":"https:\/\/dlslawfirm.com\/es\/wp-json\/wp\/v2\/pages\/6903\/revisions"}],"up":[{"embeddable":true,"href":"https:\/\/dlslawfirm.com\/es\/wp-json\/wp\/v2\/pages\/7013"}],"wp:featuredmedia":[{"embeddable":true,"href":"https:\/\/dlslawfirm.com\/es\/wp-json\/wp\/v2\/media\/7252"}],"wp:attachment":[{"href":"https:\/\/dlslawfirm.com\/es\/wp-json\/wp\/v2\/media?parent=6903"}],"wp:term":[{"taxonomy":"post_tag","embeddable":true,"href":"https:\/\/dlslawfirm.com\/es\/wp-json\/wp\/v2\/tags?post=6903"}],"curies":[{"name":"wp","href":"https:\/\/api.w.org\/{rel}","templated":true}]}}