{"id":6898,"date":"2018-06-13T14:18:15","date_gmt":"2018-06-13T14:18:15","guid":{"rendered":"https:\/\/dlslawfirm.com\/videos-del-area-de-practica\/"},"modified":"2018-06-13T14:18:15","modified_gmt":"2018-06-13T14:18:15","slug":"videos-del-area-de-practica","status":"publish","type":"page","link":"https:\/\/dlslawfirm.com\/es\/recursos\/videos-del-area-de-practica\/","title":{"rendered":"V\u00eddeos del \u00c1rea de Pr\u00e1ctica"},"content":{"rendered":"[embedyt]  https:\/\/www.youtube.com\/embed?listType=playlist&amp;list=PLC6A05D0FEC253ADB&amp;layout=gallery[\/embedyt]\n","protected":false},"excerpt":{"rendered":"<p>[embedyt] https:\/\/www.youtube.com\/embed?listType=playlist&amp;list=PLC6A05D0FEC253ADB&amp;layout=gallery[\/embedyt]<\/p>\n","protected":false},"author":2,"featured_media":0,"parent":7019,"menu_order":0,"comment_status":"closed","ping_status":"closed","template":"","meta":{"_acf_changed":false,"footnotes":""},"tags":[],"class_list":["post-6898","page","type-page","status-publish","hentry"],"acf":[],"yoast_head":"<!-- This site is optimized with the Yoast SEO plugin v27.4 - https:\/\/yoast.com\/product\/yoast-seo-wordpress\/ -->\n<title>V\u00eddeos del \u00e1rea de pr\u00e1ctica | El bufete de Dianne Sawaya<\/title>\n<meta name=\"description\" content=\"Obt\u00e9n m\u00e1s informaci\u00f3n sobre nuestras \u00e1reas de pr\u00e1ctica en los v\u00eddeos en los que aparece la abogada de lesiones personales de Denver, Dianna Sawaya. Nuestro bufete tiene experiencia en diversas \u00e1reas de lesiones personales, como accidentes de coche, accidentes de cami\u00f3n, accidentes con peatones y mucho m\u00e1s.\" \/>\n<meta name=\"robots\" content=\"index, follow, max-snippet:-1, max-image-preview:large, max-video-preview:-1\" \/>\n<link rel=\"canonical\" href=\"https:\/\/dlslawfirm.com\/es\/recursos\/videos-del-area-de-practica\/\" \/>\n<meta property=\"og:locale\" content=\"es_MX\" \/>\n<meta property=\"og:type\" content=\"article\" \/>\n<meta property=\"og:title\" content=\"V\u00eddeos del \u00e1rea de pr\u00e1ctica | El bufete de Dianne Sawaya\" \/>\n<meta property=\"og:description\" content=\"Obt\u00e9n m\u00e1s informaci\u00f3n sobre nuestras \u00e1reas de pr\u00e1ctica en los v\u00eddeos en los que aparece la abogada de lesiones personales de Denver, Dianna Sawaya. Nuestro bufete tiene experiencia en diversas \u00e1reas de lesiones personales, como accidentes de coche, accidentes de cami\u00f3n, accidentes con peatones y mucho m\u00e1s.\" \/>\n<meta property=\"og:url\" content=\"https:\/\/dlslawfirm.com\/es\/recursos\/videos-del-area-de-practica\/\" \/>\n<meta property=\"og:site_name\" content=\"Law Offices of Dianne Sawaya LLC- En Espanol\" \/>\n<meta name=\"twitter:card\" content=\"summary_large_image\" \/>\n<script type=\"application\/ld+json\" class=\"yoast-schema-graph\">{\"@context\":\"https:\\\/\\\/schema.org\",\"@graph\":[{\"@type\":\"WebPage\",\"@id\":\"https:\\\/\\\/dlslawfirm.com\\\/es\\\/recursos\\\/videos-del-area-de-practica\\\/\",\"url\":\"https:\\\/\\\/dlslawfirm.com\\\/es\\\/recursos\\\/videos-del-area-de-practica\\\/\",\"name\":\"V\u00eddeos del \u00e1rea de pr\u00e1ctica | El bufete de Dianne Sawaya\",\"isPartOf\":{\"@id\":\"https:\\\/\\\/dlslawfirm.com\\\/es\\\/#website\"},\"datePublished\":\"2018-06-13T14:18:15+00:00\",\"description\":\"Obt\u00e9n m\u00e1s informaci\u00f3n sobre nuestras \u00e1reas de pr\u00e1ctica en los v\u00eddeos en los que aparece la abogada de lesiones personales de Denver, Dianna Sawaya. Nuestro bufete tiene experiencia en diversas \u00e1reas de lesiones personales, como accidentes de coche, accidentes de cami\u00f3n, accidentes con peatones y mucho m\u00e1s.\",\"breadcrumb\":{\"@id\":\"https:\\\/\\\/dlslawfirm.com\\\/es\\\/recursos\\\/videos-del-area-de-practica\\\/#breadcrumb\"},\"inLanguage\":\"es\",\"potentialAction\":[{\"@type\":\"ReadAction\",\"target\":[\"https:\\\/\\\/dlslawfirm.com\\\/es\\\/recursos\\\/videos-del-area-de-practica\\\/\"]}]},{\"@type\":\"BreadcrumbList\",\"@id\":\"https:\\\/\\\/dlslawfirm.com\\\/es\\\/recursos\\\/videos-del-area-de-practica\\\/#breadcrumb\",\"itemListElement\":[{\"@type\":\"ListItem\",\"position\":1,\"name\":\"Home\",\"item\":\"https:\\\/\\\/dlslawfirm.com\\\/es\\\/\"},{\"@type\":\"ListItem\",\"position\":2,\"name\":\"Recursos\",\"item\":\"https:\\\/\\\/dlslawfirm.com\\\/es\\\/recursos\\\/\"},{\"@type\":\"ListItem\",\"position\":3,\"name\":\"V\u00eddeos del \u00c1rea de Pr\u00e1ctica\"}]},{\"@type\":\"WebSite\",\"@id\":\"https:\\\/\\\/dlslawfirm.com\\\/es\\\/#website\",\"url\":\"https:\\\/\\\/dlslawfirm.com\\\/es\\\/\",\"name\":\"Law Offices of Dianne Sawaya LLC- En Espanol\",\"description\":\"\",\"potentialAction\":[{\"@type\":\"SearchAction\",\"target\":{\"@type\":\"EntryPoint\",\"urlTemplate\":\"https:\\\/\\\/dlslawfirm.com\\\/es\\\/?s={search_term_string}\"},\"query-input\":{\"@type\":\"PropertyValueSpecification\",\"valueRequired\":true,\"valueName\":\"search_term_string\"}}],\"inLanguage\":\"es\"}]}<\/script>\n<!-- \/ Yoast SEO plugin. -->","yoast_head_json":{"title":"V\u00eddeos del \u00e1rea de pr\u00e1ctica | El bufete de Dianne Sawaya","description":"Obt\u00e9n m\u00e1s informaci\u00f3n sobre nuestras \u00e1reas de pr\u00e1ctica en los v\u00eddeos en los que aparece la abogada de lesiones personales de Denver, Dianna Sawaya. Nuestro bufete tiene experiencia en diversas \u00e1reas de lesiones personales, como accidentes de coche, accidentes de cami\u00f3n, accidentes con peatones y mucho m\u00e1s.","robots":{"index":"index","follow":"follow","max-snippet":"max-snippet:-1","max-image-preview":"max-image-preview:large","max-video-preview":"max-video-preview:-1"},"canonical":"https:\/\/dlslawfirm.com\/es\/recursos\/videos-del-area-de-practica\/","og_locale":"es_MX","og_type":"article","og_title":"V\u00eddeos del \u00e1rea de pr\u00e1ctica | El bufete de Dianne Sawaya","og_description":"Obt\u00e9n m\u00e1s informaci\u00f3n sobre nuestras \u00e1reas de pr\u00e1ctica en los v\u00eddeos en los que aparece la abogada de lesiones personales de Denver, Dianna Sawaya. Nuestro bufete tiene experiencia en diversas \u00e1reas de lesiones personales, como accidentes de coche, accidentes de cami\u00f3n, accidentes con peatones y mucho m\u00e1s.","og_url":"https:\/\/dlslawfirm.com\/es\/recursos\/videos-del-area-de-practica\/","og_site_name":"Law Offices of Dianne Sawaya LLC- En Espanol","twitter_card":"summary_large_image","schema":{"@context":"https:\/\/schema.org","@graph":[{"@type":"WebPage","@id":"https:\/\/dlslawfirm.com\/es\/recursos\/videos-del-area-de-practica\/","url":"https:\/\/dlslawfirm.com\/es\/recursos\/videos-del-area-de-practica\/","name":"V\u00eddeos del \u00e1rea de pr\u00e1ctica | El bufete de Dianne Sawaya","isPartOf":{"@id":"https:\/\/dlslawfirm.com\/es\/#website"},"datePublished":"2018-06-13T14:18:15+00:00","description":"Obt\u00e9n m\u00e1s informaci\u00f3n sobre nuestras \u00e1reas de pr\u00e1ctica en los v\u00eddeos en los que aparece la abogada de lesiones personales de Denver, Dianna Sawaya. Nuestro bufete tiene experiencia en diversas \u00e1reas de lesiones personales, como accidentes de coche, accidentes de cami\u00f3n, accidentes con peatones y mucho m\u00e1s.","breadcrumb":{"@id":"https:\/\/dlslawfirm.com\/es\/recursos\/videos-del-area-de-practica\/#breadcrumb"},"inLanguage":"es","potentialAction":[{"@type":"ReadAction","target":["https:\/\/dlslawfirm.com\/es\/recursos\/videos-del-area-de-practica\/"]}]},{"@type":"BreadcrumbList","@id":"https:\/\/dlslawfirm.com\/es\/recursos\/videos-del-area-de-practica\/#breadcrumb","itemListElement":[{"@type":"ListItem","position":1,"name":"Home","item":"https:\/\/dlslawfirm.com\/es\/"},{"@type":"ListItem","position":2,"name":"Recursos","item":"https:\/\/dlslawfirm.com\/es\/recursos\/"},{"@type":"ListItem","position":3,"name":"V\u00eddeos del \u00c1rea de Pr\u00e1ctica"}]},{"@type":"WebSite","@id":"https:\/\/dlslawfirm.com\/es\/#website","url":"https:\/\/dlslawfirm.com\/es\/","name":"Law Offices of Dianne Sawaya LLC- En Espanol","description":"","potentialAction":[{"@type":"SearchAction","target":{"@type":"EntryPoint","urlTemplate":"https:\/\/dlslawfirm.com\/es\/?s={search_term_string}"},"query-input":{"@type":"PropertyValueSpecification","valueRequired":true,"valueName":"search_term_string"}}],"inLanguage":"es"}]}},"_links":{"self":[{"href":"https:\/\/dlslawfirm.com\/es\/wp-json\/wp\/v2\/pages\/6898","targetHints":{"allow":["GET"]}}],"collection":[{"href":"https:\/\/dlslawfirm.com\/es\/wp-json\/wp\/v2\/pages"}],"about":[{"href":"https:\/\/dlslawfirm.com\/es\/wp-json\/wp\/v2\/types\/page"}],"author":[{"embeddable":true,"href":"https:\/\/dlslawfirm.com\/es\/wp-json\/wp\/v2\/users\/2"}],"replies":[{"embeddable":true,"href":"https:\/\/dlslawfirm.com\/es\/wp-json\/wp\/v2\/comments?post=6898"}],"version-history":[{"count":0,"href":"https:\/\/dlslawfirm.com\/es\/wp-json\/wp\/v2\/pages\/6898\/revisions"}],"up":[{"embeddable":true,"href":"https:\/\/dlslawfirm.com\/es\/wp-json\/wp\/v2\/pages\/7019"}],"wp:attachment":[{"href":"https:\/\/dlslawfirm.com\/es\/wp-json\/wp\/v2\/media?parent=6898"}],"wp:term":[{"taxonomy":"post_tag","embeddable":true,"href":"https:\/\/dlslawfirm.com\/es\/wp-json\/wp\/v2\/tags?post=6898"}],"curies":[{"name":"wp","href":"https:\/\/api.w.org\/{rel}","templated":true}]}}