{"id":6893,"date":"2021-11-24T07:01:46","date_gmt":"2021-11-24T07:01:46","guid":{"rendered":"https:\/\/dlslawfirm.com\/abogado-de-lesiones-personales-en-aurora\/abogado-de-accidentes-de-coche-en-aurora\/"},"modified":"2021-11-24T07:01:46","modified_gmt":"2021-11-24T07:01:46","slug":"abogado-de-accidentes-de-coche-en-aurora","status":"publish","type":"page","link":"https:\/\/dlslawfirm.com\/es\/abogado-de-lesiones-personales-en-aurora\/abogado-de-accidentes-de-coche-en-aurora\/","title":{"rendered":"Abogado de accidentes de coche en Aurora"},"content":{"rendered":"<h2>Abogado de Accidente de Coche en Aurora, CO<\/h2>\n<p>Seg\u00fan <a href=\"https:\/\/www.carinsurance.com\/Articles\/best-worst-states-driving.aspx\" target=\"_blank\" rel=\"noopener\">carinsurance.com<\/a>, Colorado ocup\u00f3 en 2021 el puesto 46 entre los peores conductores de Estados Unidos. S\u00f3lo Arizona, Nueva Jersey, Mississippi, Luisiana y California tienen peores conductores que Colorado. Alrededor del 13,3% de los conductores de Colorado no tienen seguro, y se producen 1,17 v\u00edctimas mortales de tr\u00e1fico por cada cien millones de kil\u00f3metros recorridos. La friolera del 70% de las carreteras de Colorado se consideran &#8220;malas o mediocres&#8221;, lo que contribuye a los accidentes de tr\u00e1fico.<\/p>\n<p>Los conductores de Colorado se encuentran entre los cinco peores estados por conducir con un permiso no v\u00e1lido y por no obedecer las se\u00f1ales de tr\u00e1fico. Tras un accidente de coche, \u00bfte beneficiar\u00eda hablar con un abogado de accidentes de coche de Aurora, CO? \u00a1Creemos que s\u00ed!<\/p>\n<p>Si te has lesionado en un accidente de coche en Aurora, CO, podr\u00edas sufrir lesiones graves que tardar\u00edas meses, a\u00f1os o toda la vida en superar. Puedes tener dificultades para recibir los tratamientos m\u00e9dicos que necesitas, y tambi\u00e9n podr\u00edas ser incapaz de volver a tu trabajo y ganarte la vida. Si te encuentras en esta situaci\u00f3n, lo mejor que puedes hacer es ponerte en contacto con un abogado especializado en accidentes de tr\u00e1fico de Aurora, CO, del Bufete de Dianne Sawaya. Dianne ser\u00e1 la abogada que necesitas desesperadamente, luchando por tu derecho a un acuerdo equitativo con la parte culpable.<\/p>\n[cta_interior title=&#8221;CTA Interior&#8221;]\n<h2>\u00bfPor qu\u00e9 elegir a Dianne Sawaya, abogada de accidentes de tr\u00e1fico en Aurora, CO?<\/h2>\n<p>Ciertamente hay muchos abogados de accidentes de coche en Aurora, CO entre los que elegir, pero si quieres a alguien que crea en ti y se preocupe de verdad por tu futuro, <a href=\"https:\/\/dlslawfirm.com\/attorneys\/dianne-sawaya-principal-personal-injury-attorney\/\">Dianne Sawaya es la abogada que necesitas<\/a>. Dianne sabe que el dinero no cambiar\u00e1 el hecho de que te hayas lesionado en un accidente, pero puede ayudarte a recibir el tratamiento que necesitas, pagar tus facturas cuando no puedas trabajar y compensarte por el dolor y el sufrimiento relacionados con el accidente. Dianne comprende que est\u00e9s estresado, ansioso, frustrado e incluso enfadado por la negligencia que caus\u00f3 tu accidente de coche. Est\u00e1 dispuesta a ayudarte en este dif\u00edcil momento de tu vida, trabajando duro para conseguir el mejor resultado posible.<\/p>\n<p>El bufete de Dianne Sawaya tiene muchas opiniones positivas en Google de clientes satisfechos. Dianne es inteligente, agresiva y compasiva, y siempre busca maximizar el acuerdo que necesitas y mereces. Ofrecemos una consulta 100% gratuita, siempre. Si no se recupera nada por tu reclamaci\u00f3n de accidente de coche, no pagas honorarios de abogado. Podemos ayudarte a obtener los tratamientos m\u00e9dicos que necesitas para curarte de tus lesiones. Si buscas un abogado de accidentes de coche en Aurora, Colorado, compasivo, experimentado y respetado, el equipo del bufete de Dianne Sawaya adoptar\u00e1 un enfoque personal, trabajando para ti y tu familia.<\/p>\n<h2>\u00bfQu\u00e9 factores intervienen en la mayor\u00eda de los accidentes de tr\u00e1fico?<\/h2>\n<p>Cada accidente de coche en Aurora, CO, as\u00ed como los de todo el estado, es \u00fanico. Sin embargo, los accidentes de coche suelen compartir uno o varios factores contribuyentes. Uno de los conductores -o posiblemente ambos- puede haber hecho algo para provocar el accidente. Los factores m\u00e1s probables que intervienen en un accidente de coche son:<\/p>\n<ul>\n<li>Conducci\u00f3n distra\u00edda<\/li>\n<li><a href=\"https:\/\/dlslawfirm.com\/personal-injury\/car-accidents\/fatigued-driving-my\/\">Conducci\u00f3n fatigada<\/a><\/li>\n<li>Superar el l\u00edmite de velocidad<\/li>\n<li><a href=\"https:\/\/dlslawfirm.com\/personal-injury\/drunk-driving-accident-attorney\/\">Deterioro<\/a><\/li>\n<li><a href=\"https:\/\/dlslawfirm.com\/personal-injury\/car-accidents\/speeding-accidents\/\">Conducci\u00f3n agresiva<\/a><\/li>\n<\/ul>\n<p>La <a href=\"https:\/\/dlslawfirm.com\/personal-injury\/car-accidents\/distracted-driving-accidents\/\">conducci\u00f3n distra\u00edda<\/a> abarca una amplia gama de comportamientos peligrosos. Utilizar el tel\u00e9fono m\u00f3vil, juguetear con el GPS, la radio u otros mandos del coche, darse la vuelta para ver qu\u00e9 hacen los ni\u00f1os en el asiento trasero, comer y hablar con los pasajeros son los tipos m\u00e1s comunes de conducci\u00f3n distra\u00edda.<\/p>\n<p>Aunque todas estas conductas son peligrosas, una de la que rara vez o\u00edmos hablar es lo que pueden distraer los ni\u00f1os cuando eres el \u00fanico adulto en el coche. Las <a href=\"http:\/\/kidstraveldoc.com\/dr-neumanns-kidstraveldoc-ten-tips-drivingdistractions-from-children\/\" target=\"_blank\" rel=\"noopener\">encuestas<\/a> muestran que los ni\u00f1os distraen <em>cuatro veces<\/em> m\u00e1s a los conductores que los pasajeros adultos, y los beb\u00e9s <em>ocho veces<\/em> m\u00e1s. Cuanto mayor sea el n\u00famero de ni\u00f1os en el coche, mayor ser\u00e1 la probabilidad de accidente. Tener animales dom\u00e9sticos sin sujeci\u00f3n en el veh\u00edculo tambi\u00e9n es una distracci\u00f3n importante, por lo que tener ni\u00f1os <em>y<\/em> animales dom\u00e9sticos en el veh\u00edculo puede ser una receta para el desastre.<\/p>\n<p>Entre los comportamientos agresivos al volante est\u00e1n las &#8220;carreras&#8221;, entrar y salirse del tr\u00e1fico, seguir a otros veh\u00edculos demasiado de cerca (ir a rebufo), cruzar las l\u00edneas amarillas dobles para adelantar, no moverse ante un veh\u00edculo de emergencia, ignorar las se\u00f1ales de tr\u00e1fico y los sem\u00e1foros, y adelantar a veh\u00edculos parados. Conducir fatigado puede ser casi tan peligroso como conducir bajo los efectos del alcohol, ya que el exceso de fatiga reduce significativamente el tiempo de reacci\u00f3n.<\/p>\n<h2>\u00bfQu\u00e9 son las lesiones catastr\u00f3ficas derivadas de un accidente de tr\u00e1fico?<\/h2>\n<p>Aunque muchas lesiones derivadas de un accidente de coche en Aurora, CO, pueden ser graves y llevar meses o incluso a\u00f1os recuperarse de ellas, las lesiones catastr\u00f3ficas suelen ser las que se consideran potencialmente mortales, o las que pueden alterar la vida de la v\u00edctima para siempre. Una lesi\u00f3n catastr\u00f3fica puede impedir que el superviviente de un accidente de tr\u00e1fico vuelva a trabajar y es probable que le suponga a\u00f1os -o toda una vida- de rehabilitaci\u00f3n, intervenciones quir\u00fargicas y tratamientos m\u00e9dicos. El tipo m\u00e1s com\u00fan de lesiones catastr\u00f3ficas incluye:<\/p>\n<ul>\n<li><a href=\"https:\/\/dlslawfirm.com\/personal-injury\/brain-injury\/\"><br \/>\n  <strong>Lesiones cerebrales traum\u00e1ticas<\/strong><br \/>\n<\/a> &#8211; Las lesiones cerebrales traum\u00e1ticas no s\u00f3lo pueden modificar el funcionamiento cognitivo de un individuo, sino que tambi\u00e9n pueden cambiar su personalidad b\u00e1sica y sus respuestas emocionales. Los supervivientes de una lesi\u00f3n cerebral traum\u00e1tica pueden necesitar pasar a\u00f1os en rehabilitaci\u00f3n y terapia, y muchos necesitan volver a aprender habilidades b\u00e1sicas.<\/li>\n<li><a href=\"https:\/\/dlslawfirm.com\/personal-injury\/car-accidents\/burn-injuries\/\"><br \/>\n  <strong>Quemaduras graves<\/strong><br \/>\n<\/a> &#8211; Las quemaduras de tercer y cuarto grado son las que ponen en peligro la vida y cubren gran parte del cuerpo. Todas las capas de la piel, junto con el tejido subyacente, se ven afectadas en las quemaduras de tercer y cuarto grado. La v\u00edctima de quemaduras graves puede necesitar muchos injertos de piel, cirug\u00eda pl\u00e1stica y terapias de rehabilitaci\u00f3n, y puede sufrir lesiones nerviosas permanentes.<\/li>\n<li><a href=\"https:\/\/dlslawfirm.com\/personal-injury\/car-accidents\/internal-bleeding-and-organ-damage\/\"><br \/>\n  <strong>Da\u00f1os graves en \u00f3rganos internos <\/strong><br \/>\n<\/a>&#8211; En un accidente de coche muy grave, las v\u00edctimas pueden sufrir hemorragias internas graves o da\u00f1os en \u00f3rganos como la rotura de ri\u00f1ones o h\u00edgado. Esto puede dar lugar a meses o a\u00f1os de intervenciones quir\u00fargicas y tratamientos m\u00e9dicos, y tambi\u00e9n puede provocar una discapacidad permanente.<\/li>\n<li><a href=\"https:\/\/dlslawfirm.com\/personal-injury\/car-accidents\/spinal-cord-injuries\/\"><br \/>\n  <strong>Lesiones medulares <\/strong><br \/>\n<\/a>&#8211; Una lesi\u00f3n medular grave puede provocar incapacidad para mover m\u00fasculos y extremidades por debajo del lugar de la lesi\u00f3n. Esto significa que la v\u00edctima de una lesi\u00f3n medular grave podr\u00eda pasar el resto de su vida en una silla de ruedas como parapl\u00e9jico o tetrapl\u00e9jico. Este nivel de lesi\u00f3n medular puede requerir asistencia para la v\u00edctima en muchas \u00e1reas.<\/li>\n<li><a href=\"https:\/\/dlslawfirm.com\/personal-injury\/car-accidents\/broken-bones\/\"><br \/>\n  <strong>Amputaciones de miembros<\/strong><br \/>\n<\/a> &#8211; Aunque los accidentes de coche suelen causar fracturas \u00f3seas, en algunos casos las lesiones por aplastamiento pueden requerir la amputaci\u00f3n de un brazo o una pierna. Esto puede conducir a una vida de movilidad limitada, dolor y lesiones nerviosas.<\/li>\n<\/ul>\n<h2>\u00bfCu\u00e1les son los da\u00f1os potenciales en una reclamaci\u00f3n por accidente de coche en Aurora, CO?<\/h2>\n<p>Si el otro conductor de tu accidente de coche fue claramente negligente, puedes tener derecho a las siguientes indemnizaciones:<\/p>\n<ul>\n<li><strong>Gastos m\u00e9dicos:<\/strong> Tienes derecho al reembolso de los gastos m\u00e9dicos que ya hayas pagado, m\u00e1s los gastos m\u00e9dicos futuros relacionados con tus lesiones derivadas del accidente de coche. Los gastos de la sala de urgencias, los gastos m\u00e9dicos, los gastos en medicamentos recetados y los gastos de rehabilitaci\u00f3n continuada son da\u00f1os y perjuicios que puedes reclamar en tu demanda por accidente de coche en Aurora, CO.<\/li>\n<li><strong>Salarios perdidos y salarios futuros perdidos: <\/strong>Si no pudiste volver al trabajo durante unos d\u00edas o semanas tras el accidente, tienes derecho al reembolso de los salarios perdidos. Si no puedes volver al trabajo en meses, a\u00f1os o para siempre, puedes tener derecho a percibir tambi\u00e9n salarios futuros perdidos.<\/li>\n<li><strong>Dolor y sufrimiento: <\/strong>Esto se refiere a las formas no tangibles en que has sufrido tras tu accidente. Puede incluir dolor f\u00edsico, as\u00ed como trauma emocional. Tal vez necesites asesoramiento psicol\u00f3gico para resolver problemas relacionados con tu accidente de coche, como la ansiedad y la depresi\u00f3n.<\/li>\n<li><strong>Da\u00f1os a tu veh\u00edculo: <\/strong>Tienes derecho a recuperar los da\u00f1os sufridos por tu veh\u00edculo, devolvi\u00e9ndolo aproximadamente al mismo estado en que estaba antes de la colisi\u00f3n, o sustituy\u00e9ndolo por un veh\u00edculo similar.<\/li>\n<\/ul>\n<h2>\u00bfEs Colorado un Estado con culpa?<\/h2>\n<p>Hasta 2003, Colorado era un estado sin culpa, pero desde entonces es un estado con culpa en lo que respecta a los accidentes de coche. Esto significa que cuando tengas un accidente de coche en el que no hayas tenido la culpa, en lugar de presentar una reclamaci\u00f3n a tu propia compa\u00f1\u00eda de seguros, la presentar\u00e1s al seguro del conductor culpable. Si el conductor culpable no tiene seguro del veh\u00edculo, tendr\u00e1s que comprobar tu propio seguro para determinar si has contratado una cobertura de motorista sin seguro o con seguro insuficiente. Si lo hiciste, entonces declarar\u00e1s el accidente a tu propio seguro, aunque tu aseguradora puede demandar a la parte culpable para recuperar sus p\u00e9rdidas.<strong> <\/strong><\/p>\n<h2>\u00bfPor qu\u00e9 necesito un abogado de accidentes de coche en Aurora, CO?<\/h2>\n<p>Si has sufrido un accidente en Aurora, puede que decidas solucionarlo por tu cuenta. A menos que no hayas sufrido lesiones y tu veh\u00edculo no est\u00e9 gravemente da\u00f1ado, no suele ser una buena idea. En general, los que est\u00e1n representados legalmente obtienen acuerdos mucho mayores, normalmente m\u00e1s r\u00e1pidos que los que se representan a s\u00ed mismos. Los abogados especialistas en accidentes de tr\u00e1fico saben tratar con las compa\u00f1\u00edas de seguros, negociar un acuerdo justo o defenderte en juicio. Las compa\u00f1\u00edas de seguros respetan m\u00e1s tus lesiones y tu reclamaci\u00f3n cuando interviene un abogado con experiencia. Adem\u00e1s, tienes que dedicar tu tiempo a curarte de tus lesiones y volver a encarrilar tu vida. Tu abogado de accidentes de coche en Aurora, CO, se encargar\u00e1 de todos los detalles legales en tu nombre, d\u00e1ndote ese tiempo.<\/p>\n<h2>\u00bfC\u00f3mo puede ayudarte el bufete de Dianne Sawaya con tu reclamaci\u00f3n por accidente de coche en Aurora, CO?<\/h2>\n<p>La abogada Dianne Sawaya es una abogada de Aurora con gran experiencia en accidentes de tr\u00e1fico que representar\u00e1 tus intereses plena y completamente. El equipo jur\u00eddico del bufete de Dianne Sawaya te explicar\u00e1 cada parte del proceso de forma exhaustiva y f\u00e1cil de entender. Queremos asegurarnos de que comprendes plenamente tus opciones, y lo que creemos que es la mejor manera de avanzar, asegurando un acuerdo justo en tu nombre. Como abogada de accidentes de coche en Aurora respetada, experta y compasiva, Dianne Sawaya y su equipo luchar\u00e1n agresivamente por tus derechos.<\/p>\n<p>Nos preocupamos de verdad por ti, por tu familia y por tu futuro, y haremos todo lo que est\u00e9 en nuestra mano para negociar un acuerdo equitativo. Aunque somos negociadores muy h\u00e1biles, tambi\u00e9n nos sentimos totalmente c\u00f3modos llevando tu caso a juicio si es necesario. Sabemos que es un momento emotivo para ti: te est\u00e1s curando, te enfrentas a tu nueva normalidad y probablemente est\u00e9s muy preocupada por las finanzas. Cuando contratas al Bufete de Dianne Sawaya, puedes cedernos gran parte de tu carga, d\u00e1ndote un respiro para curarte. \u00a1 <a href=\"https:\/\/dlslawfirm.com\/contact-us\/\">Ponte en contacto con<\/a> el Bufete de Dianne Sawaya hoy mismo!<\/p>\n","protected":false},"excerpt":{"rendered":"<p>Abogado de Accidente de Coche en Aurora, CO Seg\u00fan carinsurance.com, Colorado ocup\u00f3 en 2021 el puesto 46 entre los peores conductores de Estados Unidos. S\u00f3lo Arizona, Nueva Jersey, Mississippi, Luisiana y California tienen peores conductores que Colorado. Alrededor del 13,3% de los conductores de Colorado no tienen seguro, y se producen 1,17 v\u00edctimas mortales de&#8230;<\/p>\n","protected":false},"author":2,"featured_media":7290,"parent":6886,"menu_order":16,"comment_status":"closed","ping_status":"closed","template":"","meta":{"_acf_changed":false,"footnotes":""},"tags":[],"class_list":["post-6893","page","type-page","status-publish","has-post-thumbnail","hentry"],"acf":[],"yoast_head":"<!-- This site is optimized with the Yoast SEO plugin v27.4 - https:\/\/yoast.com\/product\/yoast-seo-wordpress\/ -->\n<title>Abogado de Accidente de Coche en Aurora | Colorado | Consulta 100% Gratuita<\/title>\n<meta name=\"description\" content=\"Cada accidente de coche en Aurora, CO, as\u00ed como los de todo el estado, es \u00fanico. Nuestros abogados est\u00e1n dispuestos a ayudarte, llama ahora gratis.\" \/>\n<meta name=\"robots\" content=\"index, follow, max-snippet:-1, max-image-preview:large, max-video-preview:-1\" \/>\n<link rel=\"canonical\" href=\"https:\/\/dlslawfirm.com\/es\/abogado-de-lesiones-personales-en-aurora\/abogado-de-accidentes-de-coche-en-aurora\/\" \/>\n<meta property=\"og:locale\" content=\"es_MX\" \/>\n<meta property=\"og:type\" content=\"article\" \/>\n<meta property=\"og:title\" content=\"Abogado de Accidente de Coche en Aurora | Colorado | Consulta 100% Gratuita\" \/>\n<meta property=\"og:description\" content=\"Cada accidente de coche en Aurora, CO, as\u00ed como los de todo el estado, es \u00fanico. Nuestros abogados est\u00e1n dispuestos a ayudarte, llama ahora gratis.\" \/>\n<meta property=\"og:url\" content=\"https:\/\/dlslawfirm.com\/es\/abogado-de-lesiones-personales-en-aurora\/abogado-de-accidentes-de-coche-en-aurora\/\" \/>\n<meta property=\"og:site_name\" content=\"Law Offices of Dianne Sawaya LLC- En Espanol\" \/>\n<meta property=\"og:image\" content=\"https:\/\/dlslawfirm.com\/es\/wp-content\/uploads\/sites\/2\/2020\/11\/car-accident.jpg\" \/>\n\t<meta property=\"og:image:width\" content=\"1000\" \/>\n\t<meta property=\"og:image:height\" content=\"667\" \/>\n\t<meta property=\"og:image:type\" content=\"image\/jpeg\" \/>\n<meta name=\"twitter:card\" content=\"summary_large_image\" \/>\n<meta name=\"twitter:label1\" content=\"Est. reading time\" \/>\n\t<meta name=\"twitter:data1\" content=\"10 minutos\" \/>\n<script type=\"application\/ld+json\" class=\"yoast-schema-graph\">{\"@context\":\"https:\\\/\\\/schema.org\",\"@graph\":[{\"@type\":\"WebPage\",\"@id\":\"https:\\\/\\\/dlslawfirm.com\\\/es\\\/abogado-de-lesiones-personales-en-aurora\\\/abogado-de-accidentes-de-coche-en-aurora\\\/\",\"url\":\"https:\\\/\\\/dlslawfirm.com\\\/es\\\/abogado-de-lesiones-personales-en-aurora\\\/abogado-de-accidentes-de-coche-en-aurora\\\/\",\"name\":\"Abogado de Accidente de Coche en Aurora | Colorado | Consulta 100% Gratuita\",\"isPartOf\":{\"@id\":\"https:\\\/\\\/dlslawfirm.com\\\/es\\\/#website\"},\"primaryImageOfPage\":{\"@id\":\"https:\\\/\\\/dlslawfirm.com\\\/es\\\/abogado-de-lesiones-personales-en-aurora\\\/abogado-de-accidentes-de-coche-en-aurora\\\/#primaryimage\"},\"image\":{\"@id\":\"https:\\\/\\\/dlslawfirm.com\\\/es\\\/abogado-de-lesiones-personales-en-aurora\\\/abogado-de-accidentes-de-coche-en-aurora\\\/#primaryimage\"},\"thumbnailUrl\":\"https:\\\/\\\/dlslawfirm.com\\\/es\\\/wp-content\\\/uploads\\\/sites\\\/2\\\/2020\\\/11\\\/car-accident.jpg\",\"datePublished\":\"2021-11-24T07:01:46+00:00\",\"description\":\"Cada accidente de coche en Aurora, CO, as\u00ed como los de todo el estado, es \u00fanico. Nuestros abogados est\u00e1n dispuestos a ayudarte, llama ahora gratis.\",\"breadcrumb\":{\"@id\":\"https:\\\/\\\/dlslawfirm.com\\\/es\\\/abogado-de-lesiones-personales-en-aurora\\\/abogado-de-accidentes-de-coche-en-aurora\\\/#breadcrumb\"},\"inLanguage\":\"es\",\"potentialAction\":[{\"@type\":\"ReadAction\",\"target\":[\"https:\\\/\\\/dlslawfirm.com\\\/es\\\/abogado-de-lesiones-personales-en-aurora\\\/abogado-de-accidentes-de-coche-en-aurora\\\/\"]}]},{\"@type\":\"ImageObject\",\"inLanguage\":\"es\",\"@id\":\"https:\\\/\\\/dlslawfirm.com\\\/es\\\/abogado-de-lesiones-personales-en-aurora\\\/abogado-de-accidentes-de-coche-en-aurora\\\/#primaryimage\",\"url\":\"https:\\\/\\\/dlslawfirm.com\\\/es\\\/wp-content\\\/uploads\\\/sites\\\/2\\\/2020\\\/11\\\/car-accident.jpg\",\"contentUrl\":\"https:\\\/\\\/dlslawfirm.com\\\/es\\\/wp-content\\\/uploads\\\/sites\\\/2\\\/2020\\\/11\\\/car-accident.jpg\",\"width\":1000,\"height\":667,\"caption\":\"denver-uber-accident\"},{\"@type\":\"BreadcrumbList\",\"@id\":\"https:\\\/\\\/dlslawfirm.com\\\/es\\\/abogado-de-lesiones-personales-en-aurora\\\/abogado-de-accidentes-de-coche-en-aurora\\\/#breadcrumb\",\"itemListElement\":[{\"@type\":\"ListItem\",\"position\":1,\"name\":\"Home\",\"item\":\"https:\\\/\\\/dlslawfirm.com\\\/es\\\/\"},{\"@type\":\"ListItem\",\"position\":2,\"name\":\"Abogado de lesiones personales en Aurora\",\"item\":\"https:\\\/\\\/dlslawfirm.com\\\/es\\\/abogado-de-lesiones-personales-en-aurora\\\/\"},{\"@type\":\"ListItem\",\"position\":3,\"name\":\"Abogado de accidentes de coche en Aurora\"}]},{\"@type\":\"WebSite\",\"@id\":\"https:\\\/\\\/dlslawfirm.com\\\/es\\\/#website\",\"url\":\"https:\\\/\\\/dlslawfirm.com\\\/es\\\/\",\"name\":\"Law Offices of Dianne Sawaya LLC- En Espanol\",\"description\":\"\",\"potentialAction\":[{\"@type\":\"SearchAction\",\"target\":{\"@type\":\"EntryPoint\",\"urlTemplate\":\"https:\\\/\\\/dlslawfirm.com\\\/es\\\/?s={search_term_string}\"},\"query-input\":{\"@type\":\"PropertyValueSpecification\",\"valueRequired\":true,\"valueName\":\"search_term_string\"}}],\"inLanguage\":\"es\"}]}<\/script>\n<!-- \/ Yoast SEO plugin. -->","yoast_head_json":{"title":"Abogado de Accidente de Coche en Aurora | Colorado | Consulta 100% Gratuita","description":"Cada accidente de coche en Aurora, CO, as\u00ed como los de todo el estado, es \u00fanico. Nuestros abogados est\u00e1n dispuestos a ayudarte, llama ahora gratis.","robots":{"index":"index","follow":"follow","max-snippet":"max-snippet:-1","max-image-preview":"max-image-preview:large","max-video-preview":"max-video-preview:-1"},"canonical":"https:\/\/dlslawfirm.com\/es\/abogado-de-lesiones-personales-en-aurora\/abogado-de-accidentes-de-coche-en-aurora\/","og_locale":"es_MX","og_type":"article","og_title":"Abogado de Accidente de Coche en Aurora | Colorado | Consulta 100% Gratuita","og_description":"Cada accidente de coche en Aurora, CO, as\u00ed como los de todo el estado, es \u00fanico. Nuestros abogados est\u00e1n dispuestos a ayudarte, llama ahora gratis.","og_url":"https:\/\/dlslawfirm.com\/es\/abogado-de-lesiones-personales-en-aurora\/abogado-de-accidentes-de-coche-en-aurora\/","og_site_name":"Law Offices of Dianne Sawaya LLC- En Espanol","og_image":[{"width":1000,"height":667,"url":"https:\/\/dlslawfirm.com\/es\/wp-content\/uploads\/sites\/2\/2020\/11\/car-accident.jpg","type":"image\/jpeg"}],"twitter_card":"summary_large_image","twitter_misc":{"Est. reading time":"10 minutos"},"schema":{"@context":"https:\/\/schema.org","@graph":[{"@type":"WebPage","@id":"https:\/\/dlslawfirm.com\/es\/abogado-de-lesiones-personales-en-aurora\/abogado-de-accidentes-de-coche-en-aurora\/","url":"https:\/\/dlslawfirm.com\/es\/abogado-de-lesiones-personales-en-aurora\/abogado-de-accidentes-de-coche-en-aurora\/","name":"Abogado de Accidente de Coche en Aurora | Colorado | Consulta 100% Gratuita","isPartOf":{"@id":"https:\/\/dlslawfirm.com\/es\/#website"},"primaryImageOfPage":{"@id":"https:\/\/dlslawfirm.com\/es\/abogado-de-lesiones-personales-en-aurora\/abogado-de-accidentes-de-coche-en-aurora\/#primaryimage"},"image":{"@id":"https:\/\/dlslawfirm.com\/es\/abogado-de-lesiones-personales-en-aurora\/abogado-de-accidentes-de-coche-en-aurora\/#primaryimage"},"thumbnailUrl":"https:\/\/dlslawfirm.com\/es\/wp-content\/uploads\/sites\/2\/2020\/11\/car-accident.jpg","datePublished":"2021-11-24T07:01:46+00:00","description":"Cada accidente de coche en Aurora, CO, as\u00ed como los de todo el estado, es \u00fanico. Nuestros abogados est\u00e1n dispuestos a ayudarte, llama ahora gratis.","breadcrumb":{"@id":"https:\/\/dlslawfirm.com\/es\/abogado-de-lesiones-personales-en-aurora\/abogado-de-accidentes-de-coche-en-aurora\/#breadcrumb"},"inLanguage":"es","potentialAction":[{"@type":"ReadAction","target":["https:\/\/dlslawfirm.com\/es\/abogado-de-lesiones-personales-en-aurora\/abogado-de-accidentes-de-coche-en-aurora\/"]}]},{"@type":"ImageObject","inLanguage":"es","@id":"https:\/\/dlslawfirm.com\/es\/abogado-de-lesiones-personales-en-aurora\/abogado-de-accidentes-de-coche-en-aurora\/#primaryimage","url":"https:\/\/dlslawfirm.com\/es\/wp-content\/uploads\/sites\/2\/2020\/11\/car-accident.jpg","contentUrl":"https:\/\/dlslawfirm.com\/es\/wp-content\/uploads\/sites\/2\/2020\/11\/car-accident.jpg","width":1000,"height":667,"caption":"denver-uber-accident"},{"@type":"BreadcrumbList","@id":"https:\/\/dlslawfirm.com\/es\/abogado-de-lesiones-personales-en-aurora\/abogado-de-accidentes-de-coche-en-aurora\/#breadcrumb","itemListElement":[{"@type":"ListItem","position":1,"name":"Home","item":"https:\/\/dlslawfirm.com\/es\/"},{"@type":"ListItem","position":2,"name":"Abogado de lesiones personales en Aurora","item":"https:\/\/dlslawfirm.com\/es\/abogado-de-lesiones-personales-en-aurora\/"},{"@type":"ListItem","position":3,"name":"Abogado de accidentes de coche en Aurora"}]},{"@type":"WebSite","@id":"https:\/\/dlslawfirm.com\/es\/#website","url":"https:\/\/dlslawfirm.com\/es\/","name":"Law Offices of Dianne Sawaya LLC- En Espanol","description":"","potentialAction":[{"@type":"SearchAction","target":{"@type":"EntryPoint","urlTemplate":"https:\/\/dlslawfirm.com\/es\/?s={search_term_string}"},"query-input":{"@type":"PropertyValueSpecification","valueRequired":true,"valueName":"search_term_string"}}],"inLanguage":"es"}]}},"_links":{"self":[{"href":"https:\/\/dlslawfirm.com\/es\/wp-json\/wp\/v2\/pages\/6893","targetHints":{"allow":["GET"]}}],"collection":[{"href":"https:\/\/dlslawfirm.com\/es\/wp-json\/wp\/v2\/pages"}],"about":[{"href":"https:\/\/dlslawfirm.com\/es\/wp-json\/wp\/v2\/types\/page"}],"author":[{"embeddable":true,"href":"https:\/\/dlslawfirm.com\/es\/wp-json\/wp\/v2\/users\/2"}],"replies":[{"embeddable":true,"href":"https:\/\/dlslawfirm.com\/es\/wp-json\/wp\/v2\/comments?post=6893"}],"version-history":[{"count":0,"href":"https:\/\/dlslawfirm.com\/es\/wp-json\/wp\/v2\/pages\/6893\/revisions"}],"up":[{"embeddable":true,"href":"https:\/\/dlslawfirm.com\/es\/wp-json\/wp\/v2\/pages\/6886"}],"wp:featuredmedia":[{"embeddable":true,"href":"https:\/\/dlslawfirm.com\/es\/wp-json\/wp\/v2\/media\/7290"}],"wp:attachment":[{"href":"https:\/\/dlslawfirm.com\/es\/wp-json\/wp\/v2\/media?parent=6893"}],"wp:term":[{"taxonomy":"post_tag","embeddable":true,"href":"https:\/\/dlslawfirm.com\/es\/wp-json\/wp\/v2\/tags?post=6893"}],"curies":[{"name":"wp","href":"https:\/\/api.w.org\/{rel}","templated":true}]}}