{"id":6890,"date":"2022-02-11T08:52:24","date_gmt":"2022-02-11T08:52:24","guid":{"rendered":"https:\/\/dlslawfirm.com\/abogado-de-lesiones-personales-en-lakewood\/"},"modified":"2022-02-11T08:52:24","modified_gmt":"2022-02-11T08:52:24","slug":"abogado-de-lesiones-personales-en-lakewood","status":"publish","type":"page","link":"https:\/\/dlslawfirm.com\/es\/abogado-de-lesiones-personales-en-lakewood\/","title":{"rendered":"Abogado de lesiones personales en Lakewood"},"content":{"rendered":"<h2>Abogado de Lesiones Personales en Lakewood, Colorado<\/h2>\n<p><span style=\"font-weight: 400\">Un caso de lesiones personales se produce cuando un individuo resulta lesionado como consecuencia de la negligencia de otro individuo o de una entidad o empresa. Cuando una lesi\u00f3n personal provoca la muerte, se denomina homicidio culposo. En 2019, el  <\/span><a href=\"https:\/\/injuryfacts.nsc.org\/all-injuries\/overview\/?utm_campaign=Injury+Facts&amp;utm_source=adwords&amp;utm_term=&amp;utm_medium=ppc&amp;hsa_cam=244859199&amp;hsa_ad=558406966965&amp;hsa_net=adwords&amp;hsa_acc=3965156914&amp;hsa_grp=129923985798&amp;hsa_tgt=dsa-1457145885509&amp;hsa_ver=3&amp;hsa_src=g&amp;hsa_kw=&amp;hsa_mt=b&amp;gclid=Cj0KCQiAhMOMBhDhARIsAPVml-EH3Lkff7F0dDwdJFnEHjmJmxfaCWLNGS8QjwQm35cDJ6F5nZ2g-6caAtX7EALw_wcB\" target=\"_blank\" rel=\"noopener\"><span style=\"font-weight: 400\">Consejo de Seguridad Nacional<\/span><\/a><span style=\"font-weight: 400\">  inform\u00f3 de 173.040 muertes evitables relacionadas con lesiones. Cualquiera de estas muertes evitables, causadas por la negligencia de otro, podr\u00eda considerarse homicidio culposo. Las lesiones por negligencia ajena son mucho m\u00e1s frecuentes de lo que crees. Las lesiones personales pueden deberse a accidentes de tr\u00e1fico, accidentes de la construcci\u00f3n, negligencias m\u00e9dicas, resbalones y ca\u00eddas, etc. Si eres v\u00edctima de una lesi\u00f3n personal, podr\u00edas beneficiarte de ponerte en contacto con un abogado de lesiones personales de Lakewood, CO, lo antes posible.<\/span><\/p>\n<p><span style=\"font-weight: 400\">Tras una lesi\u00f3n causada por la negligencia de otra persona o entidad, tus lesiones podr\u00edan ser lo bastante graves como para que no puedas volver al trabajo. Si es as\u00ed, puede que tengas dificultades para pagar tus gastos mensuales y cuidar de ti y de tu familia. Si la compa\u00f1\u00eda de seguros de la parte culpable te da largas o te ofrece un acuerdo que no te devolver\u00e1 a donde estabas antes del accidente, necesitas asistencia jur\u00eddica experimentada. Rara vez es buena idea intentar tramitar una demanda por lesiones personales por tu cuenta.  <\/span><\/p>\n[cta_interior title=&#8221;CTA Interior&#8221;]\n<p><span style=\"font-weight: 400\">Necesitas un abogado experto en lesiones personales de Lakewood, CO, del <a href=\"https:\/\/dlslawfirm.com\/our-team\/\">bufete de Dianne Sawaya<\/a>. Dianne y su equipo jur\u00eddico est\u00e1n altamente cualificados, son compasivos y est\u00e1n bien informados. Esperamos que nos des la oportunidad de guiarte en este dif\u00edcil momento. Podemos quitarte una gran carga de trabajo, encarg\u00e1ndonos de todas las negociaciones con la compa\u00f1\u00eda de seguros mientras t\u00fa te tomas tu tiempo para curarte.  <\/span><\/p>\n<p><span data-mce-type=\"bookmark\" style=\"width: 0px;overflow: hidden;line-height: 0\" class=\"mce_SELRES_start\"><\/span><\/p>\n<h2>\u00bfPor qu\u00e9 elegir a <a href=\"https:\/\/dlslawfirm.com\/attorneys\/dianne-sawaya-principal-personal-injury-attorney\/\">Dianne Sawaya, abogada de lesiones personales<\/a> de Lakewood, CO?<\/h2>\n<p><span style=\"font-weight: 400\">Dianne Sawaya comprende lo traum\u00e1tico que puede resultar sufrir lesiones por un accidente que no fue culpa tuya. Puedes tener lesiones que tarden semanas o meses en curarse, o tus lesiones pueden tardar a\u00f1os, o incluso toda la vida, en curarse. Dianne comprende tus sentimientos de ansiedad, frustraci\u00f3n e incluso ira por tu situaci\u00f3n actual y quiere ayudarte a encarrilar tu vida. Dianne y su equipo legal ofrecen un nivel de compromiso pocas veces visto y esperan que consideres lo siguiente si necesitas un abogado de lesiones personales en Lakewood, CO:<\/span><\/p>\n<ul>\n<li style=\"font-weight: 400\"><span style=\"font-weight: 400\">Te ayudaremos agresivamente a conseguir el tratamiento o tratamientos m\u00e9dicos que necesitas para que tu vida vuelva a la normalidad.  <\/span><\/li>\n<li style=\"font-weight: 400\"><span style=\"font-weight: 400\">Nuestro objetivo es siempre maximizar tu acuerdo, ayud\u00e1ndote a obtener la ayuda econ\u00f3mica que necesitas y mereces.  <\/span><\/li>\n<li style=\"font-weight: 400\"><span style=\"font-weight: 400\">Tenemos m\u00e1s de 200 rese\u00f1as positivas en Google, adem\u00e1s de decenas de clientes satisfechos.  <\/span><\/li>\n<li style=\"font-weight: 400\"><span style=\"font-weight: 400\">Si no conseguimos llegar a un acuerdo en tu nombre, no nos deber\u00e1s nada.  <\/span><\/li>\n<li style=\"font-weight: 400\"><span style=\"font-weight: 400\">Ofrecemos una consulta que siempre es gratuita.  <\/span><\/li>\n<\/ul>\n<h2>\u00bfCu\u00e1les son otros tipos m\u00e1s comunes de demandas por lesiones personales?<\/h2>\n<p><span style=\"font-weight: 400\">Los <a href=\"https:\/\/dlslawfirm.com\/personal-injury\/lakewood-co-personal-injury-attorney\/lakewood-co-car-accident-attorney\/\">accidentes de tr\u00e1fico<\/a> son la mayor causa de demandas por lesiones personales, sin embargo, hay muchos otros accidentes que tambi\u00e9n pueden dar lugar a una demanda por lesiones personales, entre ellos<\/span><\/p>\n<ul>\n<li style=\"font-weight: 400\"><span style=\"font-weight: 400\">Accidentes por <a href=\"https:\/\/dlslawfirm.com\/personal-injury\/slip-and-fall-injury-attorney\/\">resbalones y ca\u00eddas<\/a> y otros accidentes de responsabilidad de los locales<\/span><\/li>\n<li style=\"font-weight: 400\"><span style=\"font-weight: 400\">Lesiones derivadas de un producto defectuoso, que dan lugar a una reclamaci\u00f3n de responsabilidad por productos defectuosos<\/span><\/li>\n<li style=\"font-weight: 400\"><span style=\"font-weight: 400\">Reclamaciones por negligencia m\u00e9dica<\/span><\/li>\n<li style=\"font-weight: 400\"><span style=\"font-weight: 400\">Reclamaciones por homicidio culposo<\/span><\/li>\n<li style=\"font-weight: 400\"><span style=\"font-weight: 400\"><a href=\"https:\/\/dlslawfirm.com\/personal-injury\/nursing-home-abuse-attorney\/\">Abuso<\/a> y negligencia <a href=\"https:\/\/dlslawfirm.com\/personal-injury\/nursing-home-abuse-attorney\/\">en residencias de ancianos<\/a> <\/span><\/li>\n<li style=\"font-weight: 400\"><span style=\"font-weight: 400\">Accidentes de aviaci\u00f3n y navegaci\u00f3n<\/span><\/li>\n<li style=\"font-weight: 400\"><span style=\"font-weight: 400\"><a href=\"https:\/\/dlslawfirm.com\/personal-injury\/dog-bite-lawyer\/\">Mordeduras de perro<\/a> y mordeduras y agresiones de otros animales<\/span><\/li>\n<li style=\"font-weight: 400\"><span style=\"font-weight: 400\">Reclamaciones por accidentes en plataformas petrol\u00edferas<\/span><\/li>\n<li style=\"font-weight: 400\"><span style=\"font-weight: 400\">Reclamaciones por accidentes en obras de construcci\u00f3n<\/span><\/li>\n<li style=\"font-weight: 400\"><span style=\"font-weight: 400\">Reclamaciones por exposici\u00f3n a sustancias t\u00f3xicas como el amianto<\/span><\/li>\n<\/ul>\n<h2>\u00bfEs caro presentar una demanda por lesiones personales?<\/h2>\n<p><span style=\"font-weight: 400\">Nunca se insistir\u00e1 lo suficiente en que, en la mayor\u00eda de los casos de lesiones personales, tu abogado no cobra si tu demanda no prospera.  <\/span><\/p>\n<p><span style=\"font-weight: 400\">Entonces, cuando una demanda concluya con \u00e9xito, el cliente pagar\u00e1 los honorarios del abogado y los gastos del caso con la indemnizaci\u00f3n. Tambi\u00e9n es \u00fatil saber que las personas que est\u00e1n representadas legalmente tienen muchas m\u00e1s probabilidades de conseguir un acuerdo justo. Lucharemos duro por ti y por tu futuro, como lo har\u00edamos por los miembros de nuestra propia familia.  <\/span><\/p>\n<h3><b>\u00bfCu\u00e1nto vale mi caso?<\/b><\/h3>\n<p><span style=\"font-weight: 400\">Aunque cada demanda por lesiones personales es \u00fanica, tu abogado tiene la experiencia y los conocimientos necesarios para darte una buena idea de lo que podr\u00eda valer tu demanda. Antes de tomar esta determinaci\u00f3n, el abogado recopilar\u00e1 los historiales m\u00e9dicos relacionados, entre otras pruebas, para presentarlos a la compa\u00f1\u00eda de seguros y preparar las negociaciones. Tu abogado tendr\u00e1 un conocimiento s\u00f3lido de tus tratamientos m\u00e9dicos, tu estado de salud actual y el pron\u00f3stico para tu futuro.  <\/span><\/p>\n<p><span style=\"font-weight: 400\">Tu abogado tambi\u00e9n habr\u00e1 realizado una investigaci\u00f3n exhaustiva de tu accidente. Se tendr\u00e1 en cuenta el impacto que el accidente ha tenido en tu capacidad para ganarte la vida, as\u00ed como los estragos que el accidente ha causado en tu vida personal. Teniendo en cuenta todas estas cuestiones juntas, tu abogado de lesiones personales deber\u00eda poder darte una estimaci\u00f3n aproximada de lo que vale tu caso.  <\/span><\/p>\n<h2>\u00bfPuede resolverse mi reclamaci\u00f3n sin presentar una demanda?<\/h2>\n<p><span style=\"font-weight: 400\">La inmensa mayor\u00eda de las demandas por lesiones personales se resuelven mediante negociaciones entre tu abogado y la compa\u00f1\u00eda de seguros del demandado. Aunque tu abogado de lesiones personales es sin duda un negociador muy h\u00e1bil, puede haber casos en que la <a href=\"https:\/\/dlslawfirm.com\/client-stories\/colorado-car-accident-uninsured-motorist\/\">compa\u00f1\u00eda de seguros simplemente se niegue a pagar<\/a> lo que vale tu reclamaci\u00f3n. Si esto ocurre, un abogado del Bufete de Dianne Sawaya presentar\u00e1 una demanda en tu nombre. Hasta que llegue el veredicto del jurado, la compa\u00f1\u00eda de seguros puede ofrecer una cantidad para llegar a un acuerdo.  <\/span><\/p>\n<p><span style=\"font-weight: 400\">Si la compa\u00f1\u00eda de seguros ve que el jurado no parece estar a su favor, probablemente ofrecer\u00e1 un acuerdo. De lo contrario, el caso ir\u00e1 a juicio, y un jurado determinar\u00e1 la indemnizaci\u00f3n que tienes derecho a recibir. Si se resuelve tu reclamaci\u00f3n, deber\u00edas recibir un cheque en cuesti\u00f3n de semanas. Si tu caso va a juicio y el jurado determina el importe del acuerdo, recibir\u00e1s el cheque en cuesti\u00f3n de semanas a partir del momento en que el jurado emita su veredicto.  <\/span><\/p>\n<h2>\u00bfCu\u00e1l es el proceso de reclamaci\u00f3n por lesiones personales en Lakewood, Colorado?<\/h2>\n<p><span style=\"font-weight: 400\">Si eres v\u00edctima de un da\u00f1o personal, debido a la negligencia de otra persona o entidad, corresponder\u00e1 a tu abogado (no a ti) demostrar claramente que el demandado te deb\u00eda lo que se conoce como deber de diligencia. Por ejemplo, una vez que tienes permiso de conducir, se te impone el deber de cuidar de los dem\u00e1s conductores y de sus pasajeros. Debes respetar todas las normas de tr\u00e1fico y velar cuidadosamente por la seguridad de los dem\u00e1s. Si la parte negligente te deb\u00eda un deber de diligencia, debe determinarse a continuaci\u00f3n que incumpli\u00f3 ese deber en el accidente que caus\u00f3 tus lesiones.  <\/span><\/p>\n<p><span style=\"font-weight: 400\">Un incumplimiento del deber de diligencia puede incluir que otro conductor se salte un sem\u00e1foro en rojo, que el propietario de un inmueble no tape un agujero en la propiedad (o no ponga una se\u00f1al de advertencia sobre el peligro), o que un fabricante de medicamentos venda un f\u00e1rmaco que sab\u00eda que era potencialmente peligroso. Si exist\u00eda un deber de diligencia y ese deber se incumpli\u00f3, entonces debe determinarse si sufriste lesiones como consecuencia de ese incumplimiento del deber. Si has sufrido lesiones, el siguiente paso es determinar si esas lesiones han dado lugar a da\u00f1os y perjuicios, es decir, si te han ocasionado gastos m\u00e9dicos, p\u00e9rdida de salario, etc.  <\/span><\/p>\n<p><span style=\"font-weight: 400\">Una vez que tu abogado haya completado la investigaci\u00f3n de tu accidente, reunido pruebas y hablado con los testigos, determinar\u00e1 la cuant\u00eda de tus da\u00f1os actuales y futuros. Entonces tendr\u00e1n lugar las negociaciones con la compa\u00f1\u00eda de seguros, mientras tu abogado trabaja para conseguir un acuerdo equitativo en tu nombre. Si aceptas el acuerdo negociado, deber\u00edas recibir un cheque a las pocas semanas de firmar el papeleo. En este punto, el asunto est\u00e1 cerrado.  <\/span><\/p>\n<p><span style=\"font-weight: 400\">Si no se llega a un acuerdo, tu caso ir\u00e1 a juicio. Hasta que el jurado tome una decisi\u00f3n, todav\u00eda se puede llegar a un acuerdo. Si no hay acuerdo, tu abogado defender\u00e1 tu caso ante el jurado. Ofrecer\u00e1 pruebas y traer\u00e1 a expertos cuando sea necesario. Si te impones, deber\u00edas recibir un cheque en unas seis semanas, igual que con un acuerdo negociado.  <\/span><\/p>\n<h2>\u00bfC\u00f3mo puede ayudarte el bufete de Dianne Sawaya con tu demanda por lesiones personales en Lakewood, CO?<\/h2>\n<p><span style=\"font-weight: 400\">La abogada Dianne Sawaya y su experimentado equipo legal trabajar\u00e1n duro en tu nombre para asegurarse de que comprendes perfectamente el proceso y de que recibes una indemnizaci\u00f3n justa que cubra tus gastos y el dolor y sufrimiento relacionados con el accidente. Tener a tu lado al Bufete de Dianne Sawaya puede marcar una diferencia significativa en el resultado de tu demanda por lesiones personales. Se adoptar\u00e1 un enfoque altamente personalizado para tu reclamaci\u00f3n por lesiones personales, y tratar\u00e1s con abogados y personal compasivos, experimentados y muy respetados. En el Bufete de Dianne Sawaya luchamos por ti, por tus derechos y por tu futuro.  <\/span><a href=\"https:\/\/dlslawfirm.com\/contact-us\/\"><br \/>\n  <span style=\"font-weight: 400\">Ponte en contacto con<\/span><br \/>\n<\/a><span style=\"font-weight: 400\"> \u00a1los abogados de lesiones personales del Bufete de Dianne Sawaya hoy mismo! <\/span> <\/p>\n<p><span style=\"font-weight: 400\"> <\/span><\/p>\n","protected":false},"excerpt":{"rendered":"<p>Abogado de Lesiones Personales en Lakewood, Colorado Un caso de lesiones personales se produce cuando un individuo resulta lesionado como consecuencia de la negligencia de otro individuo o de una entidad o empresa. Cuando una lesi\u00f3n personal provoca la muerte, se denomina homicidio culposo. En 2019, el Consejo de Seguridad Nacional inform\u00f3 de 173.040 muertes&#8230;<\/p>\n","protected":false},"author":2,"featured_media":7297,"parent":0,"menu_order":11,"comment_status":"closed","ping_status":"closed","template":"","meta":{"_acf_changed":false,"footnotes":""},"tags":[],"class_list":["post-6890","page","type-page","status-publish","has-post-thumbnail","hentry"],"acf":[],"yoast_head":"<!-- This site is optimized with the Yoast SEO plugin v27.3 - https:\/\/yoast.com\/product\/yoast-seo-wordpress\/ -->\n<title>Abogado de lesiones personales en Lakewood - Law Offices of Dianne Sawaya LLC- En Espanol<\/title>\n<meta name=\"description\" content=\"Necesitas un abogado altamente cualificado, compasivo y experto en lesiones personales de Lakewood, CO, del bufete de Dianne Sawaya.\" \/>\n<meta name=\"robots\" content=\"index, follow, max-snippet:-1, max-image-preview:large, max-video-preview:-1\" \/>\n<link rel=\"canonical\" href=\"https:\/\/dlslawfirm.com\/es\/abogado-de-lesiones-personales-en-lakewood\/\" \/>\n<meta property=\"og:locale\" content=\"es_MX\" \/>\n<meta property=\"og:type\" content=\"article\" \/>\n<meta property=\"og:title\" content=\"Abogado de lesiones personales en Lakewood - Law Offices of Dianne Sawaya LLC- En Espanol\" \/>\n<meta property=\"og:description\" content=\"Necesitas un abogado altamente cualificado, compasivo y experto en lesiones personales de Lakewood, CO, del bufete de Dianne Sawaya.\" \/>\n<meta property=\"og:url\" content=\"https:\/\/dlslawfirm.com\/es\/abogado-de-lesiones-personales-en-lakewood\/\" \/>\n<meta property=\"og:site_name\" content=\"Law Offices of Dianne Sawaya LLC- En Espanol\" \/>\n<meta property=\"og:image\" content=\"https:\/\/dlslawfirm.com\/es\/wp-content\/uploads\/sites\/2\/2022\/06\/lakewood.jpg\" \/>\n\t<meta property=\"og:image:width\" content=\"1600\" \/>\n\t<meta property=\"og:image:height\" content=\"1048\" \/>\n\t<meta property=\"og:image:type\" content=\"image\/jpeg\" \/>\n<meta name=\"twitter:card\" content=\"summary_large_image\" \/>\n<meta name=\"twitter:label1\" content=\"Est. reading time\" \/>\n\t<meta name=\"twitter:data1\" content=\"8 minutos\" \/>\n<script type=\"application\/ld+json\" class=\"yoast-schema-graph\">{\"@context\":\"https:\\\/\\\/schema.org\",\"@graph\":[{\"@type\":\"WebPage\",\"@id\":\"https:\\\/\\\/dlslawfirm.com\\\/es\\\/abogado-de-lesiones-personales-en-lakewood\\\/\",\"url\":\"https:\\\/\\\/dlslawfirm.com\\\/es\\\/abogado-de-lesiones-personales-en-lakewood\\\/\",\"name\":\"Abogado de lesiones personales en Lakewood - Law Offices of Dianne Sawaya LLC- En Espanol\",\"isPartOf\":{\"@id\":\"https:\\\/\\\/dlslawfirm.com\\\/es\\\/#website\"},\"primaryImageOfPage\":{\"@id\":\"https:\\\/\\\/dlslawfirm.com\\\/es\\\/abogado-de-lesiones-personales-en-lakewood\\\/#primaryimage\"},\"image\":{\"@id\":\"https:\\\/\\\/dlslawfirm.com\\\/es\\\/abogado-de-lesiones-personales-en-lakewood\\\/#primaryimage\"},\"thumbnailUrl\":\"https:\\\/\\\/dlslawfirm.com\\\/es\\\/wp-content\\\/uploads\\\/sites\\\/2\\\/2022\\\/06\\\/lakewood.jpg\",\"datePublished\":\"2022-02-11T08:52:24+00:00\",\"description\":\"Necesitas un abogado altamente cualificado, compasivo y experto en lesiones personales de Lakewood, CO, del bufete de Dianne Sawaya.\",\"breadcrumb\":{\"@id\":\"https:\\\/\\\/dlslawfirm.com\\\/es\\\/abogado-de-lesiones-personales-en-lakewood\\\/#breadcrumb\"},\"inLanguage\":\"es\",\"potentialAction\":[{\"@type\":\"ReadAction\",\"target\":[\"https:\\\/\\\/dlslawfirm.com\\\/es\\\/abogado-de-lesiones-personales-en-lakewood\\\/\"]}]},{\"@type\":\"ImageObject\",\"inLanguage\":\"es\",\"@id\":\"https:\\\/\\\/dlslawfirm.com\\\/es\\\/abogado-de-lesiones-personales-en-lakewood\\\/#primaryimage\",\"url\":\"https:\\\/\\\/dlslawfirm.com\\\/es\\\/wp-content\\\/uploads\\\/sites\\\/2\\\/2022\\\/06\\\/lakewood.jpg\",\"contentUrl\":\"https:\\\/\\\/dlslawfirm.com\\\/es\\\/wp-content\\\/uploads\\\/sites\\\/2\\\/2022\\\/06\\\/lakewood.jpg\",\"width\":1600,\"height\":1048,\"caption\":\"View of tree branches\"},{\"@type\":\"BreadcrumbList\",\"@id\":\"https:\\\/\\\/dlslawfirm.com\\\/es\\\/abogado-de-lesiones-personales-en-lakewood\\\/#breadcrumb\",\"itemListElement\":[{\"@type\":\"ListItem\",\"position\":1,\"name\":\"Home\",\"item\":\"https:\\\/\\\/dlslawfirm.com\\\/es\\\/\"},{\"@type\":\"ListItem\",\"position\":2,\"name\":\"Abogado de lesiones personales en Lakewood\"}]},{\"@type\":\"WebSite\",\"@id\":\"https:\\\/\\\/dlslawfirm.com\\\/es\\\/#website\",\"url\":\"https:\\\/\\\/dlslawfirm.com\\\/es\\\/\",\"name\":\"Law Offices of Dianne Sawaya LLC- En Espanol\",\"description\":\"\",\"potentialAction\":[{\"@type\":\"SearchAction\",\"target\":{\"@type\":\"EntryPoint\",\"urlTemplate\":\"https:\\\/\\\/dlslawfirm.com\\\/es\\\/?s={search_term_string}\"},\"query-input\":{\"@type\":\"PropertyValueSpecification\",\"valueRequired\":true,\"valueName\":\"search_term_string\"}}],\"inLanguage\":\"es\"}]}<\/script>\n<!-- \/ Yoast SEO plugin. -->","yoast_head_json":{"title":"Abogado de lesiones personales en Lakewood - Law Offices of Dianne Sawaya LLC- En Espanol","description":"Necesitas un abogado altamente cualificado, compasivo y experto en lesiones personales de Lakewood, CO, del bufete de Dianne Sawaya.","robots":{"index":"index","follow":"follow","max-snippet":"max-snippet:-1","max-image-preview":"max-image-preview:large","max-video-preview":"max-video-preview:-1"},"canonical":"https:\/\/dlslawfirm.com\/es\/abogado-de-lesiones-personales-en-lakewood\/","og_locale":"es_MX","og_type":"article","og_title":"Abogado de lesiones personales en Lakewood - Law Offices of Dianne Sawaya LLC- En Espanol","og_description":"Necesitas un abogado altamente cualificado, compasivo y experto en lesiones personales de Lakewood, CO, del bufete de Dianne Sawaya.","og_url":"https:\/\/dlslawfirm.com\/es\/abogado-de-lesiones-personales-en-lakewood\/","og_site_name":"Law Offices of Dianne Sawaya LLC- En Espanol","og_image":[{"width":1600,"height":1048,"url":"https:\/\/dlslawfirm.com\/es\/wp-content\/uploads\/sites\/2\/2022\/06\/lakewood.jpg","type":"image\/jpeg"}],"twitter_card":"summary_large_image","twitter_misc":{"Est. reading time":"8 minutos"},"schema":{"@context":"https:\/\/schema.org","@graph":[{"@type":"WebPage","@id":"https:\/\/dlslawfirm.com\/es\/abogado-de-lesiones-personales-en-lakewood\/","url":"https:\/\/dlslawfirm.com\/es\/abogado-de-lesiones-personales-en-lakewood\/","name":"Abogado de lesiones personales en Lakewood - Law Offices of Dianne Sawaya LLC- En Espanol","isPartOf":{"@id":"https:\/\/dlslawfirm.com\/es\/#website"},"primaryImageOfPage":{"@id":"https:\/\/dlslawfirm.com\/es\/abogado-de-lesiones-personales-en-lakewood\/#primaryimage"},"image":{"@id":"https:\/\/dlslawfirm.com\/es\/abogado-de-lesiones-personales-en-lakewood\/#primaryimage"},"thumbnailUrl":"https:\/\/dlslawfirm.com\/es\/wp-content\/uploads\/sites\/2\/2022\/06\/lakewood.jpg","datePublished":"2022-02-11T08:52:24+00:00","description":"Necesitas un abogado altamente cualificado, compasivo y experto en lesiones personales de Lakewood, CO, del bufete de Dianne Sawaya.","breadcrumb":{"@id":"https:\/\/dlslawfirm.com\/es\/abogado-de-lesiones-personales-en-lakewood\/#breadcrumb"},"inLanguage":"es","potentialAction":[{"@type":"ReadAction","target":["https:\/\/dlslawfirm.com\/es\/abogado-de-lesiones-personales-en-lakewood\/"]}]},{"@type":"ImageObject","inLanguage":"es","@id":"https:\/\/dlslawfirm.com\/es\/abogado-de-lesiones-personales-en-lakewood\/#primaryimage","url":"https:\/\/dlslawfirm.com\/es\/wp-content\/uploads\/sites\/2\/2022\/06\/lakewood.jpg","contentUrl":"https:\/\/dlslawfirm.com\/es\/wp-content\/uploads\/sites\/2\/2022\/06\/lakewood.jpg","width":1600,"height":1048,"caption":"View of tree branches"},{"@type":"BreadcrumbList","@id":"https:\/\/dlslawfirm.com\/es\/abogado-de-lesiones-personales-en-lakewood\/#breadcrumb","itemListElement":[{"@type":"ListItem","position":1,"name":"Home","item":"https:\/\/dlslawfirm.com\/es\/"},{"@type":"ListItem","position":2,"name":"Abogado de lesiones personales en Lakewood"}]},{"@type":"WebSite","@id":"https:\/\/dlslawfirm.com\/es\/#website","url":"https:\/\/dlslawfirm.com\/es\/","name":"Law Offices of Dianne Sawaya LLC- En Espanol","description":"","potentialAction":[{"@type":"SearchAction","target":{"@type":"EntryPoint","urlTemplate":"https:\/\/dlslawfirm.com\/es\/?s={search_term_string}"},"query-input":{"@type":"PropertyValueSpecification","valueRequired":true,"valueName":"search_term_string"}}],"inLanguage":"es"}]}},"_links":{"self":[{"href":"https:\/\/dlslawfirm.com\/es\/wp-json\/wp\/v2\/pages\/6890","targetHints":{"allow":["GET"]}}],"collection":[{"href":"https:\/\/dlslawfirm.com\/es\/wp-json\/wp\/v2\/pages"}],"about":[{"href":"https:\/\/dlslawfirm.com\/es\/wp-json\/wp\/v2\/types\/page"}],"author":[{"embeddable":true,"href":"https:\/\/dlslawfirm.com\/es\/wp-json\/wp\/v2\/users\/2"}],"replies":[{"embeddable":true,"href":"https:\/\/dlslawfirm.com\/es\/wp-json\/wp\/v2\/comments?post=6890"}],"version-history":[{"count":0,"href":"https:\/\/dlslawfirm.com\/es\/wp-json\/wp\/v2\/pages\/6890\/revisions"}],"wp:featuredmedia":[{"embeddable":true,"href":"https:\/\/dlslawfirm.com\/es\/wp-json\/wp\/v2\/media\/7297"}],"wp:attachment":[{"href":"https:\/\/dlslawfirm.com\/es\/wp-json\/wp\/v2\/media?parent=6890"}],"wp:term":[{"taxonomy":"post_tag","embeddable":true,"href":"https:\/\/dlslawfirm.com\/es\/wp-json\/wp\/v2\/tags?post=6890"}],"curies":[{"name":"wp","href":"https:\/\/api.w.org\/{rel}","templated":true}]}}